{"id":929,"date":"2011-03-21T21:24:00","date_gmt":"2011-03-21T21:24:00","guid":{"rendered":"http:\/\/adviahost.com\/~briskman\/?page_id=165"},"modified":"2024-03-20T05:54:19","modified_gmt":"2024-03-20T05:54:19","slug":"centro-de-compensacion-de-trabajadores","status":"publish","type":"page","link":"https:\/\/www.briskmanandbriskman.com\/es\/information-centers\/workers-compensation-center\/","title":{"rendered":"Chicago Centro de Indemnizaci\u00f3n de los Trabajadores"},"content":{"rendered":"<h4>Valoraci\u00f3n de T.V.<\/h4><p>\"Recomiendo encarecidamente BB&amp;G... \u00a1Le dar\u00eda 10 estrellas si pudiera!\".<\/p>\n\t\t\t\t<h4>Valoraci\u00f3n de G.V.<\/h4><p>\"\u00a1Estoy muy contenta con la representaci\u00f3n de BB&amp;G!\".<\/p>\n\t\t\t\t<h4>Valoraci\u00f3n de M.S.<\/h4><p>\"Los abogados de BBG fueron excepcionales. El resultado fue mejor de lo que esper\u00e1bamos\".<\/p>\n\t\t\t\t<h4>Valoraci\u00f3n de R.G.<\/h4><p>\"Desde el momento en que contact\u00e9 con este bufete me trataron como de la familia\".<\/p>\n\t\t\t\t<h4>Valoraci\u00f3n de A.H.<\/h4><p>\"No podr\u00edamos estar m\u00e1s contentos con el resultado ni con el excelente servicio\".<\/p>\n\t\t\t\t<h4>Valoraci\u00f3n de V.A.<\/h4><p>\"Nos sentimos muy seguros y confiados con su representaci\u00f3n\".<\/p>\n\t\t\t\t<h4>Valoraci\u00f3n de J.P.<\/h4><p>\"Briskman Briskman &amp; Greenberg es una fuerza legal a tener en cuenta\".<\/p>\n\t\t\t\t<h4>Valoraci\u00f3n de T.Z.<\/h4><p>\"Estoy contento con c\u00f3mo han llevado mi caso y recomiendo llamarles\".<\/p>\n\t\t\t\t<h4>Valoraci\u00f3n de K.N.<\/h4><p>\"Proceso muy f\u00e1cil con la ayuda de estas incre\u00edbles personas. Resultado muy feliz\".<\/p>\n\n\t\t\t<a href=\"\" target=\"_self\" rel=\"noopener\">\n\t\t\t\t\t\t\tCONSULTA GRATUITA\n\t\t\t\t\t<\/a>\n<h1>\n\t\tCentro de Informaci\u00f3n sobre Indemnizaci\u00f3n por Accidentes Laborales\n\t<\/h1>\n\t\t\t\t<img loading=\"lazy\" decoding=\"async\" src=\"https:\/\/www.briskmanandbriskman.com\/wp-content\/uploads\/2023\/09\/risk-free.png\" alt=\"Sin gastos a menos que gane\" itemprop=\"image\" height=\"450\" width=\"450\" title=\"sin riesgo\" onerror=\"this.style.display='none'\"  \/>\n\t\t\t<a href=\"\" target=\"_self\" rel=\"noopener\">\n\t\t\t\t\t\t\tCONSULTA GRATUITA\n\t\t\t\t\t<\/a>\n<h4>\n\t\tM\u00e1s informaci\u00f3n\n\t<\/h4>\n<h5>\n\t\tRESPUESTAS A LAS PREGUNTAS M\u00c1S FRECUENTES\n\t<\/h5>\n<h3>\n\t\t<a href=\"https:\/\/www.briskmanandbriskman.com\/es\/centros-de-informacion\/centro-de-compensacion-de-trabajadores\/puedo-reclamar-una-indemnizacion-a-mi-empresario\/\" title=\"\u00bfPuedo reclamar una indemnizaci\u00f3n a mi empresa?\" target=\"_self\" rel=\"noopener\">\n\t\t\u00bfPuedo reclamar una indemnizaci\u00f3n a mi empresa?\n\t\t<\/a>\n\t<\/h3>\n\t<p>Si se ha lesionado en el trabajo o ha enfermado a causa de un peligro laboral, es muy probable que tenga una <a href=\"https:\/\/www.briskmanandbriskman.com\/es\/areas-de-practica\/indemnizacion-por-accidente-laboral\/\">reclamaci\u00f3n de indemnizaci\u00f3n por accidente laboral<\/a>. Todos los empresarios Illinois est\u00e1n obligados por ley a tener un seguro de compensaci\u00f3n de los trabajadores y a proporcionar prestaciones de compensaci\u00f3n de los trabajadores a los empleados lesionados.<\/p>\n\t\t\t<a href=\"https:\/\/www.briskmanandbriskman.com\/es\/centros-de-informacion\/centro-de-compensacion-de-trabajadores\/puedo-reclamar-una-indemnizacion-a-mi-empresario\/\" target=\"_self\" rel=\"noopener\">\n\t\t\t\t\t\t\tSeguir leyendo\n\t\t\t\t\t<\/a>\n<h3>\n\t\t<a href=\"https:\/\/www.briskmanandbriskman.com\/es\/centros-de-informacion\/centro-de-compensacion-de-trabajadores\/primeros-pasos\/\" title=\"\u00bfCu\u00e1les son los primeros pasos importantes tras una lesi\u00f3n o enfermedad laboral?\" target=\"_self\" rel=\"noopener\">\n\t\t\u00bfCu\u00e1les son los primeros pasos importantes tras una lesi\u00f3n o enfermedad laboral?\n\t\t<\/a>\n\t<\/h3>\n\t<p>\u00c9stos son los primeros pasos que debe dar cuando se lesiona o enferma en el trabajo:<\/p>\n<p>1. Informa inmediatamente a tu empresa de la lesi\u00f3n sufrida en el lugar de trabajo. Intenta preparar un informe escrito y consigue una copia para tus archivos.<\/p>\n\t\t\t<a href=\"https:\/\/www.briskmanandbriskman.com\/es\/centros-de-informacion\/centro-de-compensacion-de-trabajadores\/primeros-pasos\/\" target=\"_self\" rel=\"noopener\">\n\t\t\t\t\t\t\tSeguir leyendo\n\t\t\t\t\t<\/a>\n<h3>\n\t\t<a href=\"https:\/\/www.briskmanandbriskman.com\/es\/centros-de-informacion\/centro-de-compensacion-de-trabajadores\/que-prestaciones-de-indemnizacion-por-accidente-laboral-puedo-percibir\/\" title=\"\u00bfQu\u00e9 prestaciones de indemnizaci\u00f3n por accidente de trabajo puedo recibir?\" target=\"_self\" rel=\"noopener\">\n\t\t\u00bfQu\u00e9 prestaciones de indemnizaci\u00f3n por accidente de trabajo puedo recibir?\n\t\t<\/a>\n\t<\/h3>\n\t<p>Los trabajadores tienen derecho a estas prestaciones principales en virtud de las leyes de indemnizaci\u00f3n de los trabajadores Illinois: facturas m\u00e9dicas, incapacidad y rehabilitaci\u00f3n profesional.<\/p>\n\t\t\t<a href=\"https:\/\/www.briskmanandbriskman.com\/es\/centros-de-informacion\/centro-de-compensacion-de-trabajadores\/que-prestaciones-de-indemnizacion-por-accidente-laboral-puedo-percibir\/\" target=\"_self\" rel=\"noopener\">\n\t\t\t\t\t\t\tSeguir leyendo\n\t\t\t\t\t<\/a>\n<h3>\n\t\t<a href=\"https:\/\/www.briskmanandbriskman.com\/es\/estudio-sobre-la-indemnizacion-de-los-trabajadores\/\" title=\"Illinois Estudio sobre accidentes laborales\" target=\"_self\" rel=\"noopener\">\n\t\tIllinois Estudio sobre accidentes laborales\n\t\t<\/a>\n\t<\/h3>\n\t<p>Los accidentes laborales son una de las principales causas de lesiones y enfermedades en Illinois, especialmente en el \u00e1rea metropolitana de Chicago y sus alrededores. Tradicionalmente, el \u00fanico remedio para muchos empleados que se lesionaron en el trabajo era una reclamaci\u00f3n de indemnizaci\u00f3n de los trabajadores, sin embargo, los empleados lesionados pueden ser capaces de perseguir un caso de lesiones personales en ciertas situaciones.<\/p>\n\t\t\t<a href=\"https:\/\/www.briskmanandbriskman.com\/es\/estudio-sobre-la-indemnizacion-de-los-trabajadores\/\" target=\"_self\" rel=\"noopener\">\n\t\t\t\t\t\t\tSeguir leyendo\n\t\t\t\t\t<\/a>\n<h1>\n\t\tInfograf\u00eda sobre accidentes laborales\n\t<\/h1>\n\t\t\t<a href=\"https:\/\/www.briskmanandbriskman.com\/es\/infografia\/\" target=\"_self\" rel=\"noopener\">\n\t\t\t\t\t\t\tVer todas las infograf\u00edas\n\t\t\t\t\t<\/a>\n<h3>\n\t\tRecursos adicionales\n\t<\/h3>\n\t<ul class=\"list-pages-shortcode child-pages\"><li class=\"page_item page-item-1349\"><a href=\"https:\/\/www.briskmanandbriskman.com\/es\/information-centers\/workers-compensation-center\/can-i-pursue-a-workers-compensation-claim-against-my-employer\/\">\u00bfPuedo reclamar una indemnizaci\u00f3n a mi empresa?<\/a><\/li>\n<li class=\"page_item page-item-2338\"><a href=\"https:\/\/www.briskmanandbriskman.com\/es\/information-centers\/workers-compensation-center\/distracted-driving-must-be-considered-a-workplace-concern\/\">La conducci\u00f3n distra\u00edda debe considerarse un problema laboral<\/a><\/li>\n<li class=\"page_item page-item-2695\"><a href=\"https:\/\/www.briskmanandbriskman.com\/es\/information-centers\/workers-compensation-center\/six-things-you-should-know-about-workers-compensation-in-illinois\/\">Seis cosas que debe saber sobre la indemnizaci\u00f3n de los trabajadores en Illinois<\/a><\/li>\n<li class=\"page_item page-item-4098\"><a href=\"https:\/\/www.briskmanandbriskman.com\/es\/information-centers\/workers-compensation-center\/the-surprising-truth-about-illinois-construction-accidents\/\">La sorprendente verdad sobre los accidentes de la construcci\u00f3n Illinois<\/a><\/li>\n<li class=\"page_item page-item-1358\"><a href=\"https:\/\/www.briskmanandbriskman.com\/es\/information-centers\/workers-compensation-center\/first-steps\/\">\u00bfCu\u00e1les son los primeros pasos importantes tras una lesi\u00f3n o enfermedad laboral?<\/a><\/li>\n<li class=\"page_item page-item-1354\"><a href=\"https:\/\/www.briskmanandbriskman.com\/es\/information-centers\/workers-compensation-center\/what-types-of-injuries-are-covered-by-workers-compensation\/\">\u00bfQu\u00e9 tipos de lesiones cubre la indemnizaci\u00f3n por accidente laboral?<\/a><\/li>\n<li class=\"page_item page-item-1362\"><a href=\"https:\/\/www.briskmanandbriskman.com\/es\/information-centers\/workers-compensation-center\/what-workers-compensation-benefits-can-i-receive\/\">\u00bfQu\u00e9 prestaciones de indemnizaci\u00f3n por accidente de trabajo puedo recibir?<\/a><\/li>\n<\/ul>\n\t\t\t\t\t<img decoding=\"async\" src=\"https:\/\/i.vimeocdn.com\/video\/1354254810-7a09080773280237e975c168b0a97547ce61424bc63459bc5e4653e719fb38e1-d_840\" alt=\"vimeo-video-thumbnail\" title=\"\">","protected":false},"excerpt":{"rendered":"<p>Valoraci\u00f3n de T.V. \"Recomiendo encarecidamente BB&amp;G... \u00a1Le dar\u00eda 10 estrellas si pudiera!\" Evaluaci\u00f3n de G.V. \"\u00a1Estoy muy satisfecho con la representaci\u00f3n de BB&amp;G!\" Valoraci\u00f3n de M.S. \"Los abogados de BBG fueron excepcionales. El resultado fue mejor de lo que esper\u00e1bamos\". Rese\u00f1a de R.G. \"Desde el momento en que me puse en contacto con este bufete...<\/p>","protected":false},"author":1,"featured_media":11073,"parent":923,"menu_order":5,"comment_status":"closed","ping_status":"closed","template":"","meta":{"_acf_changed":false,"footnotes":""},"class_list":["post-929","page","type-page","status-publish","has-post-thumbnail","hentry"],"acf":[],"_links":{"self":[{"href":"https:\/\/www.briskmanandbriskman.com\/es\/wp-json\/wp\/v2\/pages\/929","targetHints":{"allow":["GET"]}}],"collection":[{"href":"https:\/\/www.briskmanandbriskman.com\/es\/wp-json\/wp\/v2\/pages"}],"about":[{"href":"https:\/\/www.briskmanandbriskman.com\/es\/wp-json\/wp\/v2\/types\/page"}],"author":[{"embeddable":true,"href":"https:\/\/www.briskmanandbriskman.com\/es\/wp-json\/wp\/v2\/users\/1"}],"replies":[{"embeddable":true,"href":"https:\/\/www.briskmanandbriskman.com\/es\/wp-json\/wp\/v2\/comments?post=929"}],"version-history":[{"count":3,"href":"https:\/\/www.briskmanandbriskman.com\/es\/wp-json\/wp\/v2\/pages\/929\/revisions"}],"predecessor-version":[{"id":12075,"href":"https:\/\/www.briskmanandbriskman.com\/es\/wp-json\/wp\/v2\/pages\/929\/revisions\/12075"}],"up":[{"embeddable":true,"href":"https:\/\/www.briskmanandbriskman.com\/es\/wp-json\/wp\/v2\/pages\/923"}],"wp:featuredmedia":[{"embeddable":true,"href":"https:\/\/www.briskmanandbriskman.com\/es\/wp-json\/wp\/v2\/media\/11073"}],"wp:attachment":[{"href":"https:\/\/www.briskmanandbriskman.com\/es\/wp-json\/wp\/v2\/media?parent=929"}],"curies":[{"name":"wp","href":"https:\/\/api.w.org\/{rel}","templated":true}]}}