{"id":927,"date":"2011-03-21T21:21:35","date_gmt":"2011-03-21T21:21:35","guid":{"rendered":"http:\/\/adviahost.com\/~briskman\/?page_id=161"},"modified":"2024-03-19T06:24:00","modified_gmt":"2024-03-19T06:24:00","slug":"centro-de-negligencias-medicas","status":"publish","type":"page","link":"https:\/\/www.briskmanandbriskman.com\/es\/information-centers\/medical-malpractice-center\/","title":{"rendered":"Chicago Centro de Negligencias M\u00e9dicas"},"content":{"rendered":"<h4>Valoraci\u00f3n de T.V.<\/h4><p>\"Recomiendo encarecidamente BB&amp;G... \u00a1Le dar\u00eda 10 estrellas si pudiera!\".<\/p>\n\t\t\t\t<h4>Valoraci\u00f3n de G.V.<\/h4><p>\"\u00a1Estoy muy contenta con la representaci\u00f3n de BB&amp;G!\".<\/p>\n\t\t\t\t<h4>Valoraci\u00f3n de M.S.<\/h4><p>\"Los abogados de BBG fueron excepcionales. El resultado fue mejor de lo que esper\u00e1bamos\".<\/p>\n\t\t\t\t<h4>Valoraci\u00f3n de R.G.<\/h4><p>\"Desde el momento en que contact\u00e9 con este bufete me trataron como de la familia\".<\/p>\n\t\t\t\t<h4>Valoraci\u00f3n de A.H.<\/h4><p>\"No podr\u00edamos estar m\u00e1s contentos con el resultado ni con el excelente servicio\".<\/p>\n\t\t\t\t<h4>Valoraci\u00f3n de V.A.<\/h4><p>\"Nos sentimos muy seguros y confiados con su representaci\u00f3n\".<\/p>\n\t\t\t\t<h4>Valoraci\u00f3n de J.P.<\/h4><p>\"Briskman Briskman &amp; Greenberg es una fuerza legal a tener en cuenta\".<\/p>\n\t\t\t\t<h4>Valoraci\u00f3n de T.Z.<\/h4><p>\"Estoy contento con c\u00f3mo han llevado mi caso y recomiendo llamarles\".<\/p>\n\t\t\t\t<h4>Valoraci\u00f3n de K.N.<\/h4><p>\"Proceso muy f\u00e1cil con la ayuda de estas incre\u00edbles personas. Resultado muy feliz\".<\/p>\n\n\t\t\t<a href=\"\" target=\"_self\" rel=\"noopener\">\n\t\t\t\t\t\t\tCONSULTA GRATUITA\n\t\t\t\t\t<\/a>\n<h1>\n\t\tChicago Centro de informaci\u00f3n sobre negligencias m\u00e9dicas\n\t<\/h1>\n\t\t\t\t<img loading=\"lazy\" decoding=\"async\" src=\"https:\/\/www.briskmanandbriskman.com\/wp-content\/uploads\/2023\/09\/risk-free.png\" alt=\"Sin gastos a menos que gane\" itemprop=\"image\" height=\"450\" width=\"450\" title=\"sin riesgo\" onerror=\"this.style.display='none'\"  \/>\n\t\t\t<a href=\"\" target=\"_self\" rel=\"noopener\">\n\t\t\t\t\t\t\tCONSULTA GRATUITA\n\t\t\t\t\t<\/a>\n<h4>\n\t\tM\u00e1s informaci\u00f3n\n\t<\/h4>\n<h5>\n\t\tRESPUESTAS A LAS PREGUNTAS M\u00c1S FRECUENTES\n\t<\/h5>\n<h3>\n\t\t<a href=\"https:\/\/www.briskmanandbriskman.com\/es\/centros-de-informacion\/centro-de-negligencias-medicas\/tengo-un-caso-de-negligencia-medica\/\" title=\"\u00bfTengo un caso de negligencia m\u00e9dica?\" target=\"_self\" rel=\"noopener\">\n\t\t\u00bfTengo un caso de negligencia m\u00e9dica?\n\t\t<\/a>\n\t<\/h3>\n\t<p>En la mayor\u00eda de los casos, la violaci\u00f3n de la norma de atenci\u00f3n se presenta al jurado a trav\u00e9s de un testimonio m\u00e9dico experto. Los peritos deben ser licenciados y tener experiencia en el mismo campo que el demandado. En algunos casos, la negligencia puede ser tan obvia que no sea necesario un perito, pero esto es muy poco habitual.<\/p>\n\t\t\t<a href=\"https:\/\/www.briskmanandbriskman.com\/es\/centros-de-informacion\/centro-de-negligencias-medicas\/tengo-un-caso-de-negligencia-medica\/\" target=\"_self\" rel=\"noopener\">\n\t\t\t\t\t\t\tSeguir leyendo\n\t\t\t\t\t<\/a>\n<h3>\n\t\t<a href=\"https:\/\/www.briskmanandbriskman.com\/es\/centros-de-informacion\/centro-de-negligencias-medicas\/que-ocurre-durante-un-juicio-por-negligencia-medica-en-illinois\/\" title=\"\u00bfQu\u00e9 sucede durante una demanda por negligencia m\u00e9dica en Illinois?\" target=\"_self\" rel=\"noopener\">\n\t\t\u00bfQu\u00e9 sucede durante una demanda por negligencia m\u00e9dica en Illinois?\n\t\t<\/a>\n\t<\/h3>\n\t<p>No todos los procedimientos m\u00e9dicos salen seg\u00fan lo previsto. Sin embargo, no todos los resultados desfavorables sirven de base para una demanda por negligencia m\u00e9dica. Por lo tanto, si usted ha sufrido lesiones o ha empeorado sus lesiones despu\u00e9s de recibir atenci\u00f3n m\u00e9dica, puede ser dif\u00edcil determinar si sus lesiones se debieron a la negligencia de un proveedor de atenci\u00f3n m\u00e9dica.<\/p>\n\t\t\t<a href=\"https:\/\/www.briskmanandbriskman.com\/es\/centros-de-informacion\/centro-de-negligencias-medicas\/que-ocurre-durante-un-juicio-por-negligencia-medica-en-illinois\/\" target=\"_self\" rel=\"noopener\">\n\t\t\t\t\t\t\tSeguir leyendo\n\t\t\t\t\t<\/a>\n<h1>\n\t\tInfograf\u00eda sobre negligencia m\u00e9dica\n\t<\/h1>\n\t\t\t<a href=\"https:\/\/www.briskmanandbriskman.com\/es\/infografia\/\" target=\"_self\" rel=\"noopener\">\n\t\t\t\t\t\t\tVer todas las infograf\u00edas\n\t\t\t\t\t<\/a>\n<h3>\n\t\tRecursos adicionales\n\t<\/h3>\n\t<ul class=\"list-pages-shortcode child-pages\"><li class=\"page_item page-item-2289\"><a href=\"https:\/\/www.briskmanandbriskman.com\/es\/information-centers\/medical-malpractice-center\/do-i-have-a-medical-malpractice-case\/\">\u00bfTengo un caso de negligencia m\u00e9dica?<\/a><\/li>\n<li class=\"page_item page-item-3668\"><a href=\"https:\/\/www.briskmanandbriskman.com\/es\/information-centers\/medical-malpractice-center\/medication-errors-are-more-common-than-you-may-think\/\">Los errores de medicaci\u00f3n son m\u00e1s frecuentes de lo que cree<\/a><\/li>\n<li class=\"page_item page-item-2390\"><a href=\"https:\/\/www.briskmanandbriskman.com\/es\/information-centers\/medical-malpractice-center\/most-common-types-of-birth-injuries\/\">Tipos m\u00e1s comunes de lesiones en el parto<\/a><\/li>\n<li class=\"page_item page-item-10283\"><a href=\"https:\/\/www.briskmanandbriskman.com\/es\/information-centers\/medical-malpractice-center\/what-happens-during-a-medical-malpractice-lawsuit-in-illinois\/\">\u00bfQu\u00e9 sucede durante una demanda por negligencia m\u00e9dica en Illinois?<\/a><\/li>\n<\/ul>\n\t\t\t\t<a href=\"https:\/\/www.briskmanandbriskman.com\/wp-content\/uploads\/2024\/03\/Briskman-PI-ebook_24.pdf\" target=\"_blank\" rel=\"noopener\" itemprop=\"url\">\n\t\t\t\t<img loading=\"lazy\" decoding=\"async\" src=\"https:\/\/www.briskmanandbriskman.com\/wp-content\/uploads\/2024\/03\/Briskman-PI-ebook_cover.jpg\" alt=\"Obtener justicia tras un da\u00f1o personal - Ebook\" itemprop=\"image\" height=\"2400\" width=\"1855\" title=\"Obtener justicia tras un da\u00f1o personal - Ebook\" onerror=\"this.style.display='none'\"  \/>\n\t\t\t\t<\/a>\n\t\t\t<a href=\"https:\/\/www.briskmanandbriskman.com\/wp-content\/uploads\/2024\/03\/Briskman-PI-ebook_24.pdf\" target=\"_self\" rel=\"noopener\">\n\t\t\t\t\t\t\tDescargar Ebook\n\t\t\t\t\t<\/a>","protected":false},"excerpt":{"rendered":"<p>Valoraci\u00f3n de T.V. \"Recomiendo encarecidamente BB&amp;G... \u00a1Le dar\u00eda 10 estrellas si pudiera!\" Evaluaci\u00f3n de G.V. \"\u00a1Estoy muy satisfecho con la representaci\u00f3n de BB&amp;G!\" Valoraci\u00f3n de M.S. \"Los abogados de BBG fueron excepcionales. El resultado fue mejor de lo que esper\u00e1bamos\". Rese\u00f1a de R.G. \"Desde el momento en que me puse en contacto con este bufete...<\/p>","protected":false},"author":1,"featured_media":10904,"parent":923,"menu_order":3,"comment_status":"closed","ping_status":"open","template":"","meta":{"_acf_changed":false,"footnotes":""},"class_list":["post-927","page","type-page","status-publish","has-post-thumbnail","hentry"],"acf":[],"_links":{"self":[{"href":"https:\/\/www.briskmanandbriskman.com\/es\/wp-json\/wp\/v2\/pages\/927","targetHints":{"allow":["GET"]}}],"collection":[{"href":"https:\/\/www.briskmanandbriskman.com\/es\/wp-json\/wp\/v2\/pages"}],"about":[{"href":"https:\/\/www.briskmanandbriskman.com\/es\/wp-json\/wp\/v2\/types\/page"}],"author":[{"embeddable":true,"href":"https:\/\/www.briskmanandbriskman.com\/es\/wp-json\/wp\/v2\/users\/1"}],"replies":[{"embeddable":true,"href":"https:\/\/www.briskmanandbriskman.com\/es\/wp-json\/wp\/v2\/comments?post=927"}],"version-history":[{"count":2,"href":"https:\/\/www.briskmanandbriskman.com\/es\/wp-json\/wp\/v2\/pages\/927\/revisions"}],"predecessor-version":[{"id":11962,"href":"https:\/\/www.briskmanandbriskman.com\/es\/wp-json\/wp\/v2\/pages\/927\/revisions\/11962"}],"up":[{"embeddable":true,"href":"https:\/\/www.briskmanandbriskman.com\/es\/wp-json\/wp\/v2\/pages\/923"}],"wp:featuredmedia":[{"embeddable":true,"href":"https:\/\/www.briskmanandbriskman.com\/es\/wp-json\/wp\/v2\/media\/10904"}],"wp:attachment":[{"href":"https:\/\/www.briskmanandbriskman.com\/es\/wp-json\/wp\/v2\/media?parent=927"}],"curies":[{"name":"wp","href":"https:\/\/api.w.org\/{rel}","templated":true}]}}