{"id":925,"date":"2011-03-18T12:06:31","date_gmt":"2011-03-18T12:06:31","guid":{"rendered":"http:\/\/adviahost.com\/~briskman\/?page_id=140"},"modified":"2024-04-13T21:10:34","modified_gmt":"2024-04-13T21:10:34","slug":"accidentes-de-trafico","status":"publish","type":"page","link":"https:\/\/www.briskmanandbriskman.com\/es\/information-centers\/car-accidents\/","title":{"rendered":"Chicago Centro de accidentes de tr\u00e1fico"},"content":{"rendered":"<h4>Valoraci\u00f3n de T.V.<\/h4><p>\"Recomiendo encarecidamente BB&amp;G... \u00a1Le dar\u00eda 10 estrellas si pudiera!\".<\/p>\n\t\t\t\t<h4>Valoraci\u00f3n de G.V.<\/h4><p>\"\u00a1Estoy muy contenta con la representaci\u00f3n de BB&amp;G!\".<\/p>\n\t\t\t\t<h4>Valoraci\u00f3n de M.S.<\/h4><p>\"Los abogados de BBG fueron excepcionales. El resultado fue mejor de lo que esper\u00e1bamos\".<\/p>\n\t\t\t\t<h4>Valoraci\u00f3n de R.G.<\/h4><p>\"Desde el momento en que contact\u00e9 con este bufete me trataron como de la familia\".<\/p>\n\t\t\t\t<h4>Valoraci\u00f3n de A.H.<\/h4><p>\"No podr\u00edamos estar m\u00e1s contentos con el resultado ni con el excelente servicio\".<\/p>\n\t\t\t\t<h4>Valoraci\u00f3n de V.A.<\/h4><p>\"Nos sentimos muy seguros y confiados con su representaci\u00f3n\".<\/p>\n\t\t\t\t<h4>Valoraci\u00f3n de J.P.<\/h4><p>\"Briskman Briskman &amp; Greenberg es una fuerza legal a tener en cuenta\".<\/p>\n\t\t\t\t<h4>Valoraci\u00f3n de T.Z.<\/h4><p>\"Estoy contento con c\u00f3mo han llevado mi caso y recomiendo llamarles\".<\/p>\n\t\t\t\t<h4>Valoraci\u00f3n de K.N.<\/h4><p>\"Proceso muy f\u00e1cil con la ayuda de estas incre\u00edbles personas. Resultado muy feliz\".<\/p>\n\n\t\t\t<a href=\"\" target=\"_self\" rel=\"noopener\">\n\t\t\t\t\t\t\tCONSULTA GRATUITA\n\t\t\t\t\t<\/a>\n<h1>\n\t\tChicago Centro de accidentes de tr\u00e1fico\n\t<\/h1>\n\t\t\t\t<img loading=\"lazy\" decoding=\"async\" src=\"https:\/\/www.briskmanandbriskman.com\/wp-content\/uploads\/2023\/09\/risk-free.png\" alt=\"Sin gastos a menos que gane\" itemprop=\"image\" height=\"450\" width=\"450\" title=\"sin riesgo\" onerror=\"this.style.display='none'\"  \/>\n\t\t\t<a href=\"\" target=\"_self\" rel=\"noopener\">\n\t\t\t\t\t\t\tCONSULTA GRATUITA\n\t\t\t\t\t<\/a>\n<h4>\n\t\tM\u00e1s informaci\u00f3n\n\t<\/h4>\n<h5>\n\t\tRESPUESTAS A LAS PREGUNTAS M\u00c1S FRECUENTES\n\t<\/h5>\n<h3>\n\t\t<a href=\"https:\/\/www.briskmanandbriskman.com\/es\/centros-de-informacion\/accidentes-de-trafico\/como-puedo-saber-si-tengo-una-demanda-por-accidente-de-trafico-2\/\" title=\"\u00bfC\u00f3mo s\u00e9 si tengo una demanda por accidente de tr\u00e1fico?\" target=\"_self\" rel=\"noopener\">\n\t\t\u00bfC\u00f3mo s\u00e9 si tengo una demanda por accidente de tr\u00e1fico?\n\t\t<\/a>\n\t<\/h3>\n\t<p>Si ha estado <a href=\"https:\/\/www.briskmanandbriskman.com\/es\/areas-de-practica\/abogados-de-accidentes-de-camiones-en-chicago-2\/\">herido en accidente de tr\u00e1fico<\/a> o ha sufrido la p\u00e9rdida de un familiar por la imprudencia de otra persona, probablemente se est\u00e9 preguntando si tiene derecho a reclamar una indemnizaci\u00f3n por accidente de tr\u00e1fico. Para obtener una indemnizaci\u00f3n econ\u00f3mica, debe demostrar tres cosas.<\/p>\n\t\t\t<a href=\"https:\/\/www.briskmanandbriskman.com\/es\/centros-de-informacion\/accidentes-de-trafico\/como-puedo-saber-si-tengo-una-demanda-por-accidente-de-trafico-2\/\" target=\"_self\" rel=\"noopener\">\n\t\t\t\t\t\t\tSeguir leyendo\n\t\t\t\t\t<\/a>\n<h3>\n\t\t<a href=\"https:\/\/www.briskmanandbriskman.com\/es\/centros-de-informacion\/accidentes-de-trafico\/de-cuanto-tiempo-dispongo-para-presentar-una-reclamacion-por-accidente-de-trafico\/\" title=\"\u00bfDe cu\u00e1nto tiempo dispongo para presentar una demanda por accidente de tr\u00e1fico?\" target=\"_self\" rel=\"noopener\">\n\t\t\u00bfDe cu\u00e1nto tiempo dispongo para presentar una demanda por accidente de tr\u00e1fico?\n\t\t<\/a>\n\t<\/h3>\n\t<p>La prescripci\u00f3n es el plazo que tiene una v\u00edctima de lesiones para presentar una demanda por los da\u00f1os sufridos tras un accidente. Los tribunales quieren asegurar el manejo ordenado de los casos y limitar la cantidad de tiempo que alguien puede ser considerado responsable por sus acciones pasadas. Si su demanda se presenta demasiado tarde, es probable que el tribunal desestime su caso.<\/p>\n\t\t\t<a href=\"https:\/\/www.briskmanandbriskman.com\/es\/centros-de-informacion\/accidentes-de-trafico\/de-cuanto-tiempo-dispongo-para-presentar-una-reclamacion-por-accidente-de-trafico\/\" target=\"_self\" rel=\"noopener\">\n\t\t\t\t\t\t\tSeguir leyendo\n\t\t\t\t\t<\/a>\n<h3>\n\t\t<a href=\"https:\/\/www.briskmanandbriskman.com\/es\/centros-de-informacion\/accidentes-de-trafico\/puedo-ser-indemnizado-si-he-tenido-parte-de-culpa-en-mi-accidente-de-trafico\/\" title=\"\u00bfPuedo ser indemnizado si he tenido parte de culpa en mi accidente de tr\u00e1fico?\" target=\"_self\" rel=\"noopener\">\n\t\t\u00bfPuedo ser indemnizado si he tenido parte de culpa en mi accidente de tr\u00e1fico?\n\t\t<\/a>\n\t<\/h3>\n\t<p>A menudo, la negligencia de dos conductores diferentes contribuye a las causas de un accidente. En virtud de la ley Illinois, una persona lesionada en una situaci\u00f3n de este tipo todav\u00eda puede recuperar una indemnizaci\u00f3n a trav\u00e9s de una demanda por lesiones personales, siempre y cuando no tenga m\u00e1s del 50 por ciento de culpa.<\/p>\n\t\t\t<a href=\"https:\/\/www.briskmanandbriskman.com\/es\/centros-de-informacion\/accidentes-de-trafico\/puedo-ser-indemnizado-si-he-tenido-parte-de-culpa-en-mi-accidente-de-trafico\/\" target=\"_self\" rel=\"noopener\">\n\t\t\t\t\t\t\tSeguir leyendo\n\t\t\t\t\t<\/a>\n<h2>\n\t\tInfograf\u00eda sobre accidentes de tr\u00e1fico\n\t<\/h2>\n\t\t\t<a href=\"https:\/\/www.briskmanandbriskman.com\/es\/infografia\/\" target=\"_self\" rel=\"noopener\">\n\t\t\t\t\t\t\tVer todas las infograf\u00edas\n\t\t\t\t\t<\/a>\n<h3>\n\t\tRecursos adicionales\n\t<\/h3>\n\t<ul class=\"list-pages-shortcode child-pages\"><li class=\"page_item page-item-2692\"><a href=\"https:\/\/www.briskmanandbriskman.com\/es\/information-centers\/car-accidents\/can-i-get-compensated-if-i-was-partly-at-fault-for-my-car-accident\/\">\u00bfPuedo ser indemnizado si he tenido parte de culpa en mi accidente de tr\u00e1fico?<\/a><\/li>\n<li class=\"page_item page-item-2690\"><a href=\"https:\/\/www.briskmanandbriskman.com\/es\/information-centers\/car-accidents\/can-i-sue-a-bar-if-injured-by-a-drunk-driver\/\">\u00bfPuedo demandar a un bar si me hiere un conductor ebrio?<\/a><\/li>\n<li class=\"page_item page-item-1188\"><a href=\"https:\/\/www.briskmanandbriskman.com\/es\/information-centers\/car-accidents\/common-types-of-car-accident-lawsuits\/\">Tipos habituales de demandas por accidentes de tr\u00e1fico<\/a><\/li>\n<li class=\"page_item page-item-2697\"><a href=\"https:\/\/www.briskmanandbriskman.com\/es\/information-centers\/car-accidents\/five-things-you-need-to-know-about-drowsy-driving\/\">Cinco cosas que debe saber sobre la somnolencia al volante<\/a><\/li>\n<li class=\"page_item page-item-1197\"><a href=\"https:\/\/www.briskmanandbriskman.com\/es\/information-centers\/car-accidents\/how-do-i-know-if-i-have-an-auto-accident-lawsuit\/\">\u00bfC\u00f3mo s\u00e9 si tengo una demanda por accidente de tr\u00e1fico?<\/a><\/li>\n<li class=\"page_item page-item-1202\"><a href=\"https:\/\/www.briskmanandbriskman.com\/es\/information-centers\/car-accidents\/how-much-time-do-i-have-to-file-a-motor-vehicle-accident-claim\/\">\u00bfDe cu\u00e1nto tiempo dispongo para presentar una demanda por accidente de tr\u00e1fico?<\/a><\/li>\n<li class=\"page_item page-item-3565\"><a href=\"https:\/\/www.briskmanandbriskman.com\/es\/information-centers\/car-accidents\/these-are-as-dangerous-for-drivers-as-drunk-driving\/\">Son tan peligrosos para los conductores como conducir ebrio<\/a><\/li>\n<\/ul>\n<h3>Abogados de accidentes de coche est\u00e1n disponibles a trav\u00e9s de Illinois<\/h3>\n<ul>\n<li><a href=\"https:\/\/www.briskmanandbriskman.com\/es\/areas-de-practica\/abogados-de-accidentes-de-camiones-en-chicago-2\/\">Chicago Abogado de accidente de coche<\/a><\/li>\n<li><a href=\"https:\/\/www.briskmanandbriskman.com\/es\/lugares\/gurnee\/abogados-de-accidentes-de-coche\/\">Gurnee Abogados de accidentes de coche<\/a><\/li>\n<li><a href=\"https:\/\/www.briskmanandbriskman.com\/es\/lugares\/joliet\/joliet-abogado-de-accidente-de-coche\/\">Joliet Abogado de accidente de coche<\/a>\n<ul>\n<li><a href=\"https:\/\/www.briskmanandbriskman.com\/es\/lugares\/joliet\/joliet-abogado-de-accidente-de-coche\/abogados-de-accidentes-mortales\/\">Joliet Abogados de accidentes mortales<\/a><\/li>\n<li><a href=\"https:\/\/www.briskmanandbriskman.com\/es\/lugares\/joliet\/joliet-abogado-de-accidente-de-coche\/abogados-de-accidentes-traseros\/\">Joliet Abogados de accidentes por alcance<\/a><\/li>\n<li><a href=\"https:\/\/www.briskmanandbriskman.com\/es\/lugares\/joliet\/joliet-abogado-de-accidente-de-coche\/texting-while-driving-accident-lawyers\/\">Joliet Mensajes de texto mientras se conduce Abogados de accidentes<\/a><\/li>\n<\/ul>\n<\/li>\n<li><a href=\"https:\/\/www.briskmanandbriskman.com\/es\/lugares\/condado-del-lago\/abogados-de-accidentes-de-coche-2\/\">Lake County Abogados de accidentes de coche<\/a><\/li>\n<li><a href=\"https:\/\/www.briskmanandbriskman.com\/es\/lugares\/mundelein\/abogados-de-accidentes-de-coche\/\">Mundelein Abogados de accidentes de coche<\/a><\/li>\n<li><a href=\"https:\/\/www.briskmanandbriskman.com\/es\/lugares\/norte-de-chicago\/abogados-de-accidentes-de-coche-2\/\">North Chicago Abogados de accidentes de tr\u00e1fico<\/a><\/li>\n<li><a href=\"https:\/\/www.briskmanandbriskman.com\/es\/lugares\/oaklawn\/abogado-de-accidente-de-coche\/\">Oak Lawn Abogados de accidentes de tr\u00e1fico<\/a><\/li>\n<li><a href=\"https:\/\/www.briskmanandbriskman.com\/es\/lugares\/orlandpark\/abogado-de-accidente-de-coche\/\">Orland Park Abogados de accidentes de tr\u00e1fico<\/a><\/li>\n<li><a href=\"https:\/\/www.briskmanandbriskman.com\/es\/lugares\/waukegan\/abogados-de-accidentes-de-coche\/\">Waukegan Abogados de accidentes de tr\u00e1fico<\/a><\/li>\n<li><a href=\"https:\/\/www.briskmanandbriskman.com\/es\/lugares\/ruedas\/abogado-de-accidente-de-coche-2\/\">Wheeling Abogado de accidente de coche<\/a>\n<ul>\n<li><a href=\"https:\/\/www.briskmanandbriskman.com\/es\/lugares\/ruedas\/abogado-de-accidente-de-coche-2\/accidente-de-coche-mortal-abogado\/\">Wheeling Abogado de accidente de coche mortal<\/a><\/li>\n<li><a href=\"https:\/\/www.briskmanandbriskman.com\/es\/lugares\/ruedas\/abogado-de-accidente-de-coche-2\/abogado-de-colisiones-frontales\/\">Wheeling Abogado de Colisi\u00f3n Frontal<\/a><\/li>\n<li><a href=\"https:\/\/www.briskmanandbriskman.com\/es\/lugares\/ruedas\/abogado-de-accidente-de-coche-2\/lesiones-graves-en-accidentes-de-coche-en-wheeling\/\">Wheeling Abogado de Lesiones Graves por Accidente de Coche<\/a><\/li>\n<\/ul>\n<\/li>\n<\/ul>\n\t\t\t\t<a href=\"https:\/\/www.briskmanandbriskman.com\/wp-content\/uploads\/2024\/03\/Briskman-truck-accident-ebook-24.pdf\" target=\"_blank\" rel=\"noopener\" itemprop=\"url\">\n\t\t\t\t<img loading=\"lazy\" decoding=\"async\" src=\"https:\/\/www.briskmanandbriskman.com\/wp-content\/uploads\/2024\/03\/Briskman-TruckAccident-ebook_cover.jpg\" alt=\"Descargar el ebook sobre accidentes de cami\u00f3n de BB&amp;G\" itemprop=\"image\" height=\"2400\" width=\"1855\" title=\"Briskman-TruckAccident-cubierta_ebook\" onerror=\"this.style.display='none'\"  \/>\n\t\t\t\t<\/a>\n\t\t\t<a href=\"https:\/\/www.briskmanandbriskman.com\/wp-content\/uploads\/2024\/03\/Briskman-truck-accident-ebook-24.pdf\" target=\"_self\" rel=\"noopener\">\n\t\t\t\t\t\t\tDescargar Ebook\n\t\t\t\t\t<\/a>","protected":false},"excerpt":{"rendered":"<p>Valoraci\u00f3n de T.V. \"Recomiendo encarecidamente BB&amp;G... \u00a1Le dar\u00eda 10 estrellas si pudiera!\" Evaluaci\u00f3n de G.V. \"\u00a1Estoy muy satisfecho con la representaci\u00f3n de BB&amp;G!\" Valoraci\u00f3n de M.S. \"Los abogados de BBG fueron excepcionales. El resultado fue mejor de lo que esper\u00e1bamos\". Rese\u00f1a de R.G. \"Desde el momento en que me puse en contacto con este bufete...<\/p>","protected":false},"author":1,"featured_media":11536,"parent":923,"menu_order":1,"comment_status":"closed","ping_status":"open","template":"","meta":{"_acf_changed":false,"footnotes":""},"class_list":["post-925","page","type-page","status-publish","has-post-thumbnail","hentry"],"acf":[],"_links":{"self":[{"href":"https:\/\/www.briskmanandbriskman.com\/es\/wp-json\/wp\/v2\/pages\/925","targetHints":{"allow":["GET"]}}],"collection":[{"href":"https:\/\/www.briskmanandbriskman.com\/es\/wp-json\/wp\/v2\/pages"}],"about":[{"href":"https:\/\/www.briskmanandbriskman.com\/es\/wp-json\/wp\/v2\/types\/page"}],"author":[{"embeddable":true,"href":"https:\/\/www.briskmanandbriskman.com\/es\/wp-json\/wp\/v2\/users\/1"}],"replies":[{"embeddable":true,"href":"https:\/\/www.briskmanandbriskman.com\/es\/wp-json\/wp\/v2\/comments?post=925"}],"version-history":[{"count":4,"href":"https:\/\/www.briskmanandbriskman.com\/es\/wp-json\/wp\/v2\/pages\/925\/revisions"}],"predecessor-version":[{"id":12864,"href":"https:\/\/www.briskmanandbriskman.com\/es\/wp-json\/wp\/v2\/pages\/925\/revisions\/12864"}],"up":[{"embeddable":true,"href":"https:\/\/www.briskmanandbriskman.com\/es\/wp-json\/wp\/v2\/pages\/923"}],"wp:featuredmedia":[{"embeddable":true,"href":"https:\/\/www.briskmanandbriskman.com\/es\/wp-json\/wp\/v2\/media\/11536"}],"wp:attachment":[{"href":"https:\/\/www.briskmanandbriskman.com\/es\/wp-json\/wp\/v2\/media?parent=925"}],"curies":[{"name":"wp","href":"https:\/\/api.w.org\/{rel}","templated":true}]}}