{"id":9246,"date":"2023-03-09T22:10:14","date_gmt":"2023-03-09T22:10:14","guid":{"rendered":"https:\/\/www.briskmanandbriskman.com\/?page_id=9246"},"modified":"2025-08-27T22:37:14","modified_gmt":"2025-08-27T22:37:14","slug":"abogado-de-accidente-de-camion","status":"publish","type":"page","link":"https:\/\/www.briskmanandbriskman.com\/es\/locations\/wheeling\/truck-accident-attorney\/","title":{"rendered":"Wheeling Abogado de accidentes de cami\u00f3n"},"content":{"rendered":"<p>Situada en los condados de Cook y Lake, Wheeling, Illinois es el hogar de casi 40.000 residentes. La ciudad tambi\u00e9n registra un intenso tr\u00e1fico diario en la I-94 y la I-294, ya que los camioneros utilizan la Tri-State Throughway para transportar cargas hacia el sur hasta Chicago y hacia el norte hasta Wisconsin.<\/p>\n\n\n\n<p>Los camiones grandes desempe\u00f1an un papel clave en la econom\u00eda de Illinois, Wisconsin y los estados vecinos. Sin embargo, cuando los camiones grandes se ven implicados en accidentes graves, pueden causar lesiones graves. La altura y el peso de un semirremolque le dan el potencial de causar m\u00e1s da\u00f1o en un accidente, especialmente cuando el otro veh\u00edculo implicado es un veh\u00edculo de pasajeros.<\/p>\n\n\n\n<p>Recuperarse de las lesiones sufridas en un accidente de cami\u00f3n es una ardua batalla. Pero no est\u00e1 solo. Hable con el <a href=\"https:\/\/www.briskmanandbriskman.com\/es\/areas-de-practica\/chicago-truck-accident-attorney\/\">abogados expertos en accidentes de cami\u00f3n Wheeling<\/a> en Briskman, Briskman &amp; Greenberg hoy. Le ayudaremos a entender c\u00f3mo la ley se aplica a su situaci\u00f3n y elegir el mejor camino a seguir para usted y su familia.<\/p>\n\n\n\n<h3 class=\"wp-block-heading\">Estad\u00edsticas de accidentes de camiones en Illinois<\/h3>\n\n\n\n<p>En 2020, los semirremolques estuvieron implicados en 9.966 accidentes de tr\u00e1fico Illinois. En 1.731 de estas colisiones, al menos una persona sufri\u00f3 lesiones. En 117 accidentes se produjo una o m\u00e1s muertes.<\/p>\n\n\n\n<p>La altura y el peso de los semirremolques pueden hacer que resulte imposible circular junto a ellos. Un semirremolque y un remolque a plena carga pueden pesar 80.000 libras o m\u00e1s, varias veces lo que pesa un turismo medio.<\/p>\n\n\n\n<p>Los camiones m\u00e1s peque\u00f1os tambi\u00e9n est\u00e1n involucrados en colisiones graves en Illinois cada a\u00f1o. En 2020, el Departamento de Transporte de Illinois registr\u00f3 7.566 colisiones en las que se vieron implicados camiones de una sola unidad, como los camiones caja. Estos choques causaron 1,252 lesiones y 51 muertes en 2020.<\/p>\n\n\n\n<p>Ciertos factores hacen que sea m\u00e1s probable que se produzcan muertes, lesiones graves o da\u00f1os materiales costosos durante un accidente de cami\u00f3n. Por ejemplo, los semirremolques estaban sobrerrepresentados en las estad\u00edsticas del Departamento de Transporte de Illinois sobre muertes, lesiones y gastos por da\u00f1os materiales relacionados con accidentes de veh\u00edculos. En 1.268 accidentes en zonas de trabajo en Illinois en 2020, se vieron implicados un semirremolque, un cami\u00f3n de una sola unidad u otro tipo de cami\u00f3n que transportaba un remolque.<\/p>\n\n\n\n<h3 class=\"wp-block-heading\">Lesiones comunes en accidentes de cami\u00f3n<\/h3>\n\n\n\n<p>Los camiones grandes aparecen con frecuencia en las estad\u00edsticas del Departamento de Transporte Illinois que miden los da\u00f1os a las personas o a la propiedad en las colisiones en carretera. Tambi\u00e9n aparecen con frecuencia en las estad\u00edsticas nacionales de seguridad.<\/p>\n\n\n\n<p>The National Safety Council estimates that large trucks make up only 4 percent of all registered vehicles on US roads. Yet these <a href=\"https:\/\/www.briskmanandbriskman.com\/es\/lugares\/ruedas\/abogado-de-accidente-de-camion\/fatal-truck-accident-lawyer\/\">trucks are involved in 9 percent of all fatal crashes<\/a> that occur on these roads.<\/p>\n\n\n\n<p>Cuando se produce un accidente con un cami\u00f3n grande, todos los implicados corren el riesgo de morir o sufrir lesiones graves. Sin embargo, los que est\u00e1n fuera del cami\u00f3n tienen m\u00e1s probabilidades de sufrir graves consecuencias. Seg\u00fan el Consejo Nacional de Seguridad, 4.965 personas perdieron la vida en EE.UU. en 2020 debido a un accidente de cami\u00f3n. Casi tres de cada cuatro, o el 71%, estaban dentro de otro veh\u00edculo -como un coche familiar o un monovolumen- cuando se produjo el accidente. El 12% eran peatones o ciclistas, que carec\u00edan incluso de la protecci\u00f3n de un veh\u00edculo de pasajeros contra el impacto del cami\u00f3n.<\/p>\n\n\n\n<p>Las personas que se encuentran fuera del propio cami\u00f3n grande tambi\u00e9n corren un mayor riesgo de sufrir lesiones graves. En 2020, el 68% de los heridos en accidentes de camiones grandes se encontraban en el interior de otro veh\u00edculo durante la colisi\u00f3n. El 2% de las personas que sufrieron lesiones no mortales eran peatones, ciclistas y otras personas ajenas al veh\u00edculo.<\/p>\n\n\n\n<p>En un accidente de cami\u00f3n, cualquier parte del cuerpo puede resultar lesionada. El tipo y la gravedad de una lesi\u00f3n afectan a las posibilidades de recuperaci\u00f3n de la persona lesionada y a los efectos permanentes con los que puede tener que vivir despu\u00e9s del accidente.<\/p>\n\n\n\n<h4 class=\"wp-block-heading\">Lesiones craneales y cerebrales<\/h4>\n\n\n\n<p>Incluso una conmoci\u00f3n cerebral \"leve\" puede causar problemas persistentes de pensamiento, humor, memoria, comportamiento y concentraci\u00f3n. M\u00e1s informaci\u00f3n en <a href=\"https:\/\/www.briskmanandbriskman.com\/es\/areas-de-practica\/chicago-brain-injury-lawyer\/\">lesiones cerebrales traum\u00e1ticas graves<\/a> pueden ser permanentemente debilitantes y afectar al control motor o a la funci\u00f3n de los \u00f3rganos. Tambi\u00e9n pueden producirse fracturas de cr\u00e1neo, da\u00f1os en los ojos o los o\u00eddos, cicatrices y otras lesiones.<\/p>\n\n\n\n<h4 class=\"wp-block-heading\">Lesiones de cuello, espalda y columna vertebral<\/h4>\n\n\n\n<p>Las lesiones medulares se cuentan entre las m\u00e1s caras y dif\u00edciles de tratar. Las lesiones medulares pueden provocar par\u00e1lisis y otros problemas m\u00e9dicos graves. <a href=\"https:\/\/www.briskmanandbriskman.com\/es\/areas-de-practica\/chicago-cuello-espalda-lesiones-abogados\/\">Da\u00f1os en la espalda y el cuello<\/a> puede causar problemas continuos con el dolor y las funciones, incluso si la m\u00e9dula espinal no est\u00e1 da\u00f1ada.<\/p>\n\n\n\n<h4 class=\"wp-block-heading\">Rotura de huesos y da\u00f1os tisulares<\/h4>\n\n\n\n<p>Las intensas fuerzas generadas por el choque de un gran cami\u00f3n pueden romper huesos y da\u00f1ar nervios, m\u00fasculos y tejidos blandos. Estas lesiones pueden requerir una o m\u00e1s intervenciones quir\u00fargicas para corregirlas. Puede ser necesario un largo periodo de fisioterapia u otros tratamientos para la rehabilitaci\u00f3n. En algunos casos, el da\u00f1o es tan grave que es necesario amputar una extremidad.<\/p>\n\n\n\n<h4 class=\"wp-block-heading\">Quemaduras<\/h4>\n\n\n\n<p>Durante un choque, aumenta el riesgo de incendio. Los componentes el\u00e9ctricos pueden cortocircuitarse. La gasolina o el aceite pueden derramarse e inflamarse por la exposici\u00f3n al calor. Si se produce un incendio, pueden producirse quemaduras graves. Tambi\u00e9n pueden producirse quemaduras por fricci\u00f3n, tambi\u00e9n conocidas como \"erupciones de la carretera\".<\/p>\n\n\n\n<p>El Instituto de Seguros para la Seguridad en las Carreteras (IIHS) calcula que el diez por ciento de todas las muertes por accidente de tr\u00e1fico en 2020 estuvieron relacionadas con un cami\u00f3n grande. De ellos, el 97% se cobr\u00f3 la vida de alguien que viajaba en un veh\u00edculo de pasajeros. Los tractocamiones fueron los m\u00e1s propensos a verse implicados en accidentes mortales: El 74% de los accidentes mortales de camiones en 2020 involucraron a estos veh\u00edculos de gran tama\u00f1o, mientras que el 26% involucr\u00f3 a otro tipo de cami\u00f3n.<\/p>\n\n\n\n<p>Aunque las autopistas son las carreteras m\u00e1s transitadas por los camiones grandes, es m\u00e1s probable que los accidentes mortales de camiones ocurran en otras carreteras principales, como las carreteras estatales. S\u00f3lo el 36 por ciento de los accidentes mortales de camiones en 2020 ocurrieron en autopistas, mientras que el 47 por ciento ocurrieron en otras carreteras principales. Las carreteras secundarias y rurales representaron el 15 por ciento de los accidentes mortales de camiones.<\/p>\n\n\n\n<h3 class=\"wp-block-heading\">Qu\u00e9 esperar durante un juicio por accidente de cami\u00f3n<\/h3>\n\n\n\n<p>Las demandas por accidente de cami\u00f3n siguen las normas establecidas por los tribunales y por la legislaci\u00f3n estatal. Dos preguntas habituales se refieren a los plazos para presentar estas demandas y a las indemnizaciones a las que pueden optar quienes prueben su caso.<\/p>\n\n\n\n<h4 class=\"wp-block-heading\">Plazos para demandas por accidente de cami\u00f3n Illinois<\/h4>\n\n\n\n<p>En Illinois, una persona herida suele tener <strong>dos a\u00f1os<\/strong> desde la fecha de la lesi\u00f3n para presentar una demanda por accidente de cami\u00f3n ante los tribunales. Sin embargo, hay varios factores que pueden afectar a la aplicaci\u00f3n de este periodo de dos a\u00f1os a un caso concreto.<\/p>\n\n\n\n<p>Entre los factores que un tribunal Illinois puede tener en cuenta a la hora de examinar el plazo figuran:<\/p>\n\n\n\n<ul class=\"wp-block-list\">\n<li><strong>Conocimientos.<\/strong> Algunas lesiones tardan en aparecer. Si una persona lesionada no pod\u00eda tener conocimiento de su lesi\u00f3n en la fecha en que se produjo, el plazo de dos a\u00f1os puede empezar a contar a partir de la fecha en que pudo tener conocimiento de la lesi\u00f3n.<\/li>\n\n\n\n<li><strong>La edad.<\/strong> Cuando alguien sufre lesiones siendo ni\u00f1o, el plazo de dos a\u00f1os puede empezar a contar a partir de la fecha en que cumple 18 a\u00f1os y no a partir de la fecha del accidente.<\/li>\n\n\n\n<li><strong>Capacidad.<\/strong> A algunas personas no se les reconoce la capacidad legal para presentar sus reclamaciones ante los tribunales. Si una persona sin capacidad jur\u00eddica resulta lesionada, su plazo de dos a\u00f1os puede comenzar en la fecha en que recupere su capacidad.<\/li>\n<\/ul>\n\n\n\n<p>Calcular los plazos en las reclamaciones por accidente de cami\u00f3n Illinois puede ser todo un reto. Incluso si usted piensa que su l\u00edmite de tiempo puede haber pasado, <a href=\"https:\/\/www.briskmanandbriskman.com\/es\/areas-de-practica\/chicago-cuello-espalda-lesiones-abogados\/\">hable con un abogado experto en accidentes de cami\u00f3n Wheeling<\/a>.<\/p>\n\n\n\n<h4 class=\"wp-block-heading\">Da\u00f1os y perjuicios en casos de accidente de cami\u00f3n Wheeling<\/h4>\n\n\n\n<p>El objetivo de una demanda por accidente de cami\u00f3n es conseguir una indemnizaci\u00f3n o \"da\u00f1os y perjuicios\" para la persona lesionada. Los da\u00f1os se centran en las p\u00e9rdidas sufridas por la persona lesionada como consecuencia de la negligencia de otra persona.<\/p>\n\n\n\n<p><strong>Da\u00f1os econ\u00f3micos<\/strong> cubrir las p\u00e9rdidas econ\u00f3micas. Las facturas m\u00e9dicas son una forma com\u00fan de da\u00f1os econ\u00f3micos en las reclamaciones por accidentes de cami\u00f3n. Los salarios perdidos, los costos de transporte hacia y desde las citas m\u00e9dicas, y el costo de reparar o reemplazar un veh\u00edculo da\u00f1ado tambi\u00e9n entran en esta categor\u00eda. Un abogado puede ayudarle a determinar exactamente cu\u00e1nto ha perdido en da\u00f1os econ\u00f3micos.<\/p>\n\n\n\n<p><strong>Da\u00f1os no econ\u00f3micos<\/strong> se centran en p\u00e9rdidas que no son econ\u00f3micas pero que son reales y devastadoras. Los da\u00f1os por dolor y sufrimiento son quiz\u00e1 la forma m\u00e1s conocida de da\u00f1os no econ\u00f3micos. Otras p\u00e9rdidas en esta categor\u00eda incluyen la p\u00e9rdida del disfrute de la vida cuando las lesiones le impiden hacer cosas que antes disfrutaba. Los da\u00f1os por los efectos emocionales de cicatrices o desfiguraci\u00f3n tambi\u00e9n entran en esta categor\u00eda.<\/p>\n\n\n\n<p>Su abogado puede hacerle preguntas delicadas o dif\u00edciles sobre el accidente para determinar el alcance total de sus da\u00f1os no econ\u00f3micos. Por lo general, un abogado le har\u00e1 estas preguntas s\u00f3lo despu\u00e9s de haber tenido una o m\u00e1s conversaciones para ayudar a establecer la confianza. Responder a estas preguntas con la mayor sinceridad posible le ayudar\u00e1 a entender sus opciones y tambi\u00e9n ayudar\u00e1 a su abogado a comprender el alcance total de sus p\u00e9rdidas.<\/p>\n\n\n\n<h2 class=\"wp-block-heading\">Hable con un abogado con experiencia en accidentes de camiones Wheeling para obtener m\u00e1s informaci\u00f3n<\/h2>\n\n\n\n<p>Un accidente de cami\u00f3n lo cambia todo. Empez\u00f3 el d\u00eda creyendo que la vida continuar\u00eda como de costumbre, s\u00f3lo para encontrarse devastado. Es posible que luche por recuperarse de lesiones graves, se preocupe por c\u00f3mo mantener a su familia y tema que la vida nunca vuelva a ser la misma. Si un accidente de cami\u00f3n se cobr\u00f3 la vida de un ser querido, imaginar el futuro puede resultar a\u00fan m\u00e1s dif\u00edcil.<\/p>\n\n\n\n<p>Sin embargo, hay esperanza. En <a href=\"https:\/\/www.briskmanandbriskman.com\/es\/areas-de-practica\/chicago-truck-accident-attorney\/\">abogados expertos en accidentes de cami\u00f3n Wheeling<\/a> en <a href=\"https:\/\/www.briskmanandbriskman.com\/es\/\">Briskman, Briskman Y Greenberg<\/a> han ayudado a nuestros clientes a recuperarse de un accidente de cami\u00f3n. Entendemos lo dif\u00edcil que es vivir con las consecuencias de un accidente. Es por eso que <a href=\"https:\/\/www.briskmanandbriskman.com\/es\/nuestros-abogados\/\">nuestro equipo jur\u00eddico<\/a> se dedica a ayudar a nuestros clientes con habilidad y comprensi\u00f3n. Para saber m\u00e1s sobre sus derechos legales, <a href=\"https:\/\/www.briskmanandbriskman.com\/es\/abogados-de-accidentes-de-camiones-en-chicago-2\/\">Contacto<\/a> hoy en <a href=\"tel:1-877-595-4878\">1.877.595.4878<\/a> para programar una consulta gratuita y confidencial con un abogado experimentado.<\/p>","protected":false},"excerpt":{"rendered":"<p>Situada en los condados de Cook y Lake, Wheeling, Illinois es el hogar de casi 40.000 residentes. La ciudad tambi\u00e9n registra un intenso tr\u00e1fico diario en la I-94 y la I-294, ya que los camioneros utilizan la Tri-State Throughway para transportar cargas hacia el sur hasta Chicago y hacia el norte hasta Wisconsin. Los grandes camiones desempe\u00f1an un papel clave en la econom\u00eda de Illinois,...<\/p>","protected":false},"author":1,"featured_media":11027,"parent":7593,"menu_order":0,"comment_status":"closed","ping_status":"closed","template":"","meta":{"_acf_changed":false,"footnotes":""},"class_list":["post-9246","page","type-page","status-publish","has-post-thumbnail","hentry"],"acf":[],"_links":{"self":[{"href":"https:\/\/www.briskmanandbriskman.com\/es\/wp-json\/wp\/v2\/pages\/9246","targetHints":{"allow":["GET"]}}],"collection":[{"href":"https:\/\/www.briskmanandbriskman.com\/es\/wp-json\/wp\/v2\/pages"}],"about":[{"href":"https:\/\/www.briskmanandbriskman.com\/es\/wp-json\/wp\/v2\/types\/page"}],"author":[{"embeddable":true,"href":"https:\/\/www.briskmanandbriskman.com\/es\/wp-json\/wp\/v2\/users\/1"}],"replies":[{"embeddable":true,"href":"https:\/\/www.briskmanandbriskman.com\/es\/wp-json\/wp\/v2\/comments?post=9246"}],"version-history":[{"count":3,"href":"https:\/\/www.briskmanandbriskman.com\/es\/wp-json\/wp\/v2\/pages\/9246\/revisions"}],"predecessor-version":[{"id":15185,"href":"https:\/\/www.briskmanandbriskman.com\/es\/wp-json\/wp\/v2\/pages\/9246\/revisions\/15185"}],"up":[{"embeddable":true,"href":"https:\/\/www.briskmanandbriskman.com\/es\/wp-json\/wp\/v2\/pages\/7593"}],"wp:featuredmedia":[{"embeddable":true,"href":"https:\/\/www.briskmanandbriskman.com\/es\/wp-json\/wp\/v2\/media\/11027"}],"wp:attachment":[{"href":"https:\/\/www.briskmanandbriskman.com\/es\/wp-json\/wp\/v2\/media?parent=9246"}],"curies":[{"name":"wp","href":"https:\/\/api.w.org\/{rel}","templated":true}]}}