{"id":9235,"date":"2023-03-08T23:14:24","date_gmt":"2023-03-08T23:14:24","guid":{"rendered":"https:\/\/www.briskmanandbriskman.com\/?page_id=9235"},"modified":"2024-03-05T16:44:33","modified_gmt":"2024-03-05T16:44:33","slug":"abogados-de-muerte-por-negligencia","status":"publish","type":"page","link":"https:\/\/www.briskmanandbriskman.com\/es\/locations\/orlandpark\/wrongful-death-attorneys\/","title":{"rendered":"Orland Park Abogados de Homicidio Culposo"},"content":{"rendered":"<p>Con millones de personas en la zona Chicagolandia yendo cada d\u00eda a trabajar, estudiar, hacer recados y divertirse, el riesgo de sufrir un accidente o una lesi\u00f3n grave es alto. El hecho de que no se produzcan m\u00e1s incidentes de este tipo es un testimonio del cuidado que ponen los residentes de Orland Park y sus vecinos en evitar da\u00f1os previsibles a terceros.<\/p>\n\n\n\n<p>Sin embargo, no todo el mundo tiene siempre este cuidado. Cuando una persona o una empresa no act\u00faa con la diligencia debida para evitar da\u00f1os, pueden producirse lesiones graves. La m\u00e1s catastr\u00f3fica de estas situaciones puede resultar mortal.<\/p>\n\n\n\n<p>Si un ser querido ha pagado el precio m\u00e1s alto por la negligencia de otro, no espere. Hable con un <a href=\"https:\/\/www.briskmanandbriskman.com\/es\/areas-de-practica\/muerte-por-negligencia\/\">abogado con experiencia en muerte por negligencia Orland Park<\/a> hoy. El equipo jur\u00eddico de Briskman, Briskman &amp; Greenberg est\u00e1 aqu\u00ed para ayudarle.<\/p>\n\n\n\n<h3 class=\"wp-block-heading\">\u00bfQu\u00e9 es una demanda por homicidio culposo?<\/h3>\n\n\n\n<p>En Illinois, a <a href=\"https:\/\/www.briskmanandbriskman.com\/es\/lugares\/orlandpark\/abogados-de-danos-personales\/\">reclamaci\u00f3n por da\u00f1os personales<\/a> permite a una persona lesionada reclamar una indemnizaci\u00f3n si la negligencia de otra persona caus\u00f3 sus lesiones. En otras palabras, si el descuido de una persona causa da\u00f1os a otra, la persona lesionada puede reclamar indemnizaci\u00f3n por sus p\u00e9rdidas.<\/p>\n\n\n\n<p>Una demanda por homicidio culposo es un tipo de demanda por lesiones personales. En un caso de homicidio culposo, las lesiones de la persona lesionada han resultado mortales. Como resultado, la persona lesionada ya no puede presentar su demanda ante los tribunales. En su lugar, los familiares supervivientes de la persona lesionada, su patrimonio, o ambos, presentan reclamaciones ante los tribunales.<\/p>\n\n\n\n<p>Al igual que en un caso de lesiones personales, una demanda por homicidio culposo trata de responder a cuatro preguntas b\u00e1sicas:<\/p>\n\n\n\n<ul class=\"wp-block-list\">\n<li>\u00bfExist\u00eda la obligaci\u00f3n de actuar con diligencia razonable para evitar da\u00f1os?<\/li>\n\n\n\n<li>\u00bfLa parte que tiene ese deber lo ha \"incumplido\" o no ha llegado a cumplirlo?<\/li>\n\n\n\n<li>\u00bfCaus\u00f3 el incumplimiento del deber lesiones mortales a la persona fallecida?<\/li>\n\n\n\n<li>\u00bfExisten p\u00e9rdidas derivadas de esa muerte que un tribunal pueda abordar mediante da\u00f1os y perjuicios?<\/li>\n<\/ul>\n\n\n\n<p>Cuando estas preguntas pueden responderse afirmativamente, existe una demanda por homicidio culposo. Los familiares supervivientes o el patrimonio de la persona fallecida pueden obtener una indemnizaci\u00f3n por da\u00f1os y perjuicios.<\/p>\n\n\n\n<h3 class=\"wp-block-heading\">Fuentes habituales de reclamaciones por homicidio culposo Illinois<\/h3>\n\n\n\n<p>Una demanda por homicidio culposo puede surgir en casi cualquier situaci\u00f3n en la que la negligencia de una parte cause la muerte de otra persona.<\/p>\n\n\n\n<h4 class=\"wp-block-heading\">Accidentes de tr\u00e1fico<\/h4>\n\n\n\n<p>En 2021, 1.334 personas <a href=\"https:\/\/www.briskmanandbriskman.com\/es\/areas-de-practica\/abogados-de-accidentes-de-camiones-en-chicago-2\/fatal-car-accidents\/\">fallecidos en accidentes de tr\u00e1fico en Illinois<\/a>seg\u00fan el Departamento de Transporte de Illinois. Estas muertes no s\u00f3lo afectaron a conductores y pasajeros, sino tambi\u00e9n a <a href=\"https:\/\/www.briskmanandbriskman.com\/es\/areas-de-practica\/pedestrian-accident\/\">peatones<\/a>, <a href=\"https:\/\/www.briskmanandbriskman.com\/es\/areas-de-practica\/accidente-de-bicicleta\/\">ciclistas<\/a>y otras personas que utilizan las carreteras de Illinois. En 2021, por ejemplo, 214 peatones perdieron la vida en las carreteras de Illinois y 35 ciclistas fallecieron.<\/p>\n\n\n\n<p>Toda persona que circule por carretera tiene la responsabilidad de actuar con la diligencia debida para evitar lesiones a terceros. Cuando no se tiene ese cuidado, se pone en peligro la vida de los dem\u00e1s.<\/p>\n\n\n\n<h4 class=\"wp-block-heading\">Negligencias m\u00e9dicas<\/h4>\n\n\n\n<p>Los errores m\u00e9dicos son la tercera causa de muerte en todo el pa\u00eds, seg\u00fan un estudio de Johns Hopkins de 2016. En Illinois, la categor\u00eda m\u00e1s com\u00fan de <a href=\"https:\/\/www.briskmanandbriskman.com\/es\/areas-de-practica\/negligencia-medica\/\">casos de negligencia m\u00e9dica<\/a> es la \"actuaci\u00f3n incorrecta\", o el incumplimiento de las normas de atenci\u00f3n durante el tratamiento de una afecci\u00f3n m\u00e9dica. La \"falta de diagn\u00f3stico\" es el segundo fundamento m\u00e1s com\u00fan de las demandas por negligencia m\u00e9dica en Illinois.<\/p>\n\n\n\n<p>No diagnosticar una enfermedad puede resultar fatal. Por ejemplo, muchos c\u00e1nceres s\u00f3lo son tratables si se diagnostican en una fase temprana de su formaci\u00f3n. Cuando no se diagnostica un c\u00e1ncer, la enfermedad puede propagarse libremente y, cuando se diagnostica, puede ser demasiado tarde para salvar la vida de la persona.<\/p>\n\n\n\n<h4 class=\"wp-block-heading\">Lesiones laborales<\/h4>\n\n\n\n<p>En 2021, 5.190 trabajadores murieron en EE.UU. a causa de <a href=\"https:\/\/www.briskmanandbriskman.com\/es\/areas-de-practica\/indemnizacion-por-accidente-laboral\/\">lesiones en el trabajo<\/a>seg\u00fan la Oficina de Estad\u00edsticas Laborales de Estados Unidos. Entre las causas m\u00e1s comunes de muerte en el lugar de trabajo se encuentran las ca\u00eddas, la electrocuci\u00f3n y los aplastamientos o golpes con objetos o equipos. La exposici\u00f3n a sustancias qu\u00edmicas, temperaturas extremas y otras condiciones ambientales tambi\u00e9n provocaron muertes en el lugar de trabajo.<\/p>\n\n\n\n<h4 class=\"wp-block-heading\">Productos defectuosos<\/h4>\n\n\n\n<p>Tanto en el trabajo como en casa, los consumidores conf\u00edan en que los art\u00edculos que utilizan a diario son razonablemente seguros para el uso al que est\u00e1n destinados. Cuando existe un defecto oculto, puede quebrantar esta confianza y, en algunos casos, cobrarse vidas.<\/p>\n\n\n\n<p><a href=\"https:\/\/www.briskmanandbriskman.com\/es\/areas-de-practica\/chicago-product-liability-attorney\/\">Defectos del producto<\/a> van desde componentes peligrosos de veh\u00edculos de motor hasta metales pesados o venenos ocultos en juguetes infantiles. Los fabricantes y dise\u00f1adores de productos tienen la obligaci\u00f3n de hacer que sus productos sean razonablemente seguros para el uso previsto. Si un producto no puede ser seguro sin dejar de cumplir su funci\u00f3n, los fabricantes y dise\u00f1adores tienen la obligaci\u00f3n de advertir a los usuarios de los riesgos que entra\u00f1a. El incumplimiento de estas obligaciones puede dar lugar a la aparici\u00f3n de productos peligrosos en el mercado, y los usuarios pueden no saber que el peligro existe hasta que sea demasiado tarde para proteger sus propias vidas.<\/p>\n\n\n\n<p>En total, 7.616 personas murieron por lesiones accidentales o no intencionadas en Illinois en 2021, seg\u00fan el Departamento de Salud P\u00fablica del estado. Estas cifras no incluyen a los que murieron de condiciones m\u00e9dicas diagnosticables, algunas de las cuales pueden haber sido el resultado de un error m\u00e9dico. Seg\u00fan los CDC, las lesiones no intencionadas siguen siendo la principal causa de muerte entre los estadounidenses de 1 a 44 a\u00f1os.<\/p>\n\n\n\n<h3 class=\"wp-block-heading\">Qu\u00e9 esperar de un caso de homicidio por negligencia Illinois<\/h3>\n\n\n\n<p>Dado que una persona lesionada no puede presentar su propia demanda por homicidio culposo, otra parte debe presentar la demanda ante los tribunales. En el Illinois, el \"pariente m\u00e1s pr\u00f3ximo\" de una persona fallecida puede presentar una demanda por homicidio culposo.<\/p>\n\n\n\n<p>Illinois La ley define como \"parientes m\u00e1s pr\u00f3ximos\" a los familiares m\u00e1s cercanos de la persona fallecida. Suelen ser el c\u00f3nyuge sup\u00e9rstite y los hijos, incluidos los adoptivos.<\/p>\n\n\n\n<p>Si la persona fallecida no tiene c\u00f3nyuge ni hijos vivos, pueden reclamar sus nietos. Si no hay nietos, pueden reclamar los padres o hermanos del fallecido. Los sobrinos s\u00f3lo pueden presentar una solicitud si no tienen c\u00f3nyuge, hijos, nietos, padres o hermanos vivos.<\/p>\n\n\n\n<p>Normalmente, la persona que presenta la demanda por homicidio culposo tambi\u00e9n es nombrada albacea o administrador de la herencia. <a href=\"https:\/\/www.briskmanandbriskman.com\/es\/abogados-de-accidentes-de-camiones-en-chicago-2\/\">Hable con un abogado experto en homicidio culposo<\/a> si tiene dudas sobre qui\u00e9n debe presentar la reclamaci\u00f3n.<\/p>\n\n\n\n<h3 class=\"wp-block-heading\">Plazos para las demandas por homicidio culposo en Illinois<\/h3>\n\n\n\n<p>Illinois establece un l\u00edmite de tiempo de <strong>dos a\u00f1os<\/strong> en la presentaci\u00f3n de demandas por muerte por negligencia. En la mayor\u00eda de los casos, el plazo de dos a\u00f1os empieza a contar a partir de la fecha del fallecimiento. Si la demanda no se presenta en el plazo de dos a\u00f1os, el tribunal la rechazar\u00e1. Por esta raz\u00f3n, es importante presentar una demanda por muerte por negligencia tan pronto como sea posible despu\u00e9s de que ocurra una muerte.<\/p>\n\n\n\n<p>Sin embargo, hay muchos factores que influyen en c\u00f3mo se calcula el plazo de dos a\u00f1os. No d\u00e9 por sentado que se le ha acabado el plazo: hable con un abogado que pueda ayudarle a calcular exactamente c\u00f3mo debe aplicarse este l\u00edmite de tiempo en su situaci\u00f3n.<\/p>\n\n\n\n<h3 class=\"wp-block-heading\">Da\u00f1os y perjuicios en las demandas por homicidio culposo Orland Park<\/h3>\n\n\n\n<p>Al igual que otras reclamaciones por lesiones, las reclamaciones por homicidio culposo buscan una indemnizaci\u00f3n por da\u00f1os y perjuicios para compensar a quienes han sufrido p\u00e9rdidas como consecuencia de la lesi\u00f3n. En una demanda por homicidio culposo, tanto los miembros de la familia como el patrimonio de la persona fallecida pueden reclamar da\u00f1os y perjuicios. Aunque estas dos categor\u00edas de da\u00f1os difieren ligeramente, normalmente se tratan juntas en una demanda por homicidio culposo.<\/p>\n\n\n\n<p>Entre las indemnizaciones m\u00e1s comunes a las que pueden optar los familiares supervivientes figuran las siguientes:<\/p>\n\n\n\n<ul class=\"wp-block-list\">\n<li>P\u00e9rdida de los cuidados, compa\u00f1\u00eda y apoyo de la persona fallecida.<\/li>\n\n\n\n<li>Sufrimiento emocional relacionado con la muerte prematura de un ser querido.<\/li>\n\n\n\n<li>Los salarios perdidos y el valor de los servicios que la persona fallecida seguir\u00eda prestando si a\u00fan viviera.<\/li>\n<\/ul>\n\n\n\n<p>La sucesi\u00f3n de la persona fallecida tambi\u00e9n puede reclamar da\u00f1os y perjuicios por determinados tipos de p\u00e9rdidas, entre ellas:<\/p>\n\n\n\n<ul class=\"wp-block-list\">\n<li>Gastos de funeral y entierro,<\/li>\n\n\n\n<li>Gastos m\u00e9dicos relacionados con la \u00faltima enfermedad o lesi\u00f3n de la persona,<\/li>\n\n\n\n<li>Dolor y sufrimiento que la persona fallecida experiment\u00f3 en sus \u00faltimos momentos, y<\/li>\n\n\n\n<li>Otras p\u00e9rdidas econ\u00f3micas relacionadas con el fallecimiento.<\/li>\n<\/ul>\n\n\n\n<p>Los da\u00f1os y perjuicios en las demandas por homicidio culposo cubren tanto las p\u00e9rdidas \"econ\u00f3micas\" o financieras como las \"no econ\u00f3micas\" o personales. Por ejemplo, las facturas de la funeraria son un tipo de p\u00e9rdida financiera o econ\u00f3mica, mientras que el sufrimiento que acompa\u00f1a al duelo es una p\u00e9rdida no econ\u00f3mica o personal. Ambos tipos de p\u00e9rdidas son reales y ambas merecen indemnizaci\u00f3n.<\/p>\n\n\n\n<p>Nada puede reemplazar a su ser querido perdido. Decidir si, cu\u00e1ndo o c\u00f3mo perdonar a la parte que caus\u00f3 su muerte es algo profundamente personal. Un caso de homicidio culposo busca responsabilizar a una parte negligente por sus acciones. Cuando la negligencia de otra persona causa la muerte, una demanda por homicidio culposo coloca la carga de las p\u00e9rdidas financieras y algunas no financieras donde corresponde: En la parte que caus\u00f3 la muerte.<\/p>\n\n\n\n<h2 class=\"wp-block-heading\">Hable hoy mismo con un abogado experto en lesiones Orland Park<\/h2>\n\n\n\n<p>Una muerte por negligencia puede parecer un completo sinsentido. Un d\u00eda su ser querido era feliz y estaba sano; al d\u00eda siguiente, simplemente se ha ido. Reconstruir tu vida despu\u00e9s de una p\u00e9rdida as\u00ed puede parecer imposible.<\/p>\n\n\n\n<p>Sin embargo, hay esperanza. La ley Illinois permite a los familiares supervivientes solicitar una indemnizaci\u00f3n si la vida de su ser querido se perdi\u00f3 por negligencia ajena. Trabajar con un <a href=\"https:\/\/www.briskmanandbriskman.com\/es\/areas-de-practica\/muerte-por-negligencia\/\">abogado experto en homicidio culposo Orland Park<\/a> puede ayudarle a conseguir esta indemnizaci\u00f3n, d\u00e1ndole el apoyo y el espacio que necesita para decidir lo que viene despu\u00e9s.<\/p>\n\n\n\n<p>Nada puede reemplazar a su ser querido perdido, pero quienes causaron su muerte pueden ser considerados responsables de sus actos. Para saber m\u00e1s, hable con el <a href=\"https:\/\/www.briskmanandbriskman.com\/es\/nuestros-abogados\/\">equipo jur\u00eddico en Briskman, Briskman &amp; Greenberg<\/a> hoy mismo. Le ayudaremos a entender sus opciones legales y a tomar una decisi\u00f3n informada. <a href=\"tel:1-877-595-4878\">Ll\u00e1menos al 1.877.595.4878<\/a> para una consulta gratuita y confidencial con uno de nuestros abogados.<\/p>","protected":false},"excerpt":{"rendered":"<p>Con millones de personas en la zona Chicagolandia yendo cada d\u00eda a trabajar, estudiar, hacer recados y divertirse, el riesgo de sufrir un accidente o una lesi\u00f3n grave es alto. El hecho de que no se produzcan m\u00e1s incidentes de este tipo es un testimonio del cuidado que ponen los residentes de Orland Park y sus vecinos en evitar...<\/p>","protected":false},"author":1,"featured_media":11083,"parent":6531,"menu_order":0,"comment_status":"closed","ping_status":"closed","template":"","meta":{"_acf_changed":false,"footnotes":""},"class_list":["post-9235","page","type-page","status-publish","has-post-thumbnail","hentry"],"acf":[],"_links":{"self":[{"href":"https:\/\/www.briskmanandbriskman.com\/es\/wp-json\/wp\/v2\/pages\/9235","targetHints":{"allow":["GET"]}}],"collection":[{"href":"https:\/\/www.briskmanandbriskman.com\/es\/wp-json\/wp\/v2\/pages"}],"about":[{"href":"https:\/\/www.briskmanandbriskman.com\/es\/wp-json\/wp\/v2\/types\/page"}],"author":[{"embeddable":true,"href":"https:\/\/www.briskmanandbriskman.com\/es\/wp-json\/wp\/v2\/users\/1"}],"replies":[{"embeddable":true,"href":"https:\/\/www.briskmanandbriskman.com\/es\/wp-json\/wp\/v2\/comments?post=9235"}],"version-history":[{"count":1,"href":"https:\/\/www.briskmanandbriskman.com\/es\/wp-json\/wp\/v2\/pages\/9235\/revisions"}],"predecessor-version":[{"id":11144,"href":"https:\/\/www.briskmanandbriskman.com\/es\/wp-json\/wp\/v2\/pages\/9235\/revisions\/11144"}],"up":[{"embeddable":true,"href":"https:\/\/www.briskmanandbriskman.com\/es\/wp-json\/wp\/v2\/pages\/6531"}],"wp:featuredmedia":[{"embeddable":true,"href":"https:\/\/www.briskmanandbriskman.com\/es\/wp-json\/wp\/v2\/media\/11083"}],"wp:attachment":[{"href":"https:\/\/www.briskmanandbriskman.com\/es\/wp-json\/wp\/v2\/media?parent=9235"}],"curies":[{"name":"wp","href":"https:\/\/api.w.org\/{rel}","templated":true}]}}