{"id":9231,"date":"2023-03-08T22:47:06","date_gmt":"2023-03-08T22:47:06","guid":{"rendered":"https:\/\/www.briskmanandbriskman.com\/?page_id=9231"},"modified":"2024-04-09T17:46:28","modified_gmt":"2024-04-09T17:46:28","slug":"abogados-de-accidentes-de-camiones","status":"publish","type":"page","link":"https:\/\/www.briskmanandbriskman.com\/es\/locations\/orlandpark\/truck-accident-attorneys\/","title":{"rendered":"Orland Park Abogados de accidentes de cami\u00f3n"},"content":{"rendered":"<p>Debido a su ubicaci\u00f3n cerca de la I-80, Orland Park ve un tr\u00e1fico de camiones significativo. Por la zona pasan grandes camiones semirremolque que transportan mercanc\u00edas por todo el pa\u00eds. Otros camiones, incluidos camiones caja y veh\u00edculos de construcci\u00f3n, tambi\u00e9n pasan a diario por la Orland Park, entregando paquetes y realizando otras tareas esenciales.<\/p>\n\n\n\n<p>Los camiones son una parte esencial del paisaje econ\u00f3mico de Illinois. Sin embargo, tambi\u00e9n pueden causar lesiones graves. Los accidentes de cami\u00f3n son a menudo m\u00e1s peligrosos que <a href=\"https:\/\/www.briskmanandbriskman.com\/es\/lugares\/oaklawn\/abogado-de-accidente-de-coche\/\">colisiones similares entre turismos<\/a>. El mayor peso y tama\u00f1o de un cami\u00f3n le confieren el potencial de causar m\u00e1s da\u00f1os.<\/p>\n\n\n\n<p>Si ha sufrido lesiones en un accidente de cami\u00f3n, no est\u00e1 solo. Hable con el experimentado Orland Park <a href=\"https:\/\/www.briskmanandbriskman.com\/es\/areas-de-practica\/chicago-truck-accident-attorney\/\">abogados de accidentes de camiones en Briskman Briskman &amp; Greenberg<\/a> hoy. Podemos ayudarle a entender c\u00f3mo se aplica la ley a su situaci\u00f3n y tomar la decisi\u00f3n correcta para su futuro.<\/p>\n\n\n\n<h3 class=\"wp-block-heading\">Illinois Estad\u00edsticas de accidentes de camiones<\/h3>\n\n\n\n<p>En 2020, 1.268 camiones grandes se vieron implicados en colisiones en zonas de trabajo en el Illinois. Estos accidentes involucraron a muchos tipos diferentes de camiones, incluidos camiones de una sola unidad, tractores con y sin semirremolques acoplados y otros tipos de camiones que transportan remolques.<\/p>\n\n\n\n<p>Los semirremolques con tractora y remolque fueron los m\u00e1s propensos a verse implicados en estos accidentes. Tambi\u00e9n fueron los m\u00e1s propensos a verse implicados en accidentes que causaron muertes, lesiones graves o da\u00f1os materiales.<\/p>\n\n\n\n<p>En total, los semirremolques estuvieron implicados en 9.966 accidentes en Illinois en 2020. De ellos, 1.731 accidentes se saldaron con heridos y 117 con al menos un fallecido. Los conductores de camiones de una sola unidad estuvieron involucrados en 7,566 choques en 2020. El Departamento de Transporte de Illinois registr\u00f3 1.252 lesiones y 51 muertes por accidentes que involucraron camiones de una sola unidad en 2020.<\/p>\n\n\n\n<p>Un semirremolque completamente cargado con un remolque acoplado puede pesar 80.000 libras o m\u00e1s. Estos veh\u00edculos pueden medir m\u00e1s de 14 pies de alto. Su tama\u00f1o y peso les dificultan reducir la velocidad o detenerse r\u00e1pidamente. Por el contrario, el veh\u00edculo de pasajeros medio no suele medir m\u00e1s de 1,80 metros y pesa alrededor de 1.500 kilos.<\/p>\n\n\n\n<h3 class=\"wp-block-heading\">Lesiones frecuentes en accidentes de cami\u00f3n<\/h3>\n\n\n\n<p>Seg\u00fan el Consejo Nacional de Seguridad, los camiones de gran tonelaje representan el 4% de todos los veh\u00edculos matriculados en las carreteras de EE.UU., pero suponen el 9% de todos los accidentes de tr\u00e1fico. <a href=\"https:\/\/www.briskmanandbriskman.com\/es\/areas-de-practica\/abogados-de-accidentes-de-camiones-en-chicago-2\/abogados-de-accidentes-de-coche-mortales-en-chicago\/\" data-type=\"page\" data-id=\"9910\">veh\u00edculos implicados en accidentes mortales<\/a>.<\/p>\n\n\n\n<p>Cuando un <a href=\"https:\/\/www.briskmanandbriskman.com\/es\/lugares\/waukegan\/abogados-de-accidentes-de-camiones-2\/\">un cami\u00f3n grande se ve implicado en un accidente<\/a>El riesgo de muerte o lesiones graves es mayor para las personas que se encuentran fuera del veh\u00edculo. El NSC afirma que 4.965 personas murieron en un accidente de cami\u00f3n en 2020. De ellas, el 71% estaba dentro de otro veh\u00edculo, como un turismo, cuando se produjo el accidente. El 12% no estaba dentro del cami\u00f3n ni de ning\u00fan otro veh\u00edculo, incluidos peatones y ciclistas.<\/p>\n\n\n\n<p>Tambi\u00e9n es m\u00e1s probable que los heridos graves se encuentren fuera del cami\u00f3n que el conductor o los pasajeros. En 2020, el 68% de las personas heridas en accidentes de camiones grandes estaban dentro de otro veh\u00edculo cuando se produjo la lesi\u00f3n. Alrededor del dos por ciento de los ciclistas, peatones y otros no ocupantes tambi\u00e9n resultaron heridos.<\/p>\n\n\n\n<p>Los tipos de lesiones m\u00e1s comunes en los accidentes de camiones grandes incluyen:<\/p>\n\n\n\n<ul class=\"wp-block-list\">\n<li><strong>Lesiones craneales y cerebrales.<\/strong> Las lesiones cerebrales traum\u00e1ticas pueden causar problemas persistentes o permanentes de pensamiento, planificaci\u00f3n, memoria, estado de \u00e1nimo, comportamiento y concentraci\u00f3n. <a href=\"https:\/\/www.briskmanandbriskman.com\/es\/areas-de-practica\/chicago-brain-injury-lawyer\/\">Lesiones cerebrales<\/a> tambi\u00e9n pueden afectar al funcionamiento de los \u00f3rganos y al control motor. Tambi\u00e9n pueden producirse otras lesiones en la cabeza, como fracturas de cr\u00e1neo, da\u00f1os en los \u00f3rganos sensoriales y cicatrices.<\/li>\n\n\n\n<li><strong>Lesiones de cuello, espalda y m\u00e9dula espinal.<\/strong> <a href=\"https:\/\/www.briskmanandbriskman.com\/es\/areas-de-practica\/chicago-cuello-espalda-lesiones-abogados\/\">Da\u00f1os en el cuello, la espalda y la m\u00e9dula espinal<\/a> puede afectar permanentemente a las funciones corporales ordinarias. Las lesiones medulares pueden provocar par\u00e1lisis y otras discapacidades de por vida. Las lesiones de cuello y espalda pueden provocar dolor persistente y dificultad para realizar las actividades habituales, aunque la m\u00e9dula espinal no est\u00e9 afectada.<\/li>\n\n\n\n<li><strong>Quemaduras.<\/strong> Un incendio puede originarse durante un choque si partes del veh\u00edculo se da\u00f1an, se sobrecalientan o se inflaman. En estas situaciones, pueden producirse quemaduras. Las quemaduras por fricci\u00f3n o \"erupciones en la carretera\" tambi\u00e9n pueden producirse en un accidente de cami\u00f3n.<\/li>\n\n\n\n<li><strong>Huesos rotos.<\/strong> Las intensas fuerzas presentes en un choque de camiones grandes pueden provocar f\u00e1cilmente fracturas \u00f3seas. Los huesos rotos pueden requerir cirug\u00eda para corregirlos, especialmente si el da\u00f1o es extenso. En algunos casos, los da\u00f1os en una extremidad son tan graves que es necesaria la amputaci\u00f3n.<\/li>\n\n\n\n<li><strong>Da\u00f1os en \u00f3rganos, m\u00fasculos, nervios y tejidos blandos.<\/strong> Durante un choque de camiones grandes pueden producirse lesiones en \u00f3rganos internos, m\u00fasculos, nervios y otras estructuras corporales. Estas lesiones pueden causar problemas m\u00e9dicos continuos. En algunos casos, estas lesiones son permanentes.<\/li>\n<\/ul>\n\n\n\n<p>Seg\u00fan el Instituto de Seguros para la Seguridad en las Carreteras, en 2020 el diez por ciento de todas las muertes por colisi\u00f3n de veh\u00edculos de motor afectaron a camiones grandes. Sin embargo, el 97% de las muertes en colisiones entre camiones grandes y veh\u00edculos de pasajeros afectaron a los ocupantes de los veh\u00edculos de pasajeros. En total, el 74% de <a href=\"https:\/\/www.briskmanandbriskman.com\/es\/areas-de-practica\/muerte-por-negligencia\/\">accidentes mortales de camiones<\/a> implicaron a cabezas tractoras, mientras que s\u00f3lo el 27% implic\u00f3 a otros tipos de camiones.<\/p>\n\n\n\n<p>Las carreteras principales que no son autopistas son el lugar m\u00e1s com\u00fan para los accidentes de camiones grandes. En 2020, el 47% de los accidentes se produjeron en estas carreteras, que incluyen autopistas estatales y otras v\u00edas p\u00fablicas. S\u00f3lo el 36% de los accidentes mortales de camiones tuvieron lugar en carreteras interestatales y autopistas. El 15% se produjeron en carreteras secundarias o en lugares apartados.<\/p>\n\n\n\n<h3 class=\"wp-block-heading\">Qu\u00e9 esperar durante un caso de accidente de cami\u00f3n Illinois<\/h3>\n\n\n\n<p>A <a href=\"https:\/\/www.briskmanandbriskman.com\/es\/areas-de-practica\/chicago-truck-accident-attorney\/\">demanda por accidente de cami\u00f3n<\/a> pretende responsabilizar a las partes negligentes de los da\u00f1os causados por sus acciones. Estos casos deben seguir las normas establecidas en la legislaci\u00f3n estatal. Tambi\u00e9n deben seguir los procedimientos que rigen todos los casos que pasan por los tribunales Illinois.<\/p>\n\n\n\n<h3 class=\"wp-block-heading\">Plazos para demandas por accidente de cami\u00f3n en Illinois<\/h3>\n\n\n\n<p>En el Illinois, las reclamaciones por accidentes de cami\u00f3n siguen los mismos plazos que otros tipos de <a href=\"https:\/\/www.briskmanandbriskman.com\/es\/lugares\/orlandpark\/abogados-de-danos-personales\/\">casos de lesiones personales<\/a>. Una persona lesionada tiene dos a\u00f1os a partir de la fecha de la lesi\u00f3n en Illinois para presentar su reclamaci\u00f3n por accidente de cami\u00f3n. Si se presenta una demanda una vez transcurrido este plazo de dos a\u00f1os, el tribunal desestimar\u00e1 la demanda sin o\u00edrla.<\/p>\n\n\n\n<p>No obstante, algunos factores pueden modificar la forma en que el tribunal calcula el plazo de dos a\u00f1os. Por ejemplo:<\/p>\n\n\n\n<ul class=\"wp-block-list\">\n<li>Si no pudo saber que estaba lesionado hasta despu\u00e9s de la fecha del accidente, los dos a\u00f1os pueden contar a partir de la fecha en que pudo conocer la lesi\u00f3n, en lugar de la fecha del accidente.<\/li>\n\n\n\n<li>En el caso de los menores lesionados, el periodo de dos a\u00f1os se cuenta a partir de la fecha en que cumplen 18 a\u00f1os y no a partir de la fecha del accidente.<\/li>\n\n\n\n<li>Para las personas que no tienen capacidad legal para presentar una demanda en la fecha de su lesi\u00f3n, el plazo de dos a\u00f1os empieza a contar en la fecha en que recuperan esa capacidad legal.<\/li>\n<\/ul>\n\n\n\n<p>Hay otros factores que tambi\u00e9n pueden afectar a los plazos de una reclamaci\u00f3n por accidente de cami\u00f3n. Incluso si usted piensa que su l\u00edmite de tiempo de dos a\u00f1os ha pasado, <a href=\"https:\/\/www.briskmanandbriskman.com\/es\/abogados-de-accidentes-de-camiones-en-chicago-2\/\">hable con un abogado experto en accidentes de cami\u00f3n Orland Park<\/a>. Un abogado puede darle m\u00e1s informaci\u00f3n sobre c\u00f3mo se aplica el plazo a su situaci\u00f3n.<\/p>\n\n\n\n<h3 class=\"wp-block-heading\">Da\u00f1os y perjuicios en siniestros de camiones Orland Park<\/h3>\n\n\n\n<p>Los da\u00f1os y perjuicios existen para compensar a una persona lesionada que demuestra que la negligencia de otra persona caus\u00f3 sus lesiones. Los da\u00f1os y perjuicios se centran en lo que la persona lesionada ha perdido como consecuencia de sus lesiones.<\/p>\n\n\n\n<p>Estas p\u00e9rdidas suelen agruparse en dos categor\u00edas.<\/p>\n\n\n\n<h4 class=\"wp-block-heading\">Da\u00f1os econ\u00f3micos<\/h4>\n\n\n\n<p>Los da\u00f1os econ\u00f3micos se centran en las p\u00e9rdidas financieras. Los tipos comunes de da\u00f1os econ\u00f3micos en los casos de accidentes de camiones incluyen:<\/p>\n\n\n\n<ul class=\"wp-block-list\">\n<li>Facturas m\u00e9dicas, incluidas las de urgencias y hospital, medicamentos recetados, equipos m\u00e9dicos, terapia y rehabilitaci\u00f3n,<\/li>\n\n\n\n<li>Salarios perdidos si su lesi\u00f3n le impide trabajar,<\/li>\n\n\n\n<li>Costes relacionados con su lesi\u00f3n, como gastos de transporte de ida y vuelta a las citas m\u00e9dicas,<\/li>\n\n\n\n<li>El coste de reparar o sustituir su veh\u00edculo si tambi\u00e9n result\u00f3 da\u00f1ado en el accidente.<\/li>\n<\/ul>\n\n\n\n<p>Estas p\u00e9rdidas suelen demostrarse con recibos, facturas, talones de pago y otra documentaci\u00f3n. Su abogado puede ayudarle a determinar qu\u00e9 documentaci\u00f3n debe guardar.<\/p>\n\n\n\n<h4 class=\"wp-block-heading\">Da\u00f1os no econ\u00f3micos<\/h4>\n\n\n\n<p>Las p\u00e9rdidas no econ\u00f3micas son reales y a menudo devastadoras, pero no dejan tras de s\u00ed una factura. Estas p\u00e9rdidas son m\u00e1s bien personales.<\/p>\n\n\n\n<p>Los da\u00f1os no econ\u00f3micos comunes en las reclamaciones por accidentes de camiones Orland Park incluyen:<\/p>\n\n\n\n<ul class=\"wp-block-list\">\n<li>El dolor y el sufrimiento infligidos por el accidente y sus lesiones,<\/li>\n\n\n\n<li>P\u00e9rdida del disfrute de la vida si sus lesiones le impiden hacer las cosas que antes le gustaban.<\/li>\n\n\n\n<li>Cicatrices y desfiguraci\u00f3n por el accidente o la atenci\u00f3n m\u00e9dica resultante.<\/li>\n<\/ul>\n\n\n\n<p>Para determinar el alcance total de sus da\u00f1os no econ\u00f3micos, su abogado puede hacerle preguntas sobre su experiencia en el accidente. Pueden explorar c\u00f3mo era su vida antes y c\u00f3mo es ahora. Responder honestamente a estas preguntas puede ayudarle a procesar lo que le ocurri\u00f3 y a obtener la indemnizaci\u00f3n que merece.<\/p>\n\n\n\n<h2 class=\"wp-block-heading\">Hable hoy mismo con un abogado experto en lesiones Orland Park<\/h2>\n\n\n\n<p>Los accidentes de cami\u00f3n pueden ser devastadores. Lo que usted pensaba que era un d\u00eda normal se convirti\u00f3 en todo su mundo al rev\u00e9s. Usted puede estar luchando para recuperarse de lesiones graves, luchando para encontrar la manera de mantener a su familia, y la preocupaci\u00f3n de que nada volver\u00e1 a ser lo mismo.<\/p>\n\n\n\n<p>Si esto le resulta familiar, no est\u00e1 solo. En <a href=\"https:\/\/www.briskmanandbriskman.com\/es\/areas-de-practica\/chicago-truck-accident-attorney\/\">abogados expertos en accidentes de cami\u00f3n Orland Park<\/a> en <a href=\"https:\/\/www.briskmanandbriskman.com\/es\/\">Briskman, Briskman Y Greenberg<\/a> han manejado muchos casos similares. Sabemos lo dif\u00edcil que es recuperarse de un accidente de cami\u00f3n - y lo mucho que las personas lesionadas y sus familias necesitan la compensaci\u00f3n que merecen despu\u00e9s de un accidente. Para saber m\u00e1s sobre sus derechos y opciones legales, <a href=\"https:\/\/www.briskmanandbriskman.com\/es\/abogados-de-accidentes-de-camiones-en-chicago-2\/\">Contacto<\/a> hoy. <a href=\"tel:1-877-595-4878\">Llame al 1.877.595.4878<\/a> para una consulta gratuita y confidencial con uno de <a href=\"https:\/\/www.briskmanandbriskman.com\/es\/nuestros-abogados\/\">nuestros abogados<\/a>.<\/p>","protected":false},"excerpt":{"rendered":"<p>Debido a su ubicaci\u00f3n cerca de la I-80, Orland Park ve un tr\u00e1fico de camiones significativo. Por la zona pasan grandes camiones semirremolque que transportan mercanc\u00edas por todo el pa\u00eds. Otros camiones, incluidos camiones caja y veh\u00edculos de construcci\u00f3n, tambi\u00e9n pasan a diario por la Orland Park, entregando paquetes y realizando otras tareas esenciales. Los camiones son una parte esencial de la econom\u00eda...<\/p>","protected":false},"author":1,"featured_media":11027,"parent":6531,"menu_order":0,"comment_status":"closed","ping_status":"closed","template":"","meta":{"_acf_changed":false,"footnotes":""},"class_list":["post-9231","page","type-page","status-publish","has-post-thumbnail","hentry"],"acf":[],"_links":{"self":[{"href":"https:\/\/www.briskmanandbriskman.com\/es\/wp-json\/wp\/v2\/pages\/9231","targetHints":{"allow":["GET"]}}],"collection":[{"href":"https:\/\/www.briskmanandbriskman.com\/es\/wp-json\/wp\/v2\/pages"}],"about":[{"href":"https:\/\/www.briskmanandbriskman.com\/es\/wp-json\/wp\/v2\/types\/page"}],"author":[{"embeddable":true,"href":"https:\/\/www.briskmanandbriskman.com\/es\/wp-json\/wp\/v2\/users\/1"}],"replies":[{"embeddable":true,"href":"https:\/\/www.briskmanandbriskman.com\/es\/wp-json\/wp\/v2\/comments?post=9231"}],"version-history":[{"count":3,"href":"https:\/\/www.briskmanandbriskman.com\/es\/wp-json\/wp\/v2\/pages\/9231\/revisions"}],"predecessor-version":[{"id":12545,"href":"https:\/\/www.briskmanandbriskman.com\/es\/wp-json\/wp\/v2\/pages\/9231\/revisions\/12545"}],"up":[{"embeddable":true,"href":"https:\/\/www.briskmanandbriskman.com\/es\/wp-json\/wp\/v2\/pages\/6531"}],"wp:featuredmedia":[{"embeddable":true,"href":"https:\/\/www.briskmanandbriskman.com\/es\/wp-json\/wp\/v2\/media\/11027"}],"wp:attachment":[{"href":"https:\/\/www.briskmanandbriskman.com\/es\/wp-json\/wp\/v2\/media?parent=9231"}],"curies":[{"name":"wp","href":"https:\/\/api.w.org\/{rel}","templated":true}]}}