{"id":923,"date":"2011-03-18T12:04:41","date_gmt":"2011-03-18T12:04:41","guid":{"rendered":"http:\/\/adviahost.com\/~briskman\/?page_id=136"},"modified":"2024-09-23T21:14:39","modified_gmt":"2024-09-23T21:14:39","slug":"centros-de-informacion","status":"publish","type":"page","link":"https:\/\/www.briskmanandbriskman.com\/es\/information-centers\/","title":{"rendered":"Chicago Centros de informaci\u00f3n sobre lesiones"},"content":{"rendered":"<h4>Valoraci\u00f3n de T.V.<\/h4><p>\"Recomiendo encarecidamente BB&amp;G... \u00a1Le dar\u00eda 10 estrellas si pudiera!\".<\/p>\n\t\t\t\t<h4>Valoraci\u00f3n de G.V.<\/h4><p>\"\u00a1Estoy muy contenta con la representaci\u00f3n de BB&amp;G!\".<\/p>\n\t\t\t\t<h4>Valoraci\u00f3n de M.S.<\/h4><p>\"Los abogados de BBG fueron excepcionales. El resultado fue mejor de lo que esper\u00e1bamos\".<\/p>\n\t\t\t\t<h4>Valoraci\u00f3n de R.G.<\/h4><p>\"Desde el momento en que contact\u00e9 con este bufete me trataron como de la familia\".<\/p>\n\t\t\t\t<h4>Valoraci\u00f3n de A.H.<\/h4><p>\"No podr\u00edamos estar m\u00e1s contentos con el resultado ni con el excelente servicio\".<\/p>\n\t\t\t\t<h4>Valoraci\u00f3n de V.A.<\/h4><p>\"Nos sentimos muy seguros y confiados con su representaci\u00f3n\".<\/p>\n\t\t\t\t<h4>Valoraci\u00f3n de J.P.<\/h4><p>\"Briskman Briskman &amp; Greenberg es una fuerza legal a tener en cuenta\".<\/p>\n\t\t\t\t<h4>Valoraci\u00f3n de T.Z.<\/h4><p>\"Estoy contento con c\u00f3mo han llevado mi caso y recomiendo llamarles\".<\/p>\n\t\t\t\t<h4>Valoraci\u00f3n de K.N.<\/h4><p>\"Proceso muy f\u00e1cil con la ayuda de estas incre\u00edbles personas. Resultado muy feliz\".<\/p>\n\n\t\t\t<a href=\"\" target=\"_self\" rel=\"noopener\">\n\t\t\t\t\t\t\tCONSULTA GRATUITA\n\t\t\t\t\t<\/a>\n<h1>\n\t\tCentros de informaci\u00f3n sobre lesiones personales\n\t<\/h1>\n\t\t\t\t<img loading=\"lazy\" decoding=\"async\" src=\"https:\/\/www.briskmanandbriskman.com\/wp-content\/uploads\/2024\/02\/circle-quote-legal-force-final.svg\" alt=\"circle-quote-legal-force-final\" itemprop=\"image\" height=\"550\" width=\"550\" title=\"circle-quote-legal-force-final\" onerror=\"this.style.display='none'\"  \/>\n\t<p>Si ha sufrido lesiones o ha perdido a un ser querido debido a la negligencia o mala conducta de otra persona, podr\u00eda tener derecho legalmente a una indemnizaci\u00f3n. Para obtener m\u00e1s informaci\u00f3n sobre su derecho a una indemnizaci\u00f3n por da\u00f1os y perjuicios, p\u00f3ngase en contacto con nuestro bufete para <a href=\"https:\/\/www.briskmanandbriskman.com\/es\/abogados-de-accidentes-de-camiones-en-chicago-2\/\">programar una consulta gratuita<\/a>. Estamos de su lado: Cuando tenga preguntas sobre su caso, queremos que sepa que nuestros abogados tendr\u00e1n las respuestas que necesita.<\/p>\n<p>Para responder a algunas de sus preguntas iniciales sobre <a href=\"https:\/\/www.briskmanandbriskman.com\/es\/\">reclamaciones por da\u00f1os personales<\/a>, <a href=\"https:\/\/www.briskmanandbriskman.com\/es\/areas-de-practica\/indemnizacion-por-accidente-laboral\/\">indemnizaci\u00f3n por accidente laboral<\/a>, <a href=\"https:\/\/www.briskmanandbriskman.com\/es\/areas-de-practica\/muerte-por-negligencia\/\">muerte por negligencia<\/a>, <a href=\"https:\/\/www.briskmanandbriskman.com\/es\/areas-de-practica\/abogados-de-responsabilidad-civil-de-locales-de-chicago\/\">propiedad insegura<\/a> o <a href=\"https:\/\/www.briskmanandbriskman.com\/es\/areas-de-practica\/negligencia-medica\/\">negligencia m\u00e9dica<\/a>hemos desarrollado centros de informaci\u00f3n gratuitos.<\/p>\n<h5>\n\t\tCENTROS DE INFORMACI\u00d3N\n\t<\/h5>\n\t\t\t\t<a href=\"https:\/\/www.briskmanandbriskman.com\/es\/centros-de-informacion\/danos-personales\/\" target=\"_self\" itemprop=\"url\" rel=\"noopener\">\n\t\t\t\t<img loading=\"lazy\" decoding=\"async\" src=\"https:\/\/www.briskmanandbriskman.com\/wp-content\/uploads\/2024\/03\/icon_personal_injury.svg\" alt=\"Icono de da\u00f1os personales\" itemprop=\"image\" height=\"100\" width=\"100\" title=\"icon_da\u00f1o_personal\" onerror=\"this.style.display='none'\"  \/>\n\t\t\t\t<\/a>\n<h3>\n\t\t<a href=\"https:\/\/www.briskmanandbriskman.com\/es\/centros-de-informacion\/danos-personales\/\" title=\"Da\u00f1os corporales\" target=\"_self\" rel=\"noopener\">\n\t\tDa\u00f1os corporales\n\t\t<\/a>\n\t<\/h3>\n\t\t\t\t<a href=\"https:\/\/www.briskmanandbriskman.com\/es\/centros-de-informacion\/centro-de-mordeduras-de-perro\/\" target=\"_self\" itemprop=\"url\" rel=\"noopener\">\n\t\t\t\t<img loading=\"lazy\" decoding=\"async\" src=\"https:\/\/www.briskmanandbriskman.com\/wp-content\/uploads\/2024\/03\/icon_dog_bites_green.svg\" alt=\"Icono de mordedura de perro\" itemprop=\"image\" height=\"100\" width=\"100\" title=\"icon_perro_muerde_verde\" onerror=\"this.style.display='none'\"  \/>\n\t\t\t\t<\/a>\n<h3>\n\t\t<a href=\"https:\/\/www.briskmanandbriskman.com\/es\/centros-de-informacion\/centro-de-mordeduras-de-perro\/\" title=\"Mordeduras de perro\" target=\"_self\" rel=\"noopener\">\n\t\tMordeduras de perro\n\t\t<\/a>\n\t<\/h3>\n\t\t\t\t<a href=\"https:\/\/www.briskmanandbriskman.com\/es\/centros-de-informacion\/accidentes-de-trafico\/\" target=\"_self\" itemprop=\"url\" rel=\"noopener\">\n\t\t\t\t<img loading=\"lazy\" decoding=\"async\" src=\"https:\/\/www.briskmanandbriskman.com\/wp-content\/uploads\/2024\/03\/icon_car_accidents.svg\" alt=\"Icono de accidente de coche\" itemprop=\"image\" height=\"100\" width=\"100\" title=\"icon_accidentes_coche\" onerror=\"this.style.display='none'\"  \/>\n\t\t\t\t<\/a>\n<h3>\n\t\t<a href=\"https:\/\/www.briskmanandbriskman.com\/es\/centros-de-informacion\/accidentes-de-trafico\/\" title=\"Accidentes de tr\u00e1fico\" target=\"_self\" rel=\"noopener\">\n\t\tAccidentes de tr\u00e1fico\n\t\t<\/a>\n\t<\/h3>\n\t\t\t\t<a href=\"https:\/\/www.briskmanandbriskman.com\/es\/centros-de-informacion\/centro-de-muerte-por-negligencia\/\" target=\"_self\" itemprop=\"url\" rel=\"noopener\">\n\t\t\t\t<img loading=\"lazy\" decoding=\"async\" src=\"https:\/\/www.briskmanandbriskman.com\/wp-content\/uploads\/2024\/03\/icon_wrongful_death2.svg\" alt=\"icon_muerte_incorrecta2\" itemprop=\"image\" height=\"100\" width=\"100\" title=\"icon_muerte_incorrecta2\" onerror=\"this.style.display='none'\"  \/>\n\t\t\t\t<\/a>\n<h3>\n\t\t<a href=\"https:\/\/www.briskmanandbriskman.com\/es\/centros-de-informacion\/centro-de-muerte-por-negligencia\/\" title=\"Muerte por negligencia\" target=\"_self\" rel=\"noopener\">\n\t\tMuerte por negligencia\n\t\t<\/a>\n\t<\/h3>\n\t\t\t\t<a href=\"https:\/\/www.briskmanandbriskman.com\/es\/centros-de-informacion\/centro-de-compensacion-de-trabajadores\/\" target=\"_self\" itemprop=\"url\" rel=\"noopener\">\n\t\t\t\t<img loading=\"lazy\" decoding=\"async\" src=\"https:\/\/www.briskmanandbriskman.com\/wp-content\/uploads\/2024\/03\/icon_work_injury.svg\" alt=\"icon_trabajo_lesion\" itemprop=\"image\" height=\"100\" width=\"100\" title=\"icon_trabajo_lesion\" onerror=\"this.style.display='none'\"  \/>\n\t\t\t\t<\/a>\n<h3>\n\t\t<a href=\"https:\/\/www.briskmanandbriskman.com\/es\/centros-de-informacion\/centro-de-compensacion-de-trabajadores\/\" title=\"Lesiones laborales\" target=\"_self\" rel=\"noopener\">\n\t\tLesiones laborales\n\t\t<\/a>\n\t<\/h3>\n\t\t\t\t<a href=\"https:\/\/www.briskmanandbriskman.com\/es\/centros-de-informacion\/centro-de-negligencias-medicas\/\" target=\"_self\" itemprop=\"url\" rel=\"noopener\">\n\t\t\t\t<img loading=\"lazy\" decoding=\"async\" src=\"https:\/\/www.briskmanandbriskman.com\/wp-content\/uploads\/2024\/03\/icon_med_mal.svg\" alt=\"icon_med_mal\" itemprop=\"image\" height=\"100\" width=\"100\" title=\"icon_med_mal\" onerror=\"this.style.display='none'\"  \/>\n\t\t\t\t<\/a>\n<h3>\n\t\t<a href=\"https:\/\/www.briskmanandbriskman.com\/es\/centros-de-informacion\/centro-de-negligencias-medicas\/\" title=\"Negligencias m\u00e9dicas\" target=\"_self\" rel=\"noopener\">\n\t\tNegligencias m\u00e9dicas\n\t\t<\/a>\n\t<\/h3>\n<h3>\n\t\tInfograf\u00eda sobre lesiones personales\n\t<\/h3>\n\t\t\t<a href=\"https:\/\/www.briskmanandbriskman.com\/es\/infografia\/\" target=\"_self\" rel=\"noopener\">\n\t\t\t\t\t\t\tVer m\u00e1s infograf\u00edas\n\t\t\t\t\t<\/a>\n<h3>\n\t\tLibros electr\u00f3nicos sobre da\u00f1os personales\n\t<\/h3>\n\t\t\t\t<a href=\"https:\/\/www.briskmanandbriskman.com\/wp-content\/uploads\/2024\/03\/Briskman-PI-ebook_24.pdf\" target=\"_blank\" rel=\"noopener\" itemprop=\"url\">\n\t\t\t\t<img loading=\"lazy\" decoding=\"async\" src=\"https:\/\/www.briskmanandbriskman.com\/wp-content\/uploads\/2024\/03\/Briskman-PI-ebook_cover.jpg\" alt=\"Obtener justicia tras un da\u00f1o personal - Ebook\" itemprop=\"image\" height=\"2400\" width=\"1855\" title=\"Obtener justicia tras un da\u00f1o personal - Ebook\" onerror=\"this.style.display='none'\"  \/>\n\t\t\t\t<\/a>\n\t\t\t<a href=\"https:\/\/www.briskmanandbriskman.com\/wp-content\/uploads\/2024\/03\/Briskman-PI-ebook_24.pdf\" target=\"_blank\" rel=\"noopener\">\n\t\t\t\t\t\t\tDescargar\n\t\t\t\t\t<\/a>\n\t\t\t\t<a href=\"https:\/\/www.briskmanandbriskman.com\/wp-content\/uploads\/2024\/03\/Briskman-Dog-Bite-eBook-24.pdf\" target=\"_blank\" rel=\"noopener\" itemprop=\"url\">\n\t\t\t\t<img loading=\"lazy\" decoding=\"async\" src=\"https:\/\/www.briskmanandbriskman.com\/wp-content\/uploads\/2024\/03\/Briskman-DogBite-ebook_cover.jpg\" alt=\"Descargue nuestro ebook sobre mordeduras de perro\" itemprop=\"image\" height=\"2400\" width=\"1855\" title=\"Briskman-Cubierta de libro de mordedura de perro\" onerror=\"this.style.display='none'\"  \/>\n\t\t\t\t<\/a>\n\t\t\t<a href=\"https:\/\/www.briskmanandbriskman.com\/wp-content\/uploads\/2024\/03\/Briskman-Dog-Bite-eBook-24.pdf\" target=\"_blank\" rel=\"noopener\">\n\t\t\t\t\t\t\tDescargar\n\t\t\t\t\t<\/a>\n\t\t\t\t<a href=\"https:\/\/www.briskmanandbriskman.com\/wp-content\/uploads\/2024\/03\/Briskman-truck-accident-ebook-24.pdf\" target=\"_blank\" rel=\"noopener\" itemprop=\"url\">\n\t\t\t\t<img loading=\"lazy\" decoding=\"async\" src=\"https:\/\/www.briskmanandbriskman.com\/wp-content\/uploads\/2024\/03\/Briskman-TruckAccident-ebook_cover.jpg\" alt=\"Descargar el ebook sobre accidentes de cami\u00f3n de BB&amp;G\" itemprop=\"image\" height=\"2400\" width=\"1855\" title=\"Briskman-TruckAccident-cubierta_ebook\" onerror=\"this.style.display='none'\"  \/>\n\t\t\t\t<\/a>\n\t\t\t<a href=\"https:\/\/www.briskmanandbriskman.com\/wp-content\/uploads\/2024\/03\/Briskman-truck-accident-ebook-24.pdf\" target=\"_blank\" rel=\"noopener\">\n\t\t\t\t\t\t\tDescargar\n\t\t\t\t\t<\/a>","protected":false},"excerpt":{"rendered":"<p>Valoraci\u00f3n de T.V. \"Recomiendo encarecidamente BB&amp;G... \u00a1Le dar\u00eda 10 estrellas si pudiera!\" Evaluaci\u00f3n de G.V. \"\u00a1Estoy muy satisfecho con la representaci\u00f3n de BB&amp;G!\" Valoraci\u00f3n de M.S. \"Los abogados de BBG fueron excepcionales. El resultado fue mejor de lo que esper\u00e1bamos\". Rese\u00f1a de R.G. \"Desde el momento en que me puse en contacto con este bufete...<\/p>","protected":false},"author":1,"featured_media":11090,"parent":0,"menu_order":0,"comment_status":"closed","ping_status":"closed","template":"","meta":{"_acf_changed":false,"footnotes":""},"class_list":["post-923","page","type-page","status-publish","has-post-thumbnail","hentry"],"acf":[],"_links":{"self":[{"href":"https:\/\/www.briskmanandbriskman.com\/es\/wp-json\/wp\/v2\/pages\/923","targetHints":{"allow":["GET"]}}],"collection":[{"href":"https:\/\/www.briskmanandbriskman.com\/es\/wp-json\/wp\/v2\/pages"}],"about":[{"href":"https:\/\/www.briskmanandbriskman.com\/es\/wp-json\/wp\/v2\/types\/page"}],"author":[{"embeddable":true,"href":"https:\/\/www.briskmanandbriskman.com\/es\/wp-json\/wp\/v2\/users\/1"}],"replies":[{"embeddable":true,"href":"https:\/\/www.briskmanandbriskman.com\/es\/wp-json\/wp\/v2\/comments?post=923"}],"version-history":[{"count":8,"href":"https:\/\/www.briskmanandbriskman.com\/es\/wp-json\/wp\/v2\/pages\/923\/revisions"}],"predecessor-version":[{"id":13617,"href":"https:\/\/www.briskmanandbriskman.com\/es\/wp-json\/wp\/v2\/pages\/923\/revisions\/13617"}],"wp:featuredmedia":[{"embeddable":true,"href":"https:\/\/www.briskmanandbriskman.com\/es\/wp-json\/wp\/v2\/media\/11090"}],"wp:attachment":[{"href":"https:\/\/www.briskmanandbriskman.com\/es\/wp-json\/wp\/v2\/media?parent=923"}],"curies":[{"name":"wp","href":"https:\/\/api.w.org\/{rel}","templated":true}]}}