{"id":9226,"date":"2023-03-08T21:47:31","date_gmt":"2023-03-08T21:47:31","guid":{"rendered":"https:\/\/www.briskmanandbriskman.com\/?page_id=9226"},"modified":"2024-04-15T17:09:55","modified_gmt":"2024-04-15T17:09:55","slug":"abogados-especializados-en-negligencias-medicas","status":"publish","type":"page","link":"https:\/\/www.briskmanandbriskman.com\/es\/locations\/orlandpark\/medical-malpractice-lawyers\/","title":{"rendered":"Orland Park Abogados de negligencia m\u00e9dica"},"content":{"rendered":"<p>Como parte del \u00e1rea metropolitana de Chicagoland, Orland Park ofrece f\u00e1cil acceso a varios hospitales de renombre mundial, as\u00ed como a otros consultorios m\u00e9dicos. Tanto los residentes como los visitantes de Orland Park pueden confiar en estos proveedores m\u00e9dicos en momentos de necesidad.<\/p>\n\n\n\n<p>Los residentes de Orland Park que acuden a m\u00e9dicos y hospitales lo hacen porque necesitan ayuda. Conf\u00edan en que los profesionales sanitarios que les atienden actuar\u00e1n con habilidad y cuidado para tratar su dolencia sin empeorar la situaci\u00f3n. Cuando los profesionales no est\u00e1n a la altura de esta confianza, pueden producirse graves da\u00f1os.<\/p>\n\n\n\n<p>Si ha sufrido lesiones y sospecha que la culpa es de una negligencia m\u00e9dica, no espere: hable con un <a href=\"https:\/\/www.briskmanandbriskman.com\/es\/areas-de-practica\/negligencia-medica\/\">abogado experto en negligencias m\u00e9dicas Orland Park<\/a> inmediatamente. El equipo de Briskman Briskman &amp; Greenberg est\u00e1 a su disposici\u00f3n para responder a sus preguntas y proporcionarle informaci\u00f3n.<\/p>\n\n\n\n<h3 class=\"wp-block-heading\">Causas de las demandas por negligencia m\u00e9dica<\/h3>\n\n\n\n<p>Los errores m\u00e9dicos pueden ser la tercera causa de muerte en Estados Unidos, seg\u00fan un estudio de 2016 de la Universidad Johns Hopkins. Los errores m\u00e9dicos m\u00e1s comunes incluyen:<\/p>\n\n\n\n<ul class=\"wp-block-list\">\n<li><strong>No diagnosticar correctamente una enfermedad.<\/strong> La falta de diagn\u00f3stico correcto de una enfermedad es responsable de casi un tercio de todas las demandas por negligencia m\u00e9dica. La falta de diagn\u00f3stico, el diagn\u00f3stico err\u00f3neo o el diagn\u00f3stico tard\u00edo suponen el riesgo de que el paciente siga sufriendo da\u00f1os.<\/li>\n\n\n\n<li><strong>Lesiones durante el tratamiento.<\/strong> Aproximadamente un tercio de todas las demandas por negligencia m\u00e9dica se refieren a lesiones sufridas durante un tratamiento m\u00e9dico. Esta categor\u00eda incluye errores quir\u00fargicos y otras formas de lesiones por tratamiento.<\/li>\n\n\n\n<li><strong>Errores de documentaci\u00f3n que provocan da\u00f1os.<\/strong> La falta de informaci\u00f3n o la informaci\u00f3n incorrecta en la historia cl\u00ednica de un paciente puede dar lugar a que el personal m\u00e9dico administre un tratamiento equivocado, exponga a los pacientes a al\u00e9rgenos conocidos u otros errores que causen da\u00f1os graves.<\/li>\n\n\n\n<li><strong>Errores de medicaci\u00f3n.<\/strong> La Administraci\u00f3n de Alimentos y Medicamentos de Estados Unidos (FDA) calcula que <a href=\"https:\/\/www.briskmanandbriskman.com\/es\/areas-de-practica\/medication-errors\/\">errores de medicaci\u00f3n<\/a> causan cada a\u00f1o 1,3 millones de lesiones en Estados Unidos y se cobran casi 400 vidas al a\u00f1o.<\/li>\n<\/ul>\n\n\n\n<p>La negligencia m\u00e9dica se produce cuando un proveedor de servicios m\u00e9dicos no cumple las normas de atenci\u00f3n al tratar a un paciente, caus\u00e1ndole da\u00f1os. Aunque no todos los errores m\u00e9dicos pueden causar da\u00f1os o alcanzar el nivel de negligencia m\u00e9dica, los que lo hacen pasan factura a los pacientes lesionados.<\/p>\n\n\n\n<h3 class=\"wp-block-heading\">Lesiones comunes sufridas en casos de negligencia m\u00e9dica<\/h3>\n\n\n\n<p>La negligencia m\u00e9dica puede provocar una amplia gama de lesiones. El tipo espec\u00edfico y el grado de lesi\u00f3n son \u00fanicos para cada individuo, su situaci\u00f3n m\u00e9dica y los acontecimientos a los que se enfrent\u00f3.<\/p>\n\n\n\n<h4 class=\"wp-block-heading\">Lesiones por diagn\u00f3stico err\u00f3neo<\/h4>\n\n\n\n<p>Los diagn\u00f3sticos err\u00f3neos, tard\u00edos o incorrectos pueden provocar muchas lesiones graves. Por ejemplo:<\/p>\n\n\n\n<ul class=\"wp-block-list\">\n<li>Una enfermedad que no se diagnostica a tiempo puede seguir empeorando. Puede perder la oportunidad de tratar la enfermedad en sus primeras fases. En algunos casos, la enfermedad puede agravarse tanto que el tratamiento deja de ser una opci\u00f3n.<\/li>\n\n\n\n<li>Un diagn\u00f3stico incorrecto puede llevarle a recibir tratamiento para una enfermedad que no padece. Puede sufrir efectos adversos por recibir un tratamiento equivocado. Mientras tanto, la enfermedad que padece no recibe tratamiento. En algunos casos, el tratamiento de una enfermedad que no padece entra en conflicto con la enfermedad que padece, empeorando su salud.<\/li>\n<\/ul>\n\n\n\n<p>En algunos pacientes, un diagn\u00f3stico incorrecto o tard\u00edo provoca lesiones graves o la muerte.<\/p>\n\n\n\n<h4 class=\"wp-block-heading\">Lesiones al nacer<\/h4>\n\n\n\n<p><a href=\"https:\/\/www.briskmanandbriskman.com\/es\/areas-de-practica\/abogado-de-lesiones-de-nacimiento\/\">Lesiones durante el parto<\/a> son un foco com\u00fan en las demandas por negligencia m\u00e9dica. La negligencia durante la atenci\u00f3n prenatal, el parto o el alumbramiento puede causar da\u00f1os al ni\u00f1o, a los padres o a ambos. Por ejemplo:<\/p>\n\n\n\n<ul class=\"wp-block-list\">\n<li><strong>Lesiones cerebrales permanentes<\/strong> puede producirse si el beb\u00e9 no recibe el ox\u00edgeno adecuado durante el parto. Un parto prolongado, problemas con el cord\u00f3n umbilical y otros problemas pueden cortar el suministro de ox\u00edgeno al beb\u00e9. Una monitorizaci\u00f3n adecuada es esencial para que el personal m\u00e9dico pueda intervenir al primer signo de sufrimiento.<\/li>\n\n\n\n<li><strong>Da\u00f1o nervioso<\/strong> pueden producirse si no se coloca correctamente al beb\u00e9 durante el parto o si se utilizan incorrectamente instrumentos como los f\u00f3rceps. Aunque algunas lesiones nerviosas se curan solas, otras son permanentes.<\/li>\n\n\n\n<li><strong>Huesos rotos<\/strong> puede deberse a problemas durante el parto, como no asegurarse de que el beb\u00e9 est\u00e1 colocado de forma que su clav\u00edcula pueda pasar por el canal del parto.<\/li>\n\n\n\n<li><strong>Nacimiento prematuro<\/strong>, que puede acarrear problemas de salud de por vida, es m\u00e1s probable si los profesionales m\u00e9dicos no controlan adecuadamente a los padres durante el embarazo o si no registran correctamente su historial m\u00e9dico para futuras consultas.<\/li>\n<\/ul>\n\n\n\n<p>Las lesiones de nacimiento pueden provocar discapacidades que requieren cuidados de por vida. <a href=\"https:\/\/www.briskmanandbriskman.com\/es\/abogados-de-accidentes-de-camiones-en-chicago-2\/\">Trabajar con un abogado con experiencia<\/a> puede ayudarle a asegurarse de que busca una indemnizaci\u00f3n que cubra las necesidades de su hijo tanto ahora como en el futuro.<\/p>\n\n\n\n<h4 class=\"wp-block-heading\">Errores quir\u00fargicos y anest\u00e9sicos<\/h4>\n\n\n\n<p>Los errores quir\u00fargicos pueden causar lesiones graves o incluso la muerte. Por ejemplo:<\/p>\n\n\n\n<ul class=\"wp-block-list\">\n<li>Los cirujanos pueden operar la parte del cuerpo equivocada, da\u00f1ar estructuras internas del cuerpo mientras operan o dejar objetos quir\u00fargicos dentro del cuerpo del paciente.<\/li>\n\n\n\n<li>Los equipos de cuidados postoperatorios pueden administrar la medicaci\u00f3n equivocada, introducir infecciones por no seguir procedimientos est\u00e9riles o no dar al paciente la informaci\u00f3n que necesita para cuidarse despu\u00e9s de la intervenci\u00f3n.<\/li>\n<\/ul>\n\n\n\n<p>Los errores en la anestesia pueden provocar lesiones cerebrales, infecciones o incluso la muerte.<\/p>\n\n\n\n<p>En muchos casos de negligencia m\u00e9dica, una persona lesionada y su abogado cuentan con la ayuda de testigos expertos para explicar la conexi\u00f3n precisa entre el da\u00f1o que sufri\u00f3 la persona lesionada y la negligencia que caus\u00f3 ese da\u00f1o. Trabajar con un abogado es la mejor manera de asegurarse de encontrar los expertos adecuados que le ayuden a responsabilizar a cualquier proveedor negligente.<\/p>\n\n\n\n<h3 class=\"wp-block-heading\">Qu\u00e9 esperar durante un caso de negligencia m\u00e9dica Illinois<\/h3>\n\n\n\n<p>Todos los casos de negligencia m\u00e9dica en Illinois siguen una serie de normas y procedimientos establecidos por los tribunales de Illinois. Estas normas y procedimientos incluyen plazos para las demandas por negligencia m\u00e9dica. Tambi\u00e9n incluyen reglas para calcular sus p\u00e9rdidas como resultado de sus lesiones.<\/p>\n\n\n\n<h3 class=\"wp-block-heading\">Plazos por negligencia m\u00e9dica en Illinois<\/h3>\n\n\n\n<p>El Illinois establece los plazos para presentar una demanda por negligencia m\u00e9dica despu\u00e9s de que se produzca una lesi\u00f3n. En t\u00e9rminos generales, una persona lesionada tiene <strong>dos a\u00f1os<\/strong> a partir de la fecha en que supieron o deber\u00edan haber sabido razonablemente que hab\u00edan resultado perjudicados por la negligencia de un proveedor. Si no presentan la demanda ante los tribunales en el plazo de dos a\u00f1os, no podr\u00e1n hacerlo posteriormente.<\/p>\n\n\n\n<p>Sin embargo, hay dos excepciones que pueden afectar al tiempo total de que dispone para presentar una demanda por negligencia m\u00e9dica:<\/p>\n\n\n\n<ul class=\"wp-block-list\">\n<li><strong>Descubrimiento tard\u00edo.<\/strong> El plazo de dos a\u00f1os se cuenta a partir de la fecha en que la persona perjudicada supo, \"o deber\u00eda haber sabido mediante el uso de una diligencia razonable\", que hab\u00eda sufrido lesiones. Sin embargo, este plazo de dos a\u00f1os no es eterno. La ley Illinois establece que las demandas por negligencia m\u00e9dica no pueden presentarse m\u00e1s de <strong>cuatro a\u00f1os<\/strong> despu\u00e9s de que se produzca la presunta negligencia, sin importar cu\u00e1ndo supo o deber\u00eda haber sabido la persona perjudicada.<\/li>\n\n\n\n<li><strong>Lesiones de menores.<\/strong> Si una persona lesionada era menor de 18 a\u00f1os en el momento de su lesi\u00f3n, tiene <strong>ocho a\u00f1os<\/strong> a presentar una demanda por negligencia m\u00e9dica, pero no pueden hacerlo despu\u00e9s de cumplir los 22 a\u00f1os.<\/li>\n<\/ul>\n\n\n\n<p>Adem\u00e1s, el Illinois tiene un requisito de \"declaraci\u00f3n jurada de m\u00e9ritos\". Cuando se presenta una demanda por negligencia m\u00e9dica, la demanda debe incluir una declaraci\u00f3n jurada que ofrezca la opini\u00f3n de un profesional sanitario. La declaraci\u00f3n jurada debe contener ciertos elementos para ser considerada v\u00e1lida. En <a href=\"https:\/\/www.briskmanandbriskman.com\/es\/areas-de-practica\/negligencia-medica\/\">abogado con experiencia en negligencias m\u00e9dicas Illinois<\/a> puede ayudarle a cumplir el requisito de la declaraci\u00f3n jurada dentro de los plazos establecidos por la ley.<\/p>\n\n\n\n<h3 class=\"wp-block-heading\">Da\u00f1os y perjuicios en las demandas por negligencia m\u00e9dica Orland Park<\/h3>\n\n\n\n<p>En las demandas por negligencia m\u00e9dica se pagan da\u00f1os y perjuicios para compensar a la persona lesionada por las p\u00e9rdidas sufridas a consecuencia de la negligencia. Los da\u00f1os y perjuicios en las demandas por negligencia m\u00e9dica suelen clasificarse en dos categor\u00edas.<\/p>\n\n\n\n<p><strong>Da\u00f1os econ\u00f3micos<\/strong> se centran en las p\u00e9rdidas econ\u00f3micas: dinero que ha pagado o perdido y que no habr\u00eda tenido que pagar si no se hubiera lesionado. Los gastos m\u00e9dicos, los salarios perdidos, el kilometraje de ida y vuelta a las citas y otros gastos similares entran dentro de los da\u00f1os econ\u00f3micos.<\/p>\n\n\n\n<p><strong>Da\u00f1os no econ\u00f3micos<\/strong> centrarse en las p\u00e9rdidas personales. El dolor y el sufrimiento que padeci\u00f3 como consecuencia de la negligencia m\u00e9dica es un tipo de p\u00e9rdida no econ\u00f3mica. Las cicatrices y la desfiguraci\u00f3n tambi\u00e9n entran en esta categor\u00eda. Si sus lesiones le impiden hacer cosas que antes disfrutaba, la p\u00e9rdida del disfrute de la vida es tambi\u00e9n una forma de da\u00f1os no econ\u00f3micos.<\/p>\n\n\n\n<p>Illinois no limita los da\u00f1os no econ\u00f3micos en las demandas por negligencia m\u00e9dica. En estos casos, el Estado tambi\u00e9n permite a las personas lesionadas recuperar tanto los da\u00f1os pasados como los futuros. Por ejemplo, si sus lesiones le impiden volver a trabajar, puede solicitar una indemnizaci\u00f3n tanto por los salarios que ya ha perdido como por los salarios que razonablemente habr\u00eda ganado si nunca se hubiera lesionado.<\/p>\n\n\n\n<h2 class=\"wp-block-heading\">Hable hoy mismo con un abogado experto en lesiones Orland Park<\/h2>\n\n\n\n<p>La vida despu\u00e9s de una lesi\u00f3n por negligencia m\u00e9dica puede ser dif\u00edcil. Es posible que se enfrente a interminables rondas de citas con el m\u00e9dico, pregunt\u00e1ndose cada vez qu\u00e9 puede salir mal a continuaci\u00f3n. Puede que no tenga trabajo o que se pregunte cu\u00e1ndo podr\u00e1 volver a un puesto a tiempo completo. Puede que le preocupe c\u00f3mo llegar\u00e1 a fin de mes o c\u00f3mo dar\u00e1 a sus seres queridos la atenci\u00f3n y el apoyo que se merecen.<\/p>\n\n\n\n<p>Si esto le resulta familiar, no est\u00e1 solo. En <a href=\"https:\/\/www.briskmanandbriskman.com\/es\/areas-de-practica\/negligencia-medica\/\">abogados expertos en negligencias m\u00e9dicas Orland Park<\/a> en <a href=\"https:\/\/www.briskmanandbriskman.com\/es\/\">Briskman Briskman &amp; Greenberg<\/a> se dedican a ayudar a nuestros clientes a conseguir la indemnizaci\u00f3n que se merecen. Hable con nosotros hoy mismo. Responderemos a sus preguntas y le ayudaremos a elegir los pasos correctos para proteger sus derechos legales. <a href=\"tel:1-877-595-4878\">Ll\u00e1menos al 1.877.595.4878<\/a> para una consulta gratuita y confidencial con uno de nuestros abogados.<\/p>\n\n\n\n<h3 class=\"wp-block-heading\">Recursos adicionales sobre negligencia m\u00e9dica<\/h3>\n\n\n\n<ul class=\"wp-block-list\">\n<li><a href=\"https:\/\/www.briskmanandbriskman.com\/es\/centros-de-informacion\/centro-de-negligencias-medicas\/tengo-un-caso-de-negligencia-medica\/\">\u00bfTengo un caso de negligencia m\u00e9dica?<\/a><\/li>\n\n\n\n<li><a href=\"https:\/\/www.briskmanandbriskman.com\/es\/centros-de-informacion\/centro-de-negligencias-medicas\/los-errores-de-medicacion-son-mas-frecuentes-de-lo-que-se-piensa\/\">Los errores de medicaci\u00f3n son m\u00e1s frecuentes de lo que cree<\/a><\/li>\n\n\n\n<li><a href=\"https:\/\/www.briskmanandbriskman.com\/es\/centros-de-informacion\/centro-de-negligencias-medicas\/tipos-mas-comunes-de-lesiones-en-el-parto\/\">Tipos m\u00e1s comunes de lesiones en el parto<\/a><\/li>\n\n\n\n<li><a href=\"https:\/\/www.briskmanandbriskman.com\/es\/centros-de-informacion\/centro-de-negligencias-medicas\/que-ocurre-durante-un-juicio-por-negligencia-medica-en-illinois\/\">\u00bfQu\u00e9 sucede durante una demanda por negligencia m\u00e9dica en Illinois?<\/a><\/li>\n<\/ul>\n\n\n\n<h3 class=\"wp-block-heading\">Abogados de negligencia m\u00e9dica disponibles en todo Illinois<\/h3>\n\n\n\n<ul class=\"wp-block-list\">\n<li><a href=\"https:\/\/www.briskmanandbriskman.com\/es\/areas-de-practica\/negligencia-medica\/\">Chicago Abogados de negligencia m\u00e9dica<\/a><\/li>\n\n\n\n<li><a href=\"https:\/\/www.briskmanandbriskman.com\/es\/lugares\/condado-del-lago\/abogados-especializados-en-negligencias-medicas\/\">Lake County Abogados especializados en negligencias m\u00e9dicas<\/a><\/li>\n\n\n\n<li><a href=\"https:\/\/www.briskmanandbriskman.com\/es\/lugares\/mundelein\/abogados-de-negligencia-medica\/\">Mundelein Abogados de negligencia m\u00e9dica<\/a><\/li>\n\n\n\n<li><a href=\"https:\/\/www.briskmanandbriskman.com\/es\/lugares\/norte-de-chicago\/abogados-de-negligencia-medica\/\">North Chicago Abogados de negligencia m\u00e9dica<\/a><\/li>\n\n\n\n<li><a href=\"https:\/\/www.briskmanandbriskman.com\/es\/lugares\/oaklawn\/abogados-especializados-en-negligencias-medicas\/\">Oak Lawn Abogados especializados en negligencias m\u00e9dicas<\/a><\/li>\n\n\n\n<li><a href=\"https:\/\/www.briskmanandbriskman.com\/es\/lugares\/orlandpark\/abogados-especializados-en-negligencias-medicas\/\">Orland Park Abogados de negligencia m\u00e9dica<\/a><\/li>\n\n\n\n<li><a href=\"https:\/\/www.briskmanandbriskman.com\/es\/lugares\/waukegan\/abogados-de-negligencia-medica\/\">Waukegan Abogado de negligencia m\u00e9dica<\/a><\/li>\n\n\n\n<li><a href=\"https:\/\/www.briskmanandbriskman.com\/es\/lugares\/ruedas\/abogado-de-negligencia-medica\/\">Wheeling Abogado de negligencia m\u00e9dica<\/a><\/li>\n<\/ul>","protected":false},"excerpt":{"rendered":"<p>Como parte del \u00e1rea metropolitana de Chicagoland, Orland Park ofrece f\u00e1cil acceso a varios hospitales de renombre mundial, as\u00ed como a otros consultorios m\u00e9dicos. Tanto los residentes como los visitantes de Orland Park pueden confiar en estos proveedores m\u00e9dicos en momentos de necesidad. Los residentes de Orland Park que visitan m\u00e9dicos y hospitales lo hacen porque necesitan ayuda. Conf\u00edan...<\/p>","protected":false},"author":1,"featured_media":0,"parent":6531,"menu_order":0,"comment_status":"closed","ping_status":"closed","template":"","meta":{"_acf_changed":false,"footnotes":""},"class_list":["post-9226","page","type-page","status-publish","hentry"],"acf":[],"_links":{"self":[{"href":"https:\/\/www.briskmanandbriskman.com\/es\/wp-json\/wp\/v2\/pages\/9226","targetHints":{"allow":["GET"]}}],"collection":[{"href":"https:\/\/www.briskmanandbriskman.com\/es\/wp-json\/wp\/v2\/pages"}],"about":[{"href":"https:\/\/www.briskmanandbriskman.com\/es\/wp-json\/wp\/v2\/types\/page"}],"author":[{"embeddable":true,"href":"https:\/\/www.briskmanandbriskman.com\/es\/wp-json\/wp\/v2\/users\/1"}],"replies":[{"embeddable":true,"href":"https:\/\/www.briskmanandbriskman.com\/es\/wp-json\/wp\/v2\/comments?post=9226"}],"version-history":[{"count":1,"href":"https:\/\/www.briskmanandbriskman.com\/es\/wp-json\/wp\/v2\/pages\/9226\/revisions"}],"predecessor-version":[{"id":12889,"href":"https:\/\/www.briskmanandbriskman.com\/es\/wp-json\/wp\/v2\/pages\/9226\/revisions\/12889"}],"up":[{"embeddable":true,"href":"https:\/\/www.briskmanandbriskman.com\/es\/wp-json\/wp\/v2\/pages\/6531"}],"wp:attachment":[{"href":"https:\/\/www.briskmanandbriskman.com\/es\/wp-json\/wp\/v2\/media?parent=9226"}],"curies":[{"name":"wp","href":"https:\/\/api.w.org\/{rel}","templated":true}]}}