{"id":9206,"date":"2023-03-08T00:26:35","date_gmt":"2023-03-08T00:26:35","guid":{"rendered":"https:\/\/www.briskmanandbriskman.com\/?page_id=9206"},"modified":"2024-04-09T18:36:30","modified_gmt":"2024-04-09T18:36:30","slug":"abogados-de-muerte-por-negligencia","status":"publish","type":"page","link":"https:\/\/www.briskmanandbriskman.com\/es\/locations\/oaklawn\/wrongful-death-attorneys\/","title":{"rendered":"Oak Lawn Abogados de Homicidio Culposo"},"content":{"rendered":"<h3 class=\"wp-block-heading\">Ayudar a las familias a superar el trauma financiero y emocional que supone la p\u00e9rdida de un ser querido.<\/h3>\n\n\n\n<p>Cuando un ser querido fallece inesperadamente, las familias sufren un dolor y una desesperaci\u00f3n inimaginables. Cuando la muerte es resultado de la negligencia de alguien, usted tiene derecho a recibir una indemnizaci\u00f3n a trav\u00e9s de una demanda por homicidio culposo. Nada puede compensar la p\u00e9rdida de un familiar, pero los da\u00f1os y perjuicios pueden proporcionar cierta medida de justicia y ayudar a aliviar las cargas financieras que resultan del fallecimiento de un ser querido. En <a href=\"https:\/\/www.briskmanandbriskman.com\/es\/areas-de-practica\/muerte-por-negligencia\/\">Oak Lawn abogados de homicidio culposo en Briskman Briskman &amp; Greenberg<\/a> abordar\u00e1 su caso con compasi\u00f3n y respeto mientras defiende sus derechos.<\/p>\n\n\n\n<h3 class=\"wp-block-heading\">Causas comunes de homicidio culposo<\/h3>\n\n\n\n<p>Los accidentes son la cuarta causa de muerte en Illinois, seg\u00fan los Centros para el Control y la Prevenci\u00f3n de Enfermedades. En 2020, las principales causas de muerte por lesiones no intencionadas en todo el pa\u00eds fueron las ca\u00eddas y los accidentes de tr\u00e1fico con 42.114 y 40.698 v\u00edctimas mortales, respectivamente.<\/p>\n\n\n\n<p>Algunos ejemplos de escenarios en los que puede ocurrir una muerte por negligencia incluyen un m\u00e9dico que prescribe el medicamento equivocado, un propietario no reparar una escalera rota, un contratista negligencia para garantizar un sitio de trabajo es seguro o un conductor ebrio causando un accidente mortal. Briskman Briskman &amp; Greenberg tiene experiencia representando a clientes en una amplia variedad de casos de homicidio culposo:<\/p>\n\n\n\n<ul class=\"wp-block-list\">\n<li><strong>Accidentes de tr\u00e1fico:<\/strong> <a href=\"https:\/\/www.briskmanandbriskman.com\/es\/areas-de-practica\/abogados-de-accidentes-de-camiones-en-chicago-2\/fatal-car-accidents\/\">accidentes de tr\u00e1fico<\/a>, <a href=\"https:\/\/www.briskmanandbriskman.com\/es\/areas-de-practica\/motorcycle-accidents\/\">accidentes de moto<\/a>, <a href=\"https:\/\/www.briskmanandbriskman.com\/es\/areas-de-practica\/chicago-truck-accident-attorney\/\">accidentes de cami\u00f3n<\/a><\/li>\n\n\n\n<li><strong>Responsabilidad de los locales:<\/strong> <a href=\"https:\/\/www.briskmanandbriskman.com\/es\/areas-de-practica\/chicago-resbalon-y-caida-abogados\/\">accidentes por resbalones y ca\u00eddas<\/a>, <a href=\"https:\/\/www.briskmanandbriskman.com\/es\/areas-de-practica\/abogado-de-mordedura-de-perro-chicago\/\">mordeduras de perro<\/a>, <a href=\"https:\/\/www.briskmanandbriskman.com\/es\/areas-de-practica\/abogado-de-responsabilidad-de-locales\/\">seguridad negligente<\/a><\/li>\n\n\n\n<li><strong>Negligencia m\u00e9dica:<\/strong> <a href=\"https:\/\/www.briskmanandbriskman.com\/es\/areas-de-practica\/abogado-de-lesiones-de-nacimiento\/\">lesiones de nacimiento<\/a>, <a href=\"https:\/\/www.briskmanandbriskman.com\/es\/areas-de-practica\/surgical-errors\/\">errores quir\u00fargicos<\/a>, <a href=\"https:\/\/www.briskmanandbriskman.com\/es\/areas-de-practica\/medication-errors\/\">errores de medicaci\u00f3n<\/a>errores de diagn\u00f3stico<\/li>\n\n\n\n<li><strong><a href=\"https:\/\/www.briskmanandbriskman.com\/es\/areas-de-practica\/chicago-product-liability-attorney\/\">Productos inseguros<\/a><\/strong><\/li>\n\n\n\n<li><strong><a href=\"https:\/\/www.briskmanandbriskman.com\/es\/areas-de-practica\/abogados-de-abuso-en-residencias-de-ancianos-de-chicago\/\">Abandono y malos tratos en residencias de ancianos<\/a><\/strong><\/li>\n\n\n\n<li><strong><a href=\"https:\/\/www.briskmanandbriskman.com\/es\/areas-de-practica\/accidentes-en-la-construccion\/\">Accidentes en la construcci\u00f3n<\/a> y <a href=\"https:\/\/www.briskmanandbriskman.com\/es\/areas-de-practica\/indemnizacion-por-accidente-laboral\/\">lesiones laborales<\/a><\/strong><\/li>\n<\/ul>\n\n\n\n<p><a href=\"https:\/\/www.briskmanandbriskman.com\/es\/areas-de-practica\/negligencia-medica\/\">Los errores m\u00e9dicos tambi\u00e9n son una de las principales causas de muerte<\/a>. Alrededor de 98.000 personas mueren cada a\u00f1o debido a errores m\u00e9dicos evitables.<\/p>\n\n\n\n<p>Se espera que los m\u00e9dicos, enfermeras y otros profesionales de la medicina cumplan una determinada norma de cuidado al tratar a los pacientes. Cuando se comportan de forma negligente, presentar una demanda por homicidio culposo le permite exigirles responsabilidades.<\/p>\n\n\n\n<p>No importa la causa de la muerte de su ser querido, nuestro <a href=\"https:\/\/www.briskmanandbriskman.com\/es\/areas-de-practica\/muerte-por-negligencia\/\">Oak Lawn abogados de homicidio culposo<\/a> puede ayudarle a obtener una indemnizaci\u00f3n de los responsables. Utilizaremos nuestros amplios recursos para investigar lo ocurrido.<\/p>\n\n\n\n<h3 class=\"wp-block-heading\">Los accidentes de tr\u00e1fico son una de las principales causas de muertes evitables<\/h3>\n\n\n\n<p>Como pueblo del condado de Cook, el m\u00e1s poblado del estado, los residentes de Oak Lawn est\u00e1n expuestos al riesgo de <a href=\"https:\/\/www.briskmanandbriskman.com\/es\/areas-de-practica\/abogados-de-accidentes-de-camiones-en-chicago-2\/fatal-car-accidents\/\">colisiones de veh\u00edculos de motor que pueden resultar en homicidio culposo<\/a>. En 2021, Oak Lawn tuvo cuatro accidentes mortales, seg\u00fan el Departamento de Transporte de Illinois. Los accidentes se saldaron con la muerte de cuatro personas, y en la mitad de ellos se vieron implicados peatones.<\/p>\n\n\n\n<p>La negligencia al volante puede tener consecuencias devastadoras. Cuando la conducta negligente, imprudente o intencionada de un conductor causa la p\u00e9rdida de la vida, puede ser considerado responsable de los da\u00f1os a trav\u00e9s de una demanda por homicidio culposo. Los accidentes de coche mortales ocurren com\u00fanmente debido al exceso de velocidad, conducci\u00f3n distra\u00edda, conducci\u00f3n agresiva, conducci\u00f3n temeraria, o conducir bajo la influencia del alcohol o las drogas.<\/p>\n\n\n\n<p><a href=\"https:\/\/www.briskmanandbriskman.com\/es\/lugares\/oaklawn\/abogado-de-accidente-de-coche\/\">Oak Lawn accidentes de tr\u00e1fico<\/a> pueden implicar a coches, camiones, motocicletas, ciclistas y peatones. En el pueblo viven muchos trabajadores, m\u00e1s del 86% de los cuales van y vienen del trabajo en coche. El cruce de la calle 95 con la avenida Cicero, en Oak Lawn, es uno de los m\u00e1s transitados del condado de Cook.<\/p>\n\n\n\n<p>En 2022, el Illinois tuvo 1.255 v\u00edctimas mortales en 1.137 colisiones. De ellos, 189 afectaron a peatones, 166 a semirremolques y 144 a motociclistas. Los semirremolques pesan decenas de miles de kilos. La fuerza del impacto en una colisi\u00f3n puede causar lesiones catastr\u00f3ficas que pueden ser mortales. Cuando los conductores de camiones no cumplen las normas de seguridad o se comportan con negligencia, pueden ser demandados por da\u00f1os y perjuicios en un juicio por homicidio culposo.<\/p>\n\n\n\n<h3 class=\"wp-block-heading\">Tipos de da\u00f1os indemnizables en una demanda por homicidio culposo<\/h3>\n\n\n\n<p>Mientras llora la muerte inesperada de un familiar, es posible que tambi\u00e9n tenga que hacer frente a costosas facturas m\u00e9dicas y gastos funerarios. Adem\u00e1s, si su familia depend\u00eda de los ingresos de su ser querido, es probable que se enfrente a preocupaciones sobre el futuro y sobre c\u00f3mo mantenerse econ\u00f3micamente.<\/p>\n\n\n\n<p>Presentar una demanda por homicidio culposo le permite obtener una indemnizaci\u00f3n de la parte negligente responsable del fallecimiento de su ser querido. Los da\u00f1os consisten en p\u00e9rdidas econ\u00f3micas tangibles a las que se enfrenta, as\u00ed como p\u00e9rdidas que son m\u00e1s dif\u00edciles de calcular, como el dolor y el sufrimiento.<\/p>\n\n\n\n<ul class=\"wp-block-list\">\n<li>Tratamiento m\u00e9dico para su ser querido antes del fallecimiento<\/li>\n\n\n\n<li>P\u00e9rdida de ingresos<\/li>\n\n\n\n<li>Gastos funerarios y de sepelio<\/li>\n\n\n\n<li>Angustia mental<\/li>\n\n\n\n<li>Dolor y sufrimiento<\/li>\n\n\n\n<li>P\u00e9rdida de consorcio<\/li>\n<\/ul>\n\n\n\n<p>La idea de poner un valor monetario a la vida de un ser querido puede ser perturbadora. Aunque nada puede compensar la p\u00e9rdida de un familiar, la indemnizaci\u00f3n de una demanda por homicidio culposo puede servir como apoyo financiero vital durante un momento dif\u00edcil.<\/p>\n\n\n\n<p>En <a href=\"https:\/\/www.briskmanandbriskman.com\/es\/\">Briskman Briskman &amp; Greenberg<\/a>Un abogado cualificado en muerte por negligencia de Oak Law trabajar\u00e1 con usted para determinar los tipos de da\u00f1os y perjuicios que usted puede ser elegible para recibir. Calcular la cantidad exacta no es posible dada la complejidad de los casos de homicidio culposo. Sin embargo, gracias a nuestra experiencia en demandas por homicidio culposo, podemos estimar el tipo de indemnizaci\u00f3n que su familia puede esperar recibir.<\/p>\n\n\n\n<h3 class=\"wp-block-heading\">\u00bfC\u00f3mo s\u00e9 si tengo un caso de homicidio culposo?<\/h3>\n\n\n\n<p>Puede tener una demanda por homicidio culposo si puede demostrar que la negligencia de alguien provoc\u00f3 el fallecimiento de su ser querido en un accidente mortal. A su vez, la muerte de su familiar le caus\u00f3 a usted da\u00f1os econ\u00f3micos o emocionales directos. Los elementos clave necesarios para establecer una demanda por homicidio culposo son:<\/p>\n\n\n\n<ul class=\"wp-block-list\">\n<li>Deber de diligencia<\/li>\n\n\n\n<li>Incumplimiento del deber<\/li>\n\n\n\n<li>Causalidad<\/li>\n\n\n\n<li>Da\u00f1os y perjuicios<\/li>\n<\/ul>\n\n\n\n<p>Un caso de homicidio culposo implica demostrar que exist\u00eda un deber de diligencia entre la otra parte y su familiar. Este deber de diligencia se incumpli\u00f3 debido a las acciones negligentes del demandado, lo que provoc\u00f3 la muerte de su ser querido.<\/p>\n\n\n\n<p>Por ejemplo, un conductor tiene el deber de respetar las normas de circulaci\u00f3n. El exceso de velocidad o la conducci\u00f3n bajo los efectos del alcohol constituyen un incumplimiento de su deber de diligencia.<\/p>\n\n\n\n<p>La causalidad implica demostrar que las acciones de la otra parte causaron lesiones mortales a su ser querido. En este ejemplo, la parte negligente choc\u00f3 contra el veh\u00edculo de su familiar, provoc\u00e1ndole lesiones mortales. El siguiente paso es demostrar que usted, como familiar superviviente, sufri\u00f3 p\u00e9rdidas econ\u00f3micas compensables por el fallecimiento de su ser querido.<\/p>\n\n\n\n<p>Probar una demanda por homicidio culposo puede ser un reto, por lo que es vital contar con la <a href=\"https:\/\/www.briskmanandbriskman.com\/es\/abogados-de-accidentes-de-camiones-en-chicago-2\/\">asistencia de un abogado experto en homicidio culposo Oak Lawn<\/a>. En Briskman Briskman &amp; Greenberg contamos con los recursos necesarios para investigar lo sucedido y reunir las pruebas necesarias para respaldar su demanda por homicidio culposo, como declaraciones de testigos, informes policiales, grabaciones de v\u00eddeo y testimonios de expertos. Sabemos c\u00f3mo defendernos si la otra parte se opone a su reclamaci\u00f3n.<\/p>\n\n\n\n<h3 class=\"wp-block-heading\">Plazo para presentar una demanda por homicidio culposo<\/h3>\n\n\n\n<p>El plazo para presentar una demanda por homicidio culposo se conoce como prescripci\u00f3n. En Illinois, el plazo de prescripci\u00f3n suele ser de dos a\u00f1os a partir de la fecha de fallecimiento de su ser querido.<\/p>\n\n\n\n<p>Existen algunas excepciones a este plazo, como en los casos de negligencia m\u00e9dica y en las demandas que afectan a ni\u00f1os. Un abogado de homicidio culposo Oak Lawn puede ayudarle a determinar qu\u00e9 restricciones de tiempo se aplican a su caso y asegurarse de que usted presente su demanda por homicidio culposo antes de que expire el estatuto de limitaciones.<\/p>\n\n\n\n<h3 class=\"wp-block-heading\">C\u00f3mo puede ayudar un abogado de muerte por negligencia Oak Lawn<\/h3>\n\n\n\n<p>En <a href=\"https:\/\/www.briskmanandbriskman.com\/es\/\">Briskman Briskman &amp; Greenberg<\/a>Estamos dedicados a proporcionar a nuestros clientes un servicio compasivo y una representaci\u00f3n legal de calidad. La amplitud de nuestra experiencia significa que nuestro bufete de abogados est\u00e1 equipado para obtener un resultado exitoso incluso en las demandas por homicidio culposo m\u00e1s complicadas. Cuando usted nos contrata, puede estar seguro de que su caso estar\u00e1 en buenas manos.<\/p>\n\n\n\n<p><a href=\"https:\/\/www.briskmanandbriskman.com\/es\/areas-de-practica\/muerte-por-negligencia\/\">Presentar una demanda por homicidio culposo<\/a> es un proceso que consta de varias fases. Sin embargo, entendemos que lo \u00faltimo con lo que usted quiere lidiar cuando llora la muerte de un ser querido es un proceso legal largo y prolongado. Deje que nos encarguemos de su demanda por homicidio culposo mientras usted intenta rehacer su vida.<\/p>\n\n\n\n<p>Su abogado especializado en homicidio culposo Oak Lawn le mantendr\u00e1 informado de la evoluci\u00f3n de su caso. Tambi\u00e9n nos ocuparemos de cualquier posible disputa que surja en su demanda. Cuando usted contrata a nuestro bufete de abogados, vamos a investigar a fondo lo que pas\u00f3 y reunir las pruebas necesarias para construir un caso s\u00f3lido.<\/p>\n\n\n\n<p>Briskman Briskman &amp; Greenberg nunca aprobar\u00e1 un acuerdo de conciliaci\u00f3n a menos que usted est\u00e9 satisfecho con \u00e9l. <a href=\"https:\/\/www.briskmanandbriskman.com\/es\/nuestros-abogados\/\">Nuestros abogados de muerte por negligencia Oak Law son h\u00e1biles negociadores<\/a> que se comunicar\u00e1 con la parte responsable en su nombre. Estamos dispuestos a llevar su caso a juicio si la oferta no refleja el alcance total de sus p\u00e9rdidas.<\/p>\n\n\n\n<h3 class=\"wp-block-heading\">Concertar una consulta gratuita<\/h3>\n\n\n\n<p><a href=\"https:\/\/www.briskmanandbriskman.com\/es\/\">Briskman Briskman &amp; Greenberg<\/a> est\u00e1 aqu\u00ed para usted. Como un bufete de abogados de propiedad familiar, creemos en el enfoque de cada caso con compasi\u00f3n y sensibilidad. <a href=\"https:\/\/www.briskmanandbriskman.com\/es\/nuestros-abogados\/\">Nuestro equipo jur\u00eddico<\/a> tiene d\u00e9cadas de experiencia en el manejo de demandas por homicidio culposo. Confiamos en nuestra capacidad para conseguirle una compensaci\u00f3n completa y justa por sus p\u00e9rdidas.<\/p>\n\n\n\n<p>No se demore en <a href=\"https:\/\/www.briskmanandbriskman.com\/es\/consulta-gratuita\/\">programar una consulta gratuita<\/a>. Hablar con un abogado especializado en homicidio culposo en Oak Lawn sobre su caso es gratuito. Usted no tiene que pagar ning\u00fan honorario a menos que tengamos \u00e9xito en la obtenci\u00f3n de una indemnizaci\u00f3n por su demanda de muerte por negligencia.<\/p>\n\n\n\n<p><a href=\"tel:1-877-595-4878\">Ll\u00e1menos hoy mismo al 1.877.595.HURT (4878)<\/a><\/p>","protected":false},"excerpt":{"rendered":"<p>Ayudamos a las familias a superar el trauma econ\u00f3mico y emocional que supone la p\u00e9rdida de un ser querido. Cuando un ser querido fallece de forma inesperada, las familias sufren un dolor y una desesperaci\u00f3n inimaginables. Cuando la muerte es el resultado de la negligencia de alguien, usted tiene derecho a recibir una indemnizaci\u00f3n a trav\u00e9s de una demanda por homicidio culposo. Nada puede compensar la p\u00e9rdida...<\/p>","protected":false},"author":1,"featured_media":11033,"parent":6527,"menu_order":0,"comment_status":"closed","ping_status":"closed","template":"","meta":{"_acf_changed":false,"footnotes":""},"class_list":["post-9206","page","type-page","status-publish","has-post-thumbnail","hentry"],"acf":[],"_links":{"self":[{"href":"https:\/\/www.briskmanandbriskman.com\/es\/wp-json\/wp\/v2\/pages\/9206","targetHints":{"allow":["GET"]}}],"collection":[{"href":"https:\/\/www.briskmanandbriskman.com\/es\/wp-json\/wp\/v2\/pages"}],"about":[{"href":"https:\/\/www.briskmanandbriskman.com\/es\/wp-json\/wp\/v2\/types\/page"}],"author":[{"embeddable":true,"href":"https:\/\/www.briskmanandbriskman.com\/es\/wp-json\/wp\/v2\/users\/1"}],"replies":[{"embeddable":true,"href":"https:\/\/www.briskmanandbriskman.com\/es\/wp-json\/wp\/v2\/comments?post=9206"}],"version-history":[{"count":3,"href":"https:\/\/www.briskmanandbriskman.com\/es\/wp-json\/wp\/v2\/pages\/9206\/revisions"}],"predecessor-version":[{"id":12664,"href":"https:\/\/www.briskmanandbriskman.com\/es\/wp-json\/wp\/v2\/pages\/9206\/revisions\/12664"}],"up":[{"embeddable":true,"href":"https:\/\/www.briskmanandbriskman.com\/es\/wp-json\/wp\/v2\/pages\/6527"}],"wp:featuredmedia":[{"embeddable":true,"href":"https:\/\/www.briskmanandbriskman.com\/es\/wp-json\/wp\/v2\/media\/11033"}],"wp:attachment":[{"href":"https:\/\/www.briskmanandbriskman.com\/es\/wp-json\/wp\/v2\/media?parent=9206"}],"curies":[{"name":"wp","href":"https:\/\/api.w.org\/{rel}","templated":true}]}}