{"id":9194,"date":"2023-03-06T21:37:54","date_gmt":"2023-03-06T21:37:54","guid":{"rendered":"https:\/\/www.briskmanandbriskman.com\/?page_id=9194"},"modified":"2024-06-27T22:29:40","modified_gmt":"2024-06-27T22:29:40","slug":"abogados-de-accidentes-de-camiones","status":"publish","type":"page","link":"https:\/\/www.briskmanandbriskman.com\/es\/locations\/oaklawn\/truck-accident-attorneys\/","title":{"rendered":"Oak Lawn Abogados de accidentes de camiones"},"content":{"rendered":"<p>El gran tama\u00f1o y peso de los camiones les confiere la capacidad de causar... <a href=\"https:\/\/www.briskmanandbriskman.com\/es\/areas-de-practica\/chicago-truck-accident-attorney\/\">da\u00f1os devastadores cuando se produce un accidente de cami\u00f3n<\/a>. Las v\u00edctimas de accidentes de cami\u00f3n suelen sufrir lesiones graves y pagar facturas m\u00e9dicas muy caras. <a href=\"https:\/\/www.briskmanandbriskman.com\/es\/\">Briskman Briskman &amp; Greenberg<\/a> tiene d\u00e9cadas de experiencia ayudando a clientes lesionados a buscar compensaci\u00f3n despu\u00e9s de un accidente de cami\u00f3n. Estamos dispuestos a ayudarle a mantener el conductor del cami\u00f3n culpable, empresa de transporte por carretera o de otras partes responsables de su descuido en la causa de su accidente de cami\u00f3n lesiones. Nuestro Oak Lawn <a href=\"https:\/\/www.briskmanandbriskman.com\/es\/lugares\/condado-del-lago\/abogado-de-accidentes-de-camion\/\">abogados de accidentes de camiones son s\u00f3lo una llamada de distancia<\/a>.<\/p>\n\n\n\n<h3 class=\"wp-block-heading\">Riesgos de accidente de cami\u00f3n en Oak Lawn<\/h3>\n\n\n\n<p>Situado a unas 18 millas al suroeste de Chicago, Oak Lawn est\u00e1 conectado a la ciudad a trav\u00e9s de las principales carreteras como la Interestatal-94 Express y W 95th St. El pueblo est\u00e1 situado en el Condado de Cook, que es el condado m\u00e1s poblado en Illinois. Oak Lawn tiene m\u00e1s de 183 millas de carreteras p\u00fablicas, lo que significa que hay un mont\u00f3n de lugares donde pueden ocurrir accidentes de camiones.<\/p>\n\n\n\n<p>En 2021, Oak Lawn tuvo 160 accidentes de camiones que involucraron una variedad de camiones, incluyendo camionetas y tractores con semirremolques. Al menos 13 personas resultaron heridas en accidentes de cami\u00f3n ese a\u00f1o.<\/p>\n\n\n\n<h3 class=\"wp-block-heading\">\u00bfCu\u00e1les son las causas de los accidentes de cami\u00f3n?<\/h3>\n\n\n\n<p>La negligencia del conductor es una de las principales causas de accidentes de cami\u00f3n. Por ejemplo, los conductores de camiones pueden ser presionados a trabajar largas horas sin tomar los descansos necesarios, lo que lleva a la conducci\u00f3n fatigada que puede poner en peligro a los dem\u00e1s. El t\u00e9rmino \"negligencia del conductor\" se refiere a muchos diferentes errores de conducci\u00f3n y comportamientos tales como:<\/p>\n\n\n\n<ul class=\"wp-block-list\">\n<li>Conducci\u00f3n somnolienta<\/li>\n\n\n\n<li>Conducci\u00f3n distra\u00edda<\/li>\n\n\n\n<li>Conducci\u00f3n bajo los efectos del alcohol<\/li>\n\n\n\n<li>Exceso de velocidad<\/li>\n\n\n\n<li>Ignorar las se\u00f1ales de tr\u00e1fico<\/li>\n\n\n\n<li>Saltarse sem\u00e1foros en rojo<\/li>\n\n\n\n<li>Desconocimiento de las carreteras<\/li>\n\n\n\n<li>Conducir un cami\u00f3n comercial con una formaci\u00f3n inadecuada<\/li>\n<\/ul>\n\n\n\n<p>Los conductores de camiones tienen un deber de cuidado con los peatones y otros conductores que comparten la carretera, lo que significa que est\u00e1n obligados a conducir con seguridad y asegurarse de que no causan ning\u00fan da\u00f1o. La violaci\u00f3n de este deber de cuidado puede conducir a accidentes de camiones en los que los conductores de camiones negligentes pueden ser considerados financieramente responsables de las lesiones resultantes.<\/p>\n\n\n\n<p>Adem\u00e1s de la negligencia del conductor, otros posibles factores que pueden contribuir a los accidentes de camiones Oak Lawn incluyen el mantenimiento inadecuado del cami\u00f3n o defectos del cami\u00f3n, tales como <a href=\"https:\/\/www.briskmanandbriskman.com\/es\/areas-de-practica\/abogados-de-accidentes-de-camiones-en-chicago-2\/necesita-un-abogado-para-un-accidente-de-coche-defectuoso\/\">neum\u00e1ticos defectuosos o fallo de los frenos<\/a>. Algunos accidentes se producen debido a las malas condiciones meteorol\u00f3gicas y a los peligros de la carretera.<\/p>\n\n\n\n<p><a href=\"https:\/\/www.briskmanandbriskman.com\/es\/infografia\/accidentes-de-camiones-chicago\/\">Un n\u00famero significativo de accidentes de cami\u00f3n<\/a> tienen lugar en zonas de trabajo. Seg\u00fan el Departamento de Transporte de Illinois, 1.695 camiones grandes se vieron implicados en accidentes en zonas de trabajo en 2021. De ellos, 238 se saldaron con heridos. Alrededor de 44 colisiones causaron una lesi\u00f3n incapacitante, mientras que 1.447 provocaron alg\u00fan tipo de da\u00f1o a la propiedad.<\/p>\n\n\n\n<p>La industria del transporte por cami\u00f3n Illinois tiene normas estrictas. Cuando las empresas de transporte infringen la normativa, como sobrecargar los camiones, no sujetar la carga correctamente o no realizar el mantenimiento peri\u00f3dico de los camiones, pueden producirse accidentes de cami\u00f3n.<\/p>\n\n\n\n<p>En <a href=\"https:\/\/www.briskmanandbriskman.com\/es\/\">Briskman Briskman &amp; Greenberg<\/a>estamos decididos a ayudarle a llegar al fondo de lo que caus\u00f3 su accidente de cami\u00f3n. Su Oak Lawn <a href=\"https:\/\/www.briskmanandbriskman.com\/es\/lugares\/norte-de-chicago\/abogado-de-accidentes-de-camiones\/\">abogado de accidente de cami\u00f3n<\/a> investigar\u00e1 el accidente y reunir\u00e1 pruebas para respaldar su reclamaci\u00f3n de indemnizaci\u00f3n.<\/p>\n\n\n\n<h3 class=\"wp-block-heading\">Lesiones por accidente de cami\u00f3n<\/h3>\n\n\n\n<p>Las colisiones en las que se vieron implicados tractores con remolque supusieron el 3,8% del total. <a href=\"https:\/\/www.briskmanandbriskman.com\/es\/historias-web\/oak-lawn-accidentes-de-coche\/\">accidentes de tr\u00e1fico en Illinois<\/a> en 2021, con un total de 11.178 colisiones. Los accidentes de tractor-remolque representaron el 3% de las colisiones con heridos. Las lesiones incapacitantes representaron el 14,6% de todas las colisiones. <a href=\"https:\/\/www.briskmanandbriskman.com\/es\/lugares\/orlandpark\/abogados-de-accidentes-de-camiones\/\">lesiones en accidentes de tractor-remolque<\/a>.<\/p>\n\n\n\n<p>Cuando un cami\u00f3n comercial choca contra un peat\u00f3n, un turismo u otro veh\u00edculo de motor m\u00e1s peque\u00f1o, los resultados pueden ser catastr\u00f3ficos. Los accidentes de camiones tienen el potencial de causar lesiones incapacitantes que pueden cambiar la calidad de su vida e impactar en sus actividades diarias, como caminar o conducir.<\/p>\n\n\n\n<p>En las colisiones entre tractocamiones y otros veh\u00edculos, m\u00e1s ocupantes de otros veh\u00edculos sufrieron lesiones graves en comparaci\u00f3n con los ocupantes de tractocamiones. En 2021, 69 ocupantes de cabezas tractoras sufrieron lesiones incapacitantes frente a 284 ocupantes de otros veh\u00edculos.<\/p>\n\n\n\n<p>El proceso de recuperaci\u00f3n despu\u00e9s de un accidente de cami\u00f3n es probable que sea largo, y las lesiones graves pueden requerir una amplia rehabilitaci\u00f3n. Adem\u00e1s, sus lesiones pueden dejarle incapacitado para trabajar y afectar a su capacidad para ganarse la vida a largo plazo.<\/p>\n\n\n\n<p>Los tipos comunes de lesiones que pueden resultar de los accidentes de camiones Oak Lawn incluyen:<\/p>\n\n\n\n<ul class=\"wp-block-list\">\n<li>Cortes y laceraciones<\/li>\n\n\n\n<li>Huesos rotos<\/li>\n\n\n\n<li>Lesiones en la cabeza<\/li>\n\n\n\n<li><a href=\"https:\/\/www.briskmanandbriskman.com\/es\/areas-de-practica\/chicago-brain-injury-lawyer\/\">Lesiones cerebrales traum\u00e1ticas<\/a><\/li>\n\n\n\n<li>Da\u00f1os en la m\u00e9dula espinal<\/li>\n\n\n\n<li>Lesiones tor\u00e1cicas<\/li>\n\n\n\n<li>Quemaduras<\/li>\n\n\n\n<li>Par\u00e1lisis<\/li>\n<\/ul>\n\n\n\n<p>Algunas lesiones requieren tratamiento m\u00e9dico inmediato, pero otras pueden no manifestarse hasta que haya pasado el shock inicial de la colisi\u00f3n. Independientemente de c\u00f3mo te sientas, es importante que acudas al m\u00e9dico y compruebes si hay signos de hemorragia interna u otras lesiones que pueden no ser visibles.<\/p>\n\n\n\n<p>Adem\u00e1s, la documentaci\u00f3n resultante ayudar\u00e1 a <a href=\"https:\/\/www.briskmanandbriskman.com\/es\/lugares\/waukegan\/abogados-de-accidentes-de-camiones-2\/\">apoye su reclamaci\u00f3n por accidente de cami\u00f3n<\/a> si decide emprender acciones legales en el futuro. Sus informes m\u00e9dicos pueden establecer la gravedad y la naturaleza de sus lesiones.<\/p>\n\n\n\n<p>Adem\u00e1s de las lesiones f\u00edsicas, es vital reconocer la angustia emocional y el peaje mental que los accidentes de cami\u00f3n pueden tener en las v\u00edctimas. Despu\u00e9s de resultar herido en un accidente de cami\u00f3n, puede quedar luchando contra el dolor cr\u00f3nico y el trauma. A <a href=\"https:\/\/www.briskmanandbriskman.com\/es\/areas-de-practica\/chicago-truck-accident-attorney\/\">abogado cualificado en accidentes de cami\u00f3n Oak Lawn<\/a> puede garantizarle una indemnizaci\u00f3n completa y justa por todas sus lesiones.<\/p>\n\n\n\n<h3 class=\"wp-block-heading\">Da\u00f1os por accidente de cami\u00f3n<\/h3>\n\n\n\n<p>Las indemnizaciones concedidas en casos de accidente de cami\u00f3n Oak Lawn var\u00edan en funci\u00f3n de los detalles de cada caso. Factores como el alcance de las lesiones, los da\u00f1os sufridos por el veh\u00edculo y el impacto del accidente en su calidad de vida determinan el valor de su caso de accidente de cami\u00f3n.<\/p>\n\n\n\n<p>Por ejemplo, cuanto m\u00e1s graves sean sus lesiones, m\u00e1s tiempo pasar\u00e1 alejado del trabajo para recuperarse. Los mayores gastos m\u00e9dicos y la p\u00e9rdida de ingresos significan que tienes derecho a obtener una indemnizaci\u00f3n mayor. El dinero que recibas debe cubrir todos tus gastos m\u00e9dicos pasados y futuros, incluidas visitas a urgencias, hospitalizaci\u00f3n, cirug\u00edas, citas con el m\u00e9dico, recetas y fisioterapia.<\/p>\n\n\n\n<p>Hay dos categor\u00edas principales de da\u00f1os. Los econ\u00f3micos son los que pueden calcularse f\u00e1cilmente, mientras que los no econ\u00f3micos cubren p\u00e9rdidas intangibles como la angustia emocional. Estos son los da\u00f1os econ\u00f3micos y no econ\u00f3micos que puede recibir en una demanda por accidente de cami\u00f3n Oak Lawn:<\/p>\n\n\n\n<ul class=\"wp-block-list\">\n<li>Gastos m\u00e9dicos<\/li>\n\n\n\n<li>Salarios perdidos<\/li>\n\n\n\n<li>Da\u00f1os materiales<\/li>\n\n\n\n<li>Dolor y sufrimiento<\/li>\n\n\n\n<li>Desfiguraci\u00f3n<\/li>\n\n\n\n<li>P\u00e9rdida de consorcio<\/li>\n<\/ul>\n\n\n\n<p>En Briskman Briskman &amp; Greenberg entendemos que cualquier indemnizaci\u00f3n que reciba debe tener en cuenta el alcance total de sus p\u00e9rdidas. Su Oak Lawn <a href=\"https:\/\/www.briskmanandbriskman.com\/es\/lugares\/ruedas\/abogado-de-accidente-de-camion\/\">abogado de accidentes de cami\u00f3n<\/a> le ayudar\u00e1 a obtener la m\u00e1xima indemnizaci\u00f3n de las partes negligentes que causaron su accidente.<\/p>\n\n\n\n<h3 class=\"wp-block-heading\">\u00bfQui\u00e9n tiene la culpa en un accidente de cami\u00f3n?<\/h3>\n\n\n\n<p>Lo que hace que las demandas por accidentes de cami\u00f3n sean complejas en comparaci\u00f3n con otros tipos de colisiones de veh\u00edculos de motor es que puede haber m\u00faltiples partes implicadas. Adem\u00e1s de que un conductor de cami\u00f3n negligente es responsable de los da\u00f1os que caus\u00f3, su empleador tambi\u00e9n puede compartir la responsabilidad de las lesiones que resultaron del accidente de cami\u00f3n. Por lo tanto, puede solicitar una indemnizaci\u00f3n a m\u00e1s de un acusado.<\/p>\n\n\n\n<p>Por ejemplo, la empresa de transporte puede haber animado a sus conductores a trabajar turnos largos sin descansos, lo que ha provocado fatiga al volante. Cargar el cami\u00f3n con exceso de carga puede haber hecho m\u00e1s engorroso conducirlo.<\/p>\n\n\n\n<p>Determinar la culpa en un accidente de cami\u00f3n puede ser un reto, por lo que contar con un abogado de accidentes de cami\u00f3n Oak Lawn de confianza es vital. El abogado puede investigar tu caso y averiguar si la empresa de camiones implicada infringi\u00f3 Illinois o la normativa federal.<\/p>\n\n\n\n<h3 class=\"wp-block-heading\">Est\u00e1ndar de negligencia comparativa<\/h3>\n\n\n\n<p>Seg\u00fan la ley Illinois, puede solicitar una indemnizaci\u00f3n aunque haya tenido parte de culpa en su accidente de cami\u00f3n Oak Lawn. El estado utiliza un sistema de negligencia comparativa, lo que significa que obtendr\u00e1 una indemnizaci\u00f3n por el porcentaje de la colisi\u00f3n que no fue culpa suya.<\/p>\n\n\n\n<p>Su parte de la recuperaci\u00f3n financiera se reducir\u00e1 en funci\u00f3n de su parte de culpa. Sin embargo, si el tribunal determina que usted tiene m\u00e1s del 50 por ciento de culpa en el accidente de cami\u00f3n, no podr\u00e1 recibir indemnizaci\u00f3n.<\/p>\n\n\n\n<p>Si un camionero distra\u00eddo choca contra un todoterreno que se salt\u00f3 un sem\u00e1foro en rojo, por ejemplo, ambos conductores pueden compartir la culpa de la colisi\u00f3n. El conductor del todoterreno puede presentar una demanda por accidente de cami\u00f3n para obtener una indemnizaci\u00f3n si el tribunal considera que tuvo menos del 50 % de culpa en el accidente.<\/p>\n\n\n\n<p>Con d\u00e9cadas de experiencia, Briskman Briskman &amp; Greenberg sabe c\u00f3mo defenderse cuando la otra parte intenta minimizar su responsabilidad por sus lesiones. Su abogado de accidentes de cami\u00f3n Oak Lawn manejar\u00e1 h\u00e1bilmente cualquier t\u00e1ctica que se utilice para compensarle menos de lo que se merece.<\/p>\n\n\n\n<h3 class=\"wp-block-heading\">Plazo para presentar una reclamaci\u00f3n por accidente de cami\u00f3n Oak Lawn<\/h3>\n\n\n\n<p>Si ha sufrido lesiones en un accidente de cami\u00f3n Oak Lawn, es importante que act\u00fae con rapidez, ya que dispone de un tiempo limitado para emprender acciones legales. En Illinois, el estatuto de limitaciones para casos de lesiones personales es de dos a\u00f1os. Esto significa que tiene dos a\u00f1os a partir de la fecha del accidente de cami\u00f3n para reclamar una indemnizaci\u00f3n.<\/p>\n\n\n\n<p>Esperar demasiado puede suponer que pierda su derecho a exigir responsabilidades a la parte responsable de sus lesiones. Hay algunas excepciones. Un abogado de accidente de cami\u00f3n Oak Lawn puede determinar qu\u00e9 estatutos se aplican a su situaci\u00f3n.<\/p>\n\n\n\n<h2 class=\"wp-block-heading\">Hable hoy con un abogado de accidentes de camiones Oak Lawn<\/h2>\n\n\n\n<p>Si usted o un ser querido result\u00f3 herido en un accidente de cami\u00f3n Oak Lawn debido a la negligencia de otra persona, usted puede preguntarse qu\u00e9 opciones legales est\u00e1n disponibles. En <a href=\"https:\/\/www.briskmanandbriskman.com\/es\/\">Briskman Briskman &amp; Greenberg<\/a>Ofrecemos una consulta inicial gratuita. <a href=\"https:\/\/www.briskmanandbriskman.com\/es\/abogados-de-accidentes-de-camiones-en-chicago-2\/\">Discuta su caso<\/a> con un abogado experto en accidentes de cami\u00f3n Oak Lawn que pueda asesorarle sobre la posibilidad de reclamar una indemnizaci\u00f3n a las partes culpables mediante una demanda por accidente de cami\u00f3n.<\/p>\n\n\n\n<p>Hablar con un abogado sobre su caso es gratuito.<\/p>\n\n\n\n<p><a href=\"tel:1-877-595-4878\">Ll\u00e1menos hoy mismo al 1.877.595.HURT (4878)<\/a><\/p>","protected":false},"excerpt":{"rendered":"<p>El gran tama\u00f1o y peso de los camiones significa que tienen el poder de causar da\u00f1os devastadores cuando se produce un accidente de cami\u00f3n. Las v\u00edctimas de accidentes de camiones a menudo se quedan con lesiones graves y costosas facturas m\u00e9dicas. Briskman Briskman &amp; Greenberg tiene d\u00e9cadas de experiencia ayudando a clientes lesionados a obtener una indemnizaci\u00f3n despu\u00e9s de un accidente de cami\u00f3n. Estamos listos para...<\/p>","protected":false},"author":1,"featured_media":11070,"parent":6527,"menu_order":0,"comment_status":"closed","ping_status":"closed","template":"","meta":{"_acf_changed":false,"footnotes":""},"class_list":["post-9194","page","type-page","status-publish","has-post-thumbnail","hentry"],"acf":[],"_links":{"self":[{"href":"https:\/\/www.briskmanandbriskman.com\/es\/wp-json\/wp\/v2\/pages\/9194","targetHints":{"allow":["GET"]}}],"collection":[{"href":"https:\/\/www.briskmanandbriskman.com\/es\/wp-json\/wp\/v2\/pages"}],"about":[{"href":"https:\/\/www.briskmanandbriskman.com\/es\/wp-json\/wp\/v2\/types\/page"}],"author":[{"embeddable":true,"href":"https:\/\/www.briskmanandbriskman.com\/es\/wp-json\/wp\/v2\/users\/1"}],"replies":[{"embeddable":true,"href":"https:\/\/www.briskmanandbriskman.com\/es\/wp-json\/wp\/v2\/comments?post=9194"}],"version-history":[{"count":3,"href":"https:\/\/www.briskmanandbriskman.com\/es\/wp-json\/wp\/v2\/pages\/9194\/revisions"}],"predecessor-version":[{"id":13281,"href":"https:\/\/www.briskmanandbriskman.com\/es\/wp-json\/wp\/v2\/pages\/9194\/revisions\/13281"}],"up":[{"embeddable":true,"href":"https:\/\/www.briskmanandbriskman.com\/es\/wp-json\/wp\/v2\/pages\/6527"}],"wp:featuredmedia":[{"embeddable":true,"href":"https:\/\/www.briskmanandbriskman.com\/es\/wp-json\/wp\/v2\/media\/11070"}],"wp:attachment":[{"href":"https:\/\/www.briskmanandbriskman.com\/es\/wp-json\/wp\/v2\/media?parent=9194"}],"curies":[{"name":"wp","href":"https:\/\/api.w.org\/{rel}","templated":true}]}}