{"id":9118,"date":"2023-02-01T23:18:49","date_gmt":"2023-02-01T23:18:49","guid":{"rendered":"https:\/\/www.briskmanandbriskman.com\/?page_id=9118"},"modified":"2024-04-15T17:50:39","modified_gmt":"2024-04-15T17:50:39","slug":"abogados-laboralistas","status":"publish","type":"page","link":"https:\/\/www.briskmanandbriskman.com\/es\/locations\/lake-county\/workers-compensation-attorneys\/","title":{"rendered":"Lake County Abogados de indemnizaci\u00f3n por accidentes laborales"},"content":{"rendered":"<h2 class=\"wp-block-heading\">Si usted fue lesionado en el trabajo en Lake County, hable con un abogado con experiencia en lesiones de hoy<\/h2>\n\n\n\n<p>La ubicaci\u00f3n de Lake County justo al norte del condado de Cook y Chicago ofrece lo mejor de muchos mundos. Los residentes de Lake County disfrutan de f\u00e1cil acceso a las aguas de Lake Michigan, la belleza cercana de Wisconsin y los recursos de Chicago.<\/p>\n\n\n\n<p>Lake County es tambi\u00e9n el emplazamiento de una econom\u00eda en r\u00e1pido crecimiento con diversos participantes, desde empresas de fabricaci\u00f3n y construcci\u00f3n hasta minoristas, servicios y otras industrias. La mayor\u00eda de las empresas de Lake County hacen todo lo posible por cumplir las normas de seguridad federales y estatales. No obstante, todos los trabajos conllevan cierto riesgo de sufrir lesiones, y algunos presentan un riesgo mayor que otros.<\/p>\n\n\n\n<p>Si se ha lesionado en el trabajo, no espere. Hable con un <a href=\"https:\/\/www.briskmanandbriskman.com\/es\/areas-de-practica\/indemnizacion-por-accidente-laboral\/\">abogado experto en indemnizaci\u00f3n por accidente laboral Illinois<\/a> hoy. Desde nuestra sede en Chicago, el <a href=\"https:\/\/www.briskmanandbriskman.com\/es\/nuestros-abogados\/\">equipo jur\u00eddico en Briskman, Briskman &amp; Greenberg<\/a> ofrece los recursos necesarios para responder a sus preguntas y proteger sus derechos legales.<\/p>\n\n\n\n<h3 class=\"wp-block-heading\">Principales causas de accidentes laborales en Illinois<\/h3>\n\n\n\n<p>Si bien todos los lugares de trabajo plantean un riesgo de lesiones, algunos plantean riesgos m\u00e1s altos que otros. En 2019 y 2020, la construcci\u00f3n registr\u00f3 el mayor n\u00famero total de lesiones laborales mortales evitables, seg\u00fan el Consejo Nacional de Seguridad (NSC). Otras industrias que registraron tasas m\u00e1s altas de lesiones fatales y muertes incluyeron:<\/p>\n\n\n\n<ul class=\"wp-block-list\">\n<li>Transporte y almacenamiento,<\/li>\n\n\n\n<li>Agricultura, silvicultura, pesca y caza,<\/li>\n\n\n\n<li>Fabricaci\u00f3n,<\/li>\n\n\n\n<li>Ocio y hosteler\u00eda.<\/li>\n<\/ul>\n\n\n\n<p>Aunque <a href=\"https:\/\/www.briskmanandbriskman.com\/es\/areas-de-practica\/accidentes-en-la-construccion\/\">las obras de construcci\u00f3n registraron el mayor n\u00famero de lesiones y muertes en el lugar de trabajo<\/a> en 2019 y 2020, otras industrias tuvieron una mayor tasa de lesiones graves por trabajador. En la agricultura, silvicultura, pesca y caza, por ejemplo, la tasa de lesiones mortales fue de 22 por cada 100.000 trabajadores en 2019, frente a menos de 10 por cada 100.000 trabajadores en la construcci\u00f3n.<\/p>\n\n\n\n<p>Alrededor de cuatro millones de trabajadores en 2020 requirieron atenci\u00f3n m\u00e9dica por lesiones en el trabajo, seg\u00fan el NSC. Las causas m\u00e1s comunes de estas lesiones en 2020 fueron:<\/p>\n\n\n\n<ul class=\"wp-block-list\">\n<li><strong>Exposici\u00f3n a sustancias y entornos nocivos<\/strong>La exposici\u00f3n a los agentes pat\u00f3genos, incluida la exposici\u00f3n a descargas el\u00e9ctricas, radiaciones, temperaturas extremas, cambios de presi\u00f3n, toxinas, COVID-19 y otros agentes pat\u00f3genos, as\u00ed como a acontecimientos traum\u00e1ticos o estresantes.<\/li>\n\n\n\n<li><strong>Sobreesfuerzos y reacciones corporales<\/strong>En esta categor\u00eda se incluyen las lesiones por esfuerzo repetitivo debidas a levantamientos, empujones, torsiones y actividades similares. Las distensiones y los esguinces entran en esta categor\u00eda, al igual que las lesiones o enfermedades derivadas del sobreesfuerzo o el agotamiento.<\/li>\n\n\n\n<li><strong>Resbalones, tropiezos y ca\u00eddas<\/strong>, incluidas tanto las ca\u00eddas en el mismo nivel como las ca\u00eddas desde una altura a un nivel inferior, como las ca\u00eddas desde un andamio o una ca\u00edda en un agujero.<\/li>\n\n\n\n<li><strong>Contacto con objetos y equipos<\/strong> Incluye los golpes con objetos, los choques con objetos y los accidentes por aplastamiento, aprisionamiento y de otro tipo.<\/li>\n<\/ul>\n\n\n\n<p>Estas cuatro categor\u00edas comunes de lesiones tambi\u00e9n dieron lugar a d\u00edas o semanas de baja laboral mientras los trabajadores lesionados se recuperaban de los da\u00f1os sufridos. Por t\u00e9rmino medio, los trabajadores perdieron:<\/p>\n\n\n\n<ul class=\"wp-block-list\">\n<li><strong>13 d\u00edas<\/strong> por exposici\u00f3n a sustancias o entornos nocivos,<\/li>\n\n\n\n<li><strong>14 d\u00edas<\/strong> por sobreesfuerzos y reacciones corporales,<\/li>\n\n\n\n<li><strong>14 d\u00edas<\/strong> por ca\u00eddas, resbalones y tropiezos.<\/li>\n<\/ul>\n\n\n\n<p>Los accidentes relacionados con el transporte, los incendios y explosiones, y la violencia ejercida por otras personas o animales tambi\u00e9n contribuyeron a los totales de lesiones en el lugar de trabajo en 2020.<\/p>\n\n\n\n<h3 class=\"wp-block-heading\">Tipos de lesiones en el trabajo<\/h3>\n\n\n\n<p>Las causas m\u00e1s comunes de lesiones en el trabajo pueden dar lugar a diversos tipos de lesiones. Muchas de estas lesiones pueden dejar da\u00f1os permanentes.<\/p>\n\n\n\n<p>Los tipos habituales de lesiones sufridas en el trabajo en Illinois incluyen:<\/p>\n\n\n\n<ul class=\"wp-block-list\">\n<li><strong>Lesiones cerebrales y medulares.<\/strong> Estas son algunas de las lesiones m\u00e1s frecuentes por ca\u00eddas, seg\u00fan el Instituto Nacional de Seguridad en los Suelos. <a href=\"https:\/\/www.briskmanandbriskman.com\/es\/areas-de-practica\/indemnizacion-por-accidente-laboral\/chicago-lesiones-en-la-cabeza-y-los-trabajadores-abogados-de-compensacion\/\">Lesiones cerebrales traum\u00e1ticas<\/a> y las lesiones medulares se cuentan tambi\u00e9n entre los tipos de lesiones graves m\u00e1s caras y dif\u00edciles de tratar.<\/li>\n\n\n\n<li><strong>Fracturas.<\/strong> <a href=\"https:\/\/www.briskmanandbriskman.com\/es\/areas-de-practica\/indemnizacion-por-accidente-laboral\/rotura-de-huesos-en-el-trabajo\/\">Huesos rotos<\/a> son el resultado n\u00famero uno de las ca\u00eddas en EE.UU., seg\u00fan el NFSI. Las fracturas \u00f3seas suelen conllevar bajas laborales y otros problemas, como la movilidad limitada.<\/li>\n\n\n\n<li><strong>Quemaduras.<\/strong> Ya sea por calor, electricidad, radiaci\u00f3n u otras fuentes, las lesiones por quemaduras pueden causar dolor y da\u00f1os graves, incluidas cicatrices severas.<\/li>\n\n\n\n<li><strong>Da\u00f1os en los tejidos blandos.<\/strong> Los da\u00f1os en m\u00fasculos, nervios, tendones, ligamentos y otras estructuras corporales pueden provocar bajas laborales, s\u00edntomas persistentes y problemas continuos de dolor o movilidad.<\/li>\n<\/ul>\n\n\n\n<p>El Consejo Nacional de Seguridad ha descubierto que algunos tipos de lesiones relacionadas con el trabajo provocan m\u00e1s d\u00edas de baja que otros. El NSC estima que el n\u00famero medio de d\u00edas de trabajo perdidos por lesiones incluye:<\/p>\n\n\n\n<ul class=\"wp-block-list\">\n<li><strong>4 d\u00edas<\/strong> por lesiones en la cabeza,<\/li>\n\n\n\n<li><strong>9 d\u00edas<\/strong> para lesiones de espalda,<\/li>\n\n\n\n<li><strong>13 d\u00edas<\/strong> para lesiones en pies y piernas,<\/li>\n\n\n\n<li><strong>13 d\u00edas<\/strong> para lesiones en sistemas corporales como los pulmones o el tubo digestivo,<\/li>\n\n\n\n<li><strong>15 d\u00edas<\/strong> para lesiones de mu\u00f1eca y mano,<\/li>\n\n\n\n<li><strong>18 d\u00edas<\/strong> para lesiones de rodilla, y<\/li>\n\n\n\n<li><strong>28 d\u00edas<\/strong> para lesiones de hombro.<\/li>\n<\/ul>\n\n\n\n<p>Estas bajas laborales cuestan muy caras a los trabajadores. Cada d\u00eda de baja es un d\u00eda en el que los trabajadores no se llevan a casa la paga que necesitan para mantener a sus familias. La indemnizaci\u00f3n por accidente laboral ayuda a compensar a los trabajadores por estas p\u00e9rdidas.<\/p>\n\n\n\n<h3 class=\"wp-block-heading\">Navegar por la indemnizaci\u00f3n de los trabajadores en Illinois<\/h3>\n\n\n\n<p>En <a href=\"https:\/\/www.ilga.gov\/legislation\/ilcs\/ilcs3.asp?ActID=2430&amp;ChapterID=68\" target=\"_blank\" rel=\"noopener\">Illinois Ley de compensaci\u00f3n de los trabajadores<\/a> regula las reclamaciones de indemnizaci\u00f3n de los trabajadores en el Estado. La ley obliga a la mayor\u00eda de las empresas a contratar un seguro de indemnizaci\u00f3n por accidentes laborales en caso de que un empleado sufra lesiones en el trabajo. Cuando un empleado est\u00e1 cubierto por la compensaci\u00f3n de los trabajadores, las prestaciones se pagan independientemente de que el empleado haya tenido o no la culpa de sus propias lesiones.<\/p>\n\n\n\n<p><a href=\"https:\/\/www.briskmanandbriskman.com\/es\/estudio-sobre-la-indemnizacion-de-los-trabajadores\/\">Las reclamaciones de indemnizaci\u00f3n por accidente laboral se rigen por normas espec\u00edficas<\/a>. Para entender c\u00f3mo se aplican las normas en su situaci\u00f3n, es importante hablar con un abogado con experiencia en compensaci\u00f3n de trabajadores Illinois.<\/p>\n\n\n\n<h4 class=\"wp-block-heading\">Qui\u00e9n est\u00e1 cubierto<\/h4>\n\n\n\n<p>La Ley de Indemnizaci\u00f3n por Accidentes Laborales cubre a los empleados \"contratados, lesionados o cuyo empleo est\u00e9 localizado en el Estado de Illinois\", seg\u00fan el Manual de Indemnizaci\u00f3n por Accidentes Laborales de Illinois.<\/p>\n\n\n\n<p>Los trabajadores cubiertos por el seguro de accidentes de trabajo no tienen que ganarse el derecho a la cobertura trabajando un determinado periodo de tiempo. Est\u00e1n cubiertos desde el primer d\u00eda de trabajo.<\/p>\n\n\n\n<p>Sin embargo, la ley limita la cobertura a los empleados. Los contratistas independientes no suelen estar cubiertos por la compensaci\u00f3n de los trabajadores. Sin embargo, pueden tener acceso a otras fuentes de indemnizaci\u00f3n. Hable con un abogado experimentado para obtener m\u00e1s informaci\u00f3n.<\/p>\n\n\n\n<h4 class=\"wp-block-heading\">Beneficios<\/h4>\n\n\n\n<p>La indemnizaci\u00f3n por accidente de trabajo en Illinois incluye distintos tipos de prestaciones para los trabajadores lesionados. Estas prestaciones incluyen:<\/p>\n\n\n\n<ul class=\"wp-block-list\">\n<li><strong>Prestaciones m\u00e9dicas<\/strong> para cubrir los costes del tratamiento de la lesi\u00f3n o sus efectos,<\/li>\n\n\n\n<li><strong>Prestaciones por incapacidad temporal total (ITT)<\/strong> para ayudar a los empleados a pagar las facturas mientras est\u00e1n de baja recuper\u00e1ndose de una lesi\u00f3n,<\/li>\n\n\n\n<li><strong>Prestaciones por incapacidad temporal parcial (ITP)<\/strong> para compensar la diferencia entre el salario habitual de un trabajador y un salario inferior que pueda percibir al trabajar menos horas o con funciones restringidas mientras se cura,<\/li>\n\n\n\n<li><strong>Prestaciones de readaptaci\u00f3n profesional y mantenimiento<\/strong> para los trabajadores que requieren rehabilitaci\u00f3n profesional para ayudarles a volver al trabajo,<\/li>\n\n\n\n<li><strong>Prestaciones por incapacidad permanente parcial (IPP)<\/strong> para los trabajadores que sufren una invalidez permanente o una desfiguraci\u00f3n pero pueden seguir trabajando,<\/li>\n\n\n\n<li><strong>Prestaciones por incapacidad permanente total (IPT)<\/strong> para los trabajadores cuyas lesiones les impidan trabajar, y<\/li>\n\n\n\n<li><strong>Prestaciones por defunci\u00f3n<\/strong> para los familiares si un accidente laboral causa la muerte de un trabajador.<\/li>\n<\/ul>\n\n\n\n<p>No todas las prestaciones se aplican en todas las situaciones. Un trabajador que pueda recuperarse totalmente de la lesi\u00f3n, por ejemplo, puede no necesitar prestaciones permanentes. En la mayor\u00eda de los casos, sin embargo, se necesitar\u00e1n prestaciones m\u00e9dicas, y un trabajador puede necesitar tambi\u00e9n alg\u00fan tipo de prestaciones temporales.<\/p>\n\n\n\n<p>Si le han denegado las prestaciones de compensaci\u00f3n de los trabajadores a pesar de que cree que cumple los requisitos, la Comisi\u00f3n de Compensaci\u00f3n de los Trabajadores Illinois le permite presentar una reclamaci\u00f3n de prestaciones sin abogado. Sin embargo, trabajar con un abogado con experiencia puede aumentar en gran medida sus posibilidades de \u00e9xito. Su abogado tambi\u00e9n puede asumir la responsabilidad y el trabajo necesario para presentar una reclamaci\u00f3n para que usted pueda centrarse en la curaci\u00f3n de sus lesiones.<\/p>\n\n\n\n<h4 class=\"wp-block-heading\">Reclamaciones de terceros<\/h4>\n\n\n\n<p>El seguro de indemnizaci\u00f3n por accidentes de trabajo presta ayuda a los trabajadores lesionados, de modo que \u00e9stos no tienen que demostrar que la culpa fue de su empresa para obtener ayuda. En algunos casos, sin embargo, un tercero puede ser parcial o totalmente responsable de sus lesiones. Por ejemplo:<\/p>\n\n\n\n<ul class=\"wp-block-list\">\n<li>Un conductor ebrio puede chocar con un empleado que hace una entrega o conduce como parte de su trabajo, caus\u00e1ndole lesiones.<\/li>\n\n\n\n<li>Una herramienta o equipo defectuoso puede causar lesiones.<\/li>\n\n\n\n<li>Un cliente u otro visitante puede actuar con violencia, causando da\u00f1os a un empleado.<\/li>\n\n\n\n<li>Los empleados encargados de hacer las entregas pueden encontrarse con perros agresivos u otros peligros que provoquen lesiones.<\/li>\n<\/ul>\n\n\n\n<p>Estas reclamaciones se denominan \"<a href=\"https:\/\/www.briskmanandbriskman.com\/es\/areas-de-practica\/abogados-de-reclamaciones-de-responsabilidad-civil-de-chicago\/\">reclamaciones de terceros<\/a>\"porque implican a una tercera persona o empresa que no es ni usted ni su empleador. Un abogado con experiencia puede ayudarte a determinar si tienes una reclamaci\u00f3n de terceros.<\/p>\n\n\n\n<h3 class=\"wp-block-heading\">D\u00f3nde pedir ayuda<\/h3>\n\n\n\n<p>En 2020, las lesiones en el lugar de trabajo costaron a los trabajadores estadounidenses $163.900 millones, seg\u00fan el NSC. Este total incluye:<\/p>\n\n\n\n<ul class=\"wp-block-list\">\n<li><strong>$44.800 millones<\/strong> en salarios y productividad laboral perdidos,<\/li>\n\n\n\n<li><strong>$34.900 millones<\/strong> en gastos m\u00e9dicos,<\/li>\n\n\n\n<li><strong>$12.800 millones<\/strong> en costes adicionales cuando los empresarios carec\u00edan de la cobertura de indemnizaci\u00f3n por accidentes laborales que sus empleados necesitaban.<\/li>\n<\/ul>\n\n\n\n<p>Por t\u00e9rmino medio, una lesi\u00f3n laboral que requiere atenci\u00f3n m\u00e9dica cuesta $44.000 en gastos m\u00e9dicos, salarios perdidos y otras p\u00e9rdidas. Cuando se deniega injustamente la indemnizaci\u00f3n por accidente laboral, los trabajadores soportan la carga de estos costes, pero no deber\u00edan tener que hacerlo.<\/p>\n\n\n\n<p>Si se ha lesionado en el trabajo, hable con un <a href=\"https:\/\/www.briskmanandbriskman.com\/es\/areas-de-practica\/indemnizacion-por-accidente-laboral\/\">abogado experto en indemnizaci\u00f3n por accidente laboral Illinois<\/a> hoy. En <a href=\"https:\/\/www.briskmanandbriskman.com\/es\/\">Briskman Briskman &amp; Greenberg<\/a>nuestros abogados se dedican a <a href=\"https:\/\/www.briskmanandbriskman.com\/es\/lugares\/condado-del-lago\/abogados-de-danos-personales\/\">ayudar a nuestros clientes en Lake County<\/a> y en toda la zona Chicago. Responderemos a sus preguntas y le ayudaremos a decidir qu\u00e9 pasos dar a continuaci\u00f3n. M\u00e1s informaci\u00f3n, <a href=\"https:\/\/www.briskmanandbriskman.com\/es\/abogados-de-accidentes-de-camiones-en-chicago-2\/\">p\u00f3ngase en contacto con nosotros<\/a> para programar una <a href=\"https:\/\/www.briskmanandbriskman.com\/es\/consulta-gratuita\/\">consulta gratuita y confidencial<\/a>.<\/p>\n\n\n\n<h2 class=\"wp-block-heading\">Recursos adicionales sobre indemnizaci\u00f3n por accidentes laborales<\/h2>\n\n\n\n<ul class=\"wp-block-list\">\n<li><a href=\"https:\/\/www.briskmanandbriskman.com\/es\/estudio-sobre-la-indemnizacion-de-los-trabajadores\/\">Illinois Estad\u00edsticas de accidentes laborales<\/a><\/li>\n\n\n\n<li><a href=\"https:\/\/www.briskmanandbriskman.com\/es\/areas-de-practica\/indemnizacion-por-accidente-laboral\/rotura-de-huesos-en-el-trabajo\/\">Huesos rotos en el trabajo<\/a><\/li>\n\n\n\n<li><a href=\"https:\/\/www.briskmanandbriskman.com\/es\/areas-de-practica\/indemnizacion-por-accidente-laboral\/chicago-accidente-de-coche-en-el-trabajo-abogados\/\">Chicago Accidentes de tr\u00e1fico en el trabajo Abogados<\/a><\/li>\n\n\n\n<li><a href=\"https:\/\/www.briskmanandbriskman.com\/es\/areas-de-practica\/indemnizacion-por-accidente-laboral\/chicago-lesiones-en-la-cabeza-y-los-trabajadores-abogados-de-compensacion\/\">Chicago Abogados de lesiones en la cabeza y compensaci\u00f3n laboral<\/a><\/li>\n\n\n\n<li><a href=\"https:\/\/www.briskmanandbriskman.com\/es\/areas-de-practica\/indemnizacion-por-accidente-laboral\/abogados-de-chicago-especializados-en-caidas-de-escaleras-y-compensacion-laboral\/\">Chicago Ca\u00eddas de escaleras y abogados de indemnizaci\u00f3n laboral<\/a><\/li>\n\n\n\n<li><a href=\"https:\/\/www.briskmanandbriskman.com\/es\/areas-de-practica\/indemnizacion-por-accidente-laboral\/los-abogados-de-lesiones-de-chicago-ayudan-a-los-mecanicos-lesionados-a-obtener-una-indemnizacion-por-sus-lesiones-laborales\/\">Chicago Mec\u00e1nico Lesiones Laborales<\/a><\/li>\n\n\n\n<li><a href=\"https:\/\/www.briskmanandbriskman.com\/es\/areas-de-practica\/indemnizacion-por-accidente-laboral\/abogados-de-lesiones-en-el-lugar-de-trabajo-del-almacen-de-chicago\/\">Chicago Abogados de accidentes laborales en almacenes<\/a><\/li>\n\n\n\n<li><a href=\"https:\/\/www.briskmanandbriskman.com\/es\/areas-de-practica\/indemnizacion-por-accidente-laboral\/chicago-abogado-de-accidentes-de-trabajo-para-los-trabajadores-de-almacen-amazon\/\">Chicago Abogado de accidentes de trabajo para los trabajadores del almac\u00e9n de Amazon<\/a><\/li>\n\n\n\n<li><a href=\"https:\/\/www.briskmanandbriskman.com\/es\/areas-de-practica\/indemnizacion-por-accidente-laboral\/chicago-abogados-de-accidentes-de-trabajo-para-los-trabajadores-de-entrega-de-amazon\/\">Chicago Abogados de lesiones de trabajo para los trabajadores de entrega de Amazon<\/a><\/li>\n\n\n\n<li><a href=\"https:\/\/www.briskmanandbriskman.com\/es\/areas-de-practica\/indemnizacion-por-accidente-laboral\/los-abogados-de-chicago-especializados-en-accidentes-laborales-ayudan-a-los-trabajadores-esenciales-a-obtener-una-indemnizacion-por-lesiones-relacionadas-con-el-coronavirus\/\">Chicago Los abogados especializados en accidentes de trabajo ayudan a los trabajadores esenciales a obtener indemnizaciones por casos relacionados con el coronavirus <\/a><\/li>\n\n\n\n<li><a href=\"https:\/\/www.briskmanandbriskman.com\/es\/areas-de-practica\/indemnizacion-por-accidente-laboral\/chicago-abogados-de-compensacion-a-los-trabajadores-por-caidas-desde-andamios\/\">Chicago Abogados de indemnizaci\u00f3n laboral por ca\u00eddas desde andamios<\/a><\/li>\n\n\n\n<li><a href=\"https:\/\/www.briskmanandbriskman.com\/es\/areas-de-practica\/indemnizacion-por-accidente-laboral\/abogados-de-compensacion-laboral-de-chicago-para-trabajadores-de-fedex-lesionados\/\">Chicago Compensaci\u00f3n de los Trabajadores Abogados para los trabajadores lesionados FedEx<\/a><\/li>\n\n\n\n<li><a href=\"https:\/\/www.briskmanandbriskman.com\/es\/areas-de-practica\/indemnizacion-por-accidente-laboral\/chicago-workplace-injury-lawyers-firm-represent-injured-delivery-drivers\/\">Chicago Abogados de lesiones de trabajo representan conductores de entrega lesionados<\/a><\/li>\n\n\n\n<li><a href=\"https:\/\/www.briskmanandbriskman.com\/es\/areas-de-practica\/indemnizacion-por-accidente-laboral\/electrocucion-en-el-trabajo\/\">Electrocuci\u00f3n en el trabajo<\/a><\/li>\n\n\n\n<li><a href=\"https:\/\/www.briskmanandbriskman.com\/es\/areas-de-practica\/indemnizacion-por-accidente-laboral\/lesionado-mientras-trabajaba-en-ups-nuestros-abogados-de-compensacion-de-trabajadores-pueden-ayudar-a\/\">\u00bfSe lesion\u00f3 mientras trabajaba en UPS? Nuestros abogados pueden ayudarle<\/a><\/li>\n\n\n\n<li><a href=\"https:\/\/www.briskmanandbriskman.com\/es\/areas-de-practica\/indemnizacion-por-accidente-laboral\/proyectos-a-largo-plazo-frente-a-proyectos-a-corto-plazo\/\">Proyectos a largo plazo frente a proyectos a corto plazo<\/a><\/li>\n\n\n\n<li><a href=\"https:\/\/www.briskmanandbriskman.com\/es\/areas-de-practica\/indemnizacion-por-accidente-laboral\/lesiones-de-cuello-y-espalda-en-el-trabajo\/\">Lesiones de cuello y espalda en el trabajo<\/a><\/li>\n\n\n\n<li><a href=\"https:\/\/www.briskmanandbriskman.com\/es\/areas-de-practica\/indemnizacion-por-accidente-laboral\/resbalon-y-caida-en-el-trabajo\/\">Resbalones y ca\u00eddas en el trabajo<\/a><\/li>\n\n\n\n<li><a href=\"https:\/\/www.briskmanandbriskman.com\/es\/centros-de-informacion\/centro-de-compensacion-de-trabajadores\/\">Chicago Centro de Indemnizaci\u00f3n de los Trabajadores<\/a>\n<ul class=\"wp-block-list\">\n<li><a href=\"https:\/\/www.briskmanandbriskman.com\/es\/centros-de-informacion\/centro-de-compensacion-de-trabajadores\/puedo-reclamar-una-indemnizacion-a-mi-empresario\/\">\u00bfPuedo reclamar una indemnizaci\u00f3n a mi empresa?<\/a><\/li>\n\n\n\n<li><a href=\"https:\/\/www.briskmanandbriskman.com\/es\/centros-de-informacion\/centro-de-compensacion-de-trabajadores\/la-conduccion-distraida-debe-considerarse-un-problema-en-el-lugar-de-trabajo\/\">La conducci\u00f3n distra\u00edda debe considerarse un problema laboral<\/a><\/li>\n\n\n\n<li><a href=\"https:\/\/www.briskmanandbriskman.com\/es\/centros-de-informacion\/centro-de-compensacion-de-trabajadores\/seis-cosas-que-debe-saber-sobre-la-indemnizacion-laboral-en-illinois\/\">Seis cosas que debe saber sobre la indemnizaci\u00f3n de los trabajadores en Illinois<\/a><\/li>\n\n\n\n<li><a href=\"https:\/\/www.briskmanandbriskman.com\/es\/centros-de-informacion\/centro-de-compensacion-de-trabajadores\/la-sorprendente-verdad-sobre-los-accidentes-de-construccion-en-illinois\/\">La sorprendente verdad sobre los accidentes de la construcci\u00f3n Illinois<\/a><\/li>\n\n\n\n<li><a href=\"https:\/\/www.briskmanandbriskman.com\/es\/centros-de-informacion\/centro-de-compensacion-de-trabajadores\/primeros-pasos\/\">\u00bfCu\u00e1les son los primeros pasos importantes tras una lesi\u00f3n o enfermedad laboral?<\/a><\/li>\n\n\n\n<li><a href=\"https:\/\/www.briskmanandbriskman.com\/es\/centros-de-informacion\/centro-de-compensacion-de-trabajadores\/que-tipos-de-lesiones-cubre-la-indemnizacion-por-accidente-laboral\/\">\u00bfQu\u00e9 tipos de lesiones cubre la indemnizaci\u00f3n por accidente laboral?<\/a><\/li>\n\n\n\n<li><a href=\"https:\/\/www.briskmanandbriskman.com\/es\/centros-de-informacion\/centro-de-compensacion-de-trabajadores\/que-prestaciones-de-indemnizacion-por-accidente-laboral-puedo-percibir\/\">\u00bfQu\u00e9 prestaciones de indemnizaci\u00f3n por accidente de trabajo puedo recibir?<\/a><\/li>\n<\/ul>\n<\/li>\n<\/ul>\n\n\n\n<h2 class=\"wp-block-heading\">Compensaci\u00f3n de Trabajadores y Lesiones de Trabajo Abogados disponibles en todo Illinois<\/h2>\n\n\n\n<ul class=\"wp-block-list\">\n<li><a href=\"https:\/\/www.briskmanandbriskman.com\/es\/areas-de-practica\/indemnizacion-por-accidente-laboral\/\">Chicago abogados de indemnizaci\u00f3n laboral<\/a><\/li>\n\n\n\n<li><a href=\"https:\/\/www.briskmanandbriskman.com\/es\/areas-de-practica\/chicago-lugar-de-trabajo-lesiones-abogados\/\">Chicago Abogados de lesiones laborales<\/a><\/li>\n\n\n\n<li><a href=\"https:\/\/www.briskmanandbriskman.com\/es\/areas-de-practica\/accidentes-en-la-construccion\/\">Chicago Abogados de accidentes de la construcci\u00f3n<\/a><\/li>\n\n\n\n<li><a href=\"https:\/\/www.briskmanandbriskman.com\/es\/lugares\/condado-del-lago\/abogados-laboralistas\/\">Lake County Abogados de indemnizaci\u00f3n por accidentes laborales<\/a><\/li>\n\n\n\n<li><a href=\"https:\/\/www.briskmanandbriskman.com\/es\/lugares\/oaklawn\/abogados-laboralistas\/\">Oak Lawn Abogados de indemnizaci\u00f3n por accidentes laborales<\/a><\/li>\n\n\n\n<li><a href=\"https:\/\/www.briskmanandbriskman.com\/es\/lugares\/orlandpark\/abogados-laboralistas-2\/\">Orland Park Abogados de indemnizaci\u00f3n por accidentes laborales<\/a><\/li>\n\n\n\n<li><a href=\"https:\/\/www.briskmanandbriskman.com\/es\/lugares\/waukegan\/abogados-de-accidentes-de-trabajo\/\">Waukegan Abogados de accidentes de trabajo<\/a><\/li>\n\n\n\n<li><a href=\"https:\/\/www.briskmanandbriskman.com\/es\/lugares\/waukegan\/abogados-de-accidentes-de-trabajo\/abogados-de-accidentes-de-la-construccion\/\">Waukegan Abogados de accidentes de la construcci\u00f3n<\/a><\/li>\n<\/ul>","protected":false},"excerpt":{"rendered":"<p>Si se lesiona en el trabajo en Lake County, hable con un abogado con experiencia en lesiones hoy La ubicaci\u00f3n de Lake County justo al norte del condado de Cook y Chicago ofrece lo mejor de muchos mundos. Los residentes de Lake County disfrutan de f\u00e1cil acceso a las aguas de Lake Michigan, la belleza cercana de Wisconsin, y los recursos...<\/p>","protected":false},"author":1,"featured_media":11073,"parent":7806,"menu_order":0,"comment_status":"closed","ping_status":"closed","template":"","meta":{"_acf_changed":false,"footnotes":""},"class_list":["post-9118","page","type-page","status-publish","has-post-thumbnail","hentry"],"acf":[],"_links":{"self":[{"href":"https:\/\/www.briskmanandbriskman.com\/es\/wp-json\/wp\/v2\/pages\/9118","targetHints":{"allow":["GET"]}}],"collection":[{"href":"https:\/\/www.briskmanandbriskman.com\/es\/wp-json\/wp\/v2\/pages"}],"about":[{"href":"https:\/\/www.briskmanandbriskman.com\/es\/wp-json\/wp\/v2\/types\/page"}],"author":[{"embeddable":true,"href":"https:\/\/www.briskmanandbriskman.com\/es\/wp-json\/wp\/v2\/users\/1"}],"replies":[{"embeddable":true,"href":"https:\/\/www.briskmanandbriskman.com\/es\/wp-json\/wp\/v2\/comments?post=9118"}],"version-history":[{"count":3,"href":"https:\/\/www.briskmanandbriskman.com\/es\/wp-json\/wp\/v2\/pages\/9118\/revisions"}],"predecessor-version":[{"id":12913,"href":"https:\/\/www.briskmanandbriskman.com\/es\/wp-json\/wp\/v2\/pages\/9118\/revisions\/12913"}],"up":[{"embeddable":true,"href":"https:\/\/www.briskmanandbriskman.com\/es\/wp-json\/wp\/v2\/pages\/7806"}],"wp:featuredmedia":[{"embeddable":true,"href":"https:\/\/www.briskmanandbriskman.com\/es\/wp-json\/wp\/v2\/media\/11073"}],"wp:attachment":[{"href":"https:\/\/www.briskmanandbriskman.com\/es\/wp-json\/wp\/v2\/media?parent=9118"}],"curies":[{"name":"wp","href":"https:\/\/api.w.org\/{rel}","templated":true}]}}