{"id":9107,"date":"2023-02-01T00:09:23","date_gmt":"2023-02-01T00:09:23","guid":{"rendered":"https:\/\/www.briskmanandbriskman.com\/?page_id=9107"},"modified":"2024-04-15T17:09:23","modified_gmt":"2024-04-15T17:09:23","slug":"abogados-de-negligencia-medica","status":"publish","type":"page","link":"https:\/\/www.briskmanandbriskman.com\/es\/locations\/north-chicago\/medical-malpractice-attorneys\/","title":{"rendered":"North Chicago Abogados de negligencia m\u00e9dica"},"content":{"rendered":"<p>La sanidad es un tema muy popular en Estados Unidos en lo que respecta a atenci\u00f3n m\u00e9dica, leyes y normativas, asequibilidad, acceso, tratamiento, medicaci\u00f3n y seguro m\u00e9dico. La gente se somete a revisiones anuales como cuidado preventivo y mantenimiento. Los profesionales m\u00e9dicos tambi\u00e9n examinan a los pacientes para detectar problemas de salud, quejas o s\u00edntomas. El diagn\u00f3stico de enfermedades cr\u00f3nicas y repentinas puede llevar a procedimientos a largo plazo y continuas visitas al m\u00e9dico.<\/p>\n\n\n\n<p>Una Encuesta Nacional de Atenci\u00f3n M\u00e9dica Ambulatoria informa que en 2018 se produjeron m\u00e1s de 860 millones de visitas al consultorio m\u00e9dico. M\u00e1s de la mitad de las visitas fueron a un m\u00e9dico de atenci\u00f3n primaria. Para las visitas restantes, casi el 25 por ciento fueron a especialistas quir\u00fargicos, mientras que m\u00e1s de una cuarta parte fueron visitas de especialidades m\u00e9dicas. En una encuesta de 2018 publicada por el Centro Nacional de Estad\u00edsticas de Salud en relaci\u00f3n con las visitas a los servicios de urgencias, de los aproximadamente 130 millones de visitas del a\u00f1o, 35 millones estaban relacionadas con lesiones.<\/p>\n\n\n\n<p>Muchos pacientes pueden experimentar ansiedad, nerviosismo, miedo y preocupaci\u00f3n por ir al m\u00e9dico. Las visitas planificadas e inesperadas a la consulta m\u00e9dica o al hospital pueden provocar la aparici\u00f3n o prolongaci\u00f3n de emociones negativas. A pesar de las dudas a la hora de buscar atenci\u00f3n m\u00e9dica, la gente sigue acudiendo por su salud, seguridad y bienestar general.<\/p>\n\n\n\n<p>Los pacientes conf\u00edan en sus m\u00e9dicos, enfermeras y otros profesionales de la medicina para sus revisiones, tratamientos, recetas y procedimientos. Los profesionales tienen la formaci\u00f3n, la capacitaci\u00f3n y la experiencia sanitarias en las que conf\u00edan los pacientes para tranquilizarse y cuidar de ellos.<\/p>\n\n\n\n<p>Los profesionales sanitarios tienen el deber de prestar una atenci\u00f3n adecuada a sus pacientes. Cuando incumplen su deber, pueden causar lesiones o la muerte a un paciente. El paciente o el familiar superviviente pueden solicitar una indemnizaci\u00f3n por da\u00f1os y perjuicios mediante <a href=\"https:\/\/www.briskmanandbriskman.com\/es\/areas-de-practica\/negligencia-medica\/\">interponer una demanda por negligencia m\u00e9dica<\/a>.<\/p>\n\n\n\n<p>Si usted o un ser querido ha sufrido lesiones o fallecido por negligencia m\u00e9dica, <a href=\"https:\/\/www.briskmanandbriskman.com\/es\/abogados-de-accidentes-de-camiones-en-chicago-2\/\">contacte con un abogado experto en negligencias m\u00e9dicas North Chicago<\/a> en Briskman Briskman &amp; Greenberg. <a href=\"tel:1-877-595-4878\">Llame hoy mismo al 1-877-595-4878<\/a> para concertar una consulta gratuita.<\/p>\n\n\n\n<h3 class=\"wp-block-heading\">\u00bfQu\u00e9 es la negligencia m\u00e9dica?<\/h3>\n\n\n\n<p>La negligencia m\u00e9dica se produce cuando un profesional sanitario perjudica a un paciente por acci\u00f3n u omisi\u00f3n negligente. Dicha negligencia tambi\u00e9n incluye incidentes en hospitales y establecimientos de artes curativas. Las artes curativas, a veces denominadas medicina alternativa, son especialidades que promueven la salud y el bienestar, como la quiropr\u00e1ctica, la masoterapia y la acupuntura. Los m\u00e9dicos pueden dirigir a los pacientes a las artes curativas como tratamientos adicionales a los planes de atenci\u00f3n m\u00e9dica.<\/p>\n\n\n\n<p>Los profesionales sanitarios tienen el deber de atender a sus pacientes. La atenci\u00f3n debe cumplir las normas generalmente aceptadas de la profesi\u00f3n. El incumplimiento de las normas profesionales constituye una infracci\u00f3n del deber de asistencia. Si el incumplimiento es la causa legal del da\u00f1o al paciente, el profesional sanitario es culpable y responsable de los da\u00f1os resultantes para la v\u00edctima.<\/p>\n\n\n\n<p>Algunos ejemplos de negligencia m\u00e9dica que pueden dar lugar a una demanda por negligencia son:<\/p>\n\n\n\n<ul class=\"wp-block-list\">\n<li>Fallo en el diagn\u00f3stico<\/li>\n\n\n\n<li>Diagn\u00f3stico err\u00f3neo<\/li>\n\n\n\n<li>Medicaci\u00f3n o dosis incorrecta<\/li>\n\n\n\n<li>Cirug\u00eda o tratamiento innecesario o inadecuado<\/li>\n\n\n\n<li>Errores quir\u00fargicos<\/li>\n\n\n\n<li>Errores de anestesia<\/li>\n\n\n\n<li>Falta de consentimiento informado<\/li>\n\n\n\n<li>Instrumento quir\u00fargico abandonado en el interior de un paciente<\/li>\n<\/ul>\n\n\n\n<h3 class=\"wp-block-heading\">Res Ipsa Loquitor negligencia m\u00e9dica<\/h3>\n\n\n\n<p>Res ispa loquitor es un t\u00e9rmino jur\u00eddico que significa \"la cosa habla por s\u00ed misma\". La doctrina presume negligencia bas\u00e1ndose \u00fanicamente en la ocurrencia de la acci\u00f3n u omisi\u00f3n. En un caso de negligencia m\u00e9dica res ipsa loquitor, el demandante debe demostrar que el resultado m\u00e9dico normalmente no se produce sin negligencia.<\/p>\n\n\n\n<p>Seg\u00fan la ley Illinois, si el demandante presenta un caso de negligencia m\u00e9dica basado en res ispa loquitor, el tribunal debe decidir si se aplica la res ispa loquitor. Para determinarlo, el juez debe basarse en el conocimiento com\u00fan de los legos o en el testimonio de expertos m\u00e9dicos.<\/p>\n\n\n\n<ul class=\"wp-block-list\">\n<li>El demandante tiene la carga de probar la negligencia m\u00e9dica res ispa loquitor demostrando:<\/li>\n\n\n\n<li>El demandante tiene lesiones;<\/li>\n\n\n\n<li>Las lesiones son consecuencia de un instrumento o procedimiento bajo el control o la direcci\u00f3n del demandado; y<\/li>\n\n\n\n<li>La lesi\u00f3n no se producir\u00eda si el demandado hubiera actuado con la diligencia profesional habitual al utilizar el instrumento o realizar el procedimiento.<\/li>\n<\/ul>\n\n\n\n<h3 class=\"wp-block-heading\">Presentar una demanda por negligencia m\u00e9dica en North Chicago, Illinois<\/h3>\n\n\n\n<p>A <a href=\"https:\/\/www.briskmanandbriskman.com\/es\/areas-de-practica\/negligencia-medica\/que-ocurre-durante-un-juicio-por-negligencia-medica-en-illinois\/\">comienza el juicio por negligencia m\u00e9dica en North Chicago, Illinois<\/a> cuando el paciente lesionado o su representante presentan una demanda ante el tribunal competente. El demandante es la parte que presenta la demanda. La parte contra la que se interpone la demanda es el demandado.<\/p>\n\n\n\n<p>Tras presentar la demanda, el demandante debe notificar la demanda al demandado entreg\u00e1ndole la citaci\u00f3n y la demanda. El demandado dispone de 30 d\u00edas para responder a la demanda, a menos que el tribunal le conceda una pr\u00f3rroga.<\/p>\n\n\n\n<h3 class=\"wp-block-heading\">Declaraci\u00f3n jurada de m\u00e9ritos<\/h3>\n\n\n\n<p>El demandante debe presentar una declaraci\u00f3n jurada de m\u00e9ritos en una demanda por negligencia m\u00e9dica en el Illinois. La persona que firma y afirma la declaraci\u00f3n jurada es el declarante. La declaraci\u00f3n jurada debe indicar uno de los siguientes puntos:<\/p>\n\n\n\n<p>El declarante consult\u00f3 y revis\u00f3 los hechos del caso con un profesional de la salud que el declarante cree razonablemente que conoce los temas, practic\u00f3 o ense\u00f1\u00f3 en la especialidad en cuesti\u00f3n dentro de los \u00faltimos seis a\u00f1os, y est\u00e1 calificado en el tema del caso; y una determinaci\u00f3n por parte de la profesi\u00f3n y el declarante de que es una causa razonable y meritoria para presentar la acci\u00f3n legal. El declarante no pudo obtener la consulta del profesional de la salud antes de la fecha de expiraci\u00f3n del plazo de prescripci\u00f3n.<\/p>\n\n\n\n<p>Si el demandante no presenta una declaraci\u00f3n jurada de m\u00e9ritos, el tribunal puede desestimar la demanda. El demandado puede responder a una demanda sin una declaraci\u00f3n jurada de m\u00e9ritos presentando una moci\u00f3n de desestimaci\u00f3n del caso.<\/p>\n\n\n\n<h3 class=\"wp-block-heading\">Prescripci\u00f3n<\/h3>\n\n\n\n<p>El plazo de prescripci\u00f3n es el tiempo que la ley concede a una persona o entidad para entablar una acci\u00f3n judicial. El reloj puede empezar a contar a partir de la fecha de la conducta il\u00edcita o cuando la parte perjudicada descubre que se ha producido dicha conducta. En determinados casos, el plazo de prescripci\u00f3n se detiene durante cierto tiempo. Cuando transcurre el plazo para presentar la demanda, la ley suprime el derecho a interponer la demanda judicial.<\/p>\n\n\n\n<p>En el Illinois, el plazo de prescripci\u00f3n para presentar una demanda por negligencia m\u00e9dica es de dos a\u00f1os a partir de la fecha en que el demandante tuvo conocimiento, deber\u00eda haber tenido conocimiento o recibi\u00f3 notificaci\u00f3n por escrito de la lesi\u00f3n o fallecimiento, lo que ocurra primero. Independientemente del m\u00e9todo de notificaci\u00f3n, el demandante s\u00f3lo puede presentar la demanda hasta cuatro a\u00f1os despu\u00e9s de la fecha del da\u00f1o m\u00e9dico.<\/p>\n\n\n\n<h3 class=\"wp-block-heading\">Prescripci\u00f3n de la negligencia m\u00e9dica en Illinois<\/h3>\n\n\n\n<p>Despu\u00e9s de que una persona sufra una lesi\u00f3n legal, la ley de prescripci\u00f3n puede interrumpir el tiempo para que la parte presente una demanda. Tolling significa que el reloj deja de correr por el per\u00edodo que la ley requiere para iniciar el caso. Illinois ley hace una pausa en el plazo de prescripci\u00f3n cuando el demandante tiene una incapacidad legal, tales como:<\/p>\n\n\n\n<ul class=\"wp-block-list\">\n<li>Edad inferior a 18 a\u00f1os<\/li>\n\n\n\n<li>Deterioro mental<\/li>\n\n\n\n<li>Enfermedades mentales<\/li>\n\n\n\n<li>Discapacidades del desarrollo<\/li>\n<\/ul>\n\n\n\n<p>Un lesionado menor de 18 a\u00f1os en el momento de la lesi\u00f3n tiene hasta ocho a\u00f1os despu\u00e9s de la fecha del da\u00f1o para presentar una demanda por negligencia m\u00e9dica. Sin embargo, el demandante no puede presentar la demanda despu\u00e9s de cumplir 22 a\u00f1os. Si una persona sigue siendo menor una vez transcurrido el plazo de ocho a\u00f1os, un padre, tutor u otro adulto designado puede presentar la demanda en su nombre antes de que expire dicho plazo.<\/p>\n\n\n\n<p>El plazo de prescripci\u00f3n para un demandante con una incapacidad legal distinta de la de ser menor de 18 a\u00f1os no comienza hasta que finaliza la incapacidad. En algunos casos, el paciente no tiene una incapacidad legal en el momento de la negligencia. Si la adquiere antes de la fecha l\u00edmite para presentar la demanda, el reloj de la prescripci\u00f3n se detiene hasta que cesa la incapacidad.<\/p>\n\n\n\n<h3 class=\"wp-block-heading\">Muerte por negligencia m\u00e9dica<\/h3>\n\n\n\n<p>La negligencia m\u00e9dica puede causar lesiones leves o graves a los pacientes o la muerte de un paciente. La ley Illinois define el homicidio culposo como la muerte resultante de un acto il\u00edcito, negligencia o incumplimiento.<\/p>\n\n\n\n<p>La persona fallecida tiene una causa de acci\u00f3n por <a href=\"https:\/\/www.briskmanandbriskman.com\/es\/areas-de-practica\/muerte-por-negligencia\/\">muerte por negligencia m\u00e9dica<\/a> si la persona hubiera podido presentar la demanda en vida. El representante personal de la herencia del fallecido presenta la demanda por negligencia. El dinero recuperado se destina al c\u00f3nyuge sup\u00e9rstite y a los parientes m\u00e1s cercanos del fallecido,<\/p>\n\n\n\n<h3 class=\"wp-block-heading\">Negligencia comparativa<\/h3>\n\n\n\n<p>Un acto u omisi\u00f3n de un profesional o centro m\u00e9dico puede causar lesiones o incluso la muerte del paciente. Sin embargo, el perjudicado puede contribuir a la negligencia m\u00e9dica. Si un paciente no proporciona informaci\u00f3n completa y exacta sobre su historial m\u00e9dico o s\u00edntoma, el m\u00e9dico puede realizar tratamientos innecesarios o administrar medicamentos perjudiciales al paciente.<\/p>\n\n\n\n<p>Cuando los pacientes contribuyen a su da\u00f1o m\u00e9dico, la ley Illinois aplica la doctrina de la negligencia comparativa modificada. El juez o el jurado determinan el porcentaje de culpa del demandante en la lesi\u00f3n o muerte. Si el demandante tiene m\u00e1s del 50 por ciento de culpa, no puede recibir indemnizaci\u00f3n de la demanda. Si la culpa del lesionado es del 50 por ciento o menos, la ley estatal reduce la indemnizaci\u00f3n en el porcentaje de culpa del demandante.<\/p>\n\n\n\n<h3 class=\"wp-block-heading\">Da\u00f1os y perjuicios<\/h3>\n\n\n\n<p>La indemnizaci\u00f3n por da\u00f1os y perjuicios es una compensaci\u00f3n econ\u00f3mica por cualquier lesi\u00f3n, da\u00f1o o p\u00e9rdida que sufra una v\u00edctima por la conducta il\u00edcita de otro. En una demanda por negligencia m\u00e9dica, el demandante puede reclamar una indemnizaci\u00f3n por da\u00f1os y perjuicios, incluidas las p\u00e9rdidas econ\u00f3micas y no econ\u00f3micas. El demandante tiene la carga de probar que el demandado caus\u00f3 da\u00f1os y demostrar el valor monetario de las p\u00e9rdidas.<\/p>\n\n\n\n<p>La ley Illinois define las p\u00e9rdidas econ\u00f3micas como los da\u00f1os que causan un perjuicio financiero a la v\u00edctima. Las p\u00e9rdidas econ\u00f3micas en una demanda por negligencia m\u00e9dica pueden incluir lo siguiente:<\/p>\n\n\n\n<ul class=\"wp-block-list\">\n<li>Gastos m\u00e9dicos pasados y futuros<\/li>\n\n\n\n<li>Futura atenci\u00f3n m\u00e9dica de rehabilitaci\u00f3n<\/li>\n\n\n\n<li>Atenci\u00f3n m\u00e9dica continuada<\/li>\n\n\n\n<li>Salarios perdidos<\/li>\n\n\n\n<li>P\u00e9rdida de empleo<\/li>\n\n\n\n<li>P\u00e9rdida de capacidad de ganancia<\/li>\n<\/ul>\n\n\n\n<p>Las p\u00e9rdidas no econ\u00f3micas son los aspectos f\u00edsicos, emocionales, mentales y psicol\u00f3gicos de la negligencia m\u00e9dica que sufre un paciente. No tienen cantidades fijas para calcular un total. Incluyen angustia mental, dolor, sufrimiento, p\u00e9rdida de compa\u00f1\u00eda, p\u00e9rdida del disfrute de la vida, desfiguraci\u00f3n, inconvenientes y angustia emocional.<\/p>\n\n\n\n<h3 class=\"wp-block-heading\">Contratar a un abogado<\/h3>\n\n\n\n<p><a href=\"https:\/\/www.briskmanandbriskman.com\/es\/areas-de-practica\/negligencia-medica\/\">Casos de negligencia m\u00e9dica<\/a> implican mucho tiempo y trabajo para tramitar las reclamaciones. Las lesiones derivadas de negligencias sanitarias pueden requerir una recuperaci\u00f3n y rehabilitaci\u00f3n prolongadas. Los impedimentos f\u00edsicos y el dolor dificultan los desplazamientos y la concentraci\u00f3n en el caso.<\/p>\n\n\n\n<p>En <a href=\"https:\/\/www.briskmanandbriskman.com\/es\/areas-de-practica\/muerte-por-negligencia\/\">muerte por negligencia m\u00e9dica<\/a>Los familiares supervivientes se enfrentan a la p\u00e9rdida de sus seres queridos. Tambi\u00e9n deben gestionar el patrimonio, las finanzas y las deudas del fallecido al margen de la negligencia m\u00e9dica.<\/p>\n\n\n\n<p>Lo mejor es contratar a un abogado experto en negligencia m\u00e9dica North Chicago que pueda proteger sus derechos legales. <a href=\"tel:1-877-595-4878\">Llame hoy al Briskman Briskman &amp; Greenberg al 1-877-595-4878<\/a> para concertar una consulta.<\/p>\n\n\n\n<h3 class=\"wp-block-heading\">Recursos adicionales sobre negligencia m\u00e9dica<\/h3>\n\n\n\n<ul class=\"wp-block-list\">\n<li><a href=\"https:\/\/www.briskmanandbriskman.com\/es\/centros-de-informacion\/centro-de-negligencias-medicas\/tengo-un-caso-de-negligencia-medica\/\">\u00bfTengo un caso de negligencia m\u00e9dica?<\/a><\/li>\n\n\n\n<li><a href=\"https:\/\/www.briskmanandbriskman.com\/es\/centros-de-informacion\/centro-de-negligencias-medicas\/los-errores-de-medicacion-son-mas-frecuentes-de-lo-que-se-piensa\/\">Los errores de medicaci\u00f3n son m\u00e1s frecuentes de lo que cree<\/a><\/li>\n\n\n\n<li><a href=\"https:\/\/www.briskmanandbriskman.com\/es\/centros-de-informacion\/centro-de-negligencias-medicas\/tipos-mas-comunes-de-lesiones-en-el-parto\/\">Tipos m\u00e1s comunes de lesiones en el parto<\/a><\/li>\n\n\n\n<li><a href=\"https:\/\/www.briskmanandbriskman.com\/es\/centros-de-informacion\/centro-de-negligencias-medicas\/que-ocurre-durante-un-juicio-por-negligencia-medica-en-illinois\/\">\u00bfQu\u00e9 sucede durante una demanda por negligencia m\u00e9dica en Illinois?<\/a><\/li>\n<\/ul>\n\n\n\n<h3 class=\"wp-block-heading\">Abogados de negligencia m\u00e9dica disponibles en todo Illinois<\/h3>\n\n\n\n<ul class=\"wp-block-list\">\n<li><a href=\"https:\/\/www.briskmanandbriskman.com\/es\/areas-de-practica\/negligencia-medica\/\">Chicago Abogados de negligencia m\u00e9dica<\/a><\/li>\n\n\n\n<li><a href=\"https:\/\/www.briskmanandbriskman.com\/es\/lugares\/condado-del-lago\/abogados-especializados-en-negligencias-medicas\/\">Lake County Abogados especializados en negligencias m\u00e9dicas<\/a><\/li>\n\n\n\n<li><a href=\"https:\/\/www.briskmanandbriskman.com\/es\/lugares\/mundelein\/abogados-de-negligencia-medica\/\">Mundelein Abogados de negligencia m\u00e9dica<\/a><\/li>\n\n\n\n<li><a href=\"https:\/\/www.briskmanandbriskman.com\/es\/lugares\/norte-de-chicago\/abogados-de-negligencia-medica\/\">North Chicago Abogados de negligencia m\u00e9dica<\/a><\/li>\n\n\n\n<li><a href=\"https:\/\/www.briskmanandbriskman.com\/es\/lugares\/oaklawn\/abogados-especializados-en-negligencias-medicas\/\">Oak Lawn Abogados especializados en negligencias m\u00e9dicas<\/a><\/li>\n\n\n\n<li><a href=\"https:\/\/www.briskmanandbriskman.com\/es\/lugares\/orlandpark\/abogados-especializados-en-negligencias-medicas\/\">Orland Park Abogados de negligencia m\u00e9dica<\/a><\/li>\n\n\n\n<li><a href=\"https:\/\/www.briskmanandbriskman.com\/es\/lugares\/waukegan\/abogados-de-negligencia-medica\/\">Waukegan Abogado de negligencia m\u00e9dica<\/a><\/li>\n\n\n\n<li><a href=\"https:\/\/www.briskmanandbriskman.com\/es\/lugares\/ruedas\/abogado-de-negligencia-medica\/\">Wheeling Abogado de negligencia m\u00e9dica<\/a><\/li>\n<\/ul>","protected":false},"excerpt":{"rendered":"<p>La sanidad es un tema muy popular en Estados Unidos en lo que respecta a atenci\u00f3n m\u00e9dica, leyes y normativas, asequibilidad, acceso, tratamiento, medicaci\u00f3n y seguro m\u00e9dico. La gente se somete a revisiones anuales como cuidado preventivo y mantenimiento. Los profesionales m\u00e9dicos tambi\u00e9n examinan a los pacientes para detectar problemas de salud, quejas o s\u00edntomas. El diagn\u00f3stico de enfermedades cr\u00f3nicas y repentinas puede llevar a procedimientos a largo plazo y...<\/p>","protected":false},"author":1,"featured_media":11027,"parent":7887,"menu_order":0,"comment_status":"closed","ping_status":"closed","template":"","meta":{"_acf_changed":false,"footnotes":""},"class_list":["post-9107","page","type-page","status-publish","has-post-thumbnail","hentry"],"acf":[],"_links":{"self":[{"href":"https:\/\/www.briskmanandbriskman.com\/es\/wp-json\/wp\/v2\/pages\/9107","targetHints":{"allow":["GET"]}}],"collection":[{"href":"https:\/\/www.briskmanandbriskman.com\/es\/wp-json\/wp\/v2\/pages"}],"about":[{"href":"https:\/\/www.briskmanandbriskman.com\/es\/wp-json\/wp\/v2\/types\/page"}],"author":[{"embeddable":true,"href":"https:\/\/www.briskmanandbriskman.com\/es\/wp-json\/wp\/v2\/users\/1"}],"replies":[{"embeddable":true,"href":"https:\/\/www.briskmanandbriskman.com\/es\/wp-json\/wp\/v2\/comments?post=9107"}],"version-history":[{"count":2,"href":"https:\/\/www.briskmanandbriskman.com\/es\/wp-json\/wp\/v2\/pages\/9107\/revisions"}],"predecessor-version":[{"id":12887,"href":"https:\/\/www.briskmanandbriskman.com\/es\/wp-json\/wp\/v2\/pages\/9107\/revisions\/12887"}],"up":[{"embeddable":true,"href":"https:\/\/www.briskmanandbriskman.com\/es\/wp-json\/wp\/v2\/pages\/7887"}],"wp:featuredmedia":[{"embeddable":true,"href":"https:\/\/www.briskmanandbriskman.com\/es\/wp-json\/wp\/v2\/media\/11027"}],"wp:attachment":[{"href":"https:\/\/www.briskmanandbriskman.com\/es\/wp-json\/wp\/v2\/media?parent=9107"}],"curies":[{"name":"wp","href":"https:\/\/api.w.org\/{rel}","templated":true}]}}