{"id":9104,"date":"2023-01-31T23:45:23","date_gmt":"2023-01-31T23:45:23","guid":{"rendered":"https:\/\/www.briskmanandbriskman.com\/?page_id=9104"},"modified":"2024-06-28T22:15:14","modified_gmt":"2024-06-28T22:15:14","slug":"abogados-de-resbalones-y-caidas","status":"publish","type":"page","link":"https:\/\/www.briskmanandbriskman.com\/es\/locations\/north-chicago\/slip-and-fall-attorneys\/","title":{"rendered":"North Chicago Abogados de resbalones y ca\u00eddas"},"content":{"rendered":"<p>El gasto de los consumidores aporta anualmente miles de millones de d\u00f3lares a la econom\u00eda de Estados Unidos. A medida que avanza la tecnolog\u00eda, la gente sigue adquiriendo bienes y servicios con solo tocar sus tel\u00e9fonos m\u00f3viles, tabletas, ordenadores y televisores. La capacidad de comprar art\u00edculos es m\u00e1s r\u00e1pida que en d\u00e9cadas anteriores. Sin embargo, la demanda es tan alta que la oferta a menudo no puede seguir el ritmo de las \u00f3rdenes de compra.<\/p>\n\n\n\n<p>En Estados Unidos, m\u00e1s de 250 millones de personas utilizan la compra por Internet para adquirir alimentos, comida r\u00e1pida y ropa. Tambi\u00e9n pueden ver pel\u00edculas reci\u00e9n estrenadas en sistemas de entretenimiento dom\u00e9stico. La tendencia actual es la comodidad del consumidor. La gente incluso paga sus facturas por Internet. Con las opciones de recibir la mercanc\u00eda a domicilio o recogerla en la acera, eliminando la necesidad de entrar en la tienda, parece que los edificios f\u00edsicos est\u00e1n obsoletos.<\/p>\n\n\n\n<p>Sin embargo, la Oficina del Censo de Estados Unidos calcula que el comercio electr\u00f3nico s\u00f3lo representa una media del 14% de las ventas minoristas totales. Por tanto, los consumidores siguen acudiendo a los comercios f\u00edsicos para comprar, pagar facturas y hacer otros recados. En Estados Unidos hay millones de establecimientos f\u00edsicos. Proporcionan comodidad, como disponer del art\u00edculo en el momento de la compra.<\/p>\n\n\n\n<p>En North Chicago, con una poblaci\u00f3n de m\u00e1s de 30.000 habitantes, los comercios y eventos locales atraen a sus establecimientos a una mezcla de ciudadanos y visitantes. Los negocios tienen diferentes afluencias de clientes en determinadas horas, d\u00edas y \u00e9pocas del a\u00f1o. A veces pueden tener un n\u00famero de clientes inferior o superior a la media.<\/p>\n\n\n\n<p>Los propietarios de inmuebles en North Chicago deben tomar las medidas necesarias para garantizar que los edificios y terrenos sean seguros para sus clientes. Sin un mantenimiento e inspecci\u00f3n regulares de las instalaciones, los clientes pueden resbalar y caerse. La persona lesionada puede acabar con lesiones de leves a graves en el accidente.<\/p>\n\n\n\n<p>Si usted o un ser querido <a href=\"https:\/\/www.briskmanandbriskman.com\/es\/areas-de-practica\/chicago-resbalon-y-caida-abogados\/\">sufri\u00f3 lesiones por un accidente de resbal\u00f3n y ca\u00edda en North Chicago<\/a>P\u00f3ngase en contacto con un abogado con experiencia y conocimientos en Briskman Briskman &amp; Greenberg hoy. <a href=\"tel:1-877-595-4878\">Llame al 1-877-595-4878 para programar una consulta gratuita<\/a> para hablar de su caso.<\/p>\n\n\n\n<h3 class=\"wp-block-heading\">\u00bfQu\u00e9 es un resbal\u00f3n y una ca\u00edda?<\/h3>\n\n\n\n<p>El Consejo Nacional de Seguridad informa de que en 2020 se produjeron aproximadamente 55,4 millones de lesiones. De estas lesiones, las ca\u00eddas fueron la principal causa de lesiones accidentales no mortales. Los Centros para el Control de Enfermedades estiman que en 2020, m\u00e1s de 6,8 millones de ca\u00eddas accidentales no mortales dieron lugar a visitas a urgencias...,<\/p>\n\n\n\n<p>Las ca\u00eddas pueden producirse de distintas formas y en distintos lugares. Algunos <a href=\"https:\/\/www.briskmanandbriskman.com\/es\/lugares\/norte-de-chicago\/abogados-laboralistas\/\">las ca\u00eddas se producen en el lugar de trabajo o mientras se realizan tareas relacionadas con el trabajo<\/a>. Las personas pueden sufrir accidentes por ca\u00eddas en sus hogares. Las lesiones por resbalones y ca\u00eddas pueden ocurrir cuando los hu\u00e9spedes, clientes y visitantes est\u00e1n en las instalaciones de otra persona.<\/p>\n\n\n\n<p>Un resbal\u00f3n y ca\u00edda es un tipo de lesi\u00f3n personal que ocurre cuando una persona resbala con un objeto o condici\u00f3n en el suelo que le hace caer. El accidente ocurre en una propiedad ajena, normalmente debido a que el propietario no ha eliminado o contenido las condiciones peligrosas del terreno.<\/p>\n\n\n\n<h3 class=\"wp-block-heading\">Causas de los accidentes por resbalones y ca\u00eddas<\/h3>\n\n\n\n<p>Los accidentes por resbalones y ca\u00eddas se producen en propiedades tanto en el interior como en el exterior de los edificios. Varios factores pueden contribuir las ca\u00eddas, tales como:<\/p>\n\n\n\n<ul class=\"wp-block-list\">\n<li>Suelos y pavimentos resbaladizos, agrietados, rotos e irregulares<\/li>\n\n\n\n<li>Mala iluminaci\u00f3n<\/li>\n\n\n\n<li>Escombros<\/li>\n\n\n\n<li>Desorden<\/li>\n\n\n\n<li>Baches<\/li>\n\n\n\n<li>Escaleras, barandillas y pelda\u00f1os rotos o sueltos<\/li>\n\n\n\n<li>Ca\u00edda de objetos<\/li>\n\n\n\n<li>Asientos da\u00f1ados<\/li>\n<\/ul>\n\n\n\n<h3 class=\"wp-block-heading\">Lesiones por resbalones y ca\u00eddas<\/h3>\n\n\n\n<p>Las v\u00edctimas de accidentes por resbalones y ca\u00eddas normalmente no esperan que ocurran. Incluso cuando ven un objeto o una condici\u00f3n que provoca la ca\u00edda, no pueden evitar que ocurra. Cuando una persona se cae, su instinto es prepararse para el impacto o intentar evitarlo. Las lesiones comunes de un resbal\u00f3n una ca\u00edda incluyen:<\/p>\n\n\n\n<ul class=\"wp-block-list\">\n<li>Moratones<\/li>\n\n\n\n<li>Recortes<\/li>\n\n\n\n<li>Raspaduras<\/li>\n\n\n\n<li>Fracturas<\/li>\n\n\n\n<li>Huesos rotos<\/li>\n\n\n\n<li>Tirones musculares<\/li>\n\n\n\n<li>Dislocaciones<\/li>\n\n\n\n<li>Lesiones de columna<\/li>\n\n\n\n<li>Lesiones cerebrales traum\u00e1ticas<\/li>\n<\/ul>\n\n\n\n<h3 class=\"wp-block-heading\">Responsabilidad civil<\/h3>\n\n\n\n<p>En virtud de la <a href=\"https:\/\/www.ilga.gov\/legislation\/ilcs\/ilcs3.asp?ActID=2048&amp;ChapterID=57\" target=\"_blank\" rel=\"noopener\">Illinois Ley de Responsabilidad de los Locales<\/a>el propietario u ocupante de un local tiene el deber de diligencia de permitir la entrada en su propiedad. El deber debe ser de diligencia razonable en funci\u00f3n de las condiciones del edificio o terreno o de los actos realizados en la propiedad. Si el propietario u ocupante incumple el deber de diligencia, es responsable de las lesiones y da\u00f1os que sufra el hu\u00e9sped.<\/p>\n\n\n\n<p>La legislaci\u00f3n estatal no distingue entre el deber que se debe a los invitados y a los titulares de una licencia en el local. Un invitado es una persona que llega a una propiedad por invitaci\u00f3n del propietario. El invitado se encuentra en el local para beneficio econ\u00f3mico del propietario o el local est\u00e1 abierto al p\u00fablico. Ejemplos de invitados son los clientes de un supermercado, los visitantes de un hospital y las personas que acuden a parques p\u00fablicos. La persona o entidad propietaria no tiene por qu\u00e9 invitar expresamente a alguien a sus instalaciones. Los lugares abiertos al p\u00fablico cursan una invitaci\u00f3n impl\u00edcita para que la gente entre.<\/p>\n\n\n\n<p>A diferencia de los invitados, los licenciatarios entran en las instalaciones de otro para su propio beneficio. El propietario no se beneficia comercial ni profesionalmente de la entrada de un licenciatario en la propiedad. Una persona invitada por el propietario como invitado social es un ejemplo de licenciatario.<\/p>\n\n\n\n<h3 class=\"wp-block-heading\">North Chicago resbal\u00f3n y ca\u00edda demanda por lesiones personales<\/h3>\n\n\n\n<p>Un invitado o titular de una licencia lesionado por resbal\u00f3n o ca\u00edda en las instalaciones de un propietario u ocupante puede <a href=\"https:\/\/www.briskmanandbriskman.com\/es\/\">presentar una demanda por da\u00f1os personales<\/a> por las lesiones y da\u00f1os sufridos. La v\u00edctima puede sufrir da\u00f1os emocionales y psicol\u00f3gicos por el accidente, adem\u00e1s de sus lesiones f\u00edsicas. El perjudicado tambi\u00e9n puede acumular facturas m\u00e9dicas y otras obligaciones financieras inesperadas derivadas de la ca\u00edda.<\/p>\n\n\n\n<p>El prop\u00f3sito del caso de lesiones personales es que la v\u00edctima busque compensaci\u00f3n por el da\u00f1o sufrido debido a que el propietario no cumpli\u00f3 con su deber de cuidado de las instalaciones. Como resultado del resbal\u00f3n y la ca\u00edda, la parte perjudicada busca recuperar da\u00f1os y perjuicios, incluyendo facturas m\u00e9dicas, dolor y sufrimiento, p\u00e9rdida de empleo y humillaci\u00f3n.<\/p>\n\n\n\n<p>La demanda por resbal\u00f3n y ca\u00edda comienza cuando la v\u00edctima presenta una denuncia ante el tribunal North Chicago correspondiente. La parte que presenta la demanda es el demandante., La demanda contiene la declaraci\u00f3n del demandante sobre los hechos del accidente y la indemnizaci\u00f3n que solicita al tribunal. La demanda va acompa\u00f1ada de una citaci\u00f3n en la que se notifica al demandado que se ha presentado una demanda contra \u00e9l y que debe comparecer ante el tribunal. Una vez que el demandado recibe la notificaci\u00f3n de la demanda, dispone de 30 d\u00edas para contestar a la misma.<\/p>\n\n\n\n<p>El demandante lesionado debe presentar la demanda dentro del plazo de prescripci\u00f3n de la ley Illinois. Una persona debe presentar una demanda por lesiones personales por resbal\u00f3n y ca\u00edda en el plazo de dos a\u00f1os a partir de la fecha del accidente. Si la persona perjudicada no cumple el plazo para presentar la acci\u00f3n legal, pierde la oportunidad de presentar el caso.<\/p>\n\n\n\n<h3 class=\"wp-block-heading\">Probar la culpa en un caso de resbal\u00f3n y ca\u00edda<\/h3>\n\n\n\n<p>En una demanda por resbal\u00f3n y ca\u00edda, el demandante tiene la carga de probar que el <a href=\"https:\/\/www.briskmanandbriskman.com\/es\/areas-de-practica\/abogado-de-responsabilidad-de-locales\/\">el propietario u ocupante del local es culpable<\/a> del accidente. La carga de la prueba significa que la demandante debe demostrar que su declaraci\u00f3n de los hechos tiene m\u00e1s probabilidades de ser cierta que de no serlo. La v\u00edctima debe demostrar que el demandado cumple todos los elementos de la responsabilidad de las instalaciones y, por lo tanto, es responsable de los da\u00f1os del demandante.<\/p>\n\n\n\n<p>Para demostrar que el propietario u ocupante de un terreno, edificio o establecimiento debe indemnizar a una persona que resbala y cae en sus instalaciones, el demandante debe demostrar que es el propietario:<\/p>\n\n\n\n<ul class=\"wp-block-list\">\n<li>Sabe o descubrir\u00eda utilizando un cuidado razonable o deber\u00eda saber que el estado de los locales crea un riesgo irrazonable de da\u00f1o a los invitados o licenciatarios; y<\/li>\n\n\n\n<li>Debe esperar que los hu\u00e9spedes que entren en la propiedad no encuentren o no se den cuenta del peligro (o no se protejan del riesgo); y<\/li>\n\n\n\n<li>Incumplimiento del deber de diligencia razonable para proteger a los visitantes de peligros en el recinto.<\/li>\n<\/ul>\n\n\n\n<h3 class=\"wp-block-heading\">Doctrina abierta y evidente<\/h3>\n\n\n\n<p>Por lo general, los propietarios son responsables de las lesiones que se producen en sus instalaciones si no adoptan las precauciones razonables para prevenir y evitar situaciones peligrosas. Sin embargo, la doctrina abierta y obvia es la excepci\u00f3n al deber de diligencia razonable.<\/p>\n\n\n\n<p>Seg\u00fan esta doctrina, si un invitado o titular de una licencia participa en una actividad o condici\u00f3n en una propiedad ajena que es abierta y obviamente peligrosa, el propietario no tiene responsabilidad por las lesiones y da\u00f1os resultantes. No obstante, el propietario puede incurrir en culpa si deb\u00eda prever un posible da\u00f1o con independencia del conocimiento y la obviedad del riesgo.<\/p>\n\n\n\n<h3 class=\"wp-block-heading\">North Chicago resbal\u00f3n y ca\u00edda demanda por muerte injusta<\/h3>\n\n\n\n<p>Un accidente por resbal\u00f3n y ca\u00edda puede provocar la muerte de la v\u00edctima. En 2020, se produjeron m\u00e1s de 42.000 muertes por ca\u00eddas. Cuando una persona fallece en un accidente por resbal\u00f3n y ca\u00edda debido a la negligencia del propietario, el familiar superviviente puede <a href=\"https:\/\/www.briskmanandbriskman.com\/es\/areas-de-practica\/muerte-por-negligencia\/\">presentar una demanda por homicidio culposo<\/a> contra el propietario.<\/p>\n\n\n\n<p>El representante personal del patrimonio de la v\u00edctima presenta el caso en nombre del c\u00f3nyuge superviviente y de los parientes m\u00e1s cercanos. La indemnizaci\u00f3n es por los da\u00f1os y perjuicios derivados del homicidio culposo, incluidos el dolor, la tristeza y el sufrimiento mental.<\/p>\n\n\n\n<h3 class=\"wp-block-heading\">Contratar a un abogado<\/h3>\n\n\n\n<p><a href=\"https:\/\/www.briskmanandbriskman.com\/es\/areas-de-practica\/chicago-resbalon-y-caida-abogados\/\">Heridos en accidentes por resbalones y ca\u00eddas<\/a> necesitan tiempo y concentraci\u00f3n para recuperarse de sus lesiones. Tambi\u00e9n tienen que hacer frente a los da\u00f1os emocionales y econ\u00f3micos resultantes. El tiempo, la energ\u00eda y los posibles desplazamientos necesarios son complejos y requieren mucho tiempo. Requieren obtener y analizar documentos. A veces los plazos son cortos y surgen con muy poca antelaci\u00f3n.<\/p>\n\n\n\n<p>Lo mejor es que un abogado se encargue del caso y proteja sus derechos ante la ley. P\u00f3ngase en contacto con un abogado con conocimientos y experiencia en resbalones y ca\u00eddas North Chicago en Briskman Briskman &amp; Greenberg. <a href=\"tel:1-877-595-4878\">Llame al 1-877-595-4878<\/a> hoy para una <a href=\"https:\/\/www.briskmanandbriskman.com\/es\/consulta-gratuita\/\">consulta gratuita de su caso<\/a>.<\/p>\n\n\n\n<h2 class=\"wp-block-heading\">Abogados de resbalones y ca\u00eddas disponibles en todo Illinois<\/h2>\n\n\n\n<ul class=\"wp-block-list\">\n<li><a href=\"https:\/\/www.briskmanandbriskman.com\/es\/areas-de-practica\/chicago-resbalon-y-caida-abogados\/\">Chicago Abogados de resbalones y ca\u00eddas<\/a><\/li>\n\n\n\n<li><a href=\"https:\/\/www.briskmanandbriskman.com\/es\/lugares\/condado-del-lago\/resbalon-y-caida-abogados-2\/\">Lake County Abogados de resbalones y ca\u00eddas<\/a><\/li>\n\n\n\n<li><a href=\"https:\/\/www.briskmanandbriskman.com\/es\/lugares\/mundelein\/abogados-de-resbalones-y-caidas-2\/\">Mundelein Abogados de resbalones y ca\u00eddas<\/a><\/li>\n\n\n\n<li><a href=\"https:\/\/www.briskmanandbriskman.com\/es\/lugares\/norte-de-chicago\/abogados-de-resbalones-y-caidas\/\">North Chicago Abogados de resbalones y ca\u00eddas<\/a><\/li>\n\n\n\n<li><a href=\"https:\/\/www.briskmanandbriskman.com\/es\/lugares\/oaklawn\/resbalon-y-caida-abogado\/\">Oak Lawn Abogados de resbalones y ca\u00eddas<\/a><\/li>\n\n\n\n<li><a href=\"https:\/\/www.briskmanandbriskman.com\/es\/lugares\/orlandpark\/resbalon-y-caida-abogado\/\">Orland Park Abogados de resbalones y ca\u00eddas<\/a><\/li>\n\n\n\n<li><a href=\"https:\/\/www.briskmanandbriskman.com\/es\/lugares\/waukegan\/abogados-de-resbalones-y-caidas\/\">Waukegan Abogados de resbalones y ca\u00eddas<\/a><\/li>\n\n\n\n<li><a href=\"https:\/\/www.briskmanandbriskman.com\/es\/lugares\/ruedas\/resbalon-y-caida-accidente-abogado\/\">Wheeling Abogado de accidentes por resbalones y ca\u00eddas<\/a><\/li>\n<\/ul>\n\n\n\n<h2 class=\"wp-block-heading\">Recursos sobre resbalones y ca\u00eddas<\/h2>\n\n\n\n<ul class=\"wp-block-list\">\n<li><a href=\"https:\/\/www.briskmanandbriskman.com\/es\/areas-de-practica\/chicago-resbalon-y-caida-abogados\/que-ocurre-en-una-demanda-por-resbalon-y-caida\/\">\u00bfQu\u00e9 sucede en una demanda por resbal\u00f3n y ca\u00edda en Illinois?<\/a><\/li>\n\n\n\n<li><a href=\"https:\/\/www.briskmanandbriskman.com\/es\/areas-de-practica\/chicago-resbalon-y-caida-abogados\/resbalon-y-caida-en-el-metro-nuestros-abogados-pueden-ayudar\/\">\u00bfResbal\u00f3n y ca\u00edda en el metro en Chicago? Nuestros abogados pueden ayudarle<\/a><\/li>\n\n\n\n<li><a href=\"https:\/\/www.briskmanandbriskman.com\/es\/areas-de-practica\/chicago-resbalon-y-caida-abogados\/resbalon-y-caida-en-target-nuestros-abogados-pueden-ayudar\/\">\u00bfResbal\u00f3n y ca\u00edda en un objetivo en Chicago? Nuestros abogados pueden ayudarle<\/a><\/li>\n\n\n\n<li><a href=\"https:\/\/www.briskmanandbriskman.com\/es\/areas-de-practica\/chicago-resbalon-y-caida-abogados\/resbalones-y-caidas-en-supermercados-aldi-nuestros-abogados-pueden-ayudarle\/\">\u00bfResbal\u00f3n y ca\u00edda en los supermercados Aldi en Chicago? Nuestros abogados pueden ayudarle<\/a><\/li>\n\n\n\n<li><a href=\"https:\/\/www.briskmanandbriskman.com\/es\/areas-de-practica\/chicago-resbalon-y-caida-abogados\/resbalon-y-caida-en-costco-nuestros-abogados-pueden-ayudar\/\">\u00bfResbal\u00f3n y ca\u00edda en Costco en Chicago? Nuestros abogados pueden ayudarle<\/a><\/li>\n\n\n\n<li><a href=\"https:\/\/www.briskmanandbriskman.com\/es\/areas-de-practica\/chicago-resbalon-y-caida-abogados\/resbalon-y-caida-en-jewel-osco-nuestros-abogados-pueden-ayudar\/\">\u00bfResbal\u00f3n y ca\u00edda en Jewel-Osco en Chicago? Nuestros abogados pueden ayudarle<\/a><\/li>\n\n\n\n<li><a href=\"https:\/\/www.briskmanandbriskman.com\/es\/areas-de-practica\/chicago-resbalon-y-caida-abogados\/resbalon-y-caida-en-jimmy-johns-nuestros-abogados-pueden-ayudar\/\">\u00bfResbal\u00f3n y ca\u00edda en Jimmy John's en Chicago? Nuestros abogados pueden ayudar<\/a><\/li>\n\n\n\n<li><a href=\"https:\/\/www.briskmanandbriskman.com\/es\/areas-de-practica\/chicago-resbalon-y-caida-abogados\/resbalon-y-caida-en-marianos-fresh-market-nuestros-abogados-pueden-ayudar\/\">\u00bfResbal\u00f3n y ca\u00edda en Mariano's Fresh Market en Chicago? Nuestros abogados pueden ayudarle<\/a><\/li>\n\n\n\n<li><a href=\"https:\/\/www.briskmanandbriskman.com\/es\/areas-de-practica\/chicago-resbalon-y-caida-abogados\/resbalon-y-caida-en-mcdonalds-nuestros-abogados-pueden-ayudar\/\">\u00bfResbal\u00f3n y ca\u00edda en McDonald's en Chicago? Nuestros abogados pueden ayudarle<\/a><\/li>\n\n\n\n<li><a href=\"https:\/\/www.briskmanandbriskman.com\/es\/areas-de-practica\/chicago-resbalon-y-caida-abogados\/resbalon-y-caida-en-steak-n-shake-nuestros-abogados-pueden-ayudar\/\">\u00bfResbal\u00f3n y ca\u00edda en Steak 'n Shake en Chicago? Nuestros abogados pueden ayudarle<\/a><\/li>\n\n\n\n<li><a href=\"https:\/\/www.briskmanandbriskman.com\/es\/areas-de-practica\/chicago-resbalon-y-caida-abogados\/resbalon-y-caida-en-tonys-finer-foods-nuestros-abogados-pueden-ayudar\/\">\u00bfResbal\u00f3n y ca\u00edda en Tony's Finer Foods en Chicago? Nuestros abogados pueden ayudarle<\/a><\/li>\n\n\n\n<li><a href=\"https:\/\/www.briskmanandbriskman.com\/es\/areas-de-practica\/chicago-resbalon-y-caida-abogados\/resbalon-y-caida-en-trader-joes-nuestros-abogados-pueden-ayudar\/\">\u00bfResbal\u00f3n y ca\u00edda en Trader Joe's en Chicago? Nuestros abogados pueden ayudarle<\/a><\/li>\n\n\n\n<li><a href=\"https:\/\/www.briskmanandbriskman.com\/es\/areas-de-practica\/chicago-resbalon-y-caida-abogados\/resbalon-y-caida-en-wal-mart-nuestros-abogados-pueden-ayudar\/\">\u00bfResbal\u00f3n y ca\u00edda en Wal-Mart en Chicago? Nuestros abogados pueden ayudarle<\/a><\/li>\n\n\n\n<li><a href=\"https:\/\/www.briskmanandbriskman.com\/es\/areas-de-practica\/chicago-resbalon-y-caida-abogados\/resbalon-y-caida-en-whole-foods-nuestros-abogados-pueden-ayudar\/\">\u00bfResbal\u00f3n y ca\u00edda en Whole Foods en Chicago? Nuestros abogados pueden ayudarle<\/a><\/li>\n<\/ul>","protected":false},"excerpt":{"rendered":"<p>El gasto de los consumidores aporta anualmente miles de millones de d\u00f3lares a la econom\u00eda de Estados Unidos. A medida que avanza la tecnolog\u00eda, la gente sigue adquiriendo bienes y servicios con solo tocar sus tel\u00e9fonos m\u00f3viles, tabletas, ordenadores y televisores. La capacidad de comprar art\u00edculos es m\u00e1s r\u00e1pida que en d\u00e9cadas anteriores. Sin embargo, la demanda es tan alta que la oferta a menudo no puede...<\/p>","protected":false},"author":1,"featured_media":11027,"parent":7887,"menu_order":0,"comment_status":"closed","ping_status":"closed","template":"","meta":{"_acf_changed":false,"footnotes":""},"class_list":["post-9104","page","type-page","status-publish","has-post-thumbnail","hentry"],"acf":[],"_links":{"self":[{"href":"https:\/\/www.briskmanandbriskman.com\/es\/wp-json\/wp\/v2\/pages\/9104","targetHints":{"allow":["GET"]}}],"collection":[{"href":"https:\/\/www.briskmanandbriskman.com\/es\/wp-json\/wp\/v2\/pages"}],"about":[{"href":"https:\/\/www.briskmanandbriskman.com\/es\/wp-json\/wp\/v2\/types\/page"}],"author":[{"embeddable":true,"href":"https:\/\/www.briskmanandbriskman.com\/es\/wp-json\/wp\/v2\/users\/1"}],"replies":[{"embeddable":true,"href":"https:\/\/www.briskmanandbriskman.com\/es\/wp-json\/wp\/v2\/comments?post=9104"}],"version-history":[{"count":4,"href":"https:\/\/www.briskmanandbriskman.com\/es\/wp-json\/wp\/v2\/pages\/9104\/revisions"}],"predecessor-version":[{"id":13316,"href":"https:\/\/www.briskmanandbriskman.com\/es\/wp-json\/wp\/v2\/pages\/9104\/revisions\/13316"}],"up":[{"embeddable":true,"href":"https:\/\/www.briskmanandbriskman.com\/es\/wp-json\/wp\/v2\/pages\/7887"}],"wp:featuredmedia":[{"embeddable":true,"href":"https:\/\/www.briskmanandbriskman.com\/es\/wp-json\/wp\/v2\/media\/11027"}],"wp:attachment":[{"href":"https:\/\/www.briskmanandbriskman.com\/es\/wp-json\/wp\/v2\/media?parent=9104"}],"curies":[{"name":"wp","href":"https:\/\/api.w.org\/{rel}","templated":true}]}}