{"id":9097,"date":"2023-01-30T22:56:39","date_gmt":"2023-01-30T22:56:39","guid":{"rendered":"https:\/\/www.briskmanandbriskman.com\/?page_id=9097"},"modified":"2024-04-09T17:45:38","modified_gmt":"2024-04-09T17:45:38","slug":"abogado-de-accidentes-de-camiones","status":"publish","type":"page","link":"https:\/\/www.briskmanandbriskman.com\/es\/locations\/north-chicago\/trucking-accident-lawyer\/","title":{"rendered":"North Chicago Abogado de accidente de cami\u00f3n"},"content":{"rendered":"<p>Los camiones, desde las peque\u00f1as camionetas hasta los grandes veh\u00edculos comerciales, circulan a diario por las carreteras y autopistas. Estados Unidos clasifica los camiones en diferentes clases en funci\u00f3n de su peso.<\/p>\n\n\n\n<p>Las clases 1,2,3 son camiones ligeros destinados normalmente a usos de consumo, no comerciales y comerciales ligeros. Los camiones de las clases 4 a 6 incluyen camiones de reparto y autobuses escolares. Los camiones pesados pertenecen a las clases 7 y 8, como camiones de cemento, camiones de basura y camiones de 18 ruedas.<\/p>\n\n\n\n<p>Los camiones suelen ser m\u00e1s grandes que otros tipos de veh\u00edculos. Un impacto o <a href=\"https:\/\/www.briskmanandbriskman.com\/es\/lugares\/norte-de-chicago\/abogados-de-accidentes-de-coche-2\/\">colisi\u00f3n con otro autom\u00f3vil<\/a>ciclista o peat\u00f3n puede provocar lesiones catastr\u00f3ficas. El Consejo Nacional de Seguridad informa de que en 2020 casi 4.900 camiones grandes estuvieron implicados en accidentes mortales. El total incluye camiones comerciales y no comerciales.<\/p>\n\n\n\n<p>En Illinois se producen miles de accidentes de camiones. En 2020, se produjeron m\u00e1s de 35.000 choques en el estado. La colisi\u00f3n tuvo m\u00e1s de 7.000 heridos y 180 v\u00edctimas mortales. De las muertes, 81 personas eran ocupantes de las camionetas.<\/p>\n\n\n\n<p>North Chicago, Illinois, situado en la costa de Lake Michigan, cuenta con m\u00e1s de 30.000 residentes. Negocios, eventos y la vida cotidiana en North Chicago, los residentes y visitantes viajan a trav\u00e9s y alrededor de la ciudad. Mientras los automovilistas circulan por las calles de la ciudad, <a href=\"https:\/\/www.briskmanandbriskman.com\/es\/areas-de-practica\/chicago-truck-accident-attorney\/\">pueden producirse accidentes de camiones<\/a>. Las partes implicadas pueden sufrir lesiones y da\u00f1os resultantes y necesitan una indemnizaci\u00f3n.<\/p>\n\n\n\n<p>Si usted o un ser querido ha sido v\u00edctima de un accidente de cami\u00f3n en North Chicago, <a href=\"https:\/\/www.briskmanandbriskman.com\/es\/abogados-de-accidentes-de-camiones-en-chicago-2\/\">p\u00f3ngase en contacto con un abogado con experiencia y conocimientos<\/a> en Briskman Briskman &amp; Greenberg hoy. <a href=\"tel:1-877-595-4878\">Llame al 1-877-595-4878<\/a> a <a href=\"https:\/\/www.briskmanandbriskman.com\/es\/consulta-gratuita\/\">programar una consulta gratuita<\/a> para hablar de su caso.<\/p>\n\n\n\n<h3 class=\"wp-block-heading\"><a href=\"https:\/\/www.briskmanandbriskman.com\/es\/lugares\/condado-del-lago\/abogado-de-accidentes-de-camion\/\">Qu\u00e9 hacer tras un accidente de cami\u00f3n<\/a><\/h3>\n\n\n\n<p>Illinois ley exige que todos los conductores se detengan inmediatamente en un accidente de tr\u00e1fico con da\u00f1os al veh\u00edculo, lesiones o muerte. Deben notificar el accidente lo antes posible. Si no se detienen inmediatamente, tienen 30 minutos despu\u00e9s del accidente para informar del accidente a la comisar\u00eda de polic\u00eda o a la oficina del sheriff m\u00e1s cercana al lugar de la colisi\u00f3n. El conductor debe dar su nombre, direcci\u00f3n, matr\u00edcula del veh\u00edculo y el nombre del propietario del veh\u00edculo que conduc\u00eda en la colisi\u00f3n. Cualquier peat\u00f3n u ocupante del veh\u00edculo atropellado puede pedir al conductor que le atropell\u00f3 que muestre su permiso de conducir.<\/p>\n\n\n\n<p>En el lugar del accidente, los conductores implicados tienen la obligaci\u00f3n de prestar asistencia m\u00e9dica a los heridos. Dicha asistencia incluye hacer los arreglos necesarios para que el individuo herido reciba tratamiento en un consultorio m\u00e9dico u hospital.<\/p>\n\n\n\n<p>Un automovilista que no pueda cumplir el plazo para informar debido a su hospitalizaci\u00f3n o incapacidad debe informar a las fuerzas del orden correspondientes lo antes posible, pero como m\u00e1ximo media hora despu\u00e9s de su salida del hospital. El conductor debe facilitar la siguiente informaci\u00f3n al departamento de polic\u00eda o a la oficina del sheriff:<\/p>\n\n\n\n<ul class=\"wp-block-list\">\n<li>La ubicaci\u00f3n del <a href=\"https:\/\/www.briskmanandbriskman.com\/es\/lugares\/oaklawn\/abogados-de-accidentes-de-camiones\/\">accidente de cami\u00f3n<\/a>;<\/li>\n\n\n\n<li>La fecha del accidente;<\/li>\n\n\n\n<li>La hora aproximada en que se produjo el accidente;<\/li>\n\n\n\n<li>El nombre y la direcci\u00f3n del conductor;<\/li>\n\n\n\n<li>La matr\u00edcula del veh\u00edculo implicado en el accidente.<\/li>\n\n\n\n<li>los nombres de todos los ocupantes del veh\u00edculo en el momento de la colisi\u00f3n<\/li>\n<\/ul>\n\n\n\n<h3 class=\"wp-block-heading\">Cobertura del seguro obligatorio en Illinois<\/h3>\n\n\n\n<p>Las personas que poseen camiones u otros autom\u00f3viles y viven en Illinois deben registrar sus veh\u00edculos en el estado. Los veh\u00edculos registrados deben tener un seguro de responsabilidad civil. La ley estatal establece l\u00edmites obligatorios que debe proporcionar la p\u00f3liza de seguro. En el caso del seguro de responsabilidad civil, la cobertura debe tener unos importes m\u00ednimos de:<\/p>\n\n\n\n<ul class=\"wp-block-list\">\n<li>$25.000 por lesiones corporales o muerte de una persona en accidente;<\/li>\n\n\n\n<li>$50.000 por lesiones corporales o fallecimiento de dos o m\u00e1s personas en un mismo accidente; y<\/li>\n\n\n\n<li>$20.000 por da\u00f1os a la propiedad ajena<\/li>\n<\/ul>\n\n\n\n<p>El seguro de responsabilidad civil de autom\u00f3viles es una cobertura a terceros, lo que significa que cubre los da\u00f1os de otra persona causados por el <a href=\"https:\/\/www.briskmanandbriskman.com\/es\/lugares\/orlandpark\/abogados-de-accidentes-de-camiones\/\">parte culpable del accidente de cami\u00f3n<\/a>. El seguro impide que el conductor culpable pague de su bolsillo los gastos m\u00e9dicos de la persona lesionada o la reparaci\u00f3n del veh\u00edculo hasta los l\u00edmites de la p\u00f3liza.<\/p>\n\n\n\n<p>Los residentes en Illinois tambi\u00e9n deben tener <a href=\"https:\/\/www.briskmanandbriskman.com\/es\/areas-de-practica\/chicago-underinsured-uninsured-motorist-accidents-lawyers\/\">seguro de da\u00f1os corporales para conductores sin seguro (UM)<\/a> en sus veh\u00edculos matriculados por accidentes con resultado de lesiones corporales y muerte. Las cantidades m\u00ednimas requeridas para la cobertura UM son las mismas que las del seguro de responsabilidad civil del autom\u00f3vil. Aunque Illinois tiene leyes de seguro obligatorio para los veh\u00edculos matriculados en los estados, una persona lesionada puede tener un accidente con un veh\u00edculo no asegurado o desconocido. En tales casos, la persona lesionada puede recibir una indemnizaci\u00f3n de su propia p\u00f3liza de seguro UM.<\/p>\n\n\n\n<p>El seguro de automovilista con seguro insuficiente (UIM) cubre a la persona que sufre da\u00f1os corporales o fallecimiento y cuyos da\u00f1os superan los l\u00edmites del seguro de responsabilidad civil del conductor culpable. La cobertura UIM es obligatoria si las cantidades de motorista sin seguro de la persona son superiores a sus cantidades de responsabilidad civil.<\/p>\n\n\n\n<h3 class=\"wp-block-heading\">\u00bfQu\u00e9 son los da\u00f1os personales?<\/h3>\n\n\n\n<p>A <a href=\"https:\/\/www.briskmanandbriskman.com\/es\/\">da\u00f1os personales<\/a> es una lesi\u00f3n al cuerpo, la mente, las emociones o la reputaci\u00f3n de una persona causada por otra. Como resultado del da\u00f1o, la v\u00edctima sufre da\u00f1os que pueden ser f\u00edsicos, emocionales, financieros y psicol\u00f3gicos. Ejemplos de da\u00f1os son las facturas m\u00e9dicas, la p\u00e9rdida de disfrute, la humillaci\u00f3n y los d\u00edas de trabajo perdidos.<\/p>\n\n\n\n<p>La parte culpable puede cometer un da\u00f1o personal por negligencia o intencionadamente. La negligencia es el incumplimiento de un deber por no comportarse de la manera requerida para una circunstancia concreta. Una persona incumple su deber si act\u00faa de forma inadecuada o no act\u00faa. Un da\u00f1o personal intencionado se produce cuando el prop\u00f3sito de la conducta del infractor es causar un resultado perjudicial u ofensivo.<\/p>\n\n\n\n<h3 class=\"wp-block-heading\">\u00bfQu\u00e9 es la muerte por negligencia?<\/h3>\n\n\n\n<p>Illinois La ley define el homicidio culposo como \"la muerte de una persona... causada por el acto il\u00edcito, negligencia o incumplimiento de otro\". Al igual que las lesiones personales, el homicidio culposo puede producirse por negligencia o conducta intencionada de la parte culpable. En algunas situaciones, la parte culpable puede enfrentarse a cargos y sanciones penales cuando causa la muerte por negligencia de otra persona.<\/p>\n\n\n\n<p>A <a href=\"https:\/\/www.briskmanandbriskman.com\/es\/areas-de-practica\/muerte-por-negligencia\/\">acci\u00f3n judicial por homicidio culposo<\/a> pretende recuperar una indemnizaci\u00f3n en beneficio del c\u00f3nyuge sup\u00e9rstite y los familiares de las v\u00edctimas fallecidas. La indemnizaci\u00f3n monetaria representa los perjuicios econ\u00f3micos y otros da\u00f1os y perjuicios que sufren los supervivientes por la muerte de su familiar. Seg\u00fan la ley estatal, los da\u00f1os incluyen la pena, el dolor y el sufrimiento mental.<\/p>\n\n\n\n<h3 class=\"wp-block-heading\">Presentar una reclamaci\u00f3n de seguro de accidente de coche en North Chicago<\/h3>\n\n\n\n<p>Un conductor, pasajero o peat\u00f3n atropellado en un accidente de cami\u00f3n puede presentar una reclamaci\u00f3n a la compa\u00f1\u00eda de seguros del conductor culpable. Durante el proceso de reclamaci\u00f3n por lesiones corporales, el proveedor de seguros investiga el accidente y revisa las lesiones y da\u00f1os de la parte lesionada. Si el veh\u00edculo ha sufrido da\u00f1os, el demandante puede presentar una reclamaci\u00f3n aparte por da\u00f1os materiales.<\/p>\n\n\n\n<p>El asegurador puede resolver la reclamaci\u00f3n por da\u00f1os materiales en un momento distinto al de la reclamaci\u00f3n por lesiones corporales. La reclamaci\u00f3n por da\u00f1os corporales puede tardar m\u00e1s en resolverse mientras la v\u00edctima sigue recibiendo tratamiento por sus lesiones. El proveedor puede hacer una oferta monetaria para resolver la reclamaci\u00f3n. Si el transportista deniega la reclamaci\u00f3n o el demandante no est\u00e1 de acuerdo con la oferta, el lesionado puede trabajar con <a href=\"https:\/\/www.briskmanandbriskman.com\/es\/areas-de-practica\/abogados-de-accidentes-de-camiones-en-chicago-2\/\">un abogado de accidentes de coche<\/a> presentar una demanda contra la parte culpable para reclamar una indemnizaci\u00f3n.<\/p>\n\n\n\n<h3 class=\"wp-block-heading\">Demanda por accidente de cami\u00f3n en North Chicago<\/h3>\n\n\n\n<p>Una demanda por accidente de cami\u00f3n comienza cuando el demandante presenta una denuncia ante un tribunal del condado correspondiente en el North Chicago. La demanda debe incluir el nombre de todas las partes implicadas en el caso, una exposici\u00f3n clara de los hechos y la reparaci\u00f3n que desea el demandante. La citaci\u00f3n notifica al demandado que se ha presentado una demanda contra \u00e9l y que debe comparecer ante el tribunal. El demandante env\u00eda la citaci\u00f3n y la demanda juntas al departamento contrario por un m\u00e9todo requerido por la ley Illinois. Una vez que el demandado recibe la notificaci\u00f3n de la demanda, dispone de 30 d\u00edas para responder a la misma.<\/p>\n\n\n\n<p>Seg\u00fan la ley Illinois, un demandante debe presentar una demanda antes de que finalice el plazo, conocido como prescripci\u00f3n. Un demandante debe presentar una demanda por lesiones corporales dentro de los dos a\u00f1os siguientes a la fecha del accidente. Si la persona lesionada es menor de edad cuando se produce el accidente, el padre o tutor puede presentar la demanda en nombre del menor. Sin embargo, la ley estatal permite que los menores esperen hasta cumplir los 18 a\u00f1os para poder presentar ellos mismos la demanda. Entonces, tienen hasta dos a\u00f1os a partir de la fecha en que cumplen 18 a\u00f1os para presentar su caso.<\/p>\n\n\n\n<h3 class=\"wp-block-heading\">Demanda por homicidio culposo en North Chicago<\/h3>\n\n\n\n<p>En un <a href=\"https:\/\/www.briskmanandbriskman.com\/es\/areas-de-practica\/muerte-por-negligencia\/\">demanda por homicidio culposo<\/a>La causa de la muerte debe ser el motivo por el que el demandante presenta la demanda. Si la persona lesionada en un accidente de cami\u00f3n tiene una causa de muerte no relacionada con la colisi\u00f3n, el conductor culpable no es responsable de homicidio culposo.<\/p>\n\n\n\n<p>El representante personal del patrimonio de la v\u00edctima fallecida presenta una demanda judicial para reclamar una indemnizaci\u00f3n por el fallecimiento debido al accidente de tr\u00e1fico. Seg\u00fan la ley Illinois, el plazo de prescripci\u00f3n para presentar una demanda por homicidio culposo es de dos a\u00f1os a partir de la fecha del fallecimiento. La ley estatal ampl\u00eda el plazo si la muerte es consecuencia de un acto violento intencionado o si el conductor culpable recibe una condena por cargos penales espec\u00edficos.<\/p>\n\n\n\n<p>Los importes recuperados mediante un acuerdo o una sentencia judicial se destinan al c\u00f3nyuge superviviente y a los familiares de la v\u00edctima fallecida. El tribunal distribuye el dinero en funci\u00f3n de su determinaci\u00f3n de la dependencia de cada persona del fallecido.<\/p>\n\n\n\n<h3 class=\"wp-block-heading\">Contratar a un abogado<\/h3>\n\n\n\n<p><a href=\"https:\/\/www.briskmanandbriskman.com\/es\/areas-de-practica\/chicago-truck-accident-attorney\/\">Reclamaciones y demandas por accidentes de cami\u00f3n<\/a> son complejas y requieren mucho tiempo. Requieren obtener y analizar documentos. A veces los plazos son cortos y surgen con muy poca antelaci\u00f3n.<\/p>\n\n\n\n<p>Lo mejor es tener un abogado para manejar el caso y proteger sus derechos bajo la ley. P\u00f3ngase en contacto con un abogado experto y con experiencia en accidentes de camiones North Chicago en Briskman Briskman &amp; Greenberg. <a href=\"tel:1-877-595-4878\">Llame hoy mismo al 1-877-595-4878<\/a> para una consulta gratuita de su caso.<\/p>","protected":false},"excerpt":{"rendered":"<p>Los camiones, desde las peque\u00f1as camionetas hasta los grandes veh\u00edculos comerciales, circulan a diario por las carreteras y autopistas. Estados Unidos clasifica los camiones en diferentes clases en funci\u00f3n de su peso. Las clases 1,2,3 son camiones ligeros destinados normalmente a usos de consumo, no comerciales y comerciales ligeros. Los camiones de las clases 4 a 6 incluyen camiones de reparto y autobuses escolares. Los camiones pesados...<\/p>","protected":false},"author":1,"featured_media":6922,"parent":7887,"menu_order":0,"comment_status":"closed","ping_status":"closed","template":"","meta":{"_acf_changed":false,"footnotes":""},"class_list":["post-9097","page","type-page","status-publish","has-post-thumbnail","hentry"],"acf":[],"_links":{"self":[{"href":"https:\/\/www.briskmanandbriskman.com\/es\/wp-json\/wp\/v2\/pages\/9097","targetHints":{"allow":["GET"]}}],"collection":[{"href":"https:\/\/www.briskmanandbriskman.com\/es\/wp-json\/wp\/v2\/pages"}],"about":[{"href":"https:\/\/www.briskmanandbriskman.com\/es\/wp-json\/wp\/v2\/types\/page"}],"author":[{"embeddable":true,"href":"https:\/\/www.briskmanandbriskman.com\/es\/wp-json\/wp\/v2\/users\/1"}],"replies":[{"embeddable":true,"href":"https:\/\/www.briskmanandbriskman.com\/es\/wp-json\/wp\/v2\/comments?post=9097"}],"version-history":[{"count":3,"href":"https:\/\/www.briskmanandbriskman.com\/es\/wp-json\/wp\/v2\/pages\/9097\/revisions"}],"predecessor-version":[{"id":12534,"href":"https:\/\/www.briskmanandbriskman.com\/es\/wp-json\/wp\/v2\/pages\/9097\/revisions\/12534"}],"up":[{"embeddable":true,"href":"https:\/\/www.briskmanandbriskman.com\/es\/wp-json\/wp\/v2\/pages\/7887"}],"wp:featuredmedia":[{"embeddable":true,"href":"https:\/\/www.briskmanandbriskman.com\/es\/wp-json\/wp\/v2\/media\/6922"}],"wp:attachment":[{"href":"https:\/\/www.briskmanandbriskman.com\/es\/wp-json\/wp\/v2\/media?parent=9097"}],"curies":[{"name":"wp","href":"https:\/\/api.w.org\/{rel}","templated":true}]}}