{"id":9053,"date":"2023-01-23T22:35:04","date_gmt":"2023-01-23T22:35:04","guid":{"rendered":"https:\/\/www.briskmanandbriskman.com\/?page_id=9053"},"modified":"2023-01-23T22:35:04","modified_gmt":"2023-01-23T22:35:04","slug":"abogado-de-muerte-por-negligencia","status":"publish","type":"page","link":"https:\/\/www.briskmanandbriskman.com\/es\/locations\/lake-county\/wrongful-death-attorney\/","title":{"rendered":"Lake County Abogados de Homicidio Culposo"},"content":{"rendered":"<p>La muerte inesperada de un ser querido es una de las experiencias traum\u00e1ticas m\u00e1s comunes que puede experimentar una familia. Aunque cualquier muerte puede tener un coste emocional para una familia, las muertes inesperadas, especialmente las que implican negligencia, provocan fuertes respuestas y pueden tener consecuencias devastadoras para quienes dependen del fallecido. <\/p>\n<p>Illinois Wrongful Death Act addresses these unique and harrowing situations and creates a way for the deceased&#8217;s family to recoup some of the losses that the unexpected death of their loved one caused. The attorneys at Briskman Briskman &#038; Greenberg Personal Injury &#038; Car Accident Lawyers represent <a href=\"https:\/\/www.briskmanandbriskman.com\/es\/areas-de-practica\/muerte-por-negligencia\/\">Lake County en sus demandas por homicidio culposo<\/a> contra particulares, hospitales, m\u00e9dicos, empresas y otros malhechores negligentes. <a href=\"https:\/\/www.briskmanandbriskman.com\/es\/abogados-de-accidentes-de-camiones-en-chicago-2\/\">Contactar con BB&amp;G<\/a> para hablar de sus derechos y recursos tras el fallecimiento de un ser querido. <\/p>\n<h3>Tipos de accidentes implicados en demandas por homicidio culposo <\/h3>\n<p>Las demandas por homicidio culposo pueden presentarse en casos en los que la negligencia de una persona o entidad ha causado la muerte de otra persona. Aunque los Centros para el Control y Prevenci\u00f3n de Enfermedades (CDC) no llevan estad\u00edsticas sobre las demandas por homicidio culposo, s\u00ed registran las muertes accidentales y no intencionadas. Seg\u00fan los CDC, hay una media de casi 201.000 muertes por lesiones no intencionadas en el pa\u00eds. Las muertes por ca\u00eddas involuntarias representan aproximadamente 42.000 de estos fallecimientos. Adem\u00e1s, casi 41.000 de estas muertes est\u00e1n relacionadas con accidentes de tr\u00e1fico. Adem\u00e1s, el Departamento de Salud P\u00fablica (DPH) de Illinois informa de que los accidentes y las lesiones no intencionadas son una de las principales causas de muerte en Lake County, Illinois.  Muchas de estas muertes involuntarias pueden dar lugar a una demanda por homicidio culposo. <\/p>\n<p>Las demandas por homicidio culposo suelen tener su origen en los siguientes incidentes:<\/p>\n<ul>\n<li><a href=\"https:\/\/www.briskmanandbriskman.com\/es\/areas-de-practica\/abogados-de-accidentes-de-camiones-en-chicago-2\/fatal-car-accidents\/\">Accidentes de tr\u00e1fico<\/a>,<\/li>\n<li>Productos defectuosos,<\/li>\n<li>Negligencias m\u00e9dicas,<\/li>\n<li>Accidentes laborales,<\/li>\n<li>Accidentes en el transporte p\u00fablico,<\/li>\n<li>Accidentes de avi\u00f3n o tren,<\/li>\n<li>Incendios, <\/li>\n<li>Malos tratos en residencias de ancianos, y<\/li>\n<li>Exposici\u00f3n a sustancias qu\u00edmicas t\u00f3xicas.<\/li>\n<\/ul>\n<p>En estos casos, el demandante debe demostrar cuatro elementos principales, entre los que figuran los siguientes:<\/p>\n<ul>\n<li>La parte culpable deb\u00eda al fallecido un deber de diligencia;<\/li>\n<li>La parte incumpli\u00f3 su deber de diligencia; <\/li>\n<li>La infracci\u00f3n caus\u00f3 la muerte del fallecido; y<\/li>\n<li>La muerte caus\u00f3 da\u00f1os.<\/li>\n<\/ul>\n<p>Un abogado puede trabajar con los clientes para cumplir los requisitos probatorios de cada elemento de una demanda por homicidio culposo. <\/p>\n<h3>\u00bfQui\u00e9n puede presentar una demanda por homicidio culposo en Illinois?<\/h3>\n<p>El representante personal del difunto puede presentar una <a href=\"https:\/\/www.briskmanandbriskman.com\/es\/areas-de-practica\/muerte-por-negligencia\/\">demanda por homicidio culposo en Illinois<\/a>. Si el fallecido nombr\u00f3 un albacea en su testamento v\u00e1lido, el albacea actuar\u00e1 como representante personal. Sin embargo, el tribunal nombrar\u00e1 a un administrador de la herencia si el fallecido no tiene testamento o si el testamento no es v\u00e1lido. <\/p>\n<h3>Nombramiento de un administrador para una demanda por homicidio culposo<\/h3>\n<p>La Ley de Sucesiones Illinois regula el proceso de nombramiento de un administrador de la herencia. Por lo general, la parte interesada debe presentar una petici\u00f3n de cartas de administraci\u00f3n. Aunque un tribunal puede aceptar a cualquier persona designada como administrador, la Ley Sucesoria da preferencia a determinados familiares en este orden:<\/p>\n<ul>\n<li>C\u00f3nyuge superviviente,<\/li>\n<li>Legatarios,<\/li>\n<li>Hijos,<\/li>\n<li>Nietos,<\/li>\n<li>Los padres,<\/li>\n<li>Hermanos, y<\/li>\n<li>Parientes m\u00e1s cercanos.<\/li>\n<\/ul>\n<p>Por lo general, una persona ajena a la familia s\u00f3lo puede presentar una demanda por homicidio culposo si figura como beneficiario en el testamento del difunto. Sin embargo, ciertas situaciones permiten a un no familiar presentar una demanda por homicidio culposo. <\/p>\n<h3>C\u00f3mo presentar una demanda por homicidio culposo en Lake County<\/h3>\n<p>Para obtener un resultado favorable en una demanda por homicidio culposo Illinois es necesario que el demandante cumpla estrictos requisitos procesales, sustantivos y probatorios. Un abogado con experiencia y un conocimiento exhaustivo de estas complejas leyes es crucial para obtener un resultado oportuno y satisfactorio. Algunos pasos comunes para presentar una demanda por homicidio culposo incluyen:<\/p>\n<h4>Investigaci\u00f3n<\/h4>\n<p>Un abogado especializado en muerte por negligencia Lake County trabajar\u00e1 con sus clientes para investigar el accidente y los hechos que provocaron la muerte por negligencia de su ser querido. La investigaci\u00f3n de la reclamaci\u00f3n incluye la recopilaci\u00f3n de pruebas pertinentes, el contacto con testigos y la contrataci\u00f3n de expertos. <\/p>\n<h4>Presentaci\u00f3n de la demanda por homicidio culposo<\/h4>\n<p>Un abogado especializado en homicidio culposo puede garantizar que los clientes cumplan con los requisitos de notificaci\u00f3n y presentaci\u00f3n aplicables. <\/p>\n<h4>Negociar<\/h4>\n<p>En muchos casos, las partes de una demanda por homicidio culposo pueden llegar a un acuerdo sin llegar a juicio. En estas situaciones, un abogado puede negociar con las compa\u00f1\u00edas de seguros aplicables o con cualquier otra parte implicada en la reclamaci\u00f3n. <\/p>\n<h4>Ensayo<\/h4>\n<p>Es probable que un abogado lleve el caso a juicio si las partes no llegan a un acuerdo. Durante el juicio, el abogado puede presentar mociones, participar en el descubrimiento, realizar deposiciones o interrogatorios, presentar testimonios de expertos y abogar en nombre de sus clientes. <\/p>\n<p>Un abogado puede ocuparse de los aspectos jur\u00eddicos importantes de las demandas por homicidio culposo de su cliente para que \u00e9ste pueda centrarse en su recuperaci\u00f3n emocional y psicol\u00f3gica. <\/p>\n<h3>Pruebas en apoyo de una demanda por homicidio culposo<\/h3>\n<p>El resultado de una demanda por homicidio culposo depende de la importancia y el peso de las pruebas que presente el demandante. Algunas pruebas relevantes en una demanda por homicidio culposo Lake County son las siguientes:<\/p>\n<ul>\n<li>Historiales m\u00e9dicos,<\/li>\n<li>El certificado de defunci\u00f3n del fallecido,<\/li>\n<li>Informes policiales y de la autopsia,<\/li>\n<li>Declaraciones de testigos,<\/li>\n<li>Testimonio de expertos,<\/li>\n<li>Registros salariales y fiscales, y<\/li>\n<li>Fotos o v\u00eddeos del incidente.<\/li>\n<\/ul>\n<p>Un abogado presentar\u00e1 argumentos que ayudar\u00e1n al tribunal a comprender el peso y la importancia de las pruebas, lo que le permitir\u00e1 conceder la m\u00e1xima indemnizaci\u00f3n por da\u00f1os y perjuicios. <\/p>\n<h3>Da\u00f1os y perjuicios por demanda de homicidio culposo<\/h3>\n<p>Tras prosperar una demanda por homicidio culposo, los tribunales de Illinois conceder\u00e1n una indemnizaci\u00f3n por da\u00f1os y perjuicios al patrimonio o a los supervivientes de la persona fallecida. Seg\u00fan la ley de Illinois, el c\u00f3nyuge superviviente y los familiares del fallecido recibir\u00e1n una indemnizaci\u00f3n por da\u00f1os y perjuicios proporcional a su dependencia de la persona fallecida. <\/p>\n<p>Los da\u00f1os y perjuicios se refieren a las p\u00e9rdidas tangibles e intangibles asociadas a la muerte por negligencia. Los da\u00f1os t\u00edpicos en una demanda por homicidio culposo Illinois pueden incluir indemnizaci\u00f3n por:<\/p>\n<ul>\n<li>P\u00e9rdida de la ayuda econ\u00f3mica que el fallecido habr\u00eda proporcionado;<\/li>\n<li>P\u00e9rdida de consorcio que el fallecido hubiera tenido con su c\u00f3nyuge;<\/li>\n<li>P\u00e9rdida de instrucci\u00f3n, formaci\u00f3n y educaci\u00f3n que el fallecido habr\u00eda proporcionado a sus hijos.<\/li>\n<li>Sufrimiento mental de los supervivientes.<\/li>\n<\/ul>\n<p>Mientras que muchos estados mantienen un tope para las indemnizaciones por homicidio culposo, Illinois no tiene un tope para este tipo de indemnizaciones. Seg\u00fan la ley de Illinois, el jurado puede conceder indemnizaciones por homicidio culposo seg\u00fan considere justo y equitativo.  <\/p>\n<h3>Prescripci\u00f3n de la acci\u00f3n por homicidio culposo Lake County<\/h3>\n<p>Como cualquier otra demanda por negligencia, Illinois mantiene un plazo de prescripci\u00f3n para las demandas por homicidio culposo. Seg\u00fan la legislaci\u00f3n de Illinois, el plazo de prescripci\u00f3n para la mayor\u00eda de las demandas por homicidio culposo es de dos a\u00f1os a partir de la fecha de fallecimiento de la v\u00edctima. Es importante tener en cuenta que el plazo de prescripci\u00f3n empieza a contar en la fecha del fallecimiento de la v\u00edctima, no en la fecha del accidente. <\/p>\n<h3>Excepciones a la prescripci\u00f3n por homicidio culposo<\/h3>\n<p>Existen algunas excepciones limitadas a la prescripci\u00f3n por homicidio culposo del Illinois. Las excepciones incluyen las siguientes situaciones:<\/p>\n<h4>Conducta violenta intencionada<\/h4>\n<p>Si el homicidio culposo se produjo por \"conducta violenta intencionada\", el demandante dispone de cinco a\u00f1os a partir de la fecha de fallecimiento de la v\u00edctima para presentar su demanda.<\/p>\n<h4>Casos penales<\/h4>\n<p>Adem\u00e1s, los demandantes pueden iniciar una demanda por homicidio culposo Lake County un a\u00f1o despu\u00e9s de la finalizaci\u00f3n de una causa penal, si la persona que caus\u00f3 la muerte fue acusada de cualquiera de los delitos enumerados en relaci\u00f3n con la muerte de la v\u00edctima:<\/p>\n<ul>\n<li>Asesinato en primer o segundo grado,<\/li>\n<li>Homicidio intencionado u homicidio voluntario de un nonato,<\/li>\n<li>Homicidio involuntario,<\/li>\n<li>Homicidio imprudente,<\/li>\n<li>Homicidio involuntario u homicidio imprudente de un feto, o<\/li>\n<li>Homicidio inducido por drogas.<\/li>\n<\/ul>\n<h4>Menores<\/h4>\n<p>El plazo de prescripci\u00f3n puede ampliarse hasta dos a\u00f1os si el demandante es menor de edad en el momento del homicidio culposo. <\/p>\n<p>Seg\u00fan la ley, los tribunales Illinois pueden negarse a conocer de un caso de homicidio culposo si la demanda no cumple el plazo de prescripci\u00f3n aplicable. <\/p>\n<h2>\u00bfUna negligencia ajena ha causado la tr\u00e1gica p\u00e9rdida de un ser querido?<\/h2>\n<p>Si ha perdido recientemente a un ser querido en un accidente evitable, es normal sentirse abrumado, no s\u00f3lo por la tristeza y el dolor, sino tambi\u00e9n por la idea de seguir adelante. Y aunque nada puede hacer retroceder las manecillas del tiempo hasta antes del accidente, interponer una demanda por homicidio culposo le permitir\u00e1 exigir responsabilidades legales y econ\u00f3micas a la persona o empresa responsable de la muerte de su ser querido. En el <a href=\"https:\/\/www.briskmanandbriskman.com\/es\/areas-de-practica\/muerte-por-negligencia\/\">Lake County wrongful death law firm of Briskman Briskman &#038; Greenberg Personal Injury &#038; Car Accident Lawyers<\/a>Hemos estado ayudando a familias en duelo a buscar justicia desde 1987. A lo largo de este tiempo, hemos aprendido a ofrecer a nuestros clientes una representaci\u00f3n compasiva centrada en conseguirles una compensaci\u00f3n justa por su p\u00e9rdida. Para obtener m\u00e1s informaci\u00f3n, y para <a href=\"https:\/\/www.briskmanandbriskman.com\/es\/consulta-gratuita\/\">programar una consulta gratuita<\/a> con un abogado especializado en homicidio culposo Lake County hoy mismo, <a href=\"tel:1-877-595-4878\">ll\u00e1menos al 877-595-4878<\/a>. Tambi\u00e9n puede ponerse en contacto con nosotros a trav\u00e9s de <a href=\"https:\/\/www.briskmanandbriskman.com\/es\/abogados-de-accidentes-de-camiones-en-chicago-2\/\">formulario de contacto en l\u00ednea<\/a>.<\/p>","protected":false},"excerpt":{"rendered":"<p>La muerte inesperada de un ser querido es una de las experiencias traum\u00e1ticas m\u00e1s comunes que puede experimentar una familia. Aunque cualquier muerte puede tener un coste emocional para una familia, las muertes inesperadas, especialmente las que implican negligencia, provocan fuertes respuestas y pueden tener consecuencias devastadoras para quienes dependen del fallecido. Illinois Ley de homicidio culposo...<\/p>","protected":false},"author":1,"featured_media":0,"parent":7806,"menu_order":0,"comment_status":"closed","ping_status":"closed","template":"","meta":{"_acf_changed":false,"footnotes":""},"class_list":["post-9053","page","type-page","status-publish","hentry"],"acf":[],"_links":{"self":[{"href":"https:\/\/www.briskmanandbriskman.com\/es\/wp-json\/wp\/v2\/pages\/9053","targetHints":{"allow":["GET"]}}],"collection":[{"href":"https:\/\/www.briskmanandbriskman.com\/es\/wp-json\/wp\/v2\/pages"}],"about":[{"href":"https:\/\/www.briskmanandbriskman.com\/es\/wp-json\/wp\/v2\/types\/page"}],"author":[{"embeddable":true,"href":"https:\/\/www.briskmanandbriskman.com\/es\/wp-json\/wp\/v2\/users\/1"}],"replies":[{"embeddable":true,"href":"https:\/\/www.briskmanandbriskman.com\/es\/wp-json\/wp\/v2\/comments?post=9053"}],"version-history":[{"count":0,"href":"https:\/\/www.briskmanandbriskman.com\/es\/wp-json\/wp\/v2\/pages\/9053\/revisions"}],"up":[{"embeddable":true,"href":"https:\/\/www.briskmanandbriskman.com\/es\/wp-json\/wp\/v2\/pages\/7806"}],"wp:attachment":[{"href":"https:\/\/www.briskmanandbriskman.com\/es\/wp-json\/wp\/v2\/media?parent=9053"}],"curies":[{"name":"wp","href":"https:\/\/api.w.org\/{rel}","templated":true}]}}