{"id":9046,"date":"2023-01-23T22:17:40","date_gmt":"2023-01-23T22:17:40","guid":{"rendered":"https:\/\/www.briskmanandbriskman.com\/?page_id=9046"},"modified":"2024-06-27T22:37:45","modified_gmt":"2024-06-27T22:37:45","slug":"abogado-de-accidentes-de-camion","status":"publish","type":"page","link":"https:\/\/www.briskmanandbriskman.com\/es\/locations\/lake-county\/truck-accident-lawyer\/","title":{"rendered":"Lake County Abogados de accidentes de cami\u00f3n"},"content":{"rendered":"<p><a href=\"https:\/\/www.briskmanandbriskman.com\/es\/areas-de-practica\/chicago-truck-accident-attorney\/\">Accidentes de camiones comerciales y de gran tonelaje<\/a> presentan problemas cr\u00edticos para la industria del transporte por carretera y para todos los usuarios. Aunque los grandes camiones representan menos del 5% de los veh\u00edculos matriculados en todo el pa\u00eds y s\u00f3lo el 8% del total de kil\u00f3metros recorridos, estos veh\u00edculos est\u00e1n desproporcionadamente implicados en lesiones y muertes de ocupantes de veh\u00edculos de pasajeros.<\/p>\n\n\n\n<p>Las leyes federales y estatales permiten a las v\u00edctimas de accidentes reclamar da\u00f1os y perjuicios por sus lesiones debidas a la negligencia de otra persona. Durante casi 40 a\u00f1os, la <a href=\"https:\/\/www.briskmanandbriskman.com\/es\/lugares\/condado-del-lago\/abogados-de-danos-personales\/\">Lake County abogados de accidentes de cami\u00f3n<\/a> en Briskman Briskman &amp; Greenberg han representado con \u00e9xito a v\u00edctimas de accidentes en sus demandas por lesiones personales. <a href=\"https:\/\/www.briskmanandbriskman.com\/es\/abogados-de-accidentes-de-camiones-en-chicago-2\/\">P\u00f3ngase en contacto con BB&amp;G para hablar con un abogado experimentado<\/a> sobre su derecho a indemnizaci\u00f3n tras un accidente.<\/p>\n\n\n\n<h3 class=\"wp-block-heading\">Prevalencia y gravedad de los accidentes de cami\u00f3n en Lake County<\/h3>\n\n\n\n<p>Seg\u00fan datos recientes del Consejo Nacional de Seguridad, en el \u00faltimo a\u00f1o se produjeron 4.842 accidentes mortales de camiones de gran tonelaje. Durante este periodo, 107.000 camiones estuvieron implicados en accidentes con heridos.<\/p>\n\n\n\n<p>Adem\u00e1s de las estad\u00edsticas nacionales, el Departamento de Transporte Illinois (IDOT) publica cada a\u00f1o el informe Illinois Crash Facts &amp; Statistics. El informe ofrece una revisi\u00f3n exhaustiva del comportamiento de los conductores que ayuda al IDOT a entender por qu\u00e9, d\u00f3nde y cu\u00e1ndo se producen los accidentes. Los datos son cruciales para prevenir lesiones y muertes en las carreteras de Illinois.<\/p>\n\n\n\n<h3 class=\"wp-block-heading\">Tasa de accidentes de camiones en Lake County<\/h3>\n\n\n\n<p>El Illinois Departamento de Transporte (IDOT) anual del Condado Resumen de Choque Informe revela lo siguiente :<\/p>\n\n\n\n<ul class=\"wp-block-list\">\n<li>En 348 accidentes Lake County se vieron implicados tractores con semirremolque;<\/li>\n\n\n\n<li>En 11 accidentes Lake County se vieron implicados tractores sin semirremolque;<\/li>\n\n\n\n<li>214 accidentes Lake County afectaron a un cami\u00f3n de una sola unidad; y<\/li>\n\n\n\n<li>59 accidentes Lake County en los que est\u00e1 implicado un cami\u00f3n de una sola unidad con remolque.<\/li>\n<\/ul>\n\n\n\n<p>Estas cifras representan un aumento de 12% en muertes relacionadas con el tr\u00e1fico a partir de 2020. Seg\u00fan el IDOT, el mayor n\u00famero de colisiones se produjo los viernes, con casi 31.000 colisiones en localidades urbanas y m\u00e1s de 18.000 en zonas rurales. Casi 68% de estas colisiones se produjeron entre las 8 de la ma\u00f1ana y las 8 de la tarde.<\/p>\n\n\n\n<h3 class=\"wp-block-heading\">Causas comunes de accidentes de camiones Lake County<\/h3>\n\n\n\n<p>Muchas pol\u00edticas federales y estatales suelen regular el comportamiento al volante sin tener en cuenta el tipo de veh\u00edculo (por ejemplo, limitar la tasa de alcoholemia, fijar una edad m\u00ednima para el consumo de alcohol y exigir el uso del cintur\u00f3n de seguridad). Estas normativas pretenden limitar los accidentes de tr\u00e1fico mortales y lesivos de todos los conductores. En el sector del transporte por carretera, los legisladores estatales regulan los l\u00edmites de velocidad y el peso, la longitud y la altura de los camiones. A pesar de estas normativas, los accidentes de camiones Lake County siguen produci\u00e9ndose a un ritmo alarmante.<\/p>\n\n\n\n<p>En los accidentes de camiones suelen intervenir varios factores. Un estudio exhaustivo de la Administraci\u00f3n Federal de Seguridad de Autotransportes (FMCSA) descubri\u00f3 que las principales razones cr\u00edticas de los accidentes de camiones grandes son las siguientes:<\/p>\n\n\n\n<h4 class=\"wp-block-heading\">Formaci\u00f3n y experiencia del conductor<\/h4>\n\n\n\n<p>Los accidentes de cami\u00f3n suelen implicar errores y negligencias del conductor. La falta de rendimiento, los problemas de reconocimiento, la capacidad de toma de decisiones y el rendimiento general contribuyen a los accidentes de cami\u00f3n Lake County.<\/p>\n\n\n\n<h4 class=\"wp-block-heading\">Dise\u00f1o y fabricaci\u00f3n de veh\u00edculos<\/h4>\n\n\n\n<p><a href=\"https:\/\/www.briskmanandbriskman.com\/es\/areas-de-practica\/abogados-de-accidentes-de-camiones-en-chicago-2\/necesita-un-abogado-para-un-accidente-de-coche-defectuoso\/\">Defectos del veh\u00edculo<\/a> como frenos defectuosos, limpiaparabrisas rotos y un dise\u00f1o deficiente, contribuyen a la probabilidad y gravedad de un accidente.<\/p>\n\n\n\n<h4 class=\"wp-block-heading\">Condiciones de la carretera y se\u00f1alizaci\u00f3n del tr\u00e1fico<\/h4>\n\n\n\n<p>Las condiciones de la calzada, como las interrupciones del flujo de tr\u00e1fico, la prevalencia de zonas de obras y una se\u00f1alizaci\u00f3n inadecuada, pueden aumentar las posibilidades de accidente.<\/p>\n\n\n\n<h4 class=\"wp-block-heading\">Condiciones meteorol\u00f3gicas<\/h4>\n\n\n\n<p>Las inclemencias meteorol\u00f3gicas inesperadas, como el granizo, el hielo, la nieve y la lluvia intensa, pueden afectar a la maniobrabilidad de un veh\u00edculo y a la probabilidad de que se produzca un accidente de cami\u00f3n. El IDOT descubri\u00f3 que m\u00e1s de 11.000 accidentes ten\u00edan causas relacionadas con el tiempo.<\/p>\n\n\n\n<p>Adem\u00e1s, el estudio descubri\u00f3 que muchos factores asociados, como la fatiga, la vigilancia inadecuada, el consumo de medicamentos sin receta, los problemas en la carretera, el desconocimiento de la v\u00eda y el exceso de velocidad, contribu\u00edan a los accidentes de cami\u00f3n.<\/p>\n\n\n\n<h3 class=\"wp-block-heading\">Lesiones tras un accidente de cami\u00f3n<\/h3>\n\n\n\n<p>Los Centros para el Control y la Prevenci\u00f3n de Enfermedades (CDC) informan de que las colisiones de veh\u00edculos de motor causan casi 2 millones de lesiones y m\u00e1s de 32.000 muertes al a\u00f1o en el pa\u00eds. El National Spinal Cord Injury Statistical Center inform\u00f3 que los accidentes automovil\u00edsticos son la causa m\u00e1s com\u00fan de lesiones de la m\u00e9dula espinal en la naci\u00f3n. Adem\u00e1s, los accidentes de cami\u00f3n pueden causar las siguientes lesiones:<\/p>\n\n\n\n<ul class=\"wp-block-list\">\n<li>Lesiones en la cabeza, como conmociones cerebrales y traumatismos craneoencef\u00e1licos;<\/li>\n\n\n\n<li>Da\u00f1os internos en el h\u00edgado, la vejiga, el p\u00e1ncreas y los pulmones;<\/li>\n\n\n\n<li>Quemaduras por explosiones y humo; y<\/li>\n\n\n\n<li>Lesiones por aplastamiento, incluidos nervios comprimidos y fracturas.<\/li>\n<\/ul>\n\n\n\n<p>El IDOT clasifica la gravedad de las lesiones causadas por veh\u00edculos de motor en una escala de la A a la C. Adem\u00e1s, el IDOT clasifica los accidentes con da\u00f1os materiales s\u00f3lo en la \"O\".<\/p>\n\n\n\n<h4 class=\"wp-block-heading\">A- Lesiones<\/h4>\n\n\n\n<p>Se trata de lesiones incapacitantes, distintas de las mortales, que impiden a la v\u00edctima caminar, conducir o continuar las actividades que era capaz de realizar antes de la lesi\u00f3n. A-<br>Las lesiones incluyen laceraciones graves, fracturas de miembros, lesiones tor\u00e1cicas y abdominales.<\/p>\n\n\n\n<h4 class=\"wp-block-heading\">Lesi\u00f3n B<\/h4>\n\n\n\n<p>Se trata de lesiones no incapacitantes, distintas de las lesiones mortales o incapacitantes, que son evidentes para los observadores en el lugar del accidente. Algunas lesiones b comunes son golpes en la cabeza, abrasiones y laceraciones leves.<\/p>\n\n\n\n<h4 class=\"wp-block-heading\">Lesi\u00f3n C<\/h4>\n\n\n\n<p>Se trata de posibles lesiones que no entran dentro de las lesiones a o b. Las lesiones C pueden incluir reclamaciones de dolor no evidente, cojera, n\u00e1useas e histeria. El Informe Resumido de Choques del Condado de IDOT indica que los accidentes de camiones Lake County provocaron 10 v\u00edctimas mortales y 238 heridos.<\/p>\n\n\n\n<h3 class=\"wp-block-heading\">Demandas de camiones en Lake County<\/h3>\n\n\n\n<p>M\u00e1s <a href=\"https:\/\/www.briskmanandbriskman.com\/es\/areas-de-practica\/chicago-truck-accident-attorney\/\">Lake Demandas por accidente de cami\u00f3n<\/a> implican reclamaciones por negligencia. Por ejemplo, una v\u00edctima de accidente puede alegar que el accidente se produjo debido a la conducta negligente del conductor del cami\u00f3n. En algunos casos, una empresa de transporte puede ser responsable del accidente. Estos casos suelen implicar acusaciones de contrataci\u00f3n inadecuada, formaci\u00f3n o retenci\u00f3n. Adem\u00e1s, una empresa de transporte puede ser responsable del mantenimiento inadecuado del veh\u00edculo. Por otra parte, un fabricante de camiones puede ser responsable de los da\u00f1os si el accidente implica piezas defectuosas del cami\u00f3n.<\/p>\n\n\n\n<h3 class=\"wp-block-heading\">Defensas ante demandas por accidentes de cami\u00f3n<\/h3>\n\n\n\n<p>Los camioneros y las empresas de transporte hacen todo lo posible para defenderse de las demandas por accidentes. Estas entidades pueden alegar diversas defensas para evitar el pago de una indemnizaci\u00f3n a un demandante por lesiones personales. Algunas t\u00e1cticas comunes de defensa incluyen la afirmaci\u00f3n de factores atenuantes. Los factores atenuantes pueden consistir en presentar pruebas de que el conductor estaba respetando las leyes de tr\u00e1fico o tomando medidas para evitar un accidente.<\/p>\n\n\n\n<p>Adem\u00e1s, la empresa de transporte o el conductor pueden alegar que la v\u00edctima fue parcialmente responsable del accidente y de sus da\u00f1os. Con arreglo al sistema de negligencia comparativa Illinois, las v\u00edctimas de accidentes que tengan 50% o m\u00e1s de culpa en el accidente no pueden cobrar indemnizaci\u00f3n de la otra parte. Sin embargo, si su responsabilidad es inferior a 50%, pueden cobrar una indemnizaci\u00f3n reducida proporcional a su nivel de culpa.<\/p>\n\n\n\n<h3 class=\"wp-block-heading\">Da\u00f1os y perjuicios tras un accidente de cami\u00f3n Lake County<\/h3>\n\n\n\n<p>Despu\u00e9s de un accidente de cami\u00f3n Lake County, un abogado puede ayudar a las v\u00edctimas, y sus seres queridos sobrevivientes a recuperar la compensaci\u00f3n por sus da\u00f1os. Los da\u00f1os despu\u00e9s de un accidente de cami\u00f3n pueden incluir compensaci\u00f3n por lo siguiente:<\/p>\n\n\n\n<ul class=\"wp-block-list\">\n<li>Gastos m\u00e9dicos pasados, presentes y futuros;<\/li>\n\n\n\n<li>Salarios perdidos;<\/li>\n\n\n\n<li>P\u00e9rdida de capacidad laboral;<\/li>\n\n\n\n<li>Disminuci\u00f3n de la calidad de vida; y<\/li>\n\n\n\n<li>Incapacidad permanente.<\/li>\n<\/ul>\n\n\n\n<p>Sin embargo, el cobro de da\u00f1os y perjuicios requiere un conocimiento exhaustivo de las complejas leyes federales y estatales. Adem\u00e1s, las v\u00edctimas de accidentes deben cumplir los requisitos procesales, estatutarios y probatorios. Un abogado puede garantizar que las v\u00edctimas de accidentes respeten los plazos de prescripci\u00f3n, cumplan los requisitos de notificaci\u00f3n y presentaci\u00f3n y presenten un caso convincente respaldado por pruebas.<\/p>\n\n\n\n<h2 class=\"wp-block-heading\">\u00bfHa resultado herido en un accidente de cami\u00f3n Lake County?<\/h2>\n\n\n\n<p>Si usted o un ser querido ha sufrido recientemente lesiones o ha fallecido en un accidente de cami\u00f3n, p\u00f3ngase en contacto con los abogados especializados en lesiones de Briskman Briskman &amp; Greenberg. En <a href=\"https:\/\/www.briskmanandbriskman.com\/es\/\">Briskman Briskman &amp; Greenberg<\/a>Llevamos desde 1987 ayudando a las v\u00edctimas de accidentes y a sus familias a recuperar una compensaci\u00f3n significativa por lo que han sufrido. Durante este tiempo, hemos desarrollado una estrategia altamente efectiva para asegurar que los casos de nuestros clientes reciban la atenci\u00f3n que se merecen sin retrasar innecesariamente el proceso o causarle a usted y a su familia un estr\u00e9s innecesario. Para obtener m\u00e1s informaci\u00f3n, y para programar una consulta gratuita con un abogado de accidente de cami\u00f3n Lake County hoy, <a href=\"tel:1-877-595-4878\">ll\u00e1menos al 877-595-4878<\/a>. Tambi\u00e9n puede ponerse en contacto con nosotros a trav\u00e9s de <a href=\"https:\/\/www.briskmanandbriskman.com\/es\/abogados-de-accidentes-de-camiones-en-chicago-2\/\">formulario de contacto en l\u00ednea<\/a>.<\/p>","protected":false},"excerpt":{"rendered":"<p>Los accidentes de camiones comerciales y de gran tonelaje plantean problemas cr\u00edticos para el sector del transporte por carretera y para todos los usuarios. Aunque los grandes camiones representan menos del 5% de los veh\u00edculos matriculados en todo el pa\u00eds y s\u00f3lo el 8% del total de kil\u00f3metros recorridos, estos veh\u00edculos est\u00e1n desproporcionadamente implicados en lesiones y muertes de ocupantes de veh\u00edculos de pasajeros. Las leyes federales y estatales permiten a las v\u00edctimas de accidentes...<\/p>","protected":false},"author":1,"featured_media":11070,"parent":7806,"menu_order":0,"comment_status":"closed","ping_status":"closed","template":"","meta":{"_acf_changed":false,"footnotes":""},"class_list":["post-9046","page","type-page","status-publish","has-post-thumbnail","hentry"],"acf":[],"_links":{"self":[{"href":"https:\/\/www.briskmanandbriskman.com\/es\/wp-json\/wp\/v2\/pages\/9046","targetHints":{"allow":["GET"]}}],"collection":[{"href":"https:\/\/www.briskmanandbriskman.com\/es\/wp-json\/wp\/v2\/pages"}],"about":[{"href":"https:\/\/www.briskmanandbriskman.com\/es\/wp-json\/wp\/v2\/types\/page"}],"author":[{"embeddable":true,"href":"https:\/\/www.briskmanandbriskman.com\/es\/wp-json\/wp\/v2\/users\/1"}],"replies":[{"embeddable":true,"href":"https:\/\/www.briskmanandbriskman.com\/es\/wp-json\/wp\/v2\/comments?post=9046"}],"version-history":[{"count":2,"href":"https:\/\/www.briskmanandbriskman.com\/es\/wp-json\/wp\/v2\/pages\/9046\/revisions"}],"predecessor-version":[{"id":13287,"href":"https:\/\/www.briskmanandbriskman.com\/es\/wp-json\/wp\/v2\/pages\/9046\/revisions\/13287"}],"up":[{"embeddable":true,"href":"https:\/\/www.briskmanandbriskman.com\/es\/wp-json\/wp\/v2\/pages\/7806"}],"wp:featuredmedia":[{"embeddable":true,"href":"https:\/\/www.briskmanandbriskman.com\/es\/wp-json\/wp\/v2\/media\/11070"}],"wp:attachment":[{"href":"https:\/\/www.briskmanandbriskman.com\/es\/wp-json\/wp\/v2\/media?parent=9046"}],"curies":[{"name":"wp","href":"https:\/\/api.w.org\/{rel}","templated":true}]}}