{"id":9025,"date":"2023-01-18T00:50:41","date_gmt":"2023-01-18T00:50:41","guid":{"rendered":"https:\/\/www.briskmanandbriskman.com\/?page_id=9025"},"modified":"2024-04-05T00:37:23","modified_gmt":"2024-04-05T00:37:23","slug":"abogados-de-accidentes-de-camiones-2","status":"publish","type":"page","link":"https:\/\/www.briskmanandbriskman.com\/es\/locations\/waukegan\/trucking-accident-attorneys\/","title":{"rendered":"Waukegan Abogados de accidentes de cami\u00f3n"},"content":{"rendered":"<p>Los accidentes de cami\u00f3n pueden causar lesiones que alteren la vida e incluso la muerte. El gran tama\u00f1o y el gran peso de los camiones comerciales ponen en peligro a los turismos y otros veh\u00edculos de motor que comparten las carreteras Waukegan. Si ha sufrido lesiones en un accidente de cami\u00f3n, tiene derecho a reclamar una indemnizaci\u00f3n por todas las p\u00e9rdidas relacionadas con el accidente.<\/p>\n\n\n\n<p>El experimentado Waukegan <a href=\"https:\/\/www.briskmanandbriskman.com\/es\/areas-de-practica\/chicago-truck-accident-attorney\/\">abogados de accidentes de camiones en Briskman Briskman &amp; Greenberg<\/a> puede ayudarle a recuperar los da\u00f1os y perjuicios para cubrir sus gastos m\u00e9dicos, p\u00e9rdida de ingresos, p\u00e9rdida de potencial de ingresos y otros costes. Identificaremos a las partes responsables del <a href=\"https:\/\/www.briskmanandbriskman.com\/es\/lugares\/condado-del-lago\/abogado-de-accidentes-de-camion\/\">accidente de cami\u00f3n<\/a> y hacerlos responsables. Con casi 40 a\u00f1os de experiencia, nuestro bufete de abogados tiene un exitoso historial de ayudar a los clientes de nuevo en sus pies despu\u00e9s de un accidente devastador.<\/p>\n\n\n\n<h3 class=\"wp-block-heading\">\u00bfCu\u00e1les son las causas de los accidentes de cami\u00f3n en Waukegan?<\/h3>\n\n\n\n<p><iframe loading=\"lazy\" src=\"https:\/\/player.vimeo.com\/video\/815481987?h=0dfaa16189\" width=\"640\" height=\"360\" frameborder=\"0\" allowfullscreen=\"allowfullscreen\"><\/iframe><\/p>\n\n\n\n<p>En 2020, el 10,2% de los grandes <a href=\"https:\/\/www.briskmanandbriskman.com\/es\/areas-de-practica\/abogados-de-accidentes-de-camiones-en-chicago-2\/abogados-de-accidentes-de-coche-mortales-en-chicago\/\" data-type=\"page\" data-id=\"9910\">camiones en Illinois estuvieron implicados en accidentes mortales<\/a>en comparaci\u00f3n con el 8,9% a nivel nacional. Como la ciudad m\u00e1s poblada en Lake County, Illinois, Waukegan es el hogar de las principales autopistas e interestatales donde los accidentes de camiones pueden ocurrir. Pueden ocurrir en la Ruta 41, la Ruta 43 y la I-94, entre otras carreteras.<\/p>\n\n\n\n<p>No importa d\u00f3nde se produzcan, <a href=\"https:\/\/www.briskmanandbriskman.com\/es\/lugares\/norte-de-chicago\/abogado-de-accidentes-de-camiones\/\">accidentes de cami\u00f3n<\/a> pueden ser devastadores para los involucrados. En 2018, 12,267 accidentes de camiones representaron el 3.8 por ciento de todos los choques en el estado. Las causas comunes de accidentes de camiones Waukegan incluyen:<\/p>\n\n\n\n<ul class=\"wp-block-list\">\n<li>Conducci\u00f3n distra\u00edda<\/li>\n\n\n\n<li>Conducir bajo los efectos del alcohol o las drogas<\/li>\n\n\n\n<li>No recibir la formaci\u00f3n adecuada<\/li>\n\n\n\n<li>Conducir muchas horas sin hacer descansos adecuados<\/li>\n\n\n\n<li>Violaci\u00f3n de las leyes de tr\u00e1fico<\/li>\n\n\n\n<li>Sobrecarga de camiones<\/li>\n<\/ul>\n\n\n\n<p>La negligencia del conductor es un t\u00e9rmino amplio utilizado para describir comportamientos de conducci\u00f3n descuidados como el exceso de velocidad y la conducci\u00f3n fatigada. Mientras que el mal tiempo o las condiciones peligrosas de la carretera pueden ser factores que contribuyen en un accidente, alguna forma de negligencia del conductor es a menudo responsable de accidentes de camiones.<\/p>\n\n\n\n<p>En 2019, el exceso de velocidad fue la principal causa de accidentes mortales relacionada con los conductores, con un 7,6 por ciento de las colisiones. <a href=\"https:\/\/www.briskmanandbriskman.com\/es\/areas-de-practica\/abogados-de-accidentes-de-camiones-en-chicago-2\/abogados-de-accidentes-por-conduccion-distraida-en-chicago\/\" data-type=\"page\" data-id=\"9792\">Conducci\u00f3n distra\u00edda<\/a> ocupa el segundo lugar, con un 5,3%, seguido de la conducci\u00f3n bajo los efectos del alcohol, con un 4,7%. Un estudio ha demostrado que permanecer despierto durante 18 horas seguidas puede tener los mismos efectos que conducir ebrio con una concentraci\u00f3n de alcohol en sangre del 0,05%.<\/p>\n\n\n\n<p>Sin embargo, los camioneros no son los \u00fanicos culpables de la <a href=\"https:\/\/www.briskmanandbriskman.com\/es\/lugares\/oaklawn\/abogados-de-accidentes-de-camiones\/\">accidentes de cami\u00f3n<\/a>. Las empresas de transporte por carretera deben cumplir la normativa federal y estatal. Cualquier fallo de seguridad puede poner en peligro a otros conductores que comparten la carretera.<\/p>\n\n\n\n<p>Sobrecargar un cami\u00f3n, obligar a los camioneros a trabajar turnos largos sin descansos y no mantener los camiones adecuadamente son s\u00f3lo algunas de las formas en que las empresas de transporte pueden comportarse negligentemente. A Waukegan <a href=\"https:\/\/www.briskmanandbriskman.com\/es\/lugares\/orlandpark\/abogados-de-accidentes-de-camiones\/\">abogado de accidente de cami\u00f3n<\/a> puede ayudarle a determinar qui\u00e9n es el responsable de sus lesiones y a exigirle responsabilidades mediante una demanda por lesiones personales.<\/p>\n\n\n\n<h3 class=\"wp-block-heading\">Lesiones por accidente de cami\u00f3n<\/h3>\n\n\n\n<p>Los accidentes de camiones Waukegan tienen el potencial de causar lesiones debilitantes, algunas de las cuales incluso pueden ser fatales. En 2018, alrededor de 2,075 accidentes de camiones Illinois resultaron en lesiones, incluidas 405 lesiones incapacitantes. Los tipos de lesiones que una v\u00edctima puede sufrir incluyen:<\/p>\n\n\n\n<ul class=\"wp-block-list\">\n<li>Laceraciones<\/li>\n\n\n\n<li>Traumatismos craneoencef\u00e1licos y cerebrales<\/li>\n\n\n\n<li>Lesiones de espalda y de m\u00e9dula espinal<\/li>\n\n\n\n<li>Latigazo cervical<\/li>\n\n\n\n<li>Huesos rotos y fracturas<\/li>\n\n\n\n<li>Hemorragia interna<\/li>\n\n\n\n<li>Par\u00e1lisis<\/li>\n\n\n\n<li>Quemaduras<\/li>\n<\/ul>\n\n\n\n<p>En los accidentes de camiones grandes ocurridos en 2020, la mayor\u00eda de los heridos fueron ocupantes de otros veh\u00edculos, con un 68%. Le siguieron los ocupantes de camiones, que representaron el 30% de los heridos.<\/p>\n\n\n\n<p>Las lesiones por accidente de cami\u00f3n pueden impedir a las v\u00edctimas llevar una vida plena y realizar sus actividades cotidianas. El simple acto de caminar de un lugar a otro de repente puede convertirse en un reto, y puede tomar mucho tiempo para sanar del trauma emocional de estar involucrado en un accidente. No importa qu\u00e9 tipo de lesiones sufra en un accidente de cami\u00f3n Waukegan, merece ser indemnizado por todos sus gastos m\u00e9dicos y tratamientos futuros.<\/p>\n\n\n\n<h3 class=\"wp-block-heading\">Tipos de da\u00f1os y perjuicios<\/h3>\n\n\n\n<p>Si su demanda por accidente de cami\u00f3n tiene \u00e9xito, puede obtener varios tipos diferentes de da\u00f1os econ\u00f3micos y da\u00f1os no econ\u00f3micos. Los abogados de accidentes de cami\u00f3n Waukegan en Briskman Briskman &amp; Greenberg pueden proporcionarle una estimaci\u00f3n de lo que puede esperar en funci\u00f3n de los detalles de su caso.<\/p>\n\n\n\n<ul class=\"wp-block-list\">\n<li><strong>Gastos m\u00e9dicos:<\/strong> La indemnizaci\u00f3n puede cubrir el coste de su tratamiento m\u00e9dico pasado y futuro, estancias hospitalarias, fisioterapia, pruebas diagn\u00f3sticas y mucho m\u00e1s.<\/li>\n\n\n\n<li><strong>Salarios perdidos:<\/strong> Las lesiones graves pueden obligarle a ausentarse del trabajo para recuperarse. La p\u00e9rdida de ingresos puede afectar al futuro econ\u00f3mico de su familia y a su promoci\u00f3n profesional. Tambi\u00e9n puede obtener una indemnizaci\u00f3n por la p\u00e9rdida de ingresos potenciales en el futuro debido a desfiguraciones o discapacidades.<\/li>\n\n\n\n<li><strong>Da\u00f1os materiales:<\/strong> Adem\u00e1s de causar lesiones debilitantes, los accidentes de cami\u00f3n tambi\u00e9n pueden causar da\u00f1os devastadores a la propiedad. El tama\u00f1o y el peso de un semi cargado puede destruir su veh\u00edculo m\u00e1s all\u00e1 de la reparaci\u00f3n.<\/li>\n\n\n\n<li><strong>Dolor y sufrimiento:<\/strong> Es probable que sufrir un accidente de cami\u00f3n sea un acontecimiento traum\u00e1tico. Tu indemnizaci\u00f3n debe cubrir la carga mental y la angustia emocional que experimentas a causa del accidente.<\/li>\n<\/ul>\n\n\n\n<p>A la hora de determinar el valor de su reclamaci\u00f3n por accidente de cami\u00f3n, tendremos en cuenta factores como la gravedad de sus lesiones, si ha sufrido discapacidades y qu\u00e9 tratamiento a largo plazo puede necesitar. Negociaremos con las otras partes para obtener el acuerdo m\u00e1s favorable para usted. Si la otra parte no proporciona una oferta satisfactoria, estamos dispuestos a llevar su caso a juicio.<\/p>\n\n\n\n<h3 class=\"wp-block-heading\">Qu\u00e9 hacer tras un accidente de cami\u00f3n<\/h3>\n\n\n\n<p>Es probable que un accidente de cami\u00f3n le deje conmocionado y confuso sobre qu\u00e9 hacer. Si bien puede ser dif\u00edcil pensar con claridad despu\u00e9s de una colisi\u00f3n, hay pasos importantes que debe tomar para proteger sus derechos.<\/p>\n\n\n\n<p>Si decide <a href=\"https:\/\/www.briskmanandbriskman.com\/es\/historias-web\/como-puedo-saber-si-tengo-un-caso-de-accidente-de-coche\/\">presentar una reclamaci\u00f3n por da\u00f1os personales<\/a> En el futuro, la parte culpable puede intentar rebatir su versi\u00f3n de los hechos. Las pruebas que conserves tras un accidente de cami\u00f3n pueden ayudar a respaldar tu caso.<\/p>\n\n\n\n<ul class=\"wp-block-list\">\n<li><strong>Recibe tratamiento m\u00e9dico.<\/strong> Los servicios de emergencia pueden llevarle al hospital de inmediato si ha sufrido lesiones graves. Si no es as\u00ed, debe acudir al m\u00e9dico para asegurarse de que no hay da\u00f1os internos. Adem\u00e1s, ver a un m\u00e9dico ayudar\u00e1 a establecer el alcance y la naturaleza de las lesiones que sufri\u00f3 debido al accidente de cami\u00f3n.<\/li>\n\n\n\n<li><strong>Documente el incidente.<\/strong> Presente un informe del accidente a la polic\u00eda y obtenga una copia para sus archivos. Anote los nombres y n\u00fameros de tel\u00e9fono de los testigos que vieron el accidente de cami\u00f3n. Aseg\u00farese de obtener la informaci\u00f3n de contacto, seguro y licencia de las otras partes implicadas en el accidente.<\/li>\n\n\n\n<li><strong>Notif\u00edquelo a su compa\u00f1\u00eda de seguros.<\/strong> Dependiendo de las condiciones de su p\u00f3liza, es posible que tenga que informar a su compa\u00f1\u00eda de seguros sobre el accidente de cami\u00f3n. Aunque debe exponer los hechos, no d\u00e9 m\u00e1s detalles de los necesarios. Evite hablar con la compa\u00f1\u00eda de seguros del otro conductor antes de hablar con un abogado especializado en accidentes de cami\u00f3n.<\/li>\n\n\n\n<li><strong>P\u00f3ngase en contacto con un abogado especializado en accidentes de cami\u00f3n.<\/strong> Un abogado especializado en accidentes de cami\u00f3n Waukegan puede ayudarle a comprender sus opciones para obtener una indemnizaci\u00f3n. <a href=\"https:\/\/www.briskmanandbriskman.com\/es\/consulta-gratuita\/\">Briskman Briskman &amp; Greenberg ofrece consultas iniciales gratuitas<\/a> durante el cual puede hacer preguntas y obtener asesoramiento sobre su reclamaci\u00f3n.<\/li>\n<\/ul>\n\n\n\n<h2 class=\"wp-block-heading\">\u00bfC\u00f3mo puede un abogado ayudar con mi demanda de accidente de cami\u00f3n?<\/h2>\n\n\n\n<p>Los accidentes de cami\u00f3n implican lidiar con las complejas leyes que rigen la industria del transporte por cami\u00f3n. Adem\u00e1s, las cosas pueden complicarse r\u00e1pidamente si varias partes est\u00e1n involucradas en la colisi\u00f3n, en particular un camionero comercial. Un experto Waukegan <a href=\"https:\/\/www.briskmanandbriskman.com\/es\/lugares\/ruedas\/abogado-de-accidente-de-camion\/\">abogado de accidentes de cami\u00f3n<\/a> puede encargarse de todo el proceso legal por usted, incluida la determinaci\u00f3n de la responsabilidad en su caso.<\/p>\n\n\n\n<p>Briskman Briskman &amp; Greenberg entiende las cuestiones legales \u00fanicas que surgen en las reclamaciones por accidentes de cami\u00f3n. Tenemos un profundo conocimiento de Illinois las regulaciones de la industria del transporte por carretera y las leyes de lesiones personales pertinentes a tales casos.<\/p>\n\n\n\n<p>Con un abogado con experiencia a cargo de su caso, usted aumenta sus posibilidades de recibir un acuerdo que cubra todos los gastos relacionados con su accidente de cami\u00f3n. En Briskman Briskman &amp; Greenberg, podemos ayudarle a entender los da\u00f1os que puede esperar recuperar en su caso. Su abogado de accidentes de cami\u00f3n Waukegan investigar\u00e1 a fondo su accidente y recopilar\u00e1 pruebas para construir una reclamaci\u00f3n s\u00f3lida, incluyendo la consulta de expertos cuando sea necesario.<\/p>\n\n\n\n<p>Las empresas de transporte tienen equipos de abogados que hacen todo lo posible para proteger a la empresa de la responsabilidad. Sin representaci\u00f3n legal calificada, corre el riesgo de obtener un acuerdo de bola baja o tener su reclamo de accidente de cami\u00f3n desestimado por completo.<\/p>\n\n\n\n<p>Cuando contrata a un abogado, puede dedicar su atenci\u00f3n a recuperarse de sus lesiones por accidente de cami\u00f3n. El abogado se encargar\u00e1 de todo, desde la presentaci\u00f3n de documentos legales a la negociaci\u00f3n con las compa\u00f1\u00edas de seguros y empresas de transporte por carretera. Briskman Briskman &amp; Greenberg se dedica a ayudarle a recuperar su vida despu\u00e9s de un accidente de cami\u00f3n debilitante.<\/p>\n\n\n\n<h3 class=\"wp-block-heading\">Plazo para presentar una demanda por accidente de cami\u00f3n<\/h3>\n\n\n\n<p>Seg\u00fan la ley Illinois, el plazo de prescripci\u00f3n para la mayor\u00eda de las demandas por lesiones personales es de dos a\u00f1os. Esto significa que tiene dos a\u00f1os a partir de la fecha de su accidente de cami\u00f3n para presentar una reclamaci\u00f3n. Si se le pasa el plazo, pierde la oportunidad de reclamar da\u00f1os y perjuicios a la parte culpable. Un abogado de accidentes de cami\u00f3n puede asegurarse de que usted no renuncia a su derecho a una indemnizaci\u00f3n.<\/p>\n\n\n\n<h3 class=\"wp-block-heading\">Contacto Briskman Briskman &amp; Greenberg<\/h3>\n\n\n\n<p>Si ha sufrido lesiones en un accidente de cami\u00f3n, no dude en ponerse en contacto con un abogado para que le asesore sobre la posibilidad de reclamar una indemnizaci\u00f3n. <a href=\"https:\/\/www.briskmanandbriskman.com\/es\/\">Briskman Briskman &amp; Greenberg<\/a> tiene d\u00e9cadas de experiencia proporcionando representaci\u00f3n legal en casos de accidentes de cami\u00f3n. Un abogado de accidentes de cami\u00f3n Waukegan le ayudar\u00e1 a entender sus opciones legales.<\/p>\n\n\n\n<p><a href=\"https:\/\/www.briskmanandbriskman.com\/es\/abogados-de-accidentes-de-camiones-en-chicago-2\/\">P\u00f3ngase en contacto con nosotros para una primera consulta gratuita<\/a>. Hablar con un abogado sobre su caso es gratuito.<\/p>\n\n\n\n<p><a href=\"tel:1-877-595-4878\">Ll\u00e1menos hoy mismo al 1.877.595.HURT (4878)<\/a>.<\/p>","protected":false},"excerpt":{"rendered":"<p>Los accidentes de cami\u00f3n pueden causar lesiones que alteren la vida e incluso la muerte. El gran tama\u00f1o y el gran peso de los camiones comerciales ponen en peligro a los turismos y otros veh\u00edculos de motor que comparten las carreteras Waukegan. Si ha sufrido lesiones en un accidente de cami\u00f3n, tiene derecho a reclamar una indemnizaci\u00f3n por todas las p\u00e9rdidas relacionadas con el accidente. La...<\/p>","protected":false},"author":1,"featured_media":9363,"parent":7298,"menu_order":0,"comment_status":"closed","ping_status":"closed","template":"","meta":{"_acf_changed":false,"footnotes":""},"class_list":["post-9025","page","type-page","status-publish","has-post-thumbnail","hentry"],"acf":[],"_links":{"self":[{"href":"https:\/\/www.briskmanandbriskman.com\/es\/wp-json\/wp\/v2\/pages\/9025","targetHints":{"allow":["GET"]}}],"collection":[{"href":"https:\/\/www.briskmanandbriskman.com\/es\/wp-json\/wp\/v2\/pages"}],"about":[{"href":"https:\/\/www.briskmanandbriskman.com\/es\/wp-json\/wp\/v2\/types\/page"}],"author":[{"embeddable":true,"href":"https:\/\/www.briskmanandbriskman.com\/es\/wp-json\/wp\/v2\/users\/1"}],"replies":[{"embeddable":true,"href":"https:\/\/www.briskmanandbriskman.com\/es\/wp-json\/wp\/v2\/comments?post=9025"}],"version-history":[{"count":3,"href":"https:\/\/www.briskmanandbriskman.com\/es\/wp-json\/wp\/v2\/pages\/9025\/revisions"}],"predecessor-version":[{"id":15186,"href":"https:\/\/www.briskmanandbriskman.com\/es\/wp-json\/wp\/v2\/pages\/9025\/revisions\/15186"}],"up":[{"embeddable":true,"href":"https:\/\/www.briskmanandbriskman.com\/es\/wp-json\/wp\/v2\/pages\/7298"}],"wp:featuredmedia":[{"embeddable":true,"href":"https:\/\/www.briskmanandbriskman.com\/es\/wp-json\/wp\/v2\/media\/9363"}],"wp:attachment":[{"href":"https:\/\/www.briskmanandbriskman.com\/es\/wp-json\/wp\/v2\/media?parent=9025"}],"curies":[{"name":"wp","href":"https:\/\/api.w.org\/{rel}","templated":true}]}}