{"id":8964,"date":"2022-12-28T20:51:41","date_gmt":"2022-12-28T20:51:41","guid":{"rendered":"https:\/\/www.briskmanandbriskman.com\/?page_id=8964"},"modified":"2022-12-28T20:51:41","modified_gmt":"2022-12-28T20:51:41","slug":"uber-se-come-a-los-abogados-de-mordeduras-de-perro","status":"publish","type":"page","link":"https:\/\/www.briskmanandbriskman.com\/es\/uber-eats-dog-bite-lawyers\/","title":{"rendered":"Uber Eats Abogados de mordeduras de perro"},"content":{"rendered":"<p>Uber Eats y otras aplicaciones de reparto de comida han ganado popularidad en los \u00faltimos a\u00f1os. Uber Eats opera en las principales ciudades de Estados Unidos, incluida Chicago. La empresa ten\u00eda una cuota del 29% del mercado de reparto de comida a domicilio de Chicago en 2021. Con cada vez m\u00e1s conductores de reparto de comida en la carretera para satisfacer la demanda de los clientes, tambi\u00e9n hay m\u00e1s posibilidades de que se produzcan ataques de perros.<\/p>\n<p>Si eres un conductor de Uber Eats que sufri\u00f3 la mordedura de un perro mientras entregaba comida a un cliente, tienes derecho a reclamar una indemnizaci\u00f3n. Presentar una demanda por mordedura de perro te permite recuperar los gastos m\u00e9dicos, la p\u00e9rdida de ingresos, el dolor y el sufrimiento, y otros costes relacionados con el incidente. En <a href=\"https:\/\/www.briskmanandbriskman.com\/es\/areas-de-practica\/abogado-de-mordedura-de-perro-chicago\/\">Chicago dog bite lawyers at Briskman Briskman &#038; Greenberg Personal Injury &#038; Car Accident Lawyers<\/a> puede ayudarle a navegar por el proceso legal para obtener una indemnizaci\u00f3n por da\u00f1os y perjuicios.<\/p>\n<h3>\u00bfPor qu\u00e9 los conductores de Uber Eats corren el riesgo de sufrir mordeduras de perro?<\/h3>\n<p>Los trabajadores del Servicio Postal de EE.UU. (USPS) est\u00e1n formados para hacer frente a las interacciones con los perros a lo largo de sus rutas de reparto, incluido c\u00f3mo evitar sobresaltos a las mascotas. A pesar de ello, el USPS informa sistem\u00e1ticamente <a href=\"https:\/\/www.briskmanandbriskman.com\/es\/areas-de-practica\/abogado-de-mordedura-de-perro-chicago\/usps-abogados-de-mordeduras-de-perro\/\">altos \u00edndices de ataques de perros<\/a>. Seg\u00fan USPS, Illinois tuvo el s\u00e9ptimo mayor n\u00famero de ataques de perros en todo el pa\u00eds en 2021, con 226 incidentes. Como los conductores de Uber Eats son contratistas independientes y no empleados de la empresa, no reciben formaci\u00f3n sobre qu\u00e9 hacer cuando se encuentran con perros.<\/p>\n<p>Los conductores de Uber Eats tienen que desplazarse a distintos domicilios para hacer las entregas. Llevan las entregas directamente al cliente, lo que significa bajarse del veh\u00edculo para dejar la comida. Como resultado, los conductores de Uber Eats pueden encontrarse con mascotas sueltas al entrar en la propiedad de un cliente. Estas interacciones, por breves que sean, exponen a los trabajadores al riesgo de mordeduras de perro.<\/p>\n<p>Los ataques de perros pueden producirse repentinamente, sobre todo cuando hay extra\u00f1os implicados. Aunque la suposici\u00f3n com\u00fan es que los perros agresivos son m\u00e1s propensos a morder, incluso las mascotas amistosas o d\u00f3ciles pueden atacar sin ninguna provocaci\u00f3n.<\/p>\n<h3>Indemnizaci\u00f3n por mordeduras de perro<\/h3>\n<p>Los conductores de Uber Eats tienen derecho legal a estar en varias propiedades para entregar comida. Si un perro muerde sin provocaci\u00f3n alguna, la v\u00edctima tiene derecho a presentar una demanda por mordedura de perro contra el due\u00f1o de la mascota y obtener una indemnizaci\u00f3n.<\/p>\n<p>Illinois no tiene topes para da\u00f1os por lesiones personales. Un abogado con experiencia en mordeduras de perro Chicago Uber Eats puede ayudarle a obtener la m\u00e1xima indemnizaci\u00f3n en su caso de mordedura de perro.<\/p>\n<p>La indemnizaci\u00f3n cubre gastos m\u00e9dicos, lucro cesante y otros. La v\u00edctima tambi\u00e9n puede reclamar da\u00f1os no econ\u00f3micos por angustia emocional, desfiguraci\u00f3n y otras p\u00e9rdidas m\u00e1s dif\u00edciles de cuantificar. Aunque los ataques de perro pueden causar lesiones dolorosas, los efectos emocionales pueden ser igual de devastadores. La v\u00edctima puede desarrollar trastornos a largo plazo, como ansiedad o estr\u00e9s postraum\u00e1tico.<\/p>\n<p>Seg\u00fan la ley Illinois, los propietarios de perros son directamente responsables cuando su mascota hiere a alguien. El Estado no tiene una norma de \"un solo mordisco\" que permita a los propietarios eximirse de responsabilidad legal cuando su perro hiere a alguien por primera vez. La raza del perro y su comportamiento anterior tampoco importan. Adem\u00e1s, la v\u00edctima no est\u00e1 obligada a demostrar que la negligencia del due\u00f1o del perro caus\u00f3 sus lesiones.<\/p>\n<h3>Tipos de lesiones por mordedura de perro<\/h3>\n<p><a href=\"https:\/\/www.briskmanandbriskman.com\/es\/areas-de-practica\/abogado-de-mordedura-de-perro-chicago\/lesiones-comunes-por-mordeduras-de-perro\/\">Lesiones por mordedura de perro<\/a> pueden ir de leves a graves. Si las heridas no se limpian adecuadamente, la v\u00edctima puede sufrir una infecci\u00f3n peligrosa, como rabia o Pasteurella. Quien haya sido mordido por un perro debe acudir al m\u00e9dico de inmediato y estar atento a signos de infecci\u00f3n como hinchaz\u00f3n, enrojecimiento, fiebre y dolor tras un ataque canino. <\/p>\n<p>Las mordeduras de perro pueden provocar:<\/p>\n<ul>\n<li>Lesiones faciales<\/li>\n<li>Laceraciones<\/li>\n<li>Huesos rotos y fracturas<\/li>\n<li>Da\u00f1o nervioso<\/li>\n<li>Cicatrizaci\u00f3n<\/li>\n<li>Desfiguraci\u00f3n<\/li>\n<li>Lesiones por aplastamiento<\/li>\n<li>Trauma emocional<\/li>\n<\/ul>\n<p>Dependiendo del tipo de lesi\u00f3n, el tratamiento m\u00e9dico puede costar miles de d\u00f3lares. Tambi\u00e9n es posible que tenga que ausentarse del trabajo para recuperarse. Presentar una demanda por mordedura de perro le permite recibir una indemnizaci\u00f3n para cubrir todos los gastos relacionados con la mordedura, incluidas las facturas m\u00e9dicas y los salarios perdidos.<\/p>\n<h3>Prescripci\u00f3n de la acci\u00f3n judicial por mordedura de perro<\/h3>\n<p>Illinois tiene un l\u00edmite de tiempo para traer <a href=\"https:\/\/www.briskmanandbriskman.com\/es\/\">demandas por lesiones personales<\/a>conocida como prescripci\u00f3n. El plazo de prescripci\u00f3n para la mayor\u00eda de las demandas por mordedura de perro es de dos a\u00f1os a partir del momento en que se produjo el incidente.<\/p>\n<p>Esperar demasiado para actuar podr\u00eda suponer la p\u00e9rdida de su derecho a obtener una indemnizaci\u00f3n. P\u00f3ngase en contacto con un <a href=\"https:\/\/www.briskmanandbriskman.com\/es\/areas-de-practica\/abogado-de-mordedura-de-perro-chicago\/como-encontrar-el-mejor-abogado-especializado-en-mordeduras-de-perro\/\">abogado experto en mordeduras de perro Chicago Uber Eats<\/a> lo antes posible para garantizar la protecci\u00f3n de sus derechos.<\/p>\n<h2>\u00bfEs usted un conductor de Uber Eats atacado por un perro?<\/h2>\n<p>Si eres un conductor de Uber Eats que ha resultado herido por el ataque de un perro mientras repart\u00eda comida, <a href=\"https:\/\/www.briskmanandbriskman.com\/es\/abogados-de-accidentes-de-camiones-en-chicago-2\/\">contact Briskman Briskman &#038; Greenberg Personal Injury &#038; Car Accident Lawyers<\/a> inmediatamente para una consulta gratuita. Nuestros abogados de mordeduras de perro Chicago le ayudar\u00e1n a entender sus opciones legales para recuperar la compensaci\u00f3n que se merece.<\/p>","protected":false},"excerpt":{"rendered":"<p>Uber Eats y otras aplicaciones de reparto de comida han ganado popularidad en los \u00faltimos a\u00f1os. Uber Eats opera en las principales ciudades de Estados Unidos, incluida Chicago. La empresa ten\u00eda una cuota del 29% del mercado de reparto de comida a domicilio de Chicago en 2021. Con cada vez m\u00e1s conductores de reparto de comida en la carretera para satisfacer la demanda de los clientes, tambi\u00e9n hay mayores...<\/p>","protected":false},"author":1,"featured_media":0,"parent":0,"menu_order":0,"comment_status":"closed","ping_status":"closed","template":"","meta":{"_acf_changed":false,"footnotes":""},"class_list":["post-8964","page","type-page","status-publish","hentry"],"acf":[],"_links":{"self":[{"href":"https:\/\/www.briskmanandbriskman.com\/es\/wp-json\/wp\/v2\/pages\/8964","targetHints":{"allow":["GET"]}}],"collection":[{"href":"https:\/\/www.briskmanandbriskman.com\/es\/wp-json\/wp\/v2\/pages"}],"about":[{"href":"https:\/\/www.briskmanandbriskman.com\/es\/wp-json\/wp\/v2\/types\/page"}],"author":[{"embeddable":true,"href":"https:\/\/www.briskmanandbriskman.com\/es\/wp-json\/wp\/v2\/users\/1"}],"replies":[{"embeddable":true,"href":"https:\/\/www.briskmanandbriskman.com\/es\/wp-json\/wp\/v2\/comments?post=8964"}],"version-history":[{"count":1,"href":"https:\/\/www.briskmanandbriskman.com\/es\/wp-json\/wp\/v2\/pages\/8964\/revisions"}],"predecessor-version":[{"id":14766,"href":"https:\/\/www.briskmanandbriskman.com\/es\/wp-json\/wp\/v2\/pages\/8964\/revisions\/14766"}],"wp:attachment":[{"href":"https:\/\/www.briskmanandbriskman.com\/es\/wp-json\/wp\/v2\/media?parent=8964"}],"curies":[{"name":"wp","href":"https:\/\/api.w.org\/{rel}","templated":true}]}}