{"id":8854,"date":"2022-11-29T20:02:36","date_gmt":"2022-11-29T20:02:36","guid":{"rendered":"https:\/\/www.briskmanandbriskman.com\/?page_id=8854"},"modified":"2024-04-15T17:17:45","modified_gmt":"2024-04-15T17:17:45","slug":"abogados-de-resbalones-y-caidas","status":"publish","type":"page","link":"https:\/\/www.briskmanandbriskman.com\/es\/locations\/waukegan\/slip-and-fall-attorneys\/","title":{"rendered":"Waukegan Abogados de resbalones y ca\u00eddas"},"content":{"rendered":"<h3 class=\"wp-block-heading\">Waukegan V\u00edctimas de accidentes por resbalones y ca\u00eddas: Estamos de su lado<\/h3>\n\n\n\n<p>Las ca\u00eddas pueden ocurrir en cualquier momento de la vida cotidiana. Sin embargo, \u00bfqu\u00e9 ocurre cuando <a href=\"https:\/\/www.briskmanandbriskman.com\/es\/areas-de-practica\/chicago-resbalon-y-caida-abogados\/\">herido en un accidente por resbal\u00f3n y ca\u00edda<\/a> por la imprudencia de otra persona? La ley Illinois le permite obtener una indemnizaci\u00f3n justa por sus gastos m\u00e9dicos, p\u00e9rdida de ingresos, dolor y sufrimiento y otros costes relacionados con su ca\u00edda. Si usted o un ser querido ha sufrido lesiones en un accidente de resbal\u00f3n y ca\u00edda Waukegan, <a href=\"https:\/\/www.briskmanandbriskman.com\/es\/\">Briskman Briskman &amp; Greenberg<\/a> est\u00e1 aqu\u00ed para ayudar.<\/p>\n\n\n\n<h3 class=\"wp-block-heading\">Accidentes por resbalones y ca\u00eddas en Waukegan<\/h3>\n\n\n\n<p>Seg\u00fan los Centros para el Control y la Prevenci\u00f3n de Enfermedades (CDC), alrededor del 24,4% de los adultos mayores de 65 a\u00f1os declaran ca\u00eddas cada a\u00f1o en Illinois. Los accidentes por resbalones y ca\u00eddas pueden ocurrir en cualquier local en Waukegan. Pueden tener lugar en restaurantes, tiendas de comestibles, gasolineras, aparcamientos, edificios de oficinas e incluso domicilios particulares.<\/p>\n\n\n\n<p>Hacer un simple recado o salir a comer puede convertirse en un asunto doloroso y costoso en un abrir y cerrar de ojos. Aunque no hay forma de deshacer un accidente por resbal\u00f3n y ca\u00edda, <a href=\"https:\/\/www.briskmanandbriskman.com\/es\/\">interponer una demanda por da\u00f1os personales<\/a> le permite obtener una indemnizaci\u00f3n significativa por sus lesiones.<\/p>\n\n\n\n<h3 class=\"wp-block-heading\">\u00bfCu\u00e1les son las causas de los accidentes por resbalones y ca\u00eddas?<\/h3>\n\n\n\n<p>Las ca\u00eddas son la principal causa de lesiones y muerte accidental en los adultos mayores. El Departamento de Salud P\u00fablica Illinois y los CDC han identificado varios factores ambientales que pueden aumentar el riesgo de accidentes por resbalones y ca\u00eddas. Entre ellos se incluyen:<\/p>\n\n\n\n<ul class=\"wp-block-list\">\n<li>Suelos mojados o resbaladizos<\/li>\n\n\n\n<li>Escaleras rotas o desiguales<\/li>\n\n\n\n<li>Desorden en el suelo<\/li>\n\n\n\n<li>Moquetas sueltas o alfombras sin asegurar<\/li>\n\n\n\n<li>Mala iluminaci\u00f3n<\/li>\n\n\n\n<li>Falta de superficies a las que agarrarse, como barandillas<\/li>\n<\/ul>\n\n\n\n<h3 class=\"wp-block-heading\">Lesiones por resbalones y ca\u00eddas<\/h3>\n\n\n\n<p>Las lesiones relacionadas con ca\u00eddas suponen m\u00e1s de 8 millones de visitas a urgencias hospitalarias cada a\u00f1o. Aunque no todas las ca\u00eddas provocan lesiones, muchas s\u00ed lo hacen.<\/p>\n\n\n\n<p>En 2018, alrededor del 37% de las v\u00edctimas de ca\u00eddas declararon sufrir una lesi\u00f3n que requiri\u00f3 atenci\u00f3n m\u00e9dica o las limit\u00f3 de alguna manera durante al menos un d\u00eda. Dependiendo del tipo de lesi\u00f3n, la v\u00edctima puede tener dificultades para realizar sus actividades diarias o para desplazarse.<\/p>\n\n\n\n<p>Las lesiones por ca\u00eddas pueden ir de leves a graves. Alrededor del 20% de las ca\u00eddas provocan lesiones graves, como traumatismos craneoencef\u00e1licos o fracturas \u00f3seas. Por ejemplo, caerse y golpearse la cabeza contra una superficie dura puede provocar conmociones cerebrales o <a href=\"https:\/\/www.briskmanandbriskman.com\/es\/areas-de-practica\/chicago-brain-injury-lawyer\/\">lesiones cerebrales traum\u00e1ticas<\/a>. Las fracturas son una de las consecuencias m\u00e1s graves de las ca\u00eddas y se registran en el 5% de las v\u00edctimas.<\/p>\n\n\n\n<p>He aqu\u00ed algunos tipos comunes de lesiones que pueden producirse en un accidente de resbal\u00f3n y ca\u00edda Waukegan:<\/p>\n\n\n\n<ul class=\"wp-block-list\">\n<li>Huesos rotos<\/li>\n\n\n\n<li>Fracturas de cadera<\/li>\n\n\n\n<li>Lesiones en la cabeza<\/li>\n\n\n\n<li>Lesiones medulares<\/li>\n\n\n\n<li>Esguinces y distensiones<\/li>\n\n\n\n<li>Articulaciones dislocadas<\/li>\n<\/ul>\n\n\n\n<h3 class=\"wp-block-heading\">Accidentes laborales por resbalones y ca\u00eddas<\/h3>\n\n\n\n<p><a href=\"https:\/\/www.briskmanandbriskman.com\/es\/areas-de-practica\/indemnizacion-por-accidente-laboral\/resbalon-y-caida-en-el-trabajo\/\">Waukegan los accidentes por resbalones y ca\u00eddas tambi\u00e9n pueden producirse en el trabajo<\/a>. Alrededor de 244.000 trabajadores sufrieron lesiones lo suficientemente graves como para requerir baja laboral en 2019. Los trabajadores de la construcci\u00f3n eran los que corr\u00edan mayor riesgo de sufrir ca\u00eddas mortales desde una altura.<\/p>\n\n\n\n<p>Algunos trabajos implican ir a otras propiedades que no pertenecen al empleador. Por ejemplo, los electricistas suelen trabajar en propiedades que no son propiedad de sus empresas, o un limpiador contratado puede lesionarse debido a una escalera da\u00f1ada en el edificio de oficinas en el que trabaja.<\/p>\n\n\n\n<p>Cuando se lesiona en un accidente de resbal\u00f3n y ca\u00edda mientras visita otra propiedad por trabajo, puede tener dos v\u00edas para reclamar una indemnizaci\u00f3n. Es posible que pueda <a href=\"https:\/\/www.briskmanandbriskman.com\/es\/areas-de-practica\/abogados-de-responsabilidad-civil-de-locales-de-chicago\/\">presentar una reclamaci\u00f3n por responsabilidad de los locales<\/a> contra el propietario negligente y, al mismo tiempo, obtener prestaciones de compensaci\u00f3n laboral de su empleador.<\/p>\n\n\n\n<p>Cuando contrate a Briskman Briskman &amp; Greenberg para que se encargue de su caso de resbal\u00f3n y ca\u00edda, nos aseguraremos de que se exploren todas las posibilidades de indemnizaci\u00f3n para maximizar su acuerdo. Nuestro <a href=\"https:\/\/www.briskmanandbriskman.com\/es\/lugares\/waukegan\/abogados-de-lesiones-personales\/\">Waukegan abogados de da\u00f1os personales<\/a> actuar\u00e1 siempre en su mejor inter\u00e9s.<\/p>\n\n\n\n<h3 class=\"wp-block-heading\">C\u00f3mo probar la negligencia en un caso de resbal\u00f3n y ca\u00edda<\/h3>\n\n\n\n<p>Los accidentes por resbalones y ca\u00eddas requieren una investigaci\u00f3n exhaustiva de lo sucedido. Detalles aparentemente insignificantes, como cu\u00e1nto tiempo permaneci\u00f3 un charco en el suelo de un supermercado antes de que se produjera la ca\u00edda, pueden marcar la diferencia en su caso.<\/p>\n\n\n\n<p>Debido a que probar la negligencia en un accidente de resbal\u00f3n y ca\u00edda puede ser complicado, la contrataci\u00f3n de representaci\u00f3n legal con experiencia es vital para obtener un resultado exitoso en su caso. La parte culpable puede intentar culparle a usted de la ca\u00edda. Por ejemplo, puede alegar que el accidente se produjo porque usted llevaba zapatos resbaladizos o que no se dio cuenta de que el suelo estaba mojado.<\/p>\n\n\n\n<p>Los casos de resbalones y ca\u00eddas suelen implicar a grandes empresas y a sus compa\u00f1\u00edas de seguros. Suelen contar con amplios recursos, incluidos equipos jur\u00eddicos agresivos dispuestos a luchar contra cualquier acci\u00f3n legal emprendida contra ellos.<\/p>\n\n\n\n<p>Aunque tratar con cadenas de tiendas nacionales y otras grandes entidades es un reto, Briskman Briskman &amp; Greenberg tiene la experiencia necesaria para superarlo. Nuestra <a href=\"https:\/\/www.briskmanandbriskman.com\/es\/lugares\/waukegan\/abogados-de-lesiones-personales\/\">Waukegan abogados de da\u00f1os personales<\/a> saben c\u00f3mo utilizar los hechos de un accidente para construir un caso s\u00f3lido incluso contra los oponentes m\u00e1s formidables.<\/p>\n\n\n\n<h3 class=\"wp-block-heading\">Da\u00f1os y perjuicios en un accidente por resbal\u00f3n y ca\u00edda<\/h3>\n\n\n\n<p>Las v\u00edctimas de accidentes por resbalones y ca\u00eddas pueden optar a dos tipos de indemnizaciones. Los da\u00f1os econ\u00f3micos cubren los gastos de bolsillo, mientras que los da\u00f1os no econ\u00f3micos consisten en los efectos intangibles y psicol\u00f3gicos del accidente. Estos son algunos de los da\u00f1os que Briskman Briskman &amp; Greenberg ayuda a sus clientes a reclamar en casos de accidentes por resbalones y ca\u00eddas:<\/p>\n\n\n\n<ul class=\"wp-block-list\">\n<li>Gastos m\u00e9dicos pasados y futuros<\/li>\n\n\n\n<li>P\u00e9rdida de ingresos<\/li>\n\n\n\n<li>Disminuci\u00f3n de la capacidad de ganancia<\/li>\n\n\n\n<li>Dolor y sufrimiento<\/li>\n\n\n\n<li>Discapacidad<\/li>\n\n\n\n<li>P\u00e9rdida de consorcio<\/li>\n<\/ul>\n\n\n\n<p>Prever el importe exacto de los da\u00f1os econ\u00f3micos y no econ\u00f3micos que se le conceder\u00e1n no es posible dado que cada caso es \u00fanico. No obstante <a href=\"https:\/\/www.briskmanandbriskman.com\/es\/\">abogado experto en lesiones personales<\/a> puede ayudarle a determinar una cifra aproximada de lo que puede esperar.<\/p>\n\n\n\n<p>Aseg\u00farese de conservar todos los documentos relacionados con el accidente. Documentos como historiales m\u00e9dicos, facturas y recibos de sueldo son importantes para determinar las p\u00e9rdidas sufridas a causa de las lesiones. Demuestran el alcance de sus lesiones y el coste de su tratamiento m\u00e9dico. Con Briskman Briskman &amp; Greenberg manejando su caso de resbal\u00f3n y ca\u00edda, usted puede estar seguro de que vamos a buscar la m\u00e1xima compensaci\u00f3n para ayudarle a seguir adelante con su vida.<\/p>\n\n\n\n<h3 class=\"wp-block-heading\">Qu\u00e9 hacer tras un accidente por resbal\u00f3n y ca\u00edda<\/h3>\n\n\n\n<p>Los momentos posteriores a un accidente por resbal\u00f3n y ca\u00edda pueden ser desorientadores, sobre todo cuando se ha sufrido una mala ca\u00edda que provoca lesiones graves. Los pasos que d\u00e9 despu\u00e9s de un accidente por resbal\u00f3n y ca\u00edda son cruciales para garantizar su seguridad y bienestar, al tiempo que salvaguardan su derecho a reclamar una indemnizaci\u00f3n por sus lesiones. A continuaci\u00f3n le ofrecemos algunas orientaciones sobre lo que debe hacer tras una ca\u00edda:<\/p>\n\n\n\n<ul class=\"wp-block-list\">\n<li><strong>Re\u00fane pruebas:<\/strong> Haz fotos del lugar del accidente lo antes posible. En algunos casos, los propietarios negligentes pueden apresurarse a arreglar un problema, como unas escaleras defectuosas, despu\u00e9s de un accidente. Las fotos pueden ser una prueba fundamental para demostrar la causa de la ca\u00edda.<\/li>\n\n\n\n<li><strong>Habla con los testigos:<\/strong> Recoge los nombres y datos de contacto de cualquier persona que haya visto el accidente. Esas personas pueden aportar m\u00e1s adelante un relato de los hechos que le ayude a defender su caso.<\/li>\n\n\n\n<li><strong>Toma nota:<\/strong> Documente los detalles sobre el entorno, las condiciones meteorol\u00f3gicas, la hora exacta y otros hechos sobre el accidente. Aseg\u00farate de tomar nota de los factores ambientales, como si el suelo estaba mojado o la moqueta estaba suelta.<\/li>\n\n\n\n<li><strong>Informe del accidente:<\/strong> Notifique el accidente de resbal\u00f3n y ca\u00edda al propietario de la tienda o al administrador de la propiedad. Solicite una copia de cualquier informe de incidente que se cree.<\/li>\n\n\n\n<li><strong>Ve al m\u00e9dico:<\/strong> Obtenga tratamiento m\u00e9dico inmediato para sus lesiones. Si est\u00e1s gravemente herido, pide a un familiar, amigo o transe\u00fante que te ayude a completar los pasos anteriores.<\/li>\n\n\n\n<li><strong>Qu\u00e9date con lo que llevabas:<\/strong> Conserva los zapatos y la ropa que llevabas cuando ocurri\u00f3 el accidente. Si la parte culpable alega que tu ropa caus\u00f3 la ca\u00edda, estos objetos pueden ayudar a demostrar que no fue as\u00ed.<\/li>\n<\/ul>\n\n\n\n<p>Su abogado de accidentes de resbal\u00f3n y ca\u00edda Waukegan utilizar\u00e1 estos materiales para construir su caso. Con la documentaci\u00f3n cuidadosa de su accidente, usted tiene una mejor oportunidad de obtener un resultado exitoso en su demanda por lesiones personales.<\/p>\n\n\n\n<h3 class=\"wp-block-heading\">P\u00f3ngase en contacto con un abogado de resbalones y ca\u00eddas Waukegan<\/h3>\n\n\n\n<p>En Briskman Briskman &amp; Greenberg, nuestro <a href=\"https:\/\/www.briskmanandbriskman.com\/es\/lugares\/waukegan\/abogados-de-lesiones-personales\/\">Waukegan abogados de lesiones personales<\/a> se dedican a ayudar a los clientes a obtener una indemnizaci\u00f3n en casos de accidentes por resbalones y ca\u00eddas. Tenemos d\u00e9cadas de experiencia en la obtenci\u00f3n de acuerdos exitosos para las v\u00edctimas de ca\u00eddas, lo que les permite volver a sus pies.<\/p>\n\n\n\n<p>Si ha sufrido lesiones en un accidente por resbal\u00f3n y ca\u00edda en el Waukegan, tiene derecho a una indemnizaci\u00f3n por los gastos relacionados con sus lesiones. Reconocemos que la idea de emprender acciones legales puede parecer desalentadora al principio. En <a href=\"https:\/\/www.briskmanandbriskman.com\/es\/\">abogados de lesiones personales en Briskman Briskman &amp; Greenberg<\/a> est\u00e1n aqu\u00ed para ayudarle a comprender sus opciones conforme a la ley Illinois.<\/p>\n\n\n\n<p>Debido a que todos los casos de accidentes por resbalones y ca\u00eddas se manejan sobre una base de contingencia, nuestro bufete de abogados s\u00f3lo requiere el pago si obtenemos con \u00e9xito una compensaci\u00f3n para usted. Para programar una consulta gratuita, <a href=\"tel:1-877-595-4878\">ll\u00e1menos gratis al 877-595-HURT (4878)<\/a> o p\u00f3ngase en contacto con nuestros abogados especializados en lesiones personales por correo electr\u00f3nico.<\/p>\n\n\n\n<h2 class=\"wp-block-heading\">Abogados de resbalones y ca\u00eddas disponibles en todo Illinois<\/h2>\n\n\n\n<ul class=\"wp-block-list\">\n<li><a href=\"https:\/\/www.briskmanandbriskman.com\/es\/areas-de-practica\/chicago-resbalon-y-caida-abogados\/\">Chicago Abogados de resbalones y ca\u00eddas<\/a><\/li>\n\n\n\n<li><a href=\"https:\/\/www.briskmanandbriskman.com\/es\/lugares\/condado-del-lago\/resbalon-y-caida-abogados-2\/\">Lake County Abogados de resbalones y ca\u00eddas<\/a><\/li>\n\n\n\n<li><a href=\"https:\/\/www.briskmanandbriskman.com\/es\/lugares\/mundelein\/abogados-de-resbalones-y-caidas-2\/\">Mundelein Abogados de resbalones y ca\u00eddas<\/a><\/li>\n\n\n\n<li><a href=\"https:\/\/www.briskmanandbriskman.com\/es\/lugares\/norte-de-chicago\/abogados-de-resbalones-y-caidas\/\">North Chicago Abogados de resbalones y ca\u00eddas<\/a><\/li>\n\n\n\n<li><a href=\"https:\/\/www.briskmanandbriskman.com\/es\/lugares\/oaklawn\/resbalon-y-caida-abogado\/\">Oak Lawn Abogados de resbalones y ca\u00eddas<\/a><\/li>\n\n\n\n<li><a href=\"https:\/\/www.briskmanandbriskman.com\/es\/lugares\/orlandpark\/resbalon-y-caida-abogado\/\">Orland Park Abogados de resbalones y ca\u00eddas<\/a><\/li>\n\n\n\n<li><a href=\"https:\/\/www.briskmanandbriskman.com\/es\/lugares\/waukegan\/abogados-de-resbalones-y-caidas\/\">Waukegan Abogados de resbalones y ca\u00eddas<\/a><\/li>\n\n\n\n<li><a href=\"https:\/\/www.briskmanandbriskman.com\/es\/lugares\/ruedas\/resbalon-y-caida-accidente-abogado\/\">Wheeling Abogado de accidentes por resbalones y ca\u00eddas<\/a><\/li>\n<\/ul>\n\n\n\n<h2 class=\"wp-block-heading\">Recursos sobre resbalones y ca\u00eddas<\/h2>\n\n\n\n<ul class=\"wp-block-list\">\n<li><a href=\"https:\/\/www.briskmanandbriskman.com\/es\/areas-de-practica\/chicago-resbalon-y-caida-abogados\/que-ocurre-en-una-demanda-por-resbalon-y-caida\/\">\u00bfQu\u00e9 sucede en una demanda por resbal\u00f3n y ca\u00edda en Illinois?<\/a><\/li>\n\n\n\n<li><a href=\"https:\/\/www.briskmanandbriskman.com\/es\/areas-de-practica\/chicago-resbalon-y-caida-abogados\/resbalon-y-caida-en-el-metro-nuestros-abogados-pueden-ayudar\/\">\u00bfResbal\u00f3n y ca\u00edda en el metro en Chicago? Nuestros abogados pueden ayudarle<\/a><\/li>\n\n\n\n<li><a href=\"https:\/\/www.briskmanandbriskman.com\/es\/areas-de-practica\/chicago-resbalon-y-caida-abogados\/resbalon-y-caida-en-target-nuestros-abogados-pueden-ayudar\/\">\u00bfResbal\u00f3n y ca\u00edda en un objetivo en Chicago? Nuestros abogados pueden ayudarle<\/a><\/li>\n\n\n\n<li><a href=\"https:\/\/www.briskmanandbriskman.com\/es\/areas-de-practica\/chicago-resbalon-y-caida-abogados\/resbalones-y-caidas-en-supermercados-aldi-nuestros-abogados-pueden-ayudarle\/\">\u00bfResbal\u00f3n y ca\u00edda en los supermercados Aldi en Chicago? Nuestros abogados pueden ayudarle<\/a><\/li>\n\n\n\n<li><a href=\"https:\/\/www.briskmanandbriskman.com\/es\/areas-de-practica\/chicago-resbalon-y-caida-abogados\/resbalon-y-caida-en-costco-nuestros-abogados-pueden-ayudar\/\">\u00bfResbal\u00f3n y ca\u00edda en Costco en Chicago? Nuestros abogados pueden ayudarle<\/a><\/li>\n\n\n\n<li><a href=\"https:\/\/www.briskmanandbriskman.com\/es\/areas-de-practica\/chicago-resbalon-y-caida-abogados\/resbalon-y-caida-en-jewel-osco-nuestros-abogados-pueden-ayudar\/\">\u00bfResbal\u00f3n y ca\u00edda en Jewel-Osco en Chicago? Nuestros abogados pueden ayudarle<\/a><\/li>\n\n\n\n<li><a href=\"https:\/\/www.briskmanandbriskman.com\/es\/areas-de-practica\/chicago-resbalon-y-caida-abogados\/resbalon-y-caida-en-jimmy-johns-nuestros-abogados-pueden-ayudar\/\">\u00bfResbal\u00f3n y ca\u00edda en Jimmy John's en Chicago? Nuestros abogados pueden ayudar<\/a><\/li>\n\n\n\n<li><a href=\"https:\/\/www.briskmanandbriskman.com\/es\/areas-de-practica\/chicago-resbalon-y-caida-abogados\/resbalon-y-caida-en-marianos-fresh-market-nuestros-abogados-pueden-ayudar\/\">\u00bfResbal\u00f3n y ca\u00edda en Mariano's Fresh Market en Chicago? Nuestros abogados pueden ayudarle<\/a><\/li>\n\n\n\n<li><a href=\"https:\/\/www.briskmanandbriskman.com\/es\/areas-de-practica\/chicago-resbalon-y-caida-abogados\/resbalon-y-caida-en-mcdonalds-nuestros-abogados-pueden-ayudar\/\">\u00bfResbal\u00f3n y ca\u00edda en McDonald's en Chicago? Nuestros abogados pueden ayudarle<\/a><\/li>\n\n\n\n<li><a href=\"https:\/\/www.briskmanandbriskman.com\/es\/areas-de-practica\/chicago-resbalon-y-caida-abogados\/resbalon-y-caida-en-steak-n-shake-nuestros-abogados-pueden-ayudar\/\">\u00bfResbal\u00f3n y ca\u00edda en Steak 'n Shake en Chicago? Nuestros abogados pueden ayudarle<\/a><\/li>\n\n\n\n<li><a href=\"https:\/\/www.briskmanandbriskman.com\/es\/areas-de-practica\/chicago-resbalon-y-caida-abogados\/resbalon-y-caida-en-tonys-finer-foods-nuestros-abogados-pueden-ayudar\/\">\u00bfResbal\u00f3n y ca\u00edda en Tony's Finer Foods en Chicago? Nuestros abogados pueden ayudarle<\/a><\/li>\n\n\n\n<li><a href=\"https:\/\/www.briskmanandbriskman.com\/es\/areas-de-practica\/chicago-resbalon-y-caida-abogados\/resbalon-y-caida-en-trader-joes-nuestros-abogados-pueden-ayudar\/\">\u00bfResbal\u00f3n y ca\u00edda en Trader Joe's en Chicago? Nuestros abogados pueden ayudarle<\/a><\/li>\n\n\n\n<li><a href=\"https:\/\/www.briskmanandbriskman.com\/es\/areas-de-practica\/chicago-resbalon-y-caida-abogados\/resbalon-y-caida-en-wal-mart-nuestros-abogados-pueden-ayudar\/\">\u00bfResbal\u00f3n y ca\u00edda en Wal-Mart en Chicago? Nuestros abogados pueden ayudarle<\/a><\/li>\n\n\n\n<li><a href=\"https:\/\/www.briskmanandbriskman.com\/es\/areas-de-practica\/chicago-resbalon-y-caida-abogados\/resbalon-y-caida-en-whole-foods-nuestros-abogados-pueden-ayudar\/\">\u00bfResbal\u00f3n y ca\u00edda en Whole Foods en Chicago? Nuestros abogados pueden ayudarle<\/a><\/li>\n<\/ul>","protected":false},"excerpt":{"rendered":"<p>Waukegan V\u00edctimas de accidentes por resbalones y ca\u00eddas: Estamos de su lado Las ca\u00eddas pueden ocurrir en cualquier momento a medida que avanza en su vida diaria. \u00bfQu\u00e9 sucede, sin embargo, cuando usted se lesiona en un accidente de resbal\u00f3n y ca\u00edda debido a la negligencia de otra persona? Illinois ley le permite recuperar una compensaci\u00f3n justa por sus gastos m\u00e9dicos, p\u00e9rdida de ingresos,...<\/p>","protected":false},"author":1,"featured_media":11101,"parent":7298,"menu_order":0,"comment_status":"closed","ping_status":"closed","template":"","meta":{"_acf_changed":false,"footnotes":""},"class_list":["post-8854","page","type-page","status-publish","has-post-thumbnail","hentry"],"acf":[],"_links":{"self":[{"href":"https:\/\/www.briskmanandbriskman.com\/es\/wp-json\/wp\/v2\/pages\/8854","targetHints":{"allow":["GET"]}}],"collection":[{"href":"https:\/\/www.briskmanandbriskman.com\/es\/wp-json\/wp\/v2\/pages"}],"about":[{"href":"https:\/\/www.briskmanandbriskman.com\/es\/wp-json\/wp\/v2\/types\/page"}],"author":[{"embeddable":true,"href":"https:\/\/www.briskmanandbriskman.com\/es\/wp-json\/wp\/v2\/users\/1"}],"replies":[{"embeddable":true,"href":"https:\/\/www.briskmanandbriskman.com\/es\/wp-json\/wp\/v2\/comments?post=8854"}],"version-history":[{"count":4,"href":"https:\/\/www.briskmanandbriskman.com\/es\/wp-json\/wp\/v2\/pages\/8854\/revisions"}],"predecessor-version":[{"id":12898,"href":"https:\/\/www.briskmanandbriskman.com\/es\/wp-json\/wp\/v2\/pages\/8854\/revisions\/12898"}],"up":[{"embeddable":true,"href":"https:\/\/www.briskmanandbriskman.com\/es\/wp-json\/wp\/v2\/pages\/7298"}],"wp:featuredmedia":[{"embeddable":true,"href":"https:\/\/www.briskmanandbriskman.com\/es\/wp-json\/wp\/v2\/media\/11101"}],"wp:attachment":[{"href":"https:\/\/www.briskmanandbriskman.com\/es\/wp-json\/wp\/v2\/media?parent=8854"}],"curies":[{"name":"wp","href":"https:\/\/api.w.org\/{rel}","templated":true}]}}