{"id":8847,"date":"2022-11-17T21:46:16","date_gmt":"2022-11-17T21:46:16","guid":{"rendered":"https:\/\/www.briskmanandbriskman.com\/?page_id=8847"},"modified":"2022-11-17T21:46:16","modified_gmt":"2022-11-17T21:46:16","slug":"solicitudes-de-servicio-relacionadas-con-animales-peligrosos","status":"publish","type":"page","link":"https:\/\/www.briskmanandbriskman.com\/es\/service-requests-related-to-dangerous-animals\/","title":{"rendered":"Solicitudes de servicio relacionadas con animales peligrosos"},"content":{"rendered":"<p>Seg\u00fan la Asociaci\u00f3n Americana de Medicina Veterinaria (AVMA), m\u00e1s de 2.000 personas al d\u00eda reciben atenci\u00f3n m\u00e9dica por <a href=\"https:\/\/www.briskmanandbriskman.com\/es\/areas-de-practica\/abogado-de-mordedura-de-perro-chicago\/\">lesiones por mordedura de perro<\/a>. Muchas de estas mordeduras de perro se producen en entornos urbanos. Por lo tanto, como residente de Chicago, lo m\u00e1s probable es que se haya encontrado con un perro peligroso mientras paseaba por la ciudad. Lo que quiz\u00e1 no sepa es que el Ayuntamiento de Chicago dispone de procedimientos espec\u00edficos a trav\u00e9s de los cuales puede presentar una \"solicitud de servicio\" relacionada con un perro vicioso. <\/p>\n<h3>\u00bfQu\u00e9 es una solicitud de servicio?<\/h3>\n<p>Una solicitud de servicio sirve para notificar ciertos problemas relacionados con animales dom\u00e9sticos, no dom\u00e9sticos y roedores. Puede presentar una solicitud de servicio en l\u00ednea, que enviar\u00e1 una notificaci\u00f3n a la divisi\u00f3n correspondiente del gobierno de la ciudad. Tenga en cuenta que una solicitud de servicio no sustituye a una llamada al 911, y cualquier persona que haya resultado herida o se sienta amenazada de forma inmediata por un animal peligroso debe llamar al 911 en lugar de enviar una solicitud de servicio. <\/p>\n<h3>\u00bfQu\u00e9 tipos de solicitudes de servicio pueden presentar los residentes en Chicago?<\/h3>\n<p>La ciudad de Chicago permite a los residentes presentar todo tipo de solicitudes de servicio, desde infracciones del c\u00f3digo de edificaci\u00f3n hasta protecci\u00f3n del consumidor, pasando por basura y reciclaje. Sin embargo, en lo que respecta a los animales dom\u00e9sticos, los residentes tienen cinco opciones:<\/p>\n<h4>Queja por animales molestos<\/h4>\n<p>La queja sobre animales molestos se utiliza para informar de quejas sobre perros sin licencia o no vacunados, as\u00ed como de problemas relacionados con propietarios que no limpian los excrementos de sus mascotas. Una solicitud de servicio de molestias est\u00e1 generalmente destinada a abordar las preocupaciones relacionadas con los animales dom\u00e9sticos como perros y gatos. No obstante, el Ayuntamiento de Chicago retirar\u00e1 o reubicar\u00e1 a los animales salvajes si est\u00e1n heridos o suponen una amenaza para los residentes. <\/p>\n<h4>Notificaci\u00f3n de un animal herido<\/h4>\n<p>Se puede presentar una solicitud de servicio para animales heridos siempre que alguien se encuentre con un animal herido que a\u00fan est\u00e9 vivo. Por ejemplo, puede presentar una solicitud de servicio si encuentra un perro que parece haber sido atropellado por un coche. La ciudad s\u00f3lo responder\u00e1 si el animal herido se encuentra en propiedad p\u00fablica. <\/p>\n<h4>Control de bienestar de las mascotas<\/h4>\n<p>Los controles de bienestar de los animales de compa\u00f1\u00eda los utilizan quienes est\u00e1n preocupados por su bienestar. Por ejemplo, si alguien sospecha que un vecino est\u00e1 maltratando a su perro, puede presentar un chequeo de bienestar de mascotas y la ciudad enviar\u00e1 a alguien a inspeccionar las instalaciones. Sin embargo, la ciudad puede exigir a la persona que realiza una comprobaci\u00f3n del servicio de bienestar de mascotas que aporte alguna prueba que documente sus preocupaciones. <\/p>\n<h4>Denuncia por maltrato animal<\/h4>\n<p>La solicitud de servicio de animales viciosos se utiliza para informar de cualquier animal que parezca peligroso. Esto incluye a un perro que ataque a otra persona o mascota o que intente atacar. Sin embargo, en el caso de una mordedura de perro real, es importante que tambi\u00e9n informe del ataque al 911, incluso si sus lesiones no parecen graves. Esto se debe a que cuando llame al 911, el operador generar\u00e1 un Informe de Mordedura. <\/p>\n<h3>\u00bfQu\u00e9 se considera un perro vicioso?<\/h3>\n<p>En realidad, la mayor\u00eda de la gente reconoce a un perro vicioso cuando lo ve. Sin embargo, la ciudad de Chicago tiene una ordenanza espec\u00edfica que define a un \"perro vicioso\". En <a href=\"https:\/\/library.municode.com\/il\/cook_county\/codes\/code_of_ordinances?nodeId=PTIGEOR_CH10AN_ARTIIIVIDADO\" rel=\"noopener\" target=\"_blank\">C\u00f3digo de Ordenanzas del Condado de Cook \u00a7 10-77<\/a>un perro vicioso es aquel que \"sin justificaci\u00f3n, ataca a una persona y le causa lesiones f\u00edsicas graves o la muerte o cualquier perro individual que haya sido declarado \"perro peligroso\" en tres ocasiones distintas\". La ciudad de Chicago considera que un perro es \"peligroso\" si \"se comporta de un modo que una persona razonable creer\u00eda que supone una amenaza grave e injustificada e inminente de lesiones f\u00edsicas graves o muerte para una persona o un animal de compa\u00f1\u00eda en un lugar p\u00fablico.\"<\/p>\n<p>As\u00ed pues, seg\u00fan estas definiciones, un perro es vicioso si causa lesiones corporales graves o la muerte una vez o si se considera que ha supuesto una amenaza para los residentes en tres ocasiones diferentes. <\/p>\n<h3>\u00bfQu\u00e9 deben hacer los propietarios de perros viciosos para proteger a los ciudadanos?<\/h3>\n<p>Una vez que un animal es etiquetado como perro vicioso, debe ser castrado. El propietario tambi\u00e9n debe implantar un microchip bajo la piel del perro, a menos que \u00e9ste permanezca siempre en un recinto. El \u00fanico momento en que un perro vicioso puede salir de su recinto es:<br \/>\n    1.) Obtener atenci\u00f3n veterinaria;<br \/>\n    2.) En caso de cat\u00e1strofe natural; o<br \/>\n    3.) Cumplir una orden judicial.<\/p>\n<p>Incluso en estas circunstancias, un perro vicioso debe ir sujeto con una correa que no supere los dos metros de longitud. Todo perro vicioso que no est\u00e9 encerrado en un recinto ser\u00e1 confiscado. A menos que el propietario del animal recurra esta decisi\u00f3n en un plazo de 15 d\u00edas, el perro puede ser sacrificado.<\/p>\n<h3>\u00bfPor qu\u00e9 es importante denunciar a los perros peligrosos y viciosos?<\/h3>\n<p>Si ve un perro de aspecto peligroso, pero no supone una amenaza para usted, es importante que informe a la ciudad de la existencia del perro. Aunque el perro no le haya puesto en peligro en ese momento, no se sabe qui\u00e9n puede encontrarse con \u00e9l en el futuro. <\/p>\n<p>Al presentar una solicitud de servicio, los residentes pueden ayudar a identificar a los perros peligrosos, lo que puede llevar a que el perro sea clasificado como \"perro vicioso.\" Esto puede ayudar a la ciudad a seguir la pista del animal y, en caso de que alguna vez ataque a alguien, las pruebas de la solicitud de servicio pueden ayudar a apoyar el caso de la v\u00edctima de mordedura de perro contra el propietario. <\/p>\n<h3>Chicago Leyes sobre mordeduras de perro<\/h3>\n<p>En Illinois, no hay ning\u00fan requisito de que una v\u00edctima de mordedura de perro pruebe que un animal fue etiquetado como vicioso para perseguir una demanda por mordedura de perro. Esto se debe a que Illinois es un estado de responsabilidad objetiva cuando se trata de mordeduras de perro. Como resultado, siempre y cuando usted estaba actuando pac\u00edficamente, no provocar al animal, y se encontraban en un lugar donde estaba legalmente permitido estar, no hay necesidad de demostrar que el propietario fue negligente de que su animal hab\u00eda sido clasificado como un perro vicioso. Sin embargo, en determinadas situaciones, tener pruebas de que un perro actu\u00f3 con sa\u00f1a en el pasado puede ayudar a la v\u00edctima en su caso. <\/p>\n<p>Si usted o un miembro de su familia ha sido atacado recientemente por un perro, puede presentar una demanda contra el propietario del animal. Sin embargo, las leyes sobre mordeduras de perro Illinois pueden ser complejas, especialmente cuando se trata de lesiones graves. Por ello, siempre es mejor <a href=\"https:\/\/www.briskmanandbriskman.com\/es\/abogados-de-accidentes-de-camiones-en-chicago-2\/\">consulte con un abogado experto en mordeduras de perro Chicago<\/a> antes de proceder con su caso. <\/p>\n<h2>Schedule a Free Consultation with the Chicago Dog Bite Lawyers at Briskman Briskman &#038; Greenberg Personal Injury &#038; Car Accident Lawyers Today<\/h2>\n<p>Si un perro le ha atacado recientemente a usted, a su hijo o a otro ser querido, p\u00f3ngase en contacto con el <a href=\"https:\/\/www.briskmanandbriskman.com\/es\/\">dedicated Chicago dog bite law firm of Briskman Briskman &#038; Greenberg Personal Injury &#038; Car Accident Lawyers<\/a>. Desde 1987, <a href=\"https:\/\/www.briskmanandbriskman.com\/es\/nuestros-abogados\/\">Briskman Briskman &#038; Greenberg Personal Injury &#038; Car Accident Lawyers attorneys<\/a> han defendido los derechos de las v\u00edctimas de mordeduras de perro, ayud\u00e1ndoles a obtener una compensaci\u00f3n significativa por lo que han sufrido. Tambi\u00e9n hemos facilitado la eliminaci\u00f3n de un sinn\u00famero de perros viciosos en toda la ciudad, ayudando a mantener a los residentes seguros. Para obtener m\u00e1s informaci\u00f3n, y para programar una consulta gratuita con un abogado de mordedura de perro hoy, <a href=\"tel:1-877-595-4878\">llame al 877-595-4878<\/a>. Tambi\u00e9n puede <a href=\"https:\/\/www.briskmanandbriskman.com\/es\/abogados-de-accidentes-de-camiones-en-chicago-2\/\">con\u00e9ctese con nosotros a trav\u00e9s de nuestro formulario de contacto en l\u00ednea<\/a>. <\/p>","protected":false},"excerpt":{"rendered":"<p>Seg\u00fan la Asociaci\u00f3n Americana de Medicina Veterinaria (AVMA), m\u00e1s de 2.000 personas al d\u00eda reciben atenci\u00f3n m\u00e9dica por lesiones relacionadas con mordeduras de perro. Muchas de estas mordeduras de perro se producen en entornos urbanos. As\u00ed pues, como residente de Chicago, es probable que se haya encontrado con un perro peligroso mientras paseaba por la ciudad. Lo que quiz\u00e1 no sepa es que el Ayuntamiento de...<\/p>","protected":false},"author":1,"featured_media":0,"parent":0,"menu_order":0,"comment_status":"closed","ping_status":"closed","template":"","meta":{"_acf_changed":false,"footnotes":""},"class_list":["post-8847","page","type-page","status-publish","hentry"],"acf":[],"_links":{"self":[{"href":"https:\/\/www.briskmanandbriskman.com\/es\/wp-json\/wp\/v2\/pages\/8847","targetHints":{"allow":["GET"]}}],"collection":[{"href":"https:\/\/www.briskmanandbriskman.com\/es\/wp-json\/wp\/v2\/pages"}],"about":[{"href":"https:\/\/www.briskmanandbriskman.com\/es\/wp-json\/wp\/v2\/types\/page"}],"author":[{"embeddable":true,"href":"https:\/\/www.briskmanandbriskman.com\/es\/wp-json\/wp\/v2\/users\/1"}],"replies":[{"embeddable":true,"href":"https:\/\/www.briskmanandbriskman.com\/es\/wp-json\/wp\/v2\/comments?post=8847"}],"version-history":[{"count":1,"href":"https:\/\/www.briskmanandbriskman.com\/es\/wp-json\/wp\/v2\/pages\/8847\/revisions"}],"predecessor-version":[{"id":15280,"href":"https:\/\/www.briskmanandbriskman.com\/es\/wp-json\/wp\/v2\/pages\/8847\/revisions\/15280"}],"wp:attachment":[{"href":"https:\/\/www.briskmanandbriskman.com\/es\/wp-json\/wp\/v2\/media?parent=8847"}],"curies":[{"name":"wp","href":"https:\/\/api.w.org\/{rel}","templated":true}]}}