{"id":8837,"date":"2022-11-15T18:43:33","date_gmt":"2022-11-15T18:43:33","guid":{"rendered":"https:\/\/www.briskmanandbriskman.com\/?page_id=8837"},"modified":"2024-04-09T18:36:28","modified_gmt":"2024-04-09T18:36:28","slug":"abogados-de-muerte-por-negligencia","status":"publish","type":"page","link":"https:\/\/www.briskmanandbriskman.com\/es\/locations\/waukegan\/wrongful-death-attorneys\/","title":{"rendered":"Waukegan Abogados de Homicidio Culposo"},"content":{"rendered":"<p>Perder a un ser querido es desgarrador, y puede ser especialmente tr\u00e1gico cuando la muerte podr\u00eda haberse evitado. Cuando una persona muere a causa de la negligencia de otra, sus familiares supervivientes tienen derecho a reclamar una indemnizaci\u00f3n por el trauma financiero y emocional. Como bufete de abogados familiar, Briskman Briskman &amp; Greenberg aborda <a href=\"https:\/\/www.briskmanandbriskman.com\/es\/areas-de-practica\/muerte-por-negligencia\/\">casos de muerte por negligencia<\/a> con compasi\u00f3n y d\u00e9cadas de experiencia. Estamos aqu\u00ed para ayudar a las familias a seguir adelante tras la dif\u00edcil p\u00e9rdida de un ser querido.<\/p>\n\n\n\n<h3 class=\"wp-block-heading\">Reclamaci\u00f3n por homicidio culposo<\/h3>\n\n\n\n<p>Se produce un homicidio culposo cuando una persona fallece por una lesi\u00f3n mortal que es culpa de otra persona. Seg\u00fan la ley Illinois, la familia de una v\u00edctima de homicidio culposo Waukegan puede tener derecho a recibir una indemnizaci\u00f3n de la persona o entidad responsable de la muerte.<\/p>\n\n\n\n<p>Son muchas las circunstancias que pueden dar lugar a una demanda por homicidio culposo. Una colisi\u00f3n mortal de coche, un accidente de cami\u00f3n, un accidente de resbal\u00f3n y ca\u00edda, un error m\u00e9dico y una lesi\u00f3n laboral son solo algunos ejemplos de negligencias que pueden provocar la muerte de alguien.<\/p>\n\n\n\n<p>Los accidentes de tr\u00e1fico, las ca\u00eddas y las intoxicaciones son las tres principales causas de muerte por lesiones evitables. Representan m\u00e1s del 83% de las muertes evitables, seg\u00fan el Consejo Nacional de Seguridad.<\/p>\n\n\n\n<h3 class=\"wp-block-heading\">\u00bfQui\u00e9n puede presentar una demanda por homicidio por negligencia Waukegan?<\/h3>\n\n\n\n<p>Las demandas por homicidio culposo suelen presentarlas el c\u00f3nyuge o los hijos de la v\u00edctima fallecida. Si la persona no tiene c\u00f3nyuge o hijos supervivientes, la ley Illinois permite a familiares cercanos, como padres, hermanos, sobrinos o sobrinas, presentar una demanda por homicidio culposo. Si no hay parientes cercanos, el representante personal de la sucesi\u00f3n de la v\u00edctima tambi\u00e9n puede presentar una demanda.<\/p>\n\n\n\n<h3 class=\"wp-block-heading\">\u00bfTengo un caso de homicidio culposo?<\/h3>\n\n\n\n<p>Usted puede tener un caso de homicidio culposo si puede demostrar que la conducta negligente de alguien caus\u00f3 la muerte de su ser querido. Seg\u00fan la ley Illinois, el demandante debe establecer cuatro elementos clave para seguir adelante con una demanda por homicidio culposo Waukegan:<\/p>\n\n\n\n<ul class=\"wp-block-list\">\n<li><strong>Deber:<\/strong> Alguien deb\u00eda a tu ser querido un deber espec\u00edfico de diligencia para actuar de forma razonable y segura. Algunos ejemplos son el deber de un conductor de obedecer las normas de circulaci\u00f3n, el deber de un m\u00e9dico de operar a su paciente con seguridad o el deber de un empresario de proporcionar a los trabajadores equipos de protecci\u00f3n.<\/li>\n\n\n\n<li><strong>Incumplimiento del deber:<\/strong> La parte negligente incumpli\u00f3 su deber de diligencia, lo que provoc\u00f3 la muerte de la v\u00edctima. Algunos ejemplos de incumplimiento del deber de diligencia son la decisi\u00f3n de un automovilista de conducir a pesar de estar bajo los efectos del alcohol o el hecho de que un contratista no arregle la maquinaria defectuosa en una obra.<\/li>\n\n\n\n<li><strong>Causalidad:<\/strong> Las acciones de la parte negligente causaron directamente el accidente y las lesiones mortales de su ser querido. La muerte podr\u00eda haberse evitado de no ser por la negligencia del demandado.<\/li>\n\n\n\n<li><strong>Da\u00f1os y perjuicios:<\/strong> La muerte de su familiar le ocasion\u00f3 p\u00e9rdidas econ\u00f3micas y no econ\u00f3micas. La indemnizaci\u00f3n puede incluir los da\u00f1os sufridos por la v\u00edctima despu\u00e9s de la lesi\u00f3n pero antes del fallecimiento.<\/li>\n<\/ul>\n\n\n\n<h3 class=\"wp-block-heading\">Reclamaciones por homicidio culposo<\/h3>\n\n\n\n<p>Nuestras d\u00e9cadas de experiencia significan que <a href=\"https:\/\/www.briskmanandbriskman.com\/es\/\">Briskman Briskman &amp; Greenberg<\/a> est\u00e1 equipado para manejar incluso los casos m\u00e1s complejos de homicidio culposo. Nuestros abogados han representado a clientes en una amplia variedad de casos de homicidio culposo, incluyendo:<\/p>\n\n\n\n<ul class=\"wp-block-list\">\n<li>Negligencia m\u00e9dica<\/li>\n\n\n\n<li><a href=\"https:\/\/www.briskmanandbriskman.com\/es\/areas-de-practica\/abogados-de-accidentes-de-camiones-en-chicago-2\/fatal-car-accidents\/\">Accidentes de tr\u00e1fico<\/a><\/li>\n\n\n\n<li>Accidentes de camiones<\/li>\n\n\n\n<li>Accidentes de moto<\/li>\n\n\n\n<li>Accidentes de peatones<\/li>\n\n\n\n<li>Responsabilidad civil<\/li>\n\n\n\n<li>Abandono y malos tratos en residencias de ancianos<\/li>\n\n\n\n<li>Accidentes laborales<\/li>\n<\/ul>\n\n\n\n<h3 class=\"wp-block-heading\">Responsabilidad en casos de homicidio culposo<\/h3>\n\n\n\n<p>En algunos casos de homicidio culposo puede haber m\u00e1s de una parte responsable. Waukegan las demandas por homicidio culposo deben seguir la ley de negligencia comparativa de Illinois. Seg\u00fan esta ley, varias partes pueden compartir la culpa cuando se produce un accidente mortal.<\/p>\n\n\n\n<p>Por ejemplo, un conductor de reparto negligente puede causar un accidente mortal por exceso de velocidad al estar bajo presi\u00f3n para completar un turno. En tales situaciones, puedes tener motivos para emprender acciones legales tanto contra el conductor como contra su empleador.<\/p>\n\n\n\n<p>La ley tambi\u00e9n tiene en cuenta el grado de culpa de la v\u00edctima. Si su ser querido contribuy\u00f3 de alguna manera a su accidente mortal, es posible que reciba una indemnizaci\u00f3n reducida para reflejar su parte de culpa.<\/p>\n\n\n\n<h3 class=\"wp-block-heading\">Los accidentes de tr\u00e1fico y las negligencias m\u00e9dicas son las principales causas de homicidio culposo<\/h3>\n\n\n\n<p>Decenas de miles de muertes se producen cada a\u00f1o por negligencia de los profesionales de la medicina, as\u00ed como por imprudencia en carreteras y autopistas. <a href=\"https:\/\/www.briskmanandbriskman.com\/es\/areas-de-practica\/negligencia-medica\/\">Negligencia m\u00e9dica<\/a> tiene lugar cuando un profesional m\u00e9dico, como un cirujano o una enfermera, comete un error evitable que causa da\u00f1os. La negligencia m\u00e9dica puede incluir lesiones en el parto, errores quir\u00fargicos, errores de medicaci\u00f3n, errores de diagn\u00f3stico y otros tipos de errores evitables.<\/p>\n\n\n\n<p>Briskman Briskman &amp; Greenberg tambi\u00e9n se ocupa de casos de homicidio culposo en los que un ser querido ha <a href=\"https:\/\/www.briskmanandbriskman.com\/es\/areas-de-practica\/abogados-de-accidentes-de-camiones-en-chicago-2\/fatal-car-accidents\/\">muri\u00f3 por negligencia del conductor de un veh\u00edculo de motor<\/a>. Los accidentes de tr\u00e1fico son una de las principales causas de muerte en Illinois.<\/p>\n\n\n\n<p>En 2020, el estado registr\u00f3 un m\u00e1ximo de cinco a\u00f1os en muertes por accidentes de tr\u00e1fico, con 1.195 fallecidos. Las cifras fueron a\u00fan m\u00e1s altas en 2021. Waukegan se encuentra en Lake County, que tuvo 52 v\u00edctimas mortales de tr\u00e1fico en 2020 y 37 en 2021.<\/p>\n\n\n\n<p>La muerte por negligencia tambi\u00e9n puede ocurrir en el lugar de trabajo. Illinois registr\u00f3 158 lesiones laborales mortales en 2019, seg\u00fan inform\u00f3 la Oficina de Estad\u00edsticas Laborales de Estados Unidos. Las dos principales causas de muerte fueron incidentes de transporte y lesiones por personas o animales. Representaron m\u00e1s de la mitad de las muertes laborales del estado.<\/p>\n\n\n\n<p><a href=\"https:\/\/www.briskmanandbriskman.com\/es\/areas-de-practica\/chicago-resbalon-y-caida-abogados\/\">Ca\u00eddas, resbalones y tropiezos<\/a> fueron el tercer incidente laboral mortal m\u00e1s frecuente en Illinois. Las ca\u00eddas son la principal causa de muerte en el sector de la construcci\u00f3n, y muchas son evitables.<\/p>\n\n\n\n<p>Aunque las anteriores son las m\u00e1s frecuentes, hay muchas otras causas de homicidio culposo. Un producto defectuoso que funciona mal puede ser responsable de lesiones mortales, o una mordedura de perro puede resultar mortal. A <a href=\"https:\/\/www.briskmanandbriskman.com\/es\/areas-de-practica\/muerte-por-negligencia\/\">abogado de muerte por negligencia<\/a> puede evaluar los detalles de un incidente para determinar si puede considerarse una demanda por homicidio culposo.<\/p>\n\n\n\n<h3 class=\"wp-block-heading\">Da\u00f1os y perjuicios en un caso de homicidio culposo Waukegan<\/h3>\n\n\n\n<p>Si presenta una demanda por homicidio culposo tras la muerte de un ser querido, puede obtener varias formas de indemnizaci\u00f3n. Puede obtener una indemnizaci\u00f3n tanto por sus p\u00e9rdidas econ\u00f3micas como por las p\u00e9rdidas intangibles derivadas del fallecimiento del familiar. Los da\u00f1os tambi\u00e9n pueden incluir las p\u00e9rdidas sufridas por la v\u00edctima entre su lesi\u00f3n y su eventual fallecimiento.<\/p>\n\n\n\n<ul class=\"wp-block-list\">\n<li>Gastos m\u00e9dicos anteriores al fallecimiento<\/li>\n\n\n\n<li>P\u00e9rdida de salarios futuros<\/li>\n\n\n\n<li>Gastos de sepelio y entierro<\/li>\n\n\n\n<li>Dolor y sufrimiento<\/li>\n\n\n\n<li>P\u00e9rdida de compa\u00f1\u00eda<\/li>\n\n\n\n<li>P\u00e9rdida de consorcio<\/li>\n<\/ul>\n\n\n\n<p>Un abogado especializado en homicidio culposo Waukegan puede ayudarle a determinar los da\u00f1os y perjuicios a los que puede tener derecho. Calcular el valor exacto de una reclamaci\u00f3n puede ser dif\u00edcil, ya que var\u00eda en funci\u00f3n de los detalles del caso y de factores como la edad y los ingresos de la persona fallecida. Sin embargo, con nuestras d\u00e9cadas de experiencia, Briskman Briskman &amp; Greenberg puede estimar lo que puede esperar en t\u00e9rminos de indemnizaci\u00f3n justa.<\/p>\n\n\n\n<h3 class=\"wp-block-heading\">Prescripci\u00f3n de las acciones por homicidio culposo<\/h3>\n\n\n\n<p>Entendemos que puede ser dif\u00edcil incluso pensar en emprender acciones legales despu\u00e9s de perder a un ser querido. Sin embargo, la ley Illinois restringe la cantidad de tiempo que tiene para presentar una demanda por muerte injusta Waukegan. El plazo de prescripci\u00f3n de una demanda por homicidio culposo suele ser de dos a\u00f1os, con algunas excepciones, dependiendo de la causa subyacente de la muerte.<\/p>\n\n\n\n<p>El estricto l\u00edmite de tiempo significa que debe actuar con rapidez. Un abogado especializado en homicidio culposo Waukegan puede orientarte y asegurarse de que no se te pase ning\u00fan plazo importante para presentar una demanda y obtener una indemnizaci\u00f3n.<\/p>\n\n\n\n<h3 class=\"wp-block-heading\">Representaci\u00f3n legal compasiva y atenta<\/h3>\n\n\n\n<p>En <a href=\"https:\/\/www.briskmanandbriskman.com\/es\/\">Briskman Briskman &amp; Greenberg<\/a>Waukegan, creemos en estar ah\u00ed para usted y su familia durante las dif\u00edciles secuelas de la muerte de un ser querido. Nuestros abogados de homicidio culposo Waukegan se dedican a brindarle atenci\u00f3n personalizada en su momento de necesidad.<\/p>\n\n\n\n<p>Usted no pagar\u00e1 honorarios de abogado a menos que tengamos \u00e9xito en la obtenci\u00f3n de un acuerdo justo en su caso de homicidio culposo. Manejaremos todos los aspectos de la demanda por homicidio culposo para que usted no tenga que preocuparse por el proceso legal mientras llora la p\u00e9rdida de un familiar. Cuando usted contrata a nuestro bufete de abogados, puede estar seguro de que su caso estar\u00e1 en manos experimentadas y capaces.<\/p>\n\n\n\n<p>Briskman Briskman &amp; Greenberg investigar\u00e1 el accidente mortal, adem\u00e1s de comunicarse con las partes negligentes. Tambi\u00e9n nos encargaremos de cualquier disputa a su demanda por muerte injusta. Nuestros abogados reunir\u00e1n pruebas para apoyar la reclamaci\u00f3n, junto con la consulta de expertos, tales como reconstructores de accidentes si es necesario.<\/p>\n\n\n\n<h2 class=\"wp-block-heading\">Contacto Briskman Briskman &amp; Greenberg<\/h2>\n\n\n\n<p>Si usted perdi\u00f3 a un ser querido debido a las acciones negligentes de otra parte, usted puede tener derecho a una indemnizaci\u00f3n. Los abogados de homicidio culposo de Waukegan en Briskman Briskman &amp; Greenberg pueden orientarle sobre las opciones legales que tiene a su disposici\u00f3n. <a href=\"https:\/\/www.briskmanandbriskman.com\/es\/abogados-de-accidentes-de-camiones-en-chicago-2\/\">P\u00f3ngase en contacto con nosotros para una primera consulta gratuita<\/a>.<\/p>","protected":false},"excerpt":{"rendered":"<p>Perder a un ser querido es desgarrador, y puede ser especialmente tr\u00e1gico cuando la muerte podr\u00eda haberse evitado. Cuando una persona muere debido a la negligencia de otra persona, sus familiares sobrevivientes tienen derecho a reclamar una indemnizaci\u00f3n por el trauma financiero y emocional. Como bufete de abogados familiar, Briskman Briskman &amp; Greenberg...<\/p>","protected":false},"author":1,"featured_media":11117,"parent":7298,"menu_order":0,"comment_status":"closed","ping_status":"closed","template":"","meta":{"_acf_changed":false,"footnotes":""},"class_list":["post-8837","page","type-page","status-publish","has-post-thumbnail","hentry"],"acf":[],"_links":{"self":[{"href":"https:\/\/www.briskmanandbriskman.com\/es\/wp-json\/wp\/v2\/pages\/8837","targetHints":{"allow":["GET"]}}],"collection":[{"href":"https:\/\/www.briskmanandbriskman.com\/es\/wp-json\/wp\/v2\/pages"}],"about":[{"href":"https:\/\/www.briskmanandbriskman.com\/es\/wp-json\/wp\/v2\/types\/page"}],"author":[{"embeddable":true,"href":"https:\/\/www.briskmanandbriskman.com\/es\/wp-json\/wp\/v2\/users\/1"}],"replies":[{"embeddable":true,"href":"https:\/\/www.briskmanandbriskman.com\/es\/wp-json\/wp\/v2\/comments?post=8837"}],"version-history":[{"count":2,"href":"https:\/\/www.briskmanandbriskman.com\/es\/wp-json\/wp\/v2\/pages\/8837\/revisions"}],"predecessor-version":[{"id":12660,"href":"https:\/\/www.briskmanandbriskman.com\/es\/wp-json\/wp\/v2\/pages\/8837\/revisions\/12660"}],"up":[{"embeddable":true,"href":"https:\/\/www.briskmanandbriskman.com\/es\/wp-json\/wp\/v2\/pages\/7298"}],"wp:featuredmedia":[{"embeddable":true,"href":"https:\/\/www.briskmanandbriskman.com\/es\/wp-json\/wp\/v2\/media\/11117"}],"wp:attachment":[{"href":"https:\/\/www.briskmanandbriskman.com\/es\/wp-json\/wp\/v2\/media?parent=8837"}],"curies":[{"name":"wp","href":"https:\/\/api.w.org\/{rel}","templated":true}]}}