{"id":8779,"date":"2022-10-28T19:04:28","date_gmt":"2022-10-28T19:04:28","guid":{"rendered":"https:\/\/www.briskmanandbriskman.com\/?page_id=8779"},"modified":"2025-07-10T16:54:37","modified_gmt":"2025-07-10T16:54:37","slug":"abogados-de-lesiones-personales","status":"publish","type":"page","link":"https:\/\/www.briskmanandbriskman.com\/es\/locations\/waukegan\/personal-injury-attorneys\/","title":{"rendered":"Waukegan Abogados de lesiones personales"},"content":{"rendered":"<h3 class=\"wp-block-heading\">Abogados con experiencia en lesiones personales Waukegan est\u00e1n de su lado en cada paso del camino<\/h3>\n\n\n\n<p>Las v\u00edctimas de accidentes tienen derecho a ser indemnizadas por las lesiones sufridas por negligencia ajena. Por desgracia, el proceso de responsabilizar a la parte culpable de sus lesiones no siempre es sencillo. Las compa\u00f1\u00edas de seguros pueden intentar ofrecerle menos de lo que se merece, menoscabando las p\u00e9rdidas que sufri\u00f3 a causa del accidente. En <a href=\"https:\/\/www.briskmanandbriskman.com\/es\/\">Waukegan abogados de lesiones personales en Briskman Briskman &amp; Greenberg<\/a> se dedican a representar a clientes en una amplia gama de reclamaciones por lesiones. Nuestro objetivo es asegurarnos de que reciba una indemnizaci\u00f3n completa para cubrir todos los gastos relacionados con sus lesiones.<\/p>\n\n\n\n<p>\u00bfTiene problemas para saber c\u00f3mo contratar al <a href=\"https:\/\/www.briskmanandbriskman.com\/es\/\">mejor abogado de lesiones personales<\/a> en Waukegan, IL? Hemos elaborado una gu\u00eda sobre la <a href=\"https:\/\/www.briskmanandbriskman.com\/es\/best-personal-injury-lawyer-practices\/\">mejores pr\u00e1cticas de abogados de lesiones personales<\/a> para ayudarle a tomar la seria decisi\u00f3n de qu\u00e9 bufete de abogados contratar para su caso de lesiones.<\/p>\n\n\n\n<p><em>\u00bfNecesita un abogado de lesiones personales en Waukegan?<\/em><\/p>\n\n\n\n<h3 class=\"wp-block-heading\">Tipos comunes de accidentes con da\u00f1os personales<\/h3>\n\n\n\n<p><a href=\"https:\/\/www.briskmanandbriskman.com\/es\/\">Briskman Briskman &amp; Greenberg es un bufete de abogados de lesiones personales de servicio completo<\/a> que representa a clientes en <a href=\"https:\/\/www.briskmanandbriskman.com\/es\/areas-de-practica\/\">todo tipo de reclamaciones por lesiones<\/a> en Waukegan y en todo Lake County. Como un bufete de abogados de propiedad familiar, nos enorgullecemos de ofrecer a nuestros clientes una atenci\u00f3n personalizada. Los casos que manejamos incluyen:<\/p>\n\n\n\n<ul class=\"wp-block-list\">\n<li><a href=\"https:\/\/www.briskmanandbriskman.com\/es\/lugares\/waukegan\/abogados-de-accidentes-de-coche\/\">Accidentes de tr\u00e1fico<\/a><\/li>\n\n\n\n<li><a href=\"https:\/\/www.briskmanandbriskman.com\/es\/lugares\/waukegan\/abogados-de-accidentes-de-moto\/\">Accidentes de moto<\/a><\/li>\n\n\n\n<li><a href=\"https:\/\/www.briskmanandbriskman.com\/es\/areas-de-practica\/chicago-truck-accident-attorney\/\">Accidentes de camiones<\/a><\/li>\n\n\n\n<li><a href=\"https:\/\/www.briskmanandbriskman.com\/es\/areas-de-practica\/pedestrian-accident\/\">Accidentes de peatones<\/a><\/li>\n\n\n\n<li><a href=\"https:\/\/www.briskmanandbriskman.com\/es\/areas-de-practica\/chicago-resbalon-y-caida-abogados\/\">Resbalones y ca\u00eddas<\/a><\/li>\n\n\n\n<li><a href=\"https:\/\/www.briskmanandbriskman.com\/es\/lugares\/waukegan\/abogado-de-mordedura-de-perro-2\/\">Mordeduras de perro<\/a><\/li>\n\n\n\n<li><a href=\"https:\/\/www.briskmanandbriskman.com\/es\/lugares\/waukegan\/abogados-de-negligencia-medica\/\">Negligencia m\u00e9dica<\/a><\/li>\n\n\n\n<li>Abusos y negligencias en residencias de ancianos<\/li>\n\n\n\n<li><a href=\"https:\/\/www.briskmanandbriskman.com\/es\/areas-de-practica\/chicago-product-liability-attorney\/\">Productos peligrosos<\/a><\/li>\n\n\n\n<li><a href=\"https:\/\/www.briskmanandbriskman.com\/es\/areas-de-practica\/indemnizacion-por-accidente-laboral\/\">Lesiones laborales<\/a><\/li>\n<\/ul>\n\n\n\n<p>En <a href=\"https:\/\/www.briskmanandbriskman.com\/es\/\">Briskman Briskman &amp; Greenberg<\/a>nuestra atenci\u00f3n se centra en usted. Tanto si ha sufrido lesiones en un accidente de tr\u00e1fico como si se ha lesionado a causa de una intervenci\u00f3n quir\u00fargica que ha salido mal, nuestros abogados especializados en lesiones personales Waukegan est\u00e1n aqu\u00ed para ayudarle. Tenemos las habilidades y los recursos necesarios para asumir incluso los casos m\u00e1s complejos que involucran a grandes entidades.<\/p>\n\n\n\n<h3 class=\"wp-block-heading\">Ventajas de presentar una demanda por lesiones personales<\/h3>\n\n\n\n<p>Si ha sufrido lesiones en un accidente Waukegan, una demanda por lesiones personales le permite reclamar una indemnizaci\u00f3n significativa por los da\u00f1os sufridos. Aunque no hay forma de volver atr\u00e1s en el tiempo y cambiar lo ocurrido, la indemnizaci\u00f3n que reciba puede ayudarle a seguir adelante con su vida. Interponer una demanda tambi\u00e9n le permite responsabilizar de su negligencia a la persona que le caus\u00f3 las lesiones.<\/p>\n\n\n\n<p>Cuando tenga un <a href=\"https:\/\/www.briskmanandbriskman.com\/es\/\">abogado con experiencia en lesiones personales<\/a> que lleva su caso, aumentar\u00e1 sus posibilidades de obtener la m\u00e1xima indemnizaci\u00f3n por da\u00f1os y perjuicios. Con un bufete de abogados de renombre en su esquina, las compa\u00f1\u00edas de seguros son menos propensos a aprovecharse de usted con un acuerdo lowball.<\/p>\n\n\n\n<h3 class=\"wp-block-heading\">\u00bfQu\u00e9 da\u00f1os y perjuicios se pueden reclamar en un caso de lesiones personales?<\/h3>\n\n\n\n<p>Seg\u00fan la ley Illinois, hay dos tipos principales de da\u00f1os disponibles al presentar una demanda por lesiones personales Waukegan: da\u00f1os econ\u00f3micos y da\u00f1os no econ\u00f3micos. Los da\u00f1os econ\u00f3micos son los gastos directos derivados de un accidente. Los da\u00f1os no econ\u00f3micos dependen de las circunstancias particulares de cada persona y son m\u00e1s dif\u00edciles de cuantificar. Su objetivo es compensar a la v\u00edctima por los efectos intangibles del accidente en su vida.<\/p>\n\n\n\n<p>Si bien la cantidad exacta que se recupera depende de los detalles \u00fanicos de su caso, un abogado de lesiones personales con conocimientos puede proporcionar una cifra aproximada de lo que la indemnizaci\u00f3n por da\u00f1os y perjuicios a esperar. Aseg\u00farese de conservar todos sus historiales m\u00e9dicos, facturas, talones de pago y otros documentos relacionados con el accidente, ya que pueden servir como pruebas importantes a la hora de construir su caso.<\/p>\n\n\n\n<p><strong>Da\u00f1os econ\u00f3micos<\/strong><\/p>\n\n\n\n<ul class=\"wp-block-list\">\n<li>Gastos m\u00e9dicos anteriores<\/li>\n\n\n\n<li>Gastos m\u00e9dicos futuros<\/li>\n\n\n\n<li>P\u00e9rdida de ingresos<\/li>\n\n\n\n<li>Disminuci\u00f3n de la capacidad de ganancia<\/li>\n<\/ul>\n\n\n\n<p><strong>Da\u00f1os no econ\u00f3micos<\/strong><\/p>\n\n\n\n<ul class=\"wp-block-list\">\n<li>Dolor y sufrimiento<\/li>\n\n\n\n<li>Desfiguraci\u00f3n<\/li>\n\n\n\n<li>Discapacidad<\/li>\n\n\n\n<li>P\u00e9rdida de consorcio<\/li>\n<\/ul>\n\n\n\n<h3 class=\"wp-block-heading\">Probar la culpa en una demanda por lesiones personales Waukegan<\/h3>\n\n\n\n<p>Para tener \u00e9xito en una demanda por lesiones personales, la v\u00edctima del accidente debe demostrar que la otra parte tuvo la culpa. Aunque usted pueda tener una idea clara de qui\u00e9n es el culpable de su accidente, determinar la culpa no siempre es un asunto sencillo. A veces hay m\u00e1s de una parte responsable.<\/p>\n\n\n\n<p>Si fueras <a href=\"https:\/\/www.briskmanandbriskman.com\/es\/areas-de-practica\/accidente-de-bicicleta\/\">herido en accidente de bicicleta<\/a>, <a href=\"https:\/\/www.briskmanandbriskman.com\/es\/areas-de-practica\/abogados-de-responsabilidad-civil-de-locales-de-chicago\/\">incidente de responsabilidad civil<\/a> u otro tipo de accidente, es probable que la otra parte y su compa\u00f1\u00eda de seguros aleguen que usted comparti\u00f3 la responsabilidad de lo ocurrido. Con la <a href=\"https:\/\/www.briskmanandbriskman.com\/es\/abogados-de-accidentes-de-camiones-en-chicago-2\/\">ayuda de un abogado experto en lesiones personales<\/a>En este caso, usted puede argumentar su caso y demostrar que la otra persona o entidad fue responsable de sus lesiones.<\/p>\n\n\n\n<h3 class=\"wp-block-heading\">\u00bfQu\u00e9 es la negligencia comparativa?<\/h3>\n\n\n\n<p>En el Illinois, se utiliza una norma de culpa comparativa modificada para determinar qui\u00e9n puede recibir una indemnizaci\u00f3n tras un accidente. Una v\u00edctima de accidente Waukegan puede presentar una reclamaci\u00f3n contra otra parte, siempre y cuando sean menos del 50 por ciento responsable de sus lesiones. Sin embargo, si la v\u00edctima es parcialmente culpable del accidente, su indemnizaci\u00f3n total por da\u00f1os y perjuicios se reducir\u00e1 en funci\u00f3n de su parte de culpa.<\/p>\n\n\n\n<p>Por ejemplo, Mark sufri\u00f3 lesiones graves en un accidente de coche con Mar\u00eda, que no result\u00f3 herida. Si un jurado dictaminara que Mar\u00eda tuvo un 70% de culpa por causar la colisi\u00f3n y Mark un 30%, la indemnizaci\u00f3n total por da\u00f1os y perjuicios de Mark se reducir\u00eda un 30%. Si los da\u00f1os totales del choque fueran $250.000, Mark tendr\u00eda derecho a $175.000. Sin embargo, Mark no recibir\u00eda nada si el jurado le declarara responsable del 55% del accidente.<\/p>\n\n\n\n<p>Las leyes que rodean la negligencia comparativa puede parecer complicado. En Briskman Briskman &amp; Greenberg, nos aseguramos de ayudar a los clientes a entender lo que est\u00e1 sucediendo en su caso y hacer que el proceso legal menos abrumadora.<\/p>\n\n\n\n<h3 class=\"wp-block-heading\">Gu\u00eda para la reclamaci\u00f3n de da\u00f1os personales Waukegan Infograf\u00eda<\/h3>\n\n\n\n<figure class=\"wp-block-image size-large\"><a href=\"https:\/\/www.briskmanandbriskman.com\/es\/infografia\/guia-de-reclamaciones-por-danos-personales-en-waukegan\/\"><img loading=\"lazy\" decoding=\"async\" width=\"1024\" height=\"707\" src=\"https:\/\/www.briskmanandbriskman.com\/wp-content\/uploads\/2024\/12\/BBG_Waukegan_PI_Attorneys-1-1024x707.jpg\" alt=\"Gu\u00eda de reclamaciones por da\u00f1os personales Waukegan Infograf\u00eda\" class=\"wp-image-13833\" title=\"\" srcset=\"https:\/\/www.briskmanandbriskman.com\/wp-content\/uploads\/2024\/12\/BBG_Waukegan_PI_Attorneys-1-1024x707.jpg 1024w, https:\/\/www.briskmanandbriskman.com\/wp-content\/uploads\/2024\/12\/BBG_Waukegan_PI_Attorneys-1-300x207.jpg 300w, https:\/\/www.briskmanandbriskman.com\/wp-content\/uploads\/2024\/12\/BBG_Waukegan_PI_Attorneys-1-768x531.jpg 768w, https:\/\/www.briskmanandbriskman.com\/wp-content\/uploads\/2024\/12\/BBG_Waukegan_PI_Attorneys-1-18x12.jpg 18w, https:\/\/www.briskmanandbriskman.com\/wp-content\/uploads\/2024\/12\/BBG_Waukegan_PI_Attorneys-1-150x104.jpg 150w, https:\/\/www.briskmanandbriskman.com\/wp-content\/uploads\/2024\/12\/BBG_Waukegan_PI_Attorneys-1.jpg 1197w\" sizes=\"auto, (max-width: 1024px) 100vw, 1024px\" \/><\/a><\/figure>\n\n\n\n<h3 class=\"wp-block-heading\">Briskman Briskman &amp; Greenberg est\u00e1 dispuesto a luchar por ti<\/h3>\n\n\n\n<p>Si ha sufrido lesiones debido a un accidente en Waukegan o en cualquier otro lugar de Lake County, <a href=\"https:\/\/www.briskmanandbriskman.com\/es\/\">Briskman Briskman &amp; Greenberg<\/a> est\u00e1 aqu\u00ed para usted. Entendemos el efecto devastador que un accidente puede tener en su vida. Nuestro <a href=\"https:\/\/www.briskmanandbriskman.com\/es\/nuestros-abogados\/\">abogados de lesiones personales compasivos y cualificados Waukegan<\/a> queremos escuchar lo que pas\u00f3 y responsabilizar a la parte culpable en su nombre. Haremos todo lo posible para asegurarnos de que reciba una compensaci\u00f3n justa por los gastos relacionados con el accidente. <a href=\"https:\/\/www.briskmanandbriskman.com\/es\/abogados-de-accidentes-de-camiones-en-chicago-2\/\">P\u00f3ngase en contacto con nosotros para una primera consulta gratuita<\/a>.<\/p>\n\n\n\n<h3 class=\"wp-block-heading\">Recursos adicionales sobre lesiones personales<\/h3>\n\n\n\n<ul class=\"wp-block-list\">\n<li><a href=\"https:\/\/www.briskmanandbriskman.com\/es\/best-personal-injury-lawyer-practices\/\">Las mejores pr\u00e1cticas de abogados de lesiones personales Chicago<\/a><\/li>\n\n\n\n<li><a href=\"https:\/\/www.briskmanandbriskman.com\/es\/centros-de-informacion\/danos-personales\/\">Chicago Centro de lesiones personales<\/a>\n<ul class=\"wp-block-list\">\n<li><a href=\"https:\/\/www.briskmanandbriskman.com\/es\/centros-de-informacion\/danos-personales\/puedo-despedir-a-mi-abogado-de-lesiones-personales\/\">\u00bfPuedo despedir a mi abogado de lesiones personales?<\/a><\/li>\n\n\n\n<li><a href=\"https:\/\/www.briskmanandbriskman.com\/es\/centros-de-informacion\/danos-personales\/tipos-comunes-de-casos-de-lesiones-personales\/\">Tipos comunes de casos de lesiones personales en Chicago<\/a><\/li>\n\n\n\n<li><a href=\"https:\/\/www.briskmanandbriskman.com\/es\/centros-de-informacion\/danos-personales\/tengo-que-pagar-para-recibir-una-consulta-sobre-mi-caso-de-lesiones-personales\/\">\u00bfTengo que pagar para recibir una consulta sobre mi caso de lesiones personales?<\/a><\/li>\n\n\n\n<li><a href=\"https:\/\/www.briskmanandbriskman.com\/es\/centros-de-informacion\/danos-personales\/como-puedo-saber-si-tengo-un-caso-de-danos-personales\/\">\u00bfC\u00f3mo s\u00e9 si tengo una demanda por lesiones personales?<\/a><\/li>\n\n\n\n<li><a href=\"https:\/\/www.briskmanandbriskman.com\/es\/centros-de-informacion\/danos-personales\/cuanto-vale-mi-caso\/\">\u00bfCu\u00e1nto vale mi caso de lesiones personales?<\/a><\/li>\n\n\n\n<li><a href=\"https:\/\/www.briskmanandbriskman.com\/es\/centros-de-informacion\/danos-personales\/cuanto-durara-mi-caso\/\">\u00bfDe cu\u00e1nto tiempo dispongo para presentar una demanda por lesiones personales en Chicago?<\/a><\/li>\n\n\n\n<li><a href=\"https:\/\/www.briskmanandbriskman.com\/es\/centros-de-informacion\/danos-personales\/como-proteger-a-sus-seres-queridos-de-los-malos-tratos-y-la-negligencia-en-residencias-de-ancianos\/\">C\u00f3mo proteger a sus seres queridos de los malos tratos y el abandono en residencias de ancianos<\/a><\/li>\n\n\n\n<li><a href=\"https:\/\/www.briskmanandbriskman.com\/es\/centros-de-informacion\/danos-personales\/proceso-judicial\/\">\u00bfQu\u00e9 ocurre durante una demanda por lesiones personales?<\/a><\/li>\n\n\n\n<li><a href=\"https:\/\/www.briskmanandbriskman.com\/es\/centros-de-informacion\/danos-personales\/que-son-los-honorarios-condicionales\/\">\u00bfQu\u00e9 son los honorarios condicionales?<\/a><\/li>\n\n\n\n<li><a href=\"https:\/\/www.briskmanandbriskman.com\/es\/centros-de-informacion\/danos-personales\/que-es-la-negligencia\/\">\u00bfQu\u00e9 es la negligencia?<\/a><\/li>\n\n\n\n<li><a href=\"https:\/\/www.briskmanandbriskman.com\/es\/centros-de-informacion\/danos-personales\/que-es-un-dano-personal\/\">\u00bfQu\u00e9 son los da\u00f1os personales?<\/a><\/li>\n\n\n\n<li><a href=\"https:\/\/www.briskmanandbriskman.com\/es\/centros-de-informacion\/danos-personales\/lo-que-debe-saber-sobre-el-traumatismo-craneoencefalico\/\">Lo que debe saber sobre el da\u00f1o cerebral traum\u00e1tico<\/a><\/li>\n<\/ul>\n<\/li>\n\n\n\n<li><a href=\"https:\/\/www.briskmanandbriskman.com\/es\/necesito-un-abogado-de-lesiones-personales-chicago\/\">\u00bfNecesito un abogado de lesiones personales Chicago?<\/a><\/li>\n\n\n\n<li><a href=\"https:\/\/www.briskmanandbriskman.com\/es\/por-que-contratar-a-un-abogado\/\">\u00bfPor qu\u00e9 contratar a un abogado de lesiones personales?<\/a><\/li>\n\n\n\n<li><a href=\"https:\/\/www.briskmanandbriskman.com\/es\/infografia\/respuestas-a-sus-preguntas-sobre-danos-corporales\/\">Respuestas a sus preguntas sobre lesiones personales<\/a><\/li>\n\n\n\n<li><a href=\"https:\/\/www.briskmanandbriskman.com\/es\/infografia\/que-debo-esperar-de-mi-caso-de-lesiones-personales\/\">\u00bfQu\u00e9 debo esperar de mi caso de lesiones personales?<\/a><\/li>\n\n\n\n<li><a href=\"https:\/\/www.briskmanandbriskman.com\/es\/infografia\/que-puede-esperar-de-su-abogado-de-lesiones-personales\/\">Qu\u00e9 puede esperar de su abogado de lesiones personales<\/a><\/li>\n\n\n\n<li><a href=\"https:\/\/www.briskmanandbriskman.com\/es\/infografia\/por-que-deberia-contratar-a-un-abogado-de-lesiones-personales\/\">\u00bfPor qu\u00e9 deber\u00eda contratar a un abogado de lesiones personales?<\/a><\/li>\n\n\n\n<li><a href=\"https:\/\/www.briskmanandbriskman.com\/es\/historias-web\/fundamentos-de-las-lesiones-personales-en-illinois\/\">Illinois Aspectos b\u00e1sicos de los da\u00f1os personales<\/a><\/li>\n\n\n\n<li><a href=\"https:\/\/www.briskmanandbriskman.com\/es\/historias-web\/que-ocurre-durante-una-demanda-por-lesiones-personales\/\">\u00bfQu\u00e9 ocurre durante una demanda por lesiones personales?<\/a><\/li>\n\n\n\n<li><a href=\"https:\/\/www.briskmanandbriskman.com\/es\/historias-web\/por-que-contratar-a-un-abogado-de-lesiones-personales\/\">Gu\u00eda m\u00f3vil sobre por qu\u00e9 contratar a un abogado de lesiones personales<\/a><\/li>\n<\/ul>\n\n\n\n<h3 class=\"wp-block-heading\">Abogados de lesiones personales disponibles en todo Illinois<\/h3>\n\n\n\n<ul class=\"wp-block-list\">\n<li><a href=\"https:\/\/www.briskmanandbriskman.com\/es\/\">Chicago abogados de lesiones personales<\/a><\/li>\n\n\n\n<li><a href=\"https:\/\/www.briskmanandbriskman.com\/es\/lugares\/arboleda-de-bufalo\/abogado-de-lesiones-personales\/\">Buffalo Grove Abogados de lesiones personales<\/a><\/li>\n\n\n\n<li><a href=\"https:\/\/www.briskmanandbriskman.com\/es\/lugares\/gurnee\/abogados-de-danos-personales\/\">Gurnee Abogados de lesiones personales<\/a><\/li>\n\n\n\n<li><a href=\"https:\/\/www.briskmanandbriskman.com\/es\/lugares\/joliet\/abogados-de-danos-personales\/\">Joliet Abogados de lesiones personales<\/a><\/li>\n\n\n\n<li><a href=\"https:\/\/www.briskmanandbriskman.com\/es\/lugares\/condado-del-lago\/abogados-de-danos-personales\/\">Abogados de lesiones personales en Lake County<\/a><\/li>\n\n\n\n<li><a href=\"https:\/\/www.briskmanandbriskman.com\/es\/lugares\/mundelein\/abogados-de-danos-personales\/\">Mundelein Abogados de lesiones personales<\/a><\/li>\n\n\n\n<li><a href=\"https:\/\/www.briskmanandbriskman.com\/es\/lugares\/norte-de-chicago\/abogados-de-danos-personales\/\">North Chicago Abogados de lesiones personales<\/a><\/li>\n\n\n\n<li><a href=\"https:\/\/www.briskmanandbriskman.com\/es\/lugares\/orlandpark\/abogados-de-danos-personales\/\">Orland Park Abogados de lesiones personales<\/a><\/li>\n\n\n\n<li><a href=\"https:\/\/www.briskmanandbriskman.com\/es\/lugares\/waukegan\/abogados-de-lesiones-personales\/\">Waukegan Abogados de lesiones personales<\/a><\/li>\n\n\n\n<li><a href=\"https:\/\/www.briskmanandbriskman.com\/es\/lugares\/ruedas\/abogado-de-lesiones-personales-2\/\">Wheeling Abogado de lesiones personales<\/a><\/li>\n<\/ul>","protected":false},"excerpt":{"rendered":"<p>Los abogados con experiencia en lesiones personales Waukegan est\u00e1n de su lado en cada paso del camino Las v\u00edctimas de accidentes tienen derecho a recibir una indemnizaci\u00f3n por las lesiones sufridas debido a la negligencia de otra persona. Desafortunadamente, el proceso de responsabilizar a la parte culpable por sus lesiones no siempre es sencillo. Las compa\u00f1\u00edas de seguros pueden tratar de ofrecerle menos...<\/p>","protected":false},"author":1,"featured_media":0,"parent":7298,"menu_order":0,"comment_status":"closed","ping_status":"closed","template":"","meta":{"_acf_changed":false,"footnotes":""},"class_list":["post-8779","page","type-page","status-publish","hentry"],"acf":[],"_links":{"self":[{"href":"https:\/\/www.briskmanandbriskman.com\/es\/wp-json\/wp\/v2\/pages\/8779","targetHints":{"allow":["GET"]}}],"collection":[{"href":"https:\/\/www.briskmanandbriskman.com\/es\/wp-json\/wp\/v2\/pages"}],"about":[{"href":"https:\/\/www.briskmanandbriskman.com\/es\/wp-json\/wp\/v2\/types\/page"}],"author":[{"embeddable":true,"href":"https:\/\/www.briskmanandbriskman.com\/es\/wp-json\/wp\/v2\/users\/1"}],"replies":[{"embeddable":true,"href":"https:\/\/www.briskmanandbriskman.com\/es\/wp-json\/wp\/v2\/comments?post=8779"}],"version-history":[{"count":7,"href":"https:\/\/www.briskmanandbriskman.com\/es\/wp-json\/wp\/v2\/pages\/8779\/revisions"}],"predecessor-version":[{"id":14915,"href":"https:\/\/www.briskmanandbriskman.com\/es\/wp-json\/wp\/v2\/pages\/8779\/revisions\/14915"}],"up":[{"embeddable":true,"href":"https:\/\/www.briskmanandbriskman.com\/es\/wp-json\/wp\/v2\/pages\/7298"}],"wp:attachment":[{"href":"https:\/\/www.briskmanandbriskman.com\/es\/wp-json\/wp\/v2\/media?parent=8779"}],"curies":[{"name":"wp","href":"https:\/\/api.w.org\/{rel}","templated":true}]}}