{"id":8381,"date":"2022-03-28T20:52:55","date_gmt":"2022-03-28T20:52:55","guid":{"rendered":"https:\/\/www.briskmanandbriskman.com\/?page_id=8381"},"modified":"2024-04-15T17:10:28","modified_gmt":"2024-04-15T17:10:28","slug":"abogados-de-negligencia-medica","status":"publish","type":"page","link":"https:\/\/www.briskmanandbriskman.com\/es\/locations\/waukegan\/medical-malpractice-attorneys\/","title":{"rendered":"Waukegan Abogado de negligencia m\u00e9dica"},"content":{"rendered":"<p>Como la ciudad m\u00e1s grande y la capital del condado en Lake County, Illinois, Waukegan es el hogar de casi 90.000 personas - todos los cuales necesitan atenci\u00f3n m\u00e9dica de vez en cuando. Waukegan y Lake County tambi\u00e9n albergan varios consultorios m\u00e9dicos, cl\u00ednicas y hospitales que proporcionan atenci\u00f3n a los residentes y visitantes de Waukegan.<\/p>\n\n\n\n<p>Cuando los residentes o visitantes de Waukegan acuden al m\u00e9dico, conf\u00edan en que los profesionales m\u00e9dicos les ayudar\u00e1n a determinar sus necesidades m\u00e9dicas y a tratarlas adecuadamente. Cuando los profesionales m\u00e9dicos no diagnostican o tratan una enfermedad de acuerdo con las normas de asistencia, pueden producirse da\u00f1os graves. Un paciente que buscaba ayuda m\u00e9dica para mejorar puede descubrir que su estado ha empeorado mucho.<\/p>\n\n\n\n<p>Si ha sufrido lesiones y sospecha que la causa es una negligencia m\u00e9dica, hable con el <a href=\"https:\/\/www.briskmanandbriskman.com\/es\/areas-de-practica\/negligencia-medica\/\">abogados expertos en negligencias m\u00e9dicas Waukegan en Briskman, Briskman &amp; Greenberg<\/a> hoy.<\/p>\n\n\n\n<h3 class=\"wp-block-heading\">Estad\u00edsticas de lesiones y errores m\u00e9dicos<\/h3>\n\n\n\n<p>Los errores m\u00e9dicos afectan cada a\u00f1o a millones de residentes en Estados Unidos. <\/p>\n\n\n\n<p>Entre los errores m\u00e9dicos m\u00e1s comunes se incluyen:<\/p>\n\n\n\n<ul class=\"wp-block-list\">\n<li><strong>Lesiones sufridas durante el tratamiento m\u00e9dico.<\/strong> No todos los tratamientos m\u00e9dicos est\u00e1n exentos de riesgos, pero \u00e9stos pueden reducirse en muchos de ellos. El incumplimiento de las normas de asistencia puede causar lesiones evitables. Estas lesiones constituyen aproximadamente un tercio de todas las demandas por negligencia m\u00e9dica presentadas anualmente en Estados Unidos.<\/li>\n\n\n\n<li><strong>No diagnosticar correctamente una enfermedad.<\/strong> <a href=\"https:\/\/www.briskmanandbriskman.com\/es\/2023\/01\/mas-de-74-millones-de-errores-de-diagnostico-al-ano-en-los-ee-uu-segun-un-estudio\/\">Falta de diagn\u00f3stico, diagn\u00f3stico tard\u00edo o diagn\u00f3stico err\u00f3neo<\/a> Todas conllevan el riesgo de que el paciente no reciba el tratamiento que necesita. En algunos casos, los pacientes reciben tratamiento para una enfermedad equivocada, lo que tambi\u00e9n puede causar da\u00f1os. Aproximadamente un tercio de todas las demandas por negligencia m\u00e9dica se refieren a la falta de un diagn\u00f3stico correcto.<\/li>\n\n\n\n<li><strong>Errores de medicaci\u00f3n.<\/strong> Seg\u00fan la Administraci\u00f3n de Alimentos y Medicamentos de EE.UU. (FDA), alrededor de 1,3 millones de personas <a href=\"https:\/\/www.briskmanandbriskman.com\/es\/areas-de-practica\/medication-errors\/\">sufren da\u00f1os por errores de medicaci\u00f3n<\/a> en EE.UU. cada a\u00f1o. Los errores de medicaci\u00f3n tambi\u00e9n se cobran unas 400 vidas al a\u00f1o, es decir, algo m\u00e1s de una persona al d\u00eda.<\/li>\n\n\n\n<li><strong>Errores de documentaci\u00f3n.<\/strong> Los errores de documentaci\u00f3n, tambi\u00e9n conocidos como \"errores en la historia cl\u00ednica\", pueden provocar da\u00f1os graves. El historial de un paciente permite a los profesionales m\u00e9dicos comunicarse entre s\u00ed sobre un paciente, por lo que toda comunicaci\u00f3n en el historial debe ser exacta. Cuando se producen errores de documentaci\u00f3n, los pacientes pueden recibir un tratamiento equivocado, quedar expuestos a al\u00e9rgenos conocidos o sufrir otros errores que causan da\u00f1os.<\/li>\n<\/ul>\n\n\n\n<p>Muchos errores m\u00e9dicos se ajustan a la definici\u00f3n de negligencia m\u00e9dica. La negligencia m\u00e9dica se produce cuando un proveedor m\u00e9dico no cumple la norma de atenci\u00f3n que se aplica a su encuentro con un paciente. La norma de atenci\u00f3n se establece examinando lo que un proveedor normal y razonable har\u00eda en una situaci\u00f3n similar. Cuando los proveedores no cumplen esa norma, pueden ser responsables de negligencia m\u00e9dica.<\/p>\n\n\n\n<h3 class=\"wp-block-heading\">Tipos de lesiones por negligencia m\u00e9dica<\/h3>\n\n\n\n<p>Al igual que algunas formas de errores m\u00e9dicos son m\u00e1s comunes que otras, algunas formas de lesiones tambi\u00e9n son m\u00e1s comunes. Sin embargo, incluso las lesiones poco frecuentes merecen atenci\u00f3n cuando causan da\u00f1os graves.<\/p>\n\n\n\n<p>Las lesiones que pueden derivarse de una negligencia m\u00e9dica incluyen:<\/p>\n\n\n\n<ul class=\"wp-block-list\">\n<li><strong>Un diagn\u00f3stico err\u00f3neo para una enfermedad que sigue empeorando.<\/strong> Por ejemplo, muchos c\u00e1nceres pueden tratarse si se detectan a tiempo, pero si se deja que empeoren, pueden volverse incurables.<\/li>\n\n\n\n<li><strong>Un diagn\u00f3stico incorrecto puede conducir a una falta de tratamiento para lo que s\u00ed se tiene y a un tratamiento innecesario para lo que no se tiene.<\/strong> Cuando el diagn\u00f3stico es incorrecto, no se trata la enfermedad del paciente. En lugar de ello, el paciente puede recibir un tratamiento innecesario y sufrir todos los efectos secundarios que conlleva.<\/li>\n\n\n\n<li><strong>Los errores quir\u00fargicos o de procedimiento pueden causar da\u00f1os graves.<\/strong> Desde amputar por error una extremidad equivocada hasta dejar instrumentos quir\u00fargicos dentro de un paciente o manejar el equipo de forma incorrecta, <a href=\"https:\/\/www.briskmanandbriskman.com\/es\/areas-de-practica\/surgical-errors\/\">errores quir\u00fargicos o errores durante procedimientos m\u00e9dicos<\/a> pueden causar infecciones, da\u00f1os permanentes en \u00f3rganos o extremidades, y mucho m\u00e1s.<\/li>\n\n\n\n<li><strong>Las lesiones de nacimiento pueden causar problemas m\u00e9dicos de por vida.<\/strong> <a href=\"https:\/\/www.briskmanandbriskman.com\/es\/areas-de-practica\/abogado-de-lesiones-de-nacimiento\/\">Lesiones de nacimiento<\/a> son uno de los tipos m\u00e1s comunes de demandas por negligencia m\u00e9dica. La falta de ox\u00edgeno durante el parto puede causar lesiones cerebrales permanentes. Pueden producirse lesiones nerviosas y fracturas \u00f3seas si el personal sanitario no presta la atenci\u00f3n necesaria al asistir el parto. Los partos prematuros, que pueden causar problemas de por vida, son m\u00e1s probables si los profesionales no vigilan cuidadosamente el embarazo o el parto.<\/li>\n\n\n\n<li><strong>Errores de anestesia.<\/strong> Pueden producirse incluso si la intervenci\u00f3n va bien. Los errores de anestesia pueden incluir la administraci\u00f3n de un tipo o dosis de medicaci\u00f3n equivocados, lo que puede causar da\u00f1os cerebrales, problemas respiratorios y otras afecciones graves.<\/li>\n\n\n\n<li><strong>Incumplimiento de los procedimientos est\u00e9riles.<\/strong> Esto puede dar lugar a que el paciente contraiga una infecci\u00f3n hospitalaria o relacionada con los cuidados. Muchas de estas infecciones son dif\u00edciles de tratar. Si el <a href=\"https:\/\/www.briskmanandbriskman.com\/es\/chicago-sepsis-lesiones-abogado\/\">la infecci\u00f3n se propaga por todo el cuerpo (sepsis)<\/a>puede llegar a ser mortal.<\/li>\n<\/ul>\n\n\n\n<p>Los detalles de cada caso de negligencia m\u00e9dica son \u00fanicos para la persona, el da\u00f1o que sufri\u00f3 y los acontecimientos que condujeron a ese da\u00f1o. Por esta raz\u00f3n, es importante <a href=\"https:\/\/www.briskmanandbriskman.com\/es\/abogados-de-accidentes-de-camiones-en-chicago-2\/\">hable con un abogado con experiencia<\/a> sobre los detalles de su caso concreto.<\/p>\n\n\n\n<h3 class=\"wp-block-heading\">Illinois Normas para casos de negligencia m\u00e9dica<\/h3>\n\n\n\n<p>En Illinois, las demandas por negligencia m\u00e9dica siguen un conjunto espec\u00edfico de normas y procedimientos establecidos en la legislaci\u00f3n estatal. Algunas de estas normas son similares a otras <a href=\"https:\/\/www.briskmanandbriskman.com\/es\/\">reclamaciones por da\u00f1os personales<\/a>. Otras, sin embargo, son exclusivas de los casos de negligencia m\u00e9dica.<\/p>\n\n\n\n<h4 class=\"wp-block-heading\">Plazos en las demandas por negligencia m\u00e9dica Illinois<\/h4>\n\n\n\n<p>Por ejemplo, la ley Illinois establece un plazo, denominado \"ley de prescripci\u00f3n\", para presentar una demanda por negligencia m\u00e9dica tras una lesi\u00f3n. Los lesionados en Illinois tienen dos a\u00f1os para presentar su reclamaci\u00f3n. Si no la presentan en ese plazo, no pueden llevarla a los tribunales.<\/p>\n\n\n\n<p>Illinois La ley establece que el plazo de dos a\u00f1os empieza a contar cuando la persona perjudicada sabe o deber\u00eda haber sabido razonablemente que ha sido perjudicada. Sin embargo, hay ciertos factores que pueden influir en ese plazo.<\/p>\n\n\n\n<p>Aunque el reloj de los dos a\u00f1os puede empezar a correr cuando usted descubre su lesi\u00f3n, no corre eternamente. La regla del \"descubrimiento tard\u00edo\" de Illinois establece que no se puede presentar una demanda por negligencia m\u00e9dica transcurridos m\u00e1s de cuatro a\u00f1os desde la fecha de la lesi\u00f3n, independientemente de cu\u00e1ndo te des cuenta de que te han hecho da\u00f1o.<\/p>\n\n\n\n<p>Los menores de 18 a\u00f1os en el momento de la negligencia m\u00e9dica tambi\u00e9n disponen de m\u00e1s tiempo para presentar sus reclamaciones. Un menor lesionado tiene ocho a\u00f1os para presentar una demanda, pero solo puede hacerlo hasta que cumpla 22 a\u00f1os.<\/p>\n\n\n\n<h4 class=\"wp-block-heading\">Illinois' Requisito de la declaraci\u00f3n jurada de m\u00e9ritos por negligencia m\u00e9dica<\/h4>\n\n\n\n<p>Illinois ley tambi\u00e9n tiene una \"declaraci\u00f3n jurada de m\u00e9rito\" requisito que es \u00fanico para las reclamaciones por negligencia m\u00e9dica. Cuando se presenta una demanda por negligencia m\u00e9dica, la presentaci\u00f3n debe incluir una declaraci\u00f3n jurada de un profesional sanitario.<\/p>\n\n\n\n<p>La ley estatal enumera requisitos espec\u00edficos para una declaraci\u00f3n jurada de m\u00e9ritos. Si no se cumplen estos requisitos, la declaraci\u00f3n jurada - y la presentaci\u00f3n a la que se adjunta - ser\u00e1n rechazadas por el tribunal.<\/p>\n\n\n\n<h4 class=\"wp-block-heading\">Tipos de indemnizaci\u00f3n en las demandas por negligencia m\u00e9dica Waukegan<\/h4>\n\n\n\n<p>Al igual que otros tipos de reclamaciones por lesiones, las reclamaciones por negligencia m\u00e9dica pretenden obtener da\u00f1os y perjuicios contra una persona o parte responsable de las lesiones de otra persona. Estos da\u00f1os suelen dividirse en dos categor\u00edas para facilitar su tratamiento.<\/p>\n\n\n\n<p><strong>Da\u00f1os econ\u00f3micos<\/strong> pedir una indemnizaci\u00f3n por p\u00e9rdidas econ\u00f3micas. A menudo se demuestran ante el tribunal con documentos como recibos, facturas y talones de pago. Los da\u00f1os econ\u00f3micos comunes en las demandas por negligencia m\u00e9dica incluyen:<\/p>\n\n\n\n<ul class=\"wp-block-list\">\n<li>Gastos m\u00e9dicos para el tratamiento de su lesi\u00f3n,<\/li>\n\n\n\n<li>Salarios perdidos si tus lesiones te incapacitan para trabajar\u4e00tanto en el pasado como en el futuro,<\/li>\n\n\n\n<li>Reembolso del kilometraje si ha tenido que ir y volver en coche de las citas m\u00e9dicas adicionales para el tratamiento de sus lesiones.<\/li>\n<\/ul>\n\n\n\n<p><strong>Da\u00f1os no econ\u00f3micos<\/strong> centrarse en las p\u00e9rdidas no financieras. Estas p\u00e9rdidas no suelen ir acompa\u00f1adas de recibos o facturas, pero son reales. Pueden incluir:<\/p>\n\n\n\n<ul class=\"wp-block-list\">\n<li>El dolor y el sufrimiento que padeci\u00f3 como consecuencia de la negligencia m\u00e9dica.<\/li>\n\n\n\n<li>Cicatrices y desfiguraci\u00f3n si su lesi\u00f3n las caus\u00f3.<\/li>\n\n\n\n<li>P\u00e9rdida del disfrute de la vida si sus lesiones le impiden retomar sus aficiones.<\/li>\n\n\n\n<li>Participar en la crianza de sus hijos o hacer otras cosas que le gustaban.<\/li>\n<\/ul>\n\n\n\n<p>Algunos estados \"ponen un tope\" o limitan los da\u00f1os no econ\u00f3micos en los casos de negligencia m\u00e9dica. Sin embargo, el Illinois no es uno de ellos. En Illinois, usted puede recuperar el importe total de los da\u00f1os no econ\u00f3micos que pueda demostrar ante el tribunal. El total puede incluir tambi\u00e9n p\u00e9rdidas futuras. Por ejemplo, si sus lesiones le impiden volver a trabajar, puede pedir una indemnizaci\u00f3n por los salarios que habr\u00eda ganado si no se hubiera lesionado.<\/p>\n\n\n\n<p>Porque las normas de negligencia m\u00e9dica de Illinois' son complejas, <a href=\"https:\/\/www.briskmanandbriskman.com\/es\/abogados-de-accidentes-de-camiones-en-chicago-2\/\">hablar con un abogado experto en negligencias m\u00e9dicas Waukegan<\/a> es vital. Su abogado puede ayudarle a navegar por estas complejas normas para buscar la indemnizaci\u00f3n que necesita.<\/p>\n\n\n\n<h2 class=\"wp-block-heading\">Hable hoy mismo con un abogado experto en negligencia m\u00e9dica Waukegan<\/h2>\n\n\n\n<p>Una lesi\u00f3n m\u00e9dica puede hacerte sentir como si el mundo se hubiera vuelto del rev\u00e9s. Busc\u00f3 atenci\u00f3n m\u00e9dica con la esperanza de curarse y volver a la vida cotidiana. En lugar de eso, ahora se enfrenta a m\u00e1s citas con el m\u00e9dico y m\u00e1s problemas m\u00e9dicos. Es posible que viva con la ansiedad constante de saber que tiene otra cita pendiente y pregunt\u00e1ndose qu\u00e9 puede salir mal esta vez. Puede que se pregunte si alguna vez podr\u00e1 volver a su trabajo y aficiones habituales. Puede temer no poder llegar a fin de mes o dar a su familia la vida que se merece.<\/p>\n\n\n\n<p>Muchos supervivientes de negligencias m\u00e9dicas se enfrentan a los mismos temores. En <a href=\"https:\/\/www.briskmanandbriskman.com\/es\/lugares\/waukegan\/abogados-de-lesiones-personales\/\">abogados expertos en lesiones personales Waukegan en Briskman Briskman &amp; Greenberg<\/a> a menudo escuchamos estas historias de nuestros clientes. Entendemos c\u00f3mo las lesiones m\u00e9dicas alteran su vida. Es por eso que estamos dedicados a ayudar a nuestros clientes a asegurar la compensaci\u00f3n necesaria. Hable con nosotros hoy llamando al 1.877.595.4878 para programar una evaluaci\u00f3n gratuita y confidencial de su caso.<\/p>\n\n\n\n<h3 class=\"wp-block-heading\">Recursos adicionales sobre negligencia m\u00e9dica<\/h3>\n\n\n\n<ul class=\"wp-block-list\">\n<li><a href=\"https:\/\/www.briskmanandbriskman.com\/es\/centros-de-informacion\/centro-de-negligencias-medicas\/tengo-un-caso-de-negligencia-medica\/\">\u00bfTengo un caso de negligencia m\u00e9dica?<\/a><\/li>\n\n\n\n<li><a href=\"https:\/\/www.briskmanandbriskman.com\/es\/centros-de-informacion\/centro-de-negligencias-medicas\/los-errores-de-medicacion-son-mas-frecuentes-de-lo-que-se-piensa\/\">Los errores de medicaci\u00f3n son m\u00e1s frecuentes de lo que cree<\/a><\/li>\n\n\n\n<li><a href=\"https:\/\/www.briskmanandbriskman.com\/es\/centros-de-informacion\/centro-de-negligencias-medicas\/tipos-mas-comunes-de-lesiones-en-el-parto\/\">Tipos m\u00e1s comunes de lesiones en el parto<\/a><\/li>\n\n\n\n<li><a href=\"https:\/\/www.briskmanandbriskman.com\/es\/centros-de-informacion\/centro-de-negligencias-medicas\/que-ocurre-durante-un-juicio-por-negligencia-medica-en-illinois\/\">\u00bfQu\u00e9 sucede durante una demanda por negligencia m\u00e9dica en Illinois?<\/a><\/li>\n<\/ul>\n\n\n\n<h3 class=\"wp-block-heading\">Abogados de negligencia m\u00e9dica disponibles en todo Illinois<\/h3>\n\n\n\n<ul class=\"wp-block-list\">\n<li><a href=\"https:\/\/www.briskmanandbriskman.com\/es\/areas-de-practica\/negligencia-medica\/\">Chicago Abogados de negligencia m\u00e9dica<\/a><\/li>\n\n\n\n<li><a href=\"https:\/\/www.briskmanandbriskman.com\/es\/lugares\/condado-del-lago\/abogados-especializados-en-negligencias-medicas\/\">Lake County Abogados especializados en negligencias m\u00e9dicas<\/a><\/li>\n\n\n\n<li><a href=\"https:\/\/www.briskmanandbriskman.com\/es\/lugares\/mundelein\/abogados-de-negligencia-medica\/\">Mundelein Abogados de negligencia m\u00e9dica<\/a><\/li>\n\n\n\n<li><a href=\"https:\/\/www.briskmanandbriskman.com\/es\/lugares\/norte-de-chicago\/abogados-de-negligencia-medica\/\">North Chicago Abogados de negligencia m\u00e9dica<\/a><\/li>\n\n\n\n<li><a href=\"https:\/\/www.briskmanandbriskman.com\/es\/lugares\/oaklawn\/abogados-especializados-en-negligencias-medicas\/\">Oak Lawn Abogados especializados en negligencias m\u00e9dicas<\/a><\/li>\n\n\n\n<li><a href=\"https:\/\/www.briskmanandbriskman.com\/es\/lugares\/orlandpark\/abogados-especializados-en-negligencias-medicas\/\">Orland Park Abogados de negligencia m\u00e9dica<\/a><\/li>\n\n\n\n<li><a href=\"https:\/\/www.briskmanandbriskman.com\/es\/lugares\/waukegan\/abogados-de-negligencia-medica\/\">Waukegan Abogado de negligencia m\u00e9dica<\/a><\/li>\n\n\n\n<li><a href=\"https:\/\/www.briskmanandbriskman.com\/es\/lugares\/ruedas\/abogado-de-negligencia-medica\/\">Wheeling Abogado de negligencia m\u00e9dica<\/a><\/li>\n<\/ul>","protected":false},"excerpt":{"rendered":"<p>Como la ciudad m\u00e1s grande y la capital del condado en Lake County, Illinois, Waukegan es el hogar de casi 90.000 personas - todos los cuales necesitan atenci\u00f3n m\u00e9dica de vez en cuando. Waukegan y Lake County tambi\u00e9n albergan varios consultorios m\u00e9dicos, cl\u00ednicas y hospitales que proporcionan atenci\u00f3n a los residentes y visitantes de Waukegan. Cuando los residentes de Waukegan...<\/p>","protected":false},"author":1,"featured_media":11124,"parent":7298,"menu_order":0,"comment_status":"closed","ping_status":"closed","template":"","meta":{"_acf_changed":false,"footnotes":""},"class_list":["post-8381","page","type-page","status-publish","has-post-thumbnail","hentry"],"acf":[],"_links":{"self":[{"href":"https:\/\/www.briskmanandbriskman.com\/es\/wp-json\/wp\/v2\/pages\/8381","targetHints":{"allow":["GET"]}}],"collection":[{"href":"https:\/\/www.briskmanandbriskman.com\/es\/wp-json\/wp\/v2\/pages"}],"about":[{"href":"https:\/\/www.briskmanandbriskman.com\/es\/wp-json\/wp\/v2\/types\/page"}],"author":[{"embeddable":true,"href":"https:\/\/www.briskmanandbriskman.com\/es\/wp-json\/wp\/v2\/users\/1"}],"replies":[{"embeddable":true,"href":"https:\/\/www.briskmanandbriskman.com\/es\/wp-json\/wp\/v2\/comments?post=8381"}],"version-history":[{"count":6,"href":"https:\/\/www.briskmanandbriskman.com\/es\/wp-json\/wp\/v2\/pages\/8381\/revisions"}],"predecessor-version":[{"id":12891,"href":"https:\/\/www.briskmanandbriskman.com\/es\/wp-json\/wp\/v2\/pages\/8381\/revisions\/12891"}],"up":[{"embeddable":true,"href":"https:\/\/www.briskmanandbriskman.com\/es\/wp-json\/wp\/v2\/pages\/7298"}],"wp:featuredmedia":[{"embeddable":true,"href":"https:\/\/www.briskmanandbriskman.com\/es\/wp-json\/wp\/v2\/media\/11124"}],"wp:attachment":[{"href":"https:\/\/www.briskmanandbriskman.com\/es\/wp-json\/wp\/v2\/media?parent=8381"}],"curies":[{"name":"wp","href":"https:\/\/api.w.org\/{rel}","templated":true}]}}