{"id":7889,"date":"2021-11-17T00:33:17","date_gmt":"2021-11-17T00:33:17","guid":{"rendered":"https:\/\/www.briskmanandbriskman.com\/?page_id=7889"},"modified":"2025-07-10T16:53:07","modified_gmt":"2025-07-10T16:53:07","slug":"abogados-de-danos-personales","status":"publish","type":"page","link":"https:\/\/www.briskmanandbriskman.com\/es\/locations\/north-chicago\/personal-injury-lawyers\/","title":{"rendered":"North Chicago Abogados de lesiones personales"},"content":{"rendered":"<p>Cuando alguien resulta perjudicado por la actuaci\u00f3n negligente de otro, tiene derecho a reclamar una indemnizaci\u00f3n por los da\u00f1os sufridos.<\/p>\n\n\n\n<p>Cada a\u00f1o se presentan en Estados Unidos unas 400.000 demandas por lesiones personales. Estos casos van desde accidentes de coche a lesiones laborales o negligencias m\u00e9dicas.  Recuperarse de una lesi\u00f3n es extremadamente dif\u00edcil. No s\u00f3lo hay dolor f\u00edsico e incapacidad, sino que puede ser duro superar el da\u00f1o financiero causado por el accidente. Por eso existen las demandas por lesiones personales y los abogados: para ayudar a las v\u00edctimas de accidentes a obtener la indemnizaci\u00f3n que merecen.&nbsp;<\/p>\n\n\n\n<p>Si usted o un ser querido ha sido herido por el comportamiento descuidado de otra persona, empresa o parte en North Chicago, necesita los abogados de lesiones personales de Briskman, Briskman &amp; Greenberg. Nuestro lema es \"estamos de su lado\", y este mantra ha guiado la forma en que hacemos negocios y trabajamos para nuestros clientes durante m\u00e1s de 30 a\u00f1os. Perm\u00edtanos luchar tambi\u00e9n por usted.<\/p>\n\n\n\n<p>\u00bfTiene problemas para saber c\u00f3mo contratar al <a href=\"https:\/\/www.briskmanandbriskman.com\/es\/\">mejor abogado de lesiones personales<\/a> en North Chicago? Hemos elaborado una gu\u00eda sobre la <a href=\"https:\/\/www.briskmanandbriskman.com\/es\/best-personal-injury-lawyer-practices\/\">mejores pr\u00e1cticas de abogados de lesiones personales<\/a> para ayudarle a tomar la seria decisi\u00f3n de qu\u00e9 bufete de abogados contratar para su caso de lesiones.<\/p>\n\n\n\n<h2 class=\"wp-block-heading\">Tipos de casos de lesiones personales<\/h2>\n\n\n\n<p>Seg\u00fan el Colegio de Abogados de Estados Unidos, una lesi\u00f3n personal se produce cuando alguien resulta herido como consecuencia de la negligencia, descuido o conducta il\u00edcita de otra persona. M\u00e1s de la mitad de los casos de lesiones personales (52%) son consecuencia de accidentes de tr\u00e1fico. El 15% se deben a negligencias m\u00e9dicas, el 5% a productos defectuosos y el resto a otros tipos de accidentes.&nbsp;<\/p>\n\n\n\n<p>Briskman, Briskman &amp; Greenberg representa a clientes en casos de lesiones personales que implican:<br>-\u00a0<a href=\"https:\/\/www.briskmanandbriskman.com\/es\/areas-de-practica\/abogados-de-accidentes-de-camiones-en-chicago-2\/\">Accidentes de tr\u00e1fico<\/a><br>-\u00a0<a href=\"https:\/\/www.briskmanandbriskman.com\/es\/areas-de-practica\/chicago-truck-accident-attorney\/\">Accidentes de camiones<\/a><br>-\u00a0<a href=\"https:\/\/www.briskmanandbriskman.com\/es\/areas-de-practica\/motorcycle-accidents\/\">Accidentes de moto<\/a><br>-\u00a0<a href=\"https:\/\/www.briskmanandbriskman.com\/es\/areas-de-practica\/pedestrian-accident\/\">Peat\u00f3n<\/a>\u00a0y\u00a0<a href=\"https:\/\/www.briskmanandbriskman.com\/es\/areas-de-practica\/accidente-de-bicicleta\/\">Accidentes de bicicleta<\/a><br>-\u00a0<a href=\"https:\/\/www.briskmanandbriskman.com\/es\/areas-de-practica\/muerte-por-negligencia\/\">Muertes por negligencia<\/a><br>-\u00a0<a href=\"https:\/\/www.briskmanandbriskman.com\/es\/areas-de-practica\/negligencia-medica\/\">Negligencias m\u00e9dicas<\/a><br>-\u00a0<a href=\"https:\/\/www.briskmanandbriskman.com\/es\/areas-de-practica\/abogados-de-abuso-en-residencias-de-ancianos-de-chicago\/\">Abusos y negligencias en residencias de ancianos<\/a><br>-\u00a0<a href=\"https:\/\/www.briskmanandbriskman.com\/es\/areas-de-practica\/chicago-resbalon-y-caida-abogados\/\">Accidentes por resbalones y ca\u00eddas<\/a><br>-\u00a0<a href=\"https:\/\/www.briskmanandbriskman.com\/es\/areas-de-practica\/chicago-product-liability-attorney\/\">Responsabilidad por productos defectuosos<\/a><br>-\u00a0<a href=\"https:\/\/www.briskmanandbriskman.com\/es\/areas-de-practica\/abogados-de-responsabilidad-civil-de-locales-de-chicago\/\">Locales inseguros<\/a><br>-\u00a0<a href=\"https:\/\/www.briskmanandbriskman.com\/es\/lugares\/norte-de-chicago\/abogados-laboralistas\/\">Accidentes laborales<\/a><\/p>\n\n\n\n<h2 class=\"wp-block-heading\">Posibles da\u00f1os y perjuicios en un caso de lesiones personales <\/h2>\n\n\n\n<p>La ley permite a las personas lesionadas reclamar una indemnizaci\u00f3n a la parte negligente en un caso de lesiones personales. Existen dos tipos de indemnizaciones: las especiales y las generales.<\/p>\n\n\n\n<h4 class=\"wp-block-heading\">\n\t\tLOS DA\u00d1OS GENERALES INCLUYEN\n\t<\/h4>\n\n\n\n<ul class=\"wp-block-list\">\n<li> Dolor y sufrimiento<\/li>\n\n\n\n<li> Angustia emocional<\/li>\n\n\n\n<li> Discapacidad<\/li>\n\n\n\n<li> P\u00e9rdida de calidad de vida<\/li>\n\n\n\n<li> P\u00e9rdida de consorcio<\/li>\n<\/ul>\n\n\n\n<h4 class=\"wp-block-heading\">\n\t\tLOS DA\u00d1OS ESPECIALES INCLUYEN\n\t<\/h4>\n\n\n\n<ul class=\"wp-block-list\">\n<li>Gastos m\u00e9dicos<\/li>\n\n\n\n<li>P\u00e9rdida de ingresos<\/li>\n\n\n\n<li>P\u00e9rdida de prestaciones<\/li>\n\n\n\n<li>P\u00e9rdida de ingresos potenciales<\/li>\n\n\n\n<li>Da\u00f1os materiales<\/li>\n<\/ul>\n\n\n\n<p>Calcular el valor de los da\u00f1os especiales es sencillo porque tienen un valor en d\u00f3lares. Los da\u00f1os generales no est\u00e1n tan claramente definidos y son dif\u00edciles de evaluar. Un abogado de lesiones personales puede evaluar con precisi\u00f3n y plenamente su caso sobre la base de los detalles de sus lesiones y encontrar su valor potencial.<\/p>\n\n\n\n<h3 class=\"wp-block-heading\">\n\t\t\u00bfQu\u00e9 es la culpa comparativa?\n\t<\/h3>\n\n\n\n<p>Illinois sigue una regla de culpa comparativa en los casos de lesiones personales, lo que significa que la persona lesionada podr\u00eda compartir parte de la responsabilidad de su lesi\u00f3n en funci\u00f3n de lo sucedido. Esto afecta a la cantidad de indemnizaci\u00f3n recibida por la persona lesionada en su demanda. La culpa comparativa es a veces tambi\u00e9n utilizada por las compa\u00f1\u00edas de seguros para determinar la cantidad de dinero que una persona debe recibir en un acuerdo.<\/p>\n\n\n\n<p>Por ejemplo, Carolyn es atropellada por otro conductor que se salt\u00f3 una se\u00f1al de stop en un cruce. En el momento del accidente, Carolyn iba a diez millas por hora por encima del l\u00edmite de velocidad, por lo que se determina que ella tiene el 20% de la culpa del accidente, mientras que el conductor que la golpe\u00f3 tiene el 80%.<\/p>\n\n\n\n<p>Por ello, cualquier cantidad de dinero que Carolyn reciba en un acuerdo o indemnizaci\u00f3n se reducir\u00e1 en un 20 por ciento. Illinois la ley no permite que las v\u00edctimas de accidentes que soportan m\u00e1s del 50 por ciento de la responsabilidad de sus lesiones entablen una demanda por lesiones personales.<a href=\"https:\/\/www.briskmanandbriskman.com\/es\/abogados-de-accidentes-de-camiones-en-chicago-2\/\" target=\"_self\" role=\"button\" rel=\"noopener\">\n\t\t\t\t\t\t\tHable con un abogado\n\t\t\t\t\t<\/a><\/p>\n\n\n\n<h2 class=\"wp-block-heading\">\n\t\tC\u00f3mo puede ayudar un abogado de lesiones personales\n\t<\/h2>\n\n\n\n<p>A las v\u00edctimas de lesiones que acuden a un abogado les va mejor que a las que no lo hacen.<\/p>\n\n\n\n<p>Contratar a un abogado de lesiones personales para que trabaje para usted evitar\u00e1 que las compa\u00f1\u00edas de seguros se aprovechen de usted. Se nivela el campo de juego y muestra que usted est\u00e1 tomando en serio su reclamo.<\/p>\n\n\n\n<p><strong>Conocer el valor total de su reclamaci\u00f3n por lesiones personales le impide aceptar menos de lo que merece. <\/strong><\/p>\n\n\n\n<p>Las reclamaciones por lesiones personales descarrilan f\u00e1cilmente por peque\u00f1os errores, como saltarse un plazo o decir algo equivocado. A las compa\u00f1\u00edas de seguros les encanta utilizar estos errores en su contra para reducir la cantidad de indemnizaci\u00f3n que pagan. Con la ayuda de un abogado de lesiones personales de su lado, usted puede estar tranquilo sabiendo que estamos luchando por su derecho a una indemnizaci\u00f3n. En <a href=\"https:\/\/www.briskmanandbriskman.com\/es\/nuestros-abogados\/\">abogados en Briskman, Briskman y Greenberg<\/a> trabajamos con honorarios condicionales. S\u00f3lo nos pagar\u00e1 cuando consigamos su acuerdo o indemnizaci\u00f3n, y podemos empezar a trabajar en su caso sin ning\u00fan coste por adelantado. Si no ganamos su caso, usted no paga nada.<\/p>\n\n\n\n<p><strong>Prot\u00e9jase de las compa\u00f1\u00edas de seguros abusivas<\/strong><\/p>\n\n\n\n<p>Las demandas por lesiones personales rara vez llegan a juicio. El noventa y seis por ciento de las demandas por lesiones se resuelven extrajudicialmente, normalmente con una compa\u00f1\u00eda de seguros. Por desgracia, las compa\u00f1\u00edas de seguros son conocidas por su dificultad y falta de voluntad para pagar a las v\u00edctimas de accidentes de manera justa. Las compa\u00f1\u00edas de seguros utilizan la vulnerabilidad de las v\u00edctimas de accidentes en su contra. Esperan que usted no conozca sus derechos ante la ley. Estas enormes compa\u00f1\u00edas tienen muchos empleados entrenados para actuar a favor de la compa\u00f1\u00eda.<\/p>\n\n\n\n<h3 class=\"wp-block-heading\">\n\t\t\u00bfCu\u00e1nto tiempo tengo para actuar en mi caso de lesiones personales?\n\t<\/h3>\n\n\n\n<p>La cantidad de tiempo permitido para presentar una reclamaci\u00f3n por lesiones personales se conoce como el estatuto de limitaciones. Una reclamaci\u00f3n solo tiene que presentarse dentro del plazo de prescripci\u00f3n, no resolverse por completo, pero el incumplimiento de este plazo suele dar lugar a que se desestime el caso y se pierda la oportunidad de obtener una indemnizaci\u00f3n.<\/p>\n\n\n\n<p>Illinois concede dos a\u00f1os a partir de la fecha de la lesi\u00f3n para presentar una demanda por lesiones personales. En los casos en que el da\u00f1o no se descubri\u00f3 inmediatamente, el plazo de prescripci\u00f3n comienza en la fecha de descubrimiento de la lesi\u00f3n. Las reclamaciones contra una ciudad, condado o agencia gubernamental Illinois deben presentarse en el plazo de un a\u00f1o a partir de la lesi\u00f3n.<\/p>\n\n\n\n<p>Es crucial actuar con rapidez.&nbsp;<a href=\"https:\/\/www.briskmanandbriskman.com\/es\/abogados-de-accidentes-de-camiones-en-chicago-2\/\">Consulte cuanto antes a un abogado especializado en lesiones personales North Chicago<\/a>&nbsp;para evitar perder la oportunidad de recuperar dinero por su lesi\u00f3n. El trabajo de preparaci\u00f3n necesario para presentar una demanda por lesiones personales requiere tiempo para hacerlo bien y presentar un caso s\u00f3lido a su favor.<a href=\"https:\/\/www.briskmanandbriskman.com\/es\/abogados-de-accidentes-de-camiones-en-chicago-2\/\" target=\"_self\" role=\"button\" rel=\"noopener\">\n\t\t\t\t\t\t\tHable con un abogado\n\t\t\t\t\t<\/a><\/p>\n\n\n\n<h2 class=\"wp-block-heading\">\n\t\tGarant\u00eda Briskman\n\t<\/h2>\n\n\n\n<p>En Briskman, Briskman &amp; Greenberg, sabemos que usted tiene una opci\u00f3n al seleccionar un abogado de lesiones personales o de compensaci\u00f3n de trabajadores. Es por eso que <a href=\"https:\/\/www.briskmanandbriskman.com\/es\/la-garantia-briskman\/\">hemos creado la garant\u00eda Briskman<\/a>que es una promesa en seis partes que hacemos a cada uno de nuestros clientes:<\/p>\n\n\n\n<p>La garant\u00eda Briskman representa el compromiso de nuestro bufete con nuestros clientes y sus familias. Otros bufetes pueden afirmar que dan prioridad a sus clientes, pero nuestros testimonios y nuestro historial de \u00e9xitos hablan por s\u00ed solos.<\/p>\n\n\n\n<p>1. Recibir\u00e1 una consulta gratuita con un abogado experimentado.<\/p>\n\n\n\n<p>2. Como no utilizamos filtros de llamadas, usted hablar\u00e1 con un abogado cuando llame a nuestra oficina.<\/p>\n\n\n\n<p>3. Nunca tendr\u00e1 que pagar honorarios a menos que podamos ayudarle a obtener una indemnizaci\u00f3n por sus lesiones.<\/p>\n\n\n\n<p>4. Siempre le trataremos con cortes\u00eda y respeto.<\/p>\n\n\n\n<p>5. Le mantendremos informado de todas las novedades importantes que se produzcan en su caso.<\/p>\n\n\n\n<p>6. Le responderemos r\u00e1pidamente a sus llamadas y correos electr\u00f3nicos.<\/p>\n\n\n\n<h3 class=\"wp-block-heading\">Recursos adicionales sobre lesiones personales<\/h3>\n\n\n\n<ul class=\"wp-block-list\">\n<li><a href=\"https:\/\/www.briskmanandbriskman.com\/es\/best-personal-injury-lawyer-practices\/\">Las mejores pr\u00e1cticas de abogados de lesiones personales Chicago<\/a><\/li>\n\n\n\n<li><a href=\"https:\/\/www.briskmanandbriskman.com\/es\/centros-de-informacion\/danos-personales\/\">Chicago Centro de lesiones personales<\/a>\n<ul class=\"wp-block-list\">\n<li><a href=\"https:\/\/www.briskmanandbriskman.com\/es\/centros-de-informacion\/danos-personales\/puedo-despedir-a-mi-abogado-de-lesiones-personales\/\">\u00bfPuedo despedir a mi abogado de lesiones personales?<\/a><\/li>\n\n\n\n<li><a href=\"https:\/\/www.briskmanandbriskman.com\/es\/centros-de-informacion\/danos-personales\/tipos-comunes-de-casos-de-lesiones-personales\/\">Tipos comunes de casos de lesiones personales en Chicago<\/a><\/li>\n\n\n\n<li><a href=\"https:\/\/www.briskmanandbriskman.com\/es\/centros-de-informacion\/danos-personales\/tengo-que-pagar-para-recibir-una-consulta-sobre-mi-caso-de-lesiones-personales\/\">\u00bfTengo que pagar para recibir una consulta sobre mi caso de lesiones personales?<\/a><\/li>\n\n\n\n<li><a href=\"https:\/\/www.briskmanandbriskman.com\/es\/centros-de-informacion\/danos-personales\/como-puedo-saber-si-tengo-un-caso-de-danos-personales\/\">\u00bfC\u00f3mo s\u00e9 si tengo una demanda por lesiones personales?<\/a><\/li>\n\n\n\n<li><a href=\"https:\/\/www.briskmanandbriskman.com\/es\/centros-de-informacion\/danos-personales\/cuanto-vale-mi-caso\/\">\u00bfCu\u00e1nto vale mi caso de lesiones personales?<\/a><\/li>\n\n\n\n<li><a href=\"https:\/\/www.briskmanandbriskman.com\/es\/centros-de-informacion\/danos-personales\/cuanto-durara-mi-caso\/\">\u00bfDe cu\u00e1nto tiempo dispongo para presentar una demanda por lesiones personales en Chicago?<\/a><\/li>\n\n\n\n<li><a href=\"https:\/\/www.briskmanandbriskman.com\/es\/centros-de-informacion\/danos-personales\/como-proteger-a-sus-seres-queridos-de-los-malos-tratos-y-la-negligencia-en-residencias-de-ancianos\/\">C\u00f3mo proteger a sus seres queridos de los malos tratos y el abandono en residencias de ancianos<\/a><\/li>\n\n\n\n<li><a href=\"https:\/\/www.briskmanandbriskman.com\/es\/centros-de-informacion\/danos-personales\/proceso-judicial\/\">\u00bfQu\u00e9 ocurre durante una demanda por lesiones personales?<\/a><\/li>\n\n\n\n<li><a href=\"https:\/\/www.briskmanandbriskman.com\/es\/centros-de-informacion\/danos-personales\/que-son-los-honorarios-condicionales\/\">\u00bfQu\u00e9 son los honorarios condicionales?<\/a><\/li>\n\n\n\n<li><a href=\"https:\/\/www.briskmanandbriskman.com\/es\/centros-de-informacion\/danos-personales\/que-es-la-negligencia\/\">\u00bfQu\u00e9 es la negligencia?<\/a><\/li>\n\n\n\n<li><a href=\"https:\/\/www.briskmanandbriskman.com\/es\/centros-de-informacion\/danos-personales\/que-es-un-dano-personal\/\">\u00bfQu\u00e9 son los da\u00f1os personales?<\/a><\/li>\n\n\n\n<li><a href=\"https:\/\/www.briskmanandbriskman.com\/es\/centros-de-informacion\/danos-personales\/lo-que-debe-saber-sobre-el-traumatismo-craneoencefalico\/\">Lo que debe saber sobre el da\u00f1o cerebral traum\u00e1tico<\/a><\/li>\n<\/ul>\n<\/li>\n\n\n\n<li><a href=\"https:\/\/www.briskmanandbriskman.com\/es\/necesito-un-abogado-de-lesiones-personales-chicago\/\">\u00bfNecesito un abogado de lesiones personales Chicago?<\/a><\/li>\n\n\n\n<li><a href=\"https:\/\/www.briskmanandbriskman.com\/es\/por-que-contratar-a-un-abogado\/\">\u00bfPor qu\u00e9 contratar a un abogado de lesiones personales?<\/a><\/li>\n\n\n\n<li><a href=\"https:\/\/www.briskmanandbriskman.com\/es\/infografia\/respuestas-a-sus-preguntas-sobre-danos-corporales\/\">Respuestas a sus preguntas sobre lesiones personales<\/a><\/li>\n\n\n\n<li><a href=\"https:\/\/www.briskmanandbriskman.com\/es\/infografia\/que-debo-esperar-de-mi-caso-de-lesiones-personales\/\">\u00bfQu\u00e9 debo esperar de mi caso de lesiones personales?<\/a><\/li>\n\n\n\n<li><a href=\"https:\/\/www.briskmanandbriskman.com\/es\/infografia\/que-puede-esperar-de-su-abogado-de-lesiones-personales\/\">Qu\u00e9 puede esperar de su abogado de lesiones personales<\/a><\/li>\n\n\n\n<li><a href=\"https:\/\/www.briskmanandbriskman.com\/es\/infografia\/por-que-deberia-contratar-a-un-abogado-de-lesiones-personales\/\">\u00bfPor qu\u00e9 deber\u00eda contratar a un abogado de lesiones personales?<\/a><\/li>\n\n\n\n<li><a href=\"https:\/\/www.briskmanandbriskman.com\/es\/historias-web\/fundamentos-de-las-lesiones-personales-en-illinois\/\">Illinois Aspectos b\u00e1sicos de los da\u00f1os personales<\/a><\/li>\n\n\n\n<li><a href=\"https:\/\/www.briskmanandbriskman.com\/es\/historias-web\/que-ocurre-durante-una-demanda-por-lesiones-personales\/\">\u00bfQu\u00e9 ocurre durante una demanda por lesiones personales?<\/a><\/li>\n\n\n\n<li><a href=\"https:\/\/www.briskmanandbriskman.com\/es\/historias-web\/por-que-contratar-a-un-abogado-de-lesiones-personales\/\">Gu\u00eda m\u00f3vil sobre por qu\u00e9 contratar a un abogado de lesiones personales<\/a><\/li>\n<\/ul>\n\n\n\n<h3 class=\"wp-block-heading\">Abogados de lesiones personales disponibles en todo Illinois<\/h3>\n\n\n\n<ul class=\"wp-block-list\">\n<li><a href=\"https:\/\/www.briskmanandbriskman.com\/es\/\">Chicago abogados de lesiones personales<\/a><\/li>\n\n\n\n<li><a href=\"https:\/\/www.briskmanandbriskman.com\/es\/lugares\/arboleda-de-bufalo\/abogado-de-lesiones-personales\/\">Buffalo Grove Abogados de lesiones personales<\/a><\/li>\n\n\n\n<li><a href=\"https:\/\/www.briskmanandbriskman.com\/es\/lugares\/gurnee\/abogados-de-danos-personales\/\">Gurnee Abogados de lesiones personales<\/a><\/li>\n\n\n\n<li><a href=\"https:\/\/www.briskmanandbriskman.com\/es\/lugares\/joliet\/abogados-de-danos-personales\/\">Joliet Abogados de lesiones personales<\/a><\/li>\n\n\n\n<li><a href=\"https:\/\/www.briskmanandbriskman.com\/es\/lugares\/condado-del-lago\/abogados-de-danos-personales\/\">Abogados de lesiones personales en Lake County<\/a><\/li>\n\n\n\n<li><a href=\"https:\/\/www.briskmanandbriskman.com\/es\/lugares\/mundelein\/abogados-de-danos-personales\/\">Mundelein Abogados de lesiones personales<\/a><\/li>\n\n\n\n<li><a href=\"https:\/\/www.briskmanandbriskman.com\/es\/lugares\/norte-de-chicago\/abogados-de-danos-personales\/\">North Chicago Abogados de lesiones personales<\/a><\/li>\n\n\n\n<li><a href=\"https:\/\/www.briskmanandbriskman.com\/es\/lugares\/orlandpark\/abogados-de-danos-personales\/\">Orland Park Abogados de lesiones personales<\/a><\/li>\n\n\n\n<li><a href=\"https:\/\/www.briskmanandbriskman.com\/es\/lugares\/waukegan\/abogados-de-lesiones-personales\/\">Waukegan Abogados de lesiones personales<\/a><\/li>\n\n\n\n<li><a href=\"https:\/\/www.briskmanandbriskman.com\/es\/lugares\/ruedas\/abogado-de-lesiones-personales-2\/\">Wheeling Abogado de lesiones personales<\/a><\/li>\n<\/ul>","protected":false},"excerpt":{"rendered":"<p>Cuando alguien resulta perjudicado por las acciones negligentes de otro, tiene derecho a reclamar una indemnizaci\u00f3n por los da\u00f1os sufridos. Cada a\u00f1o se presentan en Estados Unidos unas 400.000 demandas por lesiones personales. Estos casos van desde accidentes de coche a lesiones laborales o negligencias m\u00e9dicas.  Es extremadamente dif\u00edcil recuperarse tras una lesi\u00f3n....<\/p>","protected":false},"author":1,"featured_media":11095,"parent":7887,"menu_order":0,"comment_status":"closed","ping_status":"closed","template":"","meta":{"_acf_changed":false,"footnotes":""},"class_list":["post-7889","page","type-page","status-publish","has-post-thumbnail","hentry"],"acf":[],"_links":{"self":[{"href":"https:\/\/www.briskmanandbriskman.com\/es\/wp-json\/wp\/v2\/pages\/7889","targetHints":{"allow":["GET"]}}],"collection":[{"href":"https:\/\/www.briskmanandbriskman.com\/es\/wp-json\/wp\/v2\/pages"}],"about":[{"href":"https:\/\/www.briskmanandbriskman.com\/es\/wp-json\/wp\/v2\/types\/page"}],"author":[{"embeddable":true,"href":"https:\/\/www.briskmanandbriskman.com\/es\/wp-json\/wp\/v2\/users\/1"}],"replies":[{"embeddable":true,"href":"https:\/\/www.briskmanandbriskman.com\/es\/wp-json\/wp\/v2\/comments?post=7889"}],"version-history":[{"count":9,"href":"https:\/\/www.briskmanandbriskman.com\/es\/wp-json\/wp\/v2\/pages\/7889\/revisions"}],"predecessor-version":[{"id":14911,"href":"https:\/\/www.briskmanandbriskman.com\/es\/wp-json\/wp\/v2\/pages\/7889\/revisions\/14911"}],"up":[{"embeddable":true,"href":"https:\/\/www.briskmanandbriskman.com\/es\/wp-json\/wp\/v2\/pages\/7887"}],"wp:featuredmedia":[{"embeddable":true,"href":"https:\/\/www.briskmanandbriskman.com\/es\/wp-json\/wp\/v2\/media\/11095"}],"wp:attachment":[{"href":"https:\/\/www.briskmanandbriskman.com\/es\/wp-json\/wp\/v2\/media?parent=7889"}],"curies":[{"name":"wp","href":"https:\/\/api.w.org\/{rel}","templated":true}]}}