{"id":7887,"date":"2021-11-17T00:29:36","date_gmt":"2021-11-17T00:29:36","guid":{"rendered":"https:\/\/www.briskmanandbriskman.com\/?page_id=7887"},"modified":"2024-03-28T21:16:56","modified_gmt":"2024-03-28T21:16:56","slug":"norte-de-chicago","status":"publish","type":"page","link":"https:\/\/www.briskmanandbriskman.com\/es\/locations\/north-chicago\/","title":{"rendered":"North Chicago"},"content":{"rendered":"<p>Cada a\u00f1o se presentan en Estados Unidos unas 400.000 demandas por lesiones personales. Estos casos van desde accidentes de coche a lesiones laborales o negligencias m\u00e9dicas.  Es dif\u00edcil recuperarse tras una lesi\u00f3n. No s\u00f3lo hay dolor f\u00edsico e incapacidad, sino que puede ser duro superar el da\u00f1o financiero causado por el accidente. Por eso existen las demandas por lesiones personales y los abogados: para ayudar a las v\u00edctimas de accidentes a obtener la indemnizaci\u00f3n que merecen.\u00a0<\/p>\n\n\n\n<p><strong>Obtenga m\u00e1s informaci\u00f3n sobre nuestros servicios de lesiones personales North Chicago:<\/strong><\/p>\n\n\n<ul class=\"list-pages-shortcode child-pages\"><li class=\"page_item page-item-14328\"><a href=\"https:\/\/www.briskmanandbriskman.com\/es\/locations\/north-chicago\/motorcycle-accident-lawyer-in-north-chicago\/\">Motorcycle Accident Lawyer in North Chicago<\/a><\/li>\n<li class=\"page_item page-item-9065\"><a href=\"https:\/\/www.briskmanandbriskman.com\/es\/locations\/north-chicago\/car-accident-attorneys\/\">North Chicago Abogados de accidentes de tr\u00e1fico<\/a><\/li>\n<li class=\"page_item page-item-13401\"><a href=\"https:\/\/www.briskmanandbriskman.com\/es\/locations\/north-chicago\/construction-accident-attorneys\/\">North Chicago Abogados de accidentes de la construcci\u00f3n<\/a><\/li>\n<li class=\"page_item page-item-9069\"><a href=\"https:\/\/www.briskmanandbriskman.com\/es\/locations\/north-chicago\/dog-bite-lawyers\/\">North Chicago Abogados de mordeduras de perro<\/a><\/li>\n<li class=\"page_item page-item-9107\"><a href=\"https:\/\/www.briskmanandbriskman.com\/es\/locations\/north-chicago\/medical-malpractice-attorneys\/\">North Chicago Abogados de negligencia m\u00e9dica<\/a><\/li>\n<li class=\"page_item page-item-7889\"><a href=\"https:\/\/www.briskmanandbriskman.com\/es\/locations\/north-chicago\/personal-injury-lawyers\/\">North Chicago Abogados de lesiones personales<\/a><\/li>\n<li class=\"page_item page-item-9104\"><a href=\"https:\/\/www.briskmanandbriskman.com\/es\/locations\/north-chicago\/slip-and-fall-attorneys\/\">North Chicago Abogados de resbalones y ca\u00eddas<\/a><\/li>\n<li class=\"page_item page-item-9097\"><a href=\"https:\/\/www.briskmanandbriskman.com\/es\/locations\/north-chicago\/trucking-accident-lawyer\/\">North Chicago Abogado de accidente de cami\u00f3n<\/a><\/li>\n<li class=\"page_item page-item-13311\"><a href=\"https:\/\/www.briskmanandbriskman.com\/es\/locations\/north-chicago\/workers-compensation-attorneys\/\">North Chicago Abogados de indemnizaci\u00f3n por accidentes laborales<\/a><\/li>\n<\/ul>","protected":false},"excerpt":{"rendered":"<p>Cada a\u00f1o se presentan en Estados Unidos unas 400.000 demandas por lesiones personales. Estos casos van desde accidentes de coche a lesiones laborales o negligencias m\u00e9dicas.  Es dif\u00edcil recuperarse tras una lesi\u00f3n. No s\u00f3lo hay dolor f\u00edsico e incapacidad, sino que puede ser duro superar el da\u00f1o financiero causado por la...<\/p>","protected":false},"author":1,"featured_media":11083,"parent":6524,"menu_order":0,"comment_status":"closed","ping_status":"closed","template":"","meta":{"_acf_changed":false,"footnotes":""},"class_list":["post-7887","page","type-page","status-publish","has-post-thumbnail","hentry"],"acf":[],"_links":{"self":[{"href":"https:\/\/www.briskmanandbriskman.com\/es\/wp-json\/wp\/v2\/pages\/7887","targetHints":{"allow":["GET"]}}],"collection":[{"href":"https:\/\/www.briskmanandbriskman.com\/es\/wp-json\/wp\/v2\/pages"}],"about":[{"href":"https:\/\/www.briskmanandbriskman.com\/es\/wp-json\/wp\/v2\/types\/page"}],"author":[{"embeddable":true,"href":"https:\/\/www.briskmanandbriskman.com\/es\/wp-json\/wp\/v2\/users\/1"}],"replies":[{"embeddable":true,"href":"https:\/\/www.briskmanandbriskman.com\/es\/wp-json\/wp\/v2\/comments?post=7887"}],"version-history":[{"count":2,"href":"https:\/\/www.briskmanandbriskman.com\/es\/wp-json\/wp\/v2\/pages\/7887\/revisions"}],"predecessor-version":[{"id":12283,"href":"https:\/\/www.briskmanandbriskman.com\/es\/wp-json\/wp\/v2\/pages\/7887\/revisions\/12283"}],"up":[{"embeddable":true,"href":"https:\/\/www.briskmanandbriskman.com\/es\/wp-json\/wp\/v2\/pages\/6524"}],"wp:featuredmedia":[{"embeddable":true,"href":"https:\/\/www.briskmanandbriskman.com\/es\/wp-json\/wp\/v2\/media\/11083"}],"wp:attachment":[{"href":"https:\/\/www.briskmanandbriskman.com\/es\/wp-json\/wp\/v2\/media?parent=7887"}],"curies":[{"name":"wp","href":"https:\/\/api.w.org\/{rel}","templated":true}]}}