{"id":7806,"date":"2021-11-04T21:54:07","date_gmt":"2021-11-04T21:54:07","guid":{"rendered":"https:\/\/www.briskmanandbriskman.com\/?page_id=7806"},"modified":"2024-03-28T21:16:13","modified_gmt":"2024-03-28T21:16:13","slug":"condado-del-lago","status":"publish","type":"page","link":"https:\/\/www.briskmanandbriskman.com\/es\/locations\/lake-county\/","title":{"rendered":"Lake County Abogados de lesiones"},"content":{"rendered":"<p>En\u00a0<a href=\"https:\/\/www.briskmanandbriskman.com\/es\/\">Briskman Briskman &amp; Greenberg<\/a>Nuestros abogados especializados en lesiones personales Lake County comienzan cada relaci\u00f3n dedicando todo el tiempo que sea necesario a conocerle y a comprender c\u00f3mo el accidente ha afectado a su vida. Esto nos permite identificar el alcance total de sus da\u00f1os econ\u00f3micos y no econ\u00f3micos, que podemos utilizar para guiarnos a trav\u00e9s de las negociaciones de liquidaci\u00f3n con la compa\u00f1\u00eda de seguros del otro conductor.<\/p>\n\n\n\n<p>M\u00e1s informaci\u00f3n sobre nuestros servicios de lesiones personales Lake County:<\/p>\n\n\n<ul class=\"list-pages-shortcode child-pages\"><li class=\"page_item page-item-8385\"><a href=\"https:\/\/www.briskmanandbriskman.com\/es\/locations\/lake-county\/car-accident-attorneys\/\">Abogados de accidentes de tr\u00e1fico en Lake County<\/a><\/li>\n<li class=\"page_item page-item-7811\"><a href=\"https:\/\/www.briskmanandbriskman.com\/es\/locations\/lake-county\/dog-bite-lawyer\/\">Abogado de mordeduras de perro en Lake County<\/a><\/li>\n<li class=\"page_item page-item-9306\"><a href=\"https:\/\/www.briskmanandbriskman.com\/es\/locations\/lake-county\/medical-malpractice-lawyers\/\">Lake County Abogados especializados en negligencias m\u00e9dicas<\/a><\/li>\n<li class=\"page_item page-item-14326\"><a href=\"https:\/\/www.briskmanandbriskman.com\/es\/locations\/lake-county\/lake-county-motorcycle-accident-attorney\/\">Lake County Motorcycle Accident Attorney<\/a><\/li>\n<li class=\"page_item page-item-9174\"><a href=\"https:\/\/www.briskmanandbriskman.com\/es\/locations\/lake-county\/slip-and-fall-attorneys-2\/\">Lake County Abogados de resbalones y ca\u00eddas<\/a><\/li>\n<li class=\"page_item page-item-9046\"><a href=\"https:\/\/www.briskmanandbriskman.com\/es\/locations\/lake-county\/truck-accident-lawyer\/\">Lake County Abogados de accidentes de cami\u00f3n<\/a><\/li>\n<li class=\"page_item page-item-9118\"><a href=\"https:\/\/www.briskmanandbriskman.com\/es\/locations\/lake-county\/workers-compensation-attorneys\/\">Lake County Abogados de indemnizaci\u00f3n por accidentes laborales<\/a><\/li>\n<li class=\"page_item page-item-9053\"><a href=\"https:\/\/www.briskmanandbriskman.com\/es\/locations\/lake-county\/wrongful-death-attorney\/\">Lake County Abogados de Homicidio Culposo<\/a><\/li>\n<li class=\"page_item page-item-7808\"><a href=\"https:\/\/www.briskmanandbriskman.com\/es\/locations\/lake-county\/personal-injury-lawyers\/\">Abogados de lesiones personales en Lake County<\/a><\/li>\n<\/ul>","protected":false},"excerpt":{"rendered":"<p>En Briskman Briskman &amp; Greenberg, nuestros dedicados Lake County abogados de lesiones personales comienzan cada relaci\u00f3n por pasar tanto tiempo como sea necesario para llegar a conocerte y entender c\u00f3mo el accidente impact\u00f3 en su vida. Esto nos permite identificar el alcance total de sus da\u00f1os econ\u00f3micos y no econ\u00f3micos, que podemos utilizar para guiarnos a trav\u00e9s de...<\/p>","protected":false},"author":1,"featured_media":0,"parent":6524,"menu_order":0,"comment_status":"closed","ping_status":"closed","template":"","meta":{"_acf_changed":false,"footnotes":""},"class_list":["post-7806","page","type-page","status-publish","hentry"],"acf":[],"_links":{"self":[{"href":"https:\/\/www.briskmanandbriskman.com\/es\/wp-json\/wp\/v2\/pages\/7806","targetHints":{"allow":["GET"]}}],"collection":[{"href":"https:\/\/www.briskmanandbriskman.com\/es\/wp-json\/wp\/v2\/pages"}],"about":[{"href":"https:\/\/www.briskmanandbriskman.com\/es\/wp-json\/wp\/v2\/types\/page"}],"author":[{"embeddable":true,"href":"https:\/\/www.briskmanandbriskman.com\/es\/wp-json\/wp\/v2\/users\/1"}],"replies":[{"embeddable":true,"href":"https:\/\/www.briskmanandbriskman.com\/es\/wp-json\/wp\/v2\/comments?post=7806"}],"version-history":[{"count":2,"href":"https:\/\/www.briskmanandbriskman.com\/es\/wp-json\/wp\/v2\/pages\/7806\/revisions"}],"predecessor-version":[{"id":12281,"href":"https:\/\/www.briskmanandbriskman.com\/es\/wp-json\/wp\/v2\/pages\/7806\/revisions\/12281"}],"up":[{"embeddable":true,"href":"https:\/\/www.briskmanandbriskman.com\/es\/wp-json\/wp\/v2\/pages\/6524"}],"wp:attachment":[{"href":"https:\/\/www.briskmanandbriskman.com\/es\/wp-json\/wp\/v2\/media?parent=7806"}],"curies":[{"name":"wp","href":"https:\/\/api.w.org\/{rel}","templated":true}]}}