{"id":7790,"date":"2021-10-31T19:58:36","date_gmt":"2021-10-31T19:58:36","guid":{"rendered":"https:\/\/www.briskmanandbriskman.com\/?page_id=7790"},"modified":"2024-03-05T21:39:57","modified_gmt":"2024-03-05T21:39:57","slug":"abogado-de-muerte-por-negligencia","status":"publish","type":"page","link":"https:\/\/www.briskmanandbriskman.com\/es\/locations\/wheeling\/wrongful-death-attorney\/","title":{"rendered":"Wheeling Abogado de homicidio culposo"},"content":{"rendered":"<h2 class=\"wp-block-heading\">Wheeling Reclamaciones por homicidio culposo<\/h2>\n\n\n\n<p><a href=\"https:\/\/www.briskmanandbriskman.com\/es\/areas-de-practica\/muerte-por-negligencia\/\">Perder a un ser querido en un accidente<\/a> es una tragedia como ninguna otra. Sin embargo, cuando el accidente era totalmente evitable y el resultado de la negligencia de otra persona, que s\u00f3lo se suma a la tristeza y el dolor de la experiencia de los miembros de la familia. En el bufete de abogados Wheeling de muerte por negligencia de Briskman Briskman &amp; Greenberg, nuestro compasivo equipo de abogados puede ayudarle a entender sus derechos despu\u00e9s de perder a un familiar en un accidente mortal. Tenemos m\u00e1s de 35 a\u00f1os de experiencia ayudando a las familias a superar las cargas financieras que vienen junto con estas tragedias y tomar todas las medidas posibles para hacer el proceso lo m\u00e1s f\u00e1cil posible para usted.<\/p>\n\n\n\n<p><strong>\u00bfQu\u00e9 es una demanda por homicidio culposo?<\/strong><\/p>\n\n\n\n<p>Las demandas por homicidio culposo son un tipo de demanda por lesiones personales. Sin embargo, dado que la v\u00edctima del accidente no puede presentar el caso por s\u00ed misma, estos casos son presentados por el representante personal de su patrimonio. Un representante personal es una persona nombrada en el testamento de la v\u00edctima del accidente a quien designa para ocuparse de sus asuntos despu\u00e9s de su muerte. Si una v\u00edctima de accidente no nombr\u00f3 a un representante personal, el tribunal nombrar\u00e1 a uno.<\/p>\n\n\n\n<p>Seg\u00fan la ley Illinois, se produce un homicidio culposo siempre que alguien muere como consecuencia de un \"acto culposo, negligencia o incumplimiento\" de otra persona. En lenguaje llano, esto significa que la muerte de la v\u00edctima del accidente fue causada por el acto negligente o la omisi\u00f3n de otra persona.<\/p>\n\n\n\n<p>Una demanda por homicidio culposo Wheeling puede presentarse tras cualquier tipo de accidente, pero la mayor\u00eda de las veces se trata de los siguientes tipos de casos:<\/p>\n\n\n\n<p><strong>Accidentes de tr\u00e1fico<\/strong><\/p>\n\n\n\n<p>Los accidentes de gato, cami\u00f3n y motocicleta casi siempre son evitables, si el conductor culpable hubiera tomado las precauciones necesarias. Sin embargo, los conductores a menudo tienen prisa o est\u00e1n distra\u00eddos, lo que les lleva a comportarse de forma peligrosa al volante. Cuando un conductor negligente provoca un accidente mortal, se le puede exigir responsabilidades a trav\u00e9s de una demanda por homicidio culposo Wheeling.<\/p>\n\n\n\n<p><strong>Resbalones y ca\u00eddas<\/strong><\/p>\n\n\n\n<p>Las ca\u00eddas son la principal causa de lesiones evitables en Estados Unidos entre la mayor\u00eda de los grupos de edad. Por lo general, las empresas y otros propietarios tienen la obligaci\u00f3n de cuidar a los clientes para garantizar que la zona que se les ofrece es razonablemente segura. Si un negocio u otro propietario realiza reparaciones negligentes -o no repara en absoluto un peligro conocido- puede ser responsable de las lesiones resultantes.<\/p>\n\n\n\n<p><strong>Negligencia m\u00e9dica<\/strong><\/p>\n\n\n\n<p>La mala praxis m\u00e9dica, o negligencia m\u00e9dica, se produce cuando un trabajador sanitario no proporciona un nivel aceptable de atenci\u00f3n a un paciente. Las demandas m\u00e1s comunes por negligencia m\u00e9dica incluyen errores quir\u00fargicos, diagn\u00f3sticos err\u00f3neos, lectura incorrecta de los resultados de laboratorio, errores de medicaci\u00f3n y lesiones en el parto.<\/p>\n\n\n\n<p><strong>Productos defectuosos o peligrosos<\/strong><\/p>\n\n\n\n<p>Los fabricantes y otros agentes de la cadena de suministro tienen la obligaci\u00f3n legal de garantizar a los consumidores que los productos son seguros para el uso al que est\u00e1n destinados. Sin embargo, a menudo las empresas tienen prisa por sacar un producto al mercado y pueden no realizar todas las pruebas de seguridad necesarias para garantizar que un producto es seguro. En estos casos, el fabricante puede ser considerado responsable mediante una demanda de responsabilidad por producto defectuoso.<\/p>\n\n\n\n<p><strong>Accidente laboral<\/strong><\/p>\n\n\n\n<p>Aunque las leyes de indemnizaci\u00f3n de los trabajadores Illinois cubren la mayor\u00eda de los accidentes laborales Wheeling, los accidentes en los que interviene la negligencia de alguien que no es su empresario quedan fuera del \u00e1mbito del sistema de indemnizaci\u00f3n de los trabajadores. En estos casos, la familia de la v\u00edctima del accidente puede presentar una demanda contra la parte negligente responsable de la muerte de su ser querido.<\/p>\n\n\n\n<p><strong>Abusos y negligencias en residencias de ancianos<\/strong><\/p>\n\n\n\n<p>Las residencias de ancianos tienen el deber para con los residentes de proporcionarles un lugar seguro donde vivir y velar por que est\u00e9n bien atendidos. Sin embargo, las residencias de ancianos Wheeling tienen fama de hacer recortes. A menudo, las residencias de ancianos tratan de mejorar su cuenta de resultados con menos personal del necesario. Sin embargo, cuando la direcci\u00f3n hace esto, sobrecarga a un personal ya de por s\u00ed muy ocupado, llev\u00e1ndolo al l\u00edmite. Como resultado, los casos de abuso y negligencia son bastante comunes.<\/p>\n\n\n\n<h3 class=\"wp-block-heading\">P\u00f3ngase en contacto con los abogados de muerte por negligencia Wheeling en Briskman Briskman &amp; Greenberg<\/h3>\n\n\n\n<p>Si ha perdido recientemente a un ser querido en un accidente evitable, puede tener la sensaci\u00f3n de que la vida nunca volver\u00e1 a ser \"normal\". Sin embargo, con el tiempo, superar\u00e1 su duelo y empezar\u00e1 a seguir adelante. Si las persistentes cargas financieras asociadas con su p\u00e9rdida se suman a los desaf\u00edos que est\u00e1 enfrentando, considere la posibilidad de llegar a los abogados de homicidio culposo en Briskman Briskman &amp; Greenberg. Hemos reunido un equipo dedicado de abogados de lesiones personales Wheeling que compasivamente manejar las reclamaciones en nombre de los miembros de la familia en duelo, teniendo cuidado de poner sus intereses en primer lugar en cada paso del camino. Para obtener m\u00e1s informaci\u00f3n y programar una consulta gratuita, <a href=\"tel:1-877-595-4878\">ll\u00e1menos al 877-595-4878<\/a>. Tambi\u00e9n puede <a href=\"https:\/\/www.briskmanandbriskman.com\/es\/abogados-de-accidentes-de-camiones-en-chicago-2\/\">con\u00e9ctese con nosotros a trav\u00e9s de nuestro formulario en l\u00ednea<\/a>.<\/p>","protected":false},"excerpt":{"rendered":"<p>Wheeling Reclamaciones por homicidio culposo Perder a un ser querido en un accidente es una tragedia sin igual. Sin embargo, cuando el accidente era totalmente evitable y el resultado de la negligencia de otra persona, s\u00f3lo se suma a la tristeza y el dolor de la experiencia de los miembros de la familia. En el bufete de abogados de muerte por negligencia de Wheeling...<\/p>","protected":false},"author":1,"featured_media":11031,"parent":7593,"menu_order":0,"comment_status":"closed","ping_status":"closed","template":"","meta":{"_acf_changed":false,"footnotes":""},"class_list":["post-7790","page","type-page","status-publish","has-post-thumbnail","hentry"],"acf":[],"_links":{"self":[{"href":"https:\/\/www.briskmanandbriskman.com\/es\/wp-json\/wp\/v2\/pages\/7790","targetHints":{"allow":["GET"]}}],"collection":[{"href":"https:\/\/www.briskmanandbriskman.com\/es\/wp-json\/wp\/v2\/pages"}],"about":[{"href":"https:\/\/www.briskmanandbriskman.com\/es\/wp-json\/wp\/v2\/types\/page"}],"author":[{"embeddable":true,"href":"https:\/\/www.briskmanandbriskman.com\/es\/wp-json\/wp\/v2\/users\/1"}],"replies":[{"embeddable":true,"href":"https:\/\/www.briskmanandbriskman.com\/es\/wp-json\/wp\/v2\/comments?post=7790"}],"version-history":[{"count":1,"href":"https:\/\/www.briskmanandbriskman.com\/es\/wp-json\/wp\/v2\/pages\/7790\/revisions"}],"predecessor-version":[{"id":11200,"href":"https:\/\/www.briskmanandbriskman.com\/es\/wp-json\/wp\/v2\/pages\/7790\/revisions\/11200"}],"up":[{"embeddable":true,"href":"https:\/\/www.briskmanandbriskman.com\/es\/wp-json\/wp\/v2\/pages\/7593"}],"wp:featuredmedia":[{"embeddable":true,"href":"https:\/\/www.briskmanandbriskman.com\/es\/wp-json\/wp\/v2\/media\/11031"}],"wp:attachment":[{"href":"https:\/\/www.briskmanandbriskman.com\/es\/wp-json\/wp\/v2\/media?parent=7790"}],"curies":[{"name":"wp","href":"https:\/\/api.w.org\/{rel}","templated":true}]}}