{"id":7762,"date":"2021-10-27T20:57:54","date_gmt":"2021-10-27T20:57:54","guid":{"rendered":"https:\/\/www.briskmanandbriskman.com\/?page_id=7762"},"modified":"2021-10-27T20:57:54","modified_gmt":"2021-10-27T20:57:54","slug":"que-hacer-tras-una-mordedura-de-perro","status":"publish","type":"page","link":"https:\/\/www.briskmanandbriskman.com\/es\/what-to-do-after-a-dog-bite\/","title":{"rendered":"Qu\u00e9 hacer tras una mordedura de perro"},"content":{"rendered":"<p>Most people have overwhelmingly positive associations with dogs, and nobody expects to be bitten by a dog. However, each year, more than 4.5 million people are attacked by a dog. Of those, over 850,000 require medical care.\u00a0In many cases, an animal owner\u2019s homeowner\u2019s insurance policy covers the costs of a dog bite victim\u2019s injuries. In fact, in 2020, homeowner\u2019s insurance companies paid out more than $854 million in dog bite claims.\u00a0At Briskman Briskman &#038; Greenberg Personal Injury &#038; Car Accident Lawyers, our <a href=\"https:\/\/www.briskmanandbriskman.com\/es\/areas-de-practica\/abogado-de-mordedura-de-perro-chicago\/\">Illinois abogados de mordeduras de perro<\/a> tienen una amplia experiencia en la tramitaci\u00f3n de estas demandas complejas y saben c\u00f3mo establecer eficazmente la responsabilidad del propietario de un animal, as\u00ed como el alcance total de sus lesiones.<\/p>\n<p>Despu\u00e9s de ser atacado por un perro, es posible que tenga muchas preguntas. Estos casos suelen ser complicados. Sin embargo, es importante recordar que, en la inmensa mayor\u00eda de los casos, la compa\u00f1\u00eda de seguros del due\u00f1o del perro es la responsable de cubrir tus gastos, no el propio due\u00f1o.<\/p>\n<p>Si un perro le ha atacado recientemente a usted o a un ser querido, hay algunos pasos que debe dar para preservar su capacidad de obtener una compensaci\u00f3n econ\u00f3mica por sus lesiones.<\/p>\n<p><strong>Obtener atenci\u00f3n m\u00e9dica inmediata<\/strong><\/p>\n<p>Tras una mordedura de perro, lo m\u00e1s importante es llamar al 911, acudir a un centro de urgencias o pedir cita con el m\u00e9dico. En casos de heridas graves, es necesaria atenci\u00f3n m\u00e9dica inmediata para evitar que las lesiones empeoren. Una de cada cinco heridas por mordedura de perro se infecta, lo que da lugar a otras muchas complicaciones. Aunque los m\u00e9dicos no puedan prevenir la infecci\u00f3n, pueden vigilar su estado y tratar cualquier infecci\u00f3n para disminuir las posibilidades de lesiones potencialmente de por vida. Adem\u00e1s, debe seguir todas las recomendaciones del m\u00e9dico tratante para obtener tratamiento m\u00e9dico de seguimiento.<\/p>\n<p><strong>Documentar d\u00f3nde se produjo el ataque<\/strong><\/p>\n<p>Las mordeduras de perro son incre\u00edblemente traum\u00e1ticas, y es frecuente olvidar los detalles de un ataque a menos que los anote. Una de las cosas m\u00e1s importantes que puede hacer tras una mordedura de perro es anotar d\u00f3nde se produjo el ataque. Si sabe a qui\u00e9n pertenec\u00eda el animal, an\u00f3telo tambi\u00e9n. Si la persona que estaba con el perro en ese momento afirma no ser el due\u00f1o del animal, debes anotar su nombre. Si es posible, recaba tambi\u00e9n informaci\u00f3n sobre el seguro del propietario.<\/p>\n<p><strong>Fotograf\u00ede sus lesiones<\/strong><\/p>\n<p>En cuanto puedas hacerlo sin peligro, haz algunas fotos de la zona afectada. Esto puede servir como prueba de la gravedad de tus lesiones. Aunque los profesionales sanitarios pueden tomar fotos, y t\u00fa tambi\u00e9n puedes hacerlo m\u00e1s adelante, las fotos tomadas inmediatamente despu\u00e9s de un ataque ilustran mucho mejor la gravedad de tus lesiones.\u00a0<\/p>\n<p><strong>Presentar un informe<\/strong><\/p>\n<p>Dependiendo de d\u00f3nde viva, tambi\u00e9n querr\u00e1 ponerse en contacto con el centro local de control de animales para informar del ataque. Los centros de control de animales hacen un seguimiento del n\u00famero de mordeduras de perro y determinan qu\u00e9 hacer con el perro despu\u00e9s de un ataque. A menudo, si un perro ataca una vez, hay muchas posibilidades de que vuelva a hacerlo. Denunciar la mordedura sirve como prueba del incidente y protege a otras personas que puedan encontrarse con el animal en el futuro.<\/p>\n<p><strong>Hable con un abogado experto en mordeduras de perro<\/strong><\/p>\n<p>Tras la mordedura de un perro, es probable que reciba una llamada de la compa\u00f1\u00eda de seguros del due\u00f1o del animal. Es posible que quieran hablar sobre el ataque, d\u00f3nde se encontraba usted, qu\u00e9 estaba haciendo y si aceptar\u00eda una determinada suma de dinero a cambio de un acuerdo para no presentar una demanda. Sin embargo, no debe acordar nada con la compa\u00f1\u00eda de seguros sin <a href=\"https:\/\/www.briskmanandbriskman.com\/es\/abogados-de-accidentes-de-camiones-en-chicago-2\/\">hablar con un abogado<\/a> primero. Si una compa\u00f1\u00eda de seguros est\u00e1 ofreciendo resolver un caso de inmediato, a menudo significa que sabe que el caso podr\u00eda resultar en un pago mucho mayor. Trabajar con un abogado con experiencia garantiza que reciba una indemnizaci\u00f3n completa y justa por sus lesiones.<\/p>\n<p><strong>\u00bfHa sido v\u00edctima de la mordedura de un perro?<\/strong><\/p>\n<p>Si usted, su hijo u otro miembro de su familia ha sufrido recientemente una mordedura o ataque de perro, p\u00f3ngase en contacto con el <a href=\"https:\/\/www.briskmanandbriskman.com\/es\/\">Illinois personal injury attorneys at Briskman Briskman &#038; Greenberg Personal Injury &#038; Car Accident Lawyers<\/a> a <a href=\"https:\/\/www.briskmanandbriskman.com\/es\/consulta-gratuita\/\">programar una consulta gratuita<\/a>. Desde 1987, <a href=\"https:\/\/www.briskmanandbriskman.com\/es\/\">Briskman Briskman &#038; Greenberg Personal Injury &#038; Car Accident Lawyers<\/a> ha estado ayudando a las v\u00edctimas de mordeduras de perro a buscar una compensaci\u00f3n significativa que les permita seguir adelante con sus vidas m\u00e1s f\u00e1cilmente despu\u00e9s de sufrir lesiones graves. Como parte de la <a href=\"https:\/\/www.briskmanandbriskman.com\/es\/la-garantia-briskman\/\">Briskman Garant\u00eda<\/a>Nunca le cobramos por nuestra representaci\u00f3n a menos que seamos capaces de ayudarle a recuperar la compensaci\u00f3n por sus lesiones. Para obtener m\u00e1s informaci\u00f3n y programar una consulta gratuita con uno de nuestros abogados de mordedura de perro Illinois, <a href=\"tel:1-877-595-4878\">ll\u00e1menos al 877-595-4878<\/a>. Tambi\u00e9n puede <a href=\"https:\/\/www.briskmanandbriskman.com\/es\/abogados-de-accidentes-de-camiones-en-chicago-2\/\">p\u00f3ngase en contacto con nosotros a trav\u00e9s de nuestro formulario de contacto en l\u00ednea<\/a>.<\/p>","protected":false},"excerpt":{"rendered":"<p>La mayor\u00eda de la gente tiene una asociaci\u00f3n abrumadoramente positiva con los perros, y nadie espera ser mordido por un perro. Sin embargo, cada a\u00f1o m\u00e1s de 4,5 millones de personas son atacadas por un perro. De ellas, m\u00e1s de 850.000 requieren atenci\u00f3n m\u00e9dica. En muchos casos, la p\u00f3liza de seguro del propietario del animal cubre los costes de las lesiones de la v\u00edctima de una mordedura de perro. En...<\/p>","protected":false},"author":1,"featured_media":0,"parent":0,"menu_order":0,"comment_status":"closed","ping_status":"closed","template":"","meta":{"_acf_changed":false,"footnotes":""},"class_list":["post-7762","page","type-page","status-publish","hentry"],"acf":[],"_links":{"self":[{"href":"https:\/\/www.briskmanandbriskman.com\/es\/wp-json\/wp\/v2\/pages\/7762","targetHints":{"allow":["GET"]}}],"collection":[{"href":"https:\/\/www.briskmanandbriskman.com\/es\/wp-json\/wp\/v2\/pages"}],"about":[{"href":"https:\/\/www.briskmanandbriskman.com\/es\/wp-json\/wp\/v2\/types\/page"}],"author":[{"embeddable":true,"href":"https:\/\/www.briskmanandbriskman.com\/es\/wp-json\/wp\/v2\/users\/1"}],"replies":[{"embeddable":true,"href":"https:\/\/www.briskmanandbriskman.com\/es\/wp-json\/wp\/v2\/comments?post=7762"}],"version-history":[{"count":1,"href":"https:\/\/www.briskmanandbriskman.com\/es\/wp-json\/wp\/v2\/pages\/7762\/revisions"}],"predecessor-version":[{"id":15361,"href":"https:\/\/www.briskmanandbriskman.com\/es\/wp-json\/wp\/v2\/pages\/7762\/revisions\/15361"}],"wp:attachment":[{"href":"https:\/\/www.briskmanandbriskman.com\/es\/wp-json\/wp\/v2\/media?parent=7762"}],"curies":[{"name":"wp","href":"https:\/\/api.w.org\/{rel}","templated":true}]}}