{"id":7647,"date":"2021-10-07T20:55:52","date_gmt":"2021-10-07T20:55:52","guid":{"rendered":"https:\/\/www.briskmanandbriskman.com\/?page_id=7647"},"modified":"2025-08-28T16:46:35","modified_gmt":"2025-08-28T16:46:35","slug":"que-es-el-seguro-de-responsabilidad-civil-por-mordedura-de-perro","status":"publish","type":"page","link":"https:\/\/www.briskmanandbriskman.com\/es\/what-is-dog-bite-liability-insurance\/","title":{"rendered":"\u00bfQu\u00e9 es el seguro de responsabilidad civil por mordedura de perro?"},"content":{"rendered":"<p><em><strong>El seguro de responsabilidad civil por mordedura de perro est\u00e1 pensado para cubrir lesiones por mordeduras de perro. Pero, \u00bfofrece las prestaciones que necesita una persona lesionada?<\/strong><\/em><\/p>\n\n\n\n<p>Las mordeduras de perro son frecuentes y suelen causar lesiones. Cada d\u00eda, m\u00e1s de 1.000 personas son atacadas por perros en Estados Unidos, lo que da lugar a que m\u00e1s de 850.000 v\u00edctimas de mordeduras de perro busquen atenci\u00f3n m\u00e9dica para sus lesiones.&nbsp;<\/p>\n\n\n\n<p>Muchas p\u00f3lizas de seguro de hogar ofrecen cobertura de responsabilidad civil por mordedura de perro. Estas p\u00f3lizas cubren la responsabilidad del propietario del animal, hasta los l\u00edmites de la p\u00f3liza, que suelen oscilar entre $100.000 y $300.000. Si los da\u00f1os superan los l\u00edmites de la p\u00f3liza, el propietario del perro debe aportar la diferencia. Si los da\u00f1os superan los l\u00edmites de la p\u00f3liza, el propietario del perro debe aportar la diferencia.<\/p>\n\n\n\n<p>En el <a href=\"https:\/\/www.briskmanandbriskman.com\/es\/areas-de-practica\/abogado-de-mordedura-de-perro-chicago\/\">Chicago bufete de abogados de mordeduras de perro de Briskman Briskman &amp; Greenberg<\/a>Estamos orgullosos de representar a individuos que fueron atacados por perros viciosos, ayud\u00e1ndoles a asegurar la compensaci\u00f3n monetaria que necesitan para comenzar el proceso de seguir adelante con sus vidas.<\/p>\n\n\n\n<div class=\"wp-block-rank-math-toc-block\" id=\"rank-math-toc\"><h2>Table of Contents<\/h2><nav><ul><li><a href=\"#dog-bite-liability-insurance-statistics\">Estad\u00edsticas del seguro de responsabilidad civil por mordedura de perro<\/a><\/li><li><a href=\"#common-illinois-dog-bite-injuries\">Lesiones comunes por mordedura de perro Illinois<\/a><\/li><li><a href=\"#what-does-dog-bite-liability-insurance-cover\">\u00bfQu\u00e9 cubre el seguro de responsabilidad civil por mordedura de perro?<\/a><\/li><li><a href=\"#recovering-compensation-after-a-dog-bite\">Indemnizaci\u00f3n por mordedura de perro<\/a><\/li><li><a href=\"#homeowners-or-renters-insurance\">Seguro de propietario o inquilino<\/a><\/li><li><a href=\"#dog-bite-liability-insurance\">Seguro de responsabilidad civil por mordedura de perro<\/a><\/li><li><a href=\"#other-avenues-for-compensation\">Otras v\u00edas de compensaci\u00f3n<\/a><\/li><li><a href=\"#contact-the-chicago-dog-bite-lawyers-at-briskman-briskman-greenberg\">P\u00f3ngase en contacto con los abogados Chicago mordedura de perro en Briskman Briskman &amp; Greenberg<\/a><\/li><\/ul><\/nav><\/div>\n\n\n\n<h2 class=\"wp-block-heading\" id=\"dog-bite-liability-insurance-statistics\">Estad\u00edsticas del seguro de responsabilidad civil por mordedura de perro<\/h2>\n\n\n\n<p>With approximately 88 million dogs in the United States, dog bites are more common than most people realize. Each year, about 4.5\u20134.7 million Americans are bitten, and roughly 20 percent of those bites become infected. In 2024, some 4.5 million people were bitten and over <a href=\"https:\/\/www.briskmanandbriskman.com\/es\/areas-de-practica\/abogado-de-mordedura-de-perro-chicago\/tratamientos-medicos-para-las-mordeduras-de-perro\/\" data-type=\"page\" data-id=\"10199\">800,000 dog bite victims required medical attention<\/a>, and tragically, there were 96 dog-bite\u2013related fatalities, marking a substantial rise compared to past averages.<\/p>\n\n\n\n<p>According to the Insurance Information Institute, 2024 saw 22,658 dog-related injury claims nationwide, up 19 percent from 19,062 in 2023. Insurers paid out $1.57 billion total, with an average claim cost in Illinois of $64,941, an 18 percent jump from the previous year.<\/p>\n\n\n\n<p>Illinois is in the top ten among states for dog bite claims.<\/p>\n\n\n\n<h2 class=\"wp-block-heading\" id=\"common-illinois-dog-bite-injuries\">Lesiones comunes por mordedura de perro Illinois<\/h2>\n\n\n\n<p><a href=\"https:\/\/www.briskmanandbriskman.com\/es\/areas-de-practica\/abogado-de-mordedura-de-perro-chicago\/chicago-nino-mordedura-de-perro-abogado\/\">Ni\u00f1os<\/a> Los menores de 15 a\u00f1os tienen m\u00e1s probabilidades de ser mordidos por perros que los adultos o las personas mayores, seg\u00fan un estudio de los Institutos Nacionales de Salud. Los ni\u00f1os peque\u00f1os tambi\u00e9n tienen m\u00e1s probabilidades de necesitar atenci\u00f3n en urgencias que los adolescentes mayores o los adultos.&nbsp;<\/p>\n\n\n\n<p>Las lesiones por mordedura o ataque de perro pueden incluir:<\/p>\n\n\n\n<ul class=\"wp-block-list\">\n<li><strong>Laceraciones, que pueden provocar cicatrices o desfiguraci\u00f3n. <\/strong>Cuando los dientes de un perro desgarran la carne humana, pueden causar da\u00f1os importantes en la piel, los m\u00fasculos y los nervios. Las cicatrices de las mordeduras de perro suelen ser m\u00e1s pronunciadas porque los bordes suelen ser dentados y dif\u00edciles de reparar limpiamente.<\/li>\n\n\n\n<li><strong>Infecciones. <\/strong>Los g\u00e9rmenes presentes en la saliva de un perro pueden inyectarse profundamente en el cuerpo cuando los dientes del perro perforan la piel. Muchos <a href=\"https:\/\/www.briskmanandbriskman.com\/es\/areas-de-practica\/abogado-de-mordedura-de-perro-chicago\/tipos-de-enfermedades-que-se-pueden-contraer-por-la-mordedura-de-un-perro\/\">enfermedades e infecciones<\/a> pueden transmitirse de esta forma. Algunas, como el SARM, son dif\u00edciles de tratar debido a la resistencia a los antibi\u00f3ticos o a otros factores.&nbsp;<\/li>\n\n\n\n<li><strong>Huesos rotos. <\/strong>Los perros grandes pueden tener mand\u00edbulas potentes lo bastante fuertes como para partir huesos. Aunque el perro no muerda, su tama\u00f1o y peso pueden derribar a una persona, lo que tambi\u00e9n puede provocar fracturas \u00f3seas y otras lesiones.<\/li>\n\n\n\n<li><strong>Lesiones psicol\u00f3gicas. <\/strong>Ser atacado por un perro es una experiencia aterradora. Para las v\u00edctimas de ataques de perros, el miedo persistente, la depresi\u00f3n, la ansiedad y otros s\u00edntomas de estr\u00e9s postraum\u00e1tico pueden interferir en la capacidad de la persona para realizar sus tareas cotidianas. Las lesiones psicol\u00f3gicas posteriores al ataque pueden ser especialmente frecuentes en los ni\u00f1os.&nbsp;<\/li>\n<\/ul>\n\n\n\n<p>Tambi\u00e9n pueden producirse otras lesiones durante una mordedura o ataque de perro. Un perro que derriba a una persona, por ejemplo, puede causarle lesiones en la cabeza o la espalda. Los da\u00f1os por mordedura de perro u otras lesiones pueden causar la p\u00e9rdida permanente de movilidad, sensibilidad y otras funciones en diversas partes del cuerpo. Aunque pocas mordeduras de perro son mortales, muchas causan problemas m\u00e9dicos de por vida.&nbsp;<\/p>\n\n\n\n<h2 class=\"wp-block-heading\" id=\"what-does-dog-bite-liability-insurance-cover\">\u00bfQu\u00e9 cubre el seguro de responsabilidad civil por mordedura de perro?<\/h2>\n\n\n\n<figure class=\"wp-block-image size-large\"><a href=\"https:\/\/www.briskmanandbriskman.com\/es\/infografia\/guia-sobre-el-seguro-de-responsabilidad-civil-por-mordedura-de-perro\/\"><img loading=\"lazy\" decoding=\"async\" width=\"1024\" height=\"649\" src=\"https:\/\/www.briskmanandbriskman.com\/wp-content\/uploads\/2024\/12\/BBG_DogBite_LiabilityInsurance-min-1-1024x649.jpg\" alt=\"Gu\u00eda sobre el seguro de responsabilidad civil por mordedura de perro Infograf\u00eda\" class=\"wp-image-13809\" title=\"\" srcset=\"https:\/\/www.briskmanandbriskman.com\/wp-content\/uploads\/2024\/12\/BBG_DogBite_LiabilityInsurance-min-1-1024x649.jpg 1024w, https:\/\/www.briskmanandbriskman.com\/wp-content\/uploads\/2024\/12\/BBG_DogBite_LiabilityInsurance-min-1-300x190.jpg 300w, https:\/\/www.briskmanandbriskman.com\/wp-content\/uploads\/2024\/12\/BBG_DogBite_LiabilityInsurance-min-1-768x487.jpg 768w, https:\/\/www.briskmanandbriskman.com\/wp-content\/uploads\/2024\/12\/BBG_DogBite_LiabilityInsurance-min-1-18x12.jpg 18w, https:\/\/www.briskmanandbriskman.com\/wp-content\/uploads\/2024\/12\/BBG_DogBite_LiabilityInsurance-min-1-150x95.jpg 150w, https:\/\/www.briskmanandbriskman.com\/wp-content\/uploads\/2024\/12\/BBG_DogBite_LiabilityInsurance-min-1.jpg 1196w\" sizes=\"auto, (max-width: 1024px) 100vw, 1024px\" \/><\/a><\/figure>\n\n\n\n<p>El seguro de responsabilidad civil por mordedura de perro suele cubrir las facturas m\u00e9dicas y otras p\u00e9rdidas causadas por una mordedura de perro. Los conceptos espec\u00edficos cubiertos y los importes que pagar\u00e1 la compa\u00f1\u00eda de seguros se incluyen en el contrato de seguro.&nbsp;<\/p>\n\n\n\n<p>Los propietarios de perros suelen tener dos opciones de seguro. Pueden contratar un seguro especial de responsabilidad civil por mordedura de perro, que se centra en las mordeduras de perro y lesiones relacionadas. O pueden recurrir al seguro de su vivienda. La mayor\u00eda de los seguros de hogar cubren los da\u00f1os causados por perros que viven en la vivienda, aunque la mordedura se produzca fuera de ella.<\/p>\n\n\n\n<p>Sin embargo, no todas las p\u00f3lizas de seguro de hogar cubren las mordeduras de perro, y no todas las coberturas por mordedura de perro se aplican a todos los ataques de perro. Por ejemplo, algunas compa\u00f1\u00edas de seguros excluyen <a href=\"https:\/\/www.briskmanandbriskman.com\/es\/areas-de-practica\/abogado-de-mordedura-de-perro-chicago\/tipos-de-perros-que-pueden-causar-lesiones-graves\/\">\"razas de perros \"peligrosas<\/a> de la cobertura. Las razas com\u00fanmente excluidas de la cobertura incluyen:<\/p>\n\n\n\n<p>- Akitas<br>- Malamutes de Alaska<br>- American Staffordshire Terriers<br>- Boxeadores<br>- Chow Chows<br>- Doberman Pinschers<br>- Pastores alemanes<br>- Gran dan\u00e9s<br>- Mastines<br>- Perro de Presa Canarios<br>- <a href=\"https:\/\/www.briskmanandbriskman.com\/es\/areas-de-practica\/abogado-de-mordedura-de-perro-chicago\/chicago-pit-bull-dog-bite-lawyer\/\">Pit Bulls<\/a><br>- Rottweilers<br>- Huskies siberianos<\/p>\n\n\n\n<p>Cuando un animal no incluido en la p\u00f3liza del seguro de hogar ataca a otra persona, la compa\u00f1\u00eda de seguros no cubre los gastos.&nbsp;<\/p>\n\n\n\n<p>El propietario de un animal dom\u00e9stico puede ser considerado responsable de una mordedura de perro, tenga o no seguro. Si el propietario no tiene seguro, puede ser m\u00e1s dif\u00edcil para la persona lesionada cobrar una indemnizaci\u00f3n. El propietario puede o no tener bienes suficientes para indemnizar a una v\u00edctima de mordedura de perro por sus lesiones.<\/p>\n\n\n\n<h2 class=\"wp-block-heading\" id=\"recovering-compensation-after-a-dog-bite\">Indemnizaci\u00f3n por mordedura de perro<\/h2>\n\n\n\n<p>Si ha resultado gravemente herido tras ser atacado por un perro, dispone de varias v\u00edas para reclamar una indemnizaci\u00f3n.&nbsp;<\/p>\n\n\n\n<h2 class=\"wp-block-heading\" id=\"homeowners-or-renters-insurance\">Seguro de propietario o inquilino<\/h2>\n\n\n\n<p>Para la mayor\u00eda de las v\u00edctimas de mordeduras de perro, el primer paso es presentar una reclamaci\u00f3n a la p\u00f3liza de seguro del propietario o inquilino del perro. Estas p\u00f3lizas suelen cubrir las lesiones por mordeduras de perro y otros ataques caninos. Esta es la v\u00eda m\u00e1s habitual para reclamar una indemnizaci\u00f3n <a href=\"https:\/\/www.briskmanandbriskman.com\/es\/areas-de-practica\/abogado-de-mordedura-de-perro-chicago\/que-hacer-tras-una-mordedura-de-perro\/\">tras una mordedura de perro<\/a> u otras lesiones.<\/p>\n\n\n\n<p>La cobertura del seguro beneficia tanto a los propietarios de perros como a las v\u00edctimas de lesiones. Cuando el seguro cubre las facturas m\u00e9dicas y otras p\u00e9rdidas, la persona lesionada recibe la indemnizaci\u00f3n que necesita. Muchas p\u00f3lizas ofrecen cobertura suficiente para indemnizar plenamente a la persona lesionada. Como el seguro se hace cargo de esas p\u00e9rdidas, el propietario del perro s\u00f3lo arriesga una cantidad superior a los l\u00edmites de la cobertura del seguro.<\/p>\n\n\n\n<h2 class=\"wp-block-heading\" id=\"dog-bite-liability-insurance\">Seguro de responsabilidad civil por mordedura de perro<\/h2>\n\n\n\n<p>Algunas p\u00f3lizas de propietarios e inquilinos excluyen las lesiones por mordedura de perro. Los propietarios de perros pueden compensar esta exclusi\u00f3n contratando un seguro especial de responsabilidad civil por mordedura de perro. Si el propietario del perro tiene esta cobertura, la persona lesionada puede presentar una reclamaci\u00f3n. La p\u00f3liza de seguro de responsabilidad civil por mordedura de perro especificar\u00e1 cu\u00e1nto pagar\u00e1 la compa\u00f1\u00eda de seguros y por qu\u00e9 p\u00e9rdidas.&nbsp;<\/p>\n\n\n\n<p>Tanto si el due\u00f1o de un perro tiene un seguro de responsabilidad civil por mordedura de perro como si es propietario o inquilino, conseguir una indemnizaci\u00f3n puede ser todo un reto. El seguro puede cubrir el importe total de sus p\u00e9rdidas, pero las compa\u00f1\u00edas de seguros a menudo se esfuerzan por evitar el pago de las reclamaciones. Puede enfrentarse a t\u00e1cticas dilatorias o a la denegaci\u00f3n injusta de su reclamaci\u00f3n. Para que su reclamaci\u00f3n siga adelante, lo mejor es trabajar con un abogado. <a href=\"https:\/\/www.briskmanandbriskman.com\/es\/areas-de-practica\/abogado-de-mordedura-de-perro-chicago\/como-encontrar-el-mejor-abogado-especializado-en-mordeduras-de-perro\/\">abogado con experiencia en mordeduras de perro Illinois<\/a>.&nbsp;<\/p>\n\n\n\n<h2 class=\"wp-block-heading\" id=\"other-avenues-for-compensation\">Otras v\u00edas de compensaci\u00f3n<\/h2>\n\n\n\n<p>Si le muerde un perro y el due\u00f1o no tiene seguro, recibir indemnizaci\u00f3n puede ser m\u00e1s dif\u00edcil, pero no imposible. Tienes otras opciones de indemnizaci\u00f3n.&nbsp;<\/p>\n\n\n\n<p>En primer lugar, puede presentar su demanda directamente contra el due\u00f1o del perro. En el Illinois, el due\u00f1o de un perro es responsable si su mascota lesiona a otra persona, aunque el perro nunca antes haya actuado con agresividad.&nbsp;<\/p>\n\n\n\n<p>Cuando usted demanda directamente al due\u00f1o del perro, su capacidad para recuperar la indemnizaci\u00f3n depende de los bienes disponibles que tenga el due\u00f1o del perro. Si el due\u00f1o del perro tiene pocos o ning\u00fan activo, es posible que no tenga forma de cobrar una sentencia aunque la reciba. Por desgracia, muchos propietarios de perros que no tienen seguro renuncian a la cobertura porque no tienen dinero para comprarlo, lo que significa que tampoco tienen dinero para pagar una sentencia.<\/p>\n\n\n\n<p>Si el due\u00f1o del perro es un inquilino, tambi\u00e9n puede plantearse presentar una demanda contra el casero. Un propietario que sabe que su inquilino tiene un perro peligroso pero no evita los ataques de perro puede ser considerado responsable de las lesiones en algunos casos.&nbsp;<\/p>\n\n\n\n<p>Los casos de mordedura de perro pueden parecer sencillos en principio; sin embargo, a menudo pueden complicarse bastante cuando intervienen las compa\u00f1\u00edas de seguros. Si ha sido v\u00edctima de un ataque de perro Chicago, p\u00f3ngase en contacto con un <a href=\"https:\/\/www.briskmanandbriskman.com\/es\/\">top-rated personal injury lawyer<\/a> de asistencia.<\/p>\n\n\n\n<h2 class=\"wp-block-heading\" id=\"contact-the-chicago-dog-bite-lawyers-at-briskman-briskman-greenberg\">P\u00f3ngase en contacto con los abogados Chicago mordedura de perro en Briskman Briskman &amp; Greenberg<\/h2>\n\n\n\n<p>Si usted, su hijo u otro miembro de su familia han sufrido recientemente lesiones graves como consecuencia de una mordedura o ataque de perro, p\u00f3ngase en contacto con los abogados especializados en mordeduras de perro del bufete Chicago en <a href=\"https:\/\/www.briskmanandbriskman.com\/es\/\">Briskman Briskman &amp; Greenberg<\/a> para programar una consulta gratuita. Desde 1987, hemos estado ayudando a las v\u00edctimas de lesiones a buscar una compensaci\u00f3n significativa que les permita seguir adelante con sus vidas despu\u00e9s de sufrir lesiones graves.&nbsp;<\/p>\n\n\n\n<p>En el marco de la <a href=\"https:\/\/www.briskmanandbriskman.com\/es\/la-garantia-briskman\/\">Briskman Garant\u00eda<\/a>Nunca le cobraremos por nuestra representaci\u00f3n legal a menos que y hasta que podamos ayudarle a recuperar la compensaci\u00f3n por sus lesiones. En la mayor\u00eda de los casos, incluso adelantaremos todos los costes del litigio, lo que significa que usted no tendr\u00e1 que <\/p>","protected":false},"excerpt":{"rendered":"<p>Dog bite liability insurance is intended to cover injuries from dog bites. But does it provide the benefits an injured person needs? Dog bites occur frequently and often cause injuries. Each day, more than 1,000 people are attacked by dogs in the United States, resulting in more than 850,000 dog bite victims seeking medical care&hellip;<\/p>","protected":false},"author":1,"featured_media":0,"parent":0,"menu_order":0,"comment_status":"closed","ping_status":"closed","template":"","meta":{"_acf_changed":false,"footnotes":""},"class_list":["post-7647","page","type-page","status-publish","hentry"],"acf":[],"_links":{"self":[{"href":"https:\/\/www.briskmanandbriskman.com\/es\/wp-json\/wp\/v2\/pages\/7647","targetHints":{"allow":["GET"]}}],"collection":[{"href":"https:\/\/www.briskmanandbriskman.com\/es\/wp-json\/wp\/v2\/pages"}],"about":[{"href":"https:\/\/www.briskmanandbriskman.com\/es\/wp-json\/wp\/v2\/types\/page"}],"author":[{"embeddable":true,"href":"https:\/\/www.briskmanandbriskman.com\/es\/wp-json\/wp\/v2\/users\/1"}],"replies":[{"embeddable":true,"href":"https:\/\/www.briskmanandbriskman.com\/es\/wp-json\/wp\/v2\/comments?post=7647"}],"version-history":[{"count":5,"href":"https:\/\/www.briskmanandbriskman.com\/es\/wp-json\/wp\/v2\/pages\/7647\/revisions"}],"predecessor-version":[{"id":15289,"href":"https:\/\/www.briskmanandbriskman.com\/es\/wp-json\/wp\/v2\/pages\/7647\/revisions\/15289"}],"wp:attachment":[{"href":"https:\/\/www.briskmanandbriskman.com\/es\/wp-json\/wp\/v2\/media?parent=7647"}],"curies":[{"name":"wp","href":"https:\/\/api.w.org\/{rel}","templated":true}]}}