{"id":7593,"date":"2021-09-08T22:25:57","date_gmt":"2021-09-08T22:25:57","guid":{"rendered":"https:\/\/www.briskmanandbriskman.com\/?page_id=7593"},"modified":"2024-03-28T21:18:32","modified_gmt":"2024-03-28T21:18:32","slug":"ruedas","status":"publish","type":"page","link":"https:\/\/www.briskmanandbriskman.com\/es\/locations\/wheeling\/","title":{"rendered":"Wheeling Abogados de lesiones"},"content":{"rendered":"<p>En el bufete de abogados de Briskman Briskman &amp; Greenberg, ayudamos a las v\u00edctimas de accidentes graves. Nuestros abogados de lesiones personales Wheeling est\u00e1n comprometidos con nuestros clientes y ponen nuestros vastos conocimientos, recursos y habilidades en cada caso que manejamos. Ya sea que haya sufrido lesiones en un accidente automovil\u00edstico o resbal\u00f3n y ca\u00edda, o que se haya lastimado debido a la negligencia de un m\u00e9dico, podemos ayudarlo.<\/p>\n\n\n\n<p>Obtenga m\u00e1s informaci\u00f3n sobre nuestros servicios de lesiones personales Wheeling:<\/p>\n\n\n<ul class=\"list-pages-shortcode child-pages\"><li class=\"page_item page-item-7595 page_item_has_children\"><a href=\"https:\/\/www.briskmanandbriskman.com\/es\/locations\/wheeling\/car-accident-attorney\/\">Wheeling Abogado de accidente de coche<\/a>\n<ul class='children'>\n\t<li class=\"page_item page-item-8819\"><a href=\"https:\/\/www.briskmanandbriskman.com\/es\/locations\/wheeling\/car-accident-attorney\/fatal-car-accident-lawyer\/\">Wheeling Abogado de accidente de coche mortal<\/a><\/li>\n\t<li class=\"page_item page-item-10547\"><a href=\"https:\/\/www.briskmanandbriskman.com\/es\/locations\/wheeling\/car-accident-attorney\/head-on-collision-attorney\/\">Wheeling Abogado de Colisi\u00f3n Frontal<\/a><\/li>\n\t<li class=\"page_item page-item-8795\"><a href=\"https:\/\/www.briskmanandbriskman.com\/es\/locations\/wheeling\/car-accident-attorney\/serious-injuries-in-wheeling-car-accidents\/\">Wheeling Abogado de Lesiones Graves por Accidente de Coche<\/a><\/li>\n<\/ul>\n<\/li>\n<li class=\"page_item page-item-7598 page_item_has_children\"><a href=\"https:\/\/www.briskmanandbriskman.com\/es\/locations\/wheeling\/dog-bite-attorney\/\">Wheeling Abogado de mordeduras de perro<\/a>\n<ul class='children'>\n\t<li class=\"page_item page-item-9252\"><a href=\"https:\/\/www.briskmanandbriskman.com\/es\/locations\/wheeling\/dog-bite-attorney\/usps-dog-bite-attorney\/\">Wheeling USPS Abogado de mordeduras de perro<\/a><\/li>\n<\/ul>\n<\/li>\n<li class=\"page_item page-item-13962\"><a href=\"https:\/\/www.briskmanandbriskman.com\/es\/locations\/wheeling\/lyft-accident-attorneys\/\">Wheeling Lyft Accident Attorneys<\/a><\/li>\n<li class=\"page_item page-item-7787\"><a href=\"https:\/\/www.briskmanandbriskman.com\/es\/locations\/wheeling\/medical-malpractice-attorney\/\">Wheeling Abogado de negligencia m\u00e9dica<\/a><\/li>\n<li class=\"page_item page-item-14322\"><a href=\"https:\/\/www.briskmanandbriskman.com\/es\/locations\/wheeling\/wheeling-motorcycle-accident-lawyer\/\">Wheeling Motorcycle Accident Lawyer<\/a><\/li>\n<li class=\"page_item page-item-7797\"><a href=\"https:\/\/www.briskmanandbriskman.com\/es\/locations\/wheeling\/personal-injury-lawyer\/\">Wheeling Abogado de lesiones personales<\/a><\/li>\n<li class=\"page_item page-item-7784\"><a href=\"https:\/\/www.briskmanandbriskman.com\/es\/locations\/wheeling\/slip-and-fall-accident-attorney\/\">Wheeling Abogado de accidentes por resbalones y ca\u00eddas<\/a><\/li>\n<li class=\"page_item page-item-9246 page_item_has_children\"><a href=\"https:\/\/www.briskmanandbriskman.com\/es\/locations\/wheeling\/truck-accident-attorney\/\">Wheeling Abogado de accidentes de cami\u00f3n<\/a>\n<ul class='children'>\n\t<li class=\"page_item page-item-15172\"><a href=\"https:\/\/www.briskmanandbriskman.com\/es\/locations\/wheeling\/truck-accident-attorney\/fatal-truck-accident-lawyer\/\">Wheeling Fatal Truck Accident Lawyer<\/a><\/li>\n<\/ul>\n<\/li>\n<li class=\"page_item page-item-13957\"><a href=\"https:\/\/www.briskmanandbriskman.com\/es\/locations\/wheeling\/uber-accident-attorneys\/\">Wheeling Uber Accident Attorneys<\/a><\/li>\n<li class=\"page_item page-item-7790\"><a href=\"https:\/\/www.briskmanandbriskman.com\/es\/locations\/wheeling\/wrongful-death-attorney\/\">Wheeling Abogado de homicidio culposo<\/a><\/li>\n<\/ul>","protected":false},"excerpt":{"rendered":"<p>En el bufete de abogados de Briskman Briskman &amp; Greenberg, ayudamos a las v\u00edctimas de accidentes graves. Nuestros abogados de lesiones personales Wheeling est\u00e1n comprometidos con nuestros clientes y ponen nuestros vastos conocimientos, recursos y habilidades en cada caso que manejamos. Tanto si ha sufrido lesiones en un accidente de coche o un resbal\u00f3n, como si se ha lesionado por la negligencia de un m\u00e9dico,...<\/p>","protected":false},"author":1,"featured_media":0,"parent":6524,"menu_order":0,"comment_status":"closed","ping_status":"closed","template":"","meta":{"_acf_changed":false,"footnotes":""},"class_list":["post-7593","page","type-page","status-publish","hentry"],"acf":[],"_links":{"self":[{"href":"https:\/\/www.briskmanandbriskman.com\/es\/wp-json\/wp\/v2\/pages\/7593","targetHints":{"allow":["GET"]}}],"collection":[{"href":"https:\/\/www.briskmanandbriskman.com\/es\/wp-json\/wp\/v2\/pages"}],"about":[{"href":"https:\/\/www.briskmanandbriskman.com\/es\/wp-json\/wp\/v2\/types\/page"}],"author":[{"embeddable":true,"href":"https:\/\/www.briskmanandbriskman.com\/es\/wp-json\/wp\/v2\/users\/1"}],"replies":[{"embeddable":true,"href":"https:\/\/www.briskmanandbriskman.com\/es\/wp-json\/wp\/v2\/comments?post=7593"}],"version-history":[{"count":2,"href":"https:\/\/www.briskmanandbriskman.com\/es\/wp-json\/wp\/v2\/pages\/7593\/revisions"}],"predecessor-version":[{"id":12287,"href":"https:\/\/www.briskmanandbriskman.com\/es\/wp-json\/wp\/v2\/pages\/7593\/revisions\/12287"}],"up":[{"embeddable":true,"href":"https:\/\/www.briskmanandbriskman.com\/es\/wp-json\/wp\/v2\/pages\/6524"}],"wp:attachment":[{"href":"https:\/\/www.briskmanandbriskman.com\/es\/wp-json\/wp\/v2\/media?parent=7593"}],"curies":[{"name":"wp","href":"https:\/\/api.w.org\/{rel}","templated":true}]}}