{"id":7544,"date":"2021-08-09T21:04:41","date_gmt":"2021-08-09T21:04:41","guid":{"rendered":"https:\/\/www.briskmanandbriskman.com\/?page_id=7544"},"modified":"2024-04-15T17:08:27","modified_gmt":"2024-04-15T17:08:27","slug":"abogados-de-negligencia-medica","status":"publish","type":"page","link":"https:\/\/www.briskmanandbriskman.com\/es\/locations\/mundelein\/medical-malpractice-attorneys\/","title":{"rendered":"Mundelein Abogados de negligencia m\u00e9dica"},"content":{"rendered":"<p>Experimentar un error m\u00e9dico puede ser una experiencia traum\u00e1tica que puede causar da\u00f1os f\u00edsicos duraderos. Los m\u00e9dicos, enfermeras y otros profesionales de la medicina tienen el deber de proteger a los pacientes. Cuando incumplen ese deber, pueden ser responsables de sus lesiones. Si ha sufrido lesiones por la negligencia de un profesional m\u00e9dico en Mundelein, tiene la opci\u00f3n de <a href=\"https:\/\/www.briskmanandbriskman.com\/es\/areas-de-practica\/negligencia-medica\/\">reclamar una indemnizaci\u00f3n mediante una demanda por negligencia m\u00e9dica<\/a>.&nbsp;<\/p>\n\n\n\n<p><strong>\u00bfQu\u00e9 es la negligencia m\u00e9dica?<\/strong><\/p>\n\n\n\n<p>Cada a\u00f1o, los m\u00e9dicos y el personal de urgencias cometen muchos tipos de errores, desde errores quir\u00fargicos hasta diagn\u00f3sticos err\u00f3neos. La negligencia m\u00e9dica se produce cuando un profesional sanitario negligente no cumple las normas razonables de atenci\u00f3n aceptadas, causando lesiones a un paciente.&nbsp;<\/p>\n\n\n\n<p>Cuando uno deposita su confianza en un profesional m\u00e9dico, espera que proteja su salud y bienestar a toda costa. Un farmac\u00e9utico con exceso de trabajo, una enfermera mal formada o un m\u00e9dico descuidado: sea cual sea el motivo de un error m\u00e9dico, es innegable el da\u00f1o que puede causar en la vida de una persona.&nbsp;<\/p>\n\n\n\n<p>Las lesiones y muertes que resultan de la negligencia m\u00e9dica son evitables. En <a href=\"https:\/\/www.briskmanandbriskman.com\/es\/\">Briskman Briskman &amp; Greenberg<\/a>Creemos que los pacientes que han sufrido lesiones debido a un error m\u00e9dico merecen recibir una indemnizaci\u00f3n de la parte responsable.<\/p>\n\n\n\n<p><strong>Tipos de demandas por negligencia m\u00e9dica que tramitamos<\/strong><\/p>\n\n\n\n<p>En <a href=\"https:\/\/www.briskmanandbriskman.com\/es\/areas-de-practica\/negligencia-medica\/\">abogados especializados en negligencias m\u00e9dicas en Briskman Briskman &amp; Greenberg<\/a> tienen experiencia representando a clientes en una amplia variedad de casos. Estas son algunas de las demandas por negligencia m\u00e9dica que manejamos:<\/p>\n\n\n\n<p>- <a href=\"https:\/\/www.briskmanandbriskman.com\/es\/areas-de-practica\/abogado-de-lesiones-de-nacimiento\/\">Lesiones de nacimiento<\/a><br>- <a href=\"https:\/\/www.briskmanandbriskman.com\/es\/areas-de-practica\/surgical-errors\/\">Errores quir\u00fargicos<\/a><br>- <a href=\"https:\/\/www.briskmanandbriskman.com\/es\/areas-de-practica\/medication-errors\/\">Confusiones en la prescripci\u00f3n<\/a><br>- Errores de diagn\u00f3stico<br>- Errores en urgencias<br>- Atenci\u00f3n postratamiento inadecuada<\/p>\n\n\n\n<p>Los errores m\u00e9dicos no se limitan a procedimientos o tratamientos quir\u00fargicos complejos. Tambi\u00e9n pueden producirse incluso en las circunstancias m\u00e1s mundanas.<\/p>\n\n\n\n<p>Por ejemplo, un farmac\u00e9utico puede confundir los nombres de dos medicamentos diferentes y darte la receta equivocada, lo que puede provocar una reacci\u00f3n perjudicial. Seg\u00fan el Institute for Safe Medication Practices, elegir el f\u00e1rmaco equivocado tras introducir las primeras letras del nombre del medicamento y escuchar mal las \u00f3rdenes de medicamentos se encuentran entre su lista de 2019 de los 10 errores farmac\u00e9uticos m\u00e1s comunes.<\/p>\n\n\n\n<p>Al presentar una demanda por negligencia m\u00e9dica en Mundelein, investigaremos a fondo lo sucedido. <a href=\"https:\/\/www.briskmanandbriskman.com\/es\/nuestros-abogados\/\">Nuestros abogados<\/a> utilizar\u00e1 hechos y detalles para construir un caso s\u00f3lido para que usted obtenga la compensaci\u00f3n que merece por sus lesiones.<\/p>\n\n\n\n<p><strong>\u00bfQu\u00e9 indemnizaci\u00f3n se ofrece?<\/strong><\/p>\n\n\n\n<p>Cuando el descuido de los m\u00e9dicos, enfermeras, auxiliares m\u00e9dicos o farmac\u00e9uticos provoca lesiones, usted puede ser elegible para reclamar da\u00f1os y perjuicios a trav\u00e9s de una demanda por negligencia m\u00e9dica. Dependiendo de los detalles de su caso, usted podr\u00eda recuperar los siguientes tipos de compensaci\u00f3n:<\/p>\n\n\n\n<p>- Gastos m\u00e9dicos<br>- P\u00e9rdida de ingresos<br>- P\u00e9rdida del disfrute de la vida<br>- Dolor y sufrimiento<\/p>\n\n\n\n<p>En ciertos casos de conducta atroz, un tribunal puede decidir conceder da\u00f1os punitivos contra el hospital o centro sanitario responsable de sus lesiones. Si un error m\u00e9dico es mortal, los familiares supervivientes de la v\u00edctima pueden presentar una demanda por homicidio culposo para obtener una indemnizaci\u00f3n.<\/p>\n\n\n\n<p>Dado que existen plazos estrictos para presentar una demanda en el Illinois, es importante <a href=\"https:\/\/www.briskmanandbriskman.com\/es\/abogados-de-accidentes-de-camiones-en-chicago-2\/\">hable con un abogado experto en negligencias m\u00e9dicas Mundelein<\/a> lo antes posible. Un paciente suele disponer de dos a\u00f1os a partir de la fecha en que tuvo o deber\u00eda haber tenido conocimiento del error m\u00e9dico para presentar una demanda.<\/p>\n\n\n\n<p><strong>\u00bfQu\u00e9 debo hacer si he sufrido un error m\u00e9dico?<\/strong><\/p>\n\n\n\n<p>No todos los casos de negligencia m\u00e9dica son aparentes. A veces los pacientes pueden no estar seguros de cu\u00e1l fue la causa de que su estado empeorara o de por qu\u00e9 se produjo una determinada lesi\u00f3n. Incluso si sospechan que se ha producido un error m\u00e9dico, puede resultar dif\u00edcil obtener respuestas del hospital o de los profesionales m\u00e9dicos.<\/p>\n\n\n\n<p>Como bufete de abogados de propiedad familiar, entendemos lo angustioso que es sospechar que usted o un ser querido ha sido lesionado debido a un error de un profesional m\u00e9dico negligente. Nuestros abogados expertos en negligencia m\u00e9dica pueden ayudarle a determinar si tiene un caso.<\/p>\n\n\n\n<p>Estamos dispuestos a plantar cara a m\u00e9dicos y centros m\u00e9dicos, sin importar su tama\u00f1o. Puede estar seguro de que Briskman Briskman &amp; Greenberg luchar\u00e1 por sus derechos y actuar\u00e1 siempre en su mejor inter\u00e9s.<\/p>\n\n\n\n<p><strong>Hable con un abogado de negligencia m\u00e9dica Mundelein<\/strong><\/p>\n\n\n\n<p>Si usted o un ser querido ha sufrido da\u00f1os por la negligencia de un profesional m\u00e9dico o sanitario, <a href=\"https:\/\/www.briskmanandbriskman.com\/es\/abogados-de-accidentes-de-camiones-en-chicago-2\/\">p\u00f3ngase en contacto con Briskman Briskman &amp; Greenberg inmediatamente<\/a>. Nuestra <a href=\"https:\/\/www.briskmanandbriskman.com\/es\/areas-de-practica\/negligencia-medica\/\">compasi\u00f3n Mundelein abogados negligencia m\u00e9dica<\/a> est\u00e1n aqu\u00ed para escuchar su historia y asesorarle sobre sus opciones legales.<\/p>\n\n\n\n<p>Es posible que pueda reclamar una indemnizaci\u00f3n a trav\u00e9s de una demanda por negligencia m\u00e9dica. <a href=\"https:\/\/www.briskmanandbriskman.com\/es\/consulta-gratuita\/\">Concierte hoy mismo una primera cita gratuita<\/a>. No hay honorarios a menos que ganemos su caso.<\/p>\n\n\n\n<h3 class=\"wp-block-heading\">Recursos adicionales sobre negligencia m\u00e9dica<\/h3>\n\n\n\n<ul class=\"wp-block-list\">\n<li><a href=\"https:\/\/www.briskmanandbriskman.com\/es\/centros-de-informacion\/centro-de-negligencias-medicas\/tengo-un-caso-de-negligencia-medica\/\">\u00bfTengo un caso de negligencia m\u00e9dica?<\/a><\/li>\n\n\n\n<li><a href=\"https:\/\/www.briskmanandbriskman.com\/es\/centros-de-informacion\/centro-de-negligencias-medicas\/los-errores-de-medicacion-son-mas-frecuentes-de-lo-que-se-piensa\/\">Los errores de medicaci\u00f3n son m\u00e1s frecuentes de lo que cree<\/a><\/li>\n\n\n\n<li><a href=\"https:\/\/www.briskmanandbriskman.com\/es\/centros-de-informacion\/centro-de-negligencias-medicas\/tipos-mas-comunes-de-lesiones-en-el-parto\/\">Tipos m\u00e1s comunes de lesiones en el parto<\/a><\/li>\n\n\n\n<li><a href=\"https:\/\/www.briskmanandbriskman.com\/es\/centros-de-informacion\/centro-de-negligencias-medicas\/que-ocurre-durante-un-juicio-por-negligencia-medica-en-illinois\/\">\u00bfQu\u00e9 sucede durante una demanda por negligencia m\u00e9dica en Illinois?<\/a><\/li>\n<\/ul>\n\n\n\n<h3 class=\"wp-block-heading\">Abogados de negligencia m\u00e9dica disponibles en todo Illinois<\/h3>\n\n\n\n<ul class=\"wp-block-list\">\n<li><a href=\"https:\/\/www.briskmanandbriskman.com\/es\/areas-de-practica\/negligencia-medica\/\">Chicago Abogados de negligencia m\u00e9dica<\/a><\/li>\n\n\n\n<li><a href=\"https:\/\/www.briskmanandbriskman.com\/es\/lugares\/condado-del-lago\/abogados-especializados-en-negligencias-medicas\/\">Lake County Abogados especializados en negligencias m\u00e9dicas<\/a><\/li>\n\n\n\n<li><a href=\"https:\/\/www.briskmanandbriskman.com\/es\/lugares\/mundelein\/abogados-de-negligencia-medica\/\">Mundelein Abogados de negligencia m\u00e9dica<\/a><\/li>\n\n\n\n<li><a href=\"https:\/\/www.briskmanandbriskman.com\/es\/lugares\/norte-de-chicago\/abogados-de-negligencia-medica\/\">North Chicago Abogados de negligencia m\u00e9dica<\/a><\/li>\n\n\n\n<li><a href=\"https:\/\/www.briskmanandbriskman.com\/es\/lugares\/oaklawn\/abogados-especializados-en-negligencias-medicas\/\">Oak Lawn Abogados especializados en negligencias m\u00e9dicas<\/a><\/li>\n\n\n\n<li><a href=\"https:\/\/www.briskmanandbriskman.com\/es\/lugares\/orlandpark\/abogados-especializados-en-negligencias-medicas\/\">Orland Park Abogados de negligencia m\u00e9dica<\/a><\/li>\n\n\n\n<li><a href=\"https:\/\/www.briskmanandbriskman.com\/es\/lugares\/waukegan\/abogados-de-negligencia-medica\/\">Waukegan Abogado de negligencia m\u00e9dica<\/a><\/li>\n\n\n\n<li><a href=\"https:\/\/www.briskmanandbriskman.com\/es\/lugares\/ruedas\/abogado-de-negligencia-medica\/\">Wheeling Abogado de negligencia m\u00e9dica<\/a><\/li>\n<\/ul>","protected":false},"excerpt":{"rendered":"<p>Experimentar un error m\u00e9dico puede ser una experiencia traum\u00e1tica que puede causar da\u00f1os f\u00edsicos duraderos. Los m\u00e9dicos, enfermeras y otros profesionales de la medicina tienen el deber de proteger a los pacientes. Cuando incumplen ese deber, pueden ser responsables de sus lesiones. Si ha sufrido lesiones por la negligencia de un profesional m\u00e9dico...<\/p>","protected":false},"author":1,"featured_media":11063,"parent":7158,"menu_order":0,"comment_status":"closed","ping_status":"closed","template":"","meta":{"_acf_changed":false,"footnotes":""},"class_list":["post-7544","page","type-page","status-publish","has-post-thumbnail","hentry"],"acf":[],"_links":{"self":[{"href":"https:\/\/www.briskmanandbriskman.com\/es\/wp-json\/wp\/v2\/pages\/7544","targetHints":{"allow":["GET"]}}],"collection":[{"href":"https:\/\/www.briskmanandbriskman.com\/es\/wp-json\/wp\/v2\/pages"}],"about":[{"href":"https:\/\/www.briskmanandbriskman.com\/es\/wp-json\/wp\/v2\/types\/page"}],"author":[{"embeddable":true,"href":"https:\/\/www.briskmanandbriskman.com\/es\/wp-json\/wp\/v2\/users\/1"}],"replies":[{"embeddable":true,"href":"https:\/\/www.briskmanandbriskman.com\/es\/wp-json\/wp\/v2\/comments?post=7544"}],"version-history":[{"count":2,"href":"https:\/\/www.briskmanandbriskman.com\/es\/wp-json\/wp\/v2\/pages\/7544\/revisions"}],"predecessor-version":[{"id":12884,"href":"https:\/\/www.briskmanandbriskman.com\/es\/wp-json\/wp\/v2\/pages\/7544\/revisions\/12884"}],"up":[{"embeddable":true,"href":"https:\/\/www.briskmanandbriskman.com\/es\/wp-json\/wp\/v2\/pages\/7158"}],"wp:featuredmedia":[{"embeddable":true,"href":"https:\/\/www.briskmanandbriskman.com\/es\/wp-json\/wp\/v2\/media\/11063"}],"wp:attachment":[{"href":"https:\/\/www.briskmanandbriskman.com\/es\/wp-json\/wp\/v2\/media?parent=7544"}],"curies":[{"name":"wp","href":"https:\/\/api.w.org\/{rel}","templated":true}]}}