{"id":7451,"date":"2021-08-01T20:23:24","date_gmt":"2021-08-01T20:23:24","guid":{"rendered":"https:\/\/www.briskmanandbriskman.com\/?page_id=7451"},"modified":"2025-09-08T21:52:39","modified_gmt":"2025-09-08T21:52:39","slug":"abogados-de-mordeduras-de-perro","status":"publish","type":"page","link":"https:\/\/www.briskmanandbriskman.com\/es\/locations\/mundelein\/dog-bite-lawyers\/","title":{"rendered":"Mundelein Abogados de mordeduras de perro"},"content":{"rendered":"<p><a href=\"https:\/\/www.briskmanandbriskman.com\/es\/areas-de-practica\/abogado-de-mordedura-de-perro-chicago\/\">Herirse en un ataque de perro<\/a> puede significar costosas facturas m\u00e9dicas y un doloroso camino hacia la recuperaci\u00f3n. Las v\u00edctimas de mordeduras de perro en Mundelein tienen la <a href=\"https:\/\/www.briskmanandbriskman.com\/es\/\">derecho a presentar una reclamaci\u00f3n por da\u00f1os personales<\/a> para reclamar una indemnizaci\u00f3n por gastos m\u00e9dicos, p\u00e9rdida de ingresos, angustia emocional y mucho m\u00e1s. Si usted ha sufrido una mordedura de perro, los abogados Mundelein mordedura de perro en Briskman Briskman &amp; Greenberg est\u00e1n listos para ayudarle.<\/p>\n\n\n\n<p><strong>Lesiones por ataque de perro<\/strong><\/p>\n\n\n\n<p>Los perros tienen mand\u00edbulas poderosas y la fuerza necesaria para derribar a las personas al suelo. Los ataques de perros pueden provocar dolorosas heridas por mordedura, as\u00ed como otras lesiones graves, a veces permanentes. Adem\u00e1s de causar lesiones f\u00edsicas, tambi\u00e9n pueden dar lugar a traumas emocionales y psicol\u00f3gicos.<\/p>\n\n\n\n<p>Las v\u00edctimas de mordeduras de perro en Mundelein deben buscar atenci\u00f3n m\u00e9dica inmediata. Estas son algunas de las lesiones m\u00e1s comunes:<\/p>\n\n\n\n<p>- Huesos rotos<br>- Cicatrices faciales<br>- Da\u00f1o nervioso<br>- Infecciones<br>- Heridas punzantes<br>- Rabia<\/p>\n\n\n\n<p><strong>\u00bfQui\u00e9n es responsable en un incidente de mordedura de perro Mundelein?<\/strong><\/p>\n\n\n\n<p>Lake County cuenta con hermosos parques y zonas al aire libre. Sin embargo, un momento de relax en la naturaleza puede convertirse r\u00e1pidamente en angustioso cuando se produce un ataque de un perro.<\/p>\n\n\n\n<p>Se sabe que los perros son territoriales, dedicados a proteger a sus due\u00f1os y sus hogares a toda costa. Estas tendencias se reflejan en los n\u00fameros. Solo en 2019, 5.803 trabajadores del Servicio Postal de Estados Unidos sufrieron ataques de perros.<\/p>\n\n\n\n<p>En el Mundelein y en todo el Illinois, los propietarios de perros son responsables cada vez que su perro muerde o ataca a alguien, independientemente del buen comportamiento anterior del perro. Esto se aplica siempre y cuando la v\u00edctima de la mordedura de perro estuviera legalmente autorizada a estar en el lugar donde se produjo el incidente y \"se comportara pac\u00edficamente\", de acuerdo con la ley estatal.<\/p>\n\n\n\n<p>Algunos estados eximen a los propietarios de perros de responsabilidad legal la primera vez que su perro hiere a alguien, siempre que no tuvieran motivos para creer que el can era peligroso. Sin embargo, en Illinois no existe la regla del \"mordisco \u00fanico\". Los propietarios de perros negligentes Mundelein pueden ser responsabilizados mediante una demanda por lesiones personales que demuestre c\u00f3mo incumplieron su responsabilidad, por ejemplo, al no sujetar a su perro.<\/p>\n\n\n\n<p><strong>Indemnizaci\u00f3n por da\u00f1os y perjuicios a las v\u00edctimas de mordeduras de perro<\/strong><\/p>\n\n\n\n<figure class=\"wp-block-image size-large\"><a href=\"https:\/\/www.briskmanandbriskman.com\/es\/infografia\/guide-to-the-dog-bite-lawsuit-process\/\"><img loading=\"lazy\" decoding=\"async\" width=\"1024\" height=\"743\" src=\"https:\/\/www.briskmanandbriskman.com\/wp-content\/uploads\/2025\/09\/Guide-to-the-Dog-Bite-Lawsuit-Process-Infographic-Thumbnail-1024x743.jpg\" alt=\"Guide to the Dog Bite Lawsuit Process Infographic Thumbnail\" class=\"wp-image-15316\" title=\"\" srcset=\"https:\/\/www.briskmanandbriskman.com\/wp-content\/uploads\/2025\/09\/Guide-to-the-Dog-Bite-Lawsuit-Process-Infographic-Thumbnail-1024x743.jpg 1024w, https:\/\/www.briskmanandbriskman.com\/wp-content\/uploads\/2025\/09\/Guide-to-the-Dog-Bite-Lawsuit-Process-Infographic-Thumbnail-300x218.jpg 300w, https:\/\/www.briskmanandbriskman.com\/wp-content\/uploads\/2025\/09\/Guide-to-the-Dog-Bite-Lawsuit-Process-Infographic-Thumbnail-768x557.jpg 768w, https:\/\/www.briskmanandbriskman.com\/wp-content\/uploads\/2025\/09\/Guide-to-the-Dog-Bite-Lawsuit-Process-Infographic-Thumbnail-18x12.jpg 18w, https:\/\/www.briskmanandbriskman.com\/wp-content\/uploads\/2025\/09\/Guide-to-the-Dog-Bite-Lawsuit-Process-Infographic-Thumbnail-150x109.jpg 150w, https:\/\/www.briskmanandbriskman.com\/wp-content\/uploads\/2025\/09\/Guide-to-the-Dog-Bite-Lawsuit-Process-Infographic-Thumbnail.jpg 1200w\" sizes=\"auto, (max-width: 1024px) 100vw, 1024px\" \/><\/a><\/figure>\n\n\n\n<p>Presentar una demanda por lesiones personales permite a las v\u00edctimas de mordeduras de perro de Mundelein recuperar una compensaci\u00f3n justa por sus lesiones y todos los costos relacionados con las lesiones. Los datos de reclamos de seguros muestran que Illinois estuvo entre los cinco estados con m\u00e1s incidentes de mordeduras de perro en 2019, con 854 reclamos. Afortunadamente, el estado no tiene un l\u00edmite para los da\u00f1os por lesiones personales. Los da\u00f1os pueden incluir lo siguiente, dependiendo de los detalles de su caso:<\/p>\n\n\n\n<p>- Gastos m\u00e9dicos<br>- Salarios perdidos<br>- Angustia emocional<br>- Dolor y sufrimiento<\/p>\n\n\n\n<p><a href=\"https:\/\/www.briskmanandbriskman.com\/es\/areas-de-practica\/abogado-de-mordedura-de-perro-chicago\/chicago-pit-bull-dog-bite-lawyer\/\">Pit bulls<\/a>, Rottweilers, German shepherds and American bulldogs are considered the most dangerous dog breeds in the United States. In 2019, pit bulls were responsible for 33 out of 48 dog-related deaths. In Illinois, however, the dog does not have to be from a dangerous breed for dog bite victims to receive compensation.<\/p>\n\n\n\n<p><strong>Plazos para presentar una reclamaci\u00f3n<\/strong><\/p>\n\n\n\n<p>Si desea obtener una indemnizaci\u00f3n por las lesiones causadas por la mordedura de un perro, es fundamental actuar con rapidez. En la mayor\u00eda de los casos, dispone de dos a\u00f1os a partir de la fecha del ataque para presentar una demanda por lesiones personales.<\/p>\n\n\n\n<p>Una vez transcurridos los dos a\u00f1os, perder\u00e1 su derecho a emprender acciones legales para recuperar los da\u00f1os. Un abogado experto en mordeduras de perro Mundelein puede asegurarse de que no se pierda la fecha l\u00edmite para presentar una demanda.<\/p>\n\n\n\n<p><strong>Contacto Briskman Briskman &amp; Greenberg<\/strong><\/p>\n\n\n\n<p>En <a href=\"https:\/\/www.briskmanandbriskman.com\/es\/\">Briskman Briskman &amp; Greenberg<\/a>Entendemos los costes y los retos de <a href=\"https:\/\/www.briskmanandbriskman.com\/es\/\">reclamaciones por da\u00f1os personales<\/a> de mordeduras de perro y otros ataques de animales. Discuta su caso con un abogado experimentado y compasivo Mundelein mordedura de perro.<\/p>\n\n\n\n<p>Estamos a su disposici\u00f3n para responder a todas sus preguntas y ayudarle a comprender sus opciones legales para obtener una indemnizaci\u00f3n. <a href=\"https:\/\/www.briskmanandbriskman.com\/es\/abogados-de-accidentes-de-camiones-en-chicago-2\/\">P\u00f3ngase en contacto con nosotros para una primera consulta gratuita<\/a>.<\/p>\n\n\n\n<h3 class=\"wp-block-heading\">Recursos adicionales sobre mordeduras de perro<\/h3>\n\n\n\n<ul class=\"wp-block-list\">\n<li><a href=\"https:\/\/www.briskmanandbriskman.com\/es\/centros-de-informacion\/centro-de-mordeduras-de-perro\/normas-basicas-de-seguridad-con-los-perros\/\">Normas b\u00e1sicas de seguridad con los perros<\/a><\/li>\n\n\n\n<li><a href=\"https:\/\/www.briskmanandbriskman.com\/es\/centros-de-informacion\/centro-de-mordeduras-de-perro\/se-puede-demandar-por-mordedura-de-perro\/\">\u00bfSe puede demandar por mordedura de perro?<\/a><\/li>\n\n\n\n<li><a href=\"https:\/\/www.briskmanandbriskman.com\/es\/centros-de-informacion\/centro-de-mordeduras-de-perro\/lugares-comunes-donde-pueden-producirse-mordeduras-de-perro\/\">Lugares comunes donde pueden producirse mordeduras de perro<\/a><\/li>\n\n\n\n<li><a href=\"https:\/\/www.briskmanandbriskman.com\/es\/centros-de-informacion\/centro-de-mordeduras-de-perro\/proceso-judicial-por-mordedura-de-perro\/\">Proceso judicial por mordedura de perro<\/a><\/li>\n\n\n\n<li><a href=\"https:\/\/www.briskmanandbriskman.com\/es\/centros-de-informacion\/centro-de-mordeduras-de-perro\/seguro-de-hogar-y-mordeduras-de-perro\/\">Seguro de hogar y mordeduras de perro<\/a><\/li>\n\n\n\n<li><a href=\"https:\/\/www.briskmanandbriskman.com\/es\/centros-de-informacion\/centro-de-mordeduras-de-perro\/que-pruebas-se-necesitan-para-una-demanda-por-mordedura-de-perro\/\">\u00bfQu\u00e9 pruebas se necesitan para una demanda por mordedura de perro?<\/a><\/li>\n\n\n\n<li><a href=\"https:\/\/www.briskmanandbriskman.com\/es\/centros-de-informacion\/centro-de-mordeduras-de-perro\/que-es-la-responsabilidad-objetiva-en-un-caso-de-mordedura-de-perro\/\">\u00bfQu\u00e9 es la responsabilidad objetiva en un caso de mordedura de perro?<\/a><\/li>\n\n\n\n<li><a href=\"https:\/\/www.briskmanandbriskman.com\/es\/centros-de-informacion\/centro-de-mordeduras-de-perro\/por-que-muerden-los-perros\/\">\u00bfPor qu\u00e9 muerden los perros?<\/a><\/li>\n\n\n\n<li><a href=\"https:\/\/www.briskmanandbriskman.com\/es\/areas-de-practica\/abogado-de-mordedura-de-perro-chicago\/faq\/\">Preguntas frecuentes sobre mordeduras de perro<\/a>\n<ul class=\"wp-block-list\">\n<li><a href=\"https:\/\/www.briskmanandbriskman.com\/es\/areas-de-practica\/abogado-de-mordedura-de-perro-chicago\/faq\/puede-correos-negarse-a-entregar-el-correo-por-culpa-de-un-perro\/\">\u00bfPuede Correos negarse a entregar el correo por culpa de un perro?<\/a><\/li>\n\n\n\n<li><a href=\"https:\/\/www.briskmanandbriskman.com\/es\/areas-de-practica\/abogado-de-mordedura-de-perro-chicago\/faq\/como-reaccionan-los-perros-al-repelente\/\">\u00bfC\u00f3mo reaccionan los perros al repelente?<\/a><\/li>\n\n\n\n<li><a href=\"https:\/\/www.briskmanandbriskman.com\/es\/areas-de-practica\/abogado-de-mordedura-de-perro-chicago\/faq\/cuantas-mordeduras-de-perro-se-producen-en-ee-uu\/\">\u00bfCu\u00e1ntas mordeduras de perro se producen en EE.UU.?<\/a><\/li>\n\n\n\n<li><a href=\"https:\/\/www.briskmanandbriskman.com\/es\/areas-de-practica\/abogado-de-mordedura-de-perro-chicago\/faq\/como-prevenir-una-mordedura-de-perro\/\">\u00bfC\u00f3mo prevenir las mordeduras de perro?<\/a><\/li>\n\n\n\n<li><a href=\"https:\/\/www.briskmanandbriskman.com\/es\/areas-de-practica\/abogado-de-mordedura-de-perro-chicago\/faq\/como-tratar-las-mordeduras-de-perro\/\">C\u00f3mo tratar las mordeduras de perro<\/a><\/li>\n\n\n\n<li><a href=\"https:\/\/www.briskmanandbriskman.com\/es\/areas-de-practica\/abogado-de-mordedura-de-perro-chicago\/faq\/mi-hijo-ha-sido-mordido-por-un-perro-que-debo-hacer\/\">Mi hijo ha sido mordido por un perro; \u00bfqu\u00e9 debo hacer?<\/a><\/li>\n\n\n\n<li><a href=\"https:\/\/www.briskmanandbriskman.com\/es\/areas-de-practica\/abogado-de-mordedura-de-perro-chicago\/faq\/que-raza-de-perro-muerde-mas\/\">\u00bfQu\u00e9 raza de perro muerde m\u00e1s?<\/a><\/li>\n\n\n\n<li><a href=\"https:\/\/www.briskmanandbriskman.com\/es\/areas-de-practica\/abogado-de-mordedura-de-perro-chicago\/faq\/que-puedo-hacer-si-me-ha-mordido-un-perro-durante-el-parto\/\">\u00bfQu\u00e9 puedo hacer si me ha mordido un perro durante el parto?<\/a><\/li>\n\n\n\n<li><a href=\"https:\/\/www.briskmanandbriskman.com\/es\/areas-de-practica\/abogado-de-mordedura-de-perro-chicago\/faq\/que-es-un-repelente-para-perros\/\">\u00bfQu\u00e9 es un repelente de perros?<\/a><\/li>\n\n\n\n<li><a href=\"https:\/\/www.briskmanandbriskman.com\/es\/areas-de-practica\/abogado-de-mordedura-de-perro-chicago\/faq\/cual-es-el-coste-total-de-un-abogado-especializado-en-mordeduras-de-perro\/\">\u00bfCu\u00e1l es el coste total de un abogado especializado en mordeduras de perro?<\/a><\/li>\n\n\n\n<li><a href=\"https:\/\/www.briskmanandbriskman.com\/es\/areas-de-practica\/abogado-de-mordedura-de-perro-chicago\/faq\/que-deben-saber-los-carteros-sobre-los-perros\/\">\u00bfQu\u00e9 deben saber los carteros sobre los perros?<\/a><\/li>\n\n\n\n<li><a href=\"https:\/\/www.briskmanandbriskman.com\/es\/areas-de-practica\/abogado-de-mordedura-de-perro-chicago\/faq\/que-deben-hacer-los-duenos-de-mascotas-antes-de-que-un-empleado-de-usps-entregue-el-correo\/\">\u00bfQu\u00e9 deben hacer los due\u00f1os de mascotas antes de que un trabajador de USPS entregue el correo?<\/a><\/li>\n\n\n\n<li><a href=\"https:\/\/www.briskmanandbriskman.com\/es\/areas-de-practica\/abogado-de-mordedura-de-perro-chicago\/faq\/que-hacer-si-un-perro-te-muerde\/\">Qu\u00e9 hacer si el perro de alguien te muerde<\/a><\/li>\n\n\n\n<li><a href=\"https:\/\/www.briskmanandbriskman.com\/es\/areas-de-practica\/abogado-de-mordedura-de-perro-chicago\/faq\/cuando-se-debe-utilizar-el-repelente-para-perros\/\">\u00bfCu\u00e1ndo se debe utilizar un repelente para perros?<\/a><\/li>\n\n\n\n<li><a href=\"https:\/\/www.briskmanandbriskman.com\/es\/areas-de-practica\/abogado-de-mordedura-de-perro-chicago\/faq\/donde-debo-desechar-el-repelente-para-perros\/\">\u00bfD\u00f3nde debo desechar el repelente para perros?<\/a><\/li>\n\n\n\n<li><a href=\"https:\/\/www.briskmanandbriskman.com\/es\/areas-de-practica\/abogado-de-mordedura-de-perro-chicago\/faq\/cuales-son-las-ciudades-con-mas-mordeduras-de-perro\/\">\u00bfCu\u00e1les son las ciudades con m\u00e1s mordeduras de perro?<\/a><\/li>\n\n\n\n<li><a href=\"https:\/\/www.briskmanandbriskman.com\/es\/areas-de-practica\/abogado-de-mordedura-de-perro-chicago\/faq\/a-quien-dirigirse-tras-una-mordedura-de-perro\/\">\u00bfCon qui\u00e9n hay que ponerse en contacto tras una mordedura de perro?<\/a><\/li>\n\n\n\n<li><a href=\"https:\/\/www.briskmanandbriskman.com\/es\/areas-de-practica\/abogado-de-mordedura-de-perro-chicago\/faq\/por-que-es-necesario-un-repelente-para-perros\/\">\u00bfPor qu\u00e9 es necesario un repelente para perros?<\/a><\/li>\n<\/ul>\n<\/li>\n\n\n\n<li><a href=\"https:\/\/www.briskmanandbriskman.com\/es\/areas-de-practica\/abogado-de-mordedura-de-perro-chicago\/leyes-sobre-mordeduras-de-perro\/\">Illinois Leyes sobre mordeduras de perro<\/a><\/li>\n\n\n\n<li><a href=\"https:\/\/www.briskmanandbriskman.com\/es\/areas-de-practica\/abogado-de-mordedura-de-perro-chicago\/doordash-abogados-de-mordeduras-de-perro\/\">Doordash Abogados de mordeduras de perro<\/a><\/li>\n\n\n\n<li><a href=\"https:\/\/www.briskmanandbriskman.com\/es\/areas-de-practica\/abogado-de-mordedura-de-perro-chicago\/como-ser-un-dueno-responsable\/\">C\u00f3mo ser un due\u00f1o de mascotas responsable<\/a><\/li>\n\n\n\n<li><a href=\"https:\/\/www.briskmanandbriskman.com\/es\/areas-de-practica\/abogado-de-mordedura-de-perro-chicago\/como-encontrar-el-mejor-abogado-especializado-en-mordeduras-de-perro\/\">C\u00f3mo encontrar el mejor abogado especializado en mordeduras de perro<\/a><\/li>\n\n\n\n<li><a href=\"https:\/\/www.briskmanandbriskman.com\/es\/areas-de-practica\/abogado-de-mordedura-de-perro-chicago\/instacart-abogados-mordedura-de-perro\/\">Abogados de mordeduras de perro de Instacart<\/a><\/li>\n\n\n\n<li><a href=\"https:\/\/www.briskmanandbriskman.com\/es\/areas-de-practica\/abogado-de-mordedura-de-perro-chicago\/es-la-naturaleza-del-perro-atacar\/\">\u00bfEst\u00e1 en la naturaleza del perro atacar?<\/a><\/li>\n\n\n\n<li><a href=\"https:\/\/www.briskmanandbriskman.com\/es\/areas-de-practica\/abogado-de-mordedura-de-perro-chicago\/tratamientos-medicos-para-las-mordeduras-de-perro\/\">Tratamientos m\u00e9dicos de las mordeduras de perro<\/a><\/li>\n\n\n\n<li><a href=\"https:\/\/www.briskmanandbriskman.com\/es\/areas-de-practica\/abogado-de-mordedura-de-perro-chicago\/ataques-nacionales-por-mordedura-de-perro-para-2020\/\">Ataques nacionales por mordedura de perro para 2020<\/a><\/li>\n\n\n\n<li><a href=\"https:\/\/www.briskmanandbriskman.com\/es\/areas-de-practica\/abogado-de-mordedura-de-perro-chicago\/solicitudes-de-servicio-relacionadas-con-animales-peligrosos\/\">Solicitudes de servicio relacionadas con animales peligrosos<\/a><\/li>\n\n\n\n<li><a href=\"https:\/\/www.briskmanandbriskman.com\/es\/areas-de-practica\/abogado-de-mordedura-de-perro-chicago\/pros-y-contras-de-los-parques-caninos-de-chicago\/\">Ventajas e inconvenientes de los parques para perros Chicago<\/a><\/li>\n\n\n\n<li><a href=\"https:\/\/www.briskmanandbriskman.com\/es\/areas-de-practica\/abogado-de-mordedura-de-perro-chicago\/tipos-de-enfermedades-que-se-pueden-contraer-por-la-mordedura-de-un-perro\/\">Tipos de enfermedades que se pueden contraer por la mordedura de un perro<\/a><\/li>\n\n\n\n<li><a href=\"https:\/\/www.briskmanandbriskman.com\/es\/areas-de-practica\/abogado-de-mordedura-de-perro-chicago\/tipos-de-cicatrices-de-mordeduras-de-perro\/\">Tipos de cicatrices de mordeduras de perro<\/a><\/li>\n\n\n\n<li><a href=\"https:\/\/www.briskmanandbriskman.com\/es\/areas-de-practica\/abogado-de-mordedura-de-perro-chicago\/tipos-de-perros-que-pueden-causar-lesiones-graves\/\">Tipos de perros que pueden causar lesiones graves&nbsp;<\/a><\/li>\n\n\n\n<li><a href=\"https:\/\/www.briskmanandbriskman.com\/es\/areas-de-practica\/abogado-de-mordedura-de-perro-chicago\/uber-se-come-a-los-abogados-de-mordeduras-de-perro\/\">Uber Eats Abogados de mordeduras de perro<\/a><\/li>\n\n\n\n<li><a href=\"https:\/\/www.briskmanandbriskman.com\/es\/areas-de-practica\/abogado-de-mordedura-de-perro-chicago\/usps-abogados-de-mordeduras-de-perro\/\">USPS Abogados de mordeduras de perro<\/a><\/li>\n\n\n\n<li><a href=\"https:\/\/www.briskmanandbriskman.com\/es\/areas-de-practica\/abogado-de-mordedura-de-perro-chicago\/que-es-el-seguro-de-responsabilidad-civil-por-mordedura-de-perro\/\">\u00bfQu\u00e9 es el seguro de responsabilidad civil por mordedura de perro?<\/a><\/li>\n\n\n\n<li><a href=\"https:\/\/www.briskmanandbriskman.com\/es\/areas-de-practica\/abogado-de-mordedura-de-perro-chicago\/que-hacer-tras-una-mordedura-de-perro\/\">Qu\u00e9 hacer tras una mordedura de perro<\/a><\/li>\n<\/ul>\n\n\n\n<h3 class=\"wp-block-heading\">Abogados de mordeduras de perro disponibles en todo el Illinois<\/h3>\n\n\n\n<ul class=\"wp-block-list\">\n<li><a href=\"https:\/\/www.briskmanandbriskman.com\/es\/areas-de-practica\/abogado-de-mordedura-de-perro-chicago\/\">Chicago abogados de mordeduras de perro<\/a><\/li>\n\n\n\n<li><a href=\"https:\/\/www.briskmanandbriskman.com\/es\/lugares\/joliet\/abogado-de-mordedura-de-perro\/\">Joliet Abogado de mordeduras de perro<\/a><\/li>\n\n\n\n<li><a href=\"https:\/\/www.briskmanandbriskman.com\/es\/lugares\/condado-del-lago\/abogado-de-mordedura-de-perro-2\/\">Abogado de mordeduras de perro en Lake County<\/a><\/li>\n\n\n\n<li><a href=\"https:\/\/www.briskmanandbriskman.com\/es\/lugares\/mundelein\/abogados-de-mordeduras-de-perro\/\">Mundelein Abogados de mordeduras de perro<\/a><\/li>\n\n\n\n<li><a href=\"https:\/\/www.briskmanandbriskman.com\/es\/lugares\/norte-de-chicago\/abogados-de-mordeduras-de-perro\/\">North Chicago Abogados de mordeduras de perro<\/a><\/li>\n\n\n\n<li><a href=\"https:\/\/www.briskmanandbriskman.com\/es\/lugares\/oaklawn\/abogado-de-mordedura-de-perro-2\/\">Oak Lawn Abogados de mordeduras de perro<\/a><\/li>\n\n\n\n<li><a href=\"https:\/\/www.briskmanandbriskman.com\/es\/lugares\/orlandpark\/abogado-de-mordedura-de-perro-2\/\">Orland Park Abogados de mordeduras de perro<\/a><\/li>\n\n\n\n<li><a href=\"https:\/\/www.briskmanandbriskman.com\/es\/lugares\/waukegan\/abogado-de-mordedura-de-perro-2\/\">Waukegan Abogado de mordeduras de perro<\/a><\/li>\n\n\n\n<li><a href=\"https:\/\/www.briskmanandbriskman.com\/es\/lugares\/ruedas\/abogado-de-mordedura-de-perro\/\">Wheeling Abogado de mordeduras de perro<\/a><\/li>\n<\/ul>","protected":false},"excerpt":{"rendered":"<p>Resultar herido en un ataque de perro puede significar costosas facturas m\u00e9dicas y un doloroso camino hacia la recuperaci\u00f3n. Las v\u00edctimas de mordeduras de perro en Mundelein tienen derecho a presentar una demanda por lesiones personales para obtener una indemnizaci\u00f3n por gastos m\u00e9dicos, p\u00e9rdida de ingresos, angustia emocional y m\u00e1s. Si ha sufrido una mordedura de perro, los abogados de mordeduras de perro de Mundelein...<\/p>","protected":false},"author":1,"featured_media":11067,"parent":7158,"menu_order":0,"comment_status":"closed","ping_status":"closed","template":"","meta":{"_acf_changed":false,"footnotes":""},"class_list":["post-7451","page","type-page","status-publish","has-post-thumbnail","hentry"],"acf":[],"_links":{"self":[{"href":"https:\/\/www.briskmanandbriskman.com\/es\/wp-json\/wp\/v2\/pages\/7451","targetHints":{"allow":["GET"]}}],"collection":[{"href":"https:\/\/www.briskmanandbriskman.com\/es\/wp-json\/wp\/v2\/pages"}],"about":[{"href":"https:\/\/www.briskmanandbriskman.com\/es\/wp-json\/wp\/v2\/types\/page"}],"author":[{"embeddable":true,"href":"https:\/\/www.briskmanandbriskman.com\/es\/wp-json\/wp\/v2\/users\/1"}],"replies":[{"embeddable":true,"href":"https:\/\/www.briskmanandbriskman.com\/es\/wp-json\/wp\/v2\/comments?post=7451"}],"version-history":[{"count":6,"href":"https:\/\/www.briskmanandbriskman.com\/es\/wp-json\/wp\/v2\/pages\/7451\/revisions"}],"predecessor-version":[{"id":15376,"href":"https:\/\/www.briskmanandbriskman.com\/es\/wp-json\/wp\/v2\/pages\/7451\/revisions\/15376"}],"up":[{"embeddable":true,"href":"https:\/\/www.briskmanandbriskman.com\/es\/wp-json\/wp\/v2\/pages\/7158"}],"wp:featuredmedia":[{"embeddable":true,"href":"https:\/\/www.briskmanandbriskman.com\/es\/wp-json\/wp\/v2\/media\/11067"}],"wp:attachment":[{"href":"https:\/\/www.briskmanandbriskman.com\/es\/wp-json\/wp\/v2\/media?parent=7451"}],"curies":[{"name":"wp","href":"https:\/\/api.w.org\/{rel}","templated":true}]}}