{"id":7448,"date":"2021-08-01T20:19:29","date_gmt":"2021-08-01T20:19:29","guid":{"rendered":"https:\/\/www.briskmanandbriskman.com\/?page_id=7448"},"modified":"2024-04-15T18:03:47","modified_gmt":"2024-04-15T18:03:47","slug":"abogados-de-accidentes-de-coche","status":"publish","type":"page","link":"https:\/\/www.briskmanandbriskman.com\/es\/locations\/mundelein\/car-accident-lawyers\/","title":{"rendered":"Mundelein Abogados de accidentes de coche"},"content":{"rendered":"<p>Desde acumular costosas facturas m\u00e9dicas hasta tener que ausentarse del trabajo, lesionarse en un accidente de coche puede poner su vida patas arriba. Mundelein v\u00edctimas de accidentes de coche tienen derecho a reclamar una indemnizaci\u00f3n por sus lesiones. En Briskman Briskman &amp; Greenberg, nuestro <a href=\"https:\/\/www.briskmanandbriskman.com\/es\/areas-de-practica\/abogados-de-accidentes-de-camiones-en-chicago-2\/\">abogados compasivos de accidentes de coche<\/a> tienen d\u00e9cadas de <a href=\"https:\/\/www.briskmanandbriskman.com\/es\/lugares\/arboleda-de-bufalo\/abogado-de-lesiones-personales\/\">experiencia ayudando a personas lesionadas a reclamar da\u00f1os y perjuicios mediante una demanda por lesiones personales<\/a> contra los conductores culpables.<\/p>\n\n\n\n<p><strong>Lesiones por accidente de tr\u00e1fico<\/strong><\/p>\n\n\n\n<p><a href=\"https:\/\/www.briskmanandbriskman.com\/es\/lugares\/gurnee\/abogados-de-accidentes-de-coche\/\">Los accidentes de tr\u00e1fico pueden causar lesiones graves<\/a>y algunas colisiones pueden ser incluso mortales. Por ejemplo, los peatones atropellados por un todoterreno pueden correr un alto riesgo de muerte o de sufrir lesiones catastr\u00f3ficas debido...<\/p>\n\n\n\n<p> a la fuerza del impacto. El cuerpo humano no est\u00e1 hecho para soportar veh\u00edculos, y menos a\u00fan los que circulan a gran velocidad.\u00a0<\/p>\n\n\n\n<p><a href=\"https:\/\/www.briskmanandbriskman.com\/es\/lugares\/condado-del-lago\/abogados-de-accidentes-de-coche-2\/\">Mundelein se encuentra en Lake County<\/a>, que fue el tercer condado m\u00e1s mortal para los conductores de Illinois en 2018, seg\u00fan datos del Departamento de Transporte de Illinois. Ese a\u00f1o, Lake County tuvo 14,054 colisiones, de las cuales 38 fueron fatales y 3,437 resultaron en lesiones. La mayor\u00eda de los accidentes involucraron turismos, seguidos de SUV, camionetas y tractores.&nbsp;<\/p>\n\n\n\n<p><a href=\"https:\/\/www.briskmanandbriskman.com\/es\/lugares\/joliet\/joliet-abogado-de-accidente-de-coche\/\">Los accidentes de tr\u00e1fico pueden provocar una amplia gama de lesiones<\/a>desde contusiones y cortes hasta fracturas \u00f3seas y par\u00e1lisis. Las lesiones craneales y cerebrales, el latigazo cervical, las lesiones internas, las quemaduras y las amputaciones son algunas de las muchas lesiones que se registran en los accidentes de tr\u00e1fico. Tras una colisi\u00f3n, la v\u00edctima puede sufrir tambi\u00e9n angustia mental y trauma emocional. A <a href=\"https:\/\/www.briskmanandbriskman.com\/es\/lugares\/mundelein\/abogados-de-danos-personales\/\">Mundelein abogado de lesiones personales con Briskman Briskman &amp; Greenberg <\/a>puede ayudarle a recuperar los da\u00f1os.<\/p>\n\n\n\n<p><strong>Responsabilidad en accidentes de tr\u00e1fico Mundelein<\/strong><\/p>\n\n\n\n<p>Si ha sufrido lesiones en un accidente de tr\u00e1fico por la imprudencia de otra persona, puede tener derecho a una indemnizaci\u00f3n por todas sus p\u00e9rdidas, incluidos los gastos m\u00e9dicos, el lucro cesante, los da\u00f1os materiales y mucho m\u00e1s. Para que una demanda por accidente de tr\u00e1fico tenga \u00e9xito, debe poder demostrar que el conductor culpable fue negligente, que la negligencia del conductor caus\u00f3 su lesi\u00f3n y que usted sufri\u00f3 da\u00f1os a causa de la lesi\u00f3n.<\/p>\n\n\n\n<p>Mundelein <a href=\"https:\/\/www.briskmanandbriskman.com\/es\/lugares\/norte-de-chicago\/abogados-de-accidentes-de-coche-2\/\">siniestros de tr\u00e1fico<\/a> se tramitan seg\u00fan el sistema basado en la culpa de la ley Illinois. El Estado utiliza la negligencia comparativa, que permite a la v\u00edctima de un accidente de coche obtener una indemnizaci\u00f3n aunque haya tenido parte de culpa en el accidente. El importe de la indemnizaci\u00f3n se reducir\u00e1 en funci\u00f3n de su porcentaje de culpa.<\/p>\n\n\n\n<p><strong>C\u00f3mo puede ayudar un abogado de accidentes de tr\u00e1fico<\/strong><\/p>\n\n\n\n<p>Porque <a href=\"https:\/\/www.briskmanandbriskman.com\/es\/lugares\/oaklawn\/abogado-de-accidente-de-coche\/\">demostrar la culpa en un accidente de tr\u00e1fico<\/a> puede ser complicado, es importante contar con un abogado experto en accidentes de coche que represente sus intereses. El abogado puede gestionar las negociaciones con las compa\u00f1\u00edas de seguros y calcular el importe de la indemnizaci\u00f3n que tiene derecho a recibir de un conductor negligente.<\/p>\n\n\n\n<p>Cuando usted contrata Briskman Briskman &amp; Greenberg para que lo represente, vamos a investigar a fondo su accidente para llegar al fondo de lo sucedido. Nuestro experimentado Mundelein <a href=\"https:\/\/www.briskmanandbriskman.com\/es\/lugares\/orlandpark\/abogado-de-accidente-de-coche\/\">abogados de accidentes de coche<\/a> puede ayudarle a construir un caso s\u00f3lido apoyado con pruebas s\u00f3lidas. Nos aseguraremos de que la parte culpable no intente aprovecharse de usted con una oferta de liquidaci\u00f3n a la baja.<\/p>\n\n\n\n<p><strong>Pasos cruciales tras un accidente de tr\u00e1fico<\/strong><\/p>\n\n\n\n<p>1. Busque atenci\u00f3n m\u00e9dica inmediata.<br>2. Documenta el accidente con fotos y notas.<br>3. Notifique a su compa\u00f1\u00eda de seguros <a href=\"https:\/\/www.briskmanandbriskman.com\/es\/lugares\/waukegan\/abogados-de-accidentes-de-coche\/\">accidente de tr\u00e1fico<\/a>.<br>4. P\u00f3ngase en contacto con un Mundelein experimentado <a href=\"https:\/\/www.briskmanandbriskman.com\/es\/lugares\/ruedas\/abogado-de-accidente-de-coche-2\/\">abogado de accidente de coche<\/a>.<\/p>\n\n\n\n<p><strong>Plazos para presentar una demanda por accidente de tr\u00e1fico<\/strong><\/p>\n\n\n\n<p>El plazo para presentar una demanda se conoce como plazo de prescripci\u00f3n. Las demandas por accidente de tr\u00e1fico Mundelein deben seguir el plazo de prescripci\u00f3n establecido en la legislaci\u00f3n Illinois.<\/p>\n\n\n\n<p>En la mayor\u00eda de los casos de accidentes de tr\u00e1fico, normalmente se dispone de dos a\u00f1os a partir de la fecha del accidente para presentar una reclamaci\u00f3n. Si se le pasa este plazo, puede perder su derecho a recuperar los da\u00f1os por sus lesiones.<\/p>\n\n\n\n<p><strong>Contacte hoy mismo con un abogado especializado en accidentes de tr\u00e1fico<\/strong><\/p>\n\n\n\n<p>Si usted ha sido lesionado en un accidente de coche Mundelein, estamos seguros de que podemos obtener da\u00f1os y perjuicios para usted. <a href=\"https:\/\/www.briskmanandbriskman.com\/es\/abogados-de-accidentes-de-camiones-en-chicago-2\/\">Discuta su caso<\/a> con el <a href=\"https:\/\/www.briskmanandbriskman.com\/es\/areas-de-practica\/abogados-de-accidentes-de-camiones-en-chicago-2\/\">abogados expertos en accidentes de tr\u00e1fico en Briskman Briskman &amp; Greenberg<\/a>.<\/p>\n\n\n\n<p>Podemos ayudarle a determinar si usted tiene un caso de accidente de coche y responder a todas sus preguntas. <a href=\"https:\/\/www.briskmanandbriskman.com\/es\/consulta-gratuita\/\">Nuestro bufete de abogados ofrece consultas iniciales gratuitas<\/a>por lo que no le costar\u00e1 nada hablar con un abogado.<\/p>\n\n\n\n<h3 class=\"wp-block-heading\">Recursos adicionales sobre lesiones por accidente de tr\u00e1fico<\/h3>\n\n\n\n<ul class=\"wp-block-list\">\n<li><a href=\"https:\/\/www.briskmanandbriskman.com\/es\/areas-de-practica\/abogados-de-accidentes-de-camiones-en-chicago-2\/proceso-de-demanda-por-accidente-de-trafico\/\">Proceso judicial por accidente de tr\u00e1fico<\/a><\/li>\n\n\n\n<li><a href=\"https:\/\/www.briskmanandbriskman.com\/es\/areas-de-practica\/abogados-de-accidentes-de-camiones-en-chicago-2\/chicago-cta-abogado-de-accidentes-de-autobus-y-tren\/\">Chicago CTA Abogado de accidentes de autob\u00fas y tren<\/a><\/li>\n\n\n\n<li><a href=\"https:\/\/www.briskmanandbriskman.com\/es\/areas-de-practica\/abogados-de-accidentes-de-camiones-en-chicago-2\/abogados-de-accidentes-por-conduccion-distraida-en-chicago\/\">Chicago Abogados de accidentes por conducci\u00f3n distra\u00edda<\/a>\n<ul class=\"wp-block-list\">\n<li><a href=\"https:\/\/www.briskmanandbriskman.com\/es\/areas-de-practica\/abogados-de-accidentes-de-camiones-en-chicago-2\/abogados-de-accidentes-por-conduccion-distraida-en-chicago\/los-peligros-de-los-mensajes-de-texto-con-voz\/\">Los peligros de los mensajes de texto con voz<\/a><\/li>\n<\/ul>\n<\/li>\n\n\n\n<li><a href=\"https:\/\/www.briskmanandbriskman.com\/es\/areas-de-practica\/abogados-de-accidentes-de-camiones-en-chicago-2\/abogados-de-accidentes-por-conducir-ebrio-en-chicago\/\">Chicago Abogados de accidentes por conducir ebrio<\/a><\/li>\n\n\n\n<li><a href=\"https:\/\/www.briskmanandbriskman.com\/es\/areas-de-practica\/abogados-de-accidentes-de-camiones-en-chicago-2\/abogados-de-accidentes-de-conductores-mayores-de-chicago\/\">Chicago Abogados de accidentes de conductores de edad avanzada<\/a>\n<ul class=\"wp-block-list\">\n<li><a href=\"https:\/\/www.briskmanandbriskman.com\/es\/areas-de-practica\/abogados-de-accidentes-de-camiones-en-chicago-2\/abogados-de-accidentes-de-conductores-mayores-de-chicago\/los-abuelos-y-la-seguridad-infantil-en-los-coches\/\">Los abuelos y la seguridad de los ni\u00f1os en el coche<\/a><\/li>\n<\/ul>\n<\/li>\n\n\n\n<li><a href=\"https:\/\/www.briskmanandbriskman.com\/es\/areas-de-practica\/abogados-de-accidentes-de-camiones-en-chicago-2\/abogados-de-accidentes-de-coche-mortales-en-chicago\/\">Chicago Abogados de accidentes de coche mortales<\/a><\/li>\n\n\n\n<li><a href=\"https:\/\/www.briskmanandbriskman.com\/es\/areas-de-practica\/abogados-de-accidentes-de-camiones-en-chicago-2\/chicago-lyft-abogado-de-accidente-de-coche\/\">Chicago Lyft Abogado de Accidente de Coche<\/a>\n<ul class=\"wp-block-list\">\n<li><a href=\"https:\/\/www.briskmanandbriskman.com\/es\/areas-de-practica\/abogados-de-accidentes-de-camiones-en-chicago-2\/chicago-lyft-abogado-de-accidente-de-coche\/consejos-para-un-viaje-seguro-en-lyft-en-chicago\/\">Consejos para un viaje seguro en Lyft Chicago<\/a><\/li>\n<\/ul>\n<\/li>\n\n\n\n<li><a href=\"https:\/\/www.briskmanandbriskman.com\/es\/areas-de-practica\/abogados-de-accidentes-de-camiones-en-chicago-2\/abogado-de-accidente-de-autobus-chicago-pace\/\">Chicago Abogado Accidente Autob\u00fas Pace<\/a><\/li>\n\n\n\n<li><a href=\"https:\/\/www.briskmanandbriskman.com\/es\/areas-de-practica\/abogados-de-accidentes-de-camiones-en-chicago-2\/abogados-de-accidentes-de-coches-de-alquiler-en-chicago\/\">Chicago Abogados de accidentes de coches de alquiler<\/a><\/li>\n\n\n\n<li><a href=\"https:\/\/www.briskmanandbriskman.com\/es\/areas-de-practica\/abogados-de-accidentes-de-camiones-en-chicago-2\/chicago-road-rage-accidente-abogado\/\">Chicago Abogado de accidentes de tr\u00e1fico<\/a><\/li>\n\n\n\n<li><a href=\"https:\/\/www.briskmanandbriskman.com\/es\/areas-de-practica\/abogados-de-accidentes-de-camiones-en-chicago-2\/chicago-uber-accidente-de-coche-abogado\/\">Chicago Uber Abogado de Accidente de Coche&nbsp;<\/a>\n<ul class=\"wp-block-list\">\n<li><a href=\"https:\/\/www.briskmanandbriskman.com\/es\/areas-de-practica\/abogados-de-accidentes-de-camiones-en-chicago-2\/chicago-uber-accidente-de-coche-abogado\/consejos-para-utilizar-uber-de-forma-segura-en-chicago\/\">Consejos para utilizar Uber con seguridad en Chicago<\/a><\/li>\n<\/ul>\n<\/li>\n\n\n\n<li><a href=\"https:\/\/www.briskmanandbriskman.com\/es\/areas-de-practica\/abogados-de-accidentes-de-camiones-en-chicago-2\/razones-criticas-vs-causas-de-los-accidentes-de-coche-chicago\/\">Razones Cr\u00edticas Vs. Causas de Accidentes de Coche Chicago<\/a><\/li>\n\n\n\n<li><a href=\"https:\/\/www.briskmanandbriskman.com\/es\/areas-de-practica\/abogados-de-accidentes-de-camiones-en-chicago-2\/disputa-de-una-reclamacion-de-accidente-de-coche-con-allstate\/\">Impugnaci\u00f3n de una reclamaci\u00f3n de accidente de coche con Allstate<\/a><\/li>\n\n\n\n<li><a href=\"https:\/\/www.briskmanandbriskman.com\/es\/areas-de-practica\/abogados-de-accidentes-de-camiones-en-chicago-2\/disputa-de-una-reclamacion-de-accidente-de-coche-con-geico\/\">Impugnaci\u00f3n de una reclamaci\u00f3n de accidente de coche con Geico<\/a><\/li>\n\n\n\n<li><a href=\"https:\/\/www.briskmanandbriskman.com\/es\/areas-de-practica\/abogados-de-accidentes-de-camiones-en-chicago-2\/disputa-de-una-reclamacion-por-accidente-de-coche-con-state-farm\/\">Impugnaci\u00f3n de una reclamaci\u00f3n por accidente de coche con State Farm<\/a><\/li>\n\n\n\n<li><a href=\"https:\/\/www.briskmanandbriskman.com\/es\/areas-de-practica\/abogados-de-accidentes-de-camiones-en-chicago-2\/illinois-accidente-de-coche-trauma-abogado\/\">Illinois Abogado de Traumatismos por Accidente de Coche<\/a><\/li>\n\n\n\n<li><a href=\"https:\/\/www.briskmanandbriskman.com\/es\/areas-de-practica\/abogados-de-accidentes-de-camiones-en-chicago-2\/abogados-de-accidentes-por-no-ceder-el-paso-en-illinois\/\">Illinois Fracaso a ceder los abogados de accidentes<\/a><\/li>\n\n\n\n<li><a href=\"https:\/\/www.briskmanandbriskman.com\/es\/areas-de-practica\/abogados-de-accidentes-de-camiones-en-chicago-2\/reglamentos-del-estado-de-illinois-para-accidentes-de-uber-y-lyft\/\">Illinois Normativa de transporte compartido para accidentes de Uber y Lyft<\/a><\/li>\n\n\n\n<li><a href=\"https:\/\/www.briskmanandbriskman.com\/es\/areas-de-practica\/abogados-de-accidentes-de-camiones-en-chicago-2\/que-hacer-tras-un-accidente-de-trafico\/\">Qu\u00e9 hacer tras un accidente de tr\u00e1fico<\/a><\/li>\n\n\n\n<li><a href=\"https:\/\/www.briskmanandbriskman.com\/es\/historias-web\/accidentes-de-coche-del-condado-del-lago\/\">Lake County Accidentes de tr\u00e1fico<\/a><\/li>\n\n\n\n<li><a href=\"https:\/\/www.briskmanandbriskman.com\/es\/historias-web\/oak-lawn-accidentes-de-coche\/\">Oak Lawn Accidentes de tr\u00e1fico<\/a><\/li>\n\n\n\n<li><a href=\"https:\/\/www.briskmanandbriskman.com\/es\/historias-web\/como-puedo-saber-si-tengo-un-caso-de-accidente-de-coche\/\">\u00bfTengo un caso de accidente de coche? Descubra lo que dicen los abogados de Chicago.<\/a><\/li>\n\n\n\n<li><a href=\"https:\/\/www.briskmanandbriskman.com\/es\/areas-de-practica\/indemnizacion-por-accidente-laboral\/chicago-accidente-de-coche-en-el-trabajo-abogados\/\">Chicago Accidentes de tr\u00e1fico en el trabajo Abogados<\/a><\/li>\n\n\n\n<li><a href=\"https:\/\/www.briskmanandbriskman.com\/es\/areas-de-practica\/abogados-de-accidentes-de-camiones-en-chicago-2\/faq\/\">Preguntas frecuentes sobre accidentes de tr\u00e1fico<\/a>\n<ul class=\"wp-block-list\">\n<li><a href=\"https:\/\/www.briskmanandbriskman.com\/es\/areas-de-practica\/abogados-de-accidentes-de-camiones-en-chicago-2\/faq\/puedo-obtener-una-indemnizacion-por-mis-lesiones-si-he-tenido-parte-de-culpa-en-el-accidente\/\">\u00bfPuedo obtener indemnizaci\u00f3n por mis lesiones si he sido parcialmente culpable de causar un accidente?<\/a><\/li>\n\n\n\n<li><a href=\"https:\/\/www.briskmanandbriskman.com\/es\/areas-de-practica\/abogados-de-accidentes-de-camiones-en-chicago-2\/faq\/necesito-un-abogado-despues-de-un-atropello-y-fuga\/\">\u00bfNecesito un abogado despu\u00e9s de un atropello y fuga?<\/a><\/li>\n\n\n\n<li><a href=\"https:\/\/www.briskmanandbriskman.com\/es\/areas-de-practica\/abogados-de-accidentes-de-camiones-en-chicago-2\/faq\/cuanto-tiempo-despues-de-un-accidente-de-coche-aparecen-las-lesiones\/\">\u00bfCu\u00e1nto tardan en aparecer las lesiones tras un accidente de tr\u00e1fico?<\/a><\/li>\n\n\n\n<li><a href=\"https:\/\/www.briskmanandbriskman.com\/es\/areas-de-practica\/abogados-de-accidentes-de-camiones-en-chicago-2\/faq\/cuanta-cobertura-de-seguro-necesito-en-illinois\/\">\u00bfCu\u00e1nta cobertura de seguro necesito en Illinois?<\/a><\/li>\n\n\n\n<li><a href=\"https:\/\/www.briskmanandbriskman.com\/es\/areas-de-practica\/abogados-de-accidentes-de-camiones-en-chicago-2\/faq\/cuanto-tiempo-tengo-para-reclamar-por-mi-accidente-de-coche\/\">\u00bfDe cu\u00e1nto tiempo dispongo para reclamar por mi accidente de tr\u00e1fico?<\/a><\/li>\n\n\n\n<li><a href=\"https:\/\/www.briskmanandbriskman.com\/es\/areas-de-practica\/abogados-de-accidentes-de-camiones-en-chicago-2\/faq\/debo-aceptar-la-oferta-de-la-compania-de-seguros-tras-un-accidente-de-trafico\/\">\u00bfDebo aceptar la oferta de la compa\u00f1\u00eda de seguros tras un accidente de tr\u00e1fico?<\/a><\/li>\n\n\n\n<li><a href=\"https:\/\/www.briskmanandbriskman.com\/es\/areas-de-practica\/abogados-de-accidentes-de-camiones-en-chicago-2\/faq\/cuales-son-los-pasos-mas-importantes-que-hay-que-dar-tras-un-accidente-de-trafico\/\">\u00bfCu\u00e1les son los pasos m\u00e1s importantes tras un accidente de tr\u00e1fico?<\/a><\/li>\n\n\n\n<li><a href=\"https:\/\/www.briskmanandbriskman.com\/es\/areas-de-practica\/abogados-de-accidentes-de-camiones-en-chicago-2\/faq\/que-puedo-conseguir-para-mi-lesion-en-el-cuello-de-mi-accidente-de-coche\/\">\u00bfQu\u00e9 puedo obtener para mi lesi\u00f3n en el cuello de mi accidente de coche?<\/a><\/li>\n\n\n\n<li><a href=\"https:\/\/www.briskmanandbriskman.com\/es\/areas-de-practica\/abogados-de-accidentes-de-camiones-en-chicago-2\/faq\/que-documentos-debo-presentar-como-prueba\/\">\u00bfQu\u00e9 documentos necesito presentar como prueba?<\/a><\/li>\n\n\n\n<li><a href=\"https:\/\/www.briskmanandbriskman.com\/es\/areas-de-practica\/abogados-de-accidentes-de-camiones-en-chicago-2\/faq\/que-lesiones-puede-causar-un-accidente-de-trafico\/\">\u00bfQu\u00e9 lesiones puede causar un accidente de tr\u00e1fico?<\/a><\/li>\n\n\n\n<li><a href=\"https:\/\/www.briskmanandbriskman.com\/es\/areas-de-practica\/abogados-de-accidentes-de-camiones-en-chicago-2\/faq\/que-opciones-tengo-tras-sufrir-lesiones-en-un-accidente-de-trafico\/\">\u00bfQu\u00e9 opciones tengo tras sufrir lesiones en un accidente de tr\u00e1fico?<\/a><\/li>\n\n\n\n<li><a href=\"https:\/\/www.briskmanandbriskman.com\/es\/areas-de-practica\/abogados-de-accidentes-de-camiones-en-chicago-2\/faq\/que-debo-buscar-en-un-abogado-de-accidentes-de-coche\/\">\u00bfQu\u00e9 debo buscar en un abogado de accidentes de tr\u00e1fico?<\/a><\/li>\n\n\n\n<li><a href=\"https:\/\/www.briskmanandbriskman.com\/es\/areas-de-practica\/abogados-de-accidentes-de-camiones-en-chicago-2\/faq\/que-hacer-tras-un-accidente-de-trafico-con-lesiones\/\">\u00bfQu\u00e9 hacer tras un accidente de tr\u00e1fico con lesiones?<\/a><\/li>\n\n\n\n<li><a href=\"https:\/\/www.briskmanandbriskman.com\/es\/areas-de-practica\/abogados-de-accidentes-de-camiones-en-chicago-2\/faq\/que-tipos-de-danos-puede-reclamar-una-persona\/\">\u00bfQu\u00e9 tipos de da\u00f1os puede reclamar una persona?<\/a><\/li>\n\n\n\n<li><a href=\"https:\/\/www.briskmanandbriskman.com\/es\/areas-de-practica\/abogados-de-accidentes-de-camiones-en-chicago-2\/faq\/cuando-necesito-un-abogado-para-las-lesiones-por-accidente-de-coche\/\">\u00bfCu\u00e1ndo necesito un abogado para las lesiones por accidente de coche?<\/a><\/li>\n\n\n\n<li><a href=\"https:\/\/www.briskmanandbriskman.com\/es\/areas-de-practica\/abogados-de-accidentes-de-camiones-en-chicago-2\/faq\/quien-puede-ser-considerado-responsable-de-un-accidente-de-trafico\/\">\u00bfQui\u00e9n puede ser considerado responsable de un accidente de tr\u00e1fico?<\/a><\/li>\n<\/ul>\n<\/li>\n\n\n\n<li><a href=\"https:\/\/www.briskmanandbriskman.com\/es\/centros-de-informacion\/accidentes-de-trafico\/\">Chicago Centro de accidentes de tr\u00e1fico<\/a>\n<ul class=\"wp-block-list\">\n<li><a href=\"https:\/\/www.briskmanandbriskman.com\/es\/centros-de-informacion\/accidentes-de-trafico\/puedo-ser-indemnizado-si-he-tenido-parte-de-culpa-en-mi-accidente-de-trafico\/\">\u00bfPuedo ser indemnizado si he tenido parte de culpa en mi accidente de tr\u00e1fico?<\/a><\/li>\n\n\n\n<li><a href=\"https:\/\/www.briskmanandbriskman.com\/es\/centros-de-informacion\/accidentes-de-trafico\/puedo-demandar-a-un-bar-si-resulto-herido-por-un-conductor-ebrio\/\">\u00bfPuedo demandar a un bar si me hiere un conductor ebrio?<\/a><\/li>\n\n\n\n<li><a href=\"https:\/\/www.briskmanandbriskman.com\/es\/centros-de-informacion\/accidentes-de-trafico\/tipos-habituales-de-demandas-por-accidentes-de-trafico\/\">Tipos habituales de demandas por accidentes de tr\u00e1fico<\/a><\/li>\n\n\n\n<li><a href=\"https:\/\/www.briskmanandbriskman.com\/es\/centros-de-informacion\/accidentes-de-trafico\/cinco-cosas-que-debes-saber-sobre-la-conduccion-con-somnolencia\/\">Cinco cosas que debe saber sobre la somnolencia al volante<\/a><\/li>\n\n\n\n<li><a href=\"https:\/\/www.briskmanandbriskman.com\/es\/centros-de-informacion\/accidentes-de-trafico\/como-puedo-saber-si-tengo-una-demanda-por-accidente-de-trafico-2\/\">\u00bfC\u00f3mo s\u00e9 si tengo una demanda por accidente de tr\u00e1fico?<\/a><\/li>\n\n\n\n<li><a href=\"https:\/\/www.briskmanandbriskman.com\/es\/centros-de-informacion\/accidentes-de-trafico\/de-cuanto-tiempo-dispongo-para-presentar-una-reclamacion-por-accidente-de-trafico\/\">\u00bfDe cu\u00e1nto tiempo dispongo para presentar una demanda por accidente de tr\u00e1fico?<\/a><\/li>\n\n\n\n<li><a href=\"https:\/\/www.briskmanandbriskman.com\/es\/centros-de-informacion\/accidentes-de-trafico\/son-tan-peligrosos-para-los-conductores-como-conducir-ebrio\/\">Son tan peligrosos para los conductores como conducir ebrio<\/a><\/li>\n<\/ul>\n<\/li>\n<\/ul>\n\n\n\n<h3 class=\"wp-block-heading\">Abogados de accidentes de coche disponibles en todo Illinois<\/h3>\n\n\n\n<ul class=\"wp-block-list\">\n<li><a href=\"https:\/\/www.briskmanandbriskman.com\/es\/areas-de-practica\/abogados-de-accidentes-de-camiones-en-chicago-2\/\">Chicago abogado accidente coche<\/a><\/li>\n\n\n\n<li><a href=\"https:\/\/www.briskmanandbriskman.com\/es\/lugares\/gurnee\/abogados-de-accidentes-de-coche\/\">Gurnee Abogados de accidentes de coche<\/a><\/li>\n\n\n\n<li><a href=\"https:\/\/www.briskmanandbriskman.com\/es\/lugares\/joliet\/joliet-abogado-de-accidente-de-coche\/\">Joliet Abogado de accidente de coche<\/a>\n<ul class=\"wp-block-list\">\n<li><a href=\"https:\/\/www.briskmanandbriskman.com\/es\/lugares\/joliet\/joliet-abogado-de-accidente-de-coche\/abogados-de-accidentes-mortales\/\">Joliet Abogados de accidentes mortales<\/a><\/li>\n\n\n\n<li><a href=\"https:\/\/www.briskmanandbriskman.com\/es\/lugares\/joliet\/joliet-abogado-de-accidente-de-coche\/abogados-de-accidentes-traseros\/\">Joliet Abogados de accidentes por alcance<\/a><\/li>\n\n\n\n<li><a href=\"https:\/\/www.briskmanandbriskman.com\/es\/lugares\/joliet\/joliet-abogado-de-accidente-de-coche\/texting-while-driving-accident-lawyers\/\">Joliet Mensajes de texto mientras se conduce Abogados de accidentes<\/a><\/li>\n<\/ul>\n<\/li>\n\n\n\n<li><a href=\"https:\/\/www.briskmanandbriskman.com\/es\/lugares\/condado-del-lago\/abogados-de-accidentes-de-coche-2\/\">Abogados de accidentes de tr\u00e1fico en Lake County<\/a><\/li>\n\n\n\n<li><a href=\"https:\/\/www.briskmanandbriskman.com\/es\/lugares\/mundelein\/abogados-de-accidentes-de-coche\/\">Mundelein Abogados de accidentes de coche<\/a><\/li>\n\n\n\n<li><a href=\"https:\/\/www.briskmanandbriskman.com\/es\/lugares\/norte-de-chicago\/abogados-de-accidentes-de-coche-2\/\">North Chicago Abogados de accidentes de tr\u00e1fico<\/a><\/li>\n\n\n\n<li><a href=\"https:\/\/www.briskmanandbriskman.com\/es\/lugares\/oaklawn\/abogado-de-accidente-de-coche\/\">Oak Lawn Abogados de accidentes de tr\u00e1fico<\/a><\/li>\n\n\n\n<li><a href=\"https:\/\/www.briskmanandbriskman.com\/es\/lugares\/orlandpark\/abogado-de-accidente-de-coche\/\">Orland Park Abogados de accidentes de tr\u00e1fico<\/a><\/li>\n\n\n\n<li><a href=\"https:\/\/www.briskmanandbriskman.com\/es\/lugares\/waukegan\/abogados-de-accidentes-de-coche\/\">Waukegan Abogados de accidentes de tr\u00e1fico<\/a><\/li>\n\n\n\n<li><a href=\"https:\/\/www.briskmanandbriskman.com\/es\/lugares\/ruedas\/abogado-de-accidente-de-coche-2\/\">Wheeling Abogado de accidente de coche<\/a>\n<ul class=\"wp-block-list\">\n<li><a href=\"https:\/\/www.briskmanandbriskman.com\/es\/lugares\/ruedas\/abogado-de-accidente-de-coche-2\/accidente-de-coche-mortal-abogado\/\">Wheeling Abogado de accidente de coche mortal<\/a><\/li>\n\n\n\n<li><a href=\"https:\/\/www.briskmanandbriskman.com\/es\/lugares\/ruedas\/abogado-de-accidente-de-coche-2\/abogado-de-colisiones-frontales\/\">Wheeling Abogado de Colisi\u00f3n Frontal<\/a><\/li>\n\n\n\n<li><a href=\"https:\/\/www.briskmanandbriskman.com\/es\/lugares\/ruedas\/abogado-de-accidente-de-coche-2\/lesiones-graves-en-accidentes-de-coche-en-wheeling\/\">Wheeling Abogado de Lesiones Graves por Accidente de Coche<\/a><\/li>\n<\/ul>\n<\/li>\n<\/ul>","protected":false},"excerpt":{"rendered":"<p>Desde acumular costosas facturas m\u00e9dicas hasta tener que ausentarse del trabajo, sufrir lesiones en un accidente de coche puede poner su vida patas arriba. Mundelein v\u00edctimas de accidentes de coche tienen derecho a reclamar una indemnizaci\u00f3n por sus lesiones. En Briskman Briskman &amp; Greenberg, nuestros abogados de accidentes de coche compasivo tienen d\u00e9cadas de experiencia ayudando a las personas lesionadas a recuperar los da\u00f1os ...<\/p>","protected":false},"author":1,"featured_media":11030,"parent":7158,"menu_order":0,"comment_status":"closed","ping_status":"closed","template":"","meta":{"_acf_changed":false,"footnotes":""},"class_list":["post-7448","page","type-page","status-publish","has-post-thumbnail","hentry"],"acf":[],"_links":{"self":[{"href":"https:\/\/www.briskmanandbriskman.com\/es\/wp-json\/wp\/v2\/pages\/7448","targetHints":{"allow":["GET"]}}],"collection":[{"href":"https:\/\/www.briskmanandbriskman.com\/es\/wp-json\/wp\/v2\/pages"}],"about":[{"href":"https:\/\/www.briskmanandbriskman.com\/es\/wp-json\/wp\/v2\/types\/page"}],"author":[{"embeddable":true,"href":"https:\/\/www.briskmanandbriskman.com\/es\/wp-json\/wp\/v2\/users\/1"}],"replies":[{"embeddable":true,"href":"https:\/\/www.briskmanandbriskman.com\/es\/wp-json\/wp\/v2\/comments?post=7448"}],"version-history":[{"count":3,"href":"https:\/\/www.briskmanandbriskman.com\/es\/wp-json\/wp\/v2\/pages\/7448\/revisions"}],"predecessor-version":[{"id":12925,"href":"https:\/\/www.briskmanandbriskman.com\/es\/wp-json\/wp\/v2\/pages\/7448\/revisions\/12925"}],"up":[{"embeddable":true,"href":"https:\/\/www.briskmanandbriskman.com\/es\/wp-json\/wp\/v2\/pages\/7158"}],"wp:featuredmedia":[{"embeddable":true,"href":"https:\/\/www.briskmanandbriskman.com\/es\/wp-json\/wp\/v2\/media\/11030"}],"wp:attachment":[{"href":"https:\/\/www.briskmanandbriskman.com\/es\/wp-json\/wp\/v2\/media?parent=7448"}],"curies":[{"name":"wp","href":"https:\/\/api.w.org\/{rel}","templated":true}]}}