{"id":7298,"date":"2021-07-11T23:28:09","date_gmt":"2021-07-11T23:28:09","guid":{"rendered":"https:\/\/www.briskmanandbriskman.com\/?page_id=7298"},"modified":"2024-03-28T21:18:09","modified_gmt":"2024-03-28T21:18:09","slug":"waukegan","status":"publish","type":"page","link":"https:\/\/www.briskmanandbriskman.com\/es\/locations\/waukegan\/","title":{"rendered":"Waukegan Abogados de lesiones"},"content":{"rendered":"<p>Si ha sufrido lesiones en un accidente Waukegan, una demanda por lesiones personales le permite reclamar una indemnizaci\u00f3n significativa por los da\u00f1os sufridos. Aunque no hay forma de volver atr\u00e1s en el tiempo y cambiar lo ocurrido, la indemnizaci\u00f3n que reciba puede ayudarle a seguir adelante con su vida. Interponer una demanda tambi\u00e9n le permite responsabilizar de su negligencia a la persona que le caus\u00f3 las lesiones.<\/p>\n\n\n\n<p>Obtenga m\u00e1s informaci\u00f3n sobre nuestros servicios de lesiones personales Waukegan:<\/p>\n\n\n<ul class=\"list-pages-shortcode child-pages\"><li class=\"page_item page-item-14351\"><a href=\"https:\/\/www.briskmanandbriskman.com\/es\/locations\/waukegan\/motorcycle-accident-lawyer-in-waukegan\/\">Motorcycle Accident Lawyer in Waukegan<\/a><\/li>\n<li class=\"page_item page-item-7303 page_item_has_children\"><a href=\"https:\/\/www.briskmanandbriskman.com\/es\/locations\/waukegan\/car-accident-lawyers\/\">Waukegan Abogados de accidentes de tr\u00e1fico<\/a>\n<ul class='children'>\n\t<li class=\"page_item page-item-13394\"><a href=\"https:\/\/www.briskmanandbriskman.com\/es\/locations\/waukegan\/car-accident-lawyers\/rear-end-accident-attorneys\/\">Waukegan Abogados de accidentes por alcance<\/a><\/li>\n<\/ul>\n<\/li>\n<li class=\"page_item page-item-7301 page_item_has_children\"><a href=\"https:\/\/www.briskmanandbriskman.com\/es\/locations\/waukegan\/dog-bite-lawyer\/\">Waukegan Abogado de mordeduras de perro<\/a>\n<ul class='children'>\n\t<li class=\"page_item page-item-9017\"><a href=\"https:\/\/www.briskmanandbriskman.com\/es\/locations\/waukegan\/dog-bite-lawyer\/usps-dog-bite-lawyers\/\">Waukegan USPS Abogados de mordeduras de perro<\/a><\/li>\n<\/ul>\n<\/li>\n<li class=\"page_item page-item-8381\"><a href=\"https:\/\/www.briskmanandbriskman.com\/es\/locations\/waukegan\/medical-malpractice-attorneys\/\">Waukegan Abogado de negligencia m\u00e9dica<\/a><\/li>\n<li class=\"page_item page-item-8779\"><a href=\"https:\/\/www.briskmanandbriskman.com\/es\/locations\/waukegan\/personal-injury-attorneys\/\">Waukegan Abogados de lesiones personales<\/a><\/li>\n<li class=\"page_item page-item-13386\"><a href=\"https:\/\/www.briskmanandbriskman.com\/es\/locations\/waukegan\/premises-liability-attorney\/\">Waukegan Abogado de responsabilidad civil de locales<\/a><\/li>\n<li class=\"page_item page-item-8854\"><a href=\"https:\/\/www.briskmanandbriskman.com\/es\/locations\/waukegan\/slip-and-fall-attorneys\/\">Waukegan Abogados de resbalones y ca\u00eddas<\/a><\/li>\n<li class=\"page_item page-item-9025\"><a href=\"https:\/\/www.briskmanandbriskman.com\/es\/locations\/waukegan\/trucking-accident-attorneys\/\">Waukegan Abogados de accidentes de cami\u00f3n<\/a><\/li>\n<li class=\"page_item page-item-9021 page_item_has_children\"><a href=\"https:\/\/www.briskmanandbriskman.com\/es\/locations\/waukegan\/work-injury-attorneys\/\">Waukegan Abogados de accidentes de trabajo<\/a>\n<ul class='children'>\n\t<li class=\"page_item page-item-9316\"><a href=\"https:\/\/www.briskmanandbriskman.com\/es\/locations\/waukegan\/work-injury-attorneys\/construction-accident-attorneys\/\">Waukegan Abogados de accidentes de la construcci\u00f3n<\/a><\/li>\n<\/ul>\n<\/li>\n<li class=\"page_item page-item-8837\"><a href=\"https:\/\/www.briskmanandbriskman.com\/es\/locations\/waukegan\/wrongful-death-attorneys\/\">Waukegan Abogados de Homicidio Culposo<\/a><\/li>\n<\/ul>","protected":false},"excerpt":{"rendered":"<p>Si ha sufrido lesiones en un accidente Waukegan, una demanda por lesiones personales le permite reclamar una indemnizaci\u00f3n significativa por los da\u00f1os sufridos. Aunque no hay forma de volver atr\u00e1s en el tiempo y cambiar lo sucedido, la indemnizaci\u00f3n que reciba puede ayudarle a seguir adelante con su vida. Interponer una demanda tambi\u00e9n le permite...<\/p>","protected":false},"author":1,"featured_media":0,"parent":6524,"menu_order":0,"comment_status":"closed","ping_status":"closed","template":"","meta":{"_acf_changed":false,"footnotes":""},"class_list":["post-7298","page","type-page","status-publish","hentry"],"acf":[],"_links":{"self":[{"href":"https:\/\/www.briskmanandbriskman.com\/es\/wp-json\/wp\/v2\/pages\/7298","targetHints":{"allow":["GET"]}}],"collection":[{"href":"https:\/\/www.briskmanandbriskman.com\/es\/wp-json\/wp\/v2\/pages"}],"about":[{"href":"https:\/\/www.briskmanandbriskman.com\/es\/wp-json\/wp\/v2\/types\/page"}],"author":[{"embeddable":true,"href":"https:\/\/www.briskmanandbriskman.com\/es\/wp-json\/wp\/v2\/users\/1"}],"replies":[{"embeddable":true,"href":"https:\/\/www.briskmanandbriskman.com\/es\/wp-json\/wp\/v2\/comments?post=7298"}],"version-history":[{"count":2,"href":"https:\/\/www.briskmanandbriskman.com\/es\/wp-json\/wp\/v2\/pages\/7298\/revisions"}],"predecessor-version":[{"id":12286,"href":"https:\/\/www.briskmanandbriskman.com\/es\/wp-json\/wp\/v2\/pages\/7298\/revisions\/12286"}],"up":[{"embeddable":true,"href":"https:\/\/www.briskmanandbriskman.com\/es\/wp-json\/wp\/v2\/pages\/6524"}],"wp:attachment":[{"href":"https:\/\/www.briskmanandbriskman.com\/es\/wp-json\/wp\/v2\/media?parent=7298"}],"curies":[{"name":"wp","href":"https:\/\/api.w.org\/{rel}","templated":true}]}}