{"id":7224,"date":"2021-06-17T20:24:58","date_gmt":"2021-06-17T20:24:58","guid":{"rendered":"https:\/\/www.briskmanandbriskman.com\/?page_id=7224"},"modified":"2024-03-28T21:15:52","modified_gmt":"2024-03-28T21:15:52","slug":"gurnee","status":"publish","type":"page","link":"https:\/\/www.briskmanandbriskman.com\/es\/locations\/gurnee\/","title":{"rendered":"Gurnee Abogados de lesiones"},"content":{"rendered":"<p>Si usted o un miembro de su familia ha resultado herido en un accidente en Gurnee,\u00a0<a href=\"https:\/\/www.briskmanandbriskman.com\/es\/\">nuestros abogados de lesiones personales pueden ayudarle<\/a>. Trabajamos sobre una base de honorarios de contingencia, lo que significa que s\u00f3lo nos paga cuando obtenemos con \u00e9xito un premio o un acuerdo en su caso.<\/p>\n\n\n\n<p>Obtenga m\u00e1s informaci\u00f3n sobre nuestros servicios de lesiones personales Gurnee:<\/p>\n\n\n<ul class=\"list-pages-shortcode child-pages\"><li class=\"page_item page-item-8930 page_item_has_children\"><a href=\"https:\/\/www.briskmanandbriskman.com\/es\/locations\/gurnee\/car-accident-lawyers\/\">Gurnee Abogados de accidentes de coche<\/a>\n<ul class='children'>\n\t<li class=\"page_item page-item-13926\"><a href=\"https:\/\/www.briskmanandbriskman.com\/es\/locations\/gurnee\/car-accident-lawyers\/drunk-driving-accident-attorneys\/\">Gurnee Drunk Driving Accident Attorneys<\/a><\/li>\n\t<li class=\"page_item page-item-17957\"><a href=\"https:\/\/www.briskmanandbriskman.com\/es\/locations\/gurnee\/car-accident-lawyers\/fatal-car-accident-attorney\/\">Gurnee Fatal Car Accident Attorney<\/a><\/li>\n<\/ul>\n<\/li>\n<li class=\"page_item page-item-13778\"><a href=\"https:\/\/www.briskmanandbriskman.com\/es\/locations\/gurnee\/dog-bite-lawyers\/\">Gurnee Abogados de mordeduras de perro<\/a><\/li>\n<li class=\"page_item page-item-14324\"><a href=\"https:\/\/www.briskmanandbriskman.com\/es\/locations\/gurnee\/gurnee-motorcycle-accident-attorney\/\">Gurnee Motorcycle Accident Attorney<\/a><\/li>\n<li class=\"page_item page-item-7226\"><a href=\"https:\/\/www.briskmanandbriskman.com\/es\/locations\/gurnee\/personal-injury-lawyers\/\">Gurnee Abogados de lesiones personales<\/a><\/li>\n<li class=\"page_item page-item-13786\"><a href=\"https:\/\/www.briskmanandbriskman.com\/es\/locations\/gurnee\/truck-accident-attorneys\/\">Gurnee Abogados de accidentes de camiones<\/a><\/li>\n<li class=\"page_item page-item-17960\"><a href=\"https:\/\/www.briskmanandbriskman.com\/es\/locations\/gurnee\/wrongful-death-attorney\/\">Gurnee Wrongful Death Attorney<\/a><\/li>\n<li class=\"page_item page-item-15485\"><a href=\"https:\/\/www.briskmanandbriskman.com\/es\/locations\/gurnee\/medical-malpractice-lawyer-in-gurnee\/\">Medical Malpractice Lawyer in Gurnee<\/a><\/li>\n<\/ul>","protected":false},"excerpt":{"rendered":"<p>Si usted o un miembro de su familia ha sufrido lesiones en un accidente en Gurnee, nuestros abogados de lesiones personales pueden ayudarle. Trabajamos en base a honorarios de contingencia, lo que significa que s\u00f3lo nos paga cuando obtenemos con \u00e9xito una indemnizaci\u00f3n o acuerdo en su caso. Obtenga m\u00e1s informaci\u00f3n sobre nuestros servicios de lesiones personales en Gurnee:<\/p>","protected":false},"author":1,"featured_media":11011,"parent":6524,"menu_order":0,"comment_status":"closed","ping_status":"closed","template":"","meta":{"_acf_changed":false,"footnotes":""},"class_list":["post-7224","page","type-page","status-publish","has-post-thumbnail","hentry"],"acf":[],"_links":{"self":[{"href":"https:\/\/www.briskmanandbriskman.com\/es\/wp-json\/wp\/v2\/pages\/7224","targetHints":{"allow":["GET"]}}],"collection":[{"href":"https:\/\/www.briskmanandbriskman.com\/es\/wp-json\/wp\/v2\/pages"}],"about":[{"href":"https:\/\/www.briskmanandbriskman.com\/es\/wp-json\/wp\/v2\/types\/page"}],"author":[{"embeddable":true,"href":"https:\/\/www.briskmanandbriskman.com\/es\/wp-json\/wp\/v2\/users\/1"}],"replies":[{"embeddable":true,"href":"https:\/\/www.briskmanandbriskman.com\/es\/wp-json\/wp\/v2\/comments?post=7224"}],"version-history":[{"count":2,"href":"https:\/\/www.briskmanandbriskman.com\/es\/wp-json\/wp\/v2\/pages\/7224\/revisions"}],"predecessor-version":[{"id":12280,"href":"https:\/\/www.briskmanandbriskman.com\/es\/wp-json\/wp\/v2\/pages\/7224\/revisions\/12280"}],"up":[{"embeddable":true,"href":"https:\/\/www.briskmanandbriskman.com\/es\/wp-json\/wp\/v2\/pages\/6524"}],"wp:featuredmedia":[{"embeddable":true,"href":"https:\/\/www.briskmanandbriskman.com\/es\/wp-json\/wp\/v2\/media\/11011"}],"wp:attachment":[{"href":"https:\/\/www.briskmanandbriskman.com\/es\/wp-json\/wp\/v2\/media?parent=7224"}],"curies":[{"name":"wp","href":"https:\/\/api.w.org\/{rel}","templated":true}]}}