{"id":7158,"date":"2021-05-26T19:47:15","date_gmt":"2021-05-26T19:47:15","guid":{"rendered":"https:\/\/www.briskmanandbriskman.com\/?page_id=7158"},"modified":"2024-03-28T21:16:38","modified_gmt":"2024-03-28T21:16:38","slug":"mundelein","status":"publish","type":"page","link":"https:\/\/www.briskmanandbriskman.com\/es\/locations\/mundelein\/","title":{"rendered":"Mundelein Abogados de lesiones"},"content":{"rendered":"<p>Mundelein se encuentra en Lake County, que fue el tercer condado m\u00e1s mortal para los conductores de Illinois en 2018, seg\u00fan los datos del Departamento de Transporte de Illinois. Ese a\u00f1o, Lake County tuvo 14,054 colisiones, de las cuales 38 fueron fatales y 3,437 resultaron en lesiones. La mayor\u00eda de los accidentes involucraron turismos, seguidos de SUV, camionetas y tractores.\u00a0<\/p>\n\n\n\n<p>Obtenga m\u00e1s informaci\u00f3n sobre nuestros servicios de lesiones personales Mundelein:<\/p>\n\n\n<ul class=\"list-pages-shortcode child-pages\"><li class=\"page_item page-item-7448\"><a href=\"https:\/\/www.briskmanandbriskman.com\/es\/locations\/mundelein\/car-accident-lawyers\/\">Mundelein Abogados de accidentes de coche<\/a><\/li>\n<li class=\"page_item page-item-7451\"><a href=\"https:\/\/www.briskmanandbriskman.com\/es\/locations\/mundelein\/dog-bite-lawyers\/\">Mundelein Abogados de mordeduras de perro<\/a><\/li>\n<li class=\"page_item page-item-7544\"><a href=\"https:\/\/www.briskmanandbriskman.com\/es\/locations\/mundelein\/medical-malpractice-attorneys\/\">Mundelein Abogados de negligencia m\u00e9dica<\/a><\/li>\n<li class=\"page_item page-item-14327\"><a href=\"https:\/\/www.briskmanandbriskman.com\/es\/locations\/mundelein\/mundelein-motorcycle-accident-attorney\/\">Mundelein Motorcycle Accident Attorney<\/a><\/li>\n<li class=\"page_item page-item-7162\"><a href=\"https:\/\/www.briskmanandbriskman.com\/es\/locations\/mundelein\/personal-injury-lawyers\/\">Mundelein Abogados de lesiones personales<\/a><\/li>\n<li class=\"page_item page-item-7540\"><a href=\"https:\/\/www.briskmanandbriskman.com\/es\/locations\/mundelein\/slip-and-fall-lawyers\/\">Mundelein Abogados de resbalones y ca\u00eddas<\/a><\/li>\n<li class=\"page_item page-item-7553\"><a href=\"https:\/\/www.briskmanandbriskman.com\/es\/locations\/mundelein\/wrongful-death-attorneys\/\">Mundelein Abogados de muerte injusta<\/a><\/li>\n<\/ul>","protected":false},"excerpt":{"rendered":"<p>Mundelein se encuentra en Lake County, que fue el tercer condado m\u00e1s mortal para los conductores de Illinois en 2018, seg\u00fan los datos del Departamento de Transporte de Illinois. Ese a\u00f1o, Lake County tuvo 14,054 colisiones, de las cuales 38 fueron fatales y 3,437 resultaron en lesiones. La mayor\u00eda de los accidentes involucraron autom\u00f3viles de pasajeros, seguidos por SUV, camionetas y tractores. ...<\/p>","protected":false},"author":1,"featured_media":11082,"parent":6524,"menu_order":0,"comment_status":"closed","ping_status":"closed","template":"","meta":{"_acf_changed":false,"footnotes":""},"class_list":["post-7158","page","type-page","status-publish","has-post-thumbnail","hentry"],"acf":[],"_links":{"self":[{"href":"https:\/\/www.briskmanandbriskman.com\/es\/wp-json\/wp\/v2\/pages\/7158","targetHints":{"allow":["GET"]}}],"collection":[{"href":"https:\/\/www.briskmanandbriskman.com\/es\/wp-json\/wp\/v2\/pages"}],"about":[{"href":"https:\/\/www.briskmanandbriskman.com\/es\/wp-json\/wp\/v2\/types\/page"}],"author":[{"embeddable":true,"href":"https:\/\/www.briskmanandbriskman.com\/es\/wp-json\/wp\/v2\/users\/1"}],"replies":[{"embeddable":true,"href":"https:\/\/www.briskmanandbriskman.com\/es\/wp-json\/wp\/v2\/comments?post=7158"}],"version-history":[{"count":2,"href":"https:\/\/www.briskmanandbriskman.com\/es\/wp-json\/wp\/v2\/pages\/7158\/revisions"}],"predecessor-version":[{"id":12282,"href":"https:\/\/www.briskmanandbriskman.com\/es\/wp-json\/wp\/v2\/pages\/7158\/revisions\/12282"}],"up":[{"embeddable":true,"href":"https:\/\/www.briskmanandbriskman.com\/es\/wp-json\/wp\/v2\/pages\/6524"}],"wp:featuredmedia":[{"embeddable":true,"href":"https:\/\/www.briskmanandbriskman.com\/es\/wp-json\/wp\/v2\/media\/11082"}],"wp:attachment":[{"href":"https:\/\/www.briskmanandbriskman.com\/es\/wp-json\/wp\/v2\/media?parent=7158"}],"curies":[{"name":"wp","href":"https:\/\/api.w.org\/{rel}","templated":true}]}}