{"id":7099,"date":"2021-05-14T16:23:59","date_gmt":"2021-05-14T16:23:59","guid":{"rendered":"https:\/\/www.briskmanandbriskman.com\/?page_id=7099"},"modified":"2026-03-10T22:15:49","modified_gmt":"2026-03-10T22:15:49","slug":"accesibilidad","status":"publish","type":"page","link":"https:\/\/www.briskmanandbriskman.com\/es\/accessibility\/","title":{"rendered":"Declaraci\u00f3n de accesibilidad"},"content":{"rendered":"<p><strong>Declaraci\u00f3n de accesibilidad para www.briskmanandbriskman.com<\/strong><\/p>\n\n\n\n<p>EqualWeb se compromete a promover la accesibilidad digital para las personas con discapacidad. Mejoramos continuamente la experiencia de usuario para todos y aplicamos las normas de accesibilidad WCAG 2.1 pertinentes.<\/p>\n\n\n\n<h2 class=\"wp-block-heading\">Estado de conformidad<\/h2>\n\n\n\n<p>Este sitio web ha llevado a cabo un proceso de implantaci\u00f3n de una herramienta autom\u00e1tica de accesibilidad para ajustarse lo m\u00e1ximo posible a las normas establecidas por las WCAG 2.1 (<a href=\"https:\/\/www.w3.org\/TR\/WCAG21\/\" target=\"_blank\" rel=\"noreferrer noopener\">Directrices de Accesibilidad para el Contenido Web 2.1<\/a>) en el nivel AA.<\/p>\n\n\n\n<h2 class=\"wp-block-heading\">Medidas adoptadas para hacer m\u00e1s accesible este sitio web<\/h2>\n\n\n\n<p>La herramienta de accesibilidad autom\u00e1tica de Equalweb aplica las siguientes medidas a los sitios web en los que est\u00e1 instalada:<\/p>\n\n\n\n<ul class=\"wp-block-list\">\n<li>Activar la navegaci\u00f3n por teclado<\/li>\n\n\n\n<li>Fuentes - Posibilidad de aumentar y reducir la fuente del sitio, ajustarla, alinearla, etc.<\/li>\n\n\n\n<li>Cambia el contraste de color en funci\u00f3n del fondo oscuro.<\/li>\n\n\n\n<li>Cambia el contraste de color en funci\u00f3n de un fondo claro.<\/li>\n\n\n\n<li>Cambiar los colores del sitio.<\/li>\n\n\n\n<li>Opci\u00f3n a juego y monocroma para dalt\u00f3nicos.<\/li>\n\n\n\n<li>Cambia el tipo de letra para facilitar la lectura.<\/li>\n\n\n\n<li>Aumenta el cursor y cambia su color a blanco o negro.<\/li>\n\n\n\n<li>Aumente la visualizaci\u00f3n a 200%.<\/li>\n\n\n\n<li>Resalte los enlaces del sitio.<\/li>\n\n\n\n<li>Resaltar cabeceras en el sitio.<\/li>\n\n\n\n<li>Mostrar una descripci\u00f3n alternativa de las im\u00e1genes.<\/li>\n\n\n\n<li>Aumenta el contenido elegido por el cursor, mostrado en un tooltip.<\/li>\n\n\n\n<li>Describir palabras mediante la selecci\u00f3n con el rat\u00f3n.<\/li>\n\n\n\n<li>Muestra el contenido del sitio en una nueva ventana de forma clara y legible.<\/li>\n\n\n\n<li>Permite a los usuarios escribir contenidos utilizando el rat\u00f3n.<\/li>\n\n\n\n<li>Detiene el parpadeo y la intermitencia de los elementos m\u00f3viles<\/li>\n<\/ul>\n\n\n\n<h2 class=\"wp-block-heading\">Compatibilidad con navegadores y tecnolog\u00edas de asistencia<\/h2>\n\n\n\n<p>Nuestro objetivo es ser compatibles con el mayor n\u00famero posible de navegadores y tecnolog\u00edas de asistencia. Por ello, nos hemos esforzado por ofrecer compatibilidad con los sistemas m\u00e1s populares y con mayor cuota de mercado, como Safari, Chrome, Edge, Internet Explorer, Firefox y Opera. Tambi\u00e9n hemos abordado las tecnolog\u00edas de asistencia JAWS y NVDA para Windows y MAC.<\/p>\n\n\n\n<h2 class=\"wp-block-heading\">Especificaciones t\u00e9cnicas<\/h2>\n\n\n\n<p>La accesibilidad de este sitio web depende de las siguientes tecnolog\u00edas para funcionar con la combinaci\u00f3n concreta de navegador web y cualquier tecnolog\u00eda de asistencia o complemento instalado en su ordenador:<\/p>\n\n\n\n<ul class=\"wp-block-list\">\n<li>HTML<\/li>\n\n\n\n<li>WAI-ARIA<\/li>\n\n\n\n<li>CSS<\/li>\n\n\n\n<li>JavaScript<\/li>\n<\/ul>\n\n\n\n<p>Estas tecnolog\u00edas se basan en la conformidad con las normas de accesibilidad utilizadas.<\/p>\n\n\n\n<h2 class=\"wp-block-heading\">Notas, comentarios y opiniones:<\/h2>\n\n\n\n<p>A pesar de nuestros esfuerzos por hacer este sitio web accesible al mayor n\u00famero de personas posible, es posible que algunas p\u00e1ginas o secciones de este sitio web a\u00fan no sean totalmente accesibles, por diversas razones. Nos esforzamos por seguir mejorando las funciones de accesibilidad y la interfaz de nuestro producto.<\/p>\n\n\n\n<p>If you have encountered an accessibility-related malfunction or a bug on this website or if you would like to suggest an improvement or a new feature, you are most welcome to reach out to us with this. You can  contact us at (312) 697-1760. <\/p>\n\n\n\n<p>Nuestro objetivo es responder a los comentarios sobre accesibilidad en un plazo de 7 d\u00edas laborables y proponer una soluci\u00f3n en un plazo de 30 d\u00edas laborables.<\/p>","protected":false},"excerpt":{"rendered":"<p>Declaraci\u00f3n de accesibilidad para www.briskmanandbriskman.com EqualWeb se compromete a promover la accesibilidad digital para las personas con discapacidad. Mejoramos continuamente la experiencia de usuario para todos y aplicamos las normas de accesibilidad WCAG 2.1 pertinentes. Estado de conformidad Este sitio web llev\u00f3 a cabo un proceso de implementaci\u00f3n de una herramienta de accesibilidad autom\u00e1tica para ajustarse lo m\u00e1ximo posible a las normas...<\/p>","protected":false},"author":1,"featured_media":0,"parent":0,"menu_order":0,"comment_status":"closed","ping_status":"closed","template":"","meta":{"_acf_changed":false,"footnotes":""},"class_list":["post-7099","page","type-page","status-publish","hentry"],"acf":[],"_links":{"self":[{"href":"https:\/\/www.briskmanandbriskman.com\/es\/wp-json\/wp\/v2\/pages\/7099","targetHints":{"allow":["GET"]}}],"collection":[{"href":"https:\/\/www.briskmanandbriskman.com\/es\/wp-json\/wp\/v2\/pages"}],"about":[{"href":"https:\/\/www.briskmanandbriskman.com\/es\/wp-json\/wp\/v2\/types\/page"}],"author":[{"embeddable":true,"href":"https:\/\/www.briskmanandbriskman.com\/es\/wp-json\/wp\/v2\/users\/1"}],"replies":[{"embeddable":true,"href":"https:\/\/www.briskmanandbriskman.com\/es\/wp-json\/wp\/v2\/comments?post=7099"}],"version-history":[{"count":9,"href":"https:\/\/www.briskmanandbriskman.com\/es\/wp-json\/wp\/v2\/pages\/7099\/revisions"}],"predecessor-version":[{"id":17880,"href":"https:\/\/www.briskmanandbriskman.com\/es\/wp-json\/wp\/v2\/pages\/7099\/revisions\/17880"}],"wp:attachment":[{"href":"https:\/\/www.briskmanandbriskman.com\/es\/wp-json\/wp\/v2\/media?parent=7099"}],"curies":[{"name":"wp","href":"https:\/\/api.w.org\/{rel}","templated":true}]}}