{"id":701,"date":"2011-03-28T23:13:39","date_gmt":"2011-03-28T23:13:39","guid":{"rendered":"http:\/\/adviahost.com\/~briskman\/?page_id=701"},"modified":"2011-03-28T23:13:39","modified_gmt":"2011-03-28T23:13:39","slug":"por-que-contratar-a-un-abogado","status":"publish","type":"page","link":"https:\/\/www.briskmanandbriskman.com\/es\/why-hire-an-attorney\/","title":{"rendered":"\u00bfPor qu\u00e9 contratar a un abogado de lesiones personales?"},"content":{"rendered":"<p>If you have been injured or lost a loved one in an accident caused by another\u2019s negligence, you have the right to bring a personal injury or <a href=\"https:\/\/www.briskmanandbriskman.com\/practice-areas\/wrongful-death\/\">wrongful death claim<\/a> against the at-fault party. If you are successful, your recovery may include compensation for pain and suffering, lost wages, past and future medical expenses, and other injuries that will continue to affect you for months and possibly years to come. An <a href=\"https:\/\/www.briskmanandbriskman.com\/\">experienced Illinois personal injury attorney<\/a> is a valuable asset who can help you get the compensation you deserve. Having the right attorney on your side can mean the difference between winning and losing your lawsuit. A knowledgeable personal injury lawyer will also help to ensure that you receive a full and fair recovery for your injury.<\/p>\n<h3>Four Essential Characteristics to Look for When Choosing Your Personal Injury Attorney<\/h3>\n<p>Choosing the right personal injury attorney can mean the difference between winning and losing your case. Make sure that your lawyer has these four essential characteristics:<\/p>\n<p><strong>1. Experience You Can Trust <\/strong><\/p>\n<p>There are several stages to a lawsuit. During a lawsuit, you will rely on your attorney to help you make many important decisions \u2013 how much a case is worth, when to settle, when to go to trial, how best to handle an insurance company that refuses to negotiate in good faith, and more \u2013 each requiring the kind of decision-making that only comes with years of experience. Experienced attorneys are also up-to-date on legal developments and changes in the law, and they likely have credibility with insurance companies and the respect of the opposing counsel.<\/p>\n<p><strong>2. Proven Track Record of Success<\/strong><\/p>\n<p>Many personal injury cases are resolved through settlement, in which your attorney and the opposing attorney negotiate a financial payment for your injury in exchange for your agreement not to pursue the case any further. Claims that cannot be resolved through settlement go to trial, where a jury determines the amount of damages you recover. Experienced personal injury attorneys will not cave-in to opposing counsel or to a big insurance company. Instead of accepting a quick payout or mediocre settlement, the attorney may advise you to push for a better offer or try the case. The attorney you choose should have a successful track record of settlements as well as jury trial verdicts.<\/p>\n<p><strong>3. Personal Service <\/strong><\/p>\n<p>Personal injury lawsuits can last from several months to two or more years. So, having a good relationship with your attorney is important. Good attorneys will understand your needs and be responsive to them. When you ask a question, they will listen carefully and answer it. When you are feeling overwhelmed or confused, they will steer you in the right direction. When you are hurt and suffering, they will provide you comfort and support. The personal injury attorney you choose should be committed not only to your case but also to you.<\/p>\n<p><strong>4. No Fees Unless You Win <\/strong><\/p>\n<p>Avoid choosing a personal injury attorney who charges you for their services up-front, even if you do not recover a damages award. The best personal injury attorneys work on a \u201ccontingency basis,\u201d meaning they only get paid if they successfully get compensation for you and your family. This aligns your attorney\u2019s interests with your own.<\/p>\n<p><strong>To schedule a free consultation about your case, call us toll free at <span style=\"color: #8b0011;\">1-877.595.HURT (4878)<\/span>, or <a href=\"[siteurl]\/contact\/\">send us an e-mail<\/a> and one of our Personal Injury Attorneys will respond promptly. <\/strong><\/p>\n","protected":false},"excerpt":{"rendered":"<p>Si ha sufrido lesiones o ha perdido a un ser querido en un accidente causado por la negligencia de otra persona, tiene derecho a presentar una demanda por lesiones personales o muerte por negligencia contra la parte culpable. Si tiene \u00e9xito, su recuperaci\u00f3n puede incluir una indemnizaci\u00f3n por el dolor y el sufrimiento, los salarios perdidos, los gastos m\u00e9dicos pasados y futuros, y...<\/p>","protected":false},"author":1,"featured_media":0,"parent":0,"menu_order":0,"comment_status":"closed","ping_status":"open","template":"","meta":{"_acf_changed":false,"footnotes":""},"class_list":["post-701","page","type-page","status-publish","hentry"],"acf":[],"_links":{"self":[{"href":"https:\/\/www.briskmanandbriskman.com\/es\/wp-json\/wp\/v2\/pages\/701","targetHints":{"allow":["GET"]}}],"collection":[{"href":"https:\/\/www.briskmanandbriskman.com\/es\/wp-json\/wp\/v2\/pages"}],"about":[{"href":"https:\/\/www.briskmanandbriskman.com\/es\/wp-json\/wp\/v2\/types\/page"}],"author":[{"embeddable":true,"href":"https:\/\/www.briskmanandbriskman.com\/es\/wp-json\/wp\/v2\/users\/1"}],"replies":[{"embeddable":true,"href":"https:\/\/www.briskmanandbriskman.com\/es\/wp-json\/wp\/v2\/comments?post=701"}],"version-history":[{"count":0,"href":"https:\/\/www.briskmanandbriskman.com\/es\/wp-json\/wp\/v2\/pages\/701\/revisions"}],"wp:attachment":[{"href":"https:\/\/www.briskmanandbriskman.com\/es\/wp-json\/wp\/v2\/media?parent=701"}],"curies":[{"name":"wp","href":"https:\/\/api.w.org\/{rel}","templated":true}]}}