{"id":694,"date":"2011-03-28T22:57:31","date_gmt":"2011-03-28T22:57:31","guid":{"rendered":"http:\/\/adviahost.com\/~briskman\/?page_id=694"},"modified":"2024-04-09T18:37:22","modified_gmt":"2024-04-09T18:37:22","slug":"cuanto-durara-mi-caso","status":"publish","type":"page","link":"https:\/\/www.briskmanandbriskman.com\/es\/information-centers\/personal-injury\/how-long-will-my-case-last\/","title":{"rendered":"\u00bfDe cu\u00e1nto tiempo dispongo para presentar una demanda por lesiones personales en Chicago?"},"content":{"rendered":"<p>La prescripci\u00f3n es el plazo que tiene una v\u00edctima para presentar una demanda por los da\u00f1os sufridos. En nuestro ordenamiento jur\u00eddico, si la demanda se presenta demasiado tarde, es posible que se le impida recibir una indemnizaci\u00f3n por su p\u00e9rdida o lesi\u00f3n, sea cual sea la situaci\u00f3n. El plazo puede variar en funci\u00f3n de su caso.<\/p>\n\n\n\n<p>Generalmente, el plazo de prescripci\u00f3n en Illinois por lesiones a una persona es de dos a\u00f1os a partir de la fecha de la lesi\u00f3n. Esta cifra puede variar en algunos casos, como <a href=\"https:\/\/www.briskmanandbriskman.com\/es\/areas-de-practica\/abogados-de-accidentes-de-camiones-en-chicago-2\/\">accidentes de tr\u00e1fico<\/a> y <a href=\"https:\/\/www.briskmanandbriskman.com\/es\/areas-de-practica\/negligencia-medica\/\">negligencia m\u00e9dica<\/a>. <\/p>\n\n\n\n<p>Si ha sufrido lesiones por la imprudencia de otra persona,\u00a0<a href=\"https:\/\/www.briskmanandbriskman.com\/es\/centros-de-informacion\/danos-personales\/how-much-time-do-i-have-to-file-a-personal-injury-lawsuit\/\">p\u00f3ngase en contacto con uno de nuestros abogados de lesiones personales Chicago<\/a>\u00a0inmediatamente para evitar presentar su demanda tarde y no poder recuperar la compensaci\u00f3n monetaria por su lesi\u00f3n o p\u00e9rdida.<\/p>\n\n\n\n<h3 class=\"wp-block-heading\">\u00bfCu\u00e1nto dura una demanda por lesiones personales?<\/h3>\n\n\n\n<p>Si ha sufrido lesiones por la imprudencia de otra persona y est\u00e1 pensando en presentar una demanda, puede que se pregunte: \"\u00bfCu\u00e1nto durar\u00e1 mi caso?\".<\/p>\n\n\n\n<p>Cada caso es diferente. Sin embargo, varios factores pueden afectar a la duraci\u00f3n de su caso. Por lo general, los casos sencillos pueden resolverse en tan s\u00f3lo seis meses, mientras que los casos complejos pueden tardar dos o m\u00e1s a\u00f1os en resolverse. En <a href=\"https:\/\/www.briskmanandbriskman.com\/es\/\">Briskman Briskman &amp; Greenberg<\/a>No nos apresuramos a aceptar la primera oferta de acuerdo que una compa\u00f1\u00eda de seguros hace porque la primera oferta de una compa\u00f1\u00eda de seguros es t\u00edpicamente inadecuada para cubrir completamente sus da\u00f1os. Estamos dispuestos a cavar en nuestros talones y negociar un acuerdo m\u00e1s justo o tratar el caso ante un jurado.<\/p>\n\n\n\n<h3 class=\"wp-block-heading\">4 factores clave que influyen en la duraci\u00f3n de su caso<\/h3>\n\n\n\n<p><strong>1. La naturaleza de su lesi\u00f3n<\/strong><\/p>\n\n\n\n<p>Es esencial entender que usted s\u00f3lo tiene una oportunidad de demandar por su dolor y sufrimiento, facturas m\u00e9dicas, y otras cargas financieras que ha experimentado. Una vez que se acepta un acuerdo o se emite un veredicto en el juicio, su caso ha terminado. Si llega a un acuerdo demasiado pronto y su estado empeora, y se acumulan otras facturas m\u00e9dicas durante meses o a\u00f1os -de cirug\u00eda, hospitalizaci\u00f3n, fisioterapia y tratamientos m\u00e9dicos-, no podr\u00e1 volver a demandar para obtener m\u00e1s dinero. En funci\u00f3n de la naturaleza y el alcance de su lesi\u00f3n, un abogado con experiencia puede aconsejarle que espere antes de presentar la demanda. Aunque frustrante y potencialmente oneroso, este retraso puede resultar decisivo para obtener la m\u00e1xima indemnizaci\u00f3n por sus lesiones. Presentar una demanda o resolver su caso demasiado pronto puede costarle decenas o incluso cientos de miles de d\u00f3lares.<\/p>\n\n\n\n<p><strong>2. Nivel de cooperaci\u00f3n de la aseguradora contraria<\/strong><\/p>\n\n\n\n<p>Durante las distintas fases de un pleito, su abogado interactuar\u00e1 frecuentemente con una compa\u00f1\u00eda de seguros, ya sea directamente o a trav\u00e9s del abogado contrario. Si la compa\u00f1\u00eda de seguros responde a su abogado de manera oportuna, su caso avanzar\u00e1 a un ritmo m\u00e1s r\u00e1pido. A veces, sin embargo, las compa\u00f1\u00edas de seguros son menos que totalmente cooperativo, teniendo semanas, si no meses, para responder a su abogado. Esto retrasar\u00e1 su caso. A <a href=\"https:\/\/www.briskmanandbriskman.com\/es\/\">abogado experto en lesiones personales<\/a> mantendr\u00e1 su caso avanzando a trav\u00e9s del proceso legal lo m\u00e1s r\u00e1pidamente posible y le mantendr\u00e1 al tanto de los desarrollos significativos de su caso.<\/p>\n\n\n\n<p><strong>3. Si su caso puede resolverse sin juicio<\/strong><\/p>\n\n\n\n<p>La mayor\u00eda de las demandas por lesiones personales se resuelven y no llegan a juicio. Si su caso va a juicio, a veces pueden pasar meses hasta que se fije la fecha del juicio en el tribunal. Los juicios suelen durar entre dos d\u00edas y dos semanas, dependiendo de la complejidad del caso. En ocasiones, se pedir\u00e1 a un tribunal de apelaci\u00f3n que revise los procedimientos del juicio, lo que aumentar\u00e1 la duraci\u00f3n de su caso.<\/p>\n\n\n\n<p><strong>4. La complejidad de su caso<\/strong><\/p>\n\n\n\n<p>Los pleitos sencillos y directos pueden resolverse a menudo en unos seis meses. Un ejemplo es un caso de accidente de coche en el que una de las partes admite la culpa y la compa\u00f1\u00eda de seguros acepta pagar a la otra parte una indemnizaci\u00f3n justa por sus lesiones, pero no llega a un acuerdo sobre la cuant\u00eda de los da\u00f1os. Por otro lado, los casos complejos pueden tardar dos o m\u00e1s a\u00f1os en resolverse. Un ejemplo de ello es una colisi\u00f3n m\u00faltiple en la que hay muchas partes lesionadas, disputas sobre qui\u00e9n tuvo la culpa, complicadas cuestiones de seguros y largas batallas judiciales. La mayor\u00eda de las demandas por lesiones personales <a href=\"https:\/\/www.briskmanandbriskman.com\/es\/areas-de-practica\/negligencia-medica\/\">negligencia m\u00e9dica<\/a>, <a href=\"https:\/\/www.briskmanandbriskman.com\/es\/areas-de-practica\/muerte-por-negligencia\/\">muerte por negligencia<\/a>, <a href=\"https:\/\/www.briskmanandbriskman.com\/es\/areas-de-practica\/chicago-resbalon-y-caida-abogados\/\">resbal\u00f3n y ca\u00edda (propiedad insegura)<\/a>y <a href=\"https:\/\/www.briskmanandbriskman.com\/es\/areas-de-practica\/chicago-product-liability-attorney\/\">productos defectuosos<\/a> implican cierto grado de complejidad y su resoluci\u00f3n puede llevar un largo periodo de tiempo.<\/p>\n\n\n\n<p><strong>Para concertar una consulta gratuita sobre su caso, ll\u00e1menos al tel\u00e9fono gratuito <strong>1-877.595.HURT (4878)<\/strong>o <a href=\"https:\/\/www.briskmanandbriskman.com\/es\/centros-de-informacion\/danos-personales\/how-much-time-do-i-have-to-file-a-personal-injury-lawsuit\/\">env\u00edenos un e-mail<\/a>y uno de nuestros abogados de lesiones personales le responder\u00e1 con prontitud. <\/strong><\/p>\n\n\n\n<h3 class=\"wp-block-heading\">Otros art\u00edculos sobre da\u00f1os personales<\/h3>\n\n\n<ul class=\"list-pages-shortcode sibling-pages\"><li class=\"page_item page-item-2348\"><a href=\"https:\/\/www.briskmanandbriskman.com\/es\/information-centers\/personal-injury\/can-i-fire-my-personal-injury-attorney\/\">\u00bfPuedo despedir a mi abogado de lesiones personales?<\/a><\/li>\n<li class=\"page_item page-item-1029\"><a href=\"https:\/\/www.briskmanandbriskman.com\/es\/information-centers\/personal-injury\/common-types-of-personal-injury-cases\/\">Tipos comunes de casos de lesiones personales en Chicago<\/a><\/li>\n<li class=\"page_item page-item-2351\"><a href=\"https:\/\/www.briskmanandbriskman.com\/es\/information-centers\/personal-injury\/do-i-have-to-pay-to-receive-a-consultation-about-my-personal-injury-case\/\">\u00bfTengo que pagar para recibir una consulta sobre mi caso de lesiones personales?<\/a><\/li>\n<li class=\"page_item page-item-1034\"><a href=\"https:\/\/www.briskmanandbriskman.com\/es\/information-centers\/personal-injury\/how-do-i-know-if-i-have-a-personal-injury-case\/\">\u00bfC\u00f3mo s\u00e9 si tengo una demanda por lesiones personales?<\/a><\/li>\n<li class=\"page_item page-item-697\"><a href=\"https:\/\/www.briskmanandbriskman.com\/es\/information-centers\/personal-injury\/how-much-is-my-case-worth\/\">\u00bfCu\u00e1nto vale mi caso de lesiones personales?<\/a><\/li>\n<li class=\"page_item page-item-694\"><a href=\"https:\/\/www.briskmanandbriskman.com\/es\/information-centers\/personal-injury\/how-long-will-my-case-last\/\">\u00bfDe cu\u00e1nto tiempo dispongo para presentar una demanda por lesiones personales en Chicago?<\/a><\/li>\n<li class=\"page_item page-item-3647\"><a href=\"https:\/\/www.briskmanandbriskman.com\/es\/information-centers\/personal-injury\/how-to-keep-your-loved-ones-safe-from-nursing-home-abuse-and-neglect\/\">C\u00f3mo proteger a sus seres queridos de los malos tratos y el abandono en residencias de ancianos<\/a><\/li>\n<li class=\"page_item page-item-1069\"><a href=\"https:\/\/www.briskmanandbriskman.com\/es\/information-centers\/personal-injury\/lawsuit-process\/\">\u00bfQu\u00e9 ocurre durante una demanda por lesiones personales?<\/a><\/li>\n<li class=\"page_item page-item-2355\"><a href=\"https:\/\/www.briskmanandbriskman.com\/es\/information-centers\/personal-injury\/what-is-a-contingency-fee\/\">\u00bfQu\u00e9 son los honorarios condicionales?<\/a><\/li>\n<li class=\"page_item page-item-2291\"><a href=\"https:\/\/www.briskmanandbriskman.com\/es\/information-centers\/personal-injury\/what-is-negligence\/\">\u00bfQu\u00e9 es la negligencia?<\/a><\/li>\n<li class=\"page_item page-item-2287\"><a href=\"https:\/\/www.briskmanandbriskman.com\/es\/information-centers\/personal-injury\/what-is-a-personal-injury\/\">\u00bfQu\u00e9 son los da\u00f1os personales?<\/a><\/li>\n<li class=\"page_item page-item-2542\"><a href=\"https:\/\/www.briskmanandbriskman.com\/es\/information-centers\/personal-injury\/what-you-should-know-about-traumatic-brain-injury\/\">Lo que debe saber sobre el da\u00f1o cerebral traum\u00e1tico<\/a><\/li>\n<\/ul>","protected":false},"excerpt":{"rendered":"<p>La prescripci\u00f3n es el plazo que tiene una v\u00edctima para presentar una demanda por los da\u00f1os sufridos. En nuestro ordenamiento jur\u00eddico, si la demanda se presenta demasiado tarde, es posible que se le impida recibir una indemnizaci\u00f3n por su p\u00e9rdida o lesi\u00f3n, sea cual sea la situaci\u00f3n. El plazo puede ser diferente seg\u00fan...<\/p>","protected":false},"author":1,"featured_media":11103,"parent":924,"menu_order":0,"comment_status":"closed","ping_status":"open","template":"","meta":{"_acf_changed":false,"footnotes":""},"class_list":["post-694","page","type-page","status-publish","has-post-thumbnail","hentry"],"acf":[],"_links":{"self":[{"href":"https:\/\/www.briskmanandbriskman.com\/es\/wp-json\/wp\/v2\/pages\/694","targetHints":{"allow":["GET"]}}],"collection":[{"href":"https:\/\/www.briskmanandbriskman.com\/es\/wp-json\/wp\/v2\/pages"}],"about":[{"href":"https:\/\/www.briskmanandbriskman.com\/es\/wp-json\/wp\/v2\/types\/page"}],"author":[{"embeddable":true,"href":"https:\/\/www.briskmanandbriskman.com\/es\/wp-json\/wp\/v2\/users\/1"}],"replies":[{"embeddable":true,"href":"https:\/\/www.briskmanandbriskman.com\/es\/wp-json\/wp\/v2\/comments?post=694"}],"version-history":[{"count":8,"href":"https:\/\/www.briskmanandbriskman.com\/es\/wp-json\/wp\/v2\/pages\/694\/revisions"}],"predecessor-version":[{"id":12701,"href":"https:\/\/www.briskmanandbriskman.com\/es\/wp-json\/wp\/v2\/pages\/694\/revisions\/12701"}],"up":[{"embeddable":true,"href":"https:\/\/www.briskmanandbriskman.com\/es\/wp-json\/wp\/v2\/pages\/924"}],"wp:featuredmedia":[{"embeddable":true,"href":"https:\/\/www.briskmanandbriskman.com\/es\/wp-json\/wp\/v2\/media\/11103"}],"wp:attachment":[{"href":"https:\/\/www.briskmanandbriskman.com\/es\/wp-json\/wp\/v2\/media?parent=694"}],"curies":[{"name":"wp","href":"https:\/\/api.w.org\/{rel}","templated":true}]}}