{"id":66,"date":"2023-09-14T20:30:45","date_gmt":"2023-09-14T20:30:45","guid":{"rendered":"https:\/\/bbg.mystagingwebsite.com\/?page_id=66"},"modified":"2024-08-07T22:28:36","modified_gmt":"2024-08-07T22:28:36","slug":"muerte-por-negligencia","status":"publish","type":"page","link":"https:\/\/www.briskmanandbriskman.com\/es\/practice-areas\/wrongful-death\/","title":{"rendered":"Chicago Abogados de Homicidio Culposo"},"content":{"rendered":"<p>OS AFECTADOS SUFREN TRAUMAS EMOCIONALES Y ECON\u00d3MICOS EN LOS CASOS DE HOMICIDIO CULPOSO.<\/p>\n\n\n\n<p>Cada a\u00f1o mueren m\u00e1s de 100.000 personas por negligencia ajena. Las v\u00edctimas de homicidio culposo pagan el precio final, pero sus familias a menudo sufren da\u00f1os ps\u00edquicos y financieros cuando se pierde a un ser querido.<\/p>\n\n\n\n<p>Como bufete familiar, nuestro <a href=\"https:\/\/www.briskmanandbriskman.com\/es\/\">Chicago abogados de lesiones personales<\/a> entienden que perder a un ser querido es una de las cosas m\u00e1s dif\u00edciles por las que puede pasar una persona. Si la muerte de su ser querido fue causada por el descuido de otro, entonces usted merece compensaci\u00f3n. Nuestros abogados le tratar\u00e1n con respeto y compasi\u00f3n mientras luchan por sus derechos.<\/p>\n\n\n\n<p>LAS NEGLIGENCIAS EN CARRETERAS Y AUTOPISTAS CAUSAN MILES DE MUERTES AL A\u00d1O<\/p>\n\n\n\n<p>Tambi\u00e9n podemos manejar casos en los que una vida se ha perdido debido a la negligencia de un conductor de veh\u00edculo de motor. Los accidentes automovil\u00edsticos son una de las principales causas de muerte en los Estados Unidos, con m\u00e1s de 30.000 v\u00edctimas mortales cada a\u00f1o, seg\u00fan el Insurance Institute for Highway Safety. En Illinois se producen m\u00e1s de 1.200 accidentes mortales al a\u00f1o, que causan 1.341 muertes.<\/p>\n\n\n\n<p><strong>Nos centramos en la familia<\/strong><br>Creemos en proporcionar el nivel de atenci\u00f3n que usted esperar\u00eda de un bufete de abogados de propiedad familiar y orientado a la familia. Creemos en estar ah\u00ed para usted y su familia cuando m\u00e1s necesitan ayuda. Nuestra promesa es simple: usted no pagar\u00e1 honorarios de abogado a menos que hagamos una recuperaci\u00f3n financiera para usted en su caso de homicidio culposo. En pocas palabras, no cobramos a menos que usted lo haga.<\/p>\n\n\n\n<h2 class=\"wp-block-heading\">Llevamos todo tipo de reclamaciones por homicidio culposo<\/h2>\n\n\n\n<p>La amplia experiencia que ofrece nuestro bufete de abogados significa que hemos representado a clientes en una gran variedad de casos. Los casos de negligencia m\u00e9dica que manejamos incluyen:<\/p>\n\n\n\n<ul class=\"wp-block-list\">\n<li><a href=\"https:\/\/www.briskmanandbriskman.com\/es\/areas-de-practica\/abogado-de-lesiones-de-nacimiento\/\">Lesiones de nacimiento<\/a><\/li>\n\n\n\n<li>Errores quir\u00fargicos<\/li>\n\n\n\n<li>Errores de medicaci\u00f3n<\/li>\n\n\n\n<li>Errores de diagn\u00f3stico<\/li>\n<\/ul>\n\n\n\n<p>Tambi\u00e9n manejamos todo tipo de casos de accidentes automovil\u00edsticos fatales:<\/p>\n\n\n\n<ul class=\"wp-block-list\">\n<li><a href=\"https:\/\/www.briskmanandbriskman.com\/es\/areas-de-practica\/abogados-de-accidentes-de-camiones-en-chicago-2\/\">Accidentes de tr\u00e1fico<\/a><\/li>\n\n\n\n<li><a href=\"https:\/\/www.briskmanandbriskman.com\/es\/areas-de-practica\/chicago-truck-accident-attorney\/\">Accidentes de camiones<\/a><\/li>\n\n\n\n<li><a href=\"https:\/\/www.briskmanandbriskman.com\/es\/areas-de-practica\/motorcycle-accidents\/\">Accidentes de moto<\/a><\/li>\n<\/ul>\n\n\n\n<p>Nuestros abogados tambi\u00e9n se ocupan de todos los dem\u00e1s tipos de casos de homicidio culposo:<\/p>\n\n\n\n<ul class=\"wp-block-list\">\n<li><a href=\"https:\/\/www.briskmanandbriskman.com\/es\/areas-de-practica\/abogados-de-abuso-en-residencias-de-ancianos-de-chicago\/\">Abandono y malos tratos en residencias de ancianos<\/a><\/li>\n\n\n\n<li><a href=\"https:\/\/www.briskmanandbriskman.com\/es\/areas-de-practica\/abogados-de-responsabilidad-civil-de-locales-de-chicago\/\">Responsabilidad civil<\/a><\/li>\n\n\n\n<li><a href=\"https:\/\/www.briskmanandbriskman.com\/es\/areas-de-practica\/chicago-resbalon-y-caida-abogados\/\">Resbalones y ca\u00eddas<\/a><\/li>\n\n\n\n<li><a href=\"https:\/\/www.briskmanandbriskman.com\/es\/areas-de-practica\/abogado-de-mordedura-de-perro-chicago\/\">Mordeduras de perro<\/a><\/li>\n\n\n\n<li>Responsabilidad por productos defectuosos<\/li>\n\n\n\n<li><a href=\"https:\/\/www.briskmanandbriskman.com\/es\/areas-de-practica\/accidentes-en-la-construccion\/\">Accidentes en la construcci\u00f3n<\/a><\/li>\n\n\n\n<li><a href=\"https:\/\/www.briskmanandbriskman.com\/es\/areas-de-practica\/indemnizacion-por-accidente-laboral\/\">Accidentes laborales<\/a><\/li>\n\n\n\n<li>Accidentes ferroviarios<\/li>\n<\/ul>\n\n\n\n<h2 class=\"wp-block-heading\">Hable con un abogado especializado en homicidio culposo<\/h2>\n\n\n\n<p><strong>Ll\u00e1menos hoy mismo al 1.877.595.HURT (4878)<\/strong><br>Tenemos d\u00e9cadas de experiencia en el manejo de demandas por homicidio culposo, por lo que estamos seguros de que podemos obtener el mejor resultado posible en su caso.<\/p>","protected":false},"excerpt":{"rendered":"<p>FAMILIES SUFREN TRAUMAS EMOCIONALES Y ECON\u00d3MICOS EN LOS CASOS DE HOMICIDIO CULPOSO. Cada a\u00f1o mueren m\u00e1s de 100.000 personas por negligencia ajena. Las v\u00edctimas de homicidio culposo pagan el precio final, pero sus familias a menudo sufren da\u00f1os ps\u00edquicos y financieros cuando se pierde a un ser querido. Como bufete de abogados de propiedad familiar, nuestro Chicago lesiones personales...<\/p>","protected":false},"author":1,"featured_media":11031,"parent":54,"menu_order":0,"comment_status":"closed","ping_status":"closed","template":"","meta":{"_acf_changed":false,"footnotes":""},"class_list":["post-66","page","type-page","status-publish","has-post-thumbnail","hentry"],"acf":[],"_links":{"self":[{"href":"https:\/\/www.briskmanandbriskman.com\/es\/wp-json\/wp\/v2\/pages\/66","targetHints":{"allow":["GET"]}}],"collection":[{"href":"https:\/\/www.briskmanandbriskman.com\/es\/wp-json\/wp\/v2\/pages"}],"about":[{"href":"https:\/\/www.briskmanandbriskman.com\/es\/wp-json\/wp\/v2\/types\/page"}],"author":[{"embeddable":true,"href":"https:\/\/www.briskmanandbriskman.com\/es\/wp-json\/wp\/v2\/users\/1"}],"replies":[{"embeddable":true,"href":"https:\/\/www.briskmanandbriskman.com\/es\/wp-json\/wp\/v2\/comments?post=66"}],"version-history":[{"count":6,"href":"https:\/\/www.briskmanandbriskman.com\/es\/wp-json\/wp\/v2\/pages\/66\/revisions"}],"predecessor-version":[{"id":13416,"href":"https:\/\/www.briskmanandbriskman.com\/es\/wp-json\/wp\/v2\/pages\/66\/revisions\/13416"}],"up":[{"embeddable":true,"href":"https:\/\/www.briskmanandbriskman.com\/es\/wp-json\/wp\/v2\/pages\/54"}],"wp:featuredmedia":[{"embeddable":true,"href":"https:\/\/www.briskmanandbriskman.com\/es\/wp-json\/wp\/v2\/media\/11031"}],"wp:attachment":[{"href":"https:\/\/www.briskmanandbriskman.com\/es\/wp-json\/wp\/v2\/media?parent=66"}],"curies":[{"name":"wp","href":"https:\/\/api.w.org\/{rel}","templated":true}]}}