{"id":6544,"date":"2021-01-31T23:09:38","date_gmt":"2021-01-31T23:09:38","guid":{"rendered":"https:\/\/www.briskmanandbriskman.com\/?page_id=6544"},"modified":"2024-05-03T20:14:37","modified_gmt":"2024-05-03T20:14:37","slug":"resbalon-y-caida-abogado","status":"publish","type":"page","link":"https:\/\/www.briskmanandbriskman.com\/es\/locations\/orlandpark\/slip-and-fall-lawyer\/","title":{"rendered":"Orland Park Abogados de resbalones y ca\u00eddas"},"content":{"rendered":"<h2 class=\"wp-block-heading\">Abogados que ayudan a los clientes a obtener da\u00f1os y perjuicios en accidentes por resbalones y ca\u00eddas Orland Park<\/h2>\n\n\n\n<p>Los accidentes por resbalones y ca\u00eddas pueden ocurrir sin previo aviso en su vida cotidiana. Resbalar en un aparcamiento helado, tropezar con el desorden en el suelo de un supermercado o caerse por una escalera rota son s\u00f3lo algunos ejemplos de accidentes que pueden provocar lesiones graves. Si usted ha sufrido <a href=\"https:\/\/www.briskmanandbriskman.com\/es\/areas-de-practica\/chicago-resbalon-y-caida-abogados\/\">herido en un accidente por resbal\u00f3n y ca\u00edda<\/a> debido a la negligencia de un propietario, tiene derecho a reclamar una indemnizaci\u00f3n por sus lesiones.<\/p>\n\n\n\n<p><strong>Estad\u00edsticas<\/strong><\/p>\n\n\n\n<p>Millones de estadounidenses acuden cada a\u00f1o a urgencias por lesiones derivadas de ca\u00eddas. Uno de cada cuatro adultos mayores sufre ca\u00eddas, seg\u00fan los Centros para el Control y la Prevenci\u00f3n de Enfermedades. Tres millones de ancianos son atendidos en urgencias por ca\u00eddas al a\u00f1o.<\/p>\n\n\n\n<p>Adem\u00e1s, una de cada cinco ca\u00eddas provoca da\u00f1os graves, como traumatismos craneoencef\u00e1licos o fracturas \u00f3seas. M\u00e1s de 800.000 personas son hospitalizadas a causa de una ca\u00edda, siendo las fracturas de cadera y los traumatismos craneoencef\u00e1licos los m\u00e1s frecuentes. De hecho, las ca\u00eddas son la principal causa de lesiones cerebrales traum\u00e1ticas.<\/p>\n\n\n\n<p><a href=\"https:\/\/www.briskmanandbriskman.com\/es\/areas-de-practica\/indemnizacion-por-accidente-laboral\/\">Los accidentes por resbalones y ca\u00eddas tambi\u00e9n son frecuentes en el lugar de trabajo<\/a>. Representan el 15% de todas las lesiones relacionadas con el trabajo.<\/p>\n\n\n\n<p><strong>\u00bfD\u00f3nde se producen los accidentes por resbalones y ca\u00eddas?<\/strong><\/p>\n\n\n\n<p>Los accidentes por resbalones y ca\u00eddas pueden ocurrir pr\u00e1cticamente en cualquier lugar. La mayor\u00eda de ellos tienen lugar en locales comerciales como supermercados, tiendas y restaurantes.<\/p>\n\n\n\n<p>Los propietarios tienen el deber b\u00e1sico de asegurarse de que resuelven cualquier situaci\u00f3n peligrosa que pueda causar da\u00f1os a las personas que... <a href=\"https:\/\/www.briskmanandbriskman.com\/es\/lugares\/orlandpark\/abogados-de-responsabilidad-civil\/\">visitar sus instalaciones<\/a>. Por ejemplo, las empresas son responsables del mantenimiento rutinario de sus instalaciones y de la comprobaci\u00f3n de peligros como pasillos helados, baldosas agrietadas o escaleras sueltas. Cuando los propietarios no cumplen con este deber, pueden ser responsables de cualquier lesi\u00f3n que resulte de un accidente de resbal\u00f3n y ca\u00edda en sus instalaciones.<\/p>\n\n\n\n<p>Junto con los propietarios de empresas, los propietarios particulares y las entidades gubernamentales tambi\u00e9n son responsables de garantizar la seguridad de cualquier persona invitada o a la que se permita visitar su propiedad. Es importante tener en cuenta que <a href=\"https:\/\/www.briskmanandbriskman.com\/es\/areas-de-practica\/abogados-de-responsabilidad-civil-de-locales-de-chicago\/\">un propietario puede ser responsable de un accidente por resbal\u00f3n y ca\u00edda<\/a> incluso si desconoc\u00edan la existencia de una situaci\u00f3n peligrosa pero deber\u00edan haberla conocido razonablemente.<\/p>\n\n\n\n<p>Cualquier persona que haya sufrido lesiones en un accidente por resbal\u00f3n y ca\u00edda en una propiedad ajena puede tener derecho a una indemnizaci\u00f3n. A <a href=\"https:\/\/www.briskmanandbriskman.com\/es\/areas-de-practica\/chicago-resbalon-y-caida-abogados\/\">Orland Park abogado cualificado en resbalones y ca\u00eddas en Briskman Briskman &amp; Greenberg<\/a> puede evaluar los detalles de su situaci\u00f3n para determinar si tiene derecho a reclamar.<\/p>\n\n\n\n<p><strong>C\u00f3mo probar la negligencia en un accidente por resbal\u00f3n y ca\u00edda<\/strong><\/p>\n\n\n\n<p>La mayor\u00eda de la gente ha sufrido una ca\u00edda en alg\u00fan momento de su vida. Lo que separa las demandas por accidentes de resbal\u00f3n y ca\u00edda de otros tipos de ca\u00eddas es la cuesti\u00f3n de la negligencia. Si su ca\u00edda se produjo debido a la negligencia de un propietario, usted puede ser capaz de obtener una indemnizaci\u00f3n por sus lesiones.<\/p>\n\n\n\n<p>Cuando usted se cae en la propiedad de otra persona, puede haber incertidumbre sobre qui\u00e9n es responsable de sus lesiones y los costes resultantes. Con el fin de demostrar la responsabilidad en un accidente de resbal\u00f3n y ca\u00edda, hay varias cosas que la v\u00edctima debe probar, incluyendo:<\/p>\n\n\n\n<ul class=\"wp-block-list\">\n<li>El propietario ten\u00eda un deber de diligencia para con la v\u00edctima y no lo cumpli\u00f3.<\/li>\n\n\n\n<li>Hab\u00eda una condici\u00f3n peligrosa en la propiedad.<\/li>\n\n\n\n<li>El propietario conoc\u00eda el peligro o deber\u00eda haberlo conocido.<\/li>\n\n\n\n<li>El hecho de que el propietario no abordara el peligro caus\u00f3 directamente la ca\u00edda de la v\u00edctima y las lesiones resultantes.<\/li>\n<\/ul>\n\n\n\n<p>Los casos que implican responsabilidad de las instalaciones pueden ser complicados. Cada accidente de resbal\u00f3n y ca\u00edda es \u00fanico, dependiendo de factores como el tipo de propiedad involucrada y por qu\u00e9 la v\u00edctima estaba presente en las instalaciones.<\/p>\n\n\n\n<p>Los abogados expertos en resbalones y ca\u00eddas de Orland Park pueden determinar si la negligencia desempe\u00f1\u00f3 un papel en su accidente. Si es as\u00ed, podemos ayudarle a responsabilizar al propietario negligente y recuperar la compensaci\u00f3n por sus lesiones.<\/p>\n\n\n\n<p><strong>Lesiones comunes por resbalones y ca\u00eddas<\/strong><\/p>\n\n\n\n<p>Aunque muchos accidentes por resbalones y ca\u00eddas se saldan con peque\u00f1os golpes y contusiones, tambi\u00e9n es posible sufrir lesiones graves. Factores como la superficie sobre la que se produjo la ca\u00edda, la altura de la ca\u00edda y la forma en que se cae pueden afectar a la gravedad de las lesiones. Estas son algunas de las lesiones m\u00e1s frecuentes en accidentes por resbal\u00f3n y ca\u00edda:<\/p>\n\n\n\n<ul class=\"wp-block-list\">\n<li>Fracturas de cadera y hombro<\/li>\n\n\n\n<li>Traumatismos craneoencef\u00e1licos<\/li>\n\n\n\n<li>Miembros rotos<\/li>\n\n\n\n<li>Lesiones de espalda y de m\u00e9dula espinal<\/li>\n<\/ul>\n\n\n\n<p><strong>Da\u00f1os indemnizables en una demanda por resbal\u00f3n y ca\u00edda<\/strong><\/p>\n\n\n\n<p>La indemnizaci\u00f3n que reciba tras un accidente por resbal\u00f3n y ca\u00edda debe cubrir todos los gastos derivados de sus lesiones. Es probable que tus lesiones te ocasionen costosas facturas m\u00e9dicas y requieran baja laboral.<\/p>\n\n\n\n<p>Un abogado especializado en accidentes por resbalones y ca\u00eddas puede calcular el alcance total de sus p\u00e9rdidas y reclamar da\u00f1os y perjuicios al propietario negligente. <a href=\"https:\/\/www.briskmanandbriskman.com\/es\/\">Briskman Briskman &amp; Greenberg se dedica a obtener una indemnizaci\u00f3n completa y justa para nuestros clientes<\/a>. Estos son algunos de los da\u00f1os y perjuicios a los que puede optar al presentar una demanda por resbal\u00f3n y ca\u00edda Orland Park:<\/p>\n\n\n\n<ul class=\"wp-block-list\">\n<li>Gastos m\u00e9dicos<\/li>\n\n\n\n<li>P\u00e9rdida de ingresos<\/li>\n\n\n\n<li>Incapacidad permanente<\/li>\n\n\n\n<li>Dolor y sufrimiento<\/li>\n<\/ul>\n\n\n\n<p><strong>C\u00f3mo puede ayudarle Briskman Briskman &amp; Greenberg<\/strong><\/p>\n\n\n\n<p>Si ha sufrido lesiones en un accidente por resbal\u00f3n o ca\u00edda, usted debe <a href=\"https:\/\/www.briskmanandbriskman.com\/es\/nuestros-abogados\/\">necesita un abogado compasivo y cualificado<\/a> que actuar\u00e1 en su mejor inter\u00e9s. Briskman Briskman &amp; Greenberg tiene <a href=\"https:\/\/www.briskmanandbriskman.com\/es\/\">d\u00e9cadas de experiencia en casos de lesiones personales<\/a> con un historial probado de obtener resultados exitosos para nuestros clientes. Estamos dedicados a conseguirle la m\u00e1xima compensaci\u00f3n posible.<\/p>\n\n\n\n<p>Nuestros abogados especializados en accidentes por resbalones y ca\u00eddas en Orland Park comprenden que presentar una demanda puede parecer desalentador. <a href=\"https:\/\/www.briskmanandbriskman.com\/es\/abogados-de-accidentes-de-camiones-en-chicago-2\/\">Estamos preparados para ayudarle en cada paso del proceso legal<\/a> y responderemos a todas sus preguntas. Desde la recopilaci\u00f3n de todas las pruebas necesarias de negligencia hasta la negociaci\u00f3n con las partes culpables en su nombre, deje que nos encarguemos de todo mientras usted se centra en recuperarse de sus lesiones.<\/p>\n\n\n\n<p>Briskman Briskman &amp; Greenberg no duda en plantar cara a las grandes empresas o compa\u00f1\u00edas de seguros. Cuando no ofrecen un acuerdo adecuado, estamos preparados para llevar su caso ante los tribunales.<\/p>\n\n\n\n<h2 class=\"wp-block-heading\">Abogados de resbalones y ca\u00eddas disponibles en todo Illinois<\/h2>\n\n\n\n<ul class=\"wp-block-list\">\n<li><a href=\"https:\/\/www.briskmanandbriskman.com\/es\/areas-de-practica\/chicago-resbalon-y-caida-abogados\/\">Chicago Abogados de resbalones y ca\u00eddas<\/a><\/li>\n\n\n\n<li><a href=\"https:\/\/www.briskmanandbriskman.com\/es\/lugares\/condado-del-lago\/resbalon-y-caida-abogados-2\/\">Lake County Abogados de resbalones y ca\u00eddas<\/a><\/li>\n\n\n\n<li><a href=\"https:\/\/www.briskmanandbriskman.com\/es\/lugares\/mundelein\/abogados-de-resbalones-y-caidas-2\/\">Mundelein Abogados de resbalones y ca\u00eddas<\/a><\/li>\n\n\n\n<li><a href=\"https:\/\/www.briskmanandbriskman.com\/es\/lugares\/norte-de-chicago\/abogados-de-resbalones-y-caidas\/\">North Chicago Abogados de resbalones y ca\u00eddas<\/a><\/li>\n\n\n\n<li><a href=\"https:\/\/www.briskmanandbriskman.com\/es\/lugares\/oaklawn\/resbalon-y-caida-abogado\/\">Oak Lawn Abogados de resbalones y ca\u00eddas<\/a><\/li>\n\n\n\n<li><a href=\"https:\/\/www.briskmanandbriskman.com\/es\/lugares\/orlandpark\/resbalon-y-caida-abogado\/\">Orland Park Abogados de resbalones y ca\u00eddas<\/a><\/li>\n\n\n\n<li><a href=\"https:\/\/www.briskmanandbriskman.com\/es\/lugares\/waukegan\/abogados-de-resbalones-y-caidas\/\">Waukegan Abogados de resbalones y ca\u00eddas<\/a><\/li>\n\n\n\n<li><a href=\"https:\/\/www.briskmanandbriskman.com\/es\/lugares\/ruedas\/resbalon-y-caida-accidente-abogado\/\">Wheeling Abogado de accidentes por resbalones y ca\u00eddas<\/a><\/li>\n<\/ul>\n\n\n\n<h2 class=\"wp-block-heading\">Recursos sobre resbalones y ca\u00eddas<\/h2>\n\n\n\n<ul class=\"wp-block-list\">\n<li><a href=\"https:\/\/www.briskmanandbriskman.com\/es\/areas-de-practica\/chicago-resbalon-y-caida-abogados\/que-ocurre-en-una-demanda-por-resbalon-y-caida\/\">\u00bfQu\u00e9 sucede en una demanda por resbal\u00f3n y ca\u00edda en Illinois?<\/a><\/li>\n\n\n\n<li><a href=\"https:\/\/www.briskmanandbriskman.com\/es\/areas-de-practica\/chicago-resbalon-y-caida-abogados\/resbalon-y-caida-en-el-metro-nuestros-abogados-pueden-ayudar\/\">\u00bfResbal\u00f3n y ca\u00edda en el metro en Chicago? Nuestros abogados pueden ayudarle<\/a><\/li>\n\n\n\n<li><a href=\"https:\/\/www.briskmanandbriskman.com\/es\/areas-de-practica\/chicago-resbalon-y-caida-abogados\/resbalon-y-caida-en-target-nuestros-abogados-pueden-ayudar\/\">\u00bfResbal\u00f3n y ca\u00edda en un objetivo en Chicago? Nuestros abogados pueden ayudarle<\/a><\/li>\n\n\n\n<li><a href=\"https:\/\/www.briskmanandbriskman.com\/es\/areas-de-practica\/chicago-resbalon-y-caida-abogados\/resbalones-y-caidas-en-supermercados-aldi-nuestros-abogados-pueden-ayudarle\/\">\u00bfResbal\u00f3n y ca\u00edda en los supermercados Aldi en Chicago? Nuestros abogados pueden ayudarle<\/a><\/li>\n\n\n\n<li><a href=\"https:\/\/www.briskmanandbriskman.com\/es\/areas-de-practica\/chicago-resbalon-y-caida-abogados\/resbalon-y-caida-en-costco-nuestros-abogados-pueden-ayudar\/\">\u00bfResbal\u00f3n y ca\u00edda en Costco en Chicago? Nuestros abogados pueden ayudarle<\/a><\/li>\n\n\n\n<li><a href=\"https:\/\/www.briskmanandbriskman.com\/es\/areas-de-practica\/chicago-resbalon-y-caida-abogados\/resbalon-y-caida-en-jewel-osco-nuestros-abogados-pueden-ayudar\/\">\u00bfResbal\u00f3n y ca\u00edda en Jewel-Osco en Chicago? Nuestros abogados pueden ayudarle<\/a><\/li>\n\n\n\n<li><a href=\"https:\/\/www.briskmanandbriskman.com\/es\/areas-de-practica\/chicago-resbalon-y-caida-abogados\/resbalon-y-caida-en-jimmy-johns-nuestros-abogados-pueden-ayudar\/\">\u00bfResbal\u00f3n y ca\u00edda en Jimmy John's en Chicago? Nuestros abogados pueden ayudar<\/a><\/li>\n\n\n\n<li><a href=\"https:\/\/www.briskmanandbriskman.com\/es\/areas-de-practica\/chicago-resbalon-y-caida-abogados\/resbalon-y-caida-en-marianos-fresh-market-nuestros-abogados-pueden-ayudar\/\">\u00bfResbal\u00f3n y ca\u00edda en Mariano's Fresh Market en Chicago? Nuestros abogados pueden ayudarle<\/a><\/li>\n\n\n\n<li><a href=\"https:\/\/www.briskmanandbriskman.com\/es\/areas-de-practica\/chicago-resbalon-y-caida-abogados\/resbalon-y-caida-en-mcdonalds-nuestros-abogados-pueden-ayudar\/\">\u00bfResbal\u00f3n y ca\u00edda en McDonald's en Chicago? Nuestros abogados pueden ayudarle<\/a><\/li>\n\n\n\n<li><a href=\"https:\/\/www.briskmanandbriskman.com\/es\/areas-de-practica\/chicago-resbalon-y-caida-abogados\/resbalon-y-caida-en-steak-n-shake-nuestros-abogados-pueden-ayudar\/\">\u00bfResbal\u00f3n y ca\u00edda en Steak 'n Shake en Chicago? Nuestros abogados pueden ayudarle<\/a><\/li>\n\n\n\n<li><a href=\"https:\/\/www.briskmanandbriskman.com\/es\/areas-de-practica\/chicago-resbalon-y-caida-abogados\/resbalon-y-caida-en-tonys-finer-foods-nuestros-abogados-pueden-ayudar\/\">\u00bfResbal\u00f3n y ca\u00edda en Tony's Finer Foods en Chicago? Nuestros abogados pueden ayudarle<\/a><\/li>\n\n\n\n<li><a href=\"https:\/\/www.briskmanandbriskman.com\/es\/areas-de-practica\/chicago-resbalon-y-caida-abogados\/resbalon-y-caida-en-trader-joes-nuestros-abogados-pueden-ayudar\/\">\u00bfResbal\u00f3n y ca\u00edda en Trader Joe's en Chicago? Nuestros abogados pueden ayudarle<\/a><\/li>\n\n\n\n<li><a href=\"https:\/\/www.briskmanandbriskman.com\/es\/areas-de-practica\/chicago-resbalon-y-caida-abogados\/resbalon-y-caida-en-wal-mart-nuestros-abogados-pueden-ayudar\/\">\u00bfResbal\u00f3n y ca\u00edda en Wal-Mart en Chicago? Nuestros abogados pueden ayudarle<\/a><\/li>\n\n\n\n<li><a href=\"https:\/\/www.briskmanandbriskman.com\/es\/areas-de-practica\/chicago-resbalon-y-caida-abogados\/resbalon-y-caida-en-whole-foods-nuestros-abogados-pueden-ayudar\/\">\u00bfResbal\u00f3n y ca\u00edda en Whole Foods en Chicago? Nuestros abogados pueden ayudarle<\/a><\/li>\n<\/ul>","protected":false},"excerpt":{"rendered":"<p>Abogados Ayudando a Clientes a Obtener Da\u00f1os y Perjuicios en Accidentes de Resbal\u00f3n y Ca\u00edda Orland Park Los accidentes de resbal\u00f3n y ca\u00edda pueden ocurrir sin previo aviso mientras usted hace su vida cotidiana. Resbalar en un aparcamiento helado, tropezar con el desorden en el suelo de una tienda de comestibles o caer por una escalera rota son s\u00f3lo algunos ejemplos de accidentes que...<\/p>","protected":false},"author":1,"featured_media":11113,"parent":6531,"menu_order":0,"comment_status":"closed","ping_status":"closed","template":"","meta":{"_acf_changed":false,"footnotes":""},"class_list":["post-6544","page","type-page","status-publish","has-post-thumbnail","hentry"],"acf":[],"_links":{"self":[{"href":"https:\/\/www.briskmanandbriskman.com\/es\/wp-json\/wp\/v2\/pages\/6544","targetHints":{"allow":["GET"]}}],"collection":[{"href":"https:\/\/www.briskmanandbriskman.com\/es\/wp-json\/wp\/v2\/pages"}],"about":[{"href":"https:\/\/www.briskmanandbriskman.com\/es\/wp-json\/wp\/v2\/types\/page"}],"author":[{"embeddable":true,"href":"https:\/\/www.briskmanandbriskman.com\/es\/wp-json\/wp\/v2\/users\/1"}],"replies":[{"embeddable":true,"href":"https:\/\/www.briskmanandbriskman.com\/es\/wp-json\/wp\/v2\/comments?post=6544"}],"version-history":[{"count":5,"href":"https:\/\/www.briskmanandbriskman.com\/es\/wp-json\/wp\/v2\/pages\/6544\/revisions"}],"predecessor-version":[{"id":13069,"href":"https:\/\/www.briskmanandbriskman.com\/es\/wp-json\/wp\/v2\/pages\/6544\/revisions\/13069"}],"up":[{"embeddable":true,"href":"https:\/\/www.briskmanandbriskman.com\/es\/wp-json\/wp\/v2\/pages\/6531"}],"wp:featuredmedia":[{"embeddable":true,"href":"https:\/\/www.briskmanandbriskman.com\/es\/wp-json\/wp\/v2\/media\/11113"}],"wp:attachment":[{"href":"https:\/\/www.briskmanandbriskman.com\/es\/wp-json\/wp\/v2\/media?parent=6544"}],"curies":[{"name":"wp","href":"https:\/\/api.w.org\/{rel}","templated":true}]}}