{"id":6541,"date":"2021-01-31T23:08:41","date_gmt":"2021-01-31T23:08:41","guid":{"rendered":"https:\/\/www.briskmanandbriskman.com\/?page_id=6541"},"modified":"2025-05-27T21:36:49","modified_gmt":"2025-05-27T21:36:49","slug":"abogado-de-mordedura-de-perro-2","status":"publish","type":"page","link":"https:\/\/www.briskmanandbriskman.com\/es\/locations\/oaklawn\/dog-bite-lawyer\/","title":{"rendered":"Oak Lawn Abogados de mordeduras de perro"},"content":{"rendered":"<h2 class=\"wp-block-heading\">Indemnizaci\u00f3n para las v\u00edctimas de mordeduras de perro en Oak Lawn<\/h2>\n\n\n\n<p>Los perros son compa\u00f1eros cari\u00f1osos y fieles de millones de estadounidenses. Por desgracia, a veces se comportan de forma impredecible. Ser mordido por un perro puede ser una experiencia traum\u00e1tica que provoca dolorosas lesiones. En el Illinois, los propietarios son legalmente responsables de las acciones de sus perros. Si usted o un miembro de su familia ha sufrido una mordedura o ataque de perro en Oak Lawn, el <a href=\"https:\/\/www.briskmanandbriskman.com\/es\/areas-de-practica\/abogado-de-mordedura-de-perro-chicago\/\">abogados expertos en mordeduras de perro en Briskman Briskman &amp; Greenberg<\/a> est\u00e1n preparados para conseguir la indemnizaci\u00f3n que usted se merece.<\/p>\n\n\n\n<p><strong>Estad\u00edsticas de mordeduras de perro<\/strong><\/p>\n\n\n\n<p>En 2018, m\u00e1s de 27.000 personas en todo el pa\u00eds tuvieron que someterse a cirug\u00eda reconstructiva debido a mordeduras de perro. Hubo 36 v\u00edctimas mortales de ataques de perros, de las cuales el 42% eran ni\u00f1os de 6 a\u00f1os o menos.<\/p>\n\n\n\n<p><a href=\"https:\/\/www.briskmanandbriskman.com\/es\/areas-de-practica\/abogado-de-mordedura-de-perro-chicago\/chicago-pit-bull-dog-bite-lawyer\/\">Pit bulls<\/a> and rottweilers are among the most dangerous breeds, accounting for 76 percent of dog-related fatalities from 2005 to 2018. In 2018 alone, pit bulls were responsible for 26 deaths in the United States.<\/p>\n\n\n\n<p><strong>Gu\u00eda de leyes sobre mordeduras de perro Illinois<\/strong><\/p>\n\n\n\n<p>En los casos de mordedura de perro Illinois se aplica una norma de responsabilidad objetiva, lo que significa que los propietarios de perros Oak Lawn no pueden alegar que no ten\u00edan indicios de que su perro pudiera causar da\u00f1os o fuera peligroso. Bajo la ley estatal, un propietario tiene la responsabilidad legal cada vez que su perro hiere a alguien.<\/p>\n\n\n\n<p>Al presentar una demanda por mordedura de perro, no tiene que demostrar que el perro que le mordi\u00f3 ten\u00eda tendencias agresivas o antecedentes de ataque a personas. Adem\u00e1s, no tiene que demostrar que el due\u00f1o fue negligente. El due\u00f1o es responsable de las lesiones siempre que la v\u00edctima estuviera legalmente autorizada a estar en el lugar donde se produjo el incidente.<\/p>\n\n\n\n<p>Si usted ha sufrido lesiones debido a una mordedura de perro o ataque, usted puede tener derecho a una indemnizaci\u00f3n por las p\u00e9rdidas econ\u00f3micas, as\u00ed como su dolor y sufrimiento. Un abogado con experiencia en mordeduras de perro Oak Lawn puede ayudarle a determinar la responsabilidad, luchar por los da\u00f1os y perjuicios que se merece y responsabilizar al due\u00f1o del perro de sus lesiones.<\/p>\n\n\n\n<p><strong>Lesiones por mordedura de perro<\/strong><\/p>\n\n\n\n<p>Las mordeduras de perro pueden provocar lesiones graves, como fracturas, traumatismos craneales, heridas punzantes y otros da\u00f1os duraderos. Las v\u00edctimas tambi\u00e9n corren el riesgo de contraer infecciones, sobre todo si el perro ten\u00eda rabia. Las consecuencias pueden ir desde una dolorosa recuperaci\u00f3n hasta la desfiguraci\u00f3n permanente.<\/p>\n\n\n\n<p>Es importante reconocer que los ataques de perros no se limitan a lesiones f\u00edsicas. Tambi\u00e9n pueden causar una tremenda angustia mental y trauma emocional, que potencialmente puede durar toda la vida. Si ha sufrido lesiones por mordedura de perro, merece una indemnizaci\u00f3n completa y justa por sus p\u00e9rdidas econ\u00f3micas, as\u00ed como por su dolor y sufrimiento.<\/p>\n\n\n\n<p><strong>\u00bfQu\u00e9 da\u00f1os y perjuicios puedo obtener por una mordedura de perro?<\/strong><\/p>\n\n\n\n<p>A la hora de reclamar una indemnizaci\u00f3n por mordedura de perro, es importante tener en cuenta todos los da\u00f1os y perjuicios sufridos. Debe cubrir desde las facturas del hospital hasta el dolor emocional. Los tribunales pueden conceder a una v\u00edctima de mordedura de perro una indemnizaci\u00f3n por angustia mental aunque no est\u00e9 directamente relacionada con lesiones f\u00edsicas.<\/p>\n\n\n\n<p>Aunque la cuant\u00eda de la indemnizaci\u00f3n que reciba depender\u00e1 de los detalles de su caso, en particular el Illinois no tiene un l\u00edmite m\u00e1ximo de indemnizaci\u00f3n por da\u00f1os personales. Tampoco importa el tipo de perro que le haya mordido. En Briskman Briskman &amp; Greenberg podemos ayudarle a obtener una indemnizaci\u00f3n por:<\/p>\n\n\n\n<ul class=\"wp-block-list\">\n<li>Gastos m\u00e9dicos<\/li>\n\n\n\n<li>Futuras facturas m\u00e9dicas<\/li>\n\n\n\n<li>Desfiguraci\u00f3n y cicatrices<\/li>\n\n\n\n<li>Salarios perdidos<\/li>\n\n\n\n<li>Angustia emocional<\/li>\n\n\n\n<li>Dolor y sufrimiento<\/li>\n<\/ul>\n\n\n\n<p><strong>\u00bfDe cu\u00e1nto tiempo dispongo para presentar una demanda por mordedura de perro?<\/strong><\/p>\n\n\n\n<p>Cualquier persona que sufra una mordedura de perro en Oak Lawn o en cualquier otro lugar de Illinois dispone de dos a\u00f1os para presentar una demanda. Este periodo de tiempo, denominado prescripci\u00f3n, es un plazo estricto que empieza a contar a partir de la fecha del incidente. Una vez que el plazo de prescripci\u00f3n expira, usted renuncia al derecho de presentar una demanda por mordedura de perro y reclamar una indemnizaci\u00f3n por sus lesiones.<\/p>\n\n\n\n<p>Por lo tanto, le conviene <a href=\"https:\/\/www.briskmanandbriskman.com\/es\/abogados-de-accidentes-de-camiones-en-chicago-2\/\">hable con un abogado de mordeduras de perro Oak Lawn<\/a> inmediatamente. Briskman Briskman &amp; Greenberg puede asesorarle sobre las distintas medidas que puede tomar.<\/p>\n\n\n\n<p><strong>Contrataci\u00f3n de un abogado especializado en mordeduras de perro<\/strong><\/p>\n\n\n\n<p>Para que una demanda por mordedura de perro tenga \u00e9xito, usted necesita a alguien de su lado que entienda las leyes estatales y locales sobre responsabilidad de los animales. El <a href=\"https:\/\/www.briskmanandbriskman.com\/es\/\">Oak Lawn abogados expertos en mordeduras de perro en Briskman Briskman &amp; Greenberg<\/a> saber utilizar pruebas convincentes y estrategias jur\u00eddicas para obtener un resultado satisfactorio para los clientes.<\/p>\n\n\n\n<p>Cuando nos contrate, le explicaremos a fondo sus derechos y evaluaremos su reclamaci\u00f3n para determinar si tiene derecho a una indemnizaci\u00f3n. Por ejemplo, si provocaste intencionadamente a un perro o entraste sin autorizaci\u00f3n en la propiedad del due\u00f1o del perro, es posible que no puedas cobrar da\u00f1os y perjuicios por tus lesiones.<\/p>\n\n\n\n<p>Cada caso es diferente y lo abordamos con compasi\u00f3n. Nos basaremos en <a href=\"https:\/\/www.briskmanandbriskman.com\/es\/\">nuestras d\u00e9cadas de experiencia en casos de da\u00f1os personales<\/a> para ofrecerle una representaci\u00f3n legal de calidad.<\/p>\n\n\n\n<h3 class=\"wp-block-heading\">Recursos adicionales sobre mordeduras de perro<\/h3>\n\n\n\n<ul class=\"wp-block-list\">\n<li><a href=\"https:\/\/www.briskmanandbriskman.com\/es\/centros-de-informacion\/centro-de-mordeduras-de-perro\/normas-basicas-de-seguridad-con-los-perros\/\">Normas b\u00e1sicas de seguridad con los perros<\/a><\/li>\n\n\n\n<li><a href=\"https:\/\/www.briskmanandbriskman.com\/es\/centros-de-informacion\/centro-de-mordeduras-de-perro\/se-puede-demandar-por-mordedura-de-perro\/\">\u00bfSe puede demandar por mordedura de perro?<\/a><\/li>\n\n\n\n<li><a href=\"https:\/\/www.briskmanandbriskman.com\/es\/centros-de-informacion\/centro-de-mordeduras-de-perro\/lugares-comunes-donde-pueden-producirse-mordeduras-de-perro\/\">Lugares comunes donde pueden producirse mordeduras de perro<\/a><\/li>\n\n\n\n<li><a href=\"https:\/\/www.briskmanandbriskman.com\/es\/centros-de-informacion\/centro-de-mordeduras-de-perro\/proceso-judicial-por-mordedura-de-perro\/\">Proceso judicial por mordedura de perro<\/a><\/li>\n\n\n\n<li><a href=\"https:\/\/www.briskmanandbriskman.com\/es\/centros-de-informacion\/centro-de-mordeduras-de-perro\/seguro-de-hogar-y-mordeduras-de-perro\/\">Seguro de hogar y mordeduras de perro<\/a><\/li>\n\n\n\n<li><a href=\"https:\/\/www.briskmanandbriskman.com\/es\/centros-de-informacion\/centro-de-mordeduras-de-perro\/que-pruebas-se-necesitan-para-una-demanda-por-mordedura-de-perro\/\">\u00bfQu\u00e9 pruebas se necesitan para una demanda por mordedura de perro?<\/a><\/li>\n\n\n\n<li><a href=\"https:\/\/www.briskmanandbriskman.com\/es\/centros-de-informacion\/centro-de-mordeduras-de-perro\/que-es-la-responsabilidad-objetiva-en-un-caso-de-mordedura-de-perro\/\">\u00bfQu\u00e9 es la responsabilidad objetiva en un caso de mordedura de perro?<\/a><\/li>\n\n\n\n<li><a href=\"https:\/\/www.briskmanandbriskman.com\/es\/centros-de-informacion\/centro-de-mordeduras-de-perro\/por-que-muerden-los-perros\/\">\u00bfPor qu\u00e9 muerden los perros?<\/a><\/li>\n\n\n\n<li><a href=\"https:\/\/www.briskmanandbriskman.com\/es\/areas-de-practica\/abogado-de-mordedura-de-perro-chicago\/faq\/\">Preguntas frecuentes sobre mordeduras de perro<\/a>\n<ul class=\"wp-block-list\">\n<li><a href=\"https:\/\/www.briskmanandbriskman.com\/es\/areas-de-practica\/abogado-de-mordedura-de-perro-chicago\/faq\/puede-correos-negarse-a-entregar-el-correo-por-culpa-de-un-perro\/\">\u00bfPuede Correos negarse a entregar el correo por culpa de un perro?<\/a><\/li>\n\n\n\n<li><a href=\"https:\/\/www.briskmanandbriskman.com\/es\/areas-de-practica\/abogado-de-mordedura-de-perro-chicago\/faq\/como-reaccionan-los-perros-al-repelente\/\">\u00bfC\u00f3mo reaccionan los perros al repelente?<\/a><\/li>\n\n\n\n<li><a href=\"https:\/\/www.briskmanandbriskman.com\/es\/areas-de-practica\/abogado-de-mordedura-de-perro-chicago\/faq\/cuantas-mordeduras-de-perro-se-producen-en-ee-uu\/\">\u00bfCu\u00e1ntas mordeduras de perro se producen en EE.UU.?<\/a><\/li>\n\n\n\n<li><a href=\"https:\/\/www.briskmanandbriskman.com\/es\/areas-de-practica\/abogado-de-mordedura-de-perro-chicago\/faq\/como-prevenir-una-mordedura-de-perro\/\">\u00bfC\u00f3mo prevenir las mordeduras de perro?<\/a><\/li>\n\n\n\n<li><a href=\"https:\/\/www.briskmanandbriskman.com\/es\/areas-de-practica\/abogado-de-mordedura-de-perro-chicago\/faq\/como-tratar-las-mordeduras-de-perro\/\">C\u00f3mo tratar las mordeduras de perro<\/a><\/li>\n\n\n\n<li><a href=\"https:\/\/www.briskmanandbriskman.com\/es\/areas-de-practica\/abogado-de-mordedura-de-perro-chicago\/faq\/mi-hijo-ha-sido-mordido-por-un-perro-que-debo-hacer\/\">Mi hijo ha sido mordido por un perro; \u00bfqu\u00e9 debo hacer?<\/a><\/li>\n\n\n\n<li><a href=\"https:\/\/www.briskmanandbriskman.com\/es\/areas-de-practica\/abogado-de-mordedura-de-perro-chicago\/faq\/que-raza-de-perro-muerde-mas\/\">\u00bfQu\u00e9 raza de perro muerde m\u00e1s?<\/a><\/li>\n\n\n\n<li><a href=\"https:\/\/www.briskmanandbriskman.com\/es\/areas-de-practica\/abogado-de-mordedura-de-perro-chicago\/faq\/que-puedo-hacer-si-me-ha-mordido-un-perro-durante-el-parto\/\">\u00bfQu\u00e9 puedo hacer si me ha mordido un perro durante el parto?<\/a><\/li>\n\n\n\n<li><a href=\"https:\/\/www.briskmanandbriskman.com\/es\/areas-de-practica\/abogado-de-mordedura-de-perro-chicago\/faq\/que-es-un-repelente-para-perros\/\">\u00bfQu\u00e9 es un repelente de perros?<\/a><\/li>\n\n\n\n<li><a href=\"https:\/\/www.briskmanandbriskman.com\/es\/areas-de-practica\/abogado-de-mordedura-de-perro-chicago\/faq\/cual-es-el-coste-total-de-un-abogado-especializado-en-mordeduras-de-perro\/\">\u00bfCu\u00e1l es el coste total de un abogado especializado en mordeduras de perro?<\/a><\/li>\n\n\n\n<li><a href=\"https:\/\/www.briskmanandbriskman.com\/es\/areas-de-practica\/abogado-de-mordedura-de-perro-chicago\/faq\/que-deben-saber-los-carteros-sobre-los-perros\/\">\u00bfQu\u00e9 deben saber los carteros sobre los perros?<\/a><\/li>\n\n\n\n<li><a href=\"https:\/\/www.briskmanandbriskman.com\/es\/areas-de-practica\/abogado-de-mordedura-de-perro-chicago\/faq\/que-deben-hacer-los-duenos-de-mascotas-antes-de-que-un-empleado-de-usps-entregue-el-correo\/\">\u00bfQu\u00e9 deben hacer los due\u00f1os de mascotas antes de que un trabajador de USPS entregue el correo?<\/a><\/li>\n\n\n\n<li><a href=\"https:\/\/www.briskmanandbriskman.com\/es\/areas-de-practica\/abogado-de-mordedura-de-perro-chicago\/faq\/que-hacer-si-un-perro-te-muerde\/\">Qu\u00e9 hacer si el perro de alguien te muerde<\/a><\/li>\n\n\n\n<li><a href=\"https:\/\/www.briskmanandbriskman.com\/es\/areas-de-practica\/abogado-de-mordedura-de-perro-chicago\/faq\/cuando-se-debe-utilizar-el-repelente-para-perros\/\">\u00bfCu\u00e1ndo se debe utilizar un repelente para perros?<\/a><\/li>\n\n\n\n<li><a href=\"https:\/\/www.briskmanandbriskman.com\/es\/areas-de-practica\/abogado-de-mordedura-de-perro-chicago\/faq\/donde-debo-desechar-el-repelente-para-perros\/\">\u00bfD\u00f3nde debo desechar el repelente para perros?<\/a><\/li>\n\n\n\n<li><a href=\"https:\/\/www.briskmanandbriskman.com\/es\/areas-de-practica\/abogado-de-mordedura-de-perro-chicago\/faq\/cuales-son-las-ciudades-con-mas-mordeduras-de-perro\/\">\u00bfCu\u00e1les son las ciudades con m\u00e1s mordeduras de perro?<\/a><\/li>\n\n\n\n<li><a href=\"https:\/\/www.briskmanandbriskman.com\/es\/areas-de-practica\/abogado-de-mordedura-de-perro-chicago\/faq\/a-quien-dirigirse-tras-una-mordedura-de-perro\/\">\u00bfCon qui\u00e9n hay que ponerse en contacto tras una mordedura de perro?<\/a><\/li>\n\n\n\n<li><a href=\"https:\/\/www.briskmanandbriskman.com\/es\/areas-de-practica\/abogado-de-mordedura-de-perro-chicago\/faq\/por-que-es-necesario-un-repelente-para-perros\/\">\u00bfPor qu\u00e9 es necesario un repelente para perros?<\/a><\/li>\n<\/ul>\n<\/li>\n\n\n\n<li><a href=\"https:\/\/www.briskmanandbriskman.com\/es\/areas-de-practica\/abogado-de-mordedura-de-perro-chicago\/leyes-sobre-mordeduras-de-perro\/\">Illinois Leyes sobre mordeduras de perro<\/a><\/li>\n\n\n\n<li><a href=\"https:\/\/www.briskmanandbriskman.com\/es\/areas-de-practica\/abogado-de-mordedura-de-perro-chicago\/doordash-abogados-de-mordeduras-de-perro\/\">Doordash Abogados de mordeduras de perro<\/a><\/li>\n\n\n\n<li><a href=\"https:\/\/www.briskmanandbriskman.com\/es\/areas-de-practica\/abogado-de-mordedura-de-perro-chicago\/como-ser-un-dueno-responsable\/\">C\u00f3mo ser un due\u00f1o de mascotas responsable<\/a><\/li>\n\n\n\n<li><a href=\"https:\/\/www.briskmanandbriskman.com\/es\/areas-de-practica\/abogado-de-mordedura-de-perro-chicago\/como-encontrar-el-mejor-abogado-especializado-en-mordeduras-de-perro\/\">C\u00f3mo encontrar el mejor abogado especializado en mordeduras de perro<\/a><\/li>\n\n\n\n<li><a href=\"https:\/\/www.briskmanandbriskman.com\/es\/areas-de-practica\/abogado-de-mordedura-de-perro-chicago\/instacart-abogados-mordedura-de-perro\/\">Abogados de mordeduras de perro de Instacart<\/a><\/li>\n\n\n\n<li><a href=\"https:\/\/www.briskmanandbriskman.com\/es\/areas-de-practica\/abogado-de-mordedura-de-perro-chicago\/es-la-naturaleza-del-perro-atacar\/\">\u00bfEst\u00e1 en la naturaleza del perro atacar?<\/a><\/li>\n\n\n\n<li><a href=\"https:\/\/www.briskmanandbriskman.com\/es\/areas-de-practica\/abogado-de-mordedura-de-perro-chicago\/tratamientos-medicos-para-las-mordeduras-de-perro\/\">Tratamientos m\u00e9dicos de las mordeduras de perro<\/a><\/li>\n\n\n\n<li><a href=\"https:\/\/www.briskmanandbriskman.com\/es\/areas-de-practica\/abogado-de-mordedura-de-perro-chicago\/ataques-nacionales-por-mordedura-de-perro-para-2020\/\">Ataques nacionales por mordedura de perro para 2020<\/a><\/li>\n\n\n\n<li><a href=\"https:\/\/www.briskmanandbriskman.com\/es\/areas-de-practica\/abogado-de-mordedura-de-perro-chicago\/solicitudes-de-servicio-relacionadas-con-animales-peligrosos\/\">Solicitudes de servicio relacionadas con animales peligrosos<\/a><\/li>\n\n\n\n<li><a href=\"https:\/\/www.briskmanandbriskman.com\/es\/areas-de-practica\/abogado-de-mordedura-de-perro-chicago\/pros-y-contras-de-los-parques-caninos-de-chicago\/\">Ventajas e inconvenientes de los parques para perros Chicago<\/a><\/li>\n\n\n\n<li><a href=\"https:\/\/www.briskmanandbriskman.com\/es\/areas-de-practica\/abogado-de-mordedura-de-perro-chicago\/tipos-de-enfermedades-que-se-pueden-contraer-por-la-mordedura-de-un-perro\/\">Tipos de enfermedades que se pueden contraer por la mordedura de un perro<\/a><\/li>\n\n\n\n<li><a href=\"https:\/\/www.briskmanandbriskman.com\/es\/areas-de-practica\/abogado-de-mordedura-de-perro-chicago\/tipos-de-cicatrices-de-mordeduras-de-perro\/\">Tipos de cicatrices de mordeduras de perro<\/a><\/li>\n\n\n\n<li><a href=\"https:\/\/www.briskmanandbriskman.com\/es\/areas-de-practica\/abogado-de-mordedura-de-perro-chicago\/tipos-de-perros-que-pueden-causar-lesiones-graves\/\">Tipos de perros que pueden causar lesiones graves&nbsp;<\/a><\/li>\n\n\n\n<li><a href=\"https:\/\/www.briskmanandbriskman.com\/es\/areas-de-practica\/abogado-de-mordedura-de-perro-chicago\/uber-se-come-a-los-abogados-de-mordeduras-de-perro\/\">Uber Eats Abogados de mordeduras de perro<\/a><\/li>\n\n\n\n<li><a href=\"https:\/\/www.briskmanandbriskman.com\/es\/areas-de-practica\/abogado-de-mordedura-de-perro-chicago\/usps-abogados-de-mordeduras-de-perro\/\">USPS Abogados de mordeduras de perro<\/a><\/li>\n\n\n\n<li><a href=\"https:\/\/www.briskmanandbriskman.com\/es\/areas-de-practica\/abogado-de-mordedura-de-perro-chicago\/que-es-el-seguro-de-responsabilidad-civil-por-mordedura-de-perro\/\">\u00bfQu\u00e9 es el seguro de responsabilidad civil por mordedura de perro?<\/a><\/li>\n\n\n\n<li><a href=\"https:\/\/www.briskmanandbriskman.com\/es\/areas-de-practica\/abogado-de-mordedura-de-perro-chicago\/que-hacer-tras-una-mordedura-de-perro\/\">Qu\u00e9 hacer tras una mordedura de perro<\/a><\/li>\n<\/ul>\n\n\n\n<h3 class=\"wp-block-heading\">Abogados de mordeduras de perro disponibles en todo el Illinois<\/h3>\n\n\n\n<ul class=\"wp-block-list\">\n<li><a href=\"https:\/\/www.briskmanandbriskman.com\/es\/areas-de-practica\/abogado-de-mordedura-de-perro-chicago\/\">Chicago abogados de mordeduras de perro<\/a><\/li>\n\n\n\n<li><a href=\"https:\/\/www.briskmanandbriskman.com\/es\/lugares\/joliet\/abogado-de-mordedura-de-perro\/\">Joliet Abogado de mordeduras de perro<\/a><\/li>\n\n\n\n<li><a href=\"https:\/\/www.briskmanandbriskman.com\/es\/lugares\/condado-del-lago\/abogado-de-mordedura-de-perro-2\/\">Abogado de mordeduras de perro en Lake County<\/a><\/li>\n\n\n\n<li><a href=\"https:\/\/www.briskmanandbriskman.com\/es\/lugares\/mundelein\/abogados-de-mordeduras-de-perro\/\">Mundelein Abogados de mordeduras de perro<\/a><\/li>\n\n\n\n<li><a href=\"https:\/\/www.briskmanandbriskman.com\/es\/lugares\/norte-de-chicago\/abogados-de-mordeduras-de-perro\/\">North Chicago Abogados de mordeduras de perro<\/a><\/li>\n\n\n\n<li><a href=\"https:\/\/www.briskmanandbriskman.com\/es\/lugares\/oaklawn\/abogado-de-mordedura-de-perro-2\/\">Oak Lawn Abogados de mordeduras de perro<\/a><\/li>\n\n\n\n<li><a href=\"https:\/\/www.briskmanandbriskman.com\/es\/lugares\/orlandpark\/abogado-de-mordedura-de-perro-2\/\">Orland Park Abogados de mordeduras de perro<\/a><\/li>\n\n\n\n<li><a href=\"https:\/\/www.briskmanandbriskman.com\/es\/lugares\/waukegan\/abogado-de-mordedura-de-perro-2\/\">Waukegan Abogado de mordeduras de perro<\/a><\/li>\n\n\n\n<li><a href=\"https:\/\/www.briskmanandbriskman.com\/es\/lugares\/ruedas\/abogado-de-mordedura-de-perro\/\">Wheeling Abogado de mordeduras de perro<\/a><\/li>\n<\/ul>","protected":false},"excerpt":{"rendered":"<p>Indemnizaci\u00f3n para las v\u00edctimas de mordeduras de perro en Oak Lawn Los perros son compa\u00f1eros cari\u00f1osos y fieles para millones de estadounidenses. Desafortunadamente, los perros a veces se comportan de manera impredecible. Ser mordido por un perro puede ser una experiencia traum\u00e1tica que resulta en lesiones dolorosas. En Illinois, los propietarios son legalmente responsables de las acciones de sus perros. Si usted o...<\/p>","protected":false},"author":1,"featured_media":11127,"parent":6527,"menu_order":0,"comment_status":"closed","ping_status":"closed","template":"","meta":{"_acf_changed":false,"footnotes":""},"class_list":["post-6541","page","type-page","status-publish","has-post-thumbnail","hentry"],"acf":[],"_links":{"self":[{"href":"https:\/\/www.briskmanandbriskman.com\/es\/wp-json\/wp\/v2\/pages\/6541","targetHints":{"allow":["GET"]}}],"collection":[{"href":"https:\/\/www.briskmanandbriskman.com\/es\/wp-json\/wp\/v2\/pages"}],"about":[{"href":"https:\/\/www.briskmanandbriskman.com\/es\/wp-json\/wp\/v2\/types\/page"}],"author":[{"embeddable":true,"href":"https:\/\/www.briskmanandbriskman.com\/es\/wp-json\/wp\/v2\/users\/1"}],"replies":[{"embeddable":true,"href":"https:\/\/www.briskmanandbriskman.com\/es\/wp-json\/wp\/v2\/comments?post=6541"}],"version-history":[{"count":6,"href":"https:\/\/www.briskmanandbriskman.com\/es\/wp-json\/wp\/v2\/pages\/6541\/revisions"}],"predecessor-version":[{"id":14752,"href":"https:\/\/www.briskmanandbriskman.com\/es\/wp-json\/wp\/v2\/pages\/6541\/revisions\/14752"}],"up":[{"embeddable":true,"href":"https:\/\/www.briskmanandbriskman.com\/es\/wp-json\/wp\/v2\/pages\/6527"}],"wp:featuredmedia":[{"embeddable":true,"href":"https:\/\/www.briskmanandbriskman.com\/es\/wp-json\/wp\/v2\/media\/11127"}],"wp:attachment":[{"href":"https:\/\/www.briskmanandbriskman.com\/es\/wp-json\/wp\/v2\/media?parent=6541"}],"curies":[{"name":"wp","href":"https:\/\/api.w.org\/{rel}","templated":true}]}}