{"id":6538,"date":"2021-01-31T23:06:37","date_gmt":"2021-01-31T23:06:37","guid":{"rendered":"https:\/\/www.briskmanandbriskman.com\/?page_id=6538"},"modified":"2024-04-15T17:17:15","modified_gmt":"2024-04-15T17:17:15","slug":"resbalon-y-caida-abogado","status":"publish","type":"page","link":"https:\/\/www.briskmanandbriskman.com\/es\/locations\/oaklawn\/slip-and-fall-lawyer\/","title":{"rendered":"Oak Lawn Abogados de resbalones y ca\u00eddas"},"content":{"rendered":"<h2 class=\"wp-block-heading\">Recuperaci\u00f3n de da\u00f1os para clientes lesionados en accidentes de resbal\u00f3n y ca\u00edda Oak Lawn<\/h2>\n\n\n\n<p>Los accidentes por resbalones y ca\u00eddas pueden ocurrir en muchos lugares diferentes, ya sea en el pasillo de una tienda de comestibles o en la entrada de un restaurante. Si usted ha sido lesionado en un accidente de resbal\u00f3n y ca\u00edda, usted puede buscar una compensaci\u00f3n justa por sus gastos m\u00e9dicos, p\u00e9rdida de ingresos, dolor y sufrimiento, y otros costos relacionados con el accidente. En <a href=\"https:\/\/www.briskmanandbriskman.com\/es\/areas-de-practica\/chicago-resbalon-y-caida-abogados\/\">Oak Lawn abogados de accidentes por resbalones y ca\u00eddas en Briskman Briskman &amp; Greenberg<\/a> est\u00e1n dispuestos a ayudarle.<\/p>\n\n\n\n<p><strong>Estad\u00edsticas de resbalones y ca\u00eddas<\/strong><\/p>\n\n\n\n<p>M\u00e1s de un mill\u00f3n de estadounidenses al a\u00f1o acuden a urgencias tras sufrir un accidente por resbal\u00f3n o ca\u00edda. La poblaci\u00f3n anciana es especialmente vulnerable a las ca\u00eddas. M\u00e1s de uno de cada cuatro ancianos sufre una ca\u00edda al a\u00f1o. Sin embargo, algo menos del 50% de las v\u00edctimas de ca\u00eddas buscan atenci\u00f3n m\u00e9dica.<\/p>\n\n\n\n<p>Seg\u00fan los Centros para el Control y la Prevenci\u00f3n de Enfermedades, entre el 20% y el 30% de las v\u00edctimas de resbalones y ca\u00eddas sufren lesiones de moderadas a graves, que van desde contusiones a fracturas de cadera. De hecho, unos 300.000 adultos mayores son hospitalizados al a\u00f1o por fracturas de cadera. Los traumatismos craneoencef\u00e1licos tambi\u00e9n son frecuentes, y los accidentes por resbalones y ca\u00eddas son una de las principales causas de lesiones cerebrales traum\u00e1ticas.<\/p>\n\n\n\n<p><strong>El papel de la negligencia en un caso de resbal\u00f3n y ca\u00edda<\/strong><\/p>\n\n\n\n<p>Los accidentes por resbalones y ca\u00eddas son a menudo causados por la falta de mantenimiento adecuado de las instalaciones por parte del propietario. Si se determina que un propietario es negligente en su responsabilidad de mantener las instalaciones seguras para los visitantes, puede ser considerado legalmente responsable de las lesiones de una v\u00edctima de resbal\u00f3n y ca\u00edda.<\/p>\n\n\n\n<p>No arreglar un suelo roto, limpiar un derrame o reparar una escalera da\u00f1ada son ejemplos de formas en las que la negligencia de un propietario ante una condici\u00f3n peligrosa puede provocar un accidente por resbal\u00f3n y ca\u00edda. Probar la negligencia es crucial a la hora de presentar una demanda por resbal\u00f3n y ca\u00edda.<\/p>\n\n\n\n<p>Debido a las complejas cuestiones de negligencia implicadas en los casos de resbalones y ca\u00eddas, es aconsejable <a href=\"https:\/\/www.briskmanandbriskman.com\/es\/\">hable con un abogado experto en lesiones personales Oak Lawn<\/a>. Briskman Briskman &amp; Greenberg puede asesorarle sobre sus opciones legales y explicarle c\u00f3mo puede obtener una indemnizaci\u00f3n por da\u00f1os y perjuicios.<\/p>\n\n\n\n<p><strong>\u00bfD\u00f3nde se producen los accidentes por resbalones y ca\u00eddas?<\/strong><\/p>\n\n\n\n<p>Los accidentes por resbalones y ca\u00eddas pueden ocurrir tanto en propiedades comerciales como residenciales. Estos son algunos de los lugares m\u00e1s comunes donde una persona puede sufrir una ca\u00edda:<\/p>\n\n\n\n<ul class=\"wp-block-list\">\n<li>Aparcamientos y garajes<\/li>\n\n\n\n<li>Supermercados<\/li>\n\n\n\n<li>Restaurantes<\/li>\n\n\n\n<li>Hoteles y complejos tur\u00edsticos<\/li>\n\n\n\n<li>Aceras<\/li>\n\n\n\n<li>Escaleras<\/li>\n<\/ul>\n\n\n\n<p>Los incidentes de resbalones y ca\u00eddas tambi\u00e9n pueden producirse en el trabajo. Muchos trabajos requieren que los empleados vayan a otras propiedades. Por ejemplo, un electricista visita con frecuencia lugares que no son propiedad de su empleador. En tales situaciones, puede ocurrir que <a href=\"https:\/\/www.briskmanandbriskman.com\/es\/areas-de-practica\/abogados-de-responsabilidad-civil-de-locales-de-chicago\/\">interponer una demanda de responsabilidad civil contra el propietario negligente<\/a> junto con <a href=\"https:\/\/www.briskmanandbriskman.com\/es\/areas-de-practica\/indemnizacion-por-accidente-laboral\/\">presentar una reclamaci\u00f3n de indemnizaci\u00f3n a su empresa<\/a>.<\/p>\n\n\n\n<p><strong>Indemnizaci\u00f3n en un accidente por resbal\u00f3n y ca\u00edda<\/strong><\/p>\n\n\n\n<p>La cuant\u00eda de la indemnizaci\u00f3n disponible en un caso de accidente por resbal\u00f3n y ca\u00edda Oak Lawn depende del alcance y la naturaleza del da\u00f1o sufrido. Una v\u00edctima puede tener que hacer frente a importantes gastos m\u00e9dicos y lesiones graves que requieran baja laboral para su recuperaci\u00f3n. Los siguientes tipos de da\u00f1os suelen concederse en una demanda por accidente de resbal\u00f3n y ca\u00edda:<\/p>\n\n\n\n<ul class=\"wp-block-list\">\n<li>Gastos m\u00e9dicos<\/li>\n\n\n\n<li>P\u00e9rdida de ingresos<\/li>\n\n\n\n<li>Trauma emocional<\/li>\n\n\n\n<li>Dolor y sufrimiento<\/li>\n<\/ul>\n\n\n\n<p><strong>Lesiones relacionadas con las ca\u00eddas<\/strong><\/p>\n\n\n\n<p>Existe la idea err\u00f3nea de que s\u00f3lo las personas mayores suelen sufrir lesiones graves en las ca\u00eddas. La realidad es que, independientemente de la edad que se tenga, los resbalones y las ca\u00eddas pueden provocar lesiones debilitantes que requieren amplia atenci\u00f3n m\u00e9dica, como cirug\u00eda y rehabilitaci\u00f3n.<\/p>\n\n\n\n<p><a href=\"https:\/\/www.briskmanandbriskman.com\/es\/areas-de-practica\/chicago-brain-injury-lawyer\/\">Los traumatismos craneoencef\u00e1licos son frecuentes en los accidentes por resbalones y ca\u00eddas<\/a>. Golpearse la cabeza contra el pavimento u otras superficies duras puede provocar una conmoci\u00f3n cerebral o una lesi\u00f3n cerebral traum\u00e1tica. Estos son otros tipos de lesiones que pueden sufrir las v\u00edctimas de accidentes por resbalones y ca\u00eddas:<\/p>\n\n\n\n<ul class=\"wp-block-list\">\n<li>Laceraciones<\/li>\n\n\n\n<li>Huesos rotos<\/li>\n\n\n\n<li>Lesiones de espalda<\/li>\n\n\n\n<li>Da\u00f1os en \u00f3rganos internos<\/li>\n\n\n\n<li>Lesiones cerebrales<\/li>\n<\/ul>\n\n\n\n<p>Cualquiera que resulte herido en un accidente de resbal\u00f3n y ca\u00edda en Oak Lawn debe buscar tratamiento m\u00e9dico inmediatamente, independientemente de la naturaleza de las lesiones. Acudir al m\u00e9dico es importante aunque las lesiones parezcan leves. Su historial m\u00e9dico puede servir como prueba m\u00e1s adelante cuando decida presentar una demanda por lesiones personales para obtener una indemnizaci\u00f3n por su accidente de resbal\u00f3n y ca\u00edda.<\/p>\n\n\n\n<p><strong>C\u00f3mo puede ayudarle Briskman Briskman &amp; Greenberg<\/strong><\/p>\n\n\n\n<p>Si ha sufrido lesiones en un accidente por resbal\u00f3n y ca\u00edda, necesita a alguien que est\u00e9 de su lado. Nuestros abogados de accidentes por resbal\u00f3n y ca\u00edda Oak Lawn tienen <a href=\"https:\/\/www.briskmanandbriskman.com\/es\/\">d\u00e9cadas de experiencia en casos de lesiones personales<\/a>.<\/p>\n\n\n\n<p>Lo que complica los casos de resbalones y ca\u00eddas es el nivel de detalle necesario para probar la negligencia. El accidente debe ser investigado a fondo, ya que incluso hechos aparentemente sin importancia pueden tener un gran impacto en su caso. Por ejemplo, el tiempo que un l\u00edquido derramado permaneci\u00f3 en el suelo de un restaurante antes de un accidente por resbal\u00f3n y ca\u00edda.<\/p>\n\n\n\n<p>Ning\u00fan detalle se les escapa a nuestros expertos abogados especializados en resbalones y ca\u00eddas Oak Lawn. Sabemos que la construcci\u00f3n de un caso fuerte y exitoso implica la recopilaci\u00f3n de pruebas s\u00f3lidas.<\/p>\n\n\n\n<p>Cuando elige Briskman Briskman &amp; Greenberg, puede estar seguro de que nos encargaremos de todo el proceso legal. Nuestro objetivo es asegurarnos de que obtenga la indemnizaci\u00f3n que necesita para recuperarse totalmente de sus lesiones y seguir adelante con su vida.<\/p>\n\n\n\n<h2 class=\"wp-block-heading\">Abogados de resbalones y ca\u00eddas disponibles en todo Illinois<\/h2>\n\n\n\n<ul class=\"wp-block-list\">\n<li><a href=\"https:\/\/www.briskmanandbriskman.com\/es\/areas-de-practica\/chicago-resbalon-y-caida-abogados\/\">Chicago Abogados de resbalones y ca\u00eddas<\/a><\/li>\n\n\n\n<li><a href=\"https:\/\/www.briskmanandbriskman.com\/es\/lugares\/condado-del-lago\/resbalon-y-caida-abogados-2\/\">Lake County Abogados de resbalones y ca\u00eddas<\/a><\/li>\n\n\n\n<li><a href=\"https:\/\/www.briskmanandbriskman.com\/es\/lugares\/mundelein\/abogados-de-resbalones-y-caidas-2\/\">Mundelein Abogados de resbalones y ca\u00eddas<\/a><\/li>\n\n\n\n<li><a href=\"https:\/\/www.briskmanandbriskman.com\/es\/lugares\/norte-de-chicago\/abogados-de-resbalones-y-caidas\/\">North Chicago Abogados de resbalones y ca\u00eddas<\/a><\/li>\n\n\n\n<li><a href=\"https:\/\/www.briskmanandbriskman.com\/es\/lugares\/oaklawn\/resbalon-y-caida-abogado\/\">Oak Lawn Abogados de resbalones y ca\u00eddas<\/a><\/li>\n\n\n\n<li><a href=\"https:\/\/www.briskmanandbriskman.com\/es\/lugares\/orlandpark\/resbalon-y-caida-abogado\/\">Orland Park Abogados de resbalones y ca\u00eddas<\/a><\/li>\n\n\n\n<li><a href=\"https:\/\/www.briskmanandbriskman.com\/es\/lugares\/waukegan\/abogados-de-resbalones-y-caidas\/\">Waukegan Abogados de resbalones y ca\u00eddas<\/a><\/li>\n\n\n\n<li><a href=\"https:\/\/www.briskmanandbriskman.com\/es\/lugares\/ruedas\/resbalon-y-caida-accidente-abogado\/\">Wheeling Abogado de accidentes por resbalones y ca\u00eddas<\/a><\/li>\n<\/ul>\n\n\n\n<h2 class=\"wp-block-heading\">Recursos sobre resbalones y ca\u00eddas<\/h2>\n\n\n\n<ul class=\"wp-block-list\">\n<li><a href=\"https:\/\/www.briskmanandbriskman.com\/es\/areas-de-practica\/chicago-resbalon-y-caida-abogados\/que-ocurre-en-una-demanda-por-resbalon-y-caida\/\">\u00bfQu\u00e9 sucede en una demanda por resbal\u00f3n y ca\u00edda en Illinois?<\/a><\/li>\n\n\n\n<li><a href=\"https:\/\/www.briskmanandbriskman.com\/es\/areas-de-practica\/chicago-resbalon-y-caida-abogados\/resbalon-y-caida-en-el-metro-nuestros-abogados-pueden-ayudar\/\">\u00bfResbal\u00f3n y ca\u00edda en el metro en Chicago? Nuestros abogados pueden ayudarle<\/a><\/li>\n\n\n\n<li><a href=\"https:\/\/www.briskmanandbriskman.com\/es\/areas-de-practica\/chicago-resbalon-y-caida-abogados\/resbalon-y-caida-en-target-nuestros-abogados-pueden-ayudar\/\">\u00bfResbal\u00f3n y ca\u00edda en un objetivo en Chicago? Nuestros abogados pueden ayudarle<\/a><\/li>\n\n\n\n<li><a href=\"https:\/\/www.briskmanandbriskman.com\/es\/areas-de-practica\/chicago-resbalon-y-caida-abogados\/resbalones-y-caidas-en-supermercados-aldi-nuestros-abogados-pueden-ayudarle\/\">\u00bfResbal\u00f3n y ca\u00edda en los supermercados Aldi en Chicago? Nuestros abogados pueden ayudarle<\/a><\/li>\n\n\n\n<li><a href=\"https:\/\/www.briskmanandbriskman.com\/es\/areas-de-practica\/chicago-resbalon-y-caida-abogados\/resbalon-y-caida-en-costco-nuestros-abogados-pueden-ayudar\/\">\u00bfResbal\u00f3n y ca\u00edda en Costco en Chicago? Nuestros abogados pueden ayudarle<\/a><\/li>\n\n\n\n<li><a href=\"https:\/\/www.briskmanandbriskman.com\/es\/areas-de-practica\/chicago-resbalon-y-caida-abogados\/resbalon-y-caida-en-jewel-osco-nuestros-abogados-pueden-ayudar\/\">\u00bfResbal\u00f3n y ca\u00edda en Jewel-Osco en Chicago? Nuestros abogados pueden ayudarle<\/a><\/li>\n\n\n\n<li><a href=\"https:\/\/www.briskmanandbriskman.com\/es\/areas-de-practica\/chicago-resbalon-y-caida-abogados\/resbalon-y-caida-en-jimmy-johns-nuestros-abogados-pueden-ayudar\/\">\u00bfResbal\u00f3n y ca\u00edda en Jimmy John's en Chicago? Nuestros abogados pueden ayudar<\/a><\/li>\n\n\n\n<li><a href=\"https:\/\/www.briskmanandbriskman.com\/es\/areas-de-practica\/chicago-resbalon-y-caida-abogados\/resbalon-y-caida-en-marianos-fresh-market-nuestros-abogados-pueden-ayudar\/\">\u00bfResbal\u00f3n y ca\u00edda en Mariano's Fresh Market en Chicago? Nuestros abogados pueden ayudarle<\/a><\/li>\n\n\n\n<li><a href=\"https:\/\/www.briskmanandbriskman.com\/es\/areas-de-practica\/chicago-resbalon-y-caida-abogados\/resbalon-y-caida-en-mcdonalds-nuestros-abogados-pueden-ayudar\/\">\u00bfResbal\u00f3n y ca\u00edda en McDonald's en Chicago? Nuestros abogados pueden ayudarle<\/a><\/li>\n\n\n\n<li><a href=\"https:\/\/www.briskmanandbriskman.com\/es\/areas-de-practica\/chicago-resbalon-y-caida-abogados\/resbalon-y-caida-en-steak-n-shake-nuestros-abogados-pueden-ayudar\/\">\u00bfResbal\u00f3n y ca\u00edda en Steak 'n Shake en Chicago? Nuestros abogados pueden ayudarle<\/a><\/li>\n\n\n\n<li><a href=\"https:\/\/www.briskmanandbriskman.com\/es\/areas-de-practica\/chicago-resbalon-y-caida-abogados\/resbalon-y-caida-en-tonys-finer-foods-nuestros-abogados-pueden-ayudar\/\">\u00bfResbal\u00f3n y ca\u00edda en Tony's Finer Foods en Chicago? Nuestros abogados pueden ayudarle<\/a><\/li>\n\n\n\n<li><a href=\"https:\/\/www.briskmanandbriskman.com\/es\/areas-de-practica\/chicago-resbalon-y-caida-abogados\/resbalon-y-caida-en-trader-joes-nuestros-abogados-pueden-ayudar\/\">\u00bfResbal\u00f3n y ca\u00edda en Trader Joe's en Chicago? Nuestros abogados pueden ayudarle<\/a><\/li>\n\n\n\n<li><a href=\"https:\/\/www.briskmanandbriskman.com\/es\/areas-de-practica\/chicago-resbalon-y-caida-abogados\/resbalon-y-caida-en-wal-mart-nuestros-abogados-pueden-ayudar\/\">\u00bfResbal\u00f3n y ca\u00edda en Wal-Mart en Chicago? Nuestros abogados pueden ayudarle<\/a><\/li>\n\n\n\n<li><a href=\"https:\/\/www.briskmanandbriskman.com\/es\/areas-de-practica\/chicago-resbalon-y-caida-abogados\/resbalon-y-caida-en-whole-foods-nuestros-abogados-pueden-ayudar\/\">\u00bfResbal\u00f3n y ca\u00edda en Whole Foods en Chicago? Nuestros abogados pueden ayudarle<\/a><\/li>\n<\/ul>","protected":false},"excerpt":{"rendered":"<p>Recuperaci\u00f3n de da\u00f1os para clientes lesionados en accidentes de resbal\u00f3n y ca\u00edda Oak Lawn Los accidentes de resbal\u00f3n y ca\u00edda pueden ocurrir en muchos lugares diferentes, ya sea en un pasillo de una tienda de comestibles o en la entrada de un restaurante. Si ha sufrido lesiones en un accidente por resbal\u00f3n y ca\u00edda, puede reclamar una indemnizaci\u00f3n justa por sus gastos m\u00e9dicos, p\u00e9rdida de ingresos,...<\/p>","protected":false},"author":1,"featured_media":0,"parent":6527,"menu_order":0,"comment_status":"closed","ping_status":"closed","template":"","meta":{"_acf_changed":false,"footnotes":""},"class_list":["post-6538","page","type-page","status-publish","hentry"],"acf":[],"_links":{"self":[{"href":"https:\/\/www.briskmanandbriskman.com\/es\/wp-json\/wp\/v2\/pages\/6538","targetHints":{"allow":["GET"]}}],"collection":[{"href":"https:\/\/www.briskmanandbriskman.com\/es\/wp-json\/wp\/v2\/pages"}],"about":[{"href":"https:\/\/www.briskmanandbriskman.com\/es\/wp-json\/wp\/v2\/types\/page"}],"author":[{"embeddable":true,"href":"https:\/\/www.briskmanandbriskman.com\/es\/wp-json\/wp\/v2\/users\/1"}],"replies":[{"embeddable":true,"href":"https:\/\/www.briskmanandbriskman.com\/es\/wp-json\/wp\/v2\/comments?post=6538"}],"version-history":[{"count":3,"href":"https:\/\/www.briskmanandbriskman.com\/es\/wp-json\/wp\/v2\/pages\/6538\/revisions"}],"predecessor-version":[{"id":12896,"href":"https:\/\/www.briskmanandbriskman.com\/es\/wp-json\/wp\/v2\/pages\/6538\/revisions\/12896"}],"up":[{"embeddable":true,"href":"https:\/\/www.briskmanandbriskman.com\/es\/wp-json\/wp\/v2\/pages\/6527"}],"wp:attachment":[{"href":"https:\/\/www.briskmanandbriskman.com\/es\/wp-json\/wp\/v2\/media?parent=6538"}],"curies":[{"name":"wp","href":"https:\/\/api.w.org\/{rel}","templated":true}]}}