{"id":6531,"date":"2021-01-31T22:56:31","date_gmt":"2021-01-31T22:56:31","guid":{"rendered":"https:\/\/www.briskmanandbriskman.com\/?page_id=6531"},"modified":"2024-03-28T21:17:47","modified_gmt":"2024-03-28T21:17:47","slug":"orlandpark","status":"publish","type":"page","link":"https:\/\/www.briskmanandbriskman.com\/es\/locations\/orlandpark\/","title":{"rendered":"Orland Park Abogados de lesiones"},"content":{"rendered":"<p>Entendemos que a muchas personas les inquiete emprender acciones legales. Por eso Briskman Briskman &amp; Greenberg est\u00e1 aqu\u00ed para orientarle en todo momento. <a href=\"https:\/\/www.briskmanandbriskman.com\/es\/nuestros-abogados\/\">Nuestros abogados de accidentes de coche Orland Park son compasivos y bien informados<\/a> sobre los entresijos de las leyes de lesiones personales Illinois que se aplicar\u00e1n a su caso.<\/p>\n\n\n\n<p>Obtenga m\u00e1s informaci\u00f3n sobre nuestros servicios de lesiones personales Orland Park:<\/p>\n\n\n<ul class=\"list-pages-shortcode child-pages\"><li class=\"page_item page-item-6551 page_item_has_children\"><a href=\"https:\/\/www.briskmanandbriskman.com\/es\/locations\/orlandpark\/car-accident-lawyer\/\">Orland Park Abogados de accidentes de tr\u00e1fico<\/a>\n<ul class='children'>\n\t<li class=\"page_item page-item-13410\"><a href=\"https:\/\/www.briskmanandbriskman.com\/es\/locations\/orlandpark\/car-accident-lawyer\/head-on-car-crash-attorneys\/\">Orland Park Abogados de Choque Frontal<\/a><\/li>\n\t<li class=\"page_item page-item-13062\"><a href=\"https:\/\/www.briskmanandbriskman.com\/es\/locations\/orlandpark\/car-accident-lawyer\/rear-end-accident-attorneys\/\">Orland Park Abogados de accidentes traseros<\/a><\/li>\n<\/ul>\n<\/li>\n<li class=\"page_item page-item-9410\"><a href=\"https:\/\/www.briskmanandbriskman.com\/es\/locations\/orlandpark\/construction-accident-attorneys\/\">Orland Park Abogados de accidentes en la construcci\u00f3n<\/a><\/li>\n<li class=\"page_item page-item-6548\"><a href=\"https:\/\/www.briskmanandbriskman.com\/es\/locations\/orlandpark\/dog-bite-lawyer\/\">Orland Park Abogados de mordeduras de perro<\/a><\/li>\n<li class=\"page_item page-item-9226\"><a href=\"https:\/\/www.briskmanandbriskman.com\/es\/locations\/orlandpark\/medical-malpractice-lawyers\/\">Orland Park Abogados de negligencia m\u00e9dica<\/a><\/li>\n<li class=\"page_item page-item-14330\"><a href=\"https:\/\/www.briskmanandbriskman.com\/es\/locations\/orlandpark\/orland-park-motorcycle-accident-lawyer\/\">Orland Park Motorcycle Accident Lawyer<\/a><\/li>\n<li class=\"page_item page-item-9213\"><a href=\"https:\/\/www.briskmanandbriskman.com\/es\/locations\/orlandpark\/personal-injury-lawyers\/\">Orland Park Abogados de lesiones personales<\/a><\/li>\n<li class=\"page_item page-item-13066\"><a href=\"https:\/\/www.briskmanandbriskman.com\/es\/locations\/orlandpark\/premises-liability-lawyers\/\">Orland Park Abogados de responsabilidad de locales<\/a><\/li>\n<li class=\"page_item page-item-6544\"><a href=\"https:\/\/www.briskmanandbriskman.com\/es\/locations\/orlandpark\/slip-and-fall-lawyer\/\">Orland Park Abogados de resbalones y ca\u00eddas<\/a><\/li>\n<li class=\"page_item page-item-9231\"><a href=\"https:\/\/www.briskmanandbriskman.com\/es\/locations\/orlandpark\/truck-accident-attorneys\/\">Orland Park Abogados de accidentes de cami\u00f3n<\/a><\/li>\n<li class=\"page_item page-item-9220\"><a href=\"https:\/\/www.briskmanandbriskman.com\/es\/locations\/orlandpark\/workers-compensation-lawyers\/\">Orland Park Abogados de indemnizaci\u00f3n por accidentes laborales<\/a><\/li>\n<li class=\"page_item page-item-9235\"><a href=\"https:\/\/www.briskmanandbriskman.com\/es\/locations\/orlandpark\/wrongful-death-attorneys\/\">Orland Park Abogados de Homicidio Culposo<\/a><\/li>\n<\/ul>","protected":false},"excerpt":{"rendered":"<p>Entendemos que a muchas personas les inquiete emprender acciones legales. Es por eso que Briskman Briskman &amp; Greenberg est\u00e1 aqu\u00ed para proporcionar orientaci\u00f3n en cada paso del camino. Nuestros abogados de accidentes de coche Orland Park son compasivos y conocedores de los entresijos de las leyes de lesiones personales Illinois que se aplicar\u00e1n a su caso. M\u00e1s informaci\u00f3n...<\/p>","protected":false},"author":1,"featured_media":0,"parent":6524,"menu_order":0,"comment_status":"closed","ping_status":"closed","template":"","meta":{"_acf_changed":false,"footnotes":""},"class_list":["post-6531","page","type-page","status-publish","hentry"],"acf":[],"_links":{"self":[{"href":"https:\/\/www.briskmanandbriskman.com\/es\/wp-json\/wp\/v2\/pages\/6531","targetHints":{"allow":["GET"]}}],"collection":[{"href":"https:\/\/www.briskmanandbriskman.com\/es\/wp-json\/wp\/v2\/pages"}],"about":[{"href":"https:\/\/www.briskmanandbriskman.com\/es\/wp-json\/wp\/v2\/types\/page"}],"author":[{"embeddable":true,"href":"https:\/\/www.briskmanandbriskman.com\/es\/wp-json\/wp\/v2\/users\/1"}],"replies":[{"embeddable":true,"href":"https:\/\/www.briskmanandbriskman.com\/es\/wp-json\/wp\/v2\/comments?post=6531"}],"version-history":[{"count":2,"href":"https:\/\/www.briskmanandbriskman.com\/es\/wp-json\/wp\/v2\/pages\/6531\/revisions"}],"predecessor-version":[{"id":12285,"href":"https:\/\/www.briskmanandbriskman.com\/es\/wp-json\/wp\/v2\/pages\/6531\/revisions\/12285"}],"up":[{"embeddable":true,"href":"https:\/\/www.briskmanandbriskman.com\/es\/wp-json\/wp\/v2\/pages\/6524"}],"wp:attachment":[{"href":"https:\/\/www.briskmanandbriskman.com\/es\/wp-json\/wp\/v2\/media?parent=6531"}],"curies":[{"name":"wp","href":"https:\/\/api.w.org\/{rel}","templated":true}]}}