{"id":6527,"date":"2021-01-31T22:52:25","date_gmt":"2021-01-31T22:52:25","guid":{"rendered":"https:\/\/www.briskmanandbriskman.com\/?page_id=6527"},"modified":"2024-03-28T21:17:19","modified_gmt":"2024-03-28T21:17:19","slug":"oaklawn","status":"publish","type":"page","link":"https:\/\/www.briskmanandbriskman.com\/es\/locations\/oaklawn\/","title":{"rendered":"Oak Lawn Abogados de lesiones"},"content":{"rendered":"<p>Briskman Briskman &amp; Greenberg ha ayudado a clientes de todas las profesiones y condiciones sociales a obtener indemnizaciones por facturas m\u00e9dicas, p\u00e9rdida de ingresos, da\u00f1os materiales, dolor y sufrimiento y otros gastos. La cantidad que reciba debe cubrir todos sus gastos, incluyendo la futura p\u00e9rdida de ingresos, dispositivos m\u00e9dicos de asistencia, terapia y mucho m\u00e1s.<\/p>\n\n\n\n<p>M\u00e1s informaci\u00f3n sobre nuestros servicios de lesiones personales Oak Lawn:<\/p>\n\n\n<ul class=\"list-pages-shortcode child-pages\"><li class=\"page_item page-item-6533\"><a href=\"https:\/\/www.briskmanandbriskman.com\/es\/locations\/oaklawn\/car-accident-lawyer\/\">Oak Lawn Abogados de accidentes de tr\u00e1fico<\/a><\/li>\n<li class=\"page_item page-item-6541\"><a href=\"https:\/\/www.briskmanandbriskman.com\/es\/locations\/oaklawn\/dog-bite-lawyer\/\">Oak Lawn Abogados de mordeduras de perro<\/a><\/li>\n<li class=\"page_item page-item-9200\"><a href=\"https:\/\/www.briskmanandbriskman.com\/es\/locations\/oaklawn\/medical-malpractice-lawyers\/\">Oak Lawn Abogados especializados en negligencias m\u00e9dicas<\/a><\/li>\n<li class=\"page_item page-item-14375\"><a href=\"https:\/\/www.briskmanandbriskman.com\/es\/locations\/oaklawn\/oak-lawn-motorcycle-accident-lawyer\/\">Oak Lawn Motorcycle Accident Lawyer<\/a><\/li>\n<li class=\"page_item page-item-6538\"><a href=\"https:\/\/www.briskmanandbriskman.com\/es\/locations\/oaklawn\/slip-and-fall-lawyer\/\">Oak Lawn Abogados de resbalones y ca\u00eddas<\/a><\/li>\n<li class=\"page_item page-item-9194\"><a href=\"https:\/\/www.briskmanandbriskman.com\/es\/locations\/oaklawn\/truck-accident-attorneys\/\">Oak Lawn Abogados de accidentes de camiones<\/a><\/li>\n<li class=\"page_item page-item-9167\"><a href=\"https:\/\/www.briskmanandbriskman.com\/es\/locations\/oaklawn\/workers-compensation-attorneys\/\">Oak Lawn Abogados de indemnizaci\u00f3n por accidentes laborales<\/a><\/li>\n<li class=\"page_item page-item-9206\"><a href=\"https:\/\/www.briskmanandbriskman.com\/es\/locations\/oaklawn\/wrongful-death-attorneys\/\">Oak Lawn Abogados de Homicidio Culposo<\/a><\/li>\n<\/ul>","protected":false},"excerpt":{"rendered":"<p>Briskman Briskman &amp; Greenberg ha ayudado a clientes de todas las profesiones y condiciones sociales a obtener indemnizaciones por facturas m\u00e9dicas, p\u00e9rdida de ingresos, da\u00f1os materiales, dolor y sufrimiento y otros gastos. La cantidad que reciba debe cubrir todos sus gastos, incluida la futura p\u00e9rdida de ingresos, dispositivos m\u00e9dicos de asistencia, terapia y mucho m\u00e1s. M\u00e1s informaci\u00f3n sobre nuestro Oak Lawn lesiones personales...<\/p>","protected":false},"author":1,"featured_media":0,"parent":6524,"menu_order":0,"comment_status":"closed","ping_status":"closed","template":"","meta":{"_acf_changed":false,"footnotes":""},"class_list":["post-6527","page","type-page","status-publish","hentry"],"acf":[],"_links":{"self":[{"href":"https:\/\/www.briskmanandbriskman.com\/es\/wp-json\/wp\/v2\/pages\/6527","targetHints":{"allow":["GET"]}}],"collection":[{"href":"https:\/\/www.briskmanandbriskman.com\/es\/wp-json\/wp\/v2\/pages"}],"about":[{"href":"https:\/\/www.briskmanandbriskman.com\/es\/wp-json\/wp\/v2\/types\/page"}],"author":[{"embeddable":true,"href":"https:\/\/www.briskmanandbriskman.com\/es\/wp-json\/wp\/v2\/users\/1"}],"replies":[{"embeddable":true,"href":"https:\/\/www.briskmanandbriskman.com\/es\/wp-json\/wp\/v2\/comments?post=6527"}],"version-history":[{"count":3,"href":"https:\/\/www.briskmanandbriskman.com\/es\/wp-json\/wp\/v2\/pages\/6527\/revisions"}],"predecessor-version":[{"id":14902,"href":"https:\/\/www.briskmanandbriskman.com\/es\/wp-json\/wp\/v2\/pages\/6527\/revisions\/14902"}],"up":[{"embeddable":true,"href":"https:\/\/www.briskmanandbriskman.com\/es\/wp-json\/wp\/v2\/pages\/6524"}],"wp:attachment":[{"href":"https:\/\/www.briskmanandbriskman.com\/es\/wp-json\/wp\/v2\/media?parent=6527"}],"curies":[{"name":"wp","href":"https:\/\/api.w.org\/{rel}","templated":true}]}}