{"id":4270,"date":"2016-12-12T23:11:42","date_gmt":"2016-12-12T23:11:42","guid":{"rendered":"https:\/\/www.briskmanandbriskman.com\/?page_id=4270"},"modified":"2025-08-07T18:20:33","modified_gmt":"2025-08-07T18:20:33","slug":"abogados-de-lesiones-de-chicago-cerca-del-hospital-advocate-trinity","status":"publish","type":"page","link":"https:\/\/www.briskmanandbriskman.com\/es\/hospitals\/chicago-injury-lawyers-near-advocate-trinity-hospital\/","title":{"rendered":"Chicago Abogados de lesiones cerca de Advocate Trinity Hospital"},"content":{"rendered":"<p><strong>Le visitaremos en el hospital si no puede venir a vernos.<\/strong><\/p>\n\n\n\n<p>\u00bfRecibe usted o un ser querido tratamiento m\u00e9dico en el Advocate Trinity Hospital? Usted o alguien cercano a usted puede haber sido <a title=\"Abogados de accidentes de tr\u00e1fico en Chicago Illinois\" href=\"https:\/\/www.briskmanandbriskman.com\/es\/areas-de-practica\/abogados-de-accidentes-de-camiones-en-chicago-2\/\">herido en accidente de tr\u00e1fico<\/a>o puede que se haya hecho da\u00f1o en un accidente por resbal\u00f3n o ca\u00edda. Tal vez su hijo se lesion\u00f3 al nacer debido a la negligencia de un m\u00e9dico. O podr\u00eda haberse lesionado mientras le operaba un m\u00e9dico que no actu\u00f3 con la diligencia debida.<\/p>\n\n\n\n<p>Antes de hablar con un representante de la compa\u00f1\u00eda de seguros, llame al Briskman Briskman &amp; Greenberg. La consulta inicial es gratuita, y no se requiere ning\u00fan pago a menos que tenga \u00e9xito en su demanda.<\/p>\n\n\n\n<p><strong>Ubicaci\u00f3n<\/strong><br>Advocate Trinity Hospital est\u00e1 ubicado en 2320 E. 93rd Street, Chicago, IL 60617, que est\u00e1 a 15.35 millas de nuestra oficina en 205 W Randolph St. Suite 925, Chicago, IL 60606.<\/p>\n\n\n\n<p><strong>El historial de seguridad del Hospital Advocate Trinity en lo que respecta a la calidad cl\u00ednica:<\/strong><br><a href=\"https:\/\/www.healthgrades.com\/hospital\/advocate-trinity-hospital-69f34d\" target=\"_blank\" rel=\"noopener\">Registros proporcionados por Healthgrades.com<\/a><\/p>\n\n\n\n<p><strong>Obstrucci\u00f3n intestinal - 3 estrellas<\/strong>. La tasa real de mortalidad intrahospitalaria es de 0,65%, inferior a la tasa prevista de 1,87%.<\/p>\n\n\n\n<p>La tasa de mortalidad a los 30 d\u00edas tambi\u00e9n tiene una calificaci\u00f3n de 3 estrellas. La tasa de mortalidad real a los 30 d\u00edas es de 1,29%, inferior a la tasa prevista de 3,27%. Estos porcentajes se basan en 155 casos.<\/p>\n\n\n\n<p><strong>Cirug\u00eda ginecol\u00f3gica - 3 estrellas<\/strong>. El porcentaje real de complicaciones es de 10,6%, superior al previsto de 8,64%. Estas tasas se basan en 151 casos.<\/p>\n\n\n\n<p>Media nacional - calificaci\u00f3n de 3 estrellas. El porcentaje real de complicaciones es de 8,91%, que es s\u00f3lo un poco m\u00e1s que la tasa prevista de 8,89%. Estas tasas se basan en 173 casos.<\/p>\n\n\n\n<p><strong>Tratamiento de la fractura de cadera - 5 estrellas<\/strong>lo que significa que es mejor de lo esperado. El porcentaje real de complicaciones es de 13,19%, inferior al previsto de 20,79%. Estos porcentajes se basan en 91 casos.<\/p>\n\n\n\n<p>Media nacional - calificaci\u00f3n de 3 estrellas. El porcentaje real de complicaciones es de 20,44%, que es s\u00f3lo un poco m\u00e1s que la tasa prevista de 20,42%. Estos porcentajes se basan en 242 casos.<\/p>\n\n\n\n<p><strong>Pancreatitis - 3 estrellas<\/strong>lo que significa seg\u00fan lo previsto. La tasa real de mortalidad intrahospitalaria es de 0%, inferior a la tasa prevista de 1,59%.<\/p>\n\n\n\n<p>La tasa de mortalidad en 30 d\u00edas tambi\u00e9n tiene una calificaci\u00f3n de 3 estrellas. La tasa de mortalidad real a los 30 d\u00edas es de 0%, inferior a la tasa prevista de 2,66%. Estos porcentajes se basan en 60 casos.<\/p>\n\n\n\n<p><strong>Neumon\u00eda - 3 estrellas<\/strong>. La tasa real de mortalidad intrahospitalaria es de 1,74%, inferior a la tasa prevista de 2,43%.<\/p>\n\n\n\n<p>La tasa de mortalidad en 30 d\u00edas tambi\u00e9n tiene una calificaci\u00f3n de 3 estrellas. La tasa de mortalidad real a los 30 d\u00edas es de 6,96%, ligeramente inferior a la tasa prevista de 6,97%. Estos porcentajes se basan en 230 casos.<\/p>\n\n\n\n<p><strong>Sepsis - 1 estrella<\/strong>lo que significa menos de lo previsto. La tasa real de mortalidad intrahospitalaria es de 13,95%, superior a la tasa prevista de 11,35%.<\/p>\n\n\n\n<p>La tasa de mortalidad en 30 d\u00edas tambi\u00e9n tiene una calificaci\u00f3n de 1 estrella. La tasa de mortalidad real en 30 d\u00edas es de 19,84%, superior a la tasa prevista de 17,03%. Estos porcentajes se basan en 509 casos.<\/p>\n\n\n\n<p><strong>Accidente cerebrovascular - 3 estrellas<\/strong>. La tasa real de mortalidad intrahospitalaria es de 3,7%, superior a la tasa prevista de 2,65%.<\/p>\n\n\n\n<p>La tasa de mortalidad en 30 d\u00edas tambi\u00e9n tiene una calificaci\u00f3n de 3 estrellas. La tasa de mortalidad real a los 30 d\u00edas es de 6,73%, inferior a la tasa prevista de 6,76%. Estos porcentajes se basan en 297 casos.<\/p>\n\n\n\n<h3 class=\"wp-block-heading\">Llevamos casos de negligencia m\u00e9dica en hospitales de todo Illinois:<\/h3>\n\n\n<ul class=\"list-pages-shortcode sibling-pages\"><li class=\"page_item page-item-3742\"><a href=\"https:\/\/www.briskmanandbriskman.com\/es\/hospitals\/chicago-injury-attorneys-near-northwestern-memorial-hospital\/\">Chicago Abogados de lesiones cerca de Northwestern Memorial Hospital<\/a><\/li>\n<li class=\"page_item page-item-4176\"><a href=\"https:\/\/www.briskmanandbriskman.com\/es\/hospitals\/chicago-injury-lawyers-near-adventist-bolingbrook-hospital\/\">Chicago Abogados de Lesiones Cerca de Adventist Bolingbrook Hospital<\/a><\/li>\n<li class=\"page_item page-item-4271\"><a href=\"https:\/\/www.briskmanandbriskman.com\/es\/hospitals\/chicago-injury-lawyers-near-advocate-illinois-masonic-medical-center\/\">Chicago Abogados de lesiones cerca de Advocate Illinois Masonic Medical Center<\/a><\/li>\n<li class=\"page_item page-item-4260\"><a href=\"https:\/\/www.briskmanandbriskman.com\/es\/hospitals\/chicago-injury-lawyers-near-advocate-lutheran-general-hospital\/\">Chicago Abogados de Lesiones cerca de Advocate Lutheran General Hospital<\/a><\/li>\n<li class=\"page_item page-item-4270\"><a href=\"https:\/\/www.briskmanandbriskman.com\/es\/hospitals\/chicago-injury-lawyers-near-advocate-trinity-hospital\/\">Chicago Abogados de lesiones cerca de Advocate Trinity Hospital<\/a><\/li>\n<li class=\"page_item page-item-4184\"><a href=\"https:\/\/www.briskmanandbriskman.com\/es\/hospitals\/chicago-injury-lawyers-near-holy-cross-hospital\/\">Chicago Abogados de lesiones cerca del Hospital de la Santa Cruz<\/a><\/li>\n<li class=\"page_item page-item-4188\"><a href=\"https:\/\/www.briskmanandbriskman.com\/es\/hospitals\/chicago-injury-lawyers-near-jackson-park-hospital\/\">Chicago Abogados de lesiones cerca del Hospital Jackson Park<\/a><\/li>\n<li class=\"page_item page-item-4255\"><a href=\"https:\/\/www.briskmanandbriskman.com\/es\/hospitals\/chicago-injury-lawyers-near-john-h-stroger-jr-hospital\/\">Chicago Abogados de lesiones cerca de John H. Stroger, Jr. Hospital<\/a><\/li>\n<li class=\"page_item page-item-4267\"><a href=\"https:\/\/www.briskmanandbriskman.com\/es\/hospitals\/chicago-injury-lawyers-near-presence-sts-mary-and-elizabeth-medical-center-saint-elizabeth-campus\/\">Chicago Abogados de lesiones cerca de Presence Sts. Mary and Elizabeth Medical Center, Saint Elizabeth Campus<\/a><\/li>\n<li class=\"page_item page-item-3736\"><a href=\"https:\/\/www.briskmanandbriskman.com\/es\/hospitals\/chicago-injury-lawyers-near-rush-university-medical-center\/\">Chicago Abogados de lesiones cerca de Rush University Medical Center<\/a><\/li>\n<li class=\"page_item page-item-3732\"><a href=\"https:\/\/www.briskmanandbriskman.com\/es\/hospitals\/chicago-injury-lawyers-near-the-university-of-chicago-medical-center\/\">Chicago Abogados de lesiones cerca del Centro M\u00e9dico de la Universidad de Chicago<\/a><\/li>\n<\/ul>","protected":false},"excerpt":{"rendered":"<p>Le visitaremos en el hospital si no puede acudir a nosotros. \u00bfRecibe usted o un ser querido tratamiento m\u00e9dico en el Advocate Trinity Hospital? Es posible que usted o alguien cercano se haya lesionado en un accidente automovil\u00edstico, o que se haya lastimado en un resbal\u00f3n y ca\u00edda...<\/p>","protected":false},"author":1,"featured_media":10908,"parent":4168,"menu_order":0,"comment_status":"closed","ping_status":"closed","template":"","meta":{"_acf_changed":false,"footnotes":""},"class_list":["post-4270","page","type-page","status-publish","has-post-thumbnail","hentry"],"acf":[],"_links":{"self":[{"href":"https:\/\/www.briskmanandbriskman.com\/es\/wp-json\/wp\/v2\/pages\/4270","targetHints":{"allow":["GET"]}}],"collection":[{"href":"https:\/\/www.briskmanandbriskman.com\/es\/wp-json\/wp\/v2\/pages"}],"about":[{"href":"https:\/\/www.briskmanandbriskman.com\/es\/wp-json\/wp\/v2\/types\/page"}],"author":[{"embeddable":true,"href":"https:\/\/www.briskmanandbriskman.com\/es\/wp-json\/wp\/v2\/users\/1"}],"replies":[{"embeddable":true,"href":"https:\/\/www.briskmanandbriskman.com\/es\/wp-json\/wp\/v2\/comments?post=4270"}],"version-history":[{"count":2,"href":"https:\/\/www.briskmanandbriskman.com\/es\/wp-json\/wp\/v2\/pages\/4270\/revisions"}],"predecessor-version":[{"id":15127,"href":"https:\/\/www.briskmanandbriskman.com\/es\/wp-json\/wp\/v2\/pages\/4270\/revisions\/15127"}],"up":[{"embeddable":true,"href":"https:\/\/www.briskmanandbriskman.com\/es\/wp-json\/wp\/v2\/pages\/4168"}],"wp:featuredmedia":[{"embeddable":true,"href":"https:\/\/www.briskmanandbriskman.com\/es\/wp-json\/wp\/v2\/media\/10908"}],"wp:attachment":[{"href":"https:\/\/www.briskmanandbriskman.com\/es\/wp-json\/wp\/v2\/media?parent=4270"}],"curies":[{"name":"wp","href":"https:\/\/api.w.org\/{rel}","templated":true}]}}