{"id":4267,"date":"2016-12-12T23:05:14","date_gmt":"2016-12-12T23:05:14","guid":{"rendered":"https:\/\/www.briskmanandbriskman.com\/?page_id=4267"},"modified":"2025-08-07T18:20:12","modified_gmt":"2025-08-07T18:20:12","slug":"chicago-abogados-de-lesiones-cerca-de-presencia-sts-mary-and-elizabeth-medical-center-saint-elizabeth-campus","status":"publish","type":"page","link":"https:\/\/www.briskmanandbriskman.com\/es\/hospitals\/chicago-injury-lawyers-near-presence-sts-mary-and-elizabeth-medical-center-saint-elizabeth-campus\/","title":{"rendered":"Chicago Abogados de lesiones cerca de Presence Sts. Mary and Elizabeth Medical Center, Saint Elizabeth Campus"},"content":{"rendered":"<p><strong>Le visitaremos en el hospital si no puede venir a vernos.<\/strong><\/p>\n\n\n\n<p>\u00bfRecibe usted o un ser querido tratamiento m\u00e9dico en el Presence Sts. Mary and Elizabeth Medical Center? Es posible que usted o un ser querido <a title=\"abogados de accidentes de coche\" href=\"https:\/\/www.briskmanandbriskman.com\/es\/areas-de-practica\/abogados-de-accidentes-de-camiones-en-chicago-2\/\">herido en accidente de tr\u00e1fico<\/a>o puede haberse lesionado usted mismo en un accidente por resbal\u00f3n o ca\u00edda. Tal vez su hijo se lesion\u00f3 durante el proceso de parto debido a la negligencia de un m\u00e9dico. O podr\u00eda haberse lesionado mientras se somet\u00eda a una intervenci\u00f3n quir\u00fargica a manos de un m\u00e9dico que no respet\u00f3 las normas de atenci\u00f3n aceptables.<\/p>\n\n\n\n<p>Antes de hablar con un representante de la compa\u00f1\u00eda de seguros, llame a un <a title=\"Chicago abogado de lesiones personales\" href=\"https:\/\/www.briskmanandbriskman.com\/es\/\">Chicago abogado de lesiones personales<\/a> en el Briskman Briskman &amp; Greenberg. La consulta con un abogado es gratuita y no tendr\u00e1 que efectuar ning\u00fan pago a menos que gane el pleito.<\/p>\n\n\n\n<p><strong>Ubicaci\u00f3n<\/strong><br>Presence Sts. Mary and Elizabeth Medical Center se encuentra en 1431 N. Claremont Avenue, Chicago, IL 60622, que est\u00e1 a 3,66 millas de nuestra oficina en 205 W Randolph St. Suite 925, Chicago, IL 60606.<\/p>\n\n\n\n<p><strong>Registro de seguridad del Presence Sts. Mary and Elizabeth Medical Center en lo que respecta a la calidad cl\u00ednica:<\/strong><br><a href=\"https:\/\/www.healthgrades.com\/hospital\/presence-saints-mary-and-elizabeth-medical-center-183d35\" target=\"_blank\" rel=\"noopener\">Registros proporcionados por Healthgrades.com<\/a><\/p>\n\n\n\n<p><strong>Apendicectom\u00eda - 1 estrella<\/strong>lo que significa peor de lo esperado. El porcentaje real de complicaciones es de 11,3%, superior al previsto de 7,03%. Estas tasas se basan en 301 casos.<\/p>\n\n\n\n<p>Media nacional - calificaci\u00f3n de 3 estrellas, lo que significa seg\u00fan lo esperado. El porcentaje real de complicaciones es de 8,57%, que es ligeramente inferior a la tasa prevista de 8,58%. Estos \u00edndices se basan en 189 casos.<\/p>\n\n\n\n<p><strong>Cirug\u00eda de revascularizaci\u00f3n coronaria (CABG) - 3 estrellas<\/strong>lo que significa seg\u00fan lo previsto. La tasa real de mortalidad intrahospitalaria es de 0%, inferior a la tasa prevista de 3,47%.<\/p>\n\n\n\n<p>La tasa de mortalidad en 30 d\u00edas tambi\u00e9n tiene una calificaci\u00f3n de 3 estrellas. La tasa de mortalidad real a los 30 d\u00edas es de 0%, inferior a la tasa prevista de 4,39%. Estos porcentajes se basan en 43 casos.<\/p>\n\n\n\n<p><strong>Procedimientos de marcapasos - 3 estrellas<\/strong>. El porcentaje real de complicaciones es de 5,8%, inferior al previsto de 8,61%. Estas tasas se basan en 69 casos.<\/p>\n\n\n\n<p>Media nacional - calificaci\u00f3n de 3 estrellas. El porcentaje real de complicaciones es de 12,13%, que es ligeramente superior a la tasa prevista de 12,11%. Estas tasas se basan en 157 casos.<\/p>\n\n\n\n<p><strong>Bypass vascular perif\u00e9rico - 3 estrellas<\/strong>. El porcentaje real de complicaciones es de 21,95%, inferior al previsto de 21,97%. Estas tasas se basan en 41 casos.<\/p>\n\n\n\n<p>Media nacional - calificaci\u00f3n de 3 estrellas. El porcentaje real de complicaciones es de 18,42%, inferior a la tasa prevista de 18,55%. Estos \u00edndices se basan en 63 casos.<\/p>\n\n\n\n<p><strong>Insuficiencia respiratoria - 5 estrellas<\/strong>lo que significa mejor de lo esperado. La tasa real de mortalidad intrahospitalaria es de 7,55%, inferior a la tasa prevista de 13,65%.<\/p>\n\n\n\n<p>La tasa de mortalidad en 30 d\u00edas tiene una calificaci\u00f3n de 3 estrellas. La tasa de mortalidad real en 30 d\u00edas es de 15,09%, inferior a la tasa prevista de 19,08%. Estos porcentajes se basan en 159 casos.<\/p>\n\n\n\n<p><strong>Sustituci\u00f3n total de rodilla - 3 estrellas<\/strong>. El porcentaje real de complicaciones es de 6,16%, es decir, s\u00f3lo un poco m\u00e1s que el porcentaje previsto de 16,15%. Estas tasas se basan en 146 casos.<\/p>\n\n\n\n<p>Media nacional - calificaci\u00f3n de 3 estrellas. El porcentaje real de complicaciones es de 6,17%, inferior a la tasa prevista de 6,19%. Estos \u00edndices se basan en 377 casos.<\/p>\n\n\n\n<p><strong>Resecci\u00f3n transuretral de pr\u00f3stata - 3 estrellas<\/strong>. El porcentaje real de complicaciones es de 10,91%, inferior al previsto de 13,99%. Estas tasas se basan en 55 casos.<\/p>\n\n\n\n<p>Media nacional - calificaci\u00f3n de 3 estrellas. El porcentaje real de complicaciones es de 10,93%, inferior a la tasa prevista de 11,68%. Estos \u00edndices se basan en 61 casos.<\/p>\n\n\n\n<h3 class=\"wp-block-heading\">Llevamos casos de negligencia m\u00e9dica en hospitales de todo Illinois:<\/h3>\n\n\n<ul class=\"list-pages-shortcode sibling-pages\"><li class=\"page_item page-item-3742\"><a href=\"https:\/\/www.briskmanandbriskman.com\/es\/hospitals\/chicago-injury-attorneys-near-northwestern-memorial-hospital\/\">Chicago Abogados de lesiones cerca de Northwestern Memorial Hospital<\/a><\/li>\n<li class=\"page_item page-item-4176\"><a href=\"https:\/\/www.briskmanandbriskman.com\/es\/hospitals\/chicago-injury-lawyers-near-adventist-bolingbrook-hospital\/\">Chicago Abogados de Lesiones Cerca de Adventist Bolingbrook Hospital<\/a><\/li>\n<li class=\"page_item page-item-4271\"><a href=\"https:\/\/www.briskmanandbriskman.com\/es\/hospitals\/chicago-injury-lawyers-near-advocate-illinois-masonic-medical-center\/\">Chicago Abogados de lesiones cerca de Advocate Illinois Masonic Medical Center<\/a><\/li>\n<li class=\"page_item page-item-4260\"><a href=\"https:\/\/www.briskmanandbriskman.com\/es\/hospitals\/chicago-injury-lawyers-near-advocate-lutheran-general-hospital\/\">Chicago Abogados de Lesiones cerca de Advocate Lutheran General Hospital<\/a><\/li>\n<li class=\"page_item page-item-4270\"><a href=\"https:\/\/www.briskmanandbriskman.com\/es\/hospitals\/chicago-injury-lawyers-near-advocate-trinity-hospital\/\">Chicago Abogados de lesiones cerca de Advocate Trinity Hospital<\/a><\/li>\n<li class=\"page_item page-item-4184\"><a href=\"https:\/\/www.briskmanandbriskman.com\/es\/hospitals\/chicago-injury-lawyers-near-holy-cross-hospital\/\">Chicago Abogados de lesiones cerca del Hospital de la Santa Cruz<\/a><\/li>\n<li class=\"page_item page-item-4188\"><a href=\"https:\/\/www.briskmanandbriskman.com\/es\/hospitals\/chicago-injury-lawyers-near-jackson-park-hospital\/\">Chicago Abogados de lesiones cerca del Hospital Jackson Park<\/a><\/li>\n<li class=\"page_item page-item-4255\"><a href=\"https:\/\/www.briskmanandbriskman.com\/es\/hospitals\/chicago-injury-lawyers-near-john-h-stroger-jr-hospital\/\">Chicago Abogados de lesiones cerca de John H. Stroger, Jr. Hospital<\/a><\/li>\n<li class=\"page_item page-item-4267\"><a href=\"https:\/\/www.briskmanandbriskman.com\/es\/hospitals\/chicago-injury-lawyers-near-presence-sts-mary-and-elizabeth-medical-center-saint-elizabeth-campus\/\">Chicago Abogados de lesiones cerca de Presence Sts. Mary and Elizabeth Medical Center, Saint Elizabeth Campus<\/a><\/li>\n<li class=\"page_item page-item-3736\"><a href=\"https:\/\/www.briskmanandbriskman.com\/es\/hospitals\/chicago-injury-lawyers-near-rush-university-medical-center\/\">Chicago Abogados de lesiones cerca de Rush University Medical Center<\/a><\/li>\n<li class=\"page_item page-item-3732\"><a href=\"https:\/\/www.briskmanandbriskman.com\/es\/hospitals\/chicago-injury-lawyers-near-the-university-of-chicago-medical-center\/\">Chicago Abogados de lesiones cerca del Centro M\u00e9dico de la Universidad de Chicago<\/a><\/li>\n<\/ul>","protected":false},"excerpt":{"rendered":"<p>Le visitaremos en el hospital si no puede venir a vernos. \u00bfRecibe usted o un ser querido tratamiento m\u00e9dico en el Presence Sts. Mary and Elizabeth Medical Center? Es posible que usted o un ser querido se haya lesionado en un accidente de tr\u00e1fico o en un resbal\u00f3n...<\/p>","protected":false},"author":1,"featured_media":10929,"parent":4168,"menu_order":0,"comment_status":"closed","ping_status":"closed","template":"","meta":{"_acf_changed":false,"footnotes":""},"class_list":["post-4267","page","type-page","status-publish","has-post-thumbnail","hentry"],"acf":[],"_links":{"self":[{"href":"https:\/\/www.briskmanandbriskman.com\/es\/wp-json\/wp\/v2\/pages\/4267","targetHints":{"allow":["GET"]}}],"collection":[{"href":"https:\/\/www.briskmanandbriskman.com\/es\/wp-json\/wp\/v2\/pages"}],"about":[{"href":"https:\/\/www.briskmanandbriskman.com\/es\/wp-json\/wp\/v2\/types\/page"}],"author":[{"embeddable":true,"href":"https:\/\/www.briskmanandbriskman.com\/es\/wp-json\/wp\/v2\/users\/1"}],"replies":[{"embeddable":true,"href":"https:\/\/www.briskmanandbriskman.com\/es\/wp-json\/wp\/v2\/comments?post=4267"}],"version-history":[{"count":2,"href":"https:\/\/www.briskmanandbriskman.com\/es\/wp-json\/wp\/v2\/pages\/4267\/revisions"}],"predecessor-version":[{"id":15126,"href":"https:\/\/www.briskmanandbriskman.com\/es\/wp-json\/wp\/v2\/pages\/4267\/revisions\/15126"}],"up":[{"embeddable":true,"href":"https:\/\/www.briskmanandbriskman.com\/es\/wp-json\/wp\/v2\/pages\/4168"}],"wp:featuredmedia":[{"embeddable":true,"href":"https:\/\/www.briskmanandbriskman.com\/es\/wp-json\/wp\/v2\/media\/10929"}],"wp:attachment":[{"href":"https:\/\/www.briskmanandbriskman.com\/es\/wp-json\/wp\/v2\/media?parent=4267"}],"curies":[{"name":"wp","href":"https:\/\/api.w.org\/{rel}","templated":true}]}}