{"id":4255,"date":"2016-12-12T22:37:56","date_gmt":"2016-12-12T22:37:56","guid":{"rendered":"https:\/\/www.briskmanandbriskman.com\/?page_id=4255"},"modified":"2025-08-07T18:19:30","modified_gmt":"2025-08-07T18:19:30","slug":"abogados-de-chicago-cerca-del-hospital-john-h-stroger-jr","status":"publish","type":"page","link":"https:\/\/www.briskmanandbriskman.com\/es\/hospitals\/chicago-injury-lawyers-near-john-h-stroger-jr-hospital\/","title":{"rendered":"Chicago Abogados de lesiones cerca de John H. Stroger, Jr. Hospital"},"content":{"rendered":"<p><strong>Le visitaremos en el hospital si no puede venir a vernos.<\/strong><\/p>\n\n\n\n<p>\u00bfRecibe usted o un ser querido tratamiento m\u00e9dico en el John H. Stroger, Jr. Hospital? Es posible que usted o un ser querido <a title=\"Chicago abogados de lesiones por accidente de coche\" href=\"https:\/\/www.briskmanandbriskman.com\/es\/areas-de-practica\/abogados-de-accidentes-de-camiones-en-chicago-2\/\">ha sufrido lesiones en un accidente de tr\u00e1fico<\/a>o puede haber sufrido lesiones en un accidente por resbal\u00f3n o ca\u00edda. Tal vez su hijo se lesion\u00f3 al nacer debido a la negligencia de un m\u00e9dico u otro profesional sanitario. O tal vez sufri\u00f3 una lesi\u00f3n mientras se somet\u00eda a una intervenci\u00f3n quir\u00fargica o a un procedimiento debido a la negligencia de un m\u00e9dico.<\/p>\n\n\n\n<p>Antes de hablar con un representante de la compa\u00f1\u00eda de seguros, llame al Briskman Briskman &amp; Greenberg. Usted tiene derecho a una consulta gratuita, y no tendr\u00e1 que pagar nada a menos que tenga \u00e9xito en su demanda.<\/p>\n\n\n\n<p><strong>Ubicaci\u00f3n<\/strong><br>El Hospital John H. Stroger, Jr. se encuentra en 1969 W. Ogden Avenue, Chicago, IL 60612, que est\u00e1 a 4,18 millas de nuestra oficina en 205 W Randolph St. Suite 925, Chicago, IL 60606.<\/p>\n\n\n\n<p><strong>Historial de seguridad del Hospital John H. Stroger, Jr. en lo que respecta a la calidad cl\u00ednica:<\/strong><br><a href=\"https:\/\/www.healthgrades.com\/hospital\/john-h-stroger-jr-hospital-22f703\" target=\"_blank\" rel=\"noopener\">Registros proporcionados por Healthgrades.com<\/a><\/p>\n\n\n\n<p><strong>Apendicectom\u00eda - 5 estrellas<\/strong>lo que significa mejor de lo esperado. El porcentaje real de complicaciones es de 3,65%, inferior al previsto de 5,78%. Estos porcentajes se basan en 438 casos.<\/p>\n\n\n\n<p>Media nacional - calificaci\u00f3n de 3 estrellas, es decir, como se esperaba. El porcentaje real de complicaciones es de 8,57%, que es ligeramente inferior al porcentaje previsto de 8,58%. Estos porcentajes se basan en 189 casos.<\/p>\n\n\n\n<p><strong>Procedimientos intervencionistas coronarios (hospitalizaci\u00f3n) - 3 estrellas<\/strong>lo que significa como se esperaba. La tasa real de mortalidad intrahospitalaria es de 6,25%, superior a la tasa prevista de 3,68%.<\/p>\n\n\n\n<p>La tasa de mortalidad a los 30 d\u00edas tambi\u00e9n tiene una calificaci\u00f3n de 3 estrellas. La tasa de mortalidad real a los 30 d\u00edas es de 6,25%, superior a la tasa prevista de 4,79%. Estos porcentajes se basan en 32 casos.<\/p>\n\n\n\n<p><strong>Urgencias diab\u00e9ticas - 3 estrellas<\/strong>. La tasa real de mortalidad intrahospitalaria es de 0%, inferior a la tasa prevista de 0,57%.<\/p>\n\n\n\n<p>La tasa de mortalidad a los 30 d\u00edas tambi\u00e9n tiene una calificaci\u00f3n de 3 estrellas. La tasa de mortalidad real a los 30 d\u00edas es de 3,03%, superior a la tasa prevista de 1,98%. Estos porcentajes se basan en 66 casos.<\/p>\n\n\n\n<p><strong>Cirug\u00eda de extirpaci\u00f3n de ves\u00edcula biliar - 3 estrellas<\/strong>. El porcentaje real de complicaciones es de 12,5%, inferior a la tasa prevista de 19,34%. Estos porcentajes se basan en 32 casos.<\/p>\n\n\n\n<p>Media nacional - calificaci\u00f3n de 3 estrellas. El porcentaje real de complicaciones es 21,15%, que es ligeramente superior a la tasa prevista de 21,02%. Estos porcentajes se basan en 117 casos.<\/p>\n\n\n\n<p><strong>Procedimientos de marcapasos - 3 estrellas<\/strong>. El porcentaje real de complicaciones es de 15,63%, superior al previsto de 7,98%. Estos porcentajes se basan en 32 casos.<\/p>\n\n\n\n<p>Media nacional - 3 estrellas. El porcentaje real de complicaciones es de 12,13%, que es ligeramente superior a la tasa prevista de 12,11%. Estos porcentajes se basan en 157 casos.<\/p>\n\n\n\n<p><strong>Embolia pulmonar - 3 estrellas<\/strong>. La tasa real de mortalidad intrahospitalaria es de 2,7%, superior a la tasa prevista de 1,72%.<\/p>\n\n\n\n<p>La tasa de mortalidad real en 30 d\u00edas tambi\u00e9n tiene una calificaci\u00f3n de 3 estrellas. La tasa de mortalidad real es de 8,11%, superior a la tasa prevista de 3,5%. Estos porcentajes se basan en 37 casos.<\/p>\n\n\n\n<p><strong>Accidente cerebrovascular - 3 estrellas<\/strong>. La tasa real de mortalidad intrahospitalaria es de 1,68%, superior a la tasa prevista de 1,52%.<\/p>\n\n\n\n<p>La mortalidad real a los 30 d\u00edas tambi\u00e9n tiene una calificaci\u00f3n de 3 estrellas. La tasa de mortalidad real a los 30 d\u00edas es de 2,52%, inferior a la tasa prevista de 3,56%. Estos porcentajes se basan en 119 casos.<\/p>\n\n\n\n<h3 class=\"wp-block-heading\">Llevamos casos de negligencia m\u00e9dica en hospitales de todo Illinois:<\/h3>\n\n\n<ul class=\"list-pages-shortcode sibling-pages\"><li class=\"page_item page-item-3742\"><a href=\"https:\/\/www.briskmanandbriskman.com\/es\/hospitals\/chicago-injury-attorneys-near-northwestern-memorial-hospital\/\">Chicago Abogados de lesiones cerca de Northwestern Memorial Hospital<\/a><\/li>\n<li class=\"page_item page-item-4176\"><a href=\"https:\/\/www.briskmanandbriskman.com\/es\/hospitals\/chicago-injury-lawyers-near-adventist-bolingbrook-hospital\/\">Chicago Abogados de Lesiones Cerca de Adventist Bolingbrook Hospital<\/a><\/li>\n<li class=\"page_item page-item-4271\"><a href=\"https:\/\/www.briskmanandbriskman.com\/es\/hospitals\/chicago-injury-lawyers-near-advocate-illinois-masonic-medical-center\/\">Chicago Abogados de lesiones cerca de Advocate Illinois Masonic Medical Center<\/a><\/li>\n<li class=\"page_item page-item-4260\"><a href=\"https:\/\/www.briskmanandbriskman.com\/es\/hospitals\/chicago-injury-lawyers-near-advocate-lutheran-general-hospital\/\">Chicago Abogados de Lesiones cerca de Advocate Lutheran General Hospital<\/a><\/li>\n<li class=\"page_item page-item-4270\"><a href=\"https:\/\/www.briskmanandbriskman.com\/es\/hospitals\/chicago-injury-lawyers-near-advocate-trinity-hospital\/\">Chicago Abogados de lesiones cerca de Advocate Trinity Hospital<\/a><\/li>\n<li class=\"page_item page-item-4184\"><a href=\"https:\/\/www.briskmanandbriskman.com\/es\/hospitals\/chicago-injury-lawyers-near-holy-cross-hospital\/\">Chicago Abogados de lesiones cerca del Hospital de la Santa Cruz<\/a><\/li>\n<li class=\"page_item page-item-4188\"><a href=\"https:\/\/www.briskmanandbriskman.com\/es\/hospitals\/chicago-injury-lawyers-near-jackson-park-hospital\/\">Chicago Abogados de lesiones cerca del Hospital Jackson Park<\/a><\/li>\n<li class=\"page_item page-item-4255\"><a href=\"https:\/\/www.briskmanandbriskman.com\/es\/hospitals\/chicago-injury-lawyers-near-john-h-stroger-jr-hospital\/\">Chicago Abogados de lesiones cerca de John H. Stroger, Jr. Hospital<\/a><\/li>\n<li class=\"page_item page-item-4267\"><a href=\"https:\/\/www.briskmanandbriskman.com\/es\/hospitals\/chicago-injury-lawyers-near-presence-sts-mary-and-elizabeth-medical-center-saint-elizabeth-campus\/\">Chicago Abogados de lesiones cerca de Presence Sts. Mary and Elizabeth Medical Center, Saint Elizabeth Campus<\/a><\/li>\n<li class=\"page_item page-item-3736\"><a href=\"https:\/\/www.briskmanandbriskman.com\/es\/hospitals\/chicago-injury-lawyers-near-rush-university-medical-center\/\">Chicago Abogados de lesiones cerca de Rush University Medical Center<\/a><\/li>\n<li class=\"page_item page-item-3732\"><a href=\"https:\/\/www.briskmanandbriskman.com\/es\/hospitals\/chicago-injury-lawyers-near-the-university-of-chicago-medical-center\/\">Chicago Abogados de lesiones cerca del Centro M\u00e9dico de la Universidad de Chicago<\/a><\/li>\n<\/ul>","protected":false},"excerpt":{"rendered":"<p>Le visitaremos en el hospital si no puede venir a vernos. \u00bfEst\u00e1 usted o un ser querido recibiendo tratamiento m\u00e9dico en el John H. Stroger, Jr. Hospital? Es posible que usted o un ser querido haya sufrido una lesi\u00f3n en un accidente automovil\u00edstico o en un resbal\u00f3n o...<\/p>","protected":false},"author":1,"featured_media":10904,"parent":4168,"menu_order":0,"comment_status":"closed","ping_status":"closed","template":"","meta":{"_acf_changed":false,"footnotes":""},"class_list":["post-4255","page","type-page","status-publish","has-post-thumbnail","hentry"],"acf":[],"_links":{"self":[{"href":"https:\/\/www.briskmanandbriskman.com\/es\/wp-json\/wp\/v2\/pages\/4255","targetHints":{"allow":["GET"]}}],"collection":[{"href":"https:\/\/www.briskmanandbriskman.com\/es\/wp-json\/wp\/v2\/pages"}],"about":[{"href":"https:\/\/www.briskmanandbriskman.com\/es\/wp-json\/wp\/v2\/types\/page"}],"author":[{"embeddable":true,"href":"https:\/\/www.briskmanandbriskman.com\/es\/wp-json\/wp\/v2\/users\/1"}],"replies":[{"embeddable":true,"href":"https:\/\/www.briskmanandbriskman.com\/es\/wp-json\/wp\/v2\/comments?post=4255"}],"version-history":[{"count":2,"href":"https:\/\/www.briskmanandbriskman.com\/es\/wp-json\/wp\/v2\/pages\/4255\/revisions"}],"predecessor-version":[{"id":15124,"href":"https:\/\/www.briskmanandbriskman.com\/es\/wp-json\/wp\/v2\/pages\/4255\/revisions\/15124"}],"up":[{"embeddable":true,"href":"https:\/\/www.briskmanandbriskman.com\/es\/wp-json\/wp\/v2\/pages\/4168"}],"wp:featuredmedia":[{"embeddable":true,"href":"https:\/\/www.briskmanandbriskman.com\/es\/wp-json\/wp\/v2\/media\/10904"}],"wp:attachment":[{"href":"https:\/\/www.briskmanandbriskman.com\/es\/wp-json\/wp\/v2\/media?parent=4255"}],"curies":[{"name":"wp","href":"https:\/\/api.w.org\/{rel}","templated":true}]}}