{"id":4188,"date":"2016-09-22T22:39:08","date_gmt":"2016-09-22T22:39:08","guid":{"rendered":"https:\/\/www.briskmanandbriskman.com\/?page_id=4188"},"modified":"2025-05-07T20:06:07","modified_gmt":"2025-05-07T20:06:07","slug":"abogados-de-lesiones-de-chicago-cerca-del-hospital-jackson-park","status":"publish","type":"page","link":"https:\/\/www.briskmanandbriskman.com\/es\/hospitals\/chicago-injury-lawyers-near-jackson-park-hospital\/","title":{"rendered":"Chicago Abogados de lesiones cerca del Hospital Jackson Park"},"content":{"rendered":"<p><strong>Le visitaremos en el hospital si no puede venir a vernos.<\/strong><\/p>\n\n\n\n<p>\u00bfEst\u00e1 usted o un ser querido recibiendo tratamiento m\u00e9dico en el Jackson Park Hospital? Usted o un ser querido puede haber sufrido lesiones en un accidente de tr\u00e1fico, o puede haber sufrido una lesi\u00f3n en un accidente de resbal\u00f3n y ca\u00edda. O su hijo puede haber sufrido una lesi\u00f3n de nacimiento debido a la negligencia de un m\u00e9dico u otro proveedor de atenci\u00f3n m\u00e9dica. Tal vez sufri\u00f3 una lesi\u00f3n mientras le practicaban una intervenci\u00f3n quir\u00fargica o se somet\u00eda a un procedimiento. Puede que haya sido v\u00edctima de una negligencia m\u00e9dica.<\/p>\n\n\n\n<p>Antes de hablar con un representante de la compa\u00f1\u00eda de seguros, llame al Briskman Briskman &amp; Greenberg. Usted puede tener una consulta gratuita, y no deber\u00e1 una cuota a menos que tenga \u00e9xito en su demanda.<\/p>\n\n\n\n<p><strong>Ubicaci\u00f3n<\/strong><br>El Jackson Park Hospital se encuentra en 7531 S. Stony Island Avenue, Chicago, IL 60649, que est\u00e1 a 13,04 millas de nuestra oficina en 205 W Randolph St. Suite 925, Chicago, IL 60606.<\/p>\n\n\n\n<p><strong>Historial de seguridad del Jackson Park Hospital en relaci\u00f3n con la calidad cl\u00ednica:<\/strong><br><em>Proporcionado por Healthgrades.com<\/em><\/p>\n\n\n\n<p><strong>Parto por ces\u00e1rea<\/strong>&nbsp;- 3 estrellas, lo que significa que el hospital ha obtenido los resultados esperados. El porcentaje real de complicaciones es del 7,14%, superior al previsto del 6,03%. Estos porcentajes se basan en 112 casos.<\/p>\n\n\n\n<p>La media nacional para este procedimiento es de 3 estrellas. El porcentaje real de complicaciones es del 4,94%, ligeramente inferior al 4,96%. Estos porcentajes se basan en 1.377 casos.<\/p>\n\n\n\n<p><strong>Enfermedad pulmonar obstructiva cr\u00f3nica (EPOC)<\/strong>&nbsp;- Calificaci\u00f3n de 3 estrellas. La tasa real de mortalidad intrahospitalaria es del 0,79%, inferior al 1,15%.<\/p>\n\n\n\n<p>La tasa de mortalidad a los 30 d\u00edas tambi\u00e9n tiene una calificaci\u00f3n de 3 estrellas. La tasa de mortalidad real a los 30 d\u00edas es del 3,97%, superior a la tasa prevista del 2,99%. Estos porcentajes se basan en 126 casos.<\/p>\n\n\n\n<p><strong>Cirug\u00edas de es\u00f3fago\/est\u00f3mago<\/strong>&nbsp;- Calificaci\u00f3n de 3 estrellas. La tasa real de mortalidad intrahospitalaria es del 5,71%, superior a la tasa prevista del 3,84%.<\/p>\n\n\n\n<p>La tasa de mortalidad a los 30 d\u00edas tambi\u00e9n tiene una calificaci\u00f3n de 3 estrellas. La tasa real de mortalidad intrahospitalaria es del 14,29%, inferior a la tasa prevista del 17,82%. Estos porcentajes se basan en 35 casos.<\/p>\n\n\n\n<p><strong>Hemorragia gastrointestinal<\/strong>&nbsp;- Calificaci\u00f3n de 3 estrellas. La tasa real de mortalidad intrahospitalaria es del 2,27%, superior a la tasa prevista del 1,93%.<\/p>\n\n\n\n<p>La tasa de mortalidad a los 30 d\u00edas tambi\u00e9n tiene una calificaci\u00f3n de 3 estrellas. La tasa real de mortalidad intrahospitalaria es del 6,82%, superior a la tasa prevista del 5,50%. Estos porcentajes se basan en 44 casos.<\/p>\n\n\n\n<p><strong>Insuficiencia cardiaca<\/strong>&nbsp;- 5 estrellas, lo que significa que el hospital ha obtenido mejores resultados de lo esperado. La tasa real de mortalidad intrahospitalaria es del 0,84%, inferior a la tasa prevista del 3,82%.<\/p>\n\n\n\n<p>La tasa de mortalidad a los 30 d\u00edas tambi\u00e9n tiene una calificaci\u00f3n de 5 estrellas. La tasa de mortalidad real a los 30 d\u00edas es del 1,68%, inferior a la tasa prevista del 6,94%. Estos porcentajes se basan en 119 casos.<\/p>\n\n\n\n<p><strong>Sepsis<\/strong>&nbsp;- Calificaci\u00f3n de 3 estrellas. La tasa real de mortalidad intrahospitalaria es del 19,67%, inferior a la tasa prevista del 22,45%.<\/p>\n\n\n\n<p>La tasa de mortalidad a los 30 d\u00edas tambi\u00e9n tiene una calificaci\u00f3n de 3 estrellas. La tasa de mortalidad real a los 30 d\u00edas es del 29,51%, inferior a la tasa prevista del 32,24%. Estos porcentajes se basan en 61 casos.<\/p>\n\n\n\n<p><strong>Parto vaginal<\/strong>&nbsp;- Calificaci\u00f3n de 3 estrellas. La tasa real de complicaciones es del 6,86%, ligeramente superior a la tasa prevista del 6,85%. Estos porcentajes se basan en 306 casos.<\/p>\n\n\n\n<p>La media nacional para este procedimiento es de 3 estrellas. El porcentaje real de complicaciones es del 8,30%, inferior al porcentaje previsto del 8,40%. Estos porcentajes se basan en 2.745 casos.<\/p>\n\n\n\n<p><strong>Otros hospitales de la zona Chicago<\/strong><\/p>\n\n\n<ul class=\"list-pages-shortcode sibling-pages\"><li class=\"page_item page-item-3742\"><a href=\"https:\/\/www.briskmanandbriskman.com\/es\/hospitals\/chicago-injury-attorneys-near-northwestern-memorial-hospital\/\">Chicago Abogados de lesiones cerca de Northwestern Memorial Hospital<\/a><\/li>\n<li class=\"page_item page-item-4176\"><a href=\"https:\/\/www.briskmanandbriskman.com\/es\/hospitals\/chicago-injury-lawyers-near-adventist-bolingbrook-hospital\/\">Chicago Abogados de Lesiones Cerca de Adventist Bolingbrook Hospital<\/a><\/li>\n<li class=\"page_item page-item-4271\"><a href=\"https:\/\/www.briskmanandbriskman.com\/es\/hospitals\/chicago-injury-lawyers-near-advocate-illinois-masonic-medical-center\/\">Chicago Abogados de lesiones cerca de Advocate Illinois Masonic Medical Center<\/a><\/li>\n<li class=\"page_item page-item-4260\"><a href=\"https:\/\/www.briskmanandbriskman.com\/es\/hospitals\/chicago-injury-lawyers-near-advocate-lutheran-general-hospital\/\">Chicago Abogados de Lesiones cerca de Advocate Lutheran General Hospital<\/a><\/li>\n<li class=\"page_item page-item-4270\"><a href=\"https:\/\/www.briskmanandbriskman.com\/es\/hospitals\/chicago-injury-lawyers-near-advocate-trinity-hospital\/\">Chicago Abogados de lesiones cerca de Advocate Trinity Hospital<\/a><\/li>\n<li class=\"page_item page-item-4184\"><a href=\"https:\/\/www.briskmanandbriskman.com\/es\/hospitals\/chicago-injury-lawyers-near-holy-cross-hospital\/\">Chicago Abogados de lesiones cerca del Hospital de la Santa Cruz<\/a><\/li>\n<li class=\"page_item page-item-4188\"><a href=\"https:\/\/www.briskmanandbriskman.com\/es\/hospitals\/chicago-injury-lawyers-near-jackson-park-hospital\/\">Chicago Abogados de lesiones cerca del Hospital Jackson Park<\/a><\/li>\n<li class=\"page_item page-item-4255\"><a href=\"https:\/\/www.briskmanandbriskman.com\/es\/hospitals\/chicago-injury-lawyers-near-john-h-stroger-jr-hospital\/\">Chicago Abogados de lesiones cerca de John H. Stroger, Jr. Hospital<\/a><\/li>\n<li class=\"page_item page-item-4267\"><a href=\"https:\/\/www.briskmanandbriskman.com\/es\/hospitals\/chicago-injury-lawyers-near-presence-sts-mary-and-elizabeth-medical-center-saint-elizabeth-campus\/\">Chicago Abogados de lesiones cerca de Presence Sts. Mary and Elizabeth Medical Center, Saint Elizabeth Campus<\/a><\/li>\n<li class=\"page_item page-item-3736\"><a href=\"https:\/\/www.briskmanandbriskman.com\/es\/hospitals\/chicago-injury-lawyers-near-rush-university-medical-center\/\">Chicago Abogados de lesiones cerca de Rush University Medical Center<\/a><\/li>\n<li class=\"page_item page-item-3732\"><a href=\"https:\/\/www.briskmanandbriskman.com\/es\/hospitals\/chicago-injury-lawyers-near-the-university-of-chicago-medical-center\/\">Chicago Abogados de lesiones cerca del Centro M\u00e9dico de la Universidad de Chicago<\/a><\/li>\n<\/ul>","protected":false},"excerpt":{"rendered":"<p>Le visitaremos en el hospital si no puede venir a vernos. \u00bfEst\u00e1 usted o un ser querido recibiendo tratamiento m\u00e9dico en el Jackson Park Hospital? Es posible que usted o un ser querido se haya lesionado en un accidente automovil\u00edstico, o que haya sufrido una lesi\u00f3n en un accidente por resbal\u00f3n o ca\u00edda....<\/p>","protected":false},"author":1,"featured_media":10906,"parent":4168,"menu_order":0,"comment_status":"closed","ping_status":"closed","template":"","meta":{"_acf_changed":false,"footnotes":""},"class_list":["post-4188","page","type-page","status-publish","has-post-thumbnail","hentry"],"acf":[],"_links":{"self":[{"href":"https:\/\/www.briskmanandbriskman.com\/es\/wp-json\/wp\/v2\/pages\/4188","targetHints":{"allow":["GET"]}}],"collection":[{"href":"https:\/\/www.briskmanandbriskman.com\/es\/wp-json\/wp\/v2\/pages"}],"about":[{"href":"https:\/\/www.briskmanandbriskman.com\/es\/wp-json\/wp\/v2\/types\/page"}],"author":[{"embeddable":true,"href":"https:\/\/www.briskmanandbriskman.com\/es\/wp-json\/wp\/v2\/users\/1"}],"replies":[{"embeddable":true,"href":"https:\/\/www.briskmanandbriskman.com\/es\/wp-json\/wp\/v2\/comments?post=4188"}],"version-history":[{"count":2,"href":"https:\/\/www.briskmanandbriskman.com\/es\/wp-json\/wp\/v2\/pages\/4188\/revisions"}],"predecessor-version":[{"id":14095,"href":"https:\/\/www.briskmanandbriskman.com\/es\/wp-json\/wp\/v2\/pages\/4188\/revisions\/14095"}],"up":[{"embeddable":true,"href":"https:\/\/www.briskmanandbriskman.com\/es\/wp-json\/wp\/v2\/pages\/4168"}],"wp:featuredmedia":[{"embeddable":true,"href":"https:\/\/www.briskmanandbriskman.com\/es\/wp-json\/wp\/v2\/media\/10906"}],"wp:attachment":[{"href":"https:\/\/www.briskmanandbriskman.com\/es\/wp-json\/wp\/v2\/media?parent=4188"}],"curies":[{"name":"wp","href":"https:\/\/api.w.org\/{rel}","templated":true}]}}