{"id":4184,"date":"2016-09-22T22:34:02","date_gmt":"2016-09-22T22:34:02","guid":{"rendered":"https:\/\/www.briskmanandbriskman.com\/?page_id=4184"},"modified":"2025-05-07T20:05:58","modified_gmt":"2025-05-07T20:05:58","slug":"abogados-de-chicago-cerca-del-hospital-de-la-santa-cruz","status":"publish","type":"page","link":"https:\/\/www.briskmanandbriskman.com\/es\/hospitals\/chicago-injury-lawyers-near-holy-cross-hospital\/","title":{"rendered":"Chicago Abogados de lesiones cerca del Hospital de la Santa Cruz"},"content":{"rendered":"<p><strong>Le visitaremos en el hospital si no puede venir a vernos.<\/strong><\/p>\n\n\n\n<p>\u00bfEst\u00e1 usted o un ser querido recibiendo tratamiento m\u00e9dico en el Hospital Holy Cross? Usted o un ser querido puede haber sufrido una lesi\u00f3n en un accidente automovil\u00edstico, o puede haberse lesionado en un accidente de resbal\u00f3n y ca\u00edda. O puede que su hijo se haya lesionado al nacer debido a la negligencia de un m\u00e9dico u otro profesional sanitario. Quiz\u00e1 sufri\u00f3 una lesi\u00f3n mientras le operaban o le somet\u00edan a un procedimiento debido a la negligencia de un m\u00e9dico u otro profesional sanitario.<\/p>\n\n\n\n<p>Antes de comunicarse con un representante de la compa\u00f1\u00eda de seguros, llame al Briskman Briskman &amp; Greenberg. Usted tiene derecho a una consulta gratuita y no tendr\u00e1 que pagar nada a menos que tenga \u00e9xito en su demanda.<\/p>\n\n\n\n<p><strong>Ubicaci\u00f3n<\/strong><br>El Hospital Holy Cross se encuentra en 2701 W. 68th Street, Chicago, IL 60629, que est\u00e1 a 13,10 millas de nuestra oficina en 205 W Randolph St. Suite 925, Chicago, IL 60606.<\/p>\n\n\n\n<p><strong>El historial de seguridad del Hospital Holy Cross en lo que respecta a la calidad cl\u00ednica:<\/strong><br><em>Registros proporcionados por Healthgrades.com<\/em><strong>Cirug\u00edas colorrectales&nbsp;<\/strong>- 3 estrellas, lo que significa que el hospital ha obtenido los resultados esperados. La tasa real de mortalidad intrahospitalaria es del 19,35%, superior a la tasa prevista del 15,45%.<\/p>\n\n\n\n<p>La tasa de mortalidad a los 30 d\u00edas tiene una calificaci\u00f3n de 1 estrella, lo que significa que el hospital ha obtenido peores resultados de lo esperado. La tasa de mortalidad real a los 30 d\u00edas es del 32,26%, superior a la tasa prevista del 19,07%. Estos porcentajes se basan en 31 casos.<strong>Urgencias diab\u00e9ticas<\/strong>&nbsp;- Calificaci\u00f3n de 3 estrellas. La tasa real de mortalidad intrahospitalaria es del 1,77%, superior a la tasa prevista del 0,72%.<\/p>\n\n\n\n<p>La tasa de mortalidad a los 30 d\u00edas tambi\u00e9n tiene una calificaci\u00f3n de 3 estrellas. La tasa de mortalidad real a los 30 d\u00edas es del 4,42%, superior a la tasa prevista del 3,03%. Estos porcentajes se basan en 113 casos.<\/p>\n\n\n\n<p><strong>Infarto de miocardio<\/strong>&nbsp;- Calificaci\u00f3n de 3 estrellas. La tasa real de mortalidad intrahospitalaria es del 9,23%, inferior a la tasa prevista del 11,21%.<\/p>\n\n\n\n<p>La tasa de mortalidad a los 30 d\u00edas tiene una calificaci\u00f3n de 5 estrellas, lo que significa que el hospital ha obtenido mejores resultados de lo esperado. La tasa de mortalidad real a los 30 d\u00edas es del 12,31%, inferior a la tasa prevista del 17,94%. Estos porcentajes se basan en 130 casos.<strong>Pr\u00f3tesis de cadera<\/strong>&nbsp;- Calificaci\u00f3n de 3 estrellas. El porcentaje real de complicaciones es del 11,11%, superior al previsto del 6,92%. Estos porcentajes se basan en 36 casos.<\/p>\n\n\n\n<p>La media nacional para este tratamiento es de 3 estrellas. El porcentaje real de complicaciones es del 6,78%, ligeramente inferior al porcentaje previsto del 6,86%. Estos porcentajes se basan en 201 casos.<\/p>\n\n\n\n<p><strong>Neumon\u00eda<\/strong>&nbsp;- Calificaci\u00f3n de 3 estrellas. La tasa real de mortalidad intrahospitalaria es del 4,19%, inferior a la tasa prevista del 4,99%.<\/p>\n\n\n\n<p>La tasa de mortalidad a los 30 d\u00edas tambi\u00e9n tiene una calificaci\u00f3n de 3 estrellas. La tasa de mortalidad real a los 30 d\u00edas es del 7,33%, inferior a la tasa prevista del 9,80%. Estos porcentajes se basan en 191 casos.<\/p>\n\n\n\n<p><strong>Ictus<\/strong>&nbsp;- Calificaci\u00f3n de 3 estrellas. La tasa real de mortalidad intrahospitalaria es del 1,43%, inferior a la tasa prevista del 2,78%.<\/p>\n\n\n\n<p>La tasa de mortalidad en 30 d\u00edas tiene una calificaci\u00f3n de 5 estrellas. La tasa de mortalidad real a los 30 d\u00edas es del 3,93%, inferior a la tasa prevista del 6,57%. Estos porcentajes se basan en 280 casos.<\/p>\n\n\n\n<p><strong>Sustituci\u00f3n total de rodilla<\/strong>&nbsp;- Calificaci\u00f3n de 3 estrellas. El porcentaje real de complicaciones es del 8,47%, superior al porcentaje previsto del 8,12%. Estos porcentajes se basan en 59 casos.<\/p>\n\n\n\n<p>La media nacional para este tratamiento es de 3 estrellas. El porcentaje real de complicaciones es del 6,76%, ligeramente inferior al porcentaje previsto del 6,78%. Estos porcentajes se basan en 363 casos.<\/p>\n\n\n\n<h3 class=\"wp-block-heading\">Otros hospitales de la zona Chicago<\/h3>\n\n\n<ul class=\"list-pages-shortcode sibling-pages\"><li class=\"page_item page-item-3742\"><a href=\"https:\/\/www.briskmanandbriskman.com\/es\/hospitals\/chicago-injury-attorneys-near-northwestern-memorial-hospital\/\">Chicago Abogados de lesiones cerca de Northwestern Memorial Hospital<\/a><\/li>\n<li class=\"page_item page-item-4176\"><a href=\"https:\/\/www.briskmanandbriskman.com\/es\/hospitals\/chicago-injury-lawyers-near-adventist-bolingbrook-hospital\/\">Chicago Abogados de Lesiones Cerca de Adventist Bolingbrook Hospital<\/a><\/li>\n<li class=\"page_item page-item-4271\"><a href=\"https:\/\/www.briskmanandbriskman.com\/es\/hospitals\/chicago-injury-lawyers-near-advocate-illinois-masonic-medical-center\/\">Chicago Abogados de lesiones cerca de Advocate Illinois Masonic Medical Center<\/a><\/li>\n<li class=\"page_item page-item-4260\"><a href=\"https:\/\/www.briskmanandbriskman.com\/es\/hospitals\/chicago-injury-lawyers-near-advocate-lutheran-general-hospital\/\">Chicago Abogados de Lesiones cerca de Advocate Lutheran General Hospital<\/a><\/li>\n<li class=\"page_item page-item-4270\"><a href=\"https:\/\/www.briskmanandbriskman.com\/es\/hospitals\/chicago-injury-lawyers-near-advocate-trinity-hospital\/\">Chicago Abogados de lesiones cerca de Advocate Trinity Hospital<\/a><\/li>\n<li class=\"page_item page-item-4184\"><a href=\"https:\/\/www.briskmanandbriskman.com\/es\/hospitals\/chicago-injury-lawyers-near-holy-cross-hospital\/\">Chicago Abogados de lesiones cerca del Hospital de la Santa Cruz<\/a><\/li>\n<li class=\"page_item page-item-4188\"><a href=\"https:\/\/www.briskmanandbriskman.com\/es\/hospitals\/chicago-injury-lawyers-near-jackson-park-hospital\/\">Chicago Abogados de lesiones cerca del Hospital Jackson Park<\/a><\/li>\n<li class=\"page_item page-item-4255\"><a href=\"https:\/\/www.briskmanandbriskman.com\/es\/hospitals\/chicago-injury-lawyers-near-john-h-stroger-jr-hospital\/\">Chicago Abogados de lesiones cerca de John H. Stroger, Jr. Hospital<\/a><\/li>\n<li class=\"page_item page-item-4267\"><a href=\"https:\/\/www.briskmanandbriskman.com\/es\/hospitals\/chicago-injury-lawyers-near-presence-sts-mary-and-elizabeth-medical-center-saint-elizabeth-campus\/\">Chicago Abogados de lesiones cerca de Presence Sts. Mary and Elizabeth Medical Center, Saint Elizabeth Campus<\/a><\/li>\n<li class=\"page_item page-item-3736\"><a href=\"https:\/\/www.briskmanandbriskman.com\/es\/hospitals\/chicago-injury-lawyers-near-rush-university-medical-center\/\">Chicago Abogados de lesiones cerca de Rush University Medical Center<\/a><\/li>\n<li class=\"page_item page-item-3732\"><a href=\"https:\/\/www.briskmanandbriskman.com\/es\/hospitals\/chicago-injury-lawyers-near-the-university-of-chicago-medical-center\/\">Chicago Abogados de lesiones cerca del Centro M\u00e9dico de la Universidad de Chicago<\/a><\/li>\n<\/ul>","protected":false},"excerpt":{"rendered":"<p>Le visitaremos en el hospital si no puede venir a vernos. \u00bfEst\u00e1 usted o un ser querido recibiendo tratamiento m\u00e9dico en el Hospital Holy Cross? Usted o un ser querido puede haber sufrido una lesi\u00f3n en un accidente automovil\u00edstico, o puede haberse lesionado en un accidente de resbal\u00f3n y ca\u00edda....<\/p>","protected":false},"author":1,"featured_media":10907,"parent":4168,"menu_order":0,"comment_status":"closed","ping_status":"closed","template":"","meta":{"_acf_changed":false,"footnotes":""},"class_list":["post-4184","page","type-page","status-publish","has-post-thumbnail","hentry"],"acf":[],"_links":{"self":[{"href":"https:\/\/www.briskmanandbriskman.com\/es\/wp-json\/wp\/v2\/pages\/4184","targetHints":{"allow":["GET"]}}],"collection":[{"href":"https:\/\/www.briskmanandbriskman.com\/es\/wp-json\/wp\/v2\/pages"}],"about":[{"href":"https:\/\/www.briskmanandbriskman.com\/es\/wp-json\/wp\/v2\/types\/page"}],"author":[{"embeddable":true,"href":"https:\/\/www.briskmanandbriskman.com\/es\/wp-json\/wp\/v2\/users\/1"}],"replies":[{"embeddable":true,"href":"https:\/\/www.briskmanandbriskman.com\/es\/wp-json\/wp\/v2\/comments?post=4184"}],"version-history":[{"count":3,"href":"https:\/\/www.briskmanandbriskman.com\/es\/wp-json\/wp\/v2\/pages\/4184\/revisions"}],"predecessor-version":[{"id":10925,"href":"https:\/\/www.briskmanandbriskman.com\/es\/wp-json\/wp\/v2\/pages\/4184\/revisions\/10925"}],"up":[{"embeddable":true,"href":"https:\/\/www.briskmanandbriskman.com\/es\/wp-json\/wp\/v2\/pages\/4168"}],"wp:featuredmedia":[{"embeddable":true,"href":"https:\/\/www.briskmanandbriskman.com\/es\/wp-json\/wp\/v2\/media\/10907"}],"wp:attachment":[{"href":"https:\/\/www.briskmanandbriskman.com\/es\/wp-json\/wp\/v2\/media?parent=4184"}],"curies":[{"name":"wp","href":"https:\/\/api.w.org\/{rel}","templated":true}]}}